{"id":31505,"date":"2021-06-24T18:24:02","date_gmt":"2021-06-24T16:24:02","guid":{"rendered":"https:\/\/www.weyer-gruppe.com\/operatorzy-instalacji-i-inwestorzy\/rurociagi\/"},"modified":"2026-03-23T07:34:10","modified_gmt":"2026-03-23T06:34:10","slug":"rurociagi","status":"publish","type":"page","link":"https:\/\/www.weyer-gruppe.com\/pl\/operatorzy-instalacji-i-inwestorzy\/rurociagi\/","title":{"rendered":"Ruroci\u0105gi"},"content":{"rendered":"<div class=\"wpb-content-wrapper\">[vc_row][vc_column][vc_column_text]Czy planuj\u0105 Pa\u0144stwo modyfikacj\u0119 sposobu eksploatacji ruroci\u0105gu, zmian\u0119 medi\u00f3w, budow\u0119 nowego mostu nad akwenem wodnym lub budow\u0119 nowych odcink\u00f3w ruroci\u0105gu? Zmiany dotycz\u0105ce ruroci\u0105g\u00f3w dalekosi\u0119\u017cnych wymagaj\u0105 zazwyczaj szeroko zakrojonych procedur zatwierdzania plan\u00f3w, wydawania pozwole\u0144 na budow\u0119 lub powiadamiania zgodnie z wymogami UVPG (ustawy o ocenie oddzia\u0142ywania na \u015brodowisko) lub rozporz\u0105dzenia w sprawie ruroci\u0105g\u00f3w. Zmianom w istniej\u0105cych ruroci\u0105gach towarzyszy zwykle du\u017cy wysi\u0142ek w zakresie planowania oraz potrzeba koordynacji zar\u00f3wno po stronie zaanga\u017cowanych organ\u00f3w, jak i po stronie planowania. Weyer Group mo\u017ce pochwali\u0107 si\u0119 du\u017c\u0105 liczb\u0105 pomy\u015blnie zatwierdzonych projekt\u00f3w ruroci\u0105g\u00f3w w ostatnich latach, kt\u00f3re nadzorowa\u0142a od pomys\u0142u do pomy\u015blnego zatwierdzenia. Dostosowuj\u0105c si\u0119 do Pa\u0144stwa specyficznych potrzeb, oferujemy Pa\u0144stwu indywidualne rozwi\u0105zania w zakresie procedur zatwierdzania w dziedzinie ruroci\u0105g\u00f3w i wspieramy Pa\u0144stwa od przygotowania dokument\u00f3w i ekspertyz do monitorowania ca\u0142ej procedury zatwierdzania.[\/vc_column_text][\/vc_column][\/vc_row][vc_row][vc_column]<h2 class=\"grve-element grve-align-left grve-title-no-line grve-h2\" style=\"\"><span>Nasze us\u0142ugi<\/span><\/h2>[vc_tta_accordion c_icon=&#8221;&#8221; active_section=&#8221;-1&#8243; collapsible_all=&#8221;true&#8221;][vc_tta_section i_icon_fontawesome=&#8221;fas fa-glasses&#8221; add_icon=&#8221;true&#8221; title=&#8221;Analiza Pa\u0144stwa sytuacji w zakresie pozwole\u0144&#8221; tab_id=&#8221;analyse-genehmigungssituation&#8221;][vc_column_text]Czy wiesz na pewno, czy Twoja obecna eksploatacja ruroci\u0105gu jest nadal zgodna z istniej\u0105cymi pozwoleniami? Por\u00f3wnujemy docelowy\/rzeczywisty stan istniej\u0105cych pozwole\u0144 dla Pa\u0144stwa ruroci\u0105g\u00f3w i przedstawiamy konkretne zalecenia dotycz\u0105ce dzia\u0142a\u0144. Zalecenia do dzia\u0142ania mog\u0105 dotyczy\u0107 np. dostosowania dokument\u00f3w wewn\u0119trznych lub zewn\u0119trznych lub konieczno\u015bci dostosowania sytuacji zwi\u0105zanej z pozwoleniem. W ramach analizy ryzyka, mo\u017cliwe zalety i wady s\u0105 por\u00f3wnywane z konkretnymi zaleceniami dotycz\u0105cymi dzia\u0142a\u0144.[\/vc_column_text][\/vc_tta_section][vc_tta_section i_icon_fontawesome=&#8221;fas fa-school&#8221; add_icon=&#8221;true&#8221; title=&#8221;Doradztwo w zakresie procedury zatwierdzania i wsparcie dla wnioskodawcy w kontaktach z organem&#8221; tab_id=&#8221;beratung-genehmigung&#8221;][vc_column_text]Pomimo wszystkich podej\u015b\u0107 do deregulacji, cz\u0119sto zmieniaj\u0105ce si\u0119 podstawy prawne wymagaj\u0105 obszernej, szczeg\u00f3\u0142owej wiedzy. W zale\u017cno\u015bci od d\u0142ugo\u015bci i wymiar\u00f3w ruroci\u0105gu oraz transportowanego medium, zmiany w istniej\u0105cych ruroci\u0105gach musz\u0105 zosta\u0107 zg\u0142oszone lub wymagaj\u0105 zatwierdzenia projektu zgodnie z UVPG. W przypadku przekroczenia ciek\u00f3w wodnych lub przebiegu ruroci\u0105gu w obszarze obwa\u0142owania ciek\u00f3w wodnych konieczne jest zintegrowanie dalszych wniosk\u00f3w o zatwierdzenie zgodnie z WHG, LWG itp. W niekt\u00f3rych przypadkach konieczne mo\u017ce by\u0107 r\u00f3wnie\u017c przeprowadzenie oceny oddzia\u0142ywania na \u015brodowisko. Udzielamy kompetentnych porad dotycz\u0105cych rodzaju post\u0119powania, przedmiotu wniosku, zakresu wniosku i wymaganych ekspertyz oraz wspieramy Pa\u0144stwa w kontaktach z urz\u0119dami.[\/vc_column_text][\/vc_tta_section][vc_tta_section i_icon_fontawesome=&#8221;fas fa-share-square&#8221; add_icon=&#8221;true&#8221; title=&#8221;Towarzyszenie i koordynacja ca\u0142ego wniosku o homologacj\u0119&#8221; tab_id=&#8221;koordination-genehmigungsantrag&#8221;][vc_column_text]Modyfikacjom istniej\u0105cych ruroci\u0105g\u00f3w towarzysz\u0105 zwykle du\u017ce nak\u0142ady na planowanie i potrzeba koordynacji zar\u00f3wno na poziomie w\u0142adz gminnych i powiatowych, jak i po stronie planowania. W procesie przygotowywania wniosku o pozwolenie nale\u017cy skoordynowa\u0107 dzia\u0142ania uczestnik\u00f3w projektu, takich jak operatorzy\/w\u0142a\u015bciciele ruroci\u0105g\u00f3w i plani\u015bci. Ponadto konieczna jest koordynacja z w\u0142adzami i ekspertami uznanymi przez TRFL, jak r\u00f3wnie\u017c przygotowanie dokument\u00f3w niezb\u0119dnych do przeprowadzenia post\u0119powania przez w\u0142adze. Wa\u017cne jest dla nas, aby odpowiednio wcze\u015bnie rozpozna\u0107 zbli\u017caj\u0105ce si\u0119 zak\u0142\u00f3cenia lub op\u00f3\u017anienia i w ten spos\u00f3b zaoszcz\u0119dzi\u0107 Pa\u0144stwa czas i pieni\u0105dze. Dostosowuj\u0105c si\u0119 do Pa\u0144stwa specyficznych potrzeb, oferujemy Pa\u0144stwu indywidualne rozwi\u0105zania w zakresie procedur homologacyjnych w dziedzinie ruroci\u0105g\u00f3w. Wspieramy Pa\u0144stwa pocz\u0105wszy od przygotowania dokument\u00f3w i ekspertyz, a\u017c po nadz\u00f3r nad ca\u0142\u0105 procedur\u0105 zatwierdzania i koordynacj\u0119 wszystkich uczestnik\u00f3w projektu.[\/vc_column_text][\/vc_tta_section][vc_tta_section i_icon_fontawesome=&#8221;fas fa-file-alt&#8221; add_icon=&#8221;true&#8221; title=&#8221;Przygotowanie wniosk\u00f3w o wydanie zezwolenia lub dokument\u00f3w zg\u0142oszeniowych&#8221; tab_id=&#8221;genehmgungsantraege&#8221;][vc_column_text]Weyer Group mo\u017ce pochwali\u0107 si\u0119 du\u017c\u0105 liczb\u0105 pomy\u015blnie zatwierdzonych projekt\u00f3w ruroci\u0105g\u00f3w w ostatnich latach, kt\u00f3re by\u0142y zarz\u0105dzane od pomys\u0142u do pomy\u015blnego zatwierdzenia. Przygotowujemy dla Pa\u0144stwa wszystkie niezb\u0119dne dokumenty zatwierdzaj\u0105ce lub zg\u0142oszeniowe oraz ekspertyzy lub dokumenty specjalne (np. oceny oddzia\u0142ywania na \u015brodowisko, dokumenty dotycz\u0105ce ochrony przeciwwybuchowej, prognozy emisji ha\u0142asu, ekspertyzy dotycz\u0105ce ochrony w\u00f3d i gleby itp. Sprawdzamy r\u00f3wnie\u017c przygotowane przez Ciebie dokumenty aplikacyjne pod k\u0105tem kompletno\u015bci i wiarygodno\u015bci. Mo\u017ce to przyspieszy\u0107 procedur\u0119.[\/vc_column_text][\/vc_tta_section][vc_tta_section i_icon_fontawesome=&#8221;fab fa-pagelines&#8221; add_icon=&#8221;true&#8221; title=&#8221;Przygotowanie ocen oddzia\u0142ywania na \u015brodowisko, wst\u0119pne oceny poszczeg\u00f3lnych przypadk\u00f3w (screening)&#8221; tab_id=&#8221;erstellung-uvp&#8221;][vc_column_text]W zakresie ocen oddzia\u0142ywania na \u015brodowisko mo\u017cemy r\u00f3wnie\u017c korzysta\u0107 z wieloletniego do\u015bwiadczenia w przygotowywaniu opracowa\u0144. W razie potrzeby przygotujemy dla Pa\u0144stwa niezb\u0119dne oceny oddzia\u0142ywania na \u015brodowisko lub wst\u0119pne oceny poszczeg\u00f3lnych przypadk\u00f3w (screening).[\/vc_column_text][\/vc_tta_section][vc_tta_section i_icon_fontawesome=&#8221;fas fa-tint&#8221; add_icon=&#8221;true&#8221; title=&#8221;Przygotowanie wniosk\u00f3w z zakresu prawa wodnego (przekraczanie zbiornik\u00f3w wodnych, korzystanie z pas\u00f3w nadbrze\u017cnych itp.)&#8221; tab_id=&#8221;wasserrechtliche-antraege&#8221;][vc_column_text]W razie potrzeby przygotowujemy r\u00f3wnie\u017c niezb\u0119dne wnioski wodnoprawne dotycz\u0105ce przekraczania zbiornik\u00f3w wodnych, stosowania pas\u00f3w nadbrze\u017cnych lub przekraczania teren\u00f3w zalewowych.[\/vc_column_text][\/vc_tta_section][vc_tta_section i_icon_fontawesome=&#8221;fas fa-clipboard-check&#8221; add_icon=&#8221;true&#8221; title=&#8221;Kontrola decyzji o zatwierdzeniach i doradztwo w zakresie wdra\u017cania przepis\u00f3w pomocniczych&#8221; tab_id=&#8221;pruefung-genehmigungsbescheide&#8221;][vc_column_text]Z regu\u0142y wnioskodawca otrzymuje projekt zawiadomienia o zatwierdzeniu w celu zg\u0142oszenia uwag. Powinno to by\u0107 intensywnie zbadane przez wnioskodawc\u0119. Ch\u0119tnie udzielimy Pa\u0144stwu wsparcia w tej analizie. Je\u015bli natrafimy na niekorzystne dla Pa\u0144stwa przedsi\u0119biorstwa przepisy (dodatkowe), doradzimy Pa\u0144stwu, jak koordynowa\u0107 dzia\u0142ania z urz\u0119dami lub jak najrozs\u0105dniej technicznie i ekonomicznie je zrealizowa\u0107.[\/vc_column_text][\/vc_tta_section][vc_tta_section i_icon_fontawesome=&#8221;fas fa-edit&#8221; add_icon=&#8221;true&#8221; title=&#8221;Przygotowanie i coroczna aktualizacja dokumentacji system\u00f3w ruroci\u0105g\u00f3w (\u00a7 4 ust. 2 RohrFLtgV)&#8221; tab_id=&#8221;dokumentation-rohrfernleitungen&#8221;][vc_column_text]W przypadku ruroci\u0105g\u00f3w dalekosi\u0119\u017cnych operator musi corocznie przygotowywa\u0107 i aktualizowa\u0107 dokumentacj\u0119 zbiorcz\u0105 zgodnie z \u00a7 4 ust. 2 RohrFLtgV. Ta kompleksowa dokumentacja musi zawiera\u0107 wszystkie istotne cechy ruroci\u0105gu i jego eksploatacji maj\u0105ce wp\u0142yw na bezpiecze\u0144stwo. Ch\u0119tnie przygotujemy lub wesprzemy Pa\u0144stwa w przygotowaniu dokumentacji zbiorczej. Ponadto sprawdzamy przygotowane przez Pa\u0144stwa dokumenty pod k\u0105tem kompletno\u015bci i wiarygodno\u015bci.[\/vc_column_text][\/vc_tta_section][\/vc_tta_accordion][\/vc_column][\/vc_row][vc_row bg_type=&#8221;color&#8221; bg_color=&#8221;#0b3c80&#8243; font_color=&#8221;#ffffff&#8221;][vc_column css=&#8221;.vc_custom_1563974199119{padding-top: 25px !important;padding-bottom: 25px !important;padding-left: 25px !important;}&#8221;]<div class=\"grve-element grve-hr grve-space-divider\" style=\"\"><\/div>[vc_column_text]\n<h2><span style=\"color: #ffffff;\">Pa\u0144stwa korzy\u015bci<\/span><\/h2>\n<ul>\n<li><span style=\"color: #ffffff;\">Kompetentne wsparcie w procedurze zatwierdzania<\/span><\/li>\n<li><span style=\"color: #ffffff;\">Kilkuletnie do\u015bwiadczenie we wsp\u00f3\u0142pracy z urz\u0119dami i ekspertami<\/span><\/li>\n<li><span style=\"color: #ffffff;\">Przygotowanie i koordynacja ekspertyz i dokument\u00f3w technicznych<\/span><\/li>\n<li><span style=\"color: #ffffff;\">Przygotowanie wniosk\u00f3w\/zg\u0142osze\u0144 i ekspertyz z jednego \u017ar\u00f3d\u0142a<\/span><\/li>\n<li><span style=\"color: #ffffff;\">Przyspieszenie procedury<\/span><\/li>\n<li><span style=\"color: #ffffff;\">Odci\u0105\u017cenie w\u0142asnych pracownik\u00f3w poprzez skr\u00f3cenie czasu pracy w firmie w zwi\u0105zku z przetwarzaniem zewn\u0119trznym<\/span><\/li>\n<li><span style=\"color: #ffffff;\">Oszcz\u0119dno\u015b\u0107 czasu i koszt\u00f3w dzi\u0119ki kompetentnemu i dostosowanemu do projektu doradztwu<\/span><\/li>\n<li><span style=\"color: #ffffff;\">Wsparcie do czasu ostatecznego wdro\u017cenia pozwolenia<\/span><\/li>\n<\/ul>\n[\/vc_column_text]<div class=\"grve-element grve-hr grve-space-divider\" style=\"\"><\/div>[\/vc_column][\/vc_row][vc_row][vc_column]<div class=\"grve-element grve-hr grve-space-divider\" style=\"\"><\/div><h3 class=\"grve-element grve-align-left grve-title-no-line grve-h3\" style=\"\"><span>Nasz zesp\u00f3\u0142<\/span><\/h3>[\/vc_column][\/vc_row][vc_row][vc_column width=&#8221;1\/4&#8243;]\r\n\t\t<div class=\"grve-team grve-element\" style=\"\">\r\n\t\t\t<figure class=\"grve-image-hover grve-style-1 grve-zoom-in\">\r\n\t\t\t\t<div class=\"grve-team-person grve-media grve-dark-overlay grve-opacity-60\">\r\n\t\t\t\t\t<img decoding=\"async\" width=\"300\" height=\"300\" src=\"https:\/\/www.weyer-gruppe.com\/wp-content\/uploads\/2019\/07\/pr-andrea-esser.jpg\" class=\"attachment-grve-image-small-square size-grve-image-small-square\" alt=\"Foto von Andrea Esser der Probiotec\" \/>\t\t\t\t<\/div>\r\n\t\t\t\t<figcaption>\r\n\t\t\t\t\t<div class=\"grve-team-description\">\r\n\t\t\t\t\t\t\t\t\t\t\t\t<h4 class=\"grve-team-name grve-dark grve-h4\">Andrea Esser<\/h4>\r\n\t\t\t\t\t\t\t\t\t\t\t\t<small class=\"grve-team-identity grve-dark\">PROBIOTEC GmbH<\/small>\r\n\t\t\t\t\t<\/div>\r\n\t\t\t\t\t\t\t\t\t<\/figcaption>\r\n\t\t\t<\/figure>\r\n\t\t<\/div>\r\n\r\n\t\t[\/vc_column][vc_column width=&#8221;1\/4&#8243;][\/vc_column][vc_column width=&#8221;1\/4&#8243;][\/vc_column][vc_column width=&#8221;1\/4&#8243;][\/vc_column][\/vc_row][vc_row][vc_column]<div class=\"grve-element grve-hr grve-space-divider\" style=\"\"><\/div>[\/vc_column][\/vc_row]\n<\/div>","protected":false},"excerpt":{"rendered":"<p>[vc_row][vc_column][vc_column_text]Czy planuj\u0105 Pa\u0144stwo modyfikacj\u0119 sposobu eksploatacji ruroci\u0105gu, zmian\u0119 medi\u00f3w, budow\u0119 nowego mostu nad akwenem wodnym lub budow\u0119 nowych odcink\u00f3w ruroci\u0105gu? Zmiany dotycz\u0105ce ruroci\u0105g\u00f3w dalekosi\u0119\u017cnych wymagaj\u0105 zazwyczaj szeroko zakrojonych procedur zatwierdzania plan\u00f3w, wydawania pozwole\u0144 na budow\u0119 lub powiadamiania zgodnie z wymogami UVPG (ustawy o ocenie oddzia\u0142ywania na \u015brodowisko) lub rozporz\u0105dzenia w sprawie ruroci\u0105g\u00f3w. Zmianom w istniej\u0105cych [&hellip;]<\/p>\n","protected":false},"author":5,"featured_media":0,"parent":23842,"menu_order":0,"comment_status":"closed","ping_status":"closed","template":"","meta":{"footnotes":""},"class_list":["post-31505","page","type-page","status-publish","hentry"],"yoast_head":"<!-- This site is optimized with the Yoast SEO Premium plugin v27.4 (Yoast SEO v27.4) - https:\/\/yoast.com\/product\/yoast-seo-premium-wordpress\/ -->\n<title>Ruroci\u0105gi &#8211; weyer gruppe<\/title>\n<meta name=\"robots\" content=\"noindex, follow\" \/>\n<meta property=\"og:locale\" content=\"pl_PL\" \/>\n<meta property=\"og:type\" content=\"article\" \/>\n<meta property=\"og:title\" content=\"Ruroci\u0105gi\" \/>\n<meta property=\"og:description\" content=\"[vc_row][vc_column][vc_column_text]Czy planuj\u0105 Pa\u0144stwo modyfikacj\u0119 sposobu eksploatacji ruroci\u0105gu, zmian\u0119 medi\u00f3w, budow\u0119 nowego mostu nad akwenem wodnym lub budow\u0119 nowych odcink\u00f3w ruroci\u0105gu? Zmiany dotycz\u0105ce ruroci\u0105g\u00f3w dalekosi\u0119\u017cnych wymagaj\u0105 zazwyczaj szeroko zakrojonych procedur zatwierdzania plan\u00f3w, wydawania pozwole\u0144 na budow\u0119 lub powiadamiania zgodnie z wymogami UVPG (ustawy o ocenie oddzia\u0142ywania na \u015brodowisko) lub rozporz\u0105dzenia w sprawie ruroci\u0105g\u00f3w. Zmianom w istniej\u0105cych [&hellip;]\" \/>\n<meta property=\"og:url\" content=\"https:\/\/www.weyer-gruppe.com\/pl\/operatorzy-instalacji-i-inwestorzy\/rurociagi\/\" \/>\n<meta property=\"og:site_name\" content=\"weyer gruppe\" \/>\n<meta property=\"article:publisher\" content=\"https:\/\/www.facebook.com\/weyergruppe\" \/>\n<meta property=\"article:modified_time\" content=\"2026-03-23T06:34:10+00:00\" \/>\n<meta name=\"twitter:card\" content=\"summary_large_image\" \/>\n<meta name=\"twitter:label1\" content=\"Szacowany czas czytania\" \/>\n\t<meta name=\"twitter:data1\" content=\"5 minut\" \/>\n<script type=\"application\/ld+json\" class=\"yoast-schema-graph\">{\"@context\":\"https:\\\/\\\/schema.org\",\"@graph\":[{\"@type\":\"WebPage\",\"@id\":\"https:\\\/\\\/www.weyer-gruppe.com\\\/pl\\\/operatorzy-instalacji-i-inwestorzy\\\/rurociagi\\\/\",\"url\":\"https:\\\/\\\/www.weyer-gruppe.com\\\/pl\\\/operatorzy-instalacji-i-inwestorzy\\\/rurociagi\\\/\",\"name\":\"Ruroci\u0105gi &#8211; weyer gruppe\",\"isPartOf\":{\"@id\":\"https:\\\/\\\/www.weyer-gruppe.com\\\/pl\\\/#website\"},\"datePublished\":\"2021-06-24T16:24:02+00:00\",\"dateModified\":\"2026-03-23T06:34:10+00:00\",\"breadcrumb\":{\"@id\":\"https:\\\/\\\/www.weyer-gruppe.com\\\/pl\\\/operatorzy-instalacji-i-inwestorzy\\\/rurociagi\\\/#breadcrumb\"},\"inLanguage\":\"pl-PL\",\"potentialAction\":[{\"@type\":\"ReadAction\",\"target\":[\"https:\\\/\\\/www.weyer-gruppe.com\\\/pl\\\/operatorzy-instalacji-i-inwestorzy\\\/rurociagi\\\/\"]}]},{\"@type\":\"BreadcrumbList\",\"@id\":\"https:\\\/\\\/www.weyer-gruppe.com\\\/pl\\\/operatorzy-instalacji-i-inwestorzy\\\/rurociagi\\\/#breadcrumb\",\"itemListElement\":[{\"@type\":\"ListItem\",\"position\":1,\"name\":\"HOME\",\"item\":\"https:\\\/\\\/www.weyer-gruppe.com\\\/pl\\\/\"},{\"@type\":\"ListItem\",\"position\":2,\"name\":\"Operatorzy instalacji i inwestorzy\",\"item\":\"https:\\\/\\\/www.weyer-gruppe.com\\\/pl\\\/operatorzy-instalacji-i-inwestorzy\\\/\"},{\"@type\":\"ListItem\",\"position\":3,\"name\":\"Ruroci\u0105gi\"}]},{\"@type\":\"WebSite\",\"@id\":\"https:\\\/\\\/www.weyer-gruppe.com\\\/pl\\\/#website\",\"url\":\"https:\\\/\\\/www.weyer-gruppe.com\\\/pl\\\/\",\"name\":\"weyer gruppe\",\"description\":\"komplett. durchdacht.\",\"publisher\":{\"@id\":\"https:\\\/\\\/www.weyer-gruppe.com\\\/pl\\\/#organization\"},\"potentialAction\":[{\"@type\":\"SearchAction\",\"target\":{\"@type\":\"EntryPoint\",\"urlTemplate\":\"https:\\\/\\\/www.weyer-gruppe.com\\\/pl\\\/?s={search_term_string}\"},\"query-input\":{\"@type\":\"PropertyValueSpecification\",\"valueRequired\":true,\"valueName\":\"search_term_string\"}}],\"inLanguage\":\"pl-PL\"},{\"@type\":\"Organization\",\"@id\":\"https:\\\/\\\/www.weyer-gruppe.com\\\/pl\\\/#organization\",\"name\":\"weyer gruppe\",\"url\":\"https:\\\/\\\/www.weyer-gruppe.com\\\/pl\\\/\",\"logo\":{\"@type\":\"ImageObject\",\"inLanguage\":\"pl-PL\",\"@id\":\"https:\\\/\\\/www.weyer-gruppe.com\\\/pl\\\/#\\\/schema\\\/logo\\\/image\\\/\",\"url\":\"https:\\\/\\\/www.weyer-gruppe.com\\\/wp-content\\\/uploads\\\/2019\\\/07\\\/logo-weyer-gruppe-de.png\",\"contentUrl\":\"https:\\\/\\\/www.weyer-gruppe.com\\\/wp-content\\\/uploads\\\/2019\\\/07\\\/logo-weyer-gruppe-de.png\",\"width\":532,\"height\":513,\"caption\":\"weyer gruppe\"},\"image\":{\"@id\":\"https:\\\/\\\/www.weyer-gruppe.com\\\/pl\\\/#\\\/schema\\\/logo\\\/image\\\/\"},\"sameAs\":[\"https:\\\/\\\/www.facebook.com\\\/weyergruppe\",\"https:\\\/\\\/de.linkedin.com\\\/company\\\/weyer-gruppe\",\"https:\\\/\\\/www.youtube.com\\\/channel\\\/UCmZItECuW56Ih_p501_Bq8A\"],\"description\":\"Die weyer gruppe ist seit 1976 Ihr Partner f\u00fcr verfahrenstechnische Anlagenplanung und Anlagensicherheit. Mit einem erfahrenen Team von \u00fcber 190 Mitarbeitern in Deutschland, \u00d6sterreich, Polen und der Schweiz realisieren wir j\u00e4hrlich \u00fcber 1.000 Kundenprojekte. Unsere Expertise erstreckt sich \u00fcber verschiedene Branchen wie Chemie, Pharma, Mineral\u00f6l sowie Ver- und Entsorgung. Vertrauen Sie auf die weyer Gruppe f\u00fcr ma\u00dfgeschneiderte Engineering- und Consulting-L\u00f6sungen, die Ihre Anforderungen in puncto Sicherheit und Effizienz erf\u00fcllen.\",\"email\":\"info@weyer-gruppe.com\",\"telephone\":\"+49 (0) 24 21 \u2013 69 09 1 \u2013 0\",\"numberOfEmployees\":{\"@type\":\"QuantitativeValue\",\"minValue\":\"51\",\"maxValue\":\"200\"}}]}<\/script>\n<!-- \/ Yoast SEO Premium plugin. -->","yoast_head_json":{"title":"Ruroci\u0105gi &#8211; weyer gruppe","robots":{"index":"noindex","follow":"follow"},"og_locale":"pl_PL","og_type":"article","og_title":"Ruroci\u0105gi","og_description":"[vc_row][vc_column][vc_column_text]Czy planuj\u0105 Pa\u0144stwo modyfikacj\u0119 sposobu eksploatacji ruroci\u0105gu, zmian\u0119 medi\u00f3w, budow\u0119 nowego mostu nad akwenem wodnym lub budow\u0119 nowych odcink\u00f3w ruroci\u0105gu? Zmiany dotycz\u0105ce ruroci\u0105g\u00f3w dalekosi\u0119\u017cnych wymagaj\u0105 zazwyczaj szeroko zakrojonych procedur zatwierdzania plan\u00f3w, wydawania pozwole\u0144 na budow\u0119 lub powiadamiania zgodnie z wymogami UVPG (ustawy o ocenie oddzia\u0142ywania na \u015brodowisko) lub rozporz\u0105dzenia w sprawie ruroci\u0105g\u00f3w. Zmianom w istniej\u0105cych [&hellip;]","og_url":"https:\/\/www.weyer-gruppe.com\/pl\/operatorzy-instalacji-i-inwestorzy\/rurociagi\/","og_site_name":"weyer gruppe","article_publisher":"https:\/\/www.facebook.com\/weyergruppe","article_modified_time":"2026-03-23T06:34:10+00:00","twitter_card":"summary_large_image","twitter_misc":{"Szacowany czas czytania":"5 minut"},"schema":{"@context":"https:\/\/schema.org","@graph":[{"@type":"WebPage","@id":"https:\/\/www.weyer-gruppe.com\/pl\/operatorzy-instalacji-i-inwestorzy\/rurociagi\/","url":"https:\/\/www.weyer-gruppe.com\/pl\/operatorzy-instalacji-i-inwestorzy\/rurociagi\/","name":"Ruroci\u0105gi &#8211; weyer gruppe","isPartOf":{"@id":"https:\/\/www.weyer-gruppe.com\/pl\/#website"},"datePublished":"2021-06-24T16:24:02+00:00","dateModified":"2026-03-23T06:34:10+00:00","breadcrumb":{"@id":"https:\/\/www.weyer-gruppe.com\/pl\/operatorzy-instalacji-i-inwestorzy\/rurociagi\/#breadcrumb"},"inLanguage":"pl-PL","potentialAction":[{"@type":"ReadAction","target":["https:\/\/www.weyer-gruppe.com\/pl\/operatorzy-instalacji-i-inwestorzy\/rurociagi\/"]}]},{"@type":"BreadcrumbList","@id":"https:\/\/www.weyer-gruppe.com\/pl\/operatorzy-instalacji-i-inwestorzy\/rurociagi\/#breadcrumb","itemListElement":[{"@type":"ListItem","position":1,"name":"HOME","item":"https:\/\/www.weyer-gruppe.com\/pl\/"},{"@type":"ListItem","position":2,"name":"Operatorzy instalacji i inwestorzy","item":"https:\/\/www.weyer-gruppe.com\/pl\/operatorzy-instalacji-i-inwestorzy\/"},{"@type":"ListItem","position":3,"name":"Ruroci\u0105gi"}]},{"@type":"WebSite","@id":"https:\/\/www.weyer-gruppe.com\/pl\/#website","url":"https:\/\/www.weyer-gruppe.com\/pl\/","name":"weyer gruppe","description":"komplett. durchdacht.","publisher":{"@id":"https:\/\/www.weyer-gruppe.com\/pl\/#organization"},"potentialAction":[{"@type":"SearchAction","target":{"@type":"EntryPoint","urlTemplate":"https:\/\/www.weyer-gruppe.com\/pl\/?s={search_term_string}"},"query-input":{"@type":"PropertyValueSpecification","valueRequired":true,"valueName":"search_term_string"}}],"inLanguage":"pl-PL"},{"@type":"Organization","@id":"https:\/\/www.weyer-gruppe.com\/pl\/#organization","name":"weyer gruppe","url":"https:\/\/www.weyer-gruppe.com\/pl\/","logo":{"@type":"ImageObject","inLanguage":"pl-PL","@id":"https:\/\/www.weyer-gruppe.com\/pl\/#\/schema\/logo\/image\/","url":"https:\/\/www.weyer-gruppe.com\/wp-content\/uploads\/2019\/07\/logo-weyer-gruppe-de.png","contentUrl":"https:\/\/www.weyer-gruppe.com\/wp-content\/uploads\/2019\/07\/logo-weyer-gruppe-de.png","width":532,"height":513,"caption":"weyer gruppe"},"image":{"@id":"https:\/\/www.weyer-gruppe.com\/pl\/#\/schema\/logo\/image\/"},"sameAs":["https:\/\/www.facebook.com\/weyergruppe","https:\/\/de.linkedin.com\/company\/weyer-gruppe","https:\/\/www.youtube.com\/channel\/UCmZItECuW56Ih_p501_Bq8A"],"description":"Die weyer gruppe ist seit 1976 Ihr Partner f\u00fcr verfahrenstechnische Anlagenplanung und Anlagensicherheit. Mit einem erfahrenen Team von \u00fcber 190 Mitarbeitern in Deutschland, \u00d6sterreich, Polen und der Schweiz realisieren wir j\u00e4hrlich \u00fcber 1.000 Kundenprojekte. Unsere Expertise erstreckt sich \u00fcber verschiedene Branchen wie Chemie, Pharma, Mineral\u00f6l sowie Ver- und Entsorgung. Vertrauen Sie auf die weyer Gruppe f\u00fcr ma\u00dfgeschneiderte Engineering- und Consulting-L\u00f6sungen, die Ihre Anforderungen in puncto Sicherheit und Effizienz erf\u00fcllen.","email":"info@weyer-gruppe.com","telephone":"+49 (0) 24 21 \u2013 69 09 1 \u2013 0","numberOfEmployees":{"@type":"QuantitativeValue","minValue":"51","maxValue":"200"}}]}},"_links":{"self":[{"href":"https:\/\/www.weyer-gruppe.com\/pl\/wp-json\/wp\/v2\/pages\/31505","targetHints":{"allow":["GET"]}}],"collection":[{"href":"https:\/\/www.weyer-gruppe.com\/pl\/wp-json\/wp\/v2\/pages"}],"about":[{"href":"https:\/\/www.weyer-gruppe.com\/pl\/wp-json\/wp\/v2\/types\/page"}],"author":[{"embeddable":true,"href":"https:\/\/www.weyer-gruppe.com\/pl\/wp-json\/wp\/v2\/users\/5"}],"replies":[{"embeddable":true,"href":"https:\/\/www.weyer-gruppe.com\/pl\/wp-json\/wp\/v2\/comments?post=31505"}],"version-history":[{"count":1,"href":"https:\/\/www.weyer-gruppe.com\/pl\/wp-json\/wp\/v2\/pages\/31505\/revisions"}],"predecessor-version":[{"id":238051,"href":"https:\/\/www.weyer-gruppe.com\/pl\/wp-json\/wp\/v2\/pages\/31505\/revisions\/238051"}],"up":[{"embeddable":true,"href":"https:\/\/www.weyer-gruppe.com\/pl\/wp-json\/wp\/v2\/pages\/23842"}],"wp:attachment":[{"href":"https:\/\/www.weyer-gruppe.com\/pl\/wp-json\/wp\/v2\/media?parent=31505"}],"curies":[{"name":"wp","href":"https:\/\/api.w.org\/{rel}","templated":true}]}}