{"id":31334,"date":"2021-03-26T12:21:02","date_gmt":"2021-03-26T11:21:02","guid":{"rendered":"https:\/\/www.weyer-gruppe.com\/operatorzy-instalacji-i-inwestorzy\/wycena-maszyn-i-urzadzen\/"},"modified":"2026-03-23T07:56:59","modified_gmt":"2026-03-23T06:56:59","slug":"wycena-maszyn-i-urzadzen","status":"publish","type":"page","link":"https:\/\/www.weyer-gruppe.com\/pl\/operatorzy-instalacji-i-inwestorzy\/wycena-maszyn-i-urzadzen\/","title":{"rendered":"Wycena maszyn i urz\u0105dze\u0144"},"content":{"rendered":"<div class=\"wpb-content-wrapper\">[vc_row][vc_column][vc_column_text]Okre\u015blenie w\u0142a\u015bciwej warto\u015bci technicznych \u015brodk\u00f3w trwa\u0142ych wymaga wiedzy technicznej i handlowej. W szczeg\u00f3lno\u015bci w przypadku maszyn specjalnych i z\u0142o\u017conych instalacji, kt\u00f3re zosta\u0142y zmontowane na potrzeby indywidualnego procesu produkcyjnego, okre\u015blenie warto\u015bci jest mo\u017cliwe jedynie na podstawie specjalistycznej wiedzy. Weyer gruppe, we wsp\u00f3\u0142pracy z do\u015bwiadczonymi in\u017cynierami i przedsi\u0119biorcami, przygotowuje miarodajne wyceny warto\u015bci maszyn i urz\u0105dze\u0144 technicznych. Dostosowuj\u0105c si\u0119 do Pa\u0144stwa potrzeb, okre\u015blamy aktualn\u0105 warto\u015b\u0107 rynkow\u0105, godziw\u0105 warto\u015b\u0107 rynkow\u0105 lub warto\u015b\u0107 odtworzeniow\u0105 maszyn lub instalacji procesowych zgodnie z uznanymi, standardowymi procedurami. W ten spos\u00f3b otrzymuj\u0105 Pa\u0144stwo opart\u0105 na faktach podstaw\u0119 do wyceny maj\u0105tku trwa\u0142ego, np. w odniesieniu do ukrytych rezerw, i zyskuj\u0105 jasno\u015b\u0107 dla dalszego planowania.[\/vc_column_text][\/vc_column][\/vc_row][vc_row][vc_column width=&#8221;4\/5&#8243;][vc_tta_accordion active_section=&#8221;-1&#8243;][vc_tta_section title=&#8221;W jakich przypadkach przeprowadzana jest ocena maszyn i urz\u0105dze\u0144?&#8221; tab_id=&#8221;anlass-maschinen-anlagenbewertung&#8221;][vc_column_text]\n<ul>\n<li>Przy sporz\u0105dzaniu bilansu<\/li>\n<li>W przypadku przej\u0119\u0107\/sprzeda\u017cy przedsi\u0119biorstw<\/li>\n<li>Kiedy dziedziczenie musi by\u0107 uregulowane<\/li>\n<li>W przypadku przeklasyfikowania \u015brodk\u00f3w trwa\u0142ych zgodnie z prawem sp\u00f3\u0142ek<\/li>\n<li>W przypadku restrukturyzacji finansowej<\/li>\n<\/ul>\n[\/vc_column_text][\/vc_tta_section][vc_tta_section title=&#8221;Na czym polega okre\u015blenie aktualnej warto\u015bci rynkowej?&#8221; tab_id=&#8221;sachzeitermittlung&#8221;][vc_column_text]Okre\u015blenie aktualnej warto\u015bci materialnej (tak\u017ce warto\u015bci bie\u017c\u0105cej) r\u00f3\u017cni si\u0119 w zale\u017cno\u015bci od czasu okre\u015blenia i celu okre\u015blenia. <strong>Warto\u015b\u0107 bie\u017c\u0105ca (materialna)<\/strong> (&#8222;warto\u015b\u0107 ksi\u0119gowa&#8221;) \u015brodk\u00f3w trwa\u0142ych podlegaj\u0105cych amortyzacji (w tym przypadku maszyn i urz\u0105dze\u0144 technicznych) wynika z warto\u015bci nabycia powi\u0119kszonej o wzrost warto\u015bci z tytu\u0142u konserwacji podstawowej, w razie potrzeby r\u00f3wnie\u017c napraw, remont\u00f3w lub rozbudowy, pomniejszonej o odpisy amortyzacyjne. Na koniec okresu amortyzacji, \u015brodki trwa\u0142e s\u0105 zwykle wyceniane na 1 EUR. <strong>Warto\u015b\u0107 bie\u017c\u0105ca (materialna)<\/strong> w ubezpieczeniu to zazwyczaj bie\u017c\u0105ca warto\u015b\u0107 nowa urz\u0105dzenia lub maszyny pomniejszona o potr\u0105cenia z tytu\u0142u wieku, zu\u017cycia i, w stosownych przypadkach, u\u017cytkowania.[\/vc_column_text][\/vc_tta_section][vc_tta_section title=&#8221;Co to jest wycena warto\u015bci rynkowej?&#8221; tab_id=&#8221;verkehrswertermittlung&#8221;][vc_column_text]<strong>Warto\u015b\u0107 rynkowa<\/strong> to warto\u015b\u0107, po kt\u00f3rej maszyna lub urz\u0105dzenie jest sprzedawane na wolnym rynku. W przypadku u\u017cywanych maszyn specjalnych lub z\u0142o\u017conych system\u00f3w, kt\u00f3re zosta\u0142y zmontowane specjalnie do produkcji, zazwyczaj nie jest mo\u017cliwe okre\u015blenie warto\u015bci rynkowej na podstawie rynk\u00f3w wt\u00f3rnych (bazy danych cen zakupu, gie\u0142dy handlowe, portale internetowe itp.)[\/vc_column_text][\/vc_tta_section][vc_tta_section title=&#8221;Co to jest wycena warto\u015bci odtworzeniowej?&#8221; tab_id=&#8221;wiederbeschaffungswertermittlung&#8221;][vc_column_text]<strong>Warto\u015b\u0107 odtworzeniowa (czasowa)<\/strong> obejmuje koszty, kt\u00f3re nale\u017cy ponie\u015b\u0107, aby zast\u0105pi\u0107 maszyn\u0119 lub system techniczny w tym samym stanie. Nak\u0142ad pracy potrzebny do okre\u015blenia warto\u015bci odtworzeniowej zale\u017cy od stopnia z\u0142o\u017cono\u015bci zak\u0142adu. Zw\u0142aszcza w przypadku maszyn specjalnych i skomplikowanych instalacji technicznych do okre\u015blenia warto\u015bci konieczne jest fachowe planowanie techniczne wraz z kosztorysem.[\/vc_column_text][\/vc_tta_section][vc_tta_section title=&#8221;Dlaczego powinienem przeprowadzi\u0107 ocen\u0119 maszyny lub urz\u0105dzenia?&#8221; tab_id=&#8221;gruende-maschinen-anlagenbewertung&#8221;][vc_column_text]Poniewa\u017c nawet zamortyzowana maszyna lub urz\u0105dzenie mo\u017ce by\u0107 nadal ekonomicznie u\u017cyteczne, jego rzeczywista warto\u015b\u0107 nie jest r\u00f3wna &#8222;zero&#8221; nawet po dokonaniu odpis\u00f3w amortyzacyjnych. Maszyny i urz\u0105dzenia mog\u0105 r\u00f3wnie\u017c w rzeczywisto\u015bci mie\u0107 wy\u017csz\u0105 warto\u015b\u0107 w okresie amortyzacji ni\u017c wskazuje na to aktualna warto\u015b\u0107 ksi\u0119gowa. Ta dodatkowa warto\u015b\u0107 stanowi ukryt\u0105 rezerw\u0119. W zale\u017cno\u015bci od sytuacji, konieczne lub przydatne mo\u017ce by\u0107 zidentyfikowanie tej ukrytej rezerwy poprzez wycen\u0119 maszyn i urz\u0105dze\u0144.[\/vc_column_text][\/vc_tta_section][vc_tta_section title=&#8221;Jak przyst\u0105pi\u0107 do oceny?&#8221; tab_id=&#8221;vorgehensweise&#8221;][vc_column_text]Z regu\u0142y wyceny maszyn i urz\u0105dze\u0144 wykonujemy wed\u0142ug metody warto\u015bci <strong>bie\u017c\u0105cej (materialnej)<\/strong>. Po pierwsze, istotne dane, takie jak<\/p>\n<ul>\n<li>Cena nabycia<\/li>\n<li>Data nabycia<\/li>\n<li>Stan maszyny lub urz\u0105dzenia pod wzgl\u0119dem zu\u017cycia<\/li>\n<li>Naprawy i remonty w przesz\u0142o\u015bci<\/li>\n<li>Dost\u0119pne akcesoria<\/li>\n<li>Rozszerzenia i adaptacje<\/li>\n<li>Standard jako\u015bci produkcji<\/li>\n<\/ul>\n<p>w zestawie. W przypadku instalacji technicznych inwentarz maj\u0105tku jest dodatkowo podzielony wed\u0142ug znaczenia dla wyceny. Oznacza to, \u017ce poziom szczeg\u00f3\u0142owo\u015bci badania jest dobierany w zale\u017cno\u015bci od znaczenia danej cz\u0119\u015bci zak\u0142adu dla warto\u015bci ca\u0142kowitej. Zazwyczaj przeprowadza si\u0119 r\u00f3wnie\u017c inspekcj\u0119 wycenianej maszyny lub urz\u0105dzenia. W wyj\u0105tkowych przypadkach wycena mo\u017ce by\u0107 r\u00f3wnie\u017c przeprowadzona na podstawie materia\u0142\u00f3w wizualnych oraz z uwzgl\u0119dnieniem rzeczywistego czasu pracy. Opr\u00f3cz stanu fizycznego maszyn i system\u00f3w, w ocenie uwzgl\u0119dnia si\u0119 r\u00f3wnie\u017c ich integracj\u0119 z ca\u0142ym procesem produkcyjnym oraz rozw\u00f3j stanu techniki od momentu ich nabycia. Wreszcie, og\u00f3lna ocena jest przeprowadzana w okre\u015blonym dniu oceny i jest dokumentowana w spos\u00f3b zrozumia\u0142y i mo\u017cliwy do prze\u015bledzenia oraz zaopatrzona w dokumentacj\u0119 fotograficzn\u0105.[\/vc_column_text][\/vc_tta_section][vc_tta_section title=&#8221;Co jeszcze mo\u017cemy dla Ciebie zrobi\u0107 w tym kontek\u015bcie?&#8221; tab_id=&#8221;weitere-leistungen&#8221;][vc_column_text]W przypadku zagadnie\u0144 zwi\u0105zanych z transakcjami i finansowaniem, wycenami przedsi\u0119biorstw i restrukturyzacjami, nasza podstawowa us\u0142uga wyceny mo\u017ce by\u0107 uzupe\u0142niona o inwentaryzacj\u0119 lub analizy handlowe. Us\u0142ugi te \u015bwiadczymy wsp\u00f3lnie z nasz\u0105 firm\u0105 partnersk\u0105, <a href=\"https:\/\/www.bdo.de\/de-de\/home-de\">BDO AG Wirtschaftspr\u00fcfungsgesellschaft.<\/a><\/p>\n<p>Nale\u017c\u0105 do nich w szczeg\u00f3lno\u015bci:<\/p>\n<ul>\n<li>Fizyczne rejestrowanie aktyw\u00f3w<\/li>\n<li>Przygotowanie danych o \u015brodkach trwa\u0142ych przed wycen\u0105<\/li>\n<li>Analizy operacyjne (zgodno\u015b\u0107 HSSE z wymaganiami pozwole\u0144 w zakresie ochrony \u015brodowiska, ochrony przeciwpo\u017carowej, bezpiecze\u0144stwa pracy itp.)<\/li>\n<li>Wycena przedsi\u0119biorstw (okre\u015blanie warto\u015bci aktyw\u00f3w niematerialnych i prawnych, warto\u015bci dochodowych przedsi\u0119biorstw)<\/li>\n<li>Due diligence, M&amp;A, doradztwo w zakresie finansowania i restrukturyzacji<\/li>\n<\/ul>\n[\/vc_column_text][\/vc_tta_section][vc_tta_section title=&#8221;Jakie specjalne korzy\u015bci oferuj\u0105 Pa\u0144stwu nasze us\u0142ugi?&#8221; tab_id=&#8221;nutzen&#8221;][vc_column_text]\n<ul>\n<li>Otrzymuj\u0105 Pa\u0144stwo solidn\u0105 podstaw\u0119 do podejmowania decyzji w zakresie dalszego planowania.<\/li>\n<li>Po\u0142\u0105czenie ekspertyzy technicznej i ekonomicznej zapewnia Pa\u0144stwu realistyczn\u0105 wycen\u0119.<\/li>\n<li>Szybkie wyniki: Rozpocz\u0119cie i zako\u0144czenie wyceny jest cz\u0119sto mo\u017cliwe w ci\u0105gu kilku dni.<\/li>\n<li>Zajmujemy si\u0119 przetwarzaniem danych w spos\u00f3b niezale\u017cny i dyskretny.<\/li>\n<li>Przygotowanie raportu jest dostosowane do potrzeb klienta (np. potencjalnego nabywcy, banku, akcjonariusza).<\/li>\n<li>Wycena jest &#8222;szyta na miar\u0119&#8221; po wcze\u015bniejszym uzgodnieniu zamierzonego celu, odpowiedniego dla niego podej\u015bcia do wyceny oraz po\u017c\u0105danego poziomu szczeg\u00f3\u0142owo\u015bci.<\/li>\n<\/ul>\n[\/vc_column_text][\/vc_tta_section][\/vc_tta_accordion][\/vc_column][vc_column width=&#8221;1\/5&#8243;][vc_empty_space height=&#8221;100px&#8221;]<div class=\"grve-element grve-image grve-align-center\" style=\"\"><img decoding=\"async\" width=\"563\" height=\"563\" src=\"https:\/\/www.weyer-gruppe.com\/wp-content\/uploads\/2021\/03\/beratungstermin-pr-1.jpg\" class=\"attachment-full size-full\" alt=\"\" srcset=\"https:\/\/www.weyer-gruppe.com\/wp-content\/uploads\/2021\/03\/beratungstermin-pr-1.jpg 563w, https:\/\/www.weyer-gruppe.com\/wp-content\/uploads\/2021\/03\/beratungstermin-pr-1-300x300.jpg 300w, https:\/\/www.weyer-gruppe.com\/wp-content\/uploads\/2021\/03\/beratungstermin-pr-1-150x150.jpg 150w, https:\/\/www.weyer-gruppe.com\/wp-content\/uploads\/2021\/03\/beratungstermin-pr-1-80x80.jpg 80w, https:\/\/www.weyer-gruppe.com\/wp-content\/uploads\/2021\/03\/beratungstermin-pr-1-560x560.jpg 560w\" sizes=\"(max-width: 563px) 100vw, 563px\" \/><\/div>[\/vc_column][\/vc_row][vc_row][vc_column][vc_column_text]Nasze ekspertyzy opieraj\u0105 si\u0119 na ponad 40-letnim do\u015bwiadczeniu w planowaniu, uruchamianiu oraz technicznej i handlowej ocenie maszyn i urz\u0105dze\u0144. Wsp\u00f3lnie z naszymi partnerami z BDO AG Wirtschaftspr\u00fcfungsgesellschaft jeste\u015bmy w stanie wykona\u0107 r\u00f3wnie\u017c kompleksowe wyceny handlowe.[\/vc_column_text]<h3 class=\"grve-element grve-align-left grve-title-no-line grve-h3\" style=\"\"><span>Nasz zesp\u00f3\u0142<\/span><\/h3>[\/vc_column][\/vc_row][vc_row][vc_column width=&#8221;1\/4&#8243;]\r\n\t\t<div class=\"grve-team grve-element\" style=\"\">\r\n\t\t\t<figure class=\"grve-image-hover grve-style-1 grve-zoom-in\">\r\n\t\t\t\t<div class=\"grve-team-person grve-media grve-dark-overlay grve-opacity-60\">\r\n\t\t\t\t\t<img decoding=\"async\" width=\"300\" height=\"300\" src=\"https:\/\/www.weyer-gruppe.com\/wp-content\/uploads\/2019\/07\/pr-kai-steffens.jpg\" class=\"attachment-grve-image-small-square size-grve-image-small-square\" alt=\"Zdj\u0119cie pracownika Dr. Kai Steffens z BDO TUC GmbH und PROBIOTEC GmbH\" \/>\t\t\t\t<\/div>\r\n\t\t\t\t<figcaption>\r\n\t\t\t\t\t<div class=\"grve-team-description\">\r\n\t\t\t\t\t\t\t\t\t\t\t\t<h4 class=\"grve-team-name grve-dark grve-h4\">Dr. Kai Steffens<\/h4>\r\n\t\t\t\t\t\t\t\t\t\t\t\t<small class=\"grve-team-identity grve-dark\">BDO TUC GmbH<\/small>\r\n\t\t\t\t\t<\/div>\r\n\t\t\t\t\t\t\t\t\t<\/figcaption>\r\n\t\t\t<\/figure>\r\n\t\t<\/div>\r\n\r\n\t\t[\/vc_column][vc_column width=&#8221;1\/4&#8243;][\/vc_column][vc_column width=&#8221;1\/4&#8243;][\/vc_column][vc_column width=&#8221;1\/4&#8243;][\/vc_column][\/vc_row][vc_row][vc_column]<div class=\"grve-element grve-hr grve-space-divider\" style=\"\"><\/div>[\/vc_column][\/vc_row]\n<\/div>","protected":false},"excerpt":{"rendered":"<p>[vc_row][vc_column][vc_column_text]Okre\u015blenie w\u0142a\u015bciwej warto\u015bci technicznych \u015brodk\u00f3w trwa\u0142ych wymaga wiedzy technicznej i handlowej. W szczeg\u00f3lno\u015bci w przypadku maszyn specjalnych i z\u0142o\u017conych instalacji, kt\u00f3re zosta\u0142y zmontowane na potrzeby indywidualnego procesu produkcyjnego, okre\u015blenie warto\u015bci jest mo\u017cliwe jedynie na podstawie specjalistycznej wiedzy. Weyer gruppe, we wsp\u00f3\u0142pracy z do\u015bwiadczonymi in\u017cynierami i przedsi\u0119biorcami, przygotowuje miarodajne wyceny warto\u015bci maszyn i urz\u0105dze\u0144 technicznych. Dostosowuj\u0105c [&hellip;]<\/p>\n","protected":false},"author":5,"featured_media":0,"parent":23842,"menu_order":0,"comment_status":"closed","ping_status":"closed","template":"","meta":{"footnotes":""},"class_list":["post-31334","page","type-page","status-publish","hentry"],"yoast_head":"<!-- This site is optimized with the Yoast SEO Premium plugin v27.4 (Yoast SEO v27.4) - https:\/\/yoast.com\/product\/yoast-seo-premium-wordpress\/ -->\n<title>Wycena maszyn i urz\u0105dze\u0144 &#8211; weyer gruppe<\/title>\n<meta name=\"robots\" content=\"index, follow, max-snippet:-1, max-image-preview:large, max-video-preview:-1\" \/>\n<link rel=\"canonical\" href=\"https:\/\/www.weyer-gruppe.com\/pl\/operatorzy-instalacji-i-inwestorzy\/wycena-maszyn-i-urzadzen\/\" \/>\n<meta property=\"og:locale\" content=\"pl_PL\" \/>\n<meta property=\"og:type\" content=\"article\" \/>\n<meta property=\"og:title\" content=\"Wycena maszyn i urz\u0105dze\u0144\" \/>\n<meta property=\"og:description\" content=\"[vc_row][vc_column][vc_column_text]Okre\u015blenie w\u0142a\u015bciwej warto\u015bci technicznych \u015brodk\u00f3w trwa\u0142ych wymaga wiedzy technicznej i handlowej. W szczeg\u00f3lno\u015bci w przypadku maszyn specjalnych i z\u0142o\u017conych instalacji, kt\u00f3re zosta\u0142y zmontowane na potrzeby indywidualnego procesu produkcyjnego, okre\u015blenie warto\u015bci jest mo\u017cliwe jedynie na podstawie specjalistycznej wiedzy. Weyer gruppe, we wsp\u00f3\u0142pracy z do\u015bwiadczonymi in\u017cynierami i przedsi\u0119biorcami, przygotowuje miarodajne wyceny warto\u015bci maszyn i urz\u0105dze\u0144 technicznych. Dostosowuj\u0105c [&hellip;]\" \/>\n<meta property=\"og:url\" content=\"https:\/\/www.weyer-gruppe.com\/pl\/operatorzy-instalacji-i-inwestorzy\/wycena-maszyn-i-urzadzen\/\" \/>\n<meta property=\"og:site_name\" content=\"weyer gruppe\" \/>\n<meta property=\"article:publisher\" content=\"https:\/\/www.facebook.com\/weyergruppe\" \/>\n<meta property=\"article:modified_time\" content=\"2026-03-23T06:56:59+00:00\" \/>\n<meta name=\"twitter:card\" content=\"summary_large_image\" \/>\n<meta name=\"twitter:label1\" content=\"Szacowany czas czytania\" \/>\n\t<meta name=\"twitter:data1\" content=\"5 minut\" \/>\n<script type=\"application\/ld+json\" class=\"yoast-schema-graph\">{\"@context\":\"https:\\\/\\\/schema.org\",\"@graph\":[{\"@type\":\"WebPage\",\"@id\":\"https:\\\/\\\/www.weyer-gruppe.com\\\/pl\\\/operatorzy-instalacji-i-inwestorzy\\\/wycena-maszyn-i-urzadzen\\\/\",\"url\":\"https:\\\/\\\/www.weyer-gruppe.com\\\/pl\\\/operatorzy-instalacji-i-inwestorzy\\\/wycena-maszyn-i-urzadzen\\\/\",\"name\":\"Wycena maszyn i urz\u0105dze\u0144 &#8211; weyer gruppe\",\"isPartOf\":{\"@id\":\"https:\\\/\\\/www.weyer-gruppe.com\\\/pl\\\/#website\"},\"datePublished\":\"2021-03-26T11:21:02+00:00\",\"dateModified\":\"2026-03-23T06:56:59+00:00\",\"breadcrumb\":{\"@id\":\"https:\\\/\\\/www.weyer-gruppe.com\\\/pl\\\/operatorzy-instalacji-i-inwestorzy\\\/wycena-maszyn-i-urzadzen\\\/#breadcrumb\"},\"inLanguage\":\"pl-PL\",\"potentialAction\":[{\"@type\":\"ReadAction\",\"target\":[\"https:\\\/\\\/www.weyer-gruppe.com\\\/pl\\\/operatorzy-instalacji-i-inwestorzy\\\/wycena-maszyn-i-urzadzen\\\/\"]}]},{\"@type\":\"BreadcrumbList\",\"@id\":\"https:\\\/\\\/www.weyer-gruppe.com\\\/pl\\\/operatorzy-instalacji-i-inwestorzy\\\/wycena-maszyn-i-urzadzen\\\/#breadcrumb\",\"itemListElement\":[{\"@type\":\"ListItem\",\"position\":1,\"name\":\"HOME\",\"item\":\"https:\\\/\\\/www.weyer-gruppe.com\\\/pl\\\/\"},{\"@type\":\"ListItem\",\"position\":2,\"name\":\"Operatorzy instalacji i inwestorzy\",\"item\":\"https:\\\/\\\/www.weyer-gruppe.com\\\/pl\\\/operatorzy-instalacji-i-inwestorzy\\\/\"},{\"@type\":\"ListItem\",\"position\":3,\"name\":\"Wycena maszyn i urz\u0105dze\u0144\"}]},{\"@type\":\"WebSite\",\"@id\":\"https:\\\/\\\/www.weyer-gruppe.com\\\/pl\\\/#website\",\"url\":\"https:\\\/\\\/www.weyer-gruppe.com\\\/pl\\\/\",\"name\":\"weyer gruppe\",\"description\":\"komplett. durchdacht.\",\"publisher\":{\"@id\":\"https:\\\/\\\/www.weyer-gruppe.com\\\/pl\\\/#organization\"},\"potentialAction\":[{\"@type\":\"SearchAction\",\"target\":{\"@type\":\"EntryPoint\",\"urlTemplate\":\"https:\\\/\\\/www.weyer-gruppe.com\\\/pl\\\/?s={search_term_string}\"},\"query-input\":{\"@type\":\"PropertyValueSpecification\",\"valueRequired\":true,\"valueName\":\"search_term_string\"}}],\"inLanguage\":\"pl-PL\"},{\"@type\":\"Organization\",\"@id\":\"https:\\\/\\\/www.weyer-gruppe.com\\\/pl\\\/#organization\",\"name\":\"weyer gruppe\",\"url\":\"https:\\\/\\\/www.weyer-gruppe.com\\\/pl\\\/\",\"logo\":{\"@type\":\"ImageObject\",\"inLanguage\":\"pl-PL\",\"@id\":\"https:\\\/\\\/www.weyer-gruppe.com\\\/pl\\\/#\\\/schema\\\/logo\\\/image\\\/\",\"url\":\"https:\\\/\\\/www.weyer-gruppe.com\\\/wp-content\\\/uploads\\\/2019\\\/07\\\/logo-weyer-gruppe-de.png\",\"contentUrl\":\"https:\\\/\\\/www.weyer-gruppe.com\\\/wp-content\\\/uploads\\\/2019\\\/07\\\/logo-weyer-gruppe-de.png\",\"width\":532,\"height\":513,\"caption\":\"weyer gruppe\"},\"image\":{\"@id\":\"https:\\\/\\\/www.weyer-gruppe.com\\\/pl\\\/#\\\/schema\\\/logo\\\/image\\\/\"},\"sameAs\":[\"https:\\\/\\\/www.facebook.com\\\/weyergruppe\",\"https:\\\/\\\/de.linkedin.com\\\/company\\\/weyer-gruppe\",\"https:\\\/\\\/www.youtube.com\\\/channel\\\/UCmZItECuW56Ih_p501_Bq8A\"],\"description\":\"Die weyer gruppe ist seit 1976 Ihr Partner f\u00fcr verfahrenstechnische Anlagenplanung und Anlagensicherheit. Mit einem erfahrenen Team von \u00fcber 190 Mitarbeitern in Deutschland, \u00d6sterreich, Polen und der Schweiz realisieren wir j\u00e4hrlich \u00fcber 1.000 Kundenprojekte. Unsere Expertise erstreckt sich \u00fcber verschiedene Branchen wie Chemie, Pharma, Mineral\u00f6l sowie Ver- und Entsorgung. Vertrauen Sie auf die weyer Gruppe f\u00fcr ma\u00dfgeschneiderte Engineering- und Consulting-L\u00f6sungen, die Ihre Anforderungen in puncto Sicherheit und Effizienz erf\u00fcllen.\",\"email\":\"info@weyer-gruppe.com\",\"telephone\":\"+49 (0) 24 21 \u2013 69 09 1 \u2013 0\",\"numberOfEmployees\":{\"@type\":\"QuantitativeValue\",\"minValue\":\"51\",\"maxValue\":\"200\"}}]}<\/script>\n<!-- \/ Yoast SEO Premium plugin. -->","yoast_head_json":{"title":"Wycena maszyn i urz\u0105dze\u0144 &#8211; weyer gruppe","robots":{"index":"index","follow":"follow","max-snippet":"max-snippet:-1","max-image-preview":"max-image-preview:large","max-video-preview":"max-video-preview:-1"},"canonical":"https:\/\/www.weyer-gruppe.com\/pl\/operatorzy-instalacji-i-inwestorzy\/wycena-maszyn-i-urzadzen\/","og_locale":"pl_PL","og_type":"article","og_title":"Wycena maszyn i urz\u0105dze\u0144","og_description":"[vc_row][vc_column][vc_column_text]Okre\u015blenie w\u0142a\u015bciwej warto\u015bci technicznych \u015brodk\u00f3w trwa\u0142ych wymaga wiedzy technicznej i handlowej. W szczeg\u00f3lno\u015bci w przypadku maszyn specjalnych i z\u0142o\u017conych instalacji, kt\u00f3re zosta\u0142y zmontowane na potrzeby indywidualnego procesu produkcyjnego, okre\u015blenie warto\u015bci jest mo\u017cliwe jedynie na podstawie specjalistycznej wiedzy. Weyer gruppe, we wsp\u00f3\u0142pracy z do\u015bwiadczonymi in\u017cynierami i przedsi\u0119biorcami, przygotowuje miarodajne wyceny warto\u015bci maszyn i urz\u0105dze\u0144 technicznych. Dostosowuj\u0105c [&hellip;]","og_url":"https:\/\/www.weyer-gruppe.com\/pl\/operatorzy-instalacji-i-inwestorzy\/wycena-maszyn-i-urzadzen\/","og_site_name":"weyer gruppe","article_publisher":"https:\/\/www.facebook.com\/weyergruppe","article_modified_time":"2026-03-23T06:56:59+00:00","twitter_card":"summary_large_image","twitter_misc":{"Szacowany czas czytania":"5 minut"},"schema":{"@context":"https:\/\/schema.org","@graph":[{"@type":"WebPage","@id":"https:\/\/www.weyer-gruppe.com\/pl\/operatorzy-instalacji-i-inwestorzy\/wycena-maszyn-i-urzadzen\/","url":"https:\/\/www.weyer-gruppe.com\/pl\/operatorzy-instalacji-i-inwestorzy\/wycena-maszyn-i-urzadzen\/","name":"Wycena maszyn i urz\u0105dze\u0144 &#8211; weyer gruppe","isPartOf":{"@id":"https:\/\/www.weyer-gruppe.com\/pl\/#website"},"datePublished":"2021-03-26T11:21:02+00:00","dateModified":"2026-03-23T06:56:59+00:00","breadcrumb":{"@id":"https:\/\/www.weyer-gruppe.com\/pl\/operatorzy-instalacji-i-inwestorzy\/wycena-maszyn-i-urzadzen\/#breadcrumb"},"inLanguage":"pl-PL","potentialAction":[{"@type":"ReadAction","target":["https:\/\/www.weyer-gruppe.com\/pl\/operatorzy-instalacji-i-inwestorzy\/wycena-maszyn-i-urzadzen\/"]}]},{"@type":"BreadcrumbList","@id":"https:\/\/www.weyer-gruppe.com\/pl\/operatorzy-instalacji-i-inwestorzy\/wycena-maszyn-i-urzadzen\/#breadcrumb","itemListElement":[{"@type":"ListItem","position":1,"name":"HOME","item":"https:\/\/www.weyer-gruppe.com\/pl\/"},{"@type":"ListItem","position":2,"name":"Operatorzy instalacji i inwestorzy","item":"https:\/\/www.weyer-gruppe.com\/pl\/operatorzy-instalacji-i-inwestorzy\/"},{"@type":"ListItem","position":3,"name":"Wycena maszyn i urz\u0105dze\u0144"}]},{"@type":"WebSite","@id":"https:\/\/www.weyer-gruppe.com\/pl\/#website","url":"https:\/\/www.weyer-gruppe.com\/pl\/","name":"weyer gruppe","description":"komplett. durchdacht.","publisher":{"@id":"https:\/\/www.weyer-gruppe.com\/pl\/#organization"},"potentialAction":[{"@type":"SearchAction","target":{"@type":"EntryPoint","urlTemplate":"https:\/\/www.weyer-gruppe.com\/pl\/?s={search_term_string}"},"query-input":{"@type":"PropertyValueSpecification","valueRequired":true,"valueName":"search_term_string"}}],"inLanguage":"pl-PL"},{"@type":"Organization","@id":"https:\/\/www.weyer-gruppe.com\/pl\/#organization","name":"weyer gruppe","url":"https:\/\/www.weyer-gruppe.com\/pl\/","logo":{"@type":"ImageObject","inLanguage":"pl-PL","@id":"https:\/\/www.weyer-gruppe.com\/pl\/#\/schema\/logo\/image\/","url":"https:\/\/www.weyer-gruppe.com\/wp-content\/uploads\/2019\/07\/logo-weyer-gruppe-de.png","contentUrl":"https:\/\/www.weyer-gruppe.com\/wp-content\/uploads\/2019\/07\/logo-weyer-gruppe-de.png","width":532,"height":513,"caption":"weyer gruppe"},"image":{"@id":"https:\/\/www.weyer-gruppe.com\/pl\/#\/schema\/logo\/image\/"},"sameAs":["https:\/\/www.facebook.com\/weyergruppe","https:\/\/de.linkedin.com\/company\/weyer-gruppe","https:\/\/www.youtube.com\/channel\/UCmZItECuW56Ih_p501_Bq8A"],"description":"Die weyer gruppe ist seit 1976 Ihr Partner f\u00fcr verfahrenstechnische Anlagenplanung und Anlagensicherheit. Mit einem erfahrenen Team von \u00fcber 190 Mitarbeitern in Deutschland, \u00d6sterreich, Polen und der Schweiz realisieren wir j\u00e4hrlich \u00fcber 1.000 Kundenprojekte. Unsere Expertise erstreckt sich \u00fcber verschiedene Branchen wie Chemie, Pharma, Mineral\u00f6l sowie Ver- und Entsorgung. Vertrauen Sie auf die weyer Gruppe f\u00fcr ma\u00dfgeschneiderte Engineering- und Consulting-L\u00f6sungen, die Ihre Anforderungen in puncto Sicherheit und Effizienz erf\u00fcllen.","email":"info@weyer-gruppe.com","telephone":"+49 (0) 24 21 \u2013 69 09 1 \u2013 0","numberOfEmployees":{"@type":"QuantitativeValue","minValue":"51","maxValue":"200"}}]}},"_links":{"self":[{"href":"https:\/\/www.weyer-gruppe.com\/pl\/wp-json\/wp\/v2\/pages\/31334","targetHints":{"allow":["GET"]}}],"collection":[{"href":"https:\/\/www.weyer-gruppe.com\/pl\/wp-json\/wp\/v2\/pages"}],"about":[{"href":"https:\/\/www.weyer-gruppe.com\/pl\/wp-json\/wp\/v2\/types\/page"}],"author":[{"embeddable":true,"href":"https:\/\/www.weyer-gruppe.com\/pl\/wp-json\/wp\/v2\/users\/5"}],"replies":[{"embeddable":true,"href":"https:\/\/www.weyer-gruppe.com\/pl\/wp-json\/wp\/v2\/comments?post=31334"}],"version-history":[{"count":1,"href":"https:\/\/www.weyer-gruppe.com\/pl\/wp-json\/wp\/v2\/pages\/31334\/revisions"}],"predecessor-version":[{"id":238060,"href":"https:\/\/www.weyer-gruppe.com\/pl\/wp-json\/wp\/v2\/pages\/31334\/revisions\/238060"}],"up":[{"embeddable":true,"href":"https:\/\/www.weyer-gruppe.com\/pl\/wp-json\/wp\/v2\/pages\/23842"}],"wp:attachment":[{"href":"https:\/\/www.weyer-gruppe.com\/pl\/wp-json\/wp\/v2\/media?parent=31334"}],"curies":[{"name":"wp","href":"https:\/\/api.w.org\/{rel}","templated":true}]}}