{"id":31326,"date":"2020-12-11T09:52:12","date_gmt":"2020-12-11T08:52:12","guid":{"rendered":"https:\/\/www.weyer-gruppe.com\/operatorzy-instalacji-i-inwestorzy\/uslugi-swiadczone-przez-inzynierow-spawalnikow\/"},"modified":"2021-11-04T10:00:37","modified_gmt":"2021-11-04T09:00:37","slug":"uslugi-swiadczone-przez-inzynierow-spawalnikow","status":"publish","type":"page","link":"https:\/\/www.weyer-gruppe.com\/pl\/operatorzy-instalacji-i-inwestorzy\/uslugi-swiadczone-przez-inzynierow-spawalnikow\/","title":{"rendered":"Us\u0142ugi \u015bwiadczone przez in\u017cynier\u00f3w spawalnik\u00f3w"},"content":{"rendered":"<div class=\"wpb-content-wrapper\">[vc_row][vc_column][vc_column_text]Technologia spawania odgrywa bardzo wa\u017cn\u0105 rol\u0119 dla u\u017cytkownik\u00f3w element\u00f3w spawanych, poniewa\u017c produkt ko\u0144cowy musi bezpiecznie spe\u0142nia\u0107 przypisane mu funkcje. Aby m\u00f3c zagwarantowa\u0107 bezpiecze\u0144stwo po\u0142\u0105czenia spawanego, nale\u017cy wzi\u0105\u0107 pod uwag\u0119 m.in. p\u0119kanie i korozj\u0119 zwi\u0105zane ze spawaniem. Wa\u017cn\u0105 rol\u0119 odgrywaj\u0105 r\u00f3\u017cne aspekty i wzajemne powi\u0105zania, takie jak materia\u0142y podstawowe, materia\u0142y dodatkowe, temperatura, proces spawania, parametry spawania, obr\u00f3bka cieplna i wyb\u00f3r odpowiednich metod bada\u0144 nieniszcz\u0105cych.<\/p>\n<h2>Us\u0142ugi \u015bwiadczone przez in\u017cynier\u00f3w spawalnik\u00f3w<\/h2>\n<ul class=\"arrow-gray\">\n<li>Okre\u015blenie wymaganych przez odpowiednie przepisy (np. AD 2000, DIN EN 13445, DIN EN 1090, ASME) kwalifikacji producenta urz\u0105dze\u0144 spawalniczych.<\/li>\n<li>Sprawdzanie wymaganych dokument\u00f3w spawalniczych pod wzgl\u0119dem kompletno\u015bci i poprawno\u015bci przed rozpocz\u0119ciem produkcji, takich jak kwalifikacje procedur spawalniczych (WPQR), testy produkcyjne spoin, specyfikacje procedur spawalniczych (WPS) i certyfikaty spawacza (WPQ) w odniesieniu do materia\u0142\u00f3w, norm i przepis\u00f3w.<\/li>\n<li>Weryfikacja plan\u00f3w spawania i identyfikowalno\u015b\u0107 spawaczy<\/li>\n<li>Okre\u015blenie\/przegl\u0105d zakresu bada\u0144 i procedur badawczych<\/li>\n<li>Okre\u015blenie\/ocena projektu szwu spawalniczego na podstawie rysunk\u00f3w produkcyjnych<\/li>\n<li>Nadz\u00f3r nad produkcj\u0105 lub przeprowadzanie okresowych pr\u00f3b odbiorczych oraz ocena prac wykonanych na podstawie dostarczonej dokumentacji spawalniczej i projektowej (przygotowanie i wykonanie spoin, obr\u00f3bka cieplna, zgodno\u015b\u0107 z wymiarami i tolerancjami, obr\u00f3bka powierzchni).<\/li>\n<li>Towarzyszenie lub przeprowadzanie kontroli ko\u0144cowych i sprawdzanie certyfikat\u00f3w NDT (np. kontrola penetracyjna, kontrola rentgenowska, kontrola ultrad\u017awi\u0119kowa) pod wzgl\u0119dem poprawno\u015bci i kompletno\u015bci<\/li>\n<\/ul>\n<p>Nasi in\u017cynierowie spawalnicy s\u0142u\u017c\u0105 r\u00f3wnie\u017c rad\u0105 i pomoc\u0105 w zakresie napraw lub modyfikacji istniej\u0105cych po\u0142\u0105cze\u0144 spawanych.[\/vc_column_text][\/vc_column][\/vc_row][vc_row][vc_column]<div class=\"grve-element grve-hr grve-space-divider\" style=\"\"><\/div><h3 class=\"grve-element grve-align-left grve-title-no-line grve-h3\" style=\"\"><span>Nasz zesp\u00f3\u0142<\/span><\/h3>[\/vc_column][\/vc_row][vc_row][vc_column width=&#8221;1\/4&#8243;]\r\n\t\t<div class=\"grve-team grve-element\" style=\"\">\r\n\t\t\t<figure class=\"grve-image-hover grve-style-1 grve-zoom-in\">\r\n\t\t\t\t<div class=\"grve-team-person grve-media grve-dark-overlay grve-opacity-60\">\r\n\t\t\t\t\t<img decoding=\"async\" width=\"350\" height=\"350\" src=\"https:\/\/www.weyer-gruppe.com\/wp-content\/uploads\/2020\/12\/iyad-abou-alfadel.jpg\" class=\"attachment-grve-image-small-square size-grve-image-small-square\" alt=\"\" srcset=\"https:\/\/www.weyer-gruppe.com\/wp-content\/uploads\/2020\/12\/iyad-abou-alfadel.jpg 350w, https:\/\/www.weyer-gruppe.com\/wp-content\/uploads\/2020\/12\/iyad-abou-alfadel-300x300.jpg 300w, https:\/\/www.weyer-gruppe.com\/wp-content\/uploads\/2020\/12\/iyad-abou-alfadel-150x150.jpg 150w, https:\/\/www.weyer-gruppe.com\/wp-content\/uploads\/2020\/12\/iyad-abou-alfadel-80x80.jpg 80w\" sizes=\"(max-width: 350px) 100vw, 350px\" \/>\t\t\t\t<\/div>\r\n\t\t\t\t<figcaption>\r\n\t\t\t\t\t<div class=\"grve-team-description\">\r\n\t\t\t\t\t\t\t\t\t\t\t\t<h4 class=\"grve-team-name grve-dark grve-h4\">Iyad Abou Alfadel<\/h4>\r\n\t\t\t\t\t\t\t\t\t\t\t\t<small class=\"grve-team-identity grve-dark\">horst weyer und partner<\/small>\r\n\t\t\t\t\t<\/div>\r\n\t\t\t\t\t\t\t\t\t\t<div class=\"grve-team-social grve-team-social-text grve-dark\">\r\n\t\t\t\t\t\t<ul>\r\n\t\t\t\t\t\t\t<li><a href=\"mailto:&#105;&#46;&#97;lf&#97;de&#108;&#64;w&#101;y&#101;&#114;-&#103;r&#117;&#112;&#112;&#101;.&#99;om\">E-mail<\/a><\/li>\t\t\t\t\t\t<\/ul>\r\n\t\t\t\t\t<\/div>\r\n\t\t\t\t\t\t\t\t\t<\/figcaption>\r\n\t\t\t<\/figure>\r\n\t\t<\/div>\r\n\r\n\t\t[\/vc_column][vc_column width=&#8221;1\/4&#8243;][\/vc_column][vc_column width=&#8221;1\/4&#8243;][\/vc_column][vc_column width=&#8221;1\/4&#8243;][\/vc_column][\/vc_row][vc_row][vc_column]<div class=\"grve-element grve-hr grve-space-divider\" style=\"\"><\/div>[\/vc_column][\/vc_row]\n<\/div>","protected":false},"excerpt":{"rendered":"<p>[vc_row][vc_column][vc_column_text]Technologia spawania odgrywa bardzo wa\u017cn\u0105 rol\u0119 dla u\u017cytkownik\u00f3w element\u00f3w spawanych, poniewa\u017c produkt ko\u0144cowy musi bezpiecznie spe\u0142nia\u0107 przypisane mu funkcje. Aby m\u00f3c zagwarantowa\u0107 bezpiecze\u0144stwo po\u0142\u0105czenia spawanego, nale\u017cy wzi\u0105\u0107 pod uwag\u0119 m.in. p\u0119kanie i korozj\u0119 zwi\u0105zane ze spawaniem. Wa\u017cn\u0105 rol\u0119 odgrywaj\u0105 r\u00f3\u017cne aspekty i wzajemne powi\u0105zania, takie jak materia\u0142y podstawowe, materia\u0142y dodatkowe, temperatura, proces spawania, parametry spawania, [&hellip;]<\/p>\n","protected":false},"author":5,"featured_media":0,"parent":23842,"menu_order":0,"comment_status":"closed","ping_status":"closed","template":"","meta":{"footnotes":""},"class_list":["post-31326","page","type-page","status-publish","hentry"],"yoast_head":"<!-- This site is optimized with the Yoast SEO Premium plugin v27.4 (Yoast SEO v27.4) - https:\/\/yoast.com\/product\/yoast-seo-premium-wordpress\/ -->\n<title>Us\u0142ugi \u015bwiadczone przez in\u017cynier\u00f3w spawalnik\u00f3w &#8211; weyer gruppe<\/title>\n<meta name=\"description\" content=\"Weyer group wspiera Pa\u0144stwa us\u0142ugami w zakresie doradztwa i testowania prac spawalniczych przez in\u017cynier\u00f3w spawalnictwa.\" \/>\n<meta name=\"robots\" content=\"index, follow, max-snippet:-1, max-image-preview:large, max-video-preview:-1\" \/>\n<link rel=\"canonical\" href=\"https:\/\/www.weyer-gruppe.com\/pl\/operatorzy-instalacji-i-inwestorzy\/uslugi-swiadczone-przez-inzynierow-spawalnikow\/\" \/>\n<meta property=\"og:locale\" content=\"pl_PL\" \/>\n<meta property=\"og:type\" content=\"article\" \/>\n<meta property=\"og:title\" content=\"Us\u0142ugi \u015bwiadczone przez in\u017cynier\u00f3w spawalnik\u00f3w\" \/>\n<meta property=\"og:description\" content=\"Weyer group wspiera Pa\u0144stwa us\u0142ugami w zakresie doradztwa i testowania prac spawalniczych przez in\u017cynier\u00f3w spawalnictwa.\" \/>\n<meta property=\"og:url\" content=\"https:\/\/www.weyer-gruppe.com\/pl\/operatorzy-instalacji-i-inwestorzy\/uslugi-swiadczone-przez-inzynierow-spawalnikow\/\" \/>\n<meta property=\"og:site_name\" content=\"weyer gruppe\" \/>\n<meta property=\"article:publisher\" content=\"https:\/\/www.facebook.com\/weyergruppe\" \/>\n<meta property=\"article:modified_time\" content=\"2021-11-04T09:00:37+00:00\" \/>\n<meta name=\"twitter:card\" content=\"summary_large_image\" \/>\n<meta name=\"twitter:label1\" content=\"Szacowany czas czytania\" \/>\n\t<meta name=\"twitter:data1\" content=\"2 minuty\" \/>\n<script type=\"application\/ld+json\" class=\"yoast-schema-graph\">{\"@context\":\"https:\\\/\\\/schema.org\",\"@graph\":[{\"@type\":\"WebPage\",\"@id\":\"https:\\\/\\\/www.weyer-gruppe.com\\\/pl\\\/operatorzy-instalacji-i-inwestorzy\\\/uslugi-swiadczone-przez-inzynierow-spawalnikow\\\/\",\"url\":\"https:\\\/\\\/www.weyer-gruppe.com\\\/pl\\\/operatorzy-instalacji-i-inwestorzy\\\/uslugi-swiadczone-przez-inzynierow-spawalnikow\\\/\",\"name\":\"Us\u0142ugi \u015bwiadczone przez in\u017cynier\u00f3w spawalnik\u00f3w &#8211; weyer gruppe\",\"isPartOf\":{\"@id\":\"https:\\\/\\\/www.weyer-gruppe.com\\\/pl\\\/#website\"},\"datePublished\":\"2020-12-11T08:52:12+00:00\",\"dateModified\":\"2021-11-04T09:00:37+00:00\",\"description\":\"Weyer group wspiera Pa\u0144stwa us\u0142ugami w zakresie doradztwa i testowania prac spawalniczych przez in\u017cynier\u00f3w spawalnictwa.\",\"breadcrumb\":{\"@id\":\"https:\\\/\\\/www.weyer-gruppe.com\\\/pl\\\/operatorzy-instalacji-i-inwestorzy\\\/uslugi-swiadczone-przez-inzynierow-spawalnikow\\\/#breadcrumb\"},\"inLanguage\":\"pl-PL\",\"potentialAction\":[{\"@type\":\"ReadAction\",\"target\":[\"https:\\\/\\\/www.weyer-gruppe.com\\\/pl\\\/operatorzy-instalacji-i-inwestorzy\\\/uslugi-swiadczone-przez-inzynierow-spawalnikow\\\/\"]}]},{\"@type\":\"BreadcrumbList\",\"@id\":\"https:\\\/\\\/www.weyer-gruppe.com\\\/pl\\\/operatorzy-instalacji-i-inwestorzy\\\/uslugi-swiadczone-przez-inzynierow-spawalnikow\\\/#breadcrumb\",\"itemListElement\":[{\"@type\":\"ListItem\",\"position\":1,\"name\":\"HOME\",\"item\":\"https:\\\/\\\/www.weyer-gruppe.com\\\/pl\\\/\"},{\"@type\":\"ListItem\",\"position\":2,\"name\":\"Operatorzy instalacji i inwestorzy\",\"item\":\"https:\\\/\\\/www.weyer-gruppe.com\\\/pl\\\/operatorzy-instalacji-i-inwestorzy\\\/\"},{\"@type\":\"ListItem\",\"position\":3,\"name\":\"Us\u0142ugi \u015bwiadczone przez in\u017cynier\u00f3w spawalnik\u00f3w\"}]},{\"@type\":\"WebSite\",\"@id\":\"https:\\\/\\\/www.weyer-gruppe.com\\\/pl\\\/#website\",\"url\":\"https:\\\/\\\/www.weyer-gruppe.com\\\/pl\\\/\",\"name\":\"weyer gruppe\",\"description\":\"komplett. durchdacht.\",\"publisher\":{\"@id\":\"https:\\\/\\\/www.weyer-gruppe.com\\\/pl\\\/#organization\"},\"potentialAction\":[{\"@type\":\"SearchAction\",\"target\":{\"@type\":\"EntryPoint\",\"urlTemplate\":\"https:\\\/\\\/www.weyer-gruppe.com\\\/pl\\\/?s={search_term_string}\"},\"query-input\":{\"@type\":\"PropertyValueSpecification\",\"valueRequired\":true,\"valueName\":\"search_term_string\"}}],\"inLanguage\":\"pl-PL\"},{\"@type\":\"Organization\",\"@id\":\"https:\\\/\\\/www.weyer-gruppe.com\\\/pl\\\/#organization\",\"name\":\"weyer gruppe\",\"url\":\"https:\\\/\\\/www.weyer-gruppe.com\\\/pl\\\/\",\"logo\":{\"@type\":\"ImageObject\",\"inLanguage\":\"pl-PL\",\"@id\":\"https:\\\/\\\/www.weyer-gruppe.com\\\/pl\\\/#\\\/schema\\\/logo\\\/image\\\/\",\"url\":\"https:\\\/\\\/www.weyer-gruppe.com\\\/wp-content\\\/uploads\\\/2019\\\/07\\\/logo-weyer-gruppe-de.png\",\"contentUrl\":\"https:\\\/\\\/www.weyer-gruppe.com\\\/wp-content\\\/uploads\\\/2019\\\/07\\\/logo-weyer-gruppe-de.png\",\"width\":532,\"height\":513,\"caption\":\"weyer gruppe\"},\"image\":{\"@id\":\"https:\\\/\\\/www.weyer-gruppe.com\\\/pl\\\/#\\\/schema\\\/logo\\\/image\\\/\"},\"sameAs\":[\"https:\\\/\\\/www.facebook.com\\\/weyergruppe\",\"https:\\\/\\\/de.linkedin.com\\\/company\\\/weyer-gruppe\",\"https:\\\/\\\/www.youtube.com\\\/channel\\\/UCmZItECuW56Ih_p501_Bq8A\"],\"description\":\"Die weyer gruppe ist seit 1976 Ihr Partner f\u00fcr verfahrenstechnische Anlagenplanung und Anlagensicherheit. Mit einem erfahrenen Team von \u00fcber 190 Mitarbeitern in Deutschland, \u00d6sterreich, Polen und der Schweiz realisieren wir j\u00e4hrlich \u00fcber 1.000 Kundenprojekte. Unsere Expertise erstreckt sich \u00fcber verschiedene Branchen wie Chemie, Pharma, Mineral\u00f6l sowie Ver- und Entsorgung. Vertrauen Sie auf die weyer Gruppe f\u00fcr ma\u00dfgeschneiderte Engineering- und Consulting-L\u00f6sungen, die Ihre Anforderungen in puncto Sicherheit und Effizienz erf\u00fcllen.\",\"email\":\"info@weyer-gruppe.com\",\"telephone\":\"+49 (0) 24 21 \u2013 69 09 1 \u2013 0\",\"numberOfEmployees\":{\"@type\":\"QuantitativeValue\",\"minValue\":\"51\",\"maxValue\":\"200\"}}]}<\/script>\n<!-- \/ Yoast SEO Premium plugin. -->","yoast_head_json":{"title":"Us\u0142ugi \u015bwiadczone przez in\u017cynier\u00f3w spawalnik\u00f3w &#8211; weyer gruppe","description":"Weyer group wspiera Pa\u0144stwa us\u0142ugami w zakresie doradztwa i testowania prac spawalniczych przez in\u017cynier\u00f3w spawalnictwa.","robots":{"index":"index","follow":"follow","max-snippet":"max-snippet:-1","max-image-preview":"max-image-preview:large","max-video-preview":"max-video-preview:-1"},"canonical":"https:\/\/www.weyer-gruppe.com\/pl\/operatorzy-instalacji-i-inwestorzy\/uslugi-swiadczone-przez-inzynierow-spawalnikow\/","og_locale":"pl_PL","og_type":"article","og_title":"Us\u0142ugi \u015bwiadczone przez in\u017cynier\u00f3w spawalnik\u00f3w","og_description":"Weyer group wspiera Pa\u0144stwa us\u0142ugami w zakresie doradztwa i testowania prac spawalniczych przez in\u017cynier\u00f3w spawalnictwa.","og_url":"https:\/\/www.weyer-gruppe.com\/pl\/operatorzy-instalacji-i-inwestorzy\/uslugi-swiadczone-przez-inzynierow-spawalnikow\/","og_site_name":"weyer gruppe","article_publisher":"https:\/\/www.facebook.com\/weyergruppe","article_modified_time":"2021-11-04T09:00:37+00:00","twitter_card":"summary_large_image","twitter_misc":{"Szacowany czas czytania":"2 minuty"},"schema":{"@context":"https:\/\/schema.org","@graph":[{"@type":"WebPage","@id":"https:\/\/www.weyer-gruppe.com\/pl\/operatorzy-instalacji-i-inwestorzy\/uslugi-swiadczone-przez-inzynierow-spawalnikow\/","url":"https:\/\/www.weyer-gruppe.com\/pl\/operatorzy-instalacji-i-inwestorzy\/uslugi-swiadczone-przez-inzynierow-spawalnikow\/","name":"Us\u0142ugi \u015bwiadczone przez in\u017cynier\u00f3w spawalnik\u00f3w &#8211; weyer gruppe","isPartOf":{"@id":"https:\/\/www.weyer-gruppe.com\/pl\/#website"},"datePublished":"2020-12-11T08:52:12+00:00","dateModified":"2021-11-04T09:00:37+00:00","description":"Weyer group wspiera Pa\u0144stwa us\u0142ugami w zakresie doradztwa i testowania prac spawalniczych przez in\u017cynier\u00f3w spawalnictwa.","breadcrumb":{"@id":"https:\/\/www.weyer-gruppe.com\/pl\/operatorzy-instalacji-i-inwestorzy\/uslugi-swiadczone-przez-inzynierow-spawalnikow\/#breadcrumb"},"inLanguage":"pl-PL","potentialAction":[{"@type":"ReadAction","target":["https:\/\/www.weyer-gruppe.com\/pl\/operatorzy-instalacji-i-inwestorzy\/uslugi-swiadczone-przez-inzynierow-spawalnikow\/"]}]},{"@type":"BreadcrumbList","@id":"https:\/\/www.weyer-gruppe.com\/pl\/operatorzy-instalacji-i-inwestorzy\/uslugi-swiadczone-przez-inzynierow-spawalnikow\/#breadcrumb","itemListElement":[{"@type":"ListItem","position":1,"name":"HOME","item":"https:\/\/www.weyer-gruppe.com\/pl\/"},{"@type":"ListItem","position":2,"name":"Operatorzy instalacji i inwestorzy","item":"https:\/\/www.weyer-gruppe.com\/pl\/operatorzy-instalacji-i-inwestorzy\/"},{"@type":"ListItem","position":3,"name":"Us\u0142ugi \u015bwiadczone przez in\u017cynier\u00f3w spawalnik\u00f3w"}]},{"@type":"WebSite","@id":"https:\/\/www.weyer-gruppe.com\/pl\/#website","url":"https:\/\/www.weyer-gruppe.com\/pl\/","name":"weyer gruppe","description":"komplett. durchdacht.","publisher":{"@id":"https:\/\/www.weyer-gruppe.com\/pl\/#organization"},"potentialAction":[{"@type":"SearchAction","target":{"@type":"EntryPoint","urlTemplate":"https:\/\/www.weyer-gruppe.com\/pl\/?s={search_term_string}"},"query-input":{"@type":"PropertyValueSpecification","valueRequired":true,"valueName":"search_term_string"}}],"inLanguage":"pl-PL"},{"@type":"Organization","@id":"https:\/\/www.weyer-gruppe.com\/pl\/#organization","name":"weyer gruppe","url":"https:\/\/www.weyer-gruppe.com\/pl\/","logo":{"@type":"ImageObject","inLanguage":"pl-PL","@id":"https:\/\/www.weyer-gruppe.com\/pl\/#\/schema\/logo\/image\/","url":"https:\/\/www.weyer-gruppe.com\/wp-content\/uploads\/2019\/07\/logo-weyer-gruppe-de.png","contentUrl":"https:\/\/www.weyer-gruppe.com\/wp-content\/uploads\/2019\/07\/logo-weyer-gruppe-de.png","width":532,"height":513,"caption":"weyer gruppe"},"image":{"@id":"https:\/\/www.weyer-gruppe.com\/pl\/#\/schema\/logo\/image\/"},"sameAs":["https:\/\/www.facebook.com\/weyergruppe","https:\/\/de.linkedin.com\/company\/weyer-gruppe","https:\/\/www.youtube.com\/channel\/UCmZItECuW56Ih_p501_Bq8A"],"description":"Die weyer gruppe ist seit 1976 Ihr Partner f\u00fcr verfahrenstechnische Anlagenplanung und Anlagensicherheit. Mit einem erfahrenen Team von \u00fcber 190 Mitarbeitern in Deutschland, \u00d6sterreich, Polen und der Schweiz realisieren wir j\u00e4hrlich \u00fcber 1.000 Kundenprojekte. Unsere Expertise erstreckt sich \u00fcber verschiedene Branchen wie Chemie, Pharma, Mineral\u00f6l sowie Ver- und Entsorgung. Vertrauen Sie auf die weyer Gruppe f\u00fcr ma\u00dfgeschneiderte Engineering- und Consulting-L\u00f6sungen, die Ihre Anforderungen in puncto Sicherheit und Effizienz erf\u00fcllen.","email":"info@weyer-gruppe.com","telephone":"+49 (0) 24 21 \u2013 69 09 1 \u2013 0","numberOfEmployees":{"@type":"QuantitativeValue","minValue":"51","maxValue":"200"}}]}},"_links":{"self":[{"href":"https:\/\/www.weyer-gruppe.com\/pl\/wp-json\/wp\/v2\/pages\/31326","targetHints":{"allow":["GET"]}}],"collection":[{"href":"https:\/\/www.weyer-gruppe.com\/pl\/wp-json\/wp\/v2\/pages"}],"about":[{"href":"https:\/\/www.weyer-gruppe.com\/pl\/wp-json\/wp\/v2\/types\/page"}],"author":[{"embeddable":true,"href":"https:\/\/www.weyer-gruppe.com\/pl\/wp-json\/wp\/v2\/users\/5"}],"replies":[{"embeddable":true,"href":"https:\/\/www.weyer-gruppe.com\/pl\/wp-json\/wp\/v2\/comments?post=31326"}],"version-history":[{"count":0,"href":"https:\/\/www.weyer-gruppe.com\/pl\/wp-json\/wp\/v2\/pages\/31326\/revisions"}],"up":[{"embeddable":true,"href":"https:\/\/www.weyer-gruppe.com\/pl\/wp-json\/wp\/v2\/pages\/23842"}],"wp:attachment":[{"href":"https:\/\/www.weyer-gruppe.com\/pl\/wp-json\/wp\/v2\/media?parent=31326"}],"curies":[{"name":"wp","href":"https:\/\/api.w.org\/{rel}","templated":true}]}}