{"id":31289,"date":"2020-12-11T09:51:50","date_gmt":"2020-12-11T08:51:50","guid":{"rendered":"https:\/\/www.weyer-gruppe.com\/operatorzy-instalacji-i-inwestorzy\/uslugi-swiadczone-przez-osoby-kompetentne-w-zakresie-systemow-cisnieniowych\/"},"modified":"2026-03-20T12:40:47","modified_gmt":"2026-03-20T11:40:47","slug":"uslugi-swiadczone-przez-osoby-kompetentne-w-zakresie-systemow-cisnieniowych","status":"publish","type":"page","link":"https:\/\/www.weyer-gruppe.com\/pl\/operatorzy-instalacji-i-inwestorzy\/uslugi-swiadczone-przez-osoby-kompetentne-w-zakresie-systemow-cisnieniowych\/","title":{"rendered":"Us\u0142ugi \u015bwiadczone przez osoby kompetentne w zakresie system\u00f3w ci\u015bnieniowych"},"content":{"rendered":"<div class=\"wpb-content-wrapper\">[vc_row][vc_column][vc_column_text]Urz\u0105dzenia robocze i systemy ci\u015bnieniowe wymagaj\u0105ce nadzoru w rozumieniu BetrSichV i ProdSG, takie jak proste instalacje spr\u0119\u017conego powietrza lub z\u0142o\u017cone systemy in\u017cynierii procesowej sk\u0142adaj\u0105ce si\u0119 z kilku zbiornik\u00f3w ci\u015bnieniowych, kot\u0142\u00f3w parowych lub ruroci\u0105g\u00f3w, musz\u0105 by\u0107 eksploatowane w taki spos\u00f3b, aby zagwarantowane by\u0142o bezpiecze\u0144stwo i ochrona pracownik\u00f3w. Wymagania dotycz\u0105ce eksploatacji i kontroli tych system\u00f3w\/urz\u0105dze\u0144 roboczych wymagaj\u0105cych nadzoru zawarte s\u0105 w Rozporz\u0105dzeniu w sprawie bezpiecze\u0144stwa i higieny pracy (BetrSichV). Odpowiedzialno\u015b\u0107 u\u017cytkownika rozpoczyna si\u0119 ju\u017c w momencie zakupu urz\u0105dze\u0144 ci\u015bnieniowych. W Europie dyrektywa w sprawie urz\u0105dze\u0144 ci\u015bnieniowych 2014\/64\/UE (PED) reguluje wymagania dotycz\u0105ce urz\u0105dze\u0144 ci\u015bnieniowych i jest wdro\u017cona w Niemczech w <a href=\"http:\/\/www.gesetze-im-internet.de\/gsgv_14_2016\/\" target=\"_blank\" rel=\"noopener noreferrer\">14. ProdSV<\/a>.<\/p>\n<p>PED ma zastosowanie do projektowania, wytwarzania i oceny zgodno\u015bci urz\u0105dze\u0144 ci\u015bnieniowych i zespo\u0142\u00f3w. Aby spe\u0142ni\u0107 podstawowe wymagania bezpiecze\u0144stwa z za\u0142\u0105cznika I dyrektywy 2014\/64\/UE, w gr\u0119 wchodzi kilka zbior\u00f3w przepis\u00f3w (np. AD 2000, DIN EN 13445, DIN EN 13480), w kt\u00f3rych obszernie i szczeg\u00f3\u0142owo opisano obliczanie, produkcj\u0119 i badanie urz\u0105dze\u0144 ci\u015bnieniowych. Zasadniczo operatorzy maj\u0105 za zadanie zdefiniowanie urz\u0105dze\u0144 ci\u015bnieniowych, przeprowadzenie <a href=\"https:\/\/www.weyer-gruppe.com\/pl\/operatorzy-instalacji-i-inwestorzy\/ocena-ryzyka-gbu-zgodnie-z-betrsichv-am-vo\/\">oceny ryzyka<\/a> i okre\u015blenie wynikaj\u0105cych z tego cz\u0119stotliwo\u015bci kontroli oraz obowi\u0105zk\u00f3w w zakresie kontroli.<\/p>\n<h2>Us\u0142ugi w zakresie zakupu urz\u0105dze\u0144 ci\u015bnieniowych:<\/h2>\n<ul class=\"arrow-gray\">\n<li>Okre\u015blenie odpowiedzialno\u015bci producenta w rozumieniu dyrektywy w sprawie urz\u0105dze\u0144 ci\u015bnieniowych<\/li>\n<li>Okre\u015blenie specyfikacji zam\u00f3wienia, r\u00f3wnie\u017c w odniesieniu do wynikaj\u0105cych z niej cykli bada\u0144<\/li>\n<li>Zapoznaj si\u0119 z wymaganymi kwalifikacjami firm produkcyjnych.<\/li>\n<li>Przegl\u0105d sta\u017cu i wyboru modu\u0142\u00f3w<\/li>\n<li>Sprawdzanie wymaganych dokument\u00f3w spawalniczych przed rozpocz\u0119ciem produkcji.<\/li>\n<li>Przegl\u0105d zdefiniowanego zakresu inspekcji i planu inspekcji (ITP)<\/li>\n<li>Wsparcie produkcji i realizacja kontroli okresowych<\/li>\n<li>Ocena zgodno\u015bci (deklaracja zgodno\u015bci) i przegl\u0105d dokumentacji producenta<\/li>\n<li>Przeprowadzanie bada\u0144 odbiorczych, ocena \u015bwiadectw bada\u0144 i towarzysz\u0105cych im pr\u00f3b ci\u015bnieniowych u producenta<\/li>\n<\/ul>\n<h2>Us\u0142ugi w zakresie prowadzenia zak\u0142ad\u00f3w poligraficznych:<\/h2>\n<ul class=\"arrow-gray\">\n<li>Okre\u015blenie obowi\u0105zk\u00f3w w zakresie kontroli i maksymalnych okres\u00f3w kontroli okresowych zgodnie z za\u0142\u0105cznikiem II sekcja 4 do konwencji BetrSichV (na podstawie istniej\u0105cych ocen ryzyka).<\/li>\n<li>Przygotowanie oceny ryzyka zgodnie z TRBS 1111 i 2141<\/li>\n<li>Przygotowanie program\u00f3w bada\u0144 dla ruroci\u0105g\u00f3w wymagaj\u0105cych kontroli (cel: badanie ruroci\u0105g\u00f3w powierzonych Z\u00dcS przez kompetentne osoby)<\/li>\n<li>Badania wst\u0119pne i okresowe (zewn\u0119trzne, wewn\u0119trzne i wytrzyma\u0142o\u015bciowe) urz\u0105dze\u0144 ci\u015bnieniowych.<\/li>\n<\/ul>\n<p>Grupa weyer posiada w\u0142asne wykwalifikowane osoby zgodnie z za\u0142\u0105cznikiem II, sekcja 4, nr 3 BetrSichV i mo\u017ce przeprowadza\u0107 testy dla urz\u0105dze\u0144 roboczych, system\u00f3w ci\u015bnieniowych wymagaj\u0105cych monitorowania oraz cz\u0119\u015bci system\u00f3w, kt\u00f3re podlegaj\u0105 odpowiedzialno\u015bci testowej wykwalifikowanej osoby.[\/vc_column_text][\/vc_column][\/vc_row][vc_row][vc_column]<div class=\"grve-element grve-hr grve-space-divider\" style=\"\"><\/div><h3 class=\"grve-element grve-align-left grve-title-no-line grve-h3\" style=\"\"><span>Nasz zesp\u00f3\u0142<\/span><\/h3>[\/vc_column][\/vc_row][vc_row][vc_column width=&#8221;1\/4&#8243;]\r\n\t\t<div class=\"grve-team grve-element\" style=\"\">\r\n\t\t\t<figure class=\"grve-image-hover grve-style-1 grve-zoom-in\">\r\n\t\t\t\t<div class=\"grve-team-person grve-media grve-dark-overlay grve-opacity-60\">\r\n\t\t\t\t\t<img decoding=\"async\" width=\"350\" height=\"350\" src=\"https:\/\/www.weyer-gruppe.com\/wp-content\/uploads\/2020\/12\/iyad-abou-alfadel.jpg\" class=\"attachment-grve-image-small-square size-grve-image-small-square\" alt=\"\" srcset=\"https:\/\/www.weyer-gruppe.com\/wp-content\/uploads\/2020\/12\/iyad-abou-alfadel.jpg 350w, https:\/\/www.weyer-gruppe.com\/wp-content\/uploads\/2020\/12\/iyad-abou-alfadel-300x300.jpg 300w, https:\/\/www.weyer-gruppe.com\/wp-content\/uploads\/2020\/12\/iyad-abou-alfadel-150x150.jpg 150w, https:\/\/www.weyer-gruppe.com\/wp-content\/uploads\/2020\/12\/iyad-abou-alfadel-80x80.jpg 80w\" sizes=\"(max-width: 350px) 100vw, 350px\" \/>\t\t\t\t<\/div>\r\n\t\t\t\t<figcaption>\r\n\t\t\t\t\t<div class=\"grve-team-description\">\r\n\t\t\t\t\t\t\t\t\t\t\t\t<h4 class=\"grve-team-name grve-dark grve-h4\">Iyad Abou Alfadel<\/h4>\r\n\t\t\t\t\t\t\t\t\t\t\t\t<small class=\"grve-team-identity grve-dark\">horst weyer und partner<\/small>\r\n\t\t\t\t\t<\/div>\r\n\t\t\t\t\t\t\t\t\t<\/figcaption>\r\n\t\t\t<\/figure>\r\n\t\t<\/div>\r\n\r\n\t\t[\/vc_column][vc_column width=&#8221;1\/4&#8243;][\/vc_column][vc_column width=&#8221;1\/4&#8243;][\/vc_column][vc_column width=&#8221;1\/4&#8243;][\/vc_column][\/vc_row][vc_row][vc_column]<div class=\"grve-element grve-hr grve-space-divider\" style=\"\"><\/div>[\/vc_column][\/vc_row]\n<\/div>","protected":false},"excerpt":{"rendered":"<p>[vc_row][vc_column][vc_column_text]Urz\u0105dzenia robocze i systemy ci\u015bnieniowe wymagaj\u0105ce nadzoru w rozumieniu BetrSichV i ProdSG, takie jak proste instalacje spr\u0119\u017conego powietrza lub z\u0142o\u017cone systemy in\u017cynierii procesowej sk\u0142adaj\u0105ce si\u0119 z kilku zbiornik\u00f3w ci\u015bnieniowych, kot\u0142\u00f3w parowych lub ruroci\u0105g\u00f3w, musz\u0105 by\u0107 eksploatowane w taki spos\u00f3b, aby zagwarantowane by\u0142o bezpiecze\u0144stwo i ochrona pracownik\u00f3w. Wymagania dotycz\u0105ce eksploatacji i kontroli tych system\u00f3w\/urz\u0105dze\u0144 roboczych wymagaj\u0105cych [&hellip;]<\/p>\n","protected":false},"author":5,"featured_media":0,"parent":23842,"menu_order":0,"comment_status":"closed","ping_status":"closed","template":"","meta":{"footnotes":""},"class_list":["post-31289","page","type-page","status-publish","hentry"],"yoast_head":"<!-- This site is optimized with the Yoast SEO Premium plugin v27.4 (Yoast SEO v27.4) - https:\/\/yoast.com\/product\/yoast-seo-premium-wordpress\/ -->\n<title>Us\u0142ugi \u015bwiadczone przez osoby kompetentne w zakresie system\u00f3w ci\u015bnieniowych &#8211; weyer gruppe<\/title>\n<meta name=\"description\" content=\"weyer gruppe wspiera Pa\u0144stwa w zakupie i eksploatacji urz\u0105dze\u0144 ci\u015bnieniowych przez osoby kompetentne w zakresie system\u00f3w ci\u015bnieniowych.\" \/>\n<meta name=\"robots\" content=\"index, follow, max-snippet:-1, max-image-preview:large, max-video-preview:-1\" \/>\n<link rel=\"canonical\" href=\"https:\/\/www.weyer-gruppe.com\/pl\/operatorzy-instalacji-i-inwestorzy\/uslugi-swiadczone-przez-osoby-kompetentne-w-zakresie-systemow-cisnieniowych\/\" \/>\n<meta property=\"og:locale\" content=\"pl_PL\" \/>\n<meta property=\"og:type\" content=\"article\" \/>\n<meta property=\"og:title\" content=\"Us\u0142ugi \u015bwiadczone przez osoby kompetentne w zakresie system\u00f3w ci\u015bnieniowych\" \/>\n<meta property=\"og:description\" content=\"weyer gruppe wspiera Pa\u0144stwa w zakupie i eksploatacji urz\u0105dze\u0144 ci\u015bnieniowych przez osoby kompetentne w zakresie system\u00f3w ci\u015bnieniowych.\" \/>\n<meta property=\"og:url\" content=\"https:\/\/www.weyer-gruppe.com\/pl\/operatorzy-instalacji-i-inwestorzy\/uslugi-swiadczone-przez-osoby-kompetentne-w-zakresie-systemow-cisnieniowych\/\" \/>\n<meta property=\"og:site_name\" content=\"weyer gruppe\" \/>\n<meta property=\"article:publisher\" content=\"https:\/\/www.facebook.com\/weyergruppe\" \/>\n<meta property=\"article:modified_time\" content=\"2026-03-20T11:40:47+00:00\" \/>\n<meta name=\"twitter:card\" content=\"summary_large_image\" \/>\n<meta name=\"twitter:label1\" content=\"Szacowany czas czytania\" \/>\n\t<meta name=\"twitter:data1\" content=\"3 minuty\" \/>\n<script type=\"application\/ld+json\" class=\"yoast-schema-graph\">{\"@context\":\"https:\\\/\\\/schema.org\",\"@graph\":[{\"@type\":\"WebPage\",\"@id\":\"https:\\\/\\\/www.weyer-gruppe.com\\\/pl\\\/operatorzy-instalacji-i-inwestorzy\\\/uslugi-swiadczone-przez-osoby-kompetentne-w-zakresie-systemow-cisnieniowych\\\/\",\"url\":\"https:\\\/\\\/www.weyer-gruppe.com\\\/pl\\\/operatorzy-instalacji-i-inwestorzy\\\/uslugi-swiadczone-przez-osoby-kompetentne-w-zakresie-systemow-cisnieniowych\\\/\",\"name\":\"Us\u0142ugi \u015bwiadczone przez osoby kompetentne w zakresie system\u00f3w ci\u015bnieniowych &#8211; weyer gruppe\",\"isPartOf\":{\"@id\":\"https:\\\/\\\/www.weyer-gruppe.com\\\/pl\\\/#website\"},\"datePublished\":\"2020-12-11T08:51:50+00:00\",\"dateModified\":\"2026-03-20T11:40:47+00:00\",\"description\":\"weyer gruppe wspiera Pa\u0144stwa w zakupie i eksploatacji urz\u0105dze\u0144 ci\u015bnieniowych przez osoby kompetentne w zakresie system\u00f3w ci\u015bnieniowych.\",\"breadcrumb\":{\"@id\":\"https:\\\/\\\/www.weyer-gruppe.com\\\/pl\\\/operatorzy-instalacji-i-inwestorzy\\\/uslugi-swiadczone-przez-osoby-kompetentne-w-zakresie-systemow-cisnieniowych\\\/#breadcrumb\"},\"inLanguage\":\"pl-PL\",\"potentialAction\":[{\"@type\":\"ReadAction\",\"target\":[\"https:\\\/\\\/www.weyer-gruppe.com\\\/pl\\\/operatorzy-instalacji-i-inwestorzy\\\/uslugi-swiadczone-przez-osoby-kompetentne-w-zakresie-systemow-cisnieniowych\\\/\"]}]},{\"@type\":\"BreadcrumbList\",\"@id\":\"https:\\\/\\\/www.weyer-gruppe.com\\\/pl\\\/operatorzy-instalacji-i-inwestorzy\\\/uslugi-swiadczone-przez-osoby-kompetentne-w-zakresie-systemow-cisnieniowych\\\/#breadcrumb\",\"itemListElement\":[{\"@type\":\"ListItem\",\"position\":1,\"name\":\"HOME\",\"item\":\"https:\\\/\\\/www.weyer-gruppe.com\\\/pl\\\/\"},{\"@type\":\"ListItem\",\"position\":2,\"name\":\"Operatorzy instalacji i inwestorzy\",\"item\":\"https:\\\/\\\/www.weyer-gruppe.com\\\/pl\\\/operatorzy-instalacji-i-inwestorzy\\\/\"},{\"@type\":\"ListItem\",\"position\":3,\"name\":\"Us\u0142ugi \u015bwiadczone przez osoby kompetentne w zakresie system\u00f3w ci\u015bnieniowych\"}]},{\"@type\":\"WebSite\",\"@id\":\"https:\\\/\\\/www.weyer-gruppe.com\\\/pl\\\/#website\",\"url\":\"https:\\\/\\\/www.weyer-gruppe.com\\\/pl\\\/\",\"name\":\"weyer gruppe\",\"description\":\"komplett. durchdacht.\",\"publisher\":{\"@id\":\"https:\\\/\\\/www.weyer-gruppe.com\\\/pl\\\/#organization\"},\"potentialAction\":[{\"@type\":\"SearchAction\",\"target\":{\"@type\":\"EntryPoint\",\"urlTemplate\":\"https:\\\/\\\/www.weyer-gruppe.com\\\/pl\\\/?s={search_term_string}\"},\"query-input\":{\"@type\":\"PropertyValueSpecification\",\"valueRequired\":true,\"valueName\":\"search_term_string\"}}],\"inLanguage\":\"pl-PL\"},{\"@type\":\"Organization\",\"@id\":\"https:\\\/\\\/www.weyer-gruppe.com\\\/pl\\\/#organization\",\"name\":\"weyer gruppe\",\"url\":\"https:\\\/\\\/www.weyer-gruppe.com\\\/pl\\\/\",\"logo\":{\"@type\":\"ImageObject\",\"inLanguage\":\"pl-PL\",\"@id\":\"https:\\\/\\\/www.weyer-gruppe.com\\\/pl\\\/#\\\/schema\\\/logo\\\/image\\\/\",\"url\":\"https:\\\/\\\/www.weyer-gruppe.com\\\/wp-content\\\/uploads\\\/2019\\\/07\\\/logo-weyer-gruppe-de.png\",\"contentUrl\":\"https:\\\/\\\/www.weyer-gruppe.com\\\/wp-content\\\/uploads\\\/2019\\\/07\\\/logo-weyer-gruppe-de.png\",\"width\":532,\"height\":513,\"caption\":\"weyer gruppe\"},\"image\":{\"@id\":\"https:\\\/\\\/www.weyer-gruppe.com\\\/pl\\\/#\\\/schema\\\/logo\\\/image\\\/\"},\"sameAs\":[\"https:\\\/\\\/www.facebook.com\\\/weyergruppe\",\"https:\\\/\\\/de.linkedin.com\\\/company\\\/weyer-gruppe\",\"https:\\\/\\\/www.youtube.com\\\/channel\\\/UCmZItECuW56Ih_p501_Bq8A\"],\"description\":\"Die weyer gruppe ist seit 1976 Ihr Partner f\u00fcr verfahrenstechnische Anlagenplanung und Anlagensicherheit. Mit einem erfahrenen Team von \u00fcber 190 Mitarbeitern in Deutschland, \u00d6sterreich, Polen und der Schweiz realisieren wir j\u00e4hrlich \u00fcber 1.000 Kundenprojekte. Unsere Expertise erstreckt sich \u00fcber verschiedene Branchen wie Chemie, Pharma, Mineral\u00f6l sowie Ver- und Entsorgung. Vertrauen Sie auf die weyer Gruppe f\u00fcr ma\u00dfgeschneiderte Engineering- und Consulting-L\u00f6sungen, die Ihre Anforderungen in puncto Sicherheit und Effizienz erf\u00fcllen.\",\"email\":\"info@weyer-gruppe.com\",\"telephone\":\"+49 (0) 24 21 \u2013 69 09 1 \u2013 0\",\"numberOfEmployees\":{\"@type\":\"QuantitativeValue\",\"minValue\":\"51\",\"maxValue\":\"200\"}}]}<\/script>\n<!-- \/ Yoast SEO Premium plugin. -->","yoast_head_json":{"title":"Us\u0142ugi \u015bwiadczone przez osoby kompetentne w zakresie system\u00f3w ci\u015bnieniowych &#8211; weyer gruppe","description":"weyer gruppe wspiera Pa\u0144stwa w zakupie i eksploatacji urz\u0105dze\u0144 ci\u015bnieniowych przez osoby kompetentne w zakresie system\u00f3w ci\u015bnieniowych.","robots":{"index":"index","follow":"follow","max-snippet":"max-snippet:-1","max-image-preview":"max-image-preview:large","max-video-preview":"max-video-preview:-1"},"canonical":"https:\/\/www.weyer-gruppe.com\/pl\/operatorzy-instalacji-i-inwestorzy\/uslugi-swiadczone-przez-osoby-kompetentne-w-zakresie-systemow-cisnieniowych\/","og_locale":"pl_PL","og_type":"article","og_title":"Us\u0142ugi \u015bwiadczone przez osoby kompetentne w zakresie system\u00f3w ci\u015bnieniowych","og_description":"weyer gruppe wspiera Pa\u0144stwa w zakupie i eksploatacji urz\u0105dze\u0144 ci\u015bnieniowych przez osoby kompetentne w zakresie system\u00f3w ci\u015bnieniowych.","og_url":"https:\/\/www.weyer-gruppe.com\/pl\/operatorzy-instalacji-i-inwestorzy\/uslugi-swiadczone-przez-osoby-kompetentne-w-zakresie-systemow-cisnieniowych\/","og_site_name":"weyer gruppe","article_publisher":"https:\/\/www.facebook.com\/weyergruppe","article_modified_time":"2026-03-20T11:40:47+00:00","twitter_card":"summary_large_image","twitter_misc":{"Szacowany czas czytania":"3 minuty"},"schema":{"@context":"https:\/\/schema.org","@graph":[{"@type":"WebPage","@id":"https:\/\/www.weyer-gruppe.com\/pl\/operatorzy-instalacji-i-inwestorzy\/uslugi-swiadczone-przez-osoby-kompetentne-w-zakresie-systemow-cisnieniowych\/","url":"https:\/\/www.weyer-gruppe.com\/pl\/operatorzy-instalacji-i-inwestorzy\/uslugi-swiadczone-przez-osoby-kompetentne-w-zakresie-systemow-cisnieniowych\/","name":"Us\u0142ugi \u015bwiadczone przez osoby kompetentne w zakresie system\u00f3w ci\u015bnieniowych &#8211; weyer gruppe","isPartOf":{"@id":"https:\/\/www.weyer-gruppe.com\/pl\/#website"},"datePublished":"2020-12-11T08:51:50+00:00","dateModified":"2026-03-20T11:40:47+00:00","description":"weyer gruppe wspiera Pa\u0144stwa w zakupie i eksploatacji urz\u0105dze\u0144 ci\u015bnieniowych przez osoby kompetentne w zakresie system\u00f3w ci\u015bnieniowych.","breadcrumb":{"@id":"https:\/\/www.weyer-gruppe.com\/pl\/operatorzy-instalacji-i-inwestorzy\/uslugi-swiadczone-przez-osoby-kompetentne-w-zakresie-systemow-cisnieniowych\/#breadcrumb"},"inLanguage":"pl-PL","potentialAction":[{"@type":"ReadAction","target":["https:\/\/www.weyer-gruppe.com\/pl\/operatorzy-instalacji-i-inwestorzy\/uslugi-swiadczone-przez-osoby-kompetentne-w-zakresie-systemow-cisnieniowych\/"]}]},{"@type":"BreadcrumbList","@id":"https:\/\/www.weyer-gruppe.com\/pl\/operatorzy-instalacji-i-inwestorzy\/uslugi-swiadczone-przez-osoby-kompetentne-w-zakresie-systemow-cisnieniowych\/#breadcrumb","itemListElement":[{"@type":"ListItem","position":1,"name":"HOME","item":"https:\/\/www.weyer-gruppe.com\/pl\/"},{"@type":"ListItem","position":2,"name":"Operatorzy instalacji i inwestorzy","item":"https:\/\/www.weyer-gruppe.com\/pl\/operatorzy-instalacji-i-inwestorzy\/"},{"@type":"ListItem","position":3,"name":"Us\u0142ugi \u015bwiadczone przez osoby kompetentne w zakresie system\u00f3w ci\u015bnieniowych"}]},{"@type":"WebSite","@id":"https:\/\/www.weyer-gruppe.com\/pl\/#website","url":"https:\/\/www.weyer-gruppe.com\/pl\/","name":"weyer gruppe","description":"komplett. durchdacht.","publisher":{"@id":"https:\/\/www.weyer-gruppe.com\/pl\/#organization"},"potentialAction":[{"@type":"SearchAction","target":{"@type":"EntryPoint","urlTemplate":"https:\/\/www.weyer-gruppe.com\/pl\/?s={search_term_string}"},"query-input":{"@type":"PropertyValueSpecification","valueRequired":true,"valueName":"search_term_string"}}],"inLanguage":"pl-PL"},{"@type":"Organization","@id":"https:\/\/www.weyer-gruppe.com\/pl\/#organization","name":"weyer gruppe","url":"https:\/\/www.weyer-gruppe.com\/pl\/","logo":{"@type":"ImageObject","inLanguage":"pl-PL","@id":"https:\/\/www.weyer-gruppe.com\/pl\/#\/schema\/logo\/image\/","url":"https:\/\/www.weyer-gruppe.com\/wp-content\/uploads\/2019\/07\/logo-weyer-gruppe-de.png","contentUrl":"https:\/\/www.weyer-gruppe.com\/wp-content\/uploads\/2019\/07\/logo-weyer-gruppe-de.png","width":532,"height":513,"caption":"weyer gruppe"},"image":{"@id":"https:\/\/www.weyer-gruppe.com\/pl\/#\/schema\/logo\/image\/"},"sameAs":["https:\/\/www.facebook.com\/weyergruppe","https:\/\/de.linkedin.com\/company\/weyer-gruppe","https:\/\/www.youtube.com\/channel\/UCmZItECuW56Ih_p501_Bq8A"],"description":"Die weyer gruppe ist seit 1976 Ihr Partner f\u00fcr verfahrenstechnische Anlagenplanung und Anlagensicherheit. Mit einem erfahrenen Team von \u00fcber 190 Mitarbeitern in Deutschland, \u00d6sterreich, Polen und der Schweiz realisieren wir j\u00e4hrlich \u00fcber 1.000 Kundenprojekte. Unsere Expertise erstreckt sich \u00fcber verschiedene Branchen wie Chemie, Pharma, Mineral\u00f6l sowie Ver- und Entsorgung. Vertrauen Sie auf die weyer Gruppe f\u00fcr ma\u00dfgeschneiderte Engineering- und Consulting-L\u00f6sungen, die Ihre Anforderungen in puncto Sicherheit und Effizienz erf\u00fcllen.","email":"info@weyer-gruppe.com","telephone":"+49 (0) 24 21 \u2013 69 09 1 \u2013 0","numberOfEmployees":{"@type":"QuantitativeValue","minValue":"51","maxValue":"200"}}]}},"_links":{"self":[{"href":"https:\/\/www.weyer-gruppe.com\/pl\/wp-json\/wp\/v2\/pages\/31289","targetHints":{"allow":["GET"]}}],"collection":[{"href":"https:\/\/www.weyer-gruppe.com\/pl\/wp-json\/wp\/v2\/pages"}],"about":[{"href":"https:\/\/www.weyer-gruppe.com\/pl\/wp-json\/wp\/v2\/types\/page"}],"author":[{"embeddable":true,"href":"https:\/\/www.weyer-gruppe.com\/pl\/wp-json\/wp\/v2\/users\/5"}],"replies":[{"embeddable":true,"href":"https:\/\/www.weyer-gruppe.com\/pl\/wp-json\/wp\/v2\/comments?post=31289"}],"version-history":[{"count":1,"href":"https:\/\/www.weyer-gruppe.com\/pl\/wp-json\/wp\/v2\/pages\/31289\/revisions"}],"predecessor-version":[{"id":238004,"href":"https:\/\/www.weyer-gruppe.com\/pl\/wp-json\/wp\/v2\/pages\/31289\/revisions\/238004"}],"up":[{"embeddable":true,"href":"https:\/\/www.weyer-gruppe.com\/pl\/wp-json\/wp\/v2\/pages\/23842"}],"wp:attachment":[{"href":"https:\/\/www.weyer-gruppe.com\/pl\/wp-json\/wp\/v2\/media?parent=31289"}],"curies":[{"name":"wp","href":"https:\/\/api.w.org\/{rel}","templated":true}]}}