{"id":24155,"date":"2019-08-02T08:39:33","date_gmt":"2019-08-02T06:39:33","guid":{"rendered":"https:\/\/www.weyer-gruppe.com\/sektor-publiczny\/zarzadzanie-zastrzezeniami\/"},"modified":"2026-03-23T09:07:11","modified_gmt":"2026-03-23T08:07:11","slug":"zarzadzanie-zastrzezeniami","status":"publish","type":"page","link":"https:\/\/www.weyer-gruppe.com\/pl\/sektor-publiczny\/zarzadzanie-zastrzezeniami\/","title":{"rendered":"Zarz\u0105dzanie zastrze\u017ceniami"},"content":{"rendered":"<div class=\"wpb-content-wrapper\">[vc_row][vc_column][vc_column_text]Jednym z zasadniczych warunk\u00f3w uzyskania zezwolenia lub przeprowadzenia procedury planowania jest udzia\u0142 spo\u0142ecze\u0144stwa. Im wi\u0119kszy lub bardziej dyskutowany jest planowany projekt, tym wi\u0119kszy jest interes publiczny. . Cz\u0119sto debata ta odbywa si\u0119 wtedy r\u00f3wnie\u017c na szczeblu politycznym, tak wi\u0119c mo\u017cna si\u0119 spodziewa\u0107 du\u017cej liczby sprzeciw\u00f3w ze strony obywateli. Aby poradzi\u0107 sobie z tak\u0105 ilo\u015bci\u0105 zastrze\u017ce\u0144, nale\u017cy nimi kompleksowo zarz\u0105dza\u0107.<\/p>\n<p>Od ponad 20 lat grupa weyer pomaga w\u0142adzom i tw\u00f3rcom projekt\u00f3w w procedurach zatwierdzania, planowania i okre\u015blania zakres\u00f3w z udzia\u0142em spo\u0142ecze\u0144stwa. Zadania obejmuj\u0105 zarz\u0105dzanie projektem podczas ca\u0142ego procesu planowania, przygotowania, wdra\u017cania planowania regionalnego, ustalania zakresu, procedur zatwierdzania i planowania z udzia\u0142em spo\u0142ecze\u0144stwa na przyk\u0142ad w projektach budowy, rozbudowy lub modyfikacji (elektrownie, lotniska, drogi itp.).<\/p>\n<p>W trakcie procesu zastrze\u017cenia s\u0105 analizowane przez ekspert\u00f3w grupy weyer w odpowiednim prawie zatwierdzaj\u0105cym i przypisywane do drzewa tematycznego. Takie grupowanie pozwala na podsumowanie zastrze\u017ce\u0144 w postaci argument\u00f3w i grup argument\u00f3w. Z tego z kolei przygotowujemy porz\u0105dek obrad spotkania dyskusyjnego.<\/p>\n<p>Ch\u0119tnie przejmiemy ca\u0142e planowanie, realizacj\u0119 i czynno\u015bci po zako\u0144czeniu spotkania. Do Pa\u0144stwa nale\u017cy jedynie stawienie si\u0119 na spotkaniu, a na koniec otrzymaj\u0105 Pa\u0144stwo wyczerpuj\u0105c\u0105 dokumentacj\u0119.<\/p>\n<p>Na cz\u0119sto zadawane przez naszych klient\u00f3w pytania na temat zarz\u0105dzania zastrze\u017ceniami odpowiadamy w <a href=\"https:\/\/www.weyer-gruppe.com\/2015\/01\/09\/haeufig-gestellte-fragen-zum-thema-einwendungsmanagement\/\">tym artykule<\/a> (tylko w j\u0119zyku niemieckim).[\/vc_column_text][\/vc_column][\/vc_row][vc_row][vc_column][vc_column_text]\n<h2>Us\u0142ugi<\/h2>\n<ul class=\"arrow-gray\">\n<li class=\"first-child\">Rejestrowanie i rozpatrywanie zastrze\u017ce\u0144 za pomoc\u0105 bazy danych do rejestrowania sprzeciw\u00f3w<\/li>\n<li>Specjalistyczne przetwarzanie i ocena zastrze\u017ce\u0144<\/li>\n<li>Logistyka, organizacja i nadz\u00f3r nad spotkaniem dyskusyjnym od koncepcji do podsumowuj\u0105cego wyniku spotkania<\/li>\n<li class=\"last-child\">Realizacja i dzia\u0142ania nast\u0119pcze po spotkaniu dyskusyjnym<\/li>\n<\/ul>\n[\/vc_column_text][\/vc_column][\/vc_row][vc_row bg_type=&#8221;color&#8221; bg_color=&#8221;#0b3c80&#8243;][vc_column css=&#8221;.vc_custom_1563974199119{padding-top: 25px !important;padding-bottom: 25px !important;padding-left: 25px !important;}&#8221;]<div class=\"grve-element grve-hr grve-space-divider\" style=\"\"><\/div><div class=\"grve-element grve-image-text\" style=\"\">  <div class=\"grve-content grve-align-right\">    <h6>weyer spezial: Zarz\u0105dzanie zastrze\u017ceniami<\/h6>  <p><span style=\"color: #ffffff;\">Udzia\u0142 spo\u0142ecze\u0144stwa jest niezb\u0119dnym warunkiem wst\u0119pnym dla wielu procedur przyznawania licencji i zatwierdzania plan\u00f3w. Je\u015bli planowany projekt jest r\u00f3wnie\u017c przedmiotem dyskusji politycznej, to w\u0142adze zatwierdzaj\u0105ce cz\u0119sto spotykaj\u0105 si\u0119 z du\u017c\u0105 liczb\u0105 zastrze\u017ce\u0144. W celu przeprowadzenia procedury zatwierdzania w spos\u00f3b zgodny z prawem i terminowy, konieczne jest pe\u0142ne zarejestrowanie zastrze\u017ce\u0144. Na sugestie i krytyk\u0119 os\u00f3b zg\u0142aszaj\u0105cych sprzeciw nale\u017cy udzieli\u0107 wyczerpuj\u0105cej odpowiedzi&#8230;<\/span><\/p>    <a href=\"https:\/\/www.weyer-gruppe.com\/wp-content\/uploads\/2019\/07\/weyer-spezial-einwendungmanagement-0612.pdf\" target=\"_blank\" class=\"grve-read-more \">Pobierz weyer spezial tutaj<\/a>  <\/div><div class=\"grve-image\"><img decoding=\"async\" width=\"250\" height=\"354\" src=\"https:\/\/www.weyer-gruppe.com\/wp-content\/uploads\/2019\/07\/weyer-spezial-weyer-gruppe-einwendungsmanagement.jpg\" class=\"attachment-full size-full\" alt=\"Deckblatt weyer spezial Einwendungsmanagement\" srcset=\"\" \/><\/div><\/div><div class=\"grve-element grve-hr grve-space-divider\" style=\"\"><\/div>[\/vc_column][\/vc_row][vc_row][vc_column]<div class=\"grve-element grve-hr grve-space-divider\" style=\"\"><\/div><h3 class=\"grve-element grve-align-left grve-title-no-line grve-h3\" style=\"\"><span>Nasz zesp\u00f3\u0142<\/span><\/h3>[\/vc_column][\/vc_row][vc_row][vc_column width=&#8221;1\/4&#8243; tablet_sm_width=&#8221;1-2&#8243;]\r\n\t\t<div class=\"grve-team grve-element\" style=\"\">\r\n\t\t\t<figure class=\"grve-image-hover grve-style-1 grve-zoom-in\">\r\n\t\t\t\t<div class=\"grve-team-person grve-media grve-dark-overlay grve-opacity-60\">\r\n\t\t\t\t\t<img decoding=\"async\" width=\"300\" height=\"300\" src=\"https:\/\/www.weyer-gruppe.com\/wp-content\/uploads\/2019\/07\/pr-b.bongers.jpg\" class=\"attachment-grve-image-small-square size-grve-image-small-square\" alt=\"Zdj\u0119cie pracownika Bernd Bongers z PROBIOTEC GmbH\" srcset=\"https:\/\/www.weyer-gruppe.com\/wp-content\/uploads\/2019\/07\/pr-b.bongers.jpg 300w, https:\/\/www.weyer-gruppe.com\/wp-content\/uploads\/2019\/07\/pr-b.bongers-150x150.jpg 150w, https:\/\/www.weyer-gruppe.com\/wp-content\/uploads\/2019\/07\/pr-b.bongers-80x80.jpg 80w\" sizes=\"(max-width: 300px) 100vw, 300px\" \/>\t\t\t\t<\/div>\r\n\t\t\t\t<figcaption>\r\n\t\t\t\t\t<div class=\"grve-team-description\">\r\n\t\t\t\t\t\t\t\t\t\t\t\t<h4 class=\"grve-team-name grve-dark grve-h4\">Bernd Bongers<\/h4>\r\n\t\t\t\t\t\t\t\t\t\t\t\t<small class=\"grve-team-identity grve-dark\">Probiotec<\/small>\r\n\t\t\t\t\t<\/div>\r\n\t\t\t\t\t\t\t\t\t<\/figcaption>\r\n\t\t\t<\/figure>\r\n\t\t<\/div>\r\n\r\n\t\t[\/vc_column][\/vc_row][vc_row][vc_column]<div class=\"grve-element grve-hr grve-space-divider\" style=\"\"><\/div>[\/vc_column][\/vc_row]\n<\/div>","protected":false},"excerpt":{"rendered":"<p>[vc_row][vc_column][vc_column_text]Jednym z zasadniczych warunk\u00f3w uzyskania zezwolenia lub przeprowadzenia procedury planowania jest udzia\u0142 spo\u0142ecze\u0144stwa. Im wi\u0119kszy lub bardziej dyskutowany jest planowany projekt, tym wi\u0119kszy jest interes publiczny. . Cz\u0119sto debata ta odbywa si\u0119 wtedy r\u00f3wnie\u017c na szczeblu politycznym, tak wi\u0119c mo\u017cna si\u0119 spodziewa\u0107 du\u017cej liczby sprzeciw\u00f3w ze strony obywateli. Aby poradzi\u0107 sobie z tak\u0105 ilo\u015bci\u0105 zastrze\u017ce\u0144, [&hellip;]<\/p>\n","protected":false},"author":5,"featured_media":0,"parent":23973,"menu_order":0,"comment_status":"closed","ping_status":"closed","template":"","meta":{"footnotes":""},"class_list":["post-24155","page","type-page","status-publish","hentry"],"yoast_head":"<!-- This site is optimized with the Yoast SEO Premium plugin v27.4 (Yoast SEO v27.4) - https:\/\/yoast.com\/product\/yoast-seo-premium-wordpress\/ -->\n<title>Zarz\u0105dzanie zastrze\u017ceniami &#8211; weyer gruppe<\/title>\n<meta name=\"description\" content=\"Weyer grouppe wspiera wszystkie strony zaanga\u017cowane w procedur\u0119 zatwierdzania lub planowania zatwierdze\u0144 w zakresie zarz\u0105dzania zastrze\u017ceniami i realizacji termin\u00f3w.\" \/>\n<meta name=\"robots\" content=\"index, follow, max-snippet:-1, max-image-preview:large, max-video-preview:-1\" \/>\n<link rel=\"canonical\" href=\"https:\/\/www.weyer-gruppe.com\/pl\/sektor-publiczny\/zarzadzanie-zastrzezeniami\/\" \/>\n<meta property=\"og:locale\" content=\"pl_PL\" \/>\n<meta property=\"og:type\" content=\"article\" \/>\n<meta property=\"og:title\" content=\"Zarz\u0105dzanie zastrze\u017ceniami\" \/>\n<meta property=\"og:description\" content=\"Weyer grouppe wspiera wszystkie strony zaanga\u017cowane w procedur\u0119 zatwierdzania lub planowania zatwierdze\u0144 w zakresie zarz\u0105dzania zastrze\u017ceniami i realizacji termin\u00f3w.\" \/>\n<meta property=\"og:url\" content=\"https:\/\/www.weyer-gruppe.com\/pl\/sektor-publiczny\/zarzadzanie-zastrzezeniami\/\" \/>\n<meta property=\"og:site_name\" content=\"weyer gruppe\" \/>\n<meta property=\"article:publisher\" content=\"https:\/\/www.facebook.com\/weyergruppe\" \/>\n<meta property=\"article:modified_time\" content=\"2026-03-23T08:07:11+00:00\" \/>\n<meta name=\"twitter:card\" content=\"summary_large_image\" \/>\n<meta name=\"twitter:label1\" content=\"Szacowany czas czytania\" \/>\n\t<meta name=\"twitter:data1\" content=\"2 minuty\" \/>\n<script type=\"application\/ld+json\" class=\"yoast-schema-graph\">{\"@context\":\"https:\\\/\\\/schema.org\",\"@graph\":[{\"@type\":\"WebPage\",\"@id\":\"https:\\\/\\\/www.weyer-gruppe.com\\\/pl\\\/sektor-publiczny\\\/zarzadzanie-zastrzezeniami\\\/\",\"url\":\"https:\\\/\\\/www.weyer-gruppe.com\\\/pl\\\/sektor-publiczny\\\/zarzadzanie-zastrzezeniami\\\/\",\"name\":\"Zarz\u0105dzanie zastrze\u017ceniami &#8211; weyer gruppe\",\"isPartOf\":{\"@id\":\"https:\\\/\\\/www.weyer-gruppe.com\\\/pl\\\/#website\"},\"datePublished\":\"2019-08-02T06:39:33+00:00\",\"dateModified\":\"2026-03-23T08:07:11+00:00\",\"description\":\"Weyer grouppe wspiera wszystkie strony zaanga\u017cowane w procedur\u0119 zatwierdzania lub planowania zatwierdze\u0144 w zakresie zarz\u0105dzania zastrze\u017ceniami i realizacji termin\u00f3w.\",\"breadcrumb\":{\"@id\":\"https:\\\/\\\/www.weyer-gruppe.com\\\/pl\\\/sektor-publiczny\\\/zarzadzanie-zastrzezeniami\\\/#breadcrumb\"},\"inLanguage\":\"pl-PL\",\"potentialAction\":[{\"@type\":\"ReadAction\",\"target\":[\"https:\\\/\\\/www.weyer-gruppe.com\\\/pl\\\/sektor-publiczny\\\/zarzadzanie-zastrzezeniami\\\/\"]}]},{\"@type\":\"BreadcrumbList\",\"@id\":\"https:\\\/\\\/www.weyer-gruppe.com\\\/pl\\\/sektor-publiczny\\\/zarzadzanie-zastrzezeniami\\\/#breadcrumb\",\"itemListElement\":[{\"@type\":\"ListItem\",\"position\":1,\"name\":\"HOME\",\"item\":\"https:\\\/\\\/www.weyer-gruppe.com\\\/pl\\\/\"},{\"@type\":\"ListItem\",\"position\":2,\"name\":\"Sektor publiczny\",\"item\":\"https:\\\/\\\/www.weyer-gruppe.com\\\/pl\\\/sektor-publiczny\\\/\"},{\"@type\":\"ListItem\",\"position\":3,\"name\":\"Zarz\u0105dzanie zastrze\u017ceniami\"}]},{\"@type\":\"WebSite\",\"@id\":\"https:\\\/\\\/www.weyer-gruppe.com\\\/pl\\\/#website\",\"url\":\"https:\\\/\\\/www.weyer-gruppe.com\\\/pl\\\/\",\"name\":\"weyer gruppe\",\"description\":\"komplett. durchdacht.\",\"publisher\":{\"@id\":\"https:\\\/\\\/www.weyer-gruppe.com\\\/pl\\\/#organization\"},\"potentialAction\":[{\"@type\":\"SearchAction\",\"target\":{\"@type\":\"EntryPoint\",\"urlTemplate\":\"https:\\\/\\\/www.weyer-gruppe.com\\\/pl\\\/?s={search_term_string}\"},\"query-input\":{\"@type\":\"PropertyValueSpecification\",\"valueRequired\":true,\"valueName\":\"search_term_string\"}}],\"inLanguage\":\"pl-PL\"},{\"@type\":\"Organization\",\"@id\":\"https:\\\/\\\/www.weyer-gruppe.com\\\/pl\\\/#organization\",\"name\":\"weyer gruppe\",\"url\":\"https:\\\/\\\/www.weyer-gruppe.com\\\/pl\\\/\",\"logo\":{\"@type\":\"ImageObject\",\"inLanguage\":\"pl-PL\",\"@id\":\"https:\\\/\\\/www.weyer-gruppe.com\\\/pl\\\/#\\\/schema\\\/logo\\\/image\\\/\",\"url\":\"https:\\\/\\\/www.weyer-gruppe.com\\\/wp-content\\\/uploads\\\/2019\\\/07\\\/logo-weyer-gruppe-de.png\",\"contentUrl\":\"https:\\\/\\\/www.weyer-gruppe.com\\\/wp-content\\\/uploads\\\/2019\\\/07\\\/logo-weyer-gruppe-de.png\",\"width\":532,\"height\":513,\"caption\":\"weyer gruppe\"},\"image\":{\"@id\":\"https:\\\/\\\/www.weyer-gruppe.com\\\/pl\\\/#\\\/schema\\\/logo\\\/image\\\/\"},\"sameAs\":[\"https:\\\/\\\/www.facebook.com\\\/weyergruppe\",\"https:\\\/\\\/de.linkedin.com\\\/company\\\/weyer-gruppe\",\"https:\\\/\\\/www.youtube.com\\\/channel\\\/UCmZItECuW56Ih_p501_Bq8A\"],\"description\":\"Die weyer gruppe ist seit 1976 Ihr Partner f\u00fcr verfahrenstechnische Anlagenplanung und Anlagensicherheit. Mit einem erfahrenen Team von \u00fcber 190 Mitarbeitern in Deutschland, \u00d6sterreich, Polen und der Schweiz realisieren wir j\u00e4hrlich \u00fcber 1.000 Kundenprojekte. Unsere Expertise erstreckt sich \u00fcber verschiedene Branchen wie Chemie, Pharma, Mineral\u00f6l sowie Ver- und Entsorgung. Vertrauen Sie auf die weyer Gruppe f\u00fcr ma\u00dfgeschneiderte Engineering- und Consulting-L\u00f6sungen, die Ihre Anforderungen in puncto Sicherheit und Effizienz erf\u00fcllen.\",\"email\":\"info@weyer-gruppe.com\",\"telephone\":\"+49 (0) 24 21 \u2013 69 09 1 \u2013 0\",\"numberOfEmployees\":{\"@type\":\"QuantitativeValue\",\"minValue\":\"51\",\"maxValue\":\"200\"}}]}<\/script>\n<!-- \/ Yoast SEO Premium plugin. -->","yoast_head_json":{"title":"Zarz\u0105dzanie zastrze\u017ceniami &#8211; weyer gruppe","description":"Weyer grouppe wspiera wszystkie strony zaanga\u017cowane w procedur\u0119 zatwierdzania lub planowania zatwierdze\u0144 w zakresie zarz\u0105dzania zastrze\u017ceniami i realizacji termin\u00f3w.","robots":{"index":"index","follow":"follow","max-snippet":"max-snippet:-1","max-image-preview":"max-image-preview:large","max-video-preview":"max-video-preview:-1"},"canonical":"https:\/\/www.weyer-gruppe.com\/pl\/sektor-publiczny\/zarzadzanie-zastrzezeniami\/","og_locale":"pl_PL","og_type":"article","og_title":"Zarz\u0105dzanie zastrze\u017ceniami","og_description":"Weyer grouppe wspiera wszystkie strony zaanga\u017cowane w procedur\u0119 zatwierdzania lub planowania zatwierdze\u0144 w zakresie zarz\u0105dzania zastrze\u017ceniami i realizacji termin\u00f3w.","og_url":"https:\/\/www.weyer-gruppe.com\/pl\/sektor-publiczny\/zarzadzanie-zastrzezeniami\/","og_site_name":"weyer gruppe","article_publisher":"https:\/\/www.facebook.com\/weyergruppe","article_modified_time":"2026-03-23T08:07:11+00:00","twitter_card":"summary_large_image","twitter_misc":{"Szacowany czas czytania":"2 minuty"},"schema":{"@context":"https:\/\/schema.org","@graph":[{"@type":"WebPage","@id":"https:\/\/www.weyer-gruppe.com\/pl\/sektor-publiczny\/zarzadzanie-zastrzezeniami\/","url":"https:\/\/www.weyer-gruppe.com\/pl\/sektor-publiczny\/zarzadzanie-zastrzezeniami\/","name":"Zarz\u0105dzanie zastrze\u017ceniami &#8211; weyer gruppe","isPartOf":{"@id":"https:\/\/www.weyer-gruppe.com\/pl\/#website"},"datePublished":"2019-08-02T06:39:33+00:00","dateModified":"2026-03-23T08:07:11+00:00","description":"Weyer grouppe wspiera wszystkie strony zaanga\u017cowane w procedur\u0119 zatwierdzania lub planowania zatwierdze\u0144 w zakresie zarz\u0105dzania zastrze\u017ceniami i realizacji termin\u00f3w.","breadcrumb":{"@id":"https:\/\/www.weyer-gruppe.com\/pl\/sektor-publiczny\/zarzadzanie-zastrzezeniami\/#breadcrumb"},"inLanguage":"pl-PL","potentialAction":[{"@type":"ReadAction","target":["https:\/\/www.weyer-gruppe.com\/pl\/sektor-publiczny\/zarzadzanie-zastrzezeniami\/"]}]},{"@type":"BreadcrumbList","@id":"https:\/\/www.weyer-gruppe.com\/pl\/sektor-publiczny\/zarzadzanie-zastrzezeniami\/#breadcrumb","itemListElement":[{"@type":"ListItem","position":1,"name":"HOME","item":"https:\/\/www.weyer-gruppe.com\/pl\/"},{"@type":"ListItem","position":2,"name":"Sektor publiczny","item":"https:\/\/www.weyer-gruppe.com\/pl\/sektor-publiczny\/"},{"@type":"ListItem","position":3,"name":"Zarz\u0105dzanie zastrze\u017ceniami"}]},{"@type":"WebSite","@id":"https:\/\/www.weyer-gruppe.com\/pl\/#website","url":"https:\/\/www.weyer-gruppe.com\/pl\/","name":"weyer gruppe","description":"komplett. durchdacht.","publisher":{"@id":"https:\/\/www.weyer-gruppe.com\/pl\/#organization"},"potentialAction":[{"@type":"SearchAction","target":{"@type":"EntryPoint","urlTemplate":"https:\/\/www.weyer-gruppe.com\/pl\/?s={search_term_string}"},"query-input":{"@type":"PropertyValueSpecification","valueRequired":true,"valueName":"search_term_string"}}],"inLanguage":"pl-PL"},{"@type":"Organization","@id":"https:\/\/www.weyer-gruppe.com\/pl\/#organization","name":"weyer gruppe","url":"https:\/\/www.weyer-gruppe.com\/pl\/","logo":{"@type":"ImageObject","inLanguage":"pl-PL","@id":"https:\/\/www.weyer-gruppe.com\/pl\/#\/schema\/logo\/image\/","url":"https:\/\/www.weyer-gruppe.com\/wp-content\/uploads\/2019\/07\/logo-weyer-gruppe-de.png","contentUrl":"https:\/\/www.weyer-gruppe.com\/wp-content\/uploads\/2019\/07\/logo-weyer-gruppe-de.png","width":532,"height":513,"caption":"weyer gruppe"},"image":{"@id":"https:\/\/www.weyer-gruppe.com\/pl\/#\/schema\/logo\/image\/"},"sameAs":["https:\/\/www.facebook.com\/weyergruppe","https:\/\/de.linkedin.com\/company\/weyer-gruppe","https:\/\/www.youtube.com\/channel\/UCmZItECuW56Ih_p501_Bq8A"],"description":"Die weyer gruppe ist seit 1976 Ihr Partner f\u00fcr verfahrenstechnische Anlagenplanung und Anlagensicherheit. Mit einem erfahrenen Team von \u00fcber 190 Mitarbeitern in Deutschland, \u00d6sterreich, Polen und der Schweiz realisieren wir j\u00e4hrlich \u00fcber 1.000 Kundenprojekte. Unsere Expertise erstreckt sich \u00fcber verschiedene Branchen wie Chemie, Pharma, Mineral\u00f6l sowie Ver- und Entsorgung. Vertrauen Sie auf die weyer Gruppe f\u00fcr ma\u00dfgeschneiderte Engineering- und Consulting-L\u00f6sungen, die Ihre Anforderungen in puncto Sicherheit und Effizienz erf\u00fcllen.","email":"info@weyer-gruppe.com","telephone":"+49 (0) 24 21 \u2013 69 09 1 \u2013 0","numberOfEmployees":{"@type":"QuantitativeValue","minValue":"51","maxValue":"200"}}]}},"_links":{"self":[{"href":"https:\/\/www.weyer-gruppe.com\/pl\/wp-json\/wp\/v2\/pages\/24155","targetHints":{"allow":["GET"]}}],"collection":[{"href":"https:\/\/www.weyer-gruppe.com\/pl\/wp-json\/wp\/v2\/pages"}],"about":[{"href":"https:\/\/www.weyer-gruppe.com\/pl\/wp-json\/wp\/v2\/types\/page"}],"author":[{"embeddable":true,"href":"https:\/\/www.weyer-gruppe.com\/pl\/wp-json\/wp\/v2\/users\/5"}],"replies":[{"embeddable":true,"href":"https:\/\/www.weyer-gruppe.com\/pl\/wp-json\/wp\/v2\/comments?post=24155"}],"version-history":[{"count":2,"href":"https:\/\/www.weyer-gruppe.com\/pl\/wp-json\/wp\/v2\/pages\/24155\/revisions"}],"predecessor-version":[{"id":238139,"href":"https:\/\/www.weyer-gruppe.com\/pl\/wp-json\/wp\/v2\/pages\/24155\/revisions\/238139"}],"up":[{"embeddable":true,"href":"https:\/\/www.weyer-gruppe.com\/pl\/wp-json\/wp\/v2\/pages\/23973"}],"wp:attachment":[{"href":"https:\/\/www.weyer-gruppe.com\/pl\/wp-json\/wp\/v2\/media?parent=24155"}],"curies":[{"name":"wp","href":"https:\/\/api.w.org\/{rel}","templated":true}]}}