{"id":24112,"date":"2019-07-17T16:28:14","date_gmt":"2019-07-17T14:28:14","guid":{"rendered":"https:\/\/www.weyer-gruppe.com\/o-nas\/narzedzia-programowe\/"},"modified":"2025-02-05T09:41:25","modified_gmt":"2025-02-05T08:41:25","slug":"narzedzia-programowe","status":"publish","type":"page","link":"https:\/\/www.weyer-gruppe.com\/pl\/o-nas\/narzedzia-programowe\/","title":{"rendered":"Narz\u0119dzia programowe"},"content":{"rendered":"<div class=\"wpb-content-wrapper\">[vc_row][vc_column][vc_column_text css=&#8221;&#8221;]Projekte der <a href=\"https:\/\/www.weyer-gruppe.com\/ueber-uns\/\" target=\"_blank\" rel=\"noopener\">weyer gruppe<\/a> aus den Bereichen Engineering und Consulting werden mithilfe verschiedener Software Tools effizient und fristgerecht abgeschlossen.[\/vc_column_text]<h2 class=\"grve-element grve-align-left grve-title-no-line grve-h2\" style=\"\"><span>Hier finden Sie einen \u00dcberblick \u00fcber die von uns genutzten Tools:<\/span><\/h2>[\/vc_column][\/vc_row][vc_row][vc_column][vc_tta_accordion c_icon=&#8221;triangle&#8221; active_section=&#8221;1&#8243;][vc_tta_section title=&#8221;Planowanie 2D&#8221; tab_id=&#8221;1582795891256-44ef2fa7-b89d&#8221;][vc_column_text css=&#8221;&#8221;]\n<ul class=\"arrow-gray\">\n<li>Comos PT<\/li>\n<li><a href=\"https:\/\/www.intergraph.com\/assets\/pdf\/isketch.pdf\" target=\"_blank\" rel=\"noreferrer noopener\">I-Sketch<\/a><\/li>\n<li><a href=\"https:\/\/www.autodesk.de\/store\/products\/autocad?term=1year&amp;support=basic\" target=\"_blank\" rel=\"noreferrer noopener\">AutoCAD<\/a><\/li>\n<li><a href=\"https:\/\/products.office.com\/en-us\/visio\/flowchart-software\" target=\"_blank\" rel=\"noreferrer noopener\">MS Visio<\/a><\/li>\n<li><a href=\"https:\/\/www.microstation-connect.de\/?gclid=CjwKCAjw5Kv7BRBSEiwAXGDElWIOxj6LoBmLOyv1chph5qA-lL8sws5PW_gmXYbilGQtoluUm1jjchoCAkUQAvD_BwE\">Bentley &#8211; MicroStation Connect<\/a><\/li>\n<\/ul>\n[\/vc_column_text][\/vc_tta_section][vc_tta_section title=&#8221;Planowanie 3D&#8221; tab_id=&#8221;1582795891272-12bbb1c3-68ca&#8221;][vc_column_text]\n<ul class=\"arrow-gray\">\n<li><a href=\"https:\/\/www.autodesk.com\/products\/inventor\/overview\" target=\"_blank\" rel=\"noreferrer noopener\">Inventor<\/a><\/li>\n<li><a href=\"https:\/\/www.autodesk.com\/solutions\/3d-cad-software\" target=\"_blank\" rel=\"noreferrer noopener\">AutoCAD 3D<\/a><\/li>\n<li><a href=\"https:\/\/www.microstation-connect.de\/?gclid=CjwKCAjw5Kv7BRBSEiwAXGDElWIOxj6LoBmLOyv1chph5qA-lL8sws5PW_gmXYbilGQtoluUm1jjchoCAkUQAvD_BwE\">Bentley &#8211; MicroStation Connect<\/a><\/li>\n<li><a href=\"https:\/\/www.bentley.com\/en\/products\/product-line\/plant-design-software\/openplant-pid\">Bentley &#8211; Open Plant Power PID<\/a><\/li>\n<li><a href=\"https:\/\/www.bentley.com\/en\/products\/product-line\/plant-design-software\/openplant-isometric-software\">Bentley &#8211; PlantSpace Isometrics<\/a><\/li>\n<\/ul>\n[\/vc_column_text][\/vc_tta_section][vc_tta_section title=&#8221;Planowanie EMR&#8221; tab_id=&#8221;1582795939118-3a8380f4-1934&#8243;][vc_column_text]\n<ul class=\"arrow-gray\">\n<li>AUCOPLAN<\/li>\n<li>EPLAN Electric<\/li>\n<li>WSCAD<\/li>\n<\/ul>\n[\/vc_column_text][\/vc_tta_section][vc_tta_section title=&#8221;Symulacja&#8221; tab_id=&#8221;1582795963208-88041946-f720&#8243;][vc_column_text]\n<ul class=\"arrow-gray\">\n<li>ChemCAD<\/li>\n<li>PRO\/II<\/li>\n<li><a href=\"https:\/\/www.aspentech.com\/products\/engineering\/aspen-plus\/\" target=\"_blank\" rel=\"noreferrer noopener\">Aspen Plus<\/a> \/ <a href=\"https:\/\/www.aspentech.com\/en\/products\/engineering\/aspen-hysys\" target=\"_blank\" rel=\"noreferrer noopener\">HYSYS<\/a><\/li>\n<li><a href=\"https:\/\/www.aspentech.com\/en\/products\/engineering\/aspen-exchanger-design-and-rating\" target=\"_blank\" rel=\"noreferrer noopener\">Aspen Heat Exchanger Design &amp; Rating<\/a><\/li>\n<li><a href=\"https:\/\/www.aspentech.com\/products\/engineering\/aspen-flare-system-analyzer\/\" target=\"_blank\" rel=\"noreferrer noopener\">Aspen Flare System Analyzer<\/a><\/li>\n<li><a href=\"https:\/\/www.aspentech.com\/en\/products\/pages\/aspen-energy-analyzer\" target=\"_blank\" rel=\"noreferrer noopener\">Aspen Energy Analyzer<\/a><\/li>\n<li>Flare net tool<\/li>\n<\/ul>\n[\/vc_column_text][\/vc_tta_section][vc_tta_section title=&#8221;Obliczenia statyczne rur&#8221; tab_id=&#8221;1582795987715-53be5e93-c9f7&#8243;][vc_column_text]\n<ul class=\"arrow-gray\">\n<li>Caesar II<\/li>\n<\/ul>\n[\/vc_column_text][\/vc_tta_section][vc_tta_section title=&#8221;Obliczanie wp\u0142ywu&#8221; tab_id=&#8221;1582796025532-f689a52c-d3a0&#8243;][vc_column_text]\n<ul class=\"arrow-gray\">\n<li>Effects<\/li>\n<li><a href=\"https:\/\/www.gexcon.com\/software\/riskcurves\/\" target=\"_blank\" rel=\"noreferrer noopener\">Riskcurves <\/a>(PDF)<\/li>\n<li><a href=\"https:\/\/www.pronuss.de\/\" target=\"_blank\" rel=\"noreferrer noopener\">ProNuSs<\/a><\/li>\n<li>MET 4.1<\/li>\n<li>e.Bex<\/li>\n<\/ul>\n[\/vc_column_text][\/vc_tta_section][vc_tta_section title=&#8221;Analizy bezpiecze\u0144stwa&#8221; tab_id=&#8221;1582796045601-c2f068f8-ec25&#8243;][vc_column_text]\n<ul class=\"arrow-gray\">\n<li><a href=\"https:\/\/www.primatech.com\/software\/phaworks\" target=\"_blank\" rel=\"noreferrer noopener\">PHAWorks<\/a><\/li>\n<li><a href=\"https:\/\/www.ihs.com\/products\/process-hazard-analysis-software-pha-pro.html\" target=\"_blank\" rel=\"noreferrer noopener\">PHA-Pro<\/a><\/li>\n<\/ul>\n[\/vc_column_text][\/vc_tta_section][vc_tta_section title=&#8221;Produkty bazy danych (w\u0142asne opracowania)&#8221; tab_id=&#8221;1582796066725-df48b05f-7ba6&#8243;][vc_column_text]\n<ul class=\"arrow-gray\">\n<li>CRISTAL<\/li>\n<li>PAKO<\/li>\n<li>VFI<\/li>\n<\/ul>\n[\/vc_column_text][\/vc_tta_section][\/vc_tta_accordion][\/vc_column][\/vc_row][vc_row][vc_column width=&#8221;1\/2&#8243;]<div class=\"grve-element grve-hr grve-space-divider\" style=\"\"><\/div><div class=\"grve-element grve-box-icon grve-align-center\" style=\"\">  <div class=\"grve-icon grve-medium grve-simple grve-no-shape grve-color-primary-1 far fa-envelope\"><\/div><\/div>[vc_column_text css=&#8221;&#8221;]\n<h3 style=\"text-align: center;\">Haben Sie Fragen?<\/h3>\n<p style=\"text-align: center;\">Sprechen Sie uns an!<br \/>\nUnsere Experten beraten Sie gerne!<\/p>\n[\/vc_column_text][\/vc_column][vc_column width=&#8221;1\/2&#8243;]\n<div class=\"wpcf7 no-js\" id=\"wpcf7-f78773-o1\" lang=\"de-DE\" dir=\"ltr\" data-wpcf7-id=\"78773\">\n<div class=\"screen-reader-response\"><p role=\"status\" aria-live=\"polite\" aria-atomic=\"true\"><\/p> <ul><\/ul><\/div>\n<form action=\"\/pl\/wp-json\/wp\/v2\/pages\/24112#wpcf7-f78773-o1\" method=\"post\" class=\"wpcf7-form init\" aria-label=\"Kontaktformular\" novalidate=\"novalidate\" data-status=\"init\">\n<fieldset class=\"hidden-fields-container\"><input type=\"hidden\" name=\"_wpcf7\" value=\"78773\" \/><input type=\"hidden\" name=\"_wpcf7_version\" value=\"6.1.5\" \/><input type=\"hidden\" name=\"_wpcf7_locale\" value=\"de_DE\" \/><input type=\"hidden\" name=\"_wpcf7_unit_tag\" value=\"wpcf7-f78773-o1\" \/><input type=\"hidden\" name=\"_wpcf7_container_post\" value=\"0\" \/><input type=\"hidden\" name=\"_wpcf7_posted_data_hash\" value=\"\" \/><input type=\"hidden\" name=\"_wpcf7_recaptcha_response\" value=\"\" \/>\n<\/fieldset>\n<p><label> Anrede (Pflichtfeld) <span class=\"wpcf7-form-control-wrap\" data-name=\"menu-543\"><select class=\"wpcf7-form-control wpcf7-select wpcf7-validates-as-required\" aria-required=\"true\" aria-invalid=\"false\" name=\"menu-543\"><option value=\"\">&#8211; Bitte ausw\u00e4hlen &#8211;<\/option><option value=\"Herr\">Herr<\/option><option value=\"Frau\">Frau<\/option><\/select><\/span> <\/label><label> Vorname (Pflichtfeld) <span class=\"wpcf7-form-control-wrap\" data-name=\"your-prename\"><input size=\"40\" maxlength=\"400\" class=\"wpcf7-form-control wpcf7-text wpcf7-validates-as-required\" aria-required=\"true\" aria-invalid=\"false\" value=\"\" type=\"text\" name=\"your-prename\" \/><\/span> <\/label><label> Name (Pflichtfeld) <span class=\"wpcf7-form-control-wrap\" data-name=\"your-lastname\"><input size=\"40\" maxlength=\"400\" class=\"wpcf7-form-control wpcf7-text wpcf7-validates-as-required\" aria-required=\"true\" aria-invalid=\"false\" value=\"\" type=\"text\" name=\"your-lastname\" \/><\/span> <\/label><label> E-Mail-Adresse (Pflichtfeld) <span class=\"wpcf7-form-control-wrap\" data-name=\"your-email\"><input size=\"40\" maxlength=\"400\" class=\"wpcf7-form-control wpcf7-email wpcf7-validates-as-required wpcf7-text wpcf7-validates-as-email\" aria-required=\"true\" aria-invalid=\"false\" value=\"\" type=\"email\" name=\"your-email\" \/><\/span> <\/label><label> Ihr Thema (Pflichtfeld) <span class=\"wpcf7-form-control-wrap\" data-name=\"your-subject\"><input size=\"40\" maxlength=\"400\" class=\"wpcf7-form-control wpcf7-text wpcf7-validates-as-required\" aria-required=\"true\" aria-invalid=\"false\" value=\"\" type=\"text\" name=\"your-subject\" \/><\/span> <\/label><br \/>\n<label> Ihre Nachricht (Pflichtfeld) <span class=\"wpcf7-form-control-wrap\" data-name=\"your-message\"><textarea cols=\"40\" rows=\"10\" maxlength=\"2000\" class=\"wpcf7-form-control wpcf7-textarea wpcf7-validates-as-required\" aria-required=\"true\" aria-invalid=\"false\" name=\"your-message\"><\/textarea><\/span> <\/label><br \/>\n<span class=\"wpcf7-form-control-wrap\" data-name=\"Datenschutzerklaerung\"><span class=\"wpcf7-form-control wpcf7-checkbox wpcf7-validates-as-required\"><span class=\"wpcf7-list-item first last\"><input type=\"checkbox\" name=\"Datenschutzerklaerung[]\" value=\"Ich habe die Datenschutzerkl\u00e4rung gelesen und erkl\u00e4re mich damit einverstanden.\" \/><span class=\"wpcf7-list-item-label\">Ich habe die Datenschutzerkl\u00e4rung gelesen und erkl\u00e4re mich damit einverstanden.<\/span><\/span><\/span><\/span>\n<\/p>\n<p><span class=\"wpcf7-form-control-wrap\" data-name=\"Newsletter\"><span class=\"wpcf7-form-control wpcf7-checkbox\"><span class=\"wpcf7-list-item first last\"><input type=\"checkbox\" name=\"Newsletter[]\" value=\"Ich m\u00f6chte Informationen zu kommenden Veranstaltungen und Neuigkeiten in der Branche erhalten\" \/><span class=\"wpcf7-list-item-label\">Ich m\u00f6chte Informationen zu kommenden Veranstaltungen und Neuigkeiten in der Branche erhalten<\/span><\/span><\/span><\/span><br \/>\n<br \/>\n<input class=\"wpcf7-form-control wpcf7-submit has-spinner\" type=\"submit\" value=\"Senden\" \/>\n<\/p><div class=\"wpcf7-response-output\" aria-hidden=\"true\"><\/div>\n<\/form>\n<\/div>\n[\/vc_column][\/vc_row]\n<\/div>","protected":false},"excerpt":{"rendered":"<p>[vc_row][vc_column][vc_column_text css=&#8221;&#8221;]Projekte der weyer gruppe aus den Bereichen Engineering und Consulting werden mithilfe verschiedener Software Tools effizient und fristgerecht abgeschlossen.[\/vc_column_text][\/vc_column][\/vc_row][vc_row][vc_column][vc_tta_accordion c_icon=&#8221;triangle&#8221; active_section=&#8221;1&#8243;][vc_tta_section title=&#8221;Planowanie 2D&#8221; tab_id=&#8221;1582795891256-44ef2fa7-b89d&#8221;][vc_column_text css=&#8221;&#8221;] Comos PT I-Sketch AutoCAD MS Visio Bentley &#8211; MicroStation Connect [\/vc_column_text][\/vc_tta_section][vc_tta_section title=&#8221;Planowanie 3D&#8221; tab_id=&#8221;1582795891272-12bbb1c3-68ca&#8221;][vc_column_text] Inventor AutoCAD 3D Bentley &#8211; MicroStation Connect Bentley &#8211; Open Plant Power PID Bentley &#8211; [&hellip;]<\/p>\n","protected":false},"author":5,"featured_media":0,"parent":23793,"menu_order":0,"comment_status":"closed","ping_status":"closed","template":"","meta":{"footnotes":""},"class_list":["post-24112","page","type-page","status-publish","hentry"],"yoast_head":"<!-- This site is optimized with the Yoast SEO Premium plugin v27.4 (Yoast SEO v27.4) - https:\/\/yoast.com\/product\/yoast-seo-premium-wordpress\/ -->\n<title>Narz\u0119dzia programowe w celu realizacji Pa\u0144stwa projekt\u00f3w &#8211; weyer gruppe<\/title>\n<meta name=\"description\" content=\"Tutaj znajdziesz list\u0119 narz\u0119dzi programowych, kt\u00f3rych weyer grouppe u\u017cywa do prezentacji i symulacji Twoich projekt\u00f3w.\" \/>\n<meta name=\"robots\" content=\"index, follow, max-snippet:-1, max-image-preview:large, max-video-preview:-1\" \/>\n<link rel=\"canonical\" href=\"https:\/\/www.weyer-gruppe.com\/pl\/o-nas\/narzedzia-programowe\/\" \/>\n<meta property=\"og:locale\" content=\"pl_PL\" \/>\n<meta property=\"og:type\" content=\"article\" \/>\n<meta property=\"og:title\" content=\"Narz\u0119dzia programowe\" \/>\n<meta property=\"og:description\" content=\"Tutaj znajdziesz list\u0119 narz\u0119dzi programowych, kt\u00f3rych weyer grouppe u\u017cywa do prezentacji i symulacji Twoich projekt\u00f3w.\" \/>\n<meta property=\"og:url\" content=\"https:\/\/www.weyer-gruppe.com\/pl\/o-nas\/narzedzia-programowe\/\" \/>\n<meta property=\"og:site_name\" content=\"weyer gruppe\" \/>\n<meta property=\"article:publisher\" content=\"https:\/\/www.facebook.com\/weyergruppe\" \/>\n<meta property=\"article:modified_time\" content=\"2025-02-05T08:41:25+00:00\" \/>\n<meta name=\"twitter:card\" content=\"summary_large_image\" \/>\n<meta name=\"twitter:label1\" content=\"Szacowany czas czytania\" \/>\n\t<meta name=\"twitter:data1\" content=\"2 minuty\" \/>\n<script type=\"application\/ld+json\" class=\"yoast-schema-graph\">{\"@context\":\"https:\\\/\\\/schema.org\",\"@graph\":[{\"@type\":\"WebPage\",\"@id\":\"https:\\\/\\\/www.weyer-gruppe.com\\\/pl\\\/o-nas\\\/narzedzia-programowe\\\/\",\"url\":\"https:\\\/\\\/www.weyer-gruppe.com\\\/pl\\\/o-nas\\\/narzedzia-programowe\\\/\",\"name\":\"Narz\u0119dzia programowe w celu realizacji Pa\u0144stwa projekt\u00f3w &#8211; weyer gruppe\",\"isPartOf\":{\"@id\":\"https:\\\/\\\/www.weyer-gruppe.com\\\/pl\\\/#website\"},\"datePublished\":\"2019-07-17T14:28:14+00:00\",\"dateModified\":\"2025-02-05T08:41:25+00:00\",\"description\":\"Tutaj znajdziesz list\u0119 narz\u0119dzi programowych, kt\u00f3rych weyer grouppe u\u017cywa do prezentacji i symulacji Twoich projekt\u00f3w.\",\"breadcrumb\":{\"@id\":\"https:\\\/\\\/www.weyer-gruppe.com\\\/pl\\\/o-nas\\\/narzedzia-programowe\\\/#breadcrumb\"},\"inLanguage\":\"pl-PL\",\"potentialAction\":[{\"@type\":\"ReadAction\",\"target\":[\"https:\\\/\\\/www.weyer-gruppe.com\\\/pl\\\/o-nas\\\/narzedzia-programowe\\\/\"]}]},{\"@type\":\"BreadcrumbList\",\"@id\":\"https:\\\/\\\/www.weyer-gruppe.com\\\/pl\\\/o-nas\\\/narzedzia-programowe\\\/#breadcrumb\",\"itemListElement\":[{\"@type\":\"ListItem\",\"position\":1,\"name\":\"HOME\",\"item\":\"https:\\\/\\\/www.weyer-gruppe.com\\\/pl\\\/\"},{\"@type\":\"ListItem\",\"position\":2,\"name\":\"O nas\",\"item\":\"https:\\\/\\\/www.weyer-gruppe.com\\\/pl\\\/o-nas\\\/\"},{\"@type\":\"ListItem\",\"position\":3,\"name\":\"Narz\u0119dzia programowe\"}]},{\"@type\":\"WebSite\",\"@id\":\"https:\\\/\\\/www.weyer-gruppe.com\\\/pl\\\/#website\",\"url\":\"https:\\\/\\\/www.weyer-gruppe.com\\\/pl\\\/\",\"name\":\"weyer gruppe\",\"description\":\"komplett. durchdacht.\",\"publisher\":{\"@id\":\"https:\\\/\\\/www.weyer-gruppe.com\\\/pl\\\/#organization\"},\"potentialAction\":[{\"@type\":\"SearchAction\",\"target\":{\"@type\":\"EntryPoint\",\"urlTemplate\":\"https:\\\/\\\/www.weyer-gruppe.com\\\/pl\\\/?s={search_term_string}\"},\"query-input\":{\"@type\":\"PropertyValueSpecification\",\"valueRequired\":true,\"valueName\":\"search_term_string\"}}],\"inLanguage\":\"pl-PL\"},{\"@type\":\"Organization\",\"@id\":\"https:\\\/\\\/www.weyer-gruppe.com\\\/pl\\\/#organization\",\"name\":\"weyer gruppe\",\"url\":\"https:\\\/\\\/www.weyer-gruppe.com\\\/pl\\\/\",\"logo\":{\"@type\":\"ImageObject\",\"inLanguage\":\"pl-PL\",\"@id\":\"https:\\\/\\\/www.weyer-gruppe.com\\\/pl\\\/#\\\/schema\\\/logo\\\/image\\\/\",\"url\":\"https:\\\/\\\/www.weyer-gruppe.com\\\/wp-content\\\/uploads\\\/2019\\\/07\\\/logo-weyer-gruppe-de.png\",\"contentUrl\":\"https:\\\/\\\/www.weyer-gruppe.com\\\/wp-content\\\/uploads\\\/2019\\\/07\\\/logo-weyer-gruppe-de.png\",\"width\":532,\"height\":513,\"caption\":\"weyer gruppe\"},\"image\":{\"@id\":\"https:\\\/\\\/www.weyer-gruppe.com\\\/pl\\\/#\\\/schema\\\/logo\\\/image\\\/\"},\"sameAs\":[\"https:\\\/\\\/www.facebook.com\\\/weyergruppe\",\"https:\\\/\\\/de.linkedin.com\\\/company\\\/weyer-gruppe\",\"https:\\\/\\\/www.youtube.com\\\/channel\\\/UCmZItECuW56Ih_p501_Bq8A\"],\"description\":\"Die weyer gruppe ist seit 1976 Ihr Partner f\u00fcr verfahrenstechnische Anlagenplanung und Anlagensicherheit. Mit einem erfahrenen Team von \u00fcber 190 Mitarbeitern in Deutschland, \u00d6sterreich, Polen und der Schweiz realisieren wir j\u00e4hrlich \u00fcber 1.000 Kundenprojekte. Unsere Expertise erstreckt sich \u00fcber verschiedene Branchen wie Chemie, Pharma, Mineral\u00f6l sowie Ver- und Entsorgung. Vertrauen Sie auf die weyer Gruppe f\u00fcr ma\u00dfgeschneiderte Engineering- und Consulting-L\u00f6sungen, die Ihre Anforderungen in puncto Sicherheit und Effizienz erf\u00fcllen.\",\"email\":\"info@weyer-gruppe.com\",\"telephone\":\"+49 (0) 24 21 \u2013 69 09 1 \u2013 0\",\"numberOfEmployees\":{\"@type\":\"QuantitativeValue\",\"minValue\":\"51\",\"maxValue\":\"200\"}}]}<\/script>\n<!-- \/ Yoast SEO Premium plugin. -->","yoast_head_json":{"title":"Narz\u0119dzia programowe w celu realizacji Pa\u0144stwa projekt\u00f3w &#8211; weyer gruppe","description":"Tutaj znajdziesz list\u0119 narz\u0119dzi programowych, kt\u00f3rych weyer grouppe u\u017cywa do prezentacji i symulacji Twoich projekt\u00f3w.","robots":{"index":"index","follow":"follow","max-snippet":"max-snippet:-1","max-image-preview":"max-image-preview:large","max-video-preview":"max-video-preview:-1"},"canonical":"https:\/\/www.weyer-gruppe.com\/pl\/o-nas\/narzedzia-programowe\/","og_locale":"pl_PL","og_type":"article","og_title":"Narz\u0119dzia programowe","og_description":"Tutaj znajdziesz list\u0119 narz\u0119dzi programowych, kt\u00f3rych weyer grouppe u\u017cywa do prezentacji i symulacji Twoich projekt\u00f3w.","og_url":"https:\/\/www.weyer-gruppe.com\/pl\/o-nas\/narzedzia-programowe\/","og_site_name":"weyer gruppe","article_publisher":"https:\/\/www.facebook.com\/weyergruppe","article_modified_time":"2025-02-05T08:41:25+00:00","twitter_card":"summary_large_image","twitter_misc":{"Szacowany czas czytania":"2 minuty"},"schema":{"@context":"https:\/\/schema.org","@graph":[{"@type":"WebPage","@id":"https:\/\/www.weyer-gruppe.com\/pl\/o-nas\/narzedzia-programowe\/","url":"https:\/\/www.weyer-gruppe.com\/pl\/o-nas\/narzedzia-programowe\/","name":"Narz\u0119dzia programowe w celu realizacji Pa\u0144stwa projekt\u00f3w &#8211; weyer gruppe","isPartOf":{"@id":"https:\/\/www.weyer-gruppe.com\/pl\/#website"},"datePublished":"2019-07-17T14:28:14+00:00","dateModified":"2025-02-05T08:41:25+00:00","description":"Tutaj znajdziesz list\u0119 narz\u0119dzi programowych, kt\u00f3rych weyer grouppe u\u017cywa do prezentacji i symulacji Twoich projekt\u00f3w.","breadcrumb":{"@id":"https:\/\/www.weyer-gruppe.com\/pl\/o-nas\/narzedzia-programowe\/#breadcrumb"},"inLanguage":"pl-PL","potentialAction":[{"@type":"ReadAction","target":["https:\/\/www.weyer-gruppe.com\/pl\/o-nas\/narzedzia-programowe\/"]}]},{"@type":"BreadcrumbList","@id":"https:\/\/www.weyer-gruppe.com\/pl\/o-nas\/narzedzia-programowe\/#breadcrumb","itemListElement":[{"@type":"ListItem","position":1,"name":"HOME","item":"https:\/\/www.weyer-gruppe.com\/pl\/"},{"@type":"ListItem","position":2,"name":"O nas","item":"https:\/\/www.weyer-gruppe.com\/pl\/o-nas\/"},{"@type":"ListItem","position":3,"name":"Narz\u0119dzia programowe"}]},{"@type":"WebSite","@id":"https:\/\/www.weyer-gruppe.com\/pl\/#website","url":"https:\/\/www.weyer-gruppe.com\/pl\/","name":"weyer gruppe","description":"komplett. durchdacht.","publisher":{"@id":"https:\/\/www.weyer-gruppe.com\/pl\/#organization"},"potentialAction":[{"@type":"SearchAction","target":{"@type":"EntryPoint","urlTemplate":"https:\/\/www.weyer-gruppe.com\/pl\/?s={search_term_string}"},"query-input":{"@type":"PropertyValueSpecification","valueRequired":true,"valueName":"search_term_string"}}],"inLanguage":"pl-PL"},{"@type":"Organization","@id":"https:\/\/www.weyer-gruppe.com\/pl\/#organization","name":"weyer gruppe","url":"https:\/\/www.weyer-gruppe.com\/pl\/","logo":{"@type":"ImageObject","inLanguage":"pl-PL","@id":"https:\/\/www.weyer-gruppe.com\/pl\/#\/schema\/logo\/image\/","url":"https:\/\/www.weyer-gruppe.com\/wp-content\/uploads\/2019\/07\/logo-weyer-gruppe-de.png","contentUrl":"https:\/\/www.weyer-gruppe.com\/wp-content\/uploads\/2019\/07\/logo-weyer-gruppe-de.png","width":532,"height":513,"caption":"weyer gruppe"},"image":{"@id":"https:\/\/www.weyer-gruppe.com\/pl\/#\/schema\/logo\/image\/"},"sameAs":["https:\/\/www.facebook.com\/weyergruppe","https:\/\/de.linkedin.com\/company\/weyer-gruppe","https:\/\/www.youtube.com\/channel\/UCmZItECuW56Ih_p501_Bq8A"],"description":"Die weyer gruppe ist seit 1976 Ihr Partner f\u00fcr verfahrenstechnische Anlagenplanung und Anlagensicherheit. Mit einem erfahrenen Team von \u00fcber 190 Mitarbeitern in Deutschland, \u00d6sterreich, Polen und der Schweiz realisieren wir j\u00e4hrlich \u00fcber 1.000 Kundenprojekte. Unsere Expertise erstreckt sich \u00fcber verschiedene Branchen wie Chemie, Pharma, Mineral\u00f6l sowie Ver- und Entsorgung. Vertrauen Sie auf die weyer Gruppe f\u00fcr ma\u00dfgeschneiderte Engineering- und Consulting-L\u00f6sungen, die Ihre Anforderungen in puncto Sicherheit und Effizienz erf\u00fcllen.","email":"info@weyer-gruppe.com","telephone":"+49 (0) 24 21 \u2013 69 09 1 \u2013 0","numberOfEmployees":{"@type":"QuantitativeValue","minValue":"51","maxValue":"200"}}]}},"_links":{"self":[{"href":"https:\/\/www.weyer-gruppe.com\/pl\/wp-json\/wp\/v2\/pages\/24112","targetHints":{"allow":["GET"]}}],"collection":[{"href":"https:\/\/www.weyer-gruppe.com\/pl\/wp-json\/wp\/v2\/pages"}],"about":[{"href":"https:\/\/www.weyer-gruppe.com\/pl\/wp-json\/wp\/v2\/types\/page"}],"author":[{"embeddable":true,"href":"https:\/\/www.weyer-gruppe.com\/pl\/wp-json\/wp\/v2\/users\/5"}],"replies":[{"embeddable":true,"href":"https:\/\/www.weyer-gruppe.com\/pl\/wp-json\/wp\/v2\/comments?post=24112"}],"version-history":[{"count":3,"href":"https:\/\/www.weyer-gruppe.com\/pl\/wp-json\/wp\/v2\/pages\/24112\/revisions"}],"predecessor-version":[{"id":233460,"href":"https:\/\/www.weyer-gruppe.com\/pl\/wp-json\/wp\/v2\/pages\/24112\/revisions\/233460"}],"up":[{"embeddable":true,"href":"https:\/\/www.weyer-gruppe.com\/pl\/wp-json\/wp\/v2\/pages\/23793"}],"wp:attachment":[{"href":"https:\/\/www.weyer-gruppe.com\/pl\/wp-json\/wp\/v2\/media?parent=24112"}],"curies":[{"name":"wp","href":"https:\/\/api.w.org\/{rel}","templated":true}]}}