{"id":23925,"date":"2020-01-23T16:18:06","date_gmt":"2020-01-23T15:18:06","guid":{"rendered":"https:\/\/www.weyer-gruppe.com\/projektanci-i-producenci-instalacji\/obliczanie-naprezen-w-rurociagach\/"},"modified":"2026-03-23T08:20:43","modified_gmt":"2026-03-23T07:20:43","slug":"obliczanie-naprezen-w-rurociagach","status":"publish","type":"page","link":"https:\/\/www.weyer-gruppe.com\/pl\/projektanci-i-producenci-instalacji\/obliczanie-naprezen-w-rurociagach\/","title":{"rendered":"Obliczanie napr\u0119\u017ce\u0144 w ruroci\u0105gach"},"content":{"rendered":"<div class=\"wpb-content-wrapper\">[vc_row][vc_column][vc_column_text]Do profesjonalnej konstrukcji system\u00f3w ruroci\u0105gowych w instalacjach technologicznych niezb\u0119dna jest analiza systemu, w wielu przypadkach nawet przewidziana przez ustawodawc\u0119. Grupa weyer korzysta z wieloletniego do\u015bwiadczenia w zakresie obliczania napr\u0119\u017ce\u0144 dla system\u00f3w ruroci\u0105gowych. Dzi\u0119ki udokumentowanej i zgodnej z prawem in\u017cynierii mo\u017cna ju\u017c w fazie planowania wykluczy\u0107 zawodno\u015b\u0107 organizacyjn\u0105 w zakresie bezpiecze\u0144stwa instalacji i ochrony \u015brodowiska. Dost\u0119pne s\u0105 nowoczesne narz\u0119dzia programowe, takie jak specjalny program do obliczania napr\u0119\u017ce\u0144 rur <a href=\"https:\/\/hexagonppm.com\/offerings\/products\/caesar-ii\" target=\"_blank\" rel=\"noopener noreferrer\">CAESAR II<\/a>, jak r\u00f3wnie\u017c r\u00f3\u017cne programy do konstruowania 3D. Zalety analizy systemu obejmuj\u0105 m.in. ni\u017csze koszty inwestycji i utrzymania, bezpieczn\u0105 eksploatacj\u0119 instalacji oraz zoptymalizowany projekt kolejnych ruroci\u0105g\u00f3w.<\/p>\n<p>Podstaw\u0119 dla wymaga\u0144 dotycz\u0105cych obliczania napr\u0119\u017ce\u0144 stanowi <a href=\"https:\/\/eur-lex.europa.eu\/legal-content\/DE\/TXT\/?uri=celex:32014L0068\">dyrektywa 2014\/68\/UE<\/a> w sprawie \u201eudost\u0119pniania urz\u0105dze\u0144 ci\u015bnieniowych\u201d z dnia 15 maja 2014 r., znana r\u00f3wnie\u017c jako \u201edyrektywa w sprawie urz\u0105dze\u0144 ci\u015bnieniowych\u201d. Tematyka jest tu uj\u0119ta w za\u0142\u0105czniku I, pkt 2.2. 2.2. \u201eProjektowanie maj\u0105ce na celu odpowiedni\u0105 wytrzyma\u0142o\u015b\u0107\u201d. Przy obliczaniu napr\u0119\u017ce\u0144 ruroci\u0105g\u00f3w grupa weyer bazuje r\u00f3wnie\u017c na nast\u0119puj\u0105cych normach i przepisach:<\/p>\n<ul class=\"arrow-gray\">\n<li><a href=\"https:\/\/www.beuth.de\/de\/norm\/din-en-13480-3\/280896325\" target=\"_blank\" rel=\"noopener noreferrer\">DIN EN 13480-3<\/a> Ruroci\u0105gi przemys\u0142owe metalowe \u2013 Cz\u0119\u015b\u0107 3: Projektowanie i obliczenia<\/li>\n<li><a href=\"https:\/\/www.beuth.de\/de\/technische-regel\/ad-2000-merkblatt-hp-100-r\/272725009\">AD 2000-Merkblatt HP 100 R <\/a>\u2013 Przepisy budowlane \u2013 ruroci\u0105gi wykonane z materia\u0142\u00f3w metalowych \u2013<\/li>\n<\/ul>\n<p>Cele analizy statycznej:<\/p>\n<ul class=\"arrow-gray\">\n<li>Analiza napr\u0119\u017ce\u0144 ruroci\u0105g\u00f3w<\/li>\n<li>Dow\u00f3d zgodno\u015bci z dopuszczalnymi si\u0142ami i momentami na aparaturze, wyposa\u017ceniu i ruroci\u0105gach \u0142\u0105cz\u0105cych<\/li>\n<li>Okre\u015blenie obci\u0105\u017ce\u0144, kt\u00f3re maj\u0105 by\u0107 odprowadzane przez budowl\u0119<\/li>\n<li>Obliczanie przemieszcze\u0144 ruroci\u0105g\u00f3w<\/li>\n<li>Opracowanie koncepcji \u0142o\u017cyskowania<\/li>\n<li>Umiejscowienie \u0142o\u017cysk<\/li>\n<li>Wyb\u00f3r typ\u00f3w \u0142o\u017cysk<\/li>\n<li>Projekt uchwyt\u00f3w spr\u0119\u017cynowych<\/li>\n<\/ul>\n<p>Wp\u0142yw trz\u0119sie\u0144 ziemi jest obliczany za pomoc\u0105 statycznej analizy zast\u0119pczej, podobnie jak wp\u0142yw klimatu (wiatr, \u015bnieg, l\u00f3d).<\/p>\n<h2>Us\u0142ugi<\/h2>\n<ul class=\"arrow-gray\">\n<li>Statyczna analiza systemowa: rury stalowe i z tworzyw sztucznych, ruroci\u0105gi na ziemi, skutki trz\u0119sienia ziemi, wp\u0142yw zawor\u00f3w bezpiecze\u0144stwa przedmuchiwania, ruroci\u0105gi w podw\u00f3jnym p\u0142aszczu<\/li>\n<li>Planowanie rur<\/li>\n<li>Kompletna realizacja projektu<\/li>\n<\/ul>\n[\/vc_column_text][\/vc_column][\/vc_row][vc_row][vc_column]<div class=\"grve-element grve-hr grve-space-divider\" style=\"\"><\/div>[\/vc_column][\/vc_row][vc_row bg_type=&#8221;color&#8221; bg_color=&#8221;#0b3c80&#8243; font_color=&#8221;#ffffff&#8221;][vc_column]<div class=\"grve-element grve-hr grve-space-divider\" style=\"\"><\/div><div class=\"grve-element grve-image-text\" style=\"\">  <div class=\"grve-content grve-align-right\">    <h6>weyer specjalny: Obliczanie napr\u0119\u017ce\u0144 w ruroci\u0105gach<\/h6>  <p>Do profesjonalnej konstrukcji system\u00f3w ruroci\u0105gowych w instalacjach technologicznych niezb\u0119dna jest analiza systemu, w wielu przypadkach nawet przewidziana przez ustawodawc\u0119. Grupa weyer korzysta z wieloletniego do\u015bwiadczenia w zakresie obliczania napr\u0119\u017ce\u0144 dla system\u00f3w ruroci\u0105gowych. Dzi\u0119ki udokumentowanej i zgodnej z prawem technice mo\u017cna ju\u017c w fazie planowania wykluczy\u0107 organizacyjne b\u0142\u0119dy w zakresie bezpiecze\u0144stwa instalacji i ochrony \u015brodowiska&#8230;<\/p>    <a href=\"https:\/\/www.weyer-gruppe.com\/wp-content\/uploads\/2019\/07\/weyer-spezial-stressberechnung-0512.pdf\" target=\"_blank\" class=\"grve-read-more \">Pobierz weyer spezial tutaj<\/a>  <\/div><div class=\"grve-image\"><img decoding=\"async\" width=\"250\" height=\"354\" src=\"https:\/\/www.weyer-gruppe.com\/wp-content\/uploads\/2019\/07\/weyer-spezial-weyer-gruppe-stressberechnung.jpg\" class=\"attachment-full size-full\" alt=\"Deckblatt weyer spezial Stressberechnung\" srcset=\"\" \/><\/div><\/div><div class=\"grve-element grve-hr grve-space-divider\" style=\"\"><\/div>[\/vc_column][\/vc_row][vc_row][vc_column]<div class=\"grve-element grve-hr grve-space-divider\" style=\"\"><\/div><h3 class=\"grve-element grve-align-left grve-title-no-line grve-h3\" style=\"\"><span>Nasz zesp\u00f3\u0142<\/span><\/h3>[\/vc_column][\/vc_row][vc_row][vc_column width=&#8221;1\/4&#8243; tablet_sm_width=&#8221;1-2&#8243;]\r\n\t\t<div class=\"grve-team grve-element\" style=\"\">\r\n\t\t\t<figure class=\"grve-image-hover grve-style-1 grve-zoom-in\">\r\n\t\t\t\t<div class=\"grve-team-person grve-media grve-dark-overlay grve-opacity-60\">\r\n\t\t\t\t\t<img decoding=\"async\" width=\"300\" height=\"300\" src=\"https:\/\/www.weyer-gruppe.com\/wp-content\/uploads\/2019\/07\/wip-i.mueller.png\" class=\"attachment-grve-image-small-square size-grve-image-small-square\" alt=\"Zdj\u0119cie pracownika Ingo Mueller z weyer IngenieurPartner GmbH\" srcset=\"https:\/\/www.weyer-gruppe.com\/wp-content\/uploads\/2019\/07\/wip-i.mueller.png 300w, https:\/\/www.weyer-gruppe.com\/wp-content\/uploads\/2019\/07\/wip-i.mueller-150x150.png 150w, https:\/\/www.weyer-gruppe.com\/wp-content\/uploads\/2019\/07\/wip-i.mueller-80x80.png 80w\" sizes=\"(max-width: 300px) 100vw, 300px\" \/>\t\t\t\t<\/div>\r\n\t\t\t\t<figcaption>\r\n\t\t\t\t\t<div class=\"grve-team-description\">\r\n\t\t\t\t\t\t\t\t\t\t\t\t<h4 class=\"grve-team-name grve-dark grve-h4\">Dr. Ingo M\u00fcller<\/h4>\r\n\t\t\t\t\t\t\t\t\t\t\t\t<small class=\"grve-team-identity grve-dark\">weyer IngenieurPartner<\/small>\r\n\t\t\t\t\t<\/div>\r\n\t\t\t\t\t\t\t\t\t<\/figcaption>\r\n\t\t\t<\/figure>\r\n\t\t<\/div>\r\n\r\n\t\t[\/vc_column][vc_column width=&#8221;1\/4&#8243; tablet_sm_width=&#8221;1-2&#8243;]\r\n\t\t<div class=\"grve-team grve-element\" style=\"\">\r\n\t\t\t<figure class=\"grve-image-hover grve-style-1 grve-zoom-in\">\r\n\t\t\t\t<div class=\"grve-team-person grve-media grve-dark-overlay grve-opacity-60\">\r\n\t\t\t\t\t<img decoding=\"async\" width=\"300\" height=\"300\" src=\"https:\/\/www.weyer-gruppe.com\/wp-content\/uploads\/2019\/07\/ulrich-pynappel-horst-weyer-und-partner.jpg\" class=\"attachment-grve-image-small-square size-grve-image-small-square\" alt=\"Foto von Ulrich Pynappel der Horst Weyer und Partner gmbh\" srcset=\"https:\/\/www.weyer-gruppe.com\/wp-content\/uploads\/2019\/07\/ulrich-pynappel-horst-weyer-und-partner.jpg 300w, https:\/\/www.weyer-gruppe.com\/wp-content\/uploads\/2019\/07\/ulrich-pynappel-horst-weyer-und-partner-150x150.jpg 150w, https:\/\/www.weyer-gruppe.com\/wp-content\/uploads\/2019\/07\/ulrich-pynappel-horst-weyer-und-partner-80x80.jpg 80w\" sizes=\"(max-width: 300px) 100vw, 300px\" \/>\t\t\t\t<\/div>\r\n\t\t\t\t<figcaption>\r\n\t\t\t\t\t<div class=\"grve-team-description\">\r\n\t\t\t\t\t\t\t\t\t\t\t\t<h4 class=\"grve-team-name grve-dark grve-h4\">Ulrich Pynappel<\/h4>\r\n\t\t\t\t\t\t\t\t\t\t\t\t<small class=\"grve-team-identity grve-dark\">horst weyer und partner<\/small>\r\n\t\t\t\t\t<\/div>\r\n\t\t\t\t\t\t\t\t\t<\/figcaption>\r\n\t\t\t<\/figure>\r\n\t\t<\/div>\r\n\r\n\t\t[\/vc_column][vc_column width=&#8221;1\/4&#8243; tablet_sm_width=&#8221;1-2&#8243;][\/vc_column][vc_column width=&#8221;1\/4&#8243; tablet_sm_width=&#8221;1-2&#8243;][\/vc_column][\/vc_row][vc_row][vc_column]<div class=\"grve-element grve-hr grve-space-divider\" style=\"\"><\/div>[\/vc_column][\/vc_row]\n<\/div>","protected":false},"excerpt":{"rendered":"<p>[vc_row][vc_column][vc_column_text]Do profesjonalnej konstrukcji system\u00f3w ruroci\u0105gowych w instalacjach technologicznych niezb\u0119dna jest analiza systemu, w wielu przypadkach nawet przewidziana przez ustawodawc\u0119. Grupa weyer korzysta z wieloletniego do\u015bwiadczenia w zakresie obliczania napr\u0119\u017ce\u0144 dla system\u00f3w ruroci\u0105gowych. Dzi\u0119ki udokumentowanej i zgodnej z prawem in\u017cynierii mo\u017cna ju\u017c w fazie planowania wykluczy\u0107 zawodno\u015b\u0107 organizacyjn\u0105 w zakresie bezpiecze\u0144stwa instalacji i ochrony \u015brodowiska. Dost\u0119pne [&hellip;]<\/p>\n","protected":false},"author":2,"featured_media":0,"parent":23877,"menu_order":0,"comment_status":"closed","ping_status":"closed","template":"","meta":{"footnotes":""},"class_list":["post-23925","page","type-page","status-publish","hentry"],"yoast_head":"<!-- This site is optimized with the Yoast SEO Premium plugin v27.4 (Yoast SEO v27.4) - https:\/\/yoast.com\/product\/yoast-seo-premium-wordpress\/ -->\n<title>Obliczanie napr\u0119\u017ce\u0144 w ruroci\u0105gach &#8211; weyer gruppe<\/title>\n<meta name=\"robots\" content=\"index, follow, max-snippet:-1, max-image-preview:large, max-video-preview:-1\" \/>\n<link rel=\"canonical\" href=\"https:\/\/www.weyer-gruppe.com\/pl\/projektanci-i-producenci-instalacji\/obliczanie-naprezen-w-rurociagach\/\" \/>\n<meta property=\"og:locale\" content=\"pl_PL\" \/>\n<meta property=\"og:type\" content=\"article\" \/>\n<meta property=\"og:title\" content=\"Obliczanie napr\u0119\u017ce\u0144 w ruroci\u0105gach\" \/>\n<meta property=\"og:description\" content=\"[vc_row][vc_column][vc_column_text]Do profesjonalnej konstrukcji system\u00f3w ruroci\u0105gowych w instalacjach technologicznych niezb\u0119dna jest analiza systemu, w wielu przypadkach nawet przewidziana przez ustawodawc\u0119. Grupa weyer korzysta z wieloletniego do\u015bwiadczenia w zakresie obliczania napr\u0119\u017ce\u0144 dla system\u00f3w ruroci\u0105gowych. Dzi\u0119ki udokumentowanej i zgodnej z prawem in\u017cynierii mo\u017cna ju\u017c w fazie planowania wykluczy\u0107 zawodno\u015b\u0107 organizacyjn\u0105 w zakresie bezpiecze\u0144stwa instalacji i ochrony \u015brodowiska. Dost\u0119pne [&hellip;]\" \/>\n<meta property=\"og:url\" content=\"https:\/\/www.weyer-gruppe.com\/pl\/projektanci-i-producenci-instalacji\/obliczanie-naprezen-w-rurociagach\/\" \/>\n<meta property=\"og:site_name\" content=\"weyer gruppe\" \/>\n<meta property=\"article:publisher\" content=\"https:\/\/www.facebook.com\/weyergruppe\" \/>\n<meta property=\"article:modified_time\" content=\"2026-03-23T07:20:43+00:00\" \/>\n<meta name=\"twitter:card\" content=\"summary_large_image\" \/>\n<meta name=\"twitter:label1\" content=\"Szacowany czas czytania\" \/>\n\t<meta name=\"twitter:data1\" content=\"3 minuty\" \/>\n<script type=\"application\/ld+json\" class=\"yoast-schema-graph\">{\"@context\":\"https:\\\/\\\/schema.org\",\"@graph\":[{\"@type\":\"WebPage\",\"@id\":\"https:\\\/\\\/www.weyer-gruppe.com\\\/pl\\\/projektanci-i-producenci-instalacji\\\/obliczanie-naprezen-w-rurociagach\\\/\",\"url\":\"https:\\\/\\\/www.weyer-gruppe.com\\\/pl\\\/projektanci-i-producenci-instalacji\\\/obliczanie-naprezen-w-rurociagach\\\/\",\"name\":\"Obliczanie napr\u0119\u017ce\u0144 w ruroci\u0105gach &#8211; weyer gruppe\",\"isPartOf\":{\"@id\":\"https:\\\/\\\/www.weyer-gruppe.com\\\/pl\\\/#website\"},\"datePublished\":\"2020-01-23T15:18:06+00:00\",\"dateModified\":\"2026-03-23T07:20:43+00:00\",\"breadcrumb\":{\"@id\":\"https:\\\/\\\/www.weyer-gruppe.com\\\/pl\\\/projektanci-i-producenci-instalacji\\\/obliczanie-naprezen-w-rurociagach\\\/#breadcrumb\"},\"inLanguage\":\"pl-PL\",\"potentialAction\":[{\"@type\":\"ReadAction\",\"target\":[\"https:\\\/\\\/www.weyer-gruppe.com\\\/pl\\\/projektanci-i-producenci-instalacji\\\/obliczanie-naprezen-w-rurociagach\\\/\"]}]},{\"@type\":\"BreadcrumbList\",\"@id\":\"https:\\\/\\\/www.weyer-gruppe.com\\\/pl\\\/projektanci-i-producenci-instalacji\\\/obliczanie-naprezen-w-rurociagach\\\/#breadcrumb\",\"itemListElement\":[{\"@type\":\"ListItem\",\"position\":1,\"name\":\"HOME\",\"item\":\"https:\\\/\\\/www.weyer-gruppe.com\\\/pl\\\/\"},{\"@type\":\"ListItem\",\"position\":2,\"name\":\"Projektanci i producenci instalacji\",\"item\":\"https:\\\/\\\/www.weyer-gruppe.com\\\/pl\\\/projektanci-i-producenci-instalacji\\\/\"},{\"@type\":\"ListItem\",\"position\":3,\"name\":\"Obliczanie napr\u0119\u017ce\u0144 w ruroci\u0105gach\"}]},{\"@type\":\"WebSite\",\"@id\":\"https:\\\/\\\/www.weyer-gruppe.com\\\/pl\\\/#website\",\"url\":\"https:\\\/\\\/www.weyer-gruppe.com\\\/pl\\\/\",\"name\":\"weyer gruppe\",\"description\":\"komplett. durchdacht.\",\"publisher\":{\"@id\":\"https:\\\/\\\/www.weyer-gruppe.com\\\/pl\\\/#organization\"},\"potentialAction\":[{\"@type\":\"SearchAction\",\"target\":{\"@type\":\"EntryPoint\",\"urlTemplate\":\"https:\\\/\\\/www.weyer-gruppe.com\\\/pl\\\/?s={search_term_string}\"},\"query-input\":{\"@type\":\"PropertyValueSpecification\",\"valueRequired\":true,\"valueName\":\"search_term_string\"}}],\"inLanguage\":\"pl-PL\"},{\"@type\":\"Organization\",\"@id\":\"https:\\\/\\\/www.weyer-gruppe.com\\\/pl\\\/#organization\",\"name\":\"weyer gruppe\",\"url\":\"https:\\\/\\\/www.weyer-gruppe.com\\\/pl\\\/\",\"logo\":{\"@type\":\"ImageObject\",\"inLanguage\":\"pl-PL\",\"@id\":\"https:\\\/\\\/www.weyer-gruppe.com\\\/pl\\\/#\\\/schema\\\/logo\\\/image\\\/\",\"url\":\"https:\\\/\\\/www.weyer-gruppe.com\\\/wp-content\\\/uploads\\\/2019\\\/07\\\/logo-weyer-gruppe-de.png\",\"contentUrl\":\"https:\\\/\\\/www.weyer-gruppe.com\\\/wp-content\\\/uploads\\\/2019\\\/07\\\/logo-weyer-gruppe-de.png\",\"width\":532,\"height\":513,\"caption\":\"weyer gruppe\"},\"image\":{\"@id\":\"https:\\\/\\\/www.weyer-gruppe.com\\\/pl\\\/#\\\/schema\\\/logo\\\/image\\\/\"},\"sameAs\":[\"https:\\\/\\\/www.facebook.com\\\/weyergruppe\",\"https:\\\/\\\/de.linkedin.com\\\/company\\\/weyer-gruppe\",\"https:\\\/\\\/www.youtube.com\\\/channel\\\/UCmZItECuW56Ih_p501_Bq8A\"],\"description\":\"Die weyer gruppe ist seit 1976 Ihr Partner f\u00fcr verfahrenstechnische Anlagenplanung und Anlagensicherheit. Mit einem erfahrenen Team von \u00fcber 190 Mitarbeitern in Deutschland, \u00d6sterreich, Polen und der Schweiz realisieren wir j\u00e4hrlich \u00fcber 1.000 Kundenprojekte. Unsere Expertise erstreckt sich \u00fcber verschiedene Branchen wie Chemie, Pharma, Mineral\u00f6l sowie Ver- und Entsorgung. Vertrauen Sie auf die weyer Gruppe f\u00fcr ma\u00dfgeschneiderte Engineering- und Consulting-L\u00f6sungen, die Ihre Anforderungen in puncto Sicherheit und Effizienz erf\u00fcllen.\",\"email\":\"info@weyer-gruppe.com\",\"telephone\":\"+49 (0) 24 21 \u2013 69 09 1 \u2013 0\",\"numberOfEmployees\":{\"@type\":\"QuantitativeValue\",\"minValue\":\"51\",\"maxValue\":\"200\"}}]}<\/script>\n<!-- \/ Yoast SEO Premium plugin. -->","yoast_head_json":{"title":"Obliczanie napr\u0119\u017ce\u0144 w ruroci\u0105gach &#8211; weyer gruppe","robots":{"index":"index","follow":"follow","max-snippet":"max-snippet:-1","max-image-preview":"max-image-preview:large","max-video-preview":"max-video-preview:-1"},"canonical":"https:\/\/www.weyer-gruppe.com\/pl\/projektanci-i-producenci-instalacji\/obliczanie-naprezen-w-rurociagach\/","og_locale":"pl_PL","og_type":"article","og_title":"Obliczanie napr\u0119\u017ce\u0144 w ruroci\u0105gach","og_description":"[vc_row][vc_column][vc_column_text]Do profesjonalnej konstrukcji system\u00f3w ruroci\u0105gowych w instalacjach technologicznych niezb\u0119dna jest analiza systemu, w wielu przypadkach nawet przewidziana przez ustawodawc\u0119. Grupa weyer korzysta z wieloletniego do\u015bwiadczenia w zakresie obliczania napr\u0119\u017ce\u0144 dla system\u00f3w ruroci\u0105gowych. Dzi\u0119ki udokumentowanej i zgodnej z prawem in\u017cynierii mo\u017cna ju\u017c w fazie planowania wykluczy\u0107 zawodno\u015b\u0107 organizacyjn\u0105 w zakresie bezpiecze\u0144stwa instalacji i ochrony \u015brodowiska. Dost\u0119pne [&hellip;]","og_url":"https:\/\/www.weyer-gruppe.com\/pl\/projektanci-i-producenci-instalacji\/obliczanie-naprezen-w-rurociagach\/","og_site_name":"weyer gruppe","article_publisher":"https:\/\/www.facebook.com\/weyergruppe","article_modified_time":"2026-03-23T07:20:43+00:00","twitter_card":"summary_large_image","twitter_misc":{"Szacowany czas czytania":"3 minuty"},"schema":{"@context":"https:\/\/schema.org","@graph":[{"@type":"WebPage","@id":"https:\/\/www.weyer-gruppe.com\/pl\/projektanci-i-producenci-instalacji\/obliczanie-naprezen-w-rurociagach\/","url":"https:\/\/www.weyer-gruppe.com\/pl\/projektanci-i-producenci-instalacji\/obliczanie-naprezen-w-rurociagach\/","name":"Obliczanie napr\u0119\u017ce\u0144 w ruroci\u0105gach &#8211; weyer gruppe","isPartOf":{"@id":"https:\/\/www.weyer-gruppe.com\/pl\/#website"},"datePublished":"2020-01-23T15:18:06+00:00","dateModified":"2026-03-23T07:20:43+00:00","breadcrumb":{"@id":"https:\/\/www.weyer-gruppe.com\/pl\/projektanci-i-producenci-instalacji\/obliczanie-naprezen-w-rurociagach\/#breadcrumb"},"inLanguage":"pl-PL","potentialAction":[{"@type":"ReadAction","target":["https:\/\/www.weyer-gruppe.com\/pl\/projektanci-i-producenci-instalacji\/obliczanie-naprezen-w-rurociagach\/"]}]},{"@type":"BreadcrumbList","@id":"https:\/\/www.weyer-gruppe.com\/pl\/projektanci-i-producenci-instalacji\/obliczanie-naprezen-w-rurociagach\/#breadcrumb","itemListElement":[{"@type":"ListItem","position":1,"name":"HOME","item":"https:\/\/www.weyer-gruppe.com\/pl\/"},{"@type":"ListItem","position":2,"name":"Projektanci i producenci instalacji","item":"https:\/\/www.weyer-gruppe.com\/pl\/projektanci-i-producenci-instalacji\/"},{"@type":"ListItem","position":3,"name":"Obliczanie napr\u0119\u017ce\u0144 w ruroci\u0105gach"}]},{"@type":"WebSite","@id":"https:\/\/www.weyer-gruppe.com\/pl\/#website","url":"https:\/\/www.weyer-gruppe.com\/pl\/","name":"weyer gruppe","description":"komplett. durchdacht.","publisher":{"@id":"https:\/\/www.weyer-gruppe.com\/pl\/#organization"},"potentialAction":[{"@type":"SearchAction","target":{"@type":"EntryPoint","urlTemplate":"https:\/\/www.weyer-gruppe.com\/pl\/?s={search_term_string}"},"query-input":{"@type":"PropertyValueSpecification","valueRequired":true,"valueName":"search_term_string"}}],"inLanguage":"pl-PL"},{"@type":"Organization","@id":"https:\/\/www.weyer-gruppe.com\/pl\/#organization","name":"weyer gruppe","url":"https:\/\/www.weyer-gruppe.com\/pl\/","logo":{"@type":"ImageObject","inLanguage":"pl-PL","@id":"https:\/\/www.weyer-gruppe.com\/pl\/#\/schema\/logo\/image\/","url":"https:\/\/www.weyer-gruppe.com\/wp-content\/uploads\/2019\/07\/logo-weyer-gruppe-de.png","contentUrl":"https:\/\/www.weyer-gruppe.com\/wp-content\/uploads\/2019\/07\/logo-weyer-gruppe-de.png","width":532,"height":513,"caption":"weyer gruppe"},"image":{"@id":"https:\/\/www.weyer-gruppe.com\/pl\/#\/schema\/logo\/image\/"},"sameAs":["https:\/\/www.facebook.com\/weyergruppe","https:\/\/de.linkedin.com\/company\/weyer-gruppe","https:\/\/www.youtube.com\/channel\/UCmZItECuW56Ih_p501_Bq8A"],"description":"Die weyer gruppe ist seit 1976 Ihr Partner f\u00fcr verfahrenstechnische Anlagenplanung und Anlagensicherheit. Mit einem erfahrenen Team von \u00fcber 190 Mitarbeitern in Deutschland, \u00d6sterreich, Polen und der Schweiz realisieren wir j\u00e4hrlich \u00fcber 1.000 Kundenprojekte. Unsere Expertise erstreckt sich \u00fcber verschiedene Branchen wie Chemie, Pharma, Mineral\u00f6l sowie Ver- und Entsorgung. Vertrauen Sie auf die weyer Gruppe f\u00fcr ma\u00dfgeschneiderte Engineering- und Consulting-L\u00f6sungen, die Ihre Anforderungen in puncto Sicherheit und Effizienz erf\u00fcllen.","email":"info@weyer-gruppe.com","telephone":"+49 (0) 24 21 \u2013 69 09 1 \u2013 0","numberOfEmployees":{"@type":"QuantitativeValue","minValue":"51","maxValue":"200"}}]}},"_links":{"self":[{"href":"https:\/\/www.weyer-gruppe.com\/pl\/wp-json\/wp\/v2\/pages\/23925","targetHints":{"allow":["GET"]}}],"collection":[{"href":"https:\/\/www.weyer-gruppe.com\/pl\/wp-json\/wp\/v2\/pages"}],"about":[{"href":"https:\/\/www.weyer-gruppe.com\/pl\/wp-json\/wp\/v2\/types\/page"}],"author":[{"embeddable":true,"href":"https:\/\/www.weyer-gruppe.com\/pl\/wp-json\/wp\/v2\/users\/2"}],"replies":[{"embeddable":true,"href":"https:\/\/www.weyer-gruppe.com\/pl\/wp-json\/wp\/v2\/comments?post=23925"}],"version-history":[{"count":2,"href":"https:\/\/www.weyer-gruppe.com\/pl\/wp-json\/wp\/v2\/pages\/23925\/revisions"}],"predecessor-version":[{"id":238095,"href":"https:\/\/www.weyer-gruppe.com\/pl\/wp-json\/wp\/v2\/pages\/23925\/revisions\/238095"}],"up":[{"embeddable":true,"href":"https:\/\/www.weyer-gruppe.com\/pl\/wp-json\/wp\/v2\/pages\/23877"}],"wp:attachment":[{"href":"https:\/\/www.weyer-gruppe.com\/pl\/wp-json\/wp\/v2\/media?parent=23925"}],"curies":[{"name":"wp","href":"https:\/\/api.w.org\/{rel}","templated":true}]}}