{"id":23814,"date":"2020-02-10T17:38:22","date_gmt":"2020-02-10T16:38:22","guid":{"rendered":"https:\/\/www.weyer-gruppe.com\/szkolenia-i-e-learning\/"},"modified":"2026-03-23T08:03:02","modified_gmt":"2026-03-23T07:03:02","slug":"szkolenia-i-e-learning","status":"publish","type":"page","link":"https:\/\/www.weyer-gruppe.com\/pl\/operatorzy-instalacji-i-inwestorzy\/szkolenia-i-e-learning\/","title":{"rendered":"Szkolenia i e-learning"},"content":{"rendered":"<div class=\"wpb-content-wrapper\">[vc_row][vc_column][vc_column_text]Sp\u00f3\u0142ka weyer akademie gmbh (b\u0119d\u0105ca cz\u0119\u015bci\u0105 grupy weyer) oferuje r\u00f3\u017cne szkolenia i kursy e-learningowe na tematy istotne dla operator\u00f3w i producent\u00f3w. Nasza oferta obejmuje zar\u00f3wno wewn\u0119trzne szkolenia dotycz\u0105ce oznakowania CE zgodnie z dyrektyw\u0105 maszynow\u0105, jak i szkolenia z zakresu ochrony w\u00f3d, a tak\u017ce publiczne seminaria i imprezy s\u0142u\u017c\u0105ce wymianie opinii i do\u015bwiadcze\u0144.<\/p>\n<p>Nasze szkolenia wewn\u0119trzne s\u0105 zawsze idealnie dostosowane do Pa\u0144stwa potrzeb. Nasi eksperci tworz\u0105 ka\u017cde szkolenie indywidualnie dla Pa\u0144stwa firmy, na przyk\u0142ad z zakresu bezpiecze\u0144stwa i higieny pracy. W formie wsparcia lub wy\u0142\u0105cznie mo\u017cna wykorzysta\u0107 nasze <a href=\"https:\/\/e-learning.weyer-gruppe.com\/\" target=\"_blank\" rel=\"noopener noreferrer\">narz\u0119dzie e-learningowe<\/a>. U\u017cytkownik jest prowadzony przez lekcje online, kt\u00f3re wyja\u015bniaj\u0105 temat za pomoc\u0105 tekstu, zdj\u0119\u0107 lub film\u00f3w wideo. Na koniec mo\u017cna przeprowadzi\u0107 test i po uzyskaniu pozytywnego wyniku otrzyma\u0107 za\u015bwiadczenie o uczestnictwie.<\/p>\n<p><a href=\"https:\/\/e-learning.weyer-gruppe.com\/\" target=\"_blank\" rel=\"noopener noreferrer\">Zarejestruj si\u0119 bezp\u0142atnie na e-learning i przetestuj nasze szkolenia online.<\/a><\/p>\n<p>Opr\u00f3cz szkole\u0144 teoretycznych oferujemy r\u00f3wnie\u017c szkolenia praktyczne. Zw\u0142aszcza w ochronie przeciwpo\u017carowej bardzo pomocne dla Pa\u0144stwa pracownik\u00f3w jest zaplanowane \u0107wiczenie ewakuacyjne z dymem lub og\u00f3lne \u0107wiczenie praktyczne z obs\u0142ugi ga\u015bnic, tak aby w razie zagro\u017cenia ka\u017cdy wiedzia\u0142, co ma robi\u0107.[\/vc_column_text][vc_column_text]\n<h2>Oferta szkole\u0144 i e-learningu<\/h2>\n<ul class=\"arrow-gray\">\n<li class=\"first-child\">Ochrona w\u00f3d zwi\u0105zana z instalacj\u0105 i AwSV w praktyce zak\u0142adowej<\/li>\n<li>Dyrektywa eksploatacyjna ATEX 1999\/92\/WE \u2013 dokument dotycz\u0105cy ochrony przeciwwybuchowej<\/li>\n<li>Dyrektywa produktowa ATEX 94\/9\/WE<\/li>\n<li>Projektowanie zawor\u00f3w bezpiecze\u0144stwa do przedmuchiwania jedno- lub dwufazowego<\/li>\n<li>Ochrona przeciwpo\u017carowa w termicznej utylizacji odpad\u00f3w<\/li>\n<li>Oznakowanie CE zgodnie z dyrektyw\u0105 maszynow\u0105<\/li>\n<li>SIL w zastosowaniu praktycznym<\/li>\n<li>Obliczanie napr\u0119\u017ce\u0144 w ruroci\u0105gach<\/li>\n<li>Post\u0119powanie z substancjami niebezpiecznymi \u2013 podstawowe zasady, klasyfikacja i oznakowanie zgodnie z GHS\/CLP<\/li>\n<li>EN ISO 13849 \u2013 Sterowanie maszynami<\/li>\n<li>Ocena ryzyka zgodnie z ArbSchG dla praktyki zak\u0142adowej<\/li>\n<li>Zgodno\u015b\u0107 z prawem \u2013 bezpiecze\u0144stwo prawne w dzia\u0142alno\u015bci gospodarczej<\/li>\n<li class=\"last-child\">Magazyn paliw \u2013 zasady bezpiecznej eksploatacji<\/li>\n<li>Tworzenie indywidualnych szkole\u0144 i tre\u015bci dla Pa\u0144stwa firmy<\/li>\n<\/ul>\n<h4><a href=\"https:\/\/www.weyer-gruppe.com\/pl\/wydarzenia-i-seminaria-weyer-grouppe\/\" target=\"_blank\" rel=\"noopener noreferrer\">Tutaj mo\u017cna zapozna\u0107 si\u0119 z ofert\u0105 seminari\u00f3w publicznych.<\/a><\/h4>\n[\/vc_column_text]<div class=\"grve-element grve-hr grve-space-divider\" style=\"\"><\/div>[\/vc_column][\/vc_row][vc_row bg_type=&#8221;color&#8221; bg_color=&#8221;#0b3c80&#8243; font_color=&#8221;#ffffff&#8221;][vc_column css=&#8221;.vc_custom_1563974199119{padding-top: 25px !important;padding-bottom: 25px !important;padding-left: 25px !important;}&#8221;]<div class=\"grve-element grve-hr grve-space-divider\" style=\"\"><\/div><div class=\"grve-element grve-image-text\" style=\"\">  <div class=\"grve-content grve-align-right\">    <h6>e-Learning - elastyczne szkolenia online<\/h6>  <p>E-learning jest platform\u0105 internetow\u0105, na kt\u00f3rej Pa\u0144stwa pracownicy mog\u0105 bra\u0107 udzia\u0142 w indywidualnych szkoleniach firmowych niezale\u017cnie od czasu i miejsca, zgodnie z ich osobist\u0105 nauk\u0105 i zobowi\u0105zaniami czasowymi. Aby stworzy\u0107 kurs dla Twojej firmy, wsp\u00f3lnie omawiamy wymagane tre\u015bci i w ten spos\u00f3b tworzymy Twoje spersonalizowane szkolenie online. Jednostki szkoleniowe mog\u0105 by\u0107 w ka\u017cdej chwili przerwane i kontynuowane p\u00f3\u017aniej w tym samym miejscu. &#8230;<\/p>    <a href=\"https:\/\/www.weyer-gruppe.com\/wp-content\/uploads\/2020\/02\/flyer-e-learning-02-05-2019-einzelseiten.pdf\" target=\"_blank\" class=\"grve-read-more \">Ulotka do pobrania tutaj<\/a>  <\/div><div class=\"grve-image\"><img decoding=\"async\" width=\"167\" height=\"350\" src=\"https:\/\/www.weyer-gruppe.com\/wp-content\/uploads\/2020\/02\/flyer-e-learning-02-05-2019-titelblatt.jpg\" class=\"attachment-full size-full\" alt=\"Strona tytu\u0142owa ulotki e-learningowej\" srcset=\"https:\/\/www.weyer-gruppe.com\/wp-content\/uploads\/2020\/02\/flyer-e-learning-02-05-2019-titelblatt.jpg 167w, https:\/\/www.weyer-gruppe.com\/wp-content\/uploads\/2020\/02\/flyer-e-learning-02-05-2019-titelblatt-143x300.jpg 143w\" sizes=\"(max-width: 167px) 100vw, 167px\" \/><\/div><\/div><div class=\"grve-element grve-hr grve-space-divider\" style=\"\"><\/div>[\/vc_column][\/vc_row][vc_row][vc_column]<div class=\"grve-element grve-hr grve-space-divider\" style=\"\"><\/div>[vc_column_text]\n<h5>Zarejestruj si\u0119 na nasze narz\u0119dzie e-learningowe w mniej ni\u017c minut\u0119 bezp\u0142atnie:<\/h5>\n[\/vc_column_text][\/vc_column][\/vc_row][vc_row][vc_column width=&#8221;1\/6&#8243;][\/vc_column][vc_column width=&#8221;2\/3&#8243;]<div class=\"grve-element grve-video\" style=\"\"><iframe title=\"Registrierung e-learning weyer gruppe\" width=\"1080\" height=\"608\" src=\"https:\/\/www.youtube.com\/embed\/efQ4ncp816Y?feature=oembed\" frameborder=\"0\" allow=\"accelerometer; autoplay; encrypted-media; gyroscope; picture-in-picture\" allowfullscreen><\/iframe><\/div>[\/vc_column][vc_column width=&#8221;1\/6&#8243;][\/vc_column][\/vc_row][vc_row][vc_column]<div class=\"grve-element grve-hr grve-space-divider\" style=\"\"><\/div>[\/vc_column][\/vc_row][vc_row][vc_column width=&#8221;1\/2&#8243;]<div class=\"grve-element grve-hr grve-space-divider\" style=\"\"><\/div><div class=\"grve-element grve-hr grve-space-divider\" style=\"\"><\/div><div class=\"grve-element grve-box-icon grve-align-center\" style=\"\">  <div class=\"grve-icon grve-large grve-simple grve-no-shape grve-color-primary-1 fa fa-send-o\"><\/div>  <div class=\"grve-box-content\"><h5 class=\"grve-box-title\"><span>Pro\u015bba o szkolenie wewn\u0119trzne teraz<\/span><\/h5>  <\/div><\/div>[\/vc_column][vc_column width=&#8221;1\/2&#8243;]\n<div class=\"wpcf7 no-js\" id=\"wpcf7-f24209-o1\" lang=\"pl-PL\" dir=\"ltr\" data-wpcf7-id=\"24209\">\n<div class=\"screen-reader-response\"><p role=\"status\" aria-live=\"polite\" aria-atomic=\"true\"><\/p> <ul><\/ul><\/div>\n<form action=\"\/pl\/wp-json\/wp\/v2\/pages\/23814#wpcf7-f24209-o1\" method=\"post\" class=\"wpcf7-form init\" aria-label=\"Formularz kontaktowy\" novalidate=\"novalidate\" data-status=\"init\">\n<fieldset class=\"hidden-fields-container\"><input type=\"hidden\" name=\"_wpcf7\" value=\"24209\" \/><input type=\"hidden\" name=\"_wpcf7_version\" value=\"6.1.5\" \/><input type=\"hidden\" name=\"_wpcf7_locale\" value=\"pl_PL\" \/><input type=\"hidden\" name=\"_wpcf7_unit_tag\" value=\"wpcf7-f24209-o1\" \/><input type=\"hidden\" name=\"_wpcf7_container_post\" value=\"0\" \/><input type=\"hidden\" name=\"_wpcf7_posted_data_hash\" value=\"\" \/><input type=\"hidden\" name=\"_wpcf7_recaptcha_response\" value=\"\" \/>\n<\/fieldset>\n<p><label> Firma<br \/>\n<span class=\"wpcf7-form-control-wrap\" data-name=\"unternehmen\"><input size=\"40\" maxlength=\"400\" class=\"wpcf7-form-control wpcf7-text\" aria-invalid=\"false\" value=\"\" type=\"text\" name=\"unternehmen\" \/><\/span> <\/label><br \/>\n<label> Salutacja (pole obowi\u0105zkowe)<br \/>\n<span class=\"wpcf7-form-control-wrap\" data-name=\"anrede\"><select class=\"wpcf7-form-control wpcf7-select wpcf7-validates-as-required\" aria-required=\"true\" aria-invalid=\"false\" name=\"anrede\"><option value=\"\">&#8212;Prosz\u0119 wybra\u0107 opcj\u0119&#8212;<\/option><option value=\"Pan\">Pan<\/option><option value=\"Pani\">Pani<\/option><\/select><\/span> <\/label><br \/>\n<label> Imi\u0119 i nazwisko (pole obowi\u0105zkowe)<br \/>\n<span class=\"wpcf7-form-control-wrap\" data-name=\"your-name\"><input size=\"40\" maxlength=\"400\" class=\"wpcf7-form-control wpcf7-text wpcf7-validates-as-required\" aria-required=\"true\" aria-invalid=\"false\" value=\"\" type=\"text\" name=\"your-name\" \/><\/span> <\/label><br \/>\n<label> Adres e-mail (pole obowi\u0105zkowe)<br \/>\n<span class=\"wpcf7-form-control-wrap\" data-name=\"your-email\"><input size=\"40\" maxlength=\"400\" class=\"wpcf7-form-control wpcf7-email wpcf7-validates-as-required wpcf7-text wpcf7-validates-as-email\" aria-required=\"true\" aria-invalid=\"false\" value=\"\" type=\"email\" name=\"your-email\" \/><\/span> <\/label><br \/>\n<label> Numer telefonu<br \/>\n<span class=\"wpcf7-form-control-wrap\" data-name=\"Telefon\"><input size=\"40\" maxlength=\"400\" class=\"wpcf7-form-control wpcf7-tel wpcf7-text wpcf7-validates-as-tel\" aria-invalid=\"false\" value=\"\" type=\"tel\" name=\"Telefon\" \/><\/span> <\/label><br \/>\n<label> Przedmiot<br \/>\n<span class=\"wpcf7-form-control-wrap\" data-name=\"your-subject\"><input size=\"40\" maxlength=\"400\" class=\"wpcf7-form-control wpcf7-text\" aria-invalid=\"false\" value=\"\" type=\"text\" name=\"your-subject\" \/><\/span> <\/label><br \/>\n<label> Wiadomo\u015b\u0107<br \/>\n<span class=\"wpcf7-form-control-wrap\" data-name=\"your-message\"><textarea cols=\"40\" rows=\"10\" maxlength=\"2000\" class=\"wpcf7-form-control wpcf7-textarea\" aria-invalid=\"false\" name=\"your-message\"><\/textarea><\/span> <\/label><br \/>\n<span class=\"wpcf7-form-control-wrap\" data-name=\"Datenschutz\"><span class=\"wpcf7-form-control wpcf7-checkbox wpcf7-validates-as-required\"><span class=\"wpcf7-list-item first last\"><input type=\"checkbox\" name=\"Datenschutz[]\" value=\"Przeczyta\u0142em polityk\u0119 prywatno\u015bci i zgadzam si\u0119 na ni\u0105.\" \/><span class=\"wpcf7-list-item-label\">Przeczyta\u0142em polityk\u0119 prywatno\u015bci i zgadzam si\u0119 na ni\u0105.<\/span><\/span><\/span><\/span><br \/>\n<br \/>\n<input class=\"wpcf7-form-control wpcf7-submit has-spinner\" type=\"submit\" value=\"Wy\u015blij\" \/>\n<\/p><div class=\"wpcf7-response-output\" aria-hidden=\"true\"><\/div>\n<\/form>\n<\/div>\n[vc_column_text][borlabs-cookie id=&#8221;recaptcha&#8221; type=&#8221;content-blocker&#8221;]&#8230;zablokuj to&#8230;[\/borlabs-cookie][\/vc_column_text][\/vc_column][\/vc_row][vc_row][vc_column]<div class=\"grve-element grve-hr grve-space-divider\" style=\"\"><\/div><h3 class=\"grve-element grve-align-left grve-title-no-line grve-h3\" style=\"\"><span>Nasz zesp\u00f3\u0142<\/span><\/h3>[\/vc_column][\/vc_row][vc_row][vc_column width=&#8221;1\/4&#8243; tablet_sm_width=&#8221;1-2&#8243;]\r\n\t\t<div class=\"grve-team grve-element\" style=\"\">\r\n\t\t\t<figure class=\"grve-image-hover grve-style-1 grve-zoom-in\">\r\n\t\t\t\t<div class=\"grve-team-person grve-media grve-dark-overlay grve-opacity-60\">\r\n\t\t\t\t\t<img decoding=\"async\" width=\"300\" height=\"300\" src=\"https:\/\/www.weyer-gruppe.com\/wp-content\/uploads\/2023\/04\/m.matejit_web2-scaled.jpg\" class=\"attachment-grve-image-small-square size-grve-image-small-square\" alt=\"Foto von Maresa Matejit der Horst Weyer und Partner gmbh\" \/>\t\t\t\t<\/div>\r\n\t\t\t\t<figcaption>\r\n\t\t\t\t\t<div class=\"grve-team-description\">\r\n\t\t\t\t\t\t\t\t\t\t\t\t<h4 class=\"grve-team-name grve-dark grve-h4\">Maresa Matejit-Papka<\/h4>\r\n\t\t\t\t\t\t\t\t\t\t\t\t<small class=\"grve-team-identity grve-dark\">weyer akademie<\/small>\r\n\t\t\t\t\t<\/div>\r\n\t\t\t\t\t\t\t\t\t<\/figcaption>\r\n\t\t\t<\/figure>\r\n\t\t<\/div>\r\n\r\n\t\t[\/vc_column][vc_column width=&#8221;1\/4&#8243; tablet_sm_width=&#8221;1-2&#8243;][\/vc_column][vc_column width=&#8221;1\/4&#8243; tablet_sm_width=&#8221;1-2&#8243;][\/vc_column][vc_column width=&#8221;1\/4&#8243; tablet_sm_width=&#8221;1-2&#8243;][\/vc_column][\/vc_row][vc_row][vc_column]<div class=\"grve-element grve-hr grve-space-divider\" style=\"\"><\/div>[\/vc_column][\/vc_row]\n<\/div>","protected":false},"excerpt":{"rendered":"<p>[vc_row][vc_column][vc_column_text]Sp\u00f3\u0142ka weyer akademie gmbh (b\u0119d\u0105ca cz\u0119\u015bci\u0105 grupy weyer) oferuje r\u00f3\u017cne szkolenia i kursy e-learningowe na tematy istotne dla operator\u00f3w i producent\u00f3w. Nasza oferta obejmuje zar\u00f3wno wewn\u0119trzne szkolenia dotycz\u0105ce oznakowania CE zgodnie z dyrektyw\u0105 maszynow\u0105, jak i szkolenia z zakresu ochrony w\u00f3d, a tak\u017ce publiczne seminaria i imprezy s\u0142u\u017c\u0105ce wymianie opinii i do\u015bwiadcze\u0144. Nasze szkolenia wewn\u0119trzne [&hellip;]<\/p>\n","protected":false},"author":5,"featured_media":0,"parent":23842,"menu_order":0,"comment_status":"closed","ping_status":"closed","template":"","meta":{"footnotes":""},"class_list":["post-23814","page","type-page","status-publish","hentry"],"yoast_head":"<!-- This site is optimized with the Yoast SEO Premium plugin v27.4 (Yoast SEO v27.4) - https:\/\/yoast.com\/product\/yoast-seo-premium-wordpress\/ -->\n<title>Indywidualne oferty szkoleniowe i e-learningowe \u2013 grupa weyer<\/title>\n<meta name=\"description\" content=\"Grupa weyer oferuje Pa\u0144stwu indywidualne oferty szkoleniowe i e-learningowe na r\u00f3\u017cne tematy zwi\u0105zane z bezpiecze\u0144stwem instalacji i wiele innych. Prze\u015blij zapytanie! Prze\u015blij zapytanie!\" \/>\n<meta name=\"robots\" content=\"index, follow, max-snippet:-1, max-image-preview:large, max-video-preview:-1\" \/>\n<link rel=\"canonical\" href=\"https:\/\/www.weyer-gruppe.com\/pl\/operatorzy-instalacji-i-inwestorzy\/szkolenia-i-e-learning\/\" \/>\n<meta property=\"og:locale\" content=\"pl_PL\" \/>\n<meta property=\"og:type\" content=\"article\" \/>\n<meta property=\"og:title\" content=\"Szkolenia i e-learning\" \/>\n<meta property=\"og:description\" content=\"Grupa weyer oferuje Pa\u0144stwu indywidualne oferty szkoleniowe i e-learningowe na r\u00f3\u017cne tematy zwi\u0105zane z bezpiecze\u0144stwem instalacji i wiele innych. Prze\u015blij zapytanie! Prze\u015blij zapytanie!\" \/>\n<meta property=\"og:url\" content=\"https:\/\/www.weyer-gruppe.com\/pl\/operatorzy-instalacji-i-inwestorzy\/szkolenia-i-e-learning\/\" \/>\n<meta property=\"og:site_name\" content=\"weyer gruppe\" \/>\n<meta property=\"article:publisher\" content=\"https:\/\/www.facebook.com\/weyergruppe\" \/>\n<meta property=\"article:modified_time\" content=\"2026-03-23T07:03:02+00:00\" \/>\n<meta name=\"twitter:card\" content=\"summary_large_image\" \/>\n<meta name=\"twitter:label1\" content=\"Szacowany czas czytania\" \/>\n\t<meta name=\"twitter:data1\" content=\"3 minuty\" \/>\n<script type=\"application\/ld+json\" class=\"yoast-schema-graph\">{\"@context\":\"https:\\\/\\\/schema.org\",\"@graph\":[{\"@type\":\"WebPage\",\"@id\":\"https:\\\/\\\/www.weyer-gruppe.com\\\/pl\\\/operatorzy-instalacji-i-inwestorzy\\\/szkolenia-i-e-learning\\\/\",\"url\":\"https:\\\/\\\/www.weyer-gruppe.com\\\/pl\\\/operatorzy-instalacji-i-inwestorzy\\\/szkolenia-i-e-learning\\\/\",\"name\":\"Indywidualne oferty szkoleniowe i e-learningowe \u2013 grupa weyer\",\"isPartOf\":{\"@id\":\"https:\\\/\\\/www.weyer-gruppe.com\\\/pl\\\/#website\"},\"datePublished\":\"2020-02-10T16:38:22+00:00\",\"dateModified\":\"2026-03-23T07:03:02+00:00\",\"description\":\"Grupa weyer oferuje Pa\u0144stwu indywidualne oferty szkoleniowe i e-learningowe na r\u00f3\u017cne tematy zwi\u0105zane z bezpiecze\u0144stwem instalacji i wiele innych. Prze\u015blij zapytanie! Prze\u015blij zapytanie!\",\"breadcrumb\":{\"@id\":\"https:\\\/\\\/www.weyer-gruppe.com\\\/pl\\\/operatorzy-instalacji-i-inwestorzy\\\/szkolenia-i-e-learning\\\/#breadcrumb\"},\"inLanguage\":\"pl-PL\",\"potentialAction\":[{\"@type\":\"ReadAction\",\"target\":[\"https:\\\/\\\/www.weyer-gruppe.com\\\/pl\\\/operatorzy-instalacji-i-inwestorzy\\\/szkolenia-i-e-learning\\\/\"]}]},{\"@type\":\"BreadcrumbList\",\"@id\":\"https:\\\/\\\/www.weyer-gruppe.com\\\/pl\\\/operatorzy-instalacji-i-inwestorzy\\\/szkolenia-i-e-learning\\\/#breadcrumb\",\"itemListElement\":[{\"@type\":\"ListItem\",\"position\":1,\"name\":\"HOME\",\"item\":\"https:\\\/\\\/www.weyer-gruppe.com\\\/pl\\\/\"},{\"@type\":\"ListItem\",\"position\":2,\"name\":\"Operatorzy instalacji i inwestorzy\",\"item\":\"https:\\\/\\\/www.weyer-gruppe.com\\\/pl\\\/operatorzy-instalacji-i-inwestorzy\\\/\"},{\"@type\":\"ListItem\",\"position\":3,\"name\":\"Szkolenia i e-learning\"}]},{\"@type\":\"WebSite\",\"@id\":\"https:\\\/\\\/www.weyer-gruppe.com\\\/pl\\\/#website\",\"url\":\"https:\\\/\\\/www.weyer-gruppe.com\\\/pl\\\/\",\"name\":\"weyer gruppe\",\"description\":\"komplett. durchdacht.\",\"publisher\":{\"@id\":\"https:\\\/\\\/www.weyer-gruppe.com\\\/pl\\\/#organization\"},\"potentialAction\":[{\"@type\":\"SearchAction\",\"target\":{\"@type\":\"EntryPoint\",\"urlTemplate\":\"https:\\\/\\\/www.weyer-gruppe.com\\\/pl\\\/?s={search_term_string}\"},\"query-input\":{\"@type\":\"PropertyValueSpecification\",\"valueRequired\":true,\"valueName\":\"search_term_string\"}}],\"inLanguage\":\"pl-PL\"},{\"@type\":\"Organization\",\"@id\":\"https:\\\/\\\/www.weyer-gruppe.com\\\/pl\\\/#organization\",\"name\":\"weyer gruppe\",\"url\":\"https:\\\/\\\/www.weyer-gruppe.com\\\/pl\\\/\",\"logo\":{\"@type\":\"ImageObject\",\"inLanguage\":\"pl-PL\",\"@id\":\"https:\\\/\\\/www.weyer-gruppe.com\\\/pl\\\/#\\\/schema\\\/logo\\\/image\\\/\",\"url\":\"https:\\\/\\\/www.weyer-gruppe.com\\\/wp-content\\\/uploads\\\/2019\\\/07\\\/logo-weyer-gruppe-de.png\",\"contentUrl\":\"https:\\\/\\\/www.weyer-gruppe.com\\\/wp-content\\\/uploads\\\/2019\\\/07\\\/logo-weyer-gruppe-de.png\",\"width\":532,\"height\":513,\"caption\":\"weyer gruppe\"},\"image\":{\"@id\":\"https:\\\/\\\/www.weyer-gruppe.com\\\/pl\\\/#\\\/schema\\\/logo\\\/image\\\/\"},\"sameAs\":[\"https:\\\/\\\/www.facebook.com\\\/weyergruppe\",\"https:\\\/\\\/de.linkedin.com\\\/company\\\/weyer-gruppe\",\"https:\\\/\\\/www.youtube.com\\\/channel\\\/UCmZItECuW56Ih_p501_Bq8A\"],\"description\":\"Die weyer gruppe ist seit 1976 Ihr Partner f\u00fcr verfahrenstechnische Anlagenplanung und Anlagensicherheit. Mit einem erfahrenen Team von \u00fcber 190 Mitarbeitern in Deutschland, \u00d6sterreich, Polen und der Schweiz realisieren wir j\u00e4hrlich \u00fcber 1.000 Kundenprojekte. Unsere Expertise erstreckt sich \u00fcber verschiedene Branchen wie Chemie, Pharma, Mineral\u00f6l sowie Ver- und Entsorgung. Vertrauen Sie auf die weyer Gruppe f\u00fcr ma\u00dfgeschneiderte Engineering- und Consulting-L\u00f6sungen, die Ihre Anforderungen in puncto Sicherheit und Effizienz erf\u00fcllen.\",\"email\":\"info@weyer-gruppe.com\",\"telephone\":\"+49 (0) 24 21 \u2013 69 09 1 \u2013 0\",\"numberOfEmployees\":{\"@type\":\"QuantitativeValue\",\"minValue\":\"51\",\"maxValue\":\"200\"}}]}<\/script>\n<!-- \/ Yoast SEO Premium plugin. -->","yoast_head_json":{"title":"Indywidualne oferty szkoleniowe i e-learningowe \u2013 grupa weyer","description":"Grupa weyer oferuje Pa\u0144stwu indywidualne oferty szkoleniowe i e-learningowe na r\u00f3\u017cne tematy zwi\u0105zane z bezpiecze\u0144stwem instalacji i wiele innych. Prze\u015blij zapytanie! Prze\u015blij zapytanie!","robots":{"index":"index","follow":"follow","max-snippet":"max-snippet:-1","max-image-preview":"max-image-preview:large","max-video-preview":"max-video-preview:-1"},"canonical":"https:\/\/www.weyer-gruppe.com\/pl\/operatorzy-instalacji-i-inwestorzy\/szkolenia-i-e-learning\/","og_locale":"pl_PL","og_type":"article","og_title":"Szkolenia i e-learning","og_description":"Grupa weyer oferuje Pa\u0144stwu indywidualne oferty szkoleniowe i e-learningowe na r\u00f3\u017cne tematy zwi\u0105zane z bezpiecze\u0144stwem instalacji i wiele innych. Prze\u015blij zapytanie! Prze\u015blij zapytanie!","og_url":"https:\/\/www.weyer-gruppe.com\/pl\/operatorzy-instalacji-i-inwestorzy\/szkolenia-i-e-learning\/","og_site_name":"weyer gruppe","article_publisher":"https:\/\/www.facebook.com\/weyergruppe","article_modified_time":"2026-03-23T07:03:02+00:00","twitter_card":"summary_large_image","twitter_misc":{"Szacowany czas czytania":"3 minuty"},"schema":{"@context":"https:\/\/schema.org","@graph":[{"@type":"WebPage","@id":"https:\/\/www.weyer-gruppe.com\/pl\/operatorzy-instalacji-i-inwestorzy\/szkolenia-i-e-learning\/","url":"https:\/\/www.weyer-gruppe.com\/pl\/operatorzy-instalacji-i-inwestorzy\/szkolenia-i-e-learning\/","name":"Indywidualne oferty szkoleniowe i e-learningowe \u2013 grupa weyer","isPartOf":{"@id":"https:\/\/www.weyer-gruppe.com\/pl\/#website"},"datePublished":"2020-02-10T16:38:22+00:00","dateModified":"2026-03-23T07:03:02+00:00","description":"Grupa weyer oferuje Pa\u0144stwu indywidualne oferty szkoleniowe i e-learningowe na r\u00f3\u017cne tematy zwi\u0105zane z bezpiecze\u0144stwem instalacji i wiele innych. Prze\u015blij zapytanie! Prze\u015blij zapytanie!","breadcrumb":{"@id":"https:\/\/www.weyer-gruppe.com\/pl\/operatorzy-instalacji-i-inwestorzy\/szkolenia-i-e-learning\/#breadcrumb"},"inLanguage":"pl-PL","potentialAction":[{"@type":"ReadAction","target":["https:\/\/www.weyer-gruppe.com\/pl\/operatorzy-instalacji-i-inwestorzy\/szkolenia-i-e-learning\/"]}]},{"@type":"BreadcrumbList","@id":"https:\/\/www.weyer-gruppe.com\/pl\/operatorzy-instalacji-i-inwestorzy\/szkolenia-i-e-learning\/#breadcrumb","itemListElement":[{"@type":"ListItem","position":1,"name":"HOME","item":"https:\/\/www.weyer-gruppe.com\/pl\/"},{"@type":"ListItem","position":2,"name":"Operatorzy instalacji i inwestorzy","item":"https:\/\/www.weyer-gruppe.com\/pl\/operatorzy-instalacji-i-inwestorzy\/"},{"@type":"ListItem","position":3,"name":"Szkolenia i e-learning"}]},{"@type":"WebSite","@id":"https:\/\/www.weyer-gruppe.com\/pl\/#website","url":"https:\/\/www.weyer-gruppe.com\/pl\/","name":"weyer gruppe","description":"komplett. durchdacht.","publisher":{"@id":"https:\/\/www.weyer-gruppe.com\/pl\/#organization"},"potentialAction":[{"@type":"SearchAction","target":{"@type":"EntryPoint","urlTemplate":"https:\/\/www.weyer-gruppe.com\/pl\/?s={search_term_string}"},"query-input":{"@type":"PropertyValueSpecification","valueRequired":true,"valueName":"search_term_string"}}],"inLanguage":"pl-PL"},{"@type":"Organization","@id":"https:\/\/www.weyer-gruppe.com\/pl\/#organization","name":"weyer gruppe","url":"https:\/\/www.weyer-gruppe.com\/pl\/","logo":{"@type":"ImageObject","inLanguage":"pl-PL","@id":"https:\/\/www.weyer-gruppe.com\/pl\/#\/schema\/logo\/image\/","url":"https:\/\/www.weyer-gruppe.com\/wp-content\/uploads\/2019\/07\/logo-weyer-gruppe-de.png","contentUrl":"https:\/\/www.weyer-gruppe.com\/wp-content\/uploads\/2019\/07\/logo-weyer-gruppe-de.png","width":532,"height":513,"caption":"weyer gruppe"},"image":{"@id":"https:\/\/www.weyer-gruppe.com\/pl\/#\/schema\/logo\/image\/"},"sameAs":["https:\/\/www.facebook.com\/weyergruppe","https:\/\/de.linkedin.com\/company\/weyer-gruppe","https:\/\/www.youtube.com\/channel\/UCmZItECuW56Ih_p501_Bq8A"],"description":"Die weyer gruppe ist seit 1976 Ihr Partner f\u00fcr verfahrenstechnische Anlagenplanung und Anlagensicherheit. Mit einem erfahrenen Team von \u00fcber 190 Mitarbeitern in Deutschland, \u00d6sterreich, Polen und der Schweiz realisieren wir j\u00e4hrlich \u00fcber 1.000 Kundenprojekte. Unsere Expertise erstreckt sich \u00fcber verschiedene Branchen wie Chemie, Pharma, Mineral\u00f6l sowie Ver- und Entsorgung. Vertrauen Sie auf die weyer Gruppe f\u00fcr ma\u00dfgeschneiderte Engineering- und Consulting-L\u00f6sungen, die Ihre Anforderungen in puncto Sicherheit und Effizienz erf\u00fcllen.","email":"info@weyer-gruppe.com","telephone":"+49 (0) 24 21 \u2013 69 09 1 \u2013 0","numberOfEmployees":{"@type":"QuantitativeValue","minValue":"51","maxValue":"200"}}]}},"_links":{"self":[{"href":"https:\/\/www.weyer-gruppe.com\/pl\/wp-json\/wp\/v2\/pages\/23814","targetHints":{"allow":["GET"]}}],"collection":[{"href":"https:\/\/www.weyer-gruppe.com\/pl\/wp-json\/wp\/v2\/pages"}],"about":[{"href":"https:\/\/www.weyer-gruppe.com\/pl\/wp-json\/wp\/v2\/types\/page"}],"author":[{"embeddable":true,"href":"https:\/\/www.weyer-gruppe.com\/pl\/wp-json\/wp\/v2\/users\/5"}],"replies":[{"embeddable":true,"href":"https:\/\/www.weyer-gruppe.com\/pl\/wp-json\/wp\/v2\/comments?post=23814"}],"version-history":[{"count":1,"href":"https:\/\/www.weyer-gruppe.com\/pl\/wp-json\/wp\/v2\/pages\/23814\/revisions"}],"predecessor-version":[{"id":238073,"href":"https:\/\/www.weyer-gruppe.com\/pl\/wp-json\/wp\/v2\/pages\/23814\/revisions\/238073"}],"up":[{"embeddable":true,"href":"https:\/\/www.weyer-gruppe.com\/pl\/wp-json\/wp\/v2\/pages\/23842"}],"wp:attachment":[{"href":"https:\/\/www.weyer-gruppe.com\/pl\/wp-json\/wp\/v2\/media?parent=23814"}],"curies":[{"name":"wp","href":"https:\/\/api.w.org\/{rel}","templated":true}]}}