{"id":23782,"date":"2019-12-17T11:27:14","date_gmt":"2019-12-17T10:27:14","guid":{"rendered":"https:\/\/www.weyer-gruppe.com\/kultura-planowania-zarzadzanie-konkurencja-i-przydzialem-zlecen-2\/"},"modified":"2026-03-23T09:02:59","modified_gmt":"2026-03-23T08:02:59","slug":"kultura-planowania-zarzadzanie-konkurencja-i-przydzialem-zlecen-2","status":"publish","type":"page","link":"https:\/\/www.weyer-gruppe.com\/pl\/sektor-publiczny\/kultura-planowania-zarzadzanie-konkurencja-i-przydzialem-zlecen-2\/","title":{"rendered":"Kultura planowania: zarz\u0105dzanie konkurencj\u0105 i przydzia\u0142em zlece\u0144"},"content":{"rendered":"<div class=\"wpb-content-wrapper\">[vc_row][vc_column][vc_column_text]Z\u0142o\u017cone urbanistyczne procesy rozwoju sk\u0142adaj\u0105 si\u0119 z wielu r\u00f3\u017cnych i cz\u0119\u015bciowo wsp\u00f3\u0142zale\u017cnych zada\u0144. Do realizacji tych proces\u00f3w rozwojowych niezb\u0119dne s\u0105 obiektywne i przejrzyste procedury konkursowe i przydzia\u0142 zlece\u0144 oraz zarz\u0105dzanie nimi. W rezultacie te formy udzielania zam\u00f3wie\u0144 zapewniaj\u0105 wi\u0105\u017c\u0105c\u0105 i rzeteln\u0105 podstaw\u0119 do podejmowania decyzji dotycz\u0105cych realizacji danego procesu rozwoju.<\/p>\n<p>Doradzamy klientom publicznym i prywatnym w zakresie wdra\u017cania i zarz\u0105dzania procedurami konkursowymi i przydzia\u0142u zlece\u0144. Zgodnie z prawem zam\u00f3wie\u0144 publicznych oraz wytycznymi dotycz\u0105cymi konkurs\u00f3w planistycznych dla stowarzysze\u0144 architektonicznych przeprowadzamy procedury w \u015bcis\u0142ej wsp\u00f3\u0142pracy z klientem w spos\u00f3b w\u0142a\u015bciwy i zgodny z prawem.<\/p>\n<h2>Us\u0142ugi<\/h2>\n<ul class=\"arrow-gray\">\n<li class=\"first-child\">Doradztwo proceduralne klientowi<\/li>\n<li>Przygotowanie opis\u00f3w us\u0142ug<\/li>\n<li>Okre\u015blenie kryteri\u00f3w oceny; opracowanie kryteri\u00f3w wyboru i kwalifikowalno\u015bci zwi\u0105zanych z zadaniami<\/li>\n<li>Techniczna i ekonomiczna ocena ofert i koncepcji<\/li>\n<li>Przeprowadzanie rozm\u00f3w z oferentami i negocjacje<\/li>\n<li class=\"last-child\">Przygotowanie rekomendacji dotycz\u0105cej przydzia\u0142u zlecenia wraz z dokumentacj\u0105<\/li>\n<li class=\"last-child\">Zarz\u0105dzanie procedurami konkursowymi i przydzia\u0142u zlece\u0144: og\u00f3lnoeuropejskie procedury wyboru inwestor\u00f3w, dialogi konkurencyjne, konkursy na realizacj\u0119 wed\u0142ug RPW 2013 itp.<\/li>\n<\/ul>\n[\/vc_column_text][\/vc_column][\/vc_row][vc_row bg_type=&#8221;color&#8221; bg_color=&#8221;#0b3c80&#8243;][vc_column css=&#8221;.vc_custom_1564045335899{background-color: #0b3c80 !important;}&#8221;]<div class=\"grve-element grve-hr grve-space-divider\" style=\"\"><\/div><div class=\"grve-element grve-image-text\" style=\"\">  <div class=\"grve-content grve-align-right\">    <h6>weyer spezial: Rozw\u00f3j obszar\u00f3w miejskich i urbanistyka<\/h6>  <p> <span style=\"color: #ffffff;\">Podstawowe warunki i przes\u0142anki s\u0105 zawsze r\u00f3\u017cne w ka\u017cdej gminie i w ka\u017cdej dzielnicy, dlatego te\u017c musz\u0105 by\u0107 zawsze rozpatrywane indywidualnie i w ich wzajemnych relacjach. I to jest to, o co nam chodzi! Skuteczne doradztwo w zakresie rozwoju obszar\u00f3w miejskich oznacza pokazanie niezawodnych i elastycznych rozwi\u0105za\u0144 r\u00f3\u017cnorodnych kwestii, a tym samym metodycznie uzasadnionych i zorientowanych na praktyk\u0119 z jednego \u017ar\u00f3d\u0142a. Zgodnie z t\u0105 filozofi\u0105 oferujemy wraz z naszym interdyscyplinarnym zespo\u0142em urbanist\u00f3w, architekt\u00f3w, architekt\u00f3w&#8230;<\/span><\/p>    <a href=\"https:\/\/www.weyer-gruppe.com\/wp-content\/uploads\/2019\/07\/weyer-spezial-stadtentwicklung-stadtplanung-0416.pdf\" target=\"_blank\" class=\"grve-read-more \">Pobierz weyer spezial tutaj<\/a>  <\/div><div class=\"grve-image\"><img decoding=\"async\" width=\"250\" height=\"354\" src=\"https:\/\/www.weyer-gruppe.com\/wp-content\/uploads\/2019\/07\/weyer-spezial-weyer-gruppe-stadtentwicklung-stadtplanung.jpg\" class=\"attachment-full size-full\" alt=\"weyer spezial zum Thema Stadtentwicklung und Stadtplanung\" srcset=\"\" \/><\/div><\/div><div class=\"grve-element grve-hr grve-space-divider\" style=\"\"><\/div>[\/vc_column][\/vc_row][vc_row][vc_column]<div class=\"grve-element grve-hr grve-space-divider\" style=\"\"><\/div>[vc_column_text]\n<h3>Nasz zesp\u00f3\u0142<\/h3>\n[\/vc_column_text][\/vc_column][\/vc_row][vc_row][vc_column width=&#8221;1\/4&#8243; tablet_sm_width=&#8221;1-2&#8243;]\r\n\t\t<div class=\"grve-team grve-element\" style=\"\">\r\n\t\t\t<figure class=\"grve-image-hover grve-style-1 grve-zoom-in\">\r\n\t\t\t\t<div class=\"grve-team-person grve-media grve-dark-overlay grve-opacity-60\">\r\n\t\t\t\t\t<img decoding=\"async\" width=\"270\" height=\"270\" src=\"https:\/\/www.weyer-gruppe.com\/wp-content\/uploads\/2019\/07\/martina-kloehn-pr-2022-1.jpg\" class=\"attachment-large size-large\" alt=\"Mitarbeiterfoto\" \/>\t\t\t\t<\/div>\r\n\t\t\t\t<figcaption>\r\n\t\t\t\t\t<div class=\"grve-team-description\">\r\n\t\t\t\t\t\t\t\t\t\t\t\t<h4 class=\"grve-team-name grve-dark grve-h4\">Martina Kl\u00f6hn<\/h4>\r\n\t\t\t\t\t\t\t\t\t\t\t\t<small class=\"grve-team-identity grve-dark\">Probiotec<\/small>\r\n\t\t\t\t\t<\/div>\r\n\t\t\t\t\t\t\t\t\t<\/figcaption>\r\n\t\t\t<\/figure>\r\n\t\t<\/div>\r\n\r\n\t\t[\/vc_column][\/vc_row][vc_row][vc_column]<div class=\"grve-element grve-hr grve-space-divider\" style=\"\"><\/div>[\/vc_column][\/vc_row]\n<\/div>","protected":false},"excerpt":{"rendered":"<p>[vc_row][vc_column][vc_column_text]Z\u0142o\u017cone urbanistyczne procesy rozwoju sk\u0142adaj\u0105 si\u0119 z wielu r\u00f3\u017cnych i cz\u0119\u015bciowo wsp\u00f3\u0142zale\u017cnych zada\u0144. Do realizacji tych proces\u00f3w rozwojowych niezb\u0119dne s\u0105 obiektywne i przejrzyste procedury konkursowe i przydzia\u0142 zlece\u0144 oraz zarz\u0105dzanie nimi. W rezultacie te formy udzielania zam\u00f3wie\u0144 zapewniaj\u0105 wi\u0105\u017c\u0105c\u0105 i rzeteln\u0105 podstaw\u0119 do podejmowania decyzji dotycz\u0105cych realizacji danego procesu rozwoju. Doradzamy klientom publicznym i prywatnym [&hellip;]<\/p>\n","protected":false},"author":5,"featured_media":0,"parent":23973,"menu_order":0,"comment_status":"closed","ping_status":"closed","template":"","meta":{"footnotes":""},"class_list":["post-23782","page","type-page","status-publish","hentry"],"yoast_head":"<!-- This site is optimized with the Yoast SEO Premium plugin v27.4 (Yoast SEO v27.4) - https:\/\/yoast.com\/product\/yoast-seo-premium-wordpress\/ -->\n<title>Zarz\u0105dzanie procedurami konkursowymi i udzielania zam\u00f3wie\u0144 \u2013 grupa weyer<\/title>\n<meta name=\"description\" content=\"Grupa weyer wspiera miasta i gminy w zarz\u0105dzaniu rozwojem obszar\u00f3w miejskich w zakresie procedur konkursowych i udzielania zam\u00f3wie\u0144 zgodnie z prawem zam\u00f3wie\u0144 publicznych.\" \/>\n<meta name=\"robots\" content=\"index, follow, max-snippet:-1, max-image-preview:large, max-video-preview:-1\" \/>\n<link rel=\"canonical\" href=\"https:\/\/www.weyer-gruppe.com\/pl\/sektor-publiczny\/kultura-planowania-zarzadzanie-konkurencja-i-przydzialem-zlecen-2\/\" \/>\n<meta property=\"og:locale\" content=\"pl_PL\" \/>\n<meta property=\"og:type\" content=\"article\" \/>\n<meta property=\"og:title\" content=\"Kultura planowania: zarz\u0105dzanie konkurencj\u0105 i przydzia\u0142em zlece\u0144\" \/>\n<meta property=\"og:description\" content=\"Grupa weyer wspiera miasta i gminy w zarz\u0105dzaniu rozwojem obszar\u00f3w miejskich w zakresie procedur konkursowych i udzielania zam\u00f3wie\u0144 zgodnie z prawem zam\u00f3wie\u0144 publicznych.\" \/>\n<meta property=\"og:url\" content=\"https:\/\/www.weyer-gruppe.com\/pl\/sektor-publiczny\/kultura-planowania-zarzadzanie-konkurencja-i-przydzialem-zlecen-2\/\" \/>\n<meta property=\"og:site_name\" content=\"weyer gruppe\" \/>\n<meta property=\"article:publisher\" content=\"https:\/\/www.facebook.com\/weyergruppe\" \/>\n<meta property=\"article:modified_time\" content=\"2026-03-23T08:02:59+00:00\" \/>\n<meta name=\"twitter:card\" content=\"summary_large_image\" \/>\n<meta name=\"twitter:label1\" content=\"Szacowany czas czytania\" \/>\n\t<meta name=\"twitter:data1\" content=\"2 minuty\" \/>\n<script type=\"application\/ld+json\" class=\"yoast-schema-graph\">{\"@context\":\"https:\\\/\\\/schema.org\",\"@graph\":[{\"@type\":\"WebPage\",\"@id\":\"https:\\\/\\\/www.weyer-gruppe.com\\\/pl\\\/sektor-publiczny\\\/kultura-planowania-zarzadzanie-konkurencja-i-przydzialem-zlecen-2\\\/\",\"url\":\"https:\\\/\\\/www.weyer-gruppe.com\\\/pl\\\/sektor-publiczny\\\/kultura-planowania-zarzadzanie-konkurencja-i-przydzialem-zlecen-2\\\/\",\"name\":\"Zarz\u0105dzanie procedurami konkursowymi i udzielania zam\u00f3wie\u0144 \u2013 grupa weyer\",\"isPartOf\":{\"@id\":\"https:\\\/\\\/www.weyer-gruppe.com\\\/pl\\\/#website\"},\"datePublished\":\"2019-12-17T10:27:14+00:00\",\"dateModified\":\"2026-03-23T08:02:59+00:00\",\"description\":\"Grupa weyer wspiera miasta i gminy w zarz\u0105dzaniu rozwojem obszar\u00f3w miejskich w zakresie procedur konkursowych i udzielania zam\u00f3wie\u0144 zgodnie z prawem zam\u00f3wie\u0144 publicznych.\",\"breadcrumb\":{\"@id\":\"https:\\\/\\\/www.weyer-gruppe.com\\\/pl\\\/sektor-publiczny\\\/kultura-planowania-zarzadzanie-konkurencja-i-przydzialem-zlecen-2\\\/#breadcrumb\"},\"inLanguage\":\"pl-PL\",\"potentialAction\":[{\"@type\":\"ReadAction\",\"target\":[\"https:\\\/\\\/www.weyer-gruppe.com\\\/pl\\\/sektor-publiczny\\\/kultura-planowania-zarzadzanie-konkurencja-i-przydzialem-zlecen-2\\\/\"]}]},{\"@type\":\"BreadcrumbList\",\"@id\":\"https:\\\/\\\/www.weyer-gruppe.com\\\/pl\\\/sektor-publiczny\\\/kultura-planowania-zarzadzanie-konkurencja-i-przydzialem-zlecen-2\\\/#breadcrumb\",\"itemListElement\":[{\"@type\":\"ListItem\",\"position\":1,\"name\":\"HOME\",\"item\":\"https:\\\/\\\/www.weyer-gruppe.com\\\/pl\\\/\"},{\"@type\":\"ListItem\",\"position\":2,\"name\":\"Sektor publiczny\",\"item\":\"https:\\\/\\\/www.weyer-gruppe.com\\\/pl\\\/sektor-publiczny\\\/\"},{\"@type\":\"ListItem\",\"position\":3,\"name\":\"Kultura planowania: zarz\u0105dzanie konkurencj\u0105 i przydzia\u0142em zlece\u0144\"}]},{\"@type\":\"WebSite\",\"@id\":\"https:\\\/\\\/www.weyer-gruppe.com\\\/pl\\\/#website\",\"url\":\"https:\\\/\\\/www.weyer-gruppe.com\\\/pl\\\/\",\"name\":\"weyer gruppe\",\"description\":\"komplett. durchdacht.\",\"publisher\":{\"@id\":\"https:\\\/\\\/www.weyer-gruppe.com\\\/pl\\\/#organization\"},\"potentialAction\":[{\"@type\":\"SearchAction\",\"target\":{\"@type\":\"EntryPoint\",\"urlTemplate\":\"https:\\\/\\\/www.weyer-gruppe.com\\\/pl\\\/?s={search_term_string}\"},\"query-input\":{\"@type\":\"PropertyValueSpecification\",\"valueRequired\":true,\"valueName\":\"search_term_string\"}}],\"inLanguage\":\"pl-PL\"},{\"@type\":\"Organization\",\"@id\":\"https:\\\/\\\/www.weyer-gruppe.com\\\/pl\\\/#organization\",\"name\":\"weyer gruppe\",\"url\":\"https:\\\/\\\/www.weyer-gruppe.com\\\/pl\\\/\",\"logo\":{\"@type\":\"ImageObject\",\"inLanguage\":\"pl-PL\",\"@id\":\"https:\\\/\\\/www.weyer-gruppe.com\\\/pl\\\/#\\\/schema\\\/logo\\\/image\\\/\",\"url\":\"https:\\\/\\\/www.weyer-gruppe.com\\\/wp-content\\\/uploads\\\/2019\\\/07\\\/logo-weyer-gruppe-de.png\",\"contentUrl\":\"https:\\\/\\\/www.weyer-gruppe.com\\\/wp-content\\\/uploads\\\/2019\\\/07\\\/logo-weyer-gruppe-de.png\",\"width\":532,\"height\":513,\"caption\":\"weyer gruppe\"},\"image\":{\"@id\":\"https:\\\/\\\/www.weyer-gruppe.com\\\/pl\\\/#\\\/schema\\\/logo\\\/image\\\/\"},\"sameAs\":[\"https:\\\/\\\/www.facebook.com\\\/weyergruppe\",\"https:\\\/\\\/de.linkedin.com\\\/company\\\/weyer-gruppe\",\"https:\\\/\\\/www.youtube.com\\\/channel\\\/UCmZItECuW56Ih_p501_Bq8A\"],\"description\":\"Die weyer gruppe ist seit 1976 Ihr Partner f\u00fcr verfahrenstechnische Anlagenplanung und Anlagensicherheit. Mit einem erfahrenen Team von \u00fcber 190 Mitarbeitern in Deutschland, \u00d6sterreich, Polen und der Schweiz realisieren wir j\u00e4hrlich \u00fcber 1.000 Kundenprojekte. Unsere Expertise erstreckt sich \u00fcber verschiedene Branchen wie Chemie, Pharma, Mineral\u00f6l sowie Ver- und Entsorgung. Vertrauen Sie auf die weyer Gruppe f\u00fcr ma\u00dfgeschneiderte Engineering- und Consulting-L\u00f6sungen, die Ihre Anforderungen in puncto Sicherheit und Effizienz erf\u00fcllen.\",\"email\":\"info@weyer-gruppe.com\",\"telephone\":\"+49 (0) 24 21 \u2013 69 09 1 \u2013 0\",\"numberOfEmployees\":{\"@type\":\"QuantitativeValue\",\"minValue\":\"51\",\"maxValue\":\"200\"}}]}<\/script>\n<!-- \/ Yoast SEO Premium plugin. -->","yoast_head_json":{"title":"Zarz\u0105dzanie procedurami konkursowymi i udzielania zam\u00f3wie\u0144 \u2013 grupa weyer","description":"Grupa weyer wspiera miasta i gminy w zarz\u0105dzaniu rozwojem obszar\u00f3w miejskich w zakresie procedur konkursowych i udzielania zam\u00f3wie\u0144 zgodnie z prawem zam\u00f3wie\u0144 publicznych.","robots":{"index":"index","follow":"follow","max-snippet":"max-snippet:-1","max-image-preview":"max-image-preview:large","max-video-preview":"max-video-preview:-1"},"canonical":"https:\/\/www.weyer-gruppe.com\/pl\/sektor-publiczny\/kultura-planowania-zarzadzanie-konkurencja-i-przydzialem-zlecen-2\/","og_locale":"pl_PL","og_type":"article","og_title":"Kultura planowania: zarz\u0105dzanie konkurencj\u0105 i przydzia\u0142em zlece\u0144","og_description":"Grupa weyer wspiera miasta i gminy w zarz\u0105dzaniu rozwojem obszar\u00f3w miejskich w zakresie procedur konkursowych i udzielania zam\u00f3wie\u0144 zgodnie z prawem zam\u00f3wie\u0144 publicznych.","og_url":"https:\/\/www.weyer-gruppe.com\/pl\/sektor-publiczny\/kultura-planowania-zarzadzanie-konkurencja-i-przydzialem-zlecen-2\/","og_site_name":"weyer gruppe","article_publisher":"https:\/\/www.facebook.com\/weyergruppe","article_modified_time":"2026-03-23T08:02:59+00:00","twitter_card":"summary_large_image","twitter_misc":{"Szacowany czas czytania":"2 minuty"},"schema":{"@context":"https:\/\/schema.org","@graph":[{"@type":"WebPage","@id":"https:\/\/www.weyer-gruppe.com\/pl\/sektor-publiczny\/kultura-planowania-zarzadzanie-konkurencja-i-przydzialem-zlecen-2\/","url":"https:\/\/www.weyer-gruppe.com\/pl\/sektor-publiczny\/kultura-planowania-zarzadzanie-konkurencja-i-przydzialem-zlecen-2\/","name":"Zarz\u0105dzanie procedurami konkursowymi i udzielania zam\u00f3wie\u0144 \u2013 grupa weyer","isPartOf":{"@id":"https:\/\/www.weyer-gruppe.com\/pl\/#website"},"datePublished":"2019-12-17T10:27:14+00:00","dateModified":"2026-03-23T08:02:59+00:00","description":"Grupa weyer wspiera miasta i gminy w zarz\u0105dzaniu rozwojem obszar\u00f3w miejskich w zakresie procedur konkursowych i udzielania zam\u00f3wie\u0144 zgodnie z prawem zam\u00f3wie\u0144 publicznych.","breadcrumb":{"@id":"https:\/\/www.weyer-gruppe.com\/pl\/sektor-publiczny\/kultura-planowania-zarzadzanie-konkurencja-i-przydzialem-zlecen-2\/#breadcrumb"},"inLanguage":"pl-PL","potentialAction":[{"@type":"ReadAction","target":["https:\/\/www.weyer-gruppe.com\/pl\/sektor-publiczny\/kultura-planowania-zarzadzanie-konkurencja-i-przydzialem-zlecen-2\/"]}]},{"@type":"BreadcrumbList","@id":"https:\/\/www.weyer-gruppe.com\/pl\/sektor-publiczny\/kultura-planowania-zarzadzanie-konkurencja-i-przydzialem-zlecen-2\/#breadcrumb","itemListElement":[{"@type":"ListItem","position":1,"name":"HOME","item":"https:\/\/www.weyer-gruppe.com\/pl\/"},{"@type":"ListItem","position":2,"name":"Sektor publiczny","item":"https:\/\/www.weyer-gruppe.com\/pl\/sektor-publiczny\/"},{"@type":"ListItem","position":3,"name":"Kultura planowania: zarz\u0105dzanie konkurencj\u0105 i przydzia\u0142em zlece\u0144"}]},{"@type":"WebSite","@id":"https:\/\/www.weyer-gruppe.com\/pl\/#website","url":"https:\/\/www.weyer-gruppe.com\/pl\/","name":"weyer gruppe","description":"komplett. durchdacht.","publisher":{"@id":"https:\/\/www.weyer-gruppe.com\/pl\/#organization"},"potentialAction":[{"@type":"SearchAction","target":{"@type":"EntryPoint","urlTemplate":"https:\/\/www.weyer-gruppe.com\/pl\/?s={search_term_string}"},"query-input":{"@type":"PropertyValueSpecification","valueRequired":true,"valueName":"search_term_string"}}],"inLanguage":"pl-PL"},{"@type":"Organization","@id":"https:\/\/www.weyer-gruppe.com\/pl\/#organization","name":"weyer gruppe","url":"https:\/\/www.weyer-gruppe.com\/pl\/","logo":{"@type":"ImageObject","inLanguage":"pl-PL","@id":"https:\/\/www.weyer-gruppe.com\/pl\/#\/schema\/logo\/image\/","url":"https:\/\/www.weyer-gruppe.com\/wp-content\/uploads\/2019\/07\/logo-weyer-gruppe-de.png","contentUrl":"https:\/\/www.weyer-gruppe.com\/wp-content\/uploads\/2019\/07\/logo-weyer-gruppe-de.png","width":532,"height":513,"caption":"weyer gruppe"},"image":{"@id":"https:\/\/www.weyer-gruppe.com\/pl\/#\/schema\/logo\/image\/"},"sameAs":["https:\/\/www.facebook.com\/weyergruppe","https:\/\/de.linkedin.com\/company\/weyer-gruppe","https:\/\/www.youtube.com\/channel\/UCmZItECuW56Ih_p501_Bq8A"],"description":"Die weyer gruppe ist seit 1976 Ihr Partner f\u00fcr verfahrenstechnische Anlagenplanung und Anlagensicherheit. Mit einem erfahrenen Team von \u00fcber 190 Mitarbeitern in Deutschland, \u00d6sterreich, Polen und der Schweiz realisieren wir j\u00e4hrlich \u00fcber 1.000 Kundenprojekte. Unsere Expertise erstreckt sich \u00fcber verschiedene Branchen wie Chemie, Pharma, Mineral\u00f6l sowie Ver- und Entsorgung. Vertrauen Sie auf die weyer Gruppe f\u00fcr ma\u00dfgeschneiderte Engineering- und Consulting-L\u00f6sungen, die Ihre Anforderungen in puncto Sicherheit und Effizienz erf\u00fcllen.","email":"info@weyer-gruppe.com","telephone":"+49 (0) 24 21 \u2013 69 09 1 \u2013 0","numberOfEmployees":{"@type":"QuantitativeValue","minValue":"51","maxValue":"200"}}]}},"_links":{"self":[{"href":"https:\/\/www.weyer-gruppe.com\/pl\/wp-json\/wp\/v2\/pages\/23782","targetHints":{"allow":["GET"]}}],"collection":[{"href":"https:\/\/www.weyer-gruppe.com\/pl\/wp-json\/wp\/v2\/pages"}],"about":[{"href":"https:\/\/www.weyer-gruppe.com\/pl\/wp-json\/wp\/v2\/types\/page"}],"author":[{"embeddable":true,"href":"https:\/\/www.weyer-gruppe.com\/pl\/wp-json\/wp\/v2\/users\/5"}],"replies":[{"embeddable":true,"href":"https:\/\/www.weyer-gruppe.com\/pl\/wp-json\/wp\/v2\/comments?post=23782"}],"version-history":[{"count":3,"href":"https:\/\/www.weyer-gruppe.com\/pl\/wp-json\/wp\/v2\/pages\/23782\/revisions"}],"predecessor-version":[{"id":238131,"href":"https:\/\/www.weyer-gruppe.com\/pl\/wp-json\/wp\/v2\/pages\/23782\/revisions\/238131"}],"up":[{"embeddable":true,"href":"https:\/\/www.weyer-gruppe.com\/pl\/wp-json\/wp\/v2\/pages\/23973"}],"wp:attachment":[{"href":"https:\/\/www.weyer-gruppe.com\/pl\/wp-json\/wp\/v2\/media?parent=23782"}],"curies":[{"name":"wp","href":"https:\/\/api.w.org\/{rel}","templated":true}]}}