{"id":23694,"date":"2019-12-17T12:11:31","date_gmt":"2019-12-17T11:11:31","guid":{"rendered":"https:\/\/www.weyer-gruppe.com\/badanie-wplywu-na-srodowisko-3\/"},"modified":"2026-03-23T09:05:31","modified_gmt":"2026-03-23T08:05:31","slug":"badanie-wplywu-na-srodowisko-3","status":"publish","type":"page","link":"https:\/\/www.weyer-gruppe.com\/pl\/sektor-publiczny\/badanie-wplywu-na-srodowisko-3\/","title":{"rendered":"Badanie wp\u0142ywu na \u015brodowisko"},"content":{"rendered":"<div class=\"wpb-content-wrapper\">[vc_row][vc_column][vc_column_text]W ramach procedur udzielania zezwole\u0144 na instalacje zwi\u0105zane z emisjami wnioskodawca musi zazwyczaj udowodni\u0107 operatorowi instalacji, \u017ce budowa i eksploatacja instalacji nie powoduje \u017cadnych szkodliwych skutk\u00f3w dla \u015brodowiska. . Z tego powodu ocena oddzia\u0142ywania na \u015brodowisko (OO\u015a) jest dla wielu instalacji centralnym elementem administracyjnej procedury uzyskiwania pozwole\u0144 (np. w procedurach zatwierdzania kontroli imisji lub procedurach planowania). W przypadku niekt\u00f3rych projekt\u00f3w, kt\u00f3re ze wzgl\u0119du na sw\u00f3j rodzaj lub wielko\u015b\u0107 mog\u0105 mie\u0107 jedynie niewielkie oddzia\u0142ywanie na \u015brodowisko, prawo przewiduje og\u00f3ln\u0105 lub specyficzn\u0105 dla danego miejsca wst\u0119pn\u0105 ocen\u0119 danego przypadku.<\/p>\n<p>Grupa weyer towarzyszy operatorom instalacji lub inwestorom na wszystkich etapach procedury zatwierdzania. Poprzez \u015bcis\u0142\u0105 wsp\u00f3\u0142prac\u0119 z inwestorem i w\u0142a\u015bciwymi urz\u0119dami opracowujemy og\u00f3lne wymagania dotycz\u0105ce oceny oddzia\u0142ywania na \u015brodowisko, specyficzne dla danego projektu.<\/p>\n<p>Raport o oddzia\u0142ywaniu na \u015brodowisko zawiera wszystkie istotne informacje na temat wp\u0142ywu danego projektu na \u015brodowisko, kt\u00f3re s\u0105 wymagane do podj\u0119cia oficjalnej decyzji. Sprawozdanie jest \u015bci\u015ble dostosowane do wymog\u00f3w wcze\u015bniej uzgodnionych ram badania.<\/p>\n<p>Prowadzimy dla Pa\u0144stwa przegl\u0105d i podsumowujemy wszystkie istotne aspekty w raporcie o oddzia\u0142ywaniu na \u015brodowisko w og\u00f3lnej ocenie eksperckiej. W oparciu o nasze do\u015bwiadczenie w przygotowywaniu ekspertyz dla inwestor\u00f3w i organ\u00f3w zatwierdzaj\u0105cych mo\u017cemy zaoferowa\u0107 Pa\u0144stwu ten dostosowany do potrzeb i zgodny z prawem dokument.<\/p>\n<p>W dalszym toku procedury zatwierdzania ch\u0119tnie wspieramy r\u00f3wnie\u017c strony planistyczne w kontek\u015bcie dalszego udzia\u0142u w\u0142adz i spo\u0142ecze\u0144stwa.<\/p>\n<p>Szczeg\u00f3lnie w przypadku projekt\u00f3w, kt\u00f3re dotycz\u0105 okolicznych miejscowo\u015bci lub obszar\u00f3w wra\u017cliwych ekologicznie, kluczowe znaczenie dla wnioskodawcy ma budowanie zaufania i akceptacji w\u015br\u00f3d spo\u0142ecze\u0144stwa i w\u0142adz. Mo\u017ce to by\u0107 zapewnione przez kompetentn\u0105 reprezentacj\u0119 projektu podczas fazy dyskusji.<\/p>\n<h2>Us\u0142ugi<\/h2>\n<ul class=\"arrow-gray\">\n<li>Opracowanie planu ramowego dla oceny oddzia\u0142ywania na \u015brodowisko<\/li>\n<li>Wdro\u017cenie procesu okre\u015blania zakresu<\/li>\n<li>Przygotowanie raportu o oddzia\u0142ywaniu na \u015brodowisko<\/li>\n<li>Przygotowanie og\u00f3lnej lub specyficznej dla danej lokalizacji oceny wst\u0119pnej danego przypadku<\/li>\n<li>Koordynacja ca\u0142ej procedury OO\u015a dla realizatora projektu<\/li>\n<li>Obliczanie depozycji azotu i kwasu (zgodno\u015b\u0107 z dyrektyw\u0105 siedliskow\u0105)<\/li>\n<\/ul>\n[\/vc_column_text][\/vc_column][\/vc_row][vc_row bg_type=&#8221;color&#8221; bg_color=&#8221;#0b3c80&#8243; font_color=&#8221;#ffffff&#8221;][vc_column css=&#8221;.vc_custom_1563974199119{padding-top: 25px !important;padding-bottom: 25px !important;padding-left: 25px !important;}&#8221;]<div class=\"grve-element grve-hr grve-space-divider\" style=\"\"><\/div><div class=\"grve-element grve-image-text\" style=\"\">  <div class=\"grve-content grve-align-right\">    <h6>weyer spezial: Badanie wp\u0142ywu na \u015brodowisko<\/h6>  <p>Ocena oddzia\u0142ywania na \u015brodowisko (OO\u015a) jest centralnym elementem procedur planowania administracyjnego. OO\u015a<br \/>\nmo\u017ce by\u0107 wymagana jako cz\u0119\u015b\u0107 procedur zatwierdzania kontroli imisji dla du\u017cych zak\u0142ad\u00f3w przemys\u0142owych i zak\u0142ad\u00f3w gospodarki odpadami oraz procedur zatwierdzania planowania. W przypadku niekt\u00f3rych projekt\u00f3w, kt\u00f3re ze wzgl\u0119du na sw\u00f3j rodzaj lub wielko\u015b\u0107 mog\u0105 mie\u0107 jedynie niewielki wp\u0142yw na \u015brodowisko, przepisy przewiduj\u0105 wst\u0119pn\u0105 ocen\u0119 danego przypadku&#8230;<\/p>    <a href=\"https:\/\/www.weyer-gruppe.com\/wp-content\/uploads\/2019\/07\/weyer-spezial-umweltvertraeglichkeitspruefung-0517.pdf\" target=\"_blank\" class=\"grve-read-more \">Pobierz weyer spezial tutaj<\/a>  <\/div><div class=\"grve-image\"><img decoding=\"async\" width=\"250\" height=\"354\" src=\"https:\/\/www.weyer-gruppe.com\/wp-content\/uploads\/2019\/07\/weyer-spezial-weyer-gruppe-umweltvertraeglichkeitspruefung.jpg\" class=\"attachment-full size-full\" alt=\"weyer spezial zum Thema Umweltvertr\u00e4glichkeitspr\u00fcfung\" srcset=\"\" \/><\/div><\/div><div class=\"grve-element grve-hr grve-space-divider\" style=\"\"><\/div>[\/vc_column][\/vc_row][vc_row][vc_column]<div class=\"grve-element grve-hr grve-space-divider\" style=\"\"><\/div><h3 class=\"grve-element grve-align-left grve-title-no-line grve-h3\" style=\"\"><span>Nasz zesp\u00f3\u0142<\/span><\/h3>[\/vc_column][\/vc_row][vc_row][vc_column width=&#8221;1\/4&#8243; tablet_sm_width=&#8221;1-2&#8243;]\r\n\t\t<div class=\"grve-team grve-element\" style=\"\">\r\n\t\t\t<figure class=\"grve-image-hover grve-style-1 grve-zoom-in\">\r\n\t\t\t\t<div class=\"grve-team-person grve-media grve-dark-overlay grve-opacity-60\">\r\n\t\t\t\t\t<img decoding=\"async\" width=\"300\" height=\"300\" src=\"https:\/\/www.weyer-gruppe.com\/wp-content\/uploads\/2019\/07\/wip-b.froehlke.png\" class=\"attachment-grve-image-small-square size-grve-image-small-square\" alt=\"Zdj\u0119cie pracownika Birgit Froehlke z weyer IngenieurPartner GmbH\" srcset=\"https:\/\/www.weyer-gruppe.com\/wp-content\/uploads\/2019\/07\/wip-b.froehlke.png 300w, https:\/\/www.weyer-gruppe.com\/wp-content\/uploads\/2019\/07\/wip-b.froehlke-150x150.png 150w, https:\/\/www.weyer-gruppe.com\/wp-content\/uploads\/2019\/07\/wip-b.froehlke-80x80.png 80w\" sizes=\"(max-width: 300px) 100vw, 300px\" \/>\t\t\t\t<\/div>\r\n\t\t\t\t<figcaption>\r\n\t\t\t\t\t<div class=\"grve-team-description\">\r\n\t\t\t\t\t\t\t\t\t\t\t\t<h4 class=\"grve-team-name grve-dark grve-h4\">Birgit Fr\u00f6hlke<\/h4>\r\n\t\t\t\t\t\t\t\t\t\t\t\t<small class=\"grve-team-identity grve-dark\">weyer IngenieurPartner<\/small>\r\n\t\t\t\t\t<\/div>\r\n\t\t\t\t\t\t\t\t\t<\/figcaption>\r\n\t\t\t<\/figure>\r\n\t\t<\/div>\r\n\r\n\t\t[\/vc_column][vc_column width=&#8221;1\/4&#8243; tablet_sm_width=&#8221;1-2&#8243;]\r\n\t\t<div class=\"grve-team grve-element\" style=\"\">\r\n\t\t\t<figure class=\"grve-image-hover grve-style-1 grve-zoom-in\">\r\n\t\t\t\t<div class=\"grve-team-person grve-media grve-dark-overlay grve-opacity-60\">\r\n\t\t\t\t\t<img decoding=\"async\" width=\"300\" height=\"300\" src=\"https:\/\/www.weyer-gruppe.com\/wp-content\/uploads\/2019\/07\/wch-f.sutter.png\" class=\"attachment-grve-image-small-square size-grve-image-small-square\" alt=\"Zdj\u0119cie pracownika Frank Sutter z Weyer und Partner (Schweiz) AG\" srcset=\"https:\/\/www.weyer-gruppe.com\/wp-content\/uploads\/2019\/07\/wch-f.sutter.png 300w, https:\/\/www.weyer-gruppe.com\/wp-content\/uploads\/2019\/07\/wch-f.sutter-150x150.png 150w, https:\/\/www.weyer-gruppe.com\/wp-content\/uploads\/2019\/07\/wch-f.sutter-80x80.png 80w\" sizes=\"(max-width: 300px) 100vw, 300px\" \/>\t\t\t\t<\/div>\r\n\t\t\t\t<figcaption>\r\n\t\t\t\t\t<div class=\"grve-team-description\">\r\n\t\t\t\t\t\t\t\t\t\t\t\t<h4 class=\"grve-team-name grve-dark grve-h4\">Frank Sutter<\/h4>\r\n\t\t\t\t\t\t\t\t\t\t\t\t<small class=\"grve-team-identity grve-dark\">Weyer und Partner (Schweiz)<\/small>\r\n\t\t\t\t\t<\/div>\r\n\t\t\t\t\t\t\t\t\t<\/figcaption>\r\n\t\t\t<\/figure>\r\n\t\t<\/div>\r\n\r\n\t\t[\/vc_column][vc_column width=&#8221;1\/4&#8243; tablet_sm_width=&#8221;1-2&#8243;][\/vc_column][vc_column width=&#8221;1\/4&#8243; tablet_sm_width=&#8221;1-2&#8243;][\/vc_column][\/vc_row][vc_row][vc_column]<div class=\"grve-element grve-hr grve-space-divider\" style=\"\"><\/div>[\/vc_column][\/vc_row]\n<\/div>","protected":false},"excerpt":{"rendered":"<p>[vc_row][vc_column][vc_column_text]W ramach procedur udzielania zezwole\u0144 na instalacje zwi\u0105zane z emisjami wnioskodawca musi zazwyczaj udowodni\u0107 operatorowi instalacji, \u017ce budowa i eksploatacja instalacji nie powoduje \u017cadnych szkodliwych skutk\u00f3w dla \u015brodowiska. . Z tego powodu ocena oddzia\u0142ywania na \u015brodowisko (OO\u015a) jest dla wielu instalacji centralnym elementem administracyjnej procedury uzyskiwania pozwole\u0144 (np. w procedurach zatwierdzania kontroli imisji lub procedurach [&hellip;]<\/p>\n","protected":false},"author":5,"featured_media":0,"parent":23973,"menu_order":0,"comment_status":"closed","ping_status":"closed","template":"","meta":{"footnotes":""},"class_list":["post-23694","page","type-page","status-publish","hentry"],"yoast_head":"<!-- This site is optimized with the Yoast SEO Premium plugin v27.4 (Yoast SEO v27.4) - https:\/\/yoast.com\/product\/yoast-seo-premium-wordpress\/ -->\n<title>Badanie wp\u0142ywu na \u015brodowisko &#8211; weyer gruppe<\/title>\n<meta name=\"description\" content=\"Badanie wp\u0142ywu na \u015brodowisko jest centralnym elementem procedur administracyjnych w zakresie planowania procedur zatwierdzania.\" \/>\n<meta name=\"robots\" content=\"noindex, follow\" \/>\n<meta property=\"og:locale\" content=\"pl_PL\" \/>\n<meta property=\"og:type\" content=\"article\" \/>\n<meta property=\"og:title\" content=\"Badanie wp\u0142ywu na \u015brodowisko\" \/>\n<meta property=\"og:description\" content=\"Badanie wp\u0142ywu na \u015brodowisko jest centralnym elementem procedur administracyjnych w zakresie planowania procedur zatwierdzania.\" \/>\n<meta property=\"og:url\" content=\"https:\/\/www.weyer-gruppe.com\/pl\/sektor-publiczny\/badanie-wplywu-na-srodowisko-3\/\" \/>\n<meta property=\"og:site_name\" content=\"weyer gruppe\" \/>\n<meta property=\"article:publisher\" content=\"https:\/\/www.facebook.com\/weyergruppe\" \/>\n<meta property=\"article:modified_time\" content=\"2026-03-23T08:05:31+00:00\" \/>\n<meta name=\"twitter:card\" content=\"summary_large_image\" \/>\n<meta name=\"twitter:label1\" content=\"Szacowany czas czytania\" \/>\n\t<meta name=\"twitter:data1\" content=\"4 minuty\" \/>\n<script type=\"application\/ld+json\" class=\"yoast-schema-graph\">{\"@context\":\"https:\\\/\\\/schema.org\",\"@graph\":[{\"@type\":\"WebPage\",\"@id\":\"https:\\\/\\\/www.weyer-gruppe.com\\\/pl\\\/sektor-publiczny\\\/badanie-wplywu-na-srodowisko-3\\\/\",\"url\":\"https:\\\/\\\/www.weyer-gruppe.com\\\/pl\\\/sektor-publiczny\\\/badanie-wplywu-na-srodowisko-3\\\/\",\"name\":\"Badanie wp\u0142ywu na \u015brodowisko &#8211; weyer gruppe\",\"isPartOf\":{\"@id\":\"https:\\\/\\\/www.weyer-gruppe.com\\\/pl\\\/#website\"},\"datePublished\":\"2019-12-17T11:11:31+00:00\",\"dateModified\":\"2026-03-23T08:05:31+00:00\",\"description\":\"Badanie wp\u0142ywu na \u015brodowisko jest centralnym elementem procedur administracyjnych w zakresie planowania procedur zatwierdzania.\",\"breadcrumb\":{\"@id\":\"https:\\\/\\\/www.weyer-gruppe.com\\\/pl\\\/sektor-publiczny\\\/badanie-wplywu-na-srodowisko-3\\\/#breadcrumb\"},\"inLanguage\":\"pl-PL\",\"potentialAction\":[{\"@type\":\"ReadAction\",\"target\":[\"https:\\\/\\\/www.weyer-gruppe.com\\\/pl\\\/sektor-publiczny\\\/badanie-wplywu-na-srodowisko-3\\\/\"]}]},{\"@type\":\"BreadcrumbList\",\"@id\":\"https:\\\/\\\/www.weyer-gruppe.com\\\/pl\\\/sektor-publiczny\\\/badanie-wplywu-na-srodowisko-3\\\/#breadcrumb\",\"itemListElement\":[{\"@type\":\"ListItem\",\"position\":1,\"name\":\"HOME\",\"item\":\"https:\\\/\\\/www.weyer-gruppe.com\\\/pl\\\/\"},{\"@type\":\"ListItem\",\"position\":2,\"name\":\"Sektor publiczny\",\"item\":\"https:\\\/\\\/www.weyer-gruppe.com\\\/pl\\\/sektor-publiczny\\\/\"},{\"@type\":\"ListItem\",\"position\":3,\"name\":\"Badanie wp\u0142ywu na \u015brodowisko\"}]},{\"@type\":\"WebSite\",\"@id\":\"https:\\\/\\\/www.weyer-gruppe.com\\\/pl\\\/#website\",\"url\":\"https:\\\/\\\/www.weyer-gruppe.com\\\/pl\\\/\",\"name\":\"weyer gruppe\",\"description\":\"komplett. durchdacht.\",\"publisher\":{\"@id\":\"https:\\\/\\\/www.weyer-gruppe.com\\\/pl\\\/#organization\"},\"potentialAction\":[{\"@type\":\"SearchAction\",\"target\":{\"@type\":\"EntryPoint\",\"urlTemplate\":\"https:\\\/\\\/www.weyer-gruppe.com\\\/pl\\\/?s={search_term_string}\"},\"query-input\":{\"@type\":\"PropertyValueSpecification\",\"valueRequired\":true,\"valueName\":\"search_term_string\"}}],\"inLanguage\":\"pl-PL\"},{\"@type\":\"Organization\",\"@id\":\"https:\\\/\\\/www.weyer-gruppe.com\\\/pl\\\/#organization\",\"name\":\"weyer gruppe\",\"url\":\"https:\\\/\\\/www.weyer-gruppe.com\\\/pl\\\/\",\"logo\":{\"@type\":\"ImageObject\",\"inLanguage\":\"pl-PL\",\"@id\":\"https:\\\/\\\/www.weyer-gruppe.com\\\/pl\\\/#\\\/schema\\\/logo\\\/image\\\/\",\"url\":\"https:\\\/\\\/www.weyer-gruppe.com\\\/wp-content\\\/uploads\\\/2019\\\/07\\\/logo-weyer-gruppe-de.png\",\"contentUrl\":\"https:\\\/\\\/www.weyer-gruppe.com\\\/wp-content\\\/uploads\\\/2019\\\/07\\\/logo-weyer-gruppe-de.png\",\"width\":532,\"height\":513,\"caption\":\"weyer gruppe\"},\"image\":{\"@id\":\"https:\\\/\\\/www.weyer-gruppe.com\\\/pl\\\/#\\\/schema\\\/logo\\\/image\\\/\"},\"sameAs\":[\"https:\\\/\\\/www.facebook.com\\\/weyergruppe\",\"https:\\\/\\\/de.linkedin.com\\\/company\\\/weyer-gruppe\",\"https:\\\/\\\/www.youtube.com\\\/channel\\\/UCmZItECuW56Ih_p501_Bq8A\"],\"description\":\"Die weyer gruppe ist seit 1976 Ihr Partner f\u00fcr verfahrenstechnische Anlagenplanung und Anlagensicherheit. Mit einem erfahrenen Team von \u00fcber 190 Mitarbeitern in Deutschland, \u00d6sterreich, Polen und der Schweiz realisieren wir j\u00e4hrlich \u00fcber 1.000 Kundenprojekte. Unsere Expertise erstreckt sich \u00fcber verschiedene Branchen wie Chemie, Pharma, Mineral\u00f6l sowie Ver- und Entsorgung. Vertrauen Sie auf die weyer Gruppe f\u00fcr ma\u00dfgeschneiderte Engineering- und Consulting-L\u00f6sungen, die Ihre Anforderungen in puncto Sicherheit und Effizienz erf\u00fcllen.\",\"email\":\"info@weyer-gruppe.com\",\"telephone\":\"+49 (0) 24 21 \u2013 69 09 1 \u2013 0\",\"numberOfEmployees\":{\"@type\":\"QuantitativeValue\",\"minValue\":\"51\",\"maxValue\":\"200\"}}]}<\/script>\n<!-- \/ Yoast SEO Premium plugin. -->","yoast_head_json":{"title":"Badanie wp\u0142ywu na \u015brodowisko &#8211; weyer gruppe","description":"Badanie wp\u0142ywu na \u015brodowisko jest centralnym elementem procedur administracyjnych w zakresie planowania procedur zatwierdzania.","robots":{"index":"noindex","follow":"follow"},"og_locale":"pl_PL","og_type":"article","og_title":"Badanie wp\u0142ywu na \u015brodowisko","og_description":"Badanie wp\u0142ywu na \u015brodowisko jest centralnym elementem procedur administracyjnych w zakresie planowania procedur zatwierdzania.","og_url":"https:\/\/www.weyer-gruppe.com\/pl\/sektor-publiczny\/badanie-wplywu-na-srodowisko-3\/","og_site_name":"weyer gruppe","article_publisher":"https:\/\/www.facebook.com\/weyergruppe","article_modified_time":"2026-03-23T08:05:31+00:00","twitter_card":"summary_large_image","twitter_misc":{"Szacowany czas czytania":"4 minuty"},"schema":{"@context":"https:\/\/schema.org","@graph":[{"@type":"WebPage","@id":"https:\/\/www.weyer-gruppe.com\/pl\/sektor-publiczny\/badanie-wplywu-na-srodowisko-3\/","url":"https:\/\/www.weyer-gruppe.com\/pl\/sektor-publiczny\/badanie-wplywu-na-srodowisko-3\/","name":"Badanie wp\u0142ywu na \u015brodowisko &#8211; weyer gruppe","isPartOf":{"@id":"https:\/\/www.weyer-gruppe.com\/pl\/#website"},"datePublished":"2019-12-17T11:11:31+00:00","dateModified":"2026-03-23T08:05:31+00:00","description":"Badanie wp\u0142ywu na \u015brodowisko jest centralnym elementem procedur administracyjnych w zakresie planowania procedur zatwierdzania.","breadcrumb":{"@id":"https:\/\/www.weyer-gruppe.com\/pl\/sektor-publiczny\/badanie-wplywu-na-srodowisko-3\/#breadcrumb"},"inLanguage":"pl-PL","potentialAction":[{"@type":"ReadAction","target":["https:\/\/www.weyer-gruppe.com\/pl\/sektor-publiczny\/badanie-wplywu-na-srodowisko-3\/"]}]},{"@type":"BreadcrumbList","@id":"https:\/\/www.weyer-gruppe.com\/pl\/sektor-publiczny\/badanie-wplywu-na-srodowisko-3\/#breadcrumb","itemListElement":[{"@type":"ListItem","position":1,"name":"HOME","item":"https:\/\/www.weyer-gruppe.com\/pl\/"},{"@type":"ListItem","position":2,"name":"Sektor publiczny","item":"https:\/\/www.weyer-gruppe.com\/pl\/sektor-publiczny\/"},{"@type":"ListItem","position":3,"name":"Badanie wp\u0142ywu na \u015brodowisko"}]},{"@type":"WebSite","@id":"https:\/\/www.weyer-gruppe.com\/pl\/#website","url":"https:\/\/www.weyer-gruppe.com\/pl\/","name":"weyer gruppe","description":"komplett. durchdacht.","publisher":{"@id":"https:\/\/www.weyer-gruppe.com\/pl\/#organization"},"potentialAction":[{"@type":"SearchAction","target":{"@type":"EntryPoint","urlTemplate":"https:\/\/www.weyer-gruppe.com\/pl\/?s={search_term_string}"},"query-input":{"@type":"PropertyValueSpecification","valueRequired":true,"valueName":"search_term_string"}}],"inLanguage":"pl-PL"},{"@type":"Organization","@id":"https:\/\/www.weyer-gruppe.com\/pl\/#organization","name":"weyer gruppe","url":"https:\/\/www.weyer-gruppe.com\/pl\/","logo":{"@type":"ImageObject","inLanguage":"pl-PL","@id":"https:\/\/www.weyer-gruppe.com\/pl\/#\/schema\/logo\/image\/","url":"https:\/\/www.weyer-gruppe.com\/wp-content\/uploads\/2019\/07\/logo-weyer-gruppe-de.png","contentUrl":"https:\/\/www.weyer-gruppe.com\/wp-content\/uploads\/2019\/07\/logo-weyer-gruppe-de.png","width":532,"height":513,"caption":"weyer gruppe"},"image":{"@id":"https:\/\/www.weyer-gruppe.com\/pl\/#\/schema\/logo\/image\/"},"sameAs":["https:\/\/www.facebook.com\/weyergruppe","https:\/\/de.linkedin.com\/company\/weyer-gruppe","https:\/\/www.youtube.com\/channel\/UCmZItECuW56Ih_p501_Bq8A"],"description":"Die weyer gruppe ist seit 1976 Ihr Partner f\u00fcr verfahrenstechnische Anlagenplanung und Anlagensicherheit. Mit einem erfahrenen Team von \u00fcber 190 Mitarbeitern in Deutschland, \u00d6sterreich, Polen und der Schweiz realisieren wir j\u00e4hrlich \u00fcber 1.000 Kundenprojekte. Unsere Expertise erstreckt sich \u00fcber verschiedene Branchen wie Chemie, Pharma, Mineral\u00f6l sowie Ver- und Entsorgung. Vertrauen Sie auf die weyer Gruppe f\u00fcr ma\u00dfgeschneiderte Engineering- und Consulting-L\u00f6sungen, die Ihre Anforderungen in puncto Sicherheit und Effizienz erf\u00fcllen.","email":"info@weyer-gruppe.com","telephone":"+49 (0) 24 21 \u2013 69 09 1 \u2013 0","numberOfEmployees":{"@type":"QuantitativeValue","minValue":"51","maxValue":"200"}}]}},"_links":{"self":[{"href":"https:\/\/www.weyer-gruppe.com\/pl\/wp-json\/wp\/v2\/pages\/23694","targetHints":{"allow":["GET"]}}],"collection":[{"href":"https:\/\/www.weyer-gruppe.com\/pl\/wp-json\/wp\/v2\/pages"}],"about":[{"href":"https:\/\/www.weyer-gruppe.com\/pl\/wp-json\/wp\/v2\/types\/page"}],"author":[{"embeddable":true,"href":"https:\/\/www.weyer-gruppe.com\/pl\/wp-json\/wp\/v2\/users\/5"}],"replies":[{"embeddable":true,"href":"https:\/\/www.weyer-gruppe.com\/pl\/wp-json\/wp\/v2\/comments?post=23694"}],"version-history":[{"count":1,"href":"https:\/\/www.weyer-gruppe.com\/pl\/wp-json\/wp\/v2\/pages\/23694\/revisions"}],"predecessor-version":[{"id":238135,"href":"https:\/\/www.weyer-gruppe.com\/pl\/wp-json\/wp\/v2\/pages\/23694\/revisions\/238135"}],"up":[{"embeddable":true,"href":"https:\/\/www.weyer-gruppe.com\/pl\/wp-json\/wp\/v2\/pages\/23973"}],"wp:attachment":[{"href":"https:\/\/www.weyer-gruppe.com\/pl\/wp-json\/wp\/v2\/media?parent=23694"}],"curies":[{"name":"wp","href":"https:\/\/api.w.org\/{rel}","templated":true}]}}