{"id":23563,"date":"2019-07-29T16:08:50","date_gmt":"2019-07-29T14:08:50","guid":{"rendered":"https:\/\/www.weyer-gruppe.com\/sprawozdanie-o-stanie-wyjsciowym-azb-gleby-i-wod-gruntowych\/"},"modified":"2026-03-23T07:29:56","modified_gmt":"2026-03-23T06:29:56","slug":"sprawozdanie-o-stanie-wyjsciowym-azb-gleby-i-wod-gruntowych","status":"publish","type":"page","link":"https:\/\/www.weyer-gruppe.com\/pl\/operatorzy-instalacji-i-inwestorzy\/sprawozdanie-o-stanie-wyjsciowym-azb-gleby-i-wod-gruntowych\/","title":{"rendered":"Sprawozdanie o stanie wyj\u015bciowym (AZB) gleby i w\u00f3d gruntowych"},"content":{"rendered":"<div class=\"wpb-content-wrapper\">[vc_row][vc_column][vc_column_text]Sprawozdanie o stanie wyj\u015bciowym (AZB) opisuje stan gleby i w\u00f3d gruntowych w przypadku stosowania, produkcji lub uwalniania w instalacji niekt\u00f3rych niebezpiecznych substancji i w przypadku p\u00f3\u017aniejszego wycofania instalacji IED s\u0142u\u017cy w po\u0142\u0105czeniu ze sprawozdaniem o stanie ko\u0144cowym (EZB) jako punkt odniesienia dla obowi\u0105zku powrotu zgodnie z <a href=\"https:\/\/www.gesetze-im-internet.de\/bimschg\/__5.html\" target=\"_blank\" rel=\"noopener noreferrer\">\u00a7 5 (4) BImSchG<\/a>.<\/p>\n<p>Grupa weyer sprawdza wymagania dotycz\u0105ce przygotowania sprawozdania o stanie wyj\u015bciowym (AZB), przygotowuje dla Pa\u0144stwa ten raport, koordynuje wszystkie niezb\u0119dne dzia\u0142ania i prowadzi koordynacj\u0119 z w\u0142a\u015bciwym organem wydaj\u0105cym licencje.<\/p>\n<p>Potencjalny obowi\u0105zek opracowania AZB wynika z <a href=\"https:\/\/www.gesetze-im-internet.de\/bimschg\/__10.html\" target=\"_blank\" rel=\"noopener noreferrer\">\u00a7 10 (1a) BImSchG.<\/a> Regulacja ta dotyczy wszystkich instalacji, kt\u00f3re s\u0105 oznaczone w <a href=\"https:\/\/www.gesetze-im-internet.de\/bimschv_4_2013\/anhang_1.html\" target=\"_blank\" rel=\"noopener noreferrer\">za\u0142\u0105cznikach od 1 do 4 BImSchV<\/a> symbolem E jako instalacja IED. Wy\u0142\u0105czone s\u0105 typowe instalacje utylizacji odpad\u00f3w, poniewa\u017c odpady nie s\u0105 uwa\u017cane za substancje niebezpieczne. Wnioskodawc\u00f3w obowi\u0105zuj\u0105 nast\u0119puj\u0105ce terminy:<\/p>\n<ul class=\"arrow-gray\">\n<li class=\"first-child\"><strong>Nowe instalacje:<\/strong> od wej\u015bcia w \u017cycie nowej wersji BImSchG <strong>2.05.2013 r<\/strong>.<\/li>\n<li><strong>Instalacje istniej\u0105ce<\/strong>: w przypadku pierwszej istotnej zmiany <strong>po dniu 7.01.2014 r.<\/strong>dla ca\u0142ej instalacji, niezale\u017cnie od tego, czy wnioskowana zmiana dotyczy zastosowania, produkcji lub uwalniania istotnych substancji niebezpiecznych.<\/li>\n<li class=\"last-child\"><strong>Okres przej\u015bciowy:<\/strong> instalacje, kt\u00f3re nie s\u0105 obj\u0119te dyrektyw\u0105 <a href=\"https:\/\/eur-lex.europa.eu\/legal-content\/DE\/TXT\/?uri=LEGISSUM%3Al28045\" target=\"_blank\" rel=\"noopener noreferrer\">IPPC (dyrektywa dotycz\u0105ca zintegrowanego zapobiegania zanieczyszczeniom i ich kontroli)<\/a>, <strong>od 7.07.2015 r.<\/strong><\/li>\n<\/ul>\n<h5>Kontrola istotno\u015bci<\/h5>\n<p>Grupa weyer bada na podstawie uznanych wytycznych, czy i w jakim stopniu kryteria s\u0105 spe\u0142nione w miejscu lokalizacji instalacji lub poprzez eksploatacj\u0119 instalacji, kt\u00f3re wymagaj\u0105 sporz\u0105dzenia sprawozdania o stanie wyj\u015bciowym (AZB).<\/p>\n<p>Wynik tego badania okre\u015bla, czy konieczne jest sprawozdanie o stanie wyj\u015bciowym.<\/p>\n<h5>Koordynacja z organem zatwierdzaj\u0105cym i przygotowanie sprawozdania o stanie wyj\u015bciowym<\/h5>\n<p>Pierwszy krok pokazuje, czy nale\u017cy utworzy\u0107 AZB i dla jakich substancji. W drugim kroku okre\u015bla si\u0119 koncepcj\u0119 badania \u2013 w koordynacji z organem zatwierdzaj\u0105cym.<\/p>\n<h2>Us\u0142ugi<\/h2>\n<ul class=\"arrow-gray\">\n<li class=\"first-child\">Koordynacja wszystkich niezb\u0119dnych dokument\u00f3w z klientem i w\u0142a\u015bciwymi organami zatwierdzaj\u0105cymi<\/li>\n<li>Wykonanie schematu bada\u0144 dla substancji i mieszanin substancji zgodnie z pomoc\u0105 robocz\u0105 do sprawozdania o stanie wyj\u015bciowym (AZB)<\/li>\n<li>Dokumentacja badania uwzgl\u0119dniaj\u0105ca wz\u00f3r podzia\u0142u dla AZB<\/li>\n<li>Definicja koncepcji badania<\/li>\n<li class=\"last-child\">Przygotowanie sprawozdania o stanie wyj\u015bciowym (AZB): z praktyki planowania wiemy, \u017ce tylko \u015bcis\u0142a koordynacja pomi\u0119dzy wszystkimi zaanga\u017cowanymi stronami skutkuje sp\u00f3jnymi i wiarygodnymi wnioskami. Dlatego te\u017c zapewniamy Pa\u0144stwu do\u015bwiadczonego technicznie koordynatora grupy weyer, kt\u00f3ry b\u0119dzie towarzyszy\u0142 w planowaniu. Dlatego te\u017c zapewniamy Pa\u0144stwu do\u015bwiadczonego technicznie koordynatora grupy weyer, kt\u00f3ry b\u0119dzie towarzyszy\u0142 w planowaniu.<\/li>\n<\/ul>\n[\/vc_column_text][\/vc_column][\/vc_row][vc_row bg_type=&#8221;color&#8221; bg_color=&#8221;#0b3c80&#8243; font_color=&#8221;#ffffff&#8221;][vc_column css=&#8221;.vc_custom_1563974199119{padding-top: 25px !important;padding-bottom: 25px !important;padding-left: 25px !important;}&#8221;]<div class=\"grve-element grve-hr grve-space-divider\" style=\"\"><\/div><div class=\"grve-element grve-image-text\" style=\"\">  <div class=\"grve-content grve-align-right\">    <h6>weyer spezial: Sprawozdanie o stanie wyj\u015bciowym (AZB) gleby i w\u00f3d gruntowych<\/h6>  <p>Wraz z wdro\u017ceniem europejskiej dyrektywy w sprawie emisji przemys\u0142owych (IED) operatorzy niekt\u00f3rych instalacji przemys\u0142owych (tzw. instalacji IED) staj\u0105 w obliczu nowych wymog\u00f3w w zakresie procedury wydawania zezwole\u0144 i ich funkcjonowania. Zgodnie z \u00a75(4)BImSchG, gdy instalacja IED jest wy\u0142\u0105czona, je\u015bli eksploatacja instalacji doprowadzi\u0142a do znacznego zanieczyszczenia gleby lub w\u00f3d gruntowych, miejsce instalacji musi zosta\u0107 przywr\u00f3cone do poprzedniego stanu&#8230;<\/p>    <a href=\"https:\/\/www.weyer-gruppe.com\/wp-content\/uploads\/2019\/07\/weyer-spezial-ausgangszustandsbericht-0316.pdf\" target=\"_self\" class=\"grve-read-more \">Pobierz weyer spezial tutaj<\/a>  <\/div><div class=\"grve-image\"><img decoding=\"async\" width=\"250\" height=\"354\" src=\"https:\/\/www.weyer-gruppe.com\/wp-content\/uploads\/2019\/07\/weyer-spezial-weyer-gruppe-ausgangszustandsbericht.jpg\" class=\"attachment-full size-full\" alt=\"weyer spezial zum Thema AZB f\u00fcr Boden und Grundwasser\" srcset=\"\" \/><\/div><\/div><div class=\"grve-element grve-hr grve-space-divider\" style=\"\"><\/div>[\/vc_column][\/vc_row][vc_row][vc_column]<div class=\"grve-element grve-hr grve-space-divider\" style=\"\"><\/div><h3 class=\"grve-element grve-align-left grve-title-no-line grve-h3\" style=\"\"><span>Nasz zesp\u00f3\u0142<\/span><\/h3>[\/vc_column][\/vc_row][vc_row][vc_column width=&#8221;1\/4&#8243; tablet_sm_width=&#8221;1-2&#8243;]\r\n\t\t<div class=\"grve-team grve-element\" style=\"\">\r\n\t\t\t<figure class=\"grve-image-hover grve-style-1 grve-zoom-in\">\r\n\t\t\t\t<div class=\"grve-team-person grve-media grve-dark-overlay grve-opacity-60\">\r\n\t\t\t\t\t<img decoding=\"async\" width=\"300\" height=\"300\" src=\"https:\/\/www.weyer-gruppe.com\/wp-content\/uploads\/2019\/07\/pr-b.bongers.jpg\" class=\"attachment-grve-image-small-square size-grve-image-small-square\" alt=\"Zdj\u0119cie pracownika Bernd Bongers z PROBIOTEC GmbH\" srcset=\"https:\/\/www.weyer-gruppe.com\/wp-content\/uploads\/2019\/07\/pr-b.bongers.jpg 300w, https:\/\/www.weyer-gruppe.com\/wp-content\/uploads\/2019\/07\/pr-b.bongers-150x150.jpg 150w, https:\/\/www.weyer-gruppe.com\/wp-content\/uploads\/2019\/07\/pr-b.bongers-80x80.jpg 80w\" sizes=\"(max-width: 300px) 100vw, 300px\" \/>\t\t\t\t<\/div>\r\n\t\t\t\t<figcaption>\r\n\t\t\t\t\t<div class=\"grve-team-description\">\r\n\t\t\t\t\t\t\t\t\t\t\t\t<h4 class=\"grve-team-name grve-dark grve-h4\">Bernd Bongers<\/h4>\r\n\t\t\t\t\t\t\t\t\t\t\t\t<small class=\"grve-team-identity grve-dark\">PROBIOTEC<\/small>\r\n\t\t\t\t\t<\/div>\r\n\t\t\t\t\t\t\t\t\t<\/figcaption>\r\n\t\t\t<\/figure>\r\n\t\t<\/div>\r\n\r\n\t\t[\/vc_column][\/vc_row][vc_row][vc_column]<div class=\"grve-element grve-hr grve-space-divider\" style=\"\"><\/div>[\/vc_column][\/vc_row]\n<\/div>","protected":false},"excerpt":{"rendered":"<p>[vc_row][vc_column][vc_column_text]Sprawozdanie o stanie wyj\u015bciowym (AZB) opisuje stan gleby i w\u00f3d gruntowych w przypadku stosowania, produkcji lub uwalniania w instalacji niekt\u00f3rych niebezpiecznych substancji i w przypadku p\u00f3\u017aniejszego wycofania instalacji IED s\u0142u\u017cy w po\u0142\u0105czeniu ze sprawozdaniem o stanie ko\u0144cowym (EZB) jako punkt odniesienia dla obowi\u0105zku powrotu zgodnie z \u00a7 5 (4) BImSchG. Grupa weyer sprawdza wymagania dotycz\u0105ce [&hellip;]<\/p>\n","protected":false},"author":5,"featured_media":0,"parent":23842,"menu_order":0,"comment_status":"closed","ping_status":"closed","template":"","meta":{"footnotes":""},"class_list":["post-23563","page","type-page","status-publish","hentry"],"yoast_head":"<!-- This site is optimized with the Yoast SEO Premium plugin v27.4 (Yoast SEO v27.4) - https:\/\/yoast.com\/product\/yoast-seo-premium-wordpress\/ -->\n<title>Sprawozdanie o stanie wyj\u015bciowym (AZB) gleby i w\u00f3d gruntowych<\/title>\n<meta name=\"description\" content=\"Grupa weyer wspiera Pa\u0144stwa w zakresie procedur zatwierdzaj\u0105cych, r\u00f3wnie\u017c przygotowuj\u0105c sprawozdanie o stanie wyj\u015bciowym (AZB) gleby i w\u00f3d gruntowych.\" \/>\n<meta name=\"robots\" content=\"noindex, follow\" \/>\n<meta property=\"og:locale\" content=\"pl_PL\" \/>\n<meta property=\"og:type\" content=\"article\" \/>\n<meta property=\"og:title\" content=\"Sprawozdanie o stanie wyj\u015bciowym (AZB) gleby i w\u00f3d gruntowych\" \/>\n<meta property=\"og:description\" content=\"Grupa weyer wspiera Pa\u0144stwa w zakresie procedur zatwierdzaj\u0105cych, r\u00f3wnie\u017c przygotowuj\u0105c sprawozdanie o stanie wyj\u015bciowym (AZB) gleby i w\u00f3d gruntowych.\" \/>\n<meta property=\"og:url\" content=\"https:\/\/www.weyer-gruppe.com\/pl\/operatorzy-instalacji-i-inwestorzy\/sprawozdanie-o-stanie-wyjsciowym-azb-gleby-i-wod-gruntowych\/\" \/>\n<meta property=\"og:site_name\" content=\"weyer gruppe\" \/>\n<meta property=\"article:publisher\" content=\"https:\/\/www.facebook.com\/weyergruppe\" \/>\n<meta property=\"article:modified_time\" content=\"2026-03-23T06:29:56+00:00\" \/>\n<meta name=\"twitter:card\" content=\"summary_large_image\" \/>\n<meta name=\"twitter:label1\" content=\"Szacowany czas czytania\" \/>\n\t<meta name=\"twitter:data1\" content=\"3 minuty\" \/>\n<script type=\"application\/ld+json\" class=\"yoast-schema-graph\">{\"@context\":\"https:\\\/\\\/schema.org\",\"@graph\":[{\"@type\":\"WebPage\",\"@id\":\"https:\\\/\\\/www.weyer-gruppe.com\\\/pl\\\/operatorzy-instalacji-i-inwestorzy\\\/sprawozdanie-o-stanie-wyjsciowym-azb-gleby-i-wod-gruntowych\\\/\",\"url\":\"https:\\\/\\\/www.weyer-gruppe.com\\\/pl\\\/operatorzy-instalacji-i-inwestorzy\\\/sprawozdanie-o-stanie-wyjsciowym-azb-gleby-i-wod-gruntowych\\\/\",\"name\":\"Sprawozdanie o stanie wyj\u015bciowym (AZB) gleby i w\u00f3d gruntowych\",\"isPartOf\":{\"@id\":\"https:\\\/\\\/www.weyer-gruppe.com\\\/pl\\\/#website\"},\"datePublished\":\"2019-07-29T14:08:50+00:00\",\"dateModified\":\"2026-03-23T06:29:56+00:00\",\"description\":\"Grupa weyer wspiera Pa\u0144stwa w zakresie procedur zatwierdzaj\u0105cych, r\u00f3wnie\u017c przygotowuj\u0105c sprawozdanie o stanie wyj\u015bciowym (AZB) gleby i w\u00f3d gruntowych.\",\"breadcrumb\":{\"@id\":\"https:\\\/\\\/www.weyer-gruppe.com\\\/pl\\\/operatorzy-instalacji-i-inwestorzy\\\/sprawozdanie-o-stanie-wyjsciowym-azb-gleby-i-wod-gruntowych\\\/#breadcrumb\"},\"inLanguage\":\"pl-PL\",\"potentialAction\":[{\"@type\":\"ReadAction\",\"target\":[\"https:\\\/\\\/www.weyer-gruppe.com\\\/pl\\\/operatorzy-instalacji-i-inwestorzy\\\/sprawozdanie-o-stanie-wyjsciowym-azb-gleby-i-wod-gruntowych\\\/\"]}]},{\"@type\":\"BreadcrumbList\",\"@id\":\"https:\\\/\\\/www.weyer-gruppe.com\\\/pl\\\/operatorzy-instalacji-i-inwestorzy\\\/sprawozdanie-o-stanie-wyjsciowym-azb-gleby-i-wod-gruntowych\\\/#breadcrumb\",\"itemListElement\":[{\"@type\":\"ListItem\",\"position\":1,\"name\":\"HOME\",\"item\":\"https:\\\/\\\/www.weyer-gruppe.com\\\/pl\\\/\"},{\"@type\":\"ListItem\",\"position\":2,\"name\":\"Operatorzy instalacji i inwestorzy\",\"item\":\"https:\\\/\\\/www.weyer-gruppe.com\\\/pl\\\/operatorzy-instalacji-i-inwestorzy\\\/\"},{\"@type\":\"ListItem\",\"position\":3,\"name\":\"Sprawozdanie o stanie wyj\u015bciowym (AZB) gleby i w\u00f3d gruntowych\"}]},{\"@type\":\"WebSite\",\"@id\":\"https:\\\/\\\/www.weyer-gruppe.com\\\/pl\\\/#website\",\"url\":\"https:\\\/\\\/www.weyer-gruppe.com\\\/pl\\\/\",\"name\":\"weyer gruppe\",\"description\":\"komplett. durchdacht.\",\"publisher\":{\"@id\":\"https:\\\/\\\/www.weyer-gruppe.com\\\/pl\\\/#organization\"},\"potentialAction\":[{\"@type\":\"SearchAction\",\"target\":{\"@type\":\"EntryPoint\",\"urlTemplate\":\"https:\\\/\\\/www.weyer-gruppe.com\\\/pl\\\/?s={search_term_string}\"},\"query-input\":{\"@type\":\"PropertyValueSpecification\",\"valueRequired\":true,\"valueName\":\"search_term_string\"}}],\"inLanguage\":\"pl-PL\"},{\"@type\":\"Organization\",\"@id\":\"https:\\\/\\\/www.weyer-gruppe.com\\\/pl\\\/#organization\",\"name\":\"weyer gruppe\",\"url\":\"https:\\\/\\\/www.weyer-gruppe.com\\\/pl\\\/\",\"logo\":{\"@type\":\"ImageObject\",\"inLanguage\":\"pl-PL\",\"@id\":\"https:\\\/\\\/www.weyer-gruppe.com\\\/pl\\\/#\\\/schema\\\/logo\\\/image\\\/\",\"url\":\"https:\\\/\\\/www.weyer-gruppe.com\\\/wp-content\\\/uploads\\\/2019\\\/07\\\/logo-weyer-gruppe-de.png\",\"contentUrl\":\"https:\\\/\\\/www.weyer-gruppe.com\\\/wp-content\\\/uploads\\\/2019\\\/07\\\/logo-weyer-gruppe-de.png\",\"width\":532,\"height\":513,\"caption\":\"weyer gruppe\"},\"image\":{\"@id\":\"https:\\\/\\\/www.weyer-gruppe.com\\\/pl\\\/#\\\/schema\\\/logo\\\/image\\\/\"},\"sameAs\":[\"https:\\\/\\\/www.facebook.com\\\/weyergruppe\",\"https:\\\/\\\/de.linkedin.com\\\/company\\\/weyer-gruppe\",\"https:\\\/\\\/www.youtube.com\\\/channel\\\/UCmZItECuW56Ih_p501_Bq8A\"],\"description\":\"Die weyer gruppe ist seit 1976 Ihr Partner f\u00fcr verfahrenstechnische Anlagenplanung und Anlagensicherheit. Mit einem erfahrenen Team von \u00fcber 190 Mitarbeitern in Deutschland, \u00d6sterreich, Polen und der Schweiz realisieren wir j\u00e4hrlich \u00fcber 1.000 Kundenprojekte. Unsere Expertise erstreckt sich \u00fcber verschiedene Branchen wie Chemie, Pharma, Mineral\u00f6l sowie Ver- und Entsorgung. Vertrauen Sie auf die weyer Gruppe f\u00fcr ma\u00dfgeschneiderte Engineering- und Consulting-L\u00f6sungen, die Ihre Anforderungen in puncto Sicherheit und Effizienz erf\u00fcllen.\",\"email\":\"info@weyer-gruppe.com\",\"telephone\":\"+49 (0) 24 21 \u2013 69 09 1 \u2013 0\",\"numberOfEmployees\":{\"@type\":\"QuantitativeValue\",\"minValue\":\"51\",\"maxValue\":\"200\"}}]}<\/script>\n<!-- \/ Yoast SEO Premium plugin. -->","yoast_head_json":{"title":"Sprawozdanie o stanie wyj\u015bciowym (AZB) gleby i w\u00f3d gruntowych","description":"Grupa weyer wspiera Pa\u0144stwa w zakresie procedur zatwierdzaj\u0105cych, r\u00f3wnie\u017c przygotowuj\u0105c sprawozdanie o stanie wyj\u015bciowym (AZB) gleby i w\u00f3d gruntowych.","robots":{"index":"noindex","follow":"follow"},"og_locale":"pl_PL","og_type":"article","og_title":"Sprawozdanie o stanie wyj\u015bciowym (AZB) gleby i w\u00f3d gruntowych","og_description":"Grupa weyer wspiera Pa\u0144stwa w zakresie procedur zatwierdzaj\u0105cych, r\u00f3wnie\u017c przygotowuj\u0105c sprawozdanie o stanie wyj\u015bciowym (AZB) gleby i w\u00f3d gruntowych.","og_url":"https:\/\/www.weyer-gruppe.com\/pl\/operatorzy-instalacji-i-inwestorzy\/sprawozdanie-o-stanie-wyjsciowym-azb-gleby-i-wod-gruntowych\/","og_site_name":"weyer gruppe","article_publisher":"https:\/\/www.facebook.com\/weyergruppe","article_modified_time":"2026-03-23T06:29:56+00:00","twitter_card":"summary_large_image","twitter_misc":{"Szacowany czas czytania":"3 minuty"},"schema":{"@context":"https:\/\/schema.org","@graph":[{"@type":"WebPage","@id":"https:\/\/www.weyer-gruppe.com\/pl\/operatorzy-instalacji-i-inwestorzy\/sprawozdanie-o-stanie-wyjsciowym-azb-gleby-i-wod-gruntowych\/","url":"https:\/\/www.weyer-gruppe.com\/pl\/operatorzy-instalacji-i-inwestorzy\/sprawozdanie-o-stanie-wyjsciowym-azb-gleby-i-wod-gruntowych\/","name":"Sprawozdanie o stanie wyj\u015bciowym (AZB) gleby i w\u00f3d gruntowych","isPartOf":{"@id":"https:\/\/www.weyer-gruppe.com\/pl\/#website"},"datePublished":"2019-07-29T14:08:50+00:00","dateModified":"2026-03-23T06:29:56+00:00","description":"Grupa weyer wspiera Pa\u0144stwa w zakresie procedur zatwierdzaj\u0105cych, r\u00f3wnie\u017c przygotowuj\u0105c sprawozdanie o stanie wyj\u015bciowym (AZB) gleby i w\u00f3d gruntowych.","breadcrumb":{"@id":"https:\/\/www.weyer-gruppe.com\/pl\/operatorzy-instalacji-i-inwestorzy\/sprawozdanie-o-stanie-wyjsciowym-azb-gleby-i-wod-gruntowych\/#breadcrumb"},"inLanguage":"pl-PL","potentialAction":[{"@type":"ReadAction","target":["https:\/\/www.weyer-gruppe.com\/pl\/operatorzy-instalacji-i-inwestorzy\/sprawozdanie-o-stanie-wyjsciowym-azb-gleby-i-wod-gruntowych\/"]}]},{"@type":"BreadcrumbList","@id":"https:\/\/www.weyer-gruppe.com\/pl\/operatorzy-instalacji-i-inwestorzy\/sprawozdanie-o-stanie-wyjsciowym-azb-gleby-i-wod-gruntowych\/#breadcrumb","itemListElement":[{"@type":"ListItem","position":1,"name":"HOME","item":"https:\/\/www.weyer-gruppe.com\/pl\/"},{"@type":"ListItem","position":2,"name":"Operatorzy instalacji i inwestorzy","item":"https:\/\/www.weyer-gruppe.com\/pl\/operatorzy-instalacji-i-inwestorzy\/"},{"@type":"ListItem","position":3,"name":"Sprawozdanie o stanie wyj\u015bciowym (AZB) gleby i w\u00f3d gruntowych"}]},{"@type":"WebSite","@id":"https:\/\/www.weyer-gruppe.com\/pl\/#website","url":"https:\/\/www.weyer-gruppe.com\/pl\/","name":"weyer gruppe","description":"komplett. durchdacht.","publisher":{"@id":"https:\/\/www.weyer-gruppe.com\/pl\/#organization"},"potentialAction":[{"@type":"SearchAction","target":{"@type":"EntryPoint","urlTemplate":"https:\/\/www.weyer-gruppe.com\/pl\/?s={search_term_string}"},"query-input":{"@type":"PropertyValueSpecification","valueRequired":true,"valueName":"search_term_string"}}],"inLanguage":"pl-PL"},{"@type":"Organization","@id":"https:\/\/www.weyer-gruppe.com\/pl\/#organization","name":"weyer gruppe","url":"https:\/\/www.weyer-gruppe.com\/pl\/","logo":{"@type":"ImageObject","inLanguage":"pl-PL","@id":"https:\/\/www.weyer-gruppe.com\/pl\/#\/schema\/logo\/image\/","url":"https:\/\/www.weyer-gruppe.com\/wp-content\/uploads\/2019\/07\/logo-weyer-gruppe-de.png","contentUrl":"https:\/\/www.weyer-gruppe.com\/wp-content\/uploads\/2019\/07\/logo-weyer-gruppe-de.png","width":532,"height":513,"caption":"weyer gruppe"},"image":{"@id":"https:\/\/www.weyer-gruppe.com\/pl\/#\/schema\/logo\/image\/"},"sameAs":["https:\/\/www.facebook.com\/weyergruppe","https:\/\/de.linkedin.com\/company\/weyer-gruppe","https:\/\/www.youtube.com\/channel\/UCmZItECuW56Ih_p501_Bq8A"],"description":"Die weyer gruppe ist seit 1976 Ihr Partner f\u00fcr verfahrenstechnische Anlagenplanung und Anlagensicherheit. Mit einem erfahrenen Team von \u00fcber 190 Mitarbeitern in Deutschland, \u00d6sterreich, Polen und der Schweiz realisieren wir j\u00e4hrlich \u00fcber 1.000 Kundenprojekte. Unsere Expertise erstreckt sich \u00fcber verschiedene Branchen wie Chemie, Pharma, Mineral\u00f6l sowie Ver- und Entsorgung. Vertrauen Sie auf die weyer Gruppe f\u00fcr ma\u00dfgeschneiderte Engineering- und Consulting-L\u00f6sungen, die Ihre Anforderungen in puncto Sicherheit und Effizienz erf\u00fcllen.","email":"info@weyer-gruppe.com","telephone":"+49 (0) 24 21 \u2013 69 09 1 \u2013 0","numberOfEmployees":{"@type":"QuantitativeValue","minValue":"51","maxValue":"200"}}]}},"_links":{"self":[{"href":"https:\/\/www.weyer-gruppe.com\/pl\/wp-json\/wp\/v2\/pages\/23563","targetHints":{"allow":["GET"]}}],"collection":[{"href":"https:\/\/www.weyer-gruppe.com\/pl\/wp-json\/wp\/v2\/pages"}],"about":[{"href":"https:\/\/www.weyer-gruppe.com\/pl\/wp-json\/wp\/v2\/types\/page"}],"author":[{"embeddable":true,"href":"https:\/\/www.weyer-gruppe.com\/pl\/wp-json\/wp\/v2\/users\/5"}],"replies":[{"embeddable":true,"href":"https:\/\/www.weyer-gruppe.com\/pl\/wp-json\/wp\/v2\/comments?post=23563"}],"version-history":[{"count":2,"href":"https:\/\/www.weyer-gruppe.com\/pl\/wp-json\/wp\/v2\/pages\/23563\/revisions"}],"predecessor-version":[{"id":238048,"href":"https:\/\/www.weyer-gruppe.com\/pl\/wp-json\/wp\/v2\/pages\/23563\/revisions\/238048"}],"up":[{"embeddable":true,"href":"https:\/\/www.weyer-gruppe.com\/pl\/wp-json\/wp\/v2\/pages\/23842"}],"wp:attachment":[{"href":"https:\/\/www.weyer-gruppe.com\/pl\/wp-json\/wp\/v2\/media?parent=23563"}],"curies":[{"name":"wp","href":"https:\/\/api.w.org\/{rel}","templated":true}]}}