{"id":23491,"date":"2020-01-23T14:25:42","date_gmt":"2020-01-23T13:25:42","guid":{"rendered":"https:\/\/www.weyer-gruppe.com\/baurevision-und-baucontrolling-3\/"},"modified":"2026-03-23T09:05:57","modified_gmt":"2026-03-23T08:05:57","slug":"baurevision-und-baucontrolling-3","status":"publish","type":"page","link":"https:\/\/www.weyer-gruppe.com\/pl\/sektor-publiczny\/baurevision-und-baucontrolling-3\/","title":{"rendered":"Baurevision und Baucontrolling"},"content":{"rendered":"<div class=\"wpb-content-wrapper\">[vc_row][vc_column][vc_column_text]Wspieramy inwestor\u00f3w prywatnych i publicznych oraz firmy budowlane w zakresie audytu budowlanego i kontroli budowy w szybkim monitorowaniu koszt\u00f3w, finansowania, jako\u015bci i harmonogramu, w identyfikacji niepo\u017c\u0105danych zdarze\u0144 oraz w inicjowaniu dzia\u0142a\u0144 zaradczych.<\/p>\n<p>Oferuj\u0105c indywidualny sk\u0142ad zespo\u0142u wsparcia, uwzgl\u0119dniamy definicj\u0119 zadania specyficznego dla projektu. W przypadku szczeg\u00f3lnych kwestii (np. aspekt\u00f3w prawnych) \u015bwiadczymy us\u0142ugi we wsp\u00f3\u0142pracy z <a href=\"https:\/\/www.bdo.de\/de-de\/microsites\/bdo-technik-und-umweltconsulting-gmbh\/services\/technische-wirtschaftsprufung\/bau-revision-und-bau-controlling\">BDO AG Wirtschaftspr\u00fcfungsgesellschaft<\/a> lub innymi specjalistami.<\/p>\n<h2>Us\u0142ugi<\/h2>\n<ul class=\"arrow-gray\">\n<li>Kontrola praktyk w zakresie zam\u00f3wie\u0144 publicznych w imieniu instytucji pa\u0144stwowych (trybuna\u0142y obrachunkowe, ministerstwa itp.)<\/li>\n<li>Zarz\u0105dzanie przetargami od zamawiaj\u0105cych publicznych i prywatnych<\/li>\n<li>Monitorowanie dzia\u0142a\u0144 budowlanych i wdra\u017canie kontroli budowlanej<\/li>\n<li>Doradztwo i wsparcie przy tworzeniu wewn\u0119trznego systemu kontroli budowlanej<\/li>\n<li>Przeprowadzenie audyt\u00f3w budowlanych w celu wykrycia \u201eb\u0142\u0119d\u00f3w systemowych\u201d<\/li>\n<li>Doradztwo i wsparcie przy tworzeniu wewn\u0119trznego audytu budowlanego<\/li>\n<\/ul>\n<h2>Pa\u0144stwa korzy\u015bci<\/h2>\n<ul class=\"arrow-gray\">\n<li>Zabezpieczenie koszt\u00f3w, jako\u015bci i termin\u00f3w dla obecnych i przysz\u0142ych projekt\u00f3w<\/li>\n<li>Wczesne rozpoznanie niepo\u017c\u0105danego rozwoju sytuacji<\/li>\n<li>Zwi\u0119kszenie przejrzysto\u015bci projektu<\/li>\n<li>Tworzenie efektywnych przep\u0142yw\u00f3w procesowych dla bezpiecznego sterowania dzia\u0142aniami budowlanymi<\/li>\n<li>Skuteczne zapobieganie ryzyku<\/li>\n<li>Zapobieganie korupcji<\/li>\n<\/ul>\n[\/vc_column_text][\/vc_column][\/vc_row][vc_row bg_type=&#8221;color&#8221; bg_color=&#8221;#0b3c80&#8243; font_color=&#8221;#ffffff&#8221;][vc_column css=&#8221;.vc_custom_1563974199119{padding-top: 25px !important;padding-bottom: 25px !important;padding-left: 25px !important;}&#8221;]<div class=\"grve-element grve-hr grve-space-divider\" style=\"\"><\/div><div class=\"grve-element grve-image-text\" style=\"\">  <div class=\"grve-content grve-align-right\">    <h6>weyer spezial: Audyt budowlany<\/h6>  <p>Wi\u0119ksze projekty budowlane wymagaj\u0105 wysokich nak\u0142ad\u00f3w inwestycyjnych. Dlatego te\u017c zar\u00f3wno klienci prywatni, jak i publiczni musz\u0105 uwa\u017cnie \u015bledzi\u0107 zmiany koszt\u00f3w, jako\u015bci i harmonogramu. Niepo\u017c\u0105dany rozw\u00f3j sytuacji musi zosta\u0107 zidentyfikowany na wczesnym etapie, tak aby w razie potrzeby mo\u017cna by\u0142o podj\u0105\u0107 skuteczne \u015brodki zaradcze. Zorientowany na ryzyko audyt budowlany jest skutecznym instrumentem do analizy i optymalizacji odpowiednich proces\u00f3w budowlanych&#8230;<\/p>    <a href=\"https:\/\/www.weyer-gruppe.com\/wp-content\/uploads\/2019\/07\/weyer-spezial-baurevision-0418.pdf\" target=\"_blank\" class=\"grve-read-more \">Pobierz weyer spezial tutaj<\/a>  <\/div><\/div><div class=\"grve-element grve-hr grve-space-divider\" style=\"\"><\/div>[\/vc_column][\/vc_row][vc_row][vc_column]<div class=\"grve-element grve-hr grve-space-divider\" style=\"\"><\/div><h3 class=\"grve-element grve-align-left grve-title-no-line grve-h3\" style=\"\"><span>Nasz zesp\u00f3\u0142<\/span><\/h3>[\/vc_column][\/vc_row][vc_row][vc_column width=&#8221;1\/4&#8243; tablet_sm_width=&#8221;1-2&#8243;]\r\n\t\t<div class=\"grve-team grve-element\" style=\"\">\r\n\t\t\t<figure class=\"grve-image-hover grve-style-1 grve-zoom-in\">\r\n\t\t\t\t<div class=\"grve-team-person grve-media grve-dark-overlay grve-opacity-60\">\r\n\t\t\t\t\t<img decoding=\"async\" width=\"300\" height=\"300\" src=\"https:\/\/www.weyer-gruppe.com\/wp-content\/uploads\/2019\/07\/pr-kai-steffens.jpg\" class=\"attachment-grve-image-small-square size-grve-image-small-square\" alt=\"Zdj\u0119cie pracownika Dr. Kai Steffens z BDO TUC GmbH und PROBIOTEC GmbH\" \/>\t\t\t\t<\/div>\r\n\t\t\t\t<figcaption>\r\n\t\t\t\t\t<div class=\"grve-team-description\">\r\n\t\t\t\t\t\t\t\t\t\t\t\t<h4 class=\"grve-team-name grve-dark grve-h4\">Dr.-Ing. Kai Steffens<\/h4>\r\n\t\t\t\t\t\t\t\t\t\t\t\t<small class=\"grve-team-identity grve-dark\">BDO Technik und Umweltconsulting<\/small>\r\n\t\t\t\t\t<\/div>\r\n\t\t\t\t\t\t\t\t\t<\/figcaption>\r\n\t\t\t<\/figure>\r\n\t\t<\/div>\r\n\r\n\t\t[\/vc_column][vc_column width=&#8221;1\/4&#8243; tablet_sm_width=&#8221;1-2&#8243;][\/vc_column][vc_column width=&#8221;1\/4&#8243; tablet_sm_width=&#8221;1-2&#8243;][\/vc_column][vc_column width=&#8221;1\/4&#8243; tablet_sm_width=&#8221;1-2&#8243;][\/vc_column][\/vc_row][vc_row][vc_column]<div class=\"grve-element grve-hr grve-space-divider\" style=\"\"><\/div>[\/vc_column][\/vc_row]\n<\/div>","protected":false},"excerpt":{"rendered":"<p>[vc_row][vc_column][vc_column_text]Wspieramy inwestor\u00f3w prywatnych i publicznych oraz firmy budowlane w zakresie audytu budowlanego i kontroli budowy w szybkim monitorowaniu koszt\u00f3w, finansowania, jako\u015bci i harmonogramu, w identyfikacji niepo\u017c\u0105danych zdarze\u0144 oraz w inicjowaniu dzia\u0142a\u0144 zaradczych. Oferuj\u0105c indywidualny sk\u0142ad zespo\u0142u wsparcia, uwzgl\u0119dniamy definicj\u0119 zadania specyficznego dla projektu. W przypadku szczeg\u00f3lnych kwestii (np. aspekt\u00f3w prawnych) \u015bwiadczymy us\u0142ugi we wsp\u00f3\u0142pracy z [&hellip;]<\/p>\n","protected":false},"author":2,"featured_media":0,"parent":23973,"menu_order":0,"comment_status":"closed","ping_status":"closed","template":"","meta":{"footnotes":""},"class_list":["post-23491","page","type-page","status-publish","hentry"],"yoast_head":"<!-- This site is optimized with the Yoast SEO Premium plugin v27.4 (Yoast SEO v27.4) - https:\/\/yoast.com\/product\/yoast-seo-premium-wordpress\/ -->\n<title>Audyt budowlany i kontrola budowy dla du\u017cych projekt\u00f3w \u2013 grupa weyer<\/title>\n<meta name=\"description\" content=\"Wspieramy inwestor\u00f3w w audycie budowlanym i kontroli budowy podczas \u015bledzenia koszt\u00f3w, finansowania, jako\u015bci i post\u0119pu harmonogramu.\" \/>\n<meta name=\"robots\" content=\"noindex, follow\" \/>\n<meta property=\"og:locale\" content=\"pl_PL\" \/>\n<meta property=\"og:type\" content=\"article\" \/>\n<meta property=\"og:title\" content=\"Baurevision und Baucontrolling\" \/>\n<meta property=\"og:description\" content=\"Wspieramy inwestor\u00f3w w audycie budowlanym i kontroli budowy podczas \u015bledzenia koszt\u00f3w, finansowania, jako\u015bci i post\u0119pu harmonogramu.\" \/>\n<meta property=\"og:url\" content=\"https:\/\/www.weyer-gruppe.com\/pl\/sektor-publiczny\/baurevision-und-baucontrolling-3\/\" \/>\n<meta property=\"og:site_name\" content=\"weyer gruppe\" \/>\n<meta property=\"article:publisher\" content=\"https:\/\/www.facebook.com\/weyergruppe\" \/>\n<meta property=\"article:modified_time\" content=\"2026-03-23T08:05:57+00:00\" \/>\n<meta name=\"twitter:card\" content=\"summary_large_image\" \/>\n<meta name=\"twitter:label1\" content=\"Szacowany czas czytania\" \/>\n\t<meta name=\"twitter:data1\" content=\"2 minuty\" \/>\n<script type=\"application\/ld+json\" class=\"yoast-schema-graph\">{\"@context\":\"https:\\\/\\\/schema.org\",\"@graph\":[{\"@type\":\"WebPage\",\"@id\":\"https:\\\/\\\/www.weyer-gruppe.com\\\/pl\\\/sektor-publiczny\\\/baurevision-und-baucontrolling-3\\\/\",\"url\":\"https:\\\/\\\/www.weyer-gruppe.com\\\/pl\\\/sektor-publiczny\\\/baurevision-und-baucontrolling-3\\\/\",\"name\":\"Audyt budowlany i kontrola budowy dla du\u017cych projekt\u00f3w \u2013 grupa weyer\",\"isPartOf\":{\"@id\":\"https:\\\/\\\/www.weyer-gruppe.com\\\/pl\\\/#website\"},\"datePublished\":\"2020-01-23T13:25:42+00:00\",\"dateModified\":\"2026-03-23T08:05:57+00:00\",\"description\":\"Wspieramy inwestor\u00f3w w audycie budowlanym i kontroli budowy podczas \u015bledzenia koszt\u00f3w, finansowania, jako\u015bci i post\u0119pu harmonogramu.\",\"breadcrumb\":{\"@id\":\"https:\\\/\\\/www.weyer-gruppe.com\\\/pl\\\/sektor-publiczny\\\/baurevision-und-baucontrolling-3\\\/#breadcrumb\"},\"inLanguage\":\"pl-PL\",\"potentialAction\":[{\"@type\":\"ReadAction\",\"target\":[\"https:\\\/\\\/www.weyer-gruppe.com\\\/pl\\\/sektor-publiczny\\\/baurevision-und-baucontrolling-3\\\/\"]}]},{\"@type\":\"BreadcrumbList\",\"@id\":\"https:\\\/\\\/www.weyer-gruppe.com\\\/pl\\\/sektor-publiczny\\\/baurevision-und-baucontrolling-3\\\/#breadcrumb\",\"itemListElement\":[{\"@type\":\"ListItem\",\"position\":1,\"name\":\"HOME\",\"item\":\"https:\\\/\\\/www.weyer-gruppe.com\\\/pl\\\/\"},{\"@type\":\"ListItem\",\"position\":2,\"name\":\"Sektor publiczny\",\"item\":\"https:\\\/\\\/www.weyer-gruppe.com\\\/pl\\\/sektor-publiczny\\\/\"},{\"@type\":\"ListItem\",\"position\":3,\"name\":\"Baurevision und Baucontrolling\"}]},{\"@type\":\"WebSite\",\"@id\":\"https:\\\/\\\/www.weyer-gruppe.com\\\/pl\\\/#website\",\"url\":\"https:\\\/\\\/www.weyer-gruppe.com\\\/pl\\\/\",\"name\":\"weyer gruppe\",\"description\":\"komplett. durchdacht.\",\"publisher\":{\"@id\":\"https:\\\/\\\/www.weyer-gruppe.com\\\/pl\\\/#organization\"},\"potentialAction\":[{\"@type\":\"SearchAction\",\"target\":{\"@type\":\"EntryPoint\",\"urlTemplate\":\"https:\\\/\\\/www.weyer-gruppe.com\\\/pl\\\/?s={search_term_string}\"},\"query-input\":{\"@type\":\"PropertyValueSpecification\",\"valueRequired\":true,\"valueName\":\"search_term_string\"}}],\"inLanguage\":\"pl-PL\"},{\"@type\":\"Organization\",\"@id\":\"https:\\\/\\\/www.weyer-gruppe.com\\\/pl\\\/#organization\",\"name\":\"weyer gruppe\",\"url\":\"https:\\\/\\\/www.weyer-gruppe.com\\\/pl\\\/\",\"logo\":{\"@type\":\"ImageObject\",\"inLanguage\":\"pl-PL\",\"@id\":\"https:\\\/\\\/www.weyer-gruppe.com\\\/pl\\\/#\\\/schema\\\/logo\\\/image\\\/\",\"url\":\"https:\\\/\\\/www.weyer-gruppe.com\\\/wp-content\\\/uploads\\\/2019\\\/07\\\/logo-weyer-gruppe-de.png\",\"contentUrl\":\"https:\\\/\\\/www.weyer-gruppe.com\\\/wp-content\\\/uploads\\\/2019\\\/07\\\/logo-weyer-gruppe-de.png\",\"width\":532,\"height\":513,\"caption\":\"weyer gruppe\"},\"image\":{\"@id\":\"https:\\\/\\\/www.weyer-gruppe.com\\\/pl\\\/#\\\/schema\\\/logo\\\/image\\\/\"},\"sameAs\":[\"https:\\\/\\\/www.facebook.com\\\/weyergruppe\",\"https:\\\/\\\/de.linkedin.com\\\/company\\\/weyer-gruppe\",\"https:\\\/\\\/www.youtube.com\\\/channel\\\/UCmZItECuW56Ih_p501_Bq8A\"],\"description\":\"Die weyer gruppe ist seit 1976 Ihr Partner f\u00fcr verfahrenstechnische Anlagenplanung und Anlagensicherheit. Mit einem erfahrenen Team von \u00fcber 190 Mitarbeitern in Deutschland, \u00d6sterreich, Polen und der Schweiz realisieren wir j\u00e4hrlich \u00fcber 1.000 Kundenprojekte. Unsere Expertise erstreckt sich \u00fcber verschiedene Branchen wie Chemie, Pharma, Mineral\u00f6l sowie Ver- und Entsorgung. Vertrauen Sie auf die weyer Gruppe f\u00fcr ma\u00dfgeschneiderte Engineering- und Consulting-L\u00f6sungen, die Ihre Anforderungen in puncto Sicherheit und Effizienz erf\u00fcllen.\",\"email\":\"info@weyer-gruppe.com\",\"telephone\":\"+49 (0) 24 21 \u2013 69 09 1 \u2013 0\",\"numberOfEmployees\":{\"@type\":\"QuantitativeValue\",\"minValue\":\"51\",\"maxValue\":\"200\"}}]}<\/script>\n<!-- \/ Yoast SEO Premium plugin. -->","yoast_head_json":{"title":"Audyt budowlany i kontrola budowy dla du\u017cych projekt\u00f3w \u2013 grupa weyer","description":"Wspieramy inwestor\u00f3w w audycie budowlanym i kontroli budowy podczas \u015bledzenia koszt\u00f3w, finansowania, jako\u015bci i post\u0119pu harmonogramu.","robots":{"index":"noindex","follow":"follow"},"og_locale":"pl_PL","og_type":"article","og_title":"Baurevision und Baucontrolling","og_description":"Wspieramy inwestor\u00f3w w audycie budowlanym i kontroli budowy podczas \u015bledzenia koszt\u00f3w, finansowania, jako\u015bci i post\u0119pu harmonogramu.","og_url":"https:\/\/www.weyer-gruppe.com\/pl\/sektor-publiczny\/baurevision-und-baucontrolling-3\/","og_site_name":"weyer gruppe","article_publisher":"https:\/\/www.facebook.com\/weyergruppe","article_modified_time":"2026-03-23T08:05:57+00:00","twitter_card":"summary_large_image","twitter_misc":{"Szacowany czas czytania":"2 minuty"},"schema":{"@context":"https:\/\/schema.org","@graph":[{"@type":"WebPage","@id":"https:\/\/www.weyer-gruppe.com\/pl\/sektor-publiczny\/baurevision-und-baucontrolling-3\/","url":"https:\/\/www.weyer-gruppe.com\/pl\/sektor-publiczny\/baurevision-und-baucontrolling-3\/","name":"Audyt budowlany i kontrola budowy dla du\u017cych projekt\u00f3w \u2013 grupa weyer","isPartOf":{"@id":"https:\/\/www.weyer-gruppe.com\/pl\/#website"},"datePublished":"2020-01-23T13:25:42+00:00","dateModified":"2026-03-23T08:05:57+00:00","description":"Wspieramy inwestor\u00f3w w audycie budowlanym i kontroli budowy podczas \u015bledzenia koszt\u00f3w, finansowania, jako\u015bci i post\u0119pu harmonogramu.","breadcrumb":{"@id":"https:\/\/www.weyer-gruppe.com\/pl\/sektor-publiczny\/baurevision-und-baucontrolling-3\/#breadcrumb"},"inLanguage":"pl-PL","potentialAction":[{"@type":"ReadAction","target":["https:\/\/www.weyer-gruppe.com\/pl\/sektor-publiczny\/baurevision-und-baucontrolling-3\/"]}]},{"@type":"BreadcrumbList","@id":"https:\/\/www.weyer-gruppe.com\/pl\/sektor-publiczny\/baurevision-und-baucontrolling-3\/#breadcrumb","itemListElement":[{"@type":"ListItem","position":1,"name":"HOME","item":"https:\/\/www.weyer-gruppe.com\/pl\/"},{"@type":"ListItem","position":2,"name":"Sektor publiczny","item":"https:\/\/www.weyer-gruppe.com\/pl\/sektor-publiczny\/"},{"@type":"ListItem","position":3,"name":"Baurevision und Baucontrolling"}]},{"@type":"WebSite","@id":"https:\/\/www.weyer-gruppe.com\/pl\/#website","url":"https:\/\/www.weyer-gruppe.com\/pl\/","name":"weyer gruppe","description":"komplett. durchdacht.","publisher":{"@id":"https:\/\/www.weyer-gruppe.com\/pl\/#organization"},"potentialAction":[{"@type":"SearchAction","target":{"@type":"EntryPoint","urlTemplate":"https:\/\/www.weyer-gruppe.com\/pl\/?s={search_term_string}"},"query-input":{"@type":"PropertyValueSpecification","valueRequired":true,"valueName":"search_term_string"}}],"inLanguage":"pl-PL"},{"@type":"Organization","@id":"https:\/\/www.weyer-gruppe.com\/pl\/#organization","name":"weyer gruppe","url":"https:\/\/www.weyer-gruppe.com\/pl\/","logo":{"@type":"ImageObject","inLanguage":"pl-PL","@id":"https:\/\/www.weyer-gruppe.com\/pl\/#\/schema\/logo\/image\/","url":"https:\/\/www.weyer-gruppe.com\/wp-content\/uploads\/2019\/07\/logo-weyer-gruppe-de.png","contentUrl":"https:\/\/www.weyer-gruppe.com\/wp-content\/uploads\/2019\/07\/logo-weyer-gruppe-de.png","width":532,"height":513,"caption":"weyer gruppe"},"image":{"@id":"https:\/\/www.weyer-gruppe.com\/pl\/#\/schema\/logo\/image\/"},"sameAs":["https:\/\/www.facebook.com\/weyergruppe","https:\/\/de.linkedin.com\/company\/weyer-gruppe","https:\/\/www.youtube.com\/channel\/UCmZItECuW56Ih_p501_Bq8A"],"description":"Die weyer gruppe ist seit 1976 Ihr Partner f\u00fcr verfahrenstechnische Anlagenplanung und Anlagensicherheit. Mit einem erfahrenen Team von \u00fcber 190 Mitarbeitern in Deutschland, \u00d6sterreich, Polen und der Schweiz realisieren wir j\u00e4hrlich \u00fcber 1.000 Kundenprojekte. Unsere Expertise erstreckt sich \u00fcber verschiedene Branchen wie Chemie, Pharma, Mineral\u00f6l sowie Ver- und Entsorgung. Vertrauen Sie auf die weyer Gruppe f\u00fcr ma\u00dfgeschneiderte Engineering- und Consulting-L\u00f6sungen, die Ihre Anforderungen in puncto Sicherheit und Effizienz erf\u00fcllen.","email":"info@weyer-gruppe.com","telephone":"+49 (0) 24 21 \u2013 69 09 1 \u2013 0","numberOfEmployees":{"@type":"QuantitativeValue","minValue":"51","maxValue":"200"}}]}},"_links":{"self":[{"href":"https:\/\/www.weyer-gruppe.com\/pl\/wp-json\/wp\/v2\/pages\/23491","targetHints":{"allow":["GET"]}}],"collection":[{"href":"https:\/\/www.weyer-gruppe.com\/pl\/wp-json\/wp\/v2\/pages"}],"about":[{"href":"https:\/\/www.weyer-gruppe.com\/pl\/wp-json\/wp\/v2\/types\/page"}],"author":[{"embeddable":true,"href":"https:\/\/www.weyer-gruppe.com\/pl\/wp-json\/wp\/v2\/users\/2"}],"replies":[{"embeddable":true,"href":"https:\/\/www.weyer-gruppe.com\/pl\/wp-json\/wp\/v2\/comments?post=23491"}],"version-history":[{"count":1,"href":"https:\/\/www.weyer-gruppe.com\/pl\/wp-json\/wp\/v2\/pages\/23491\/revisions"}],"predecessor-version":[{"id":238136,"href":"https:\/\/www.weyer-gruppe.com\/pl\/wp-json\/wp\/v2\/pages\/23491\/revisions\/238136"}],"up":[{"embeddable":true,"href":"https:\/\/www.weyer-gruppe.com\/pl\/wp-json\/wp\/v2\/pages\/23973"}],"wp:attachment":[{"href":"https:\/\/www.weyer-gruppe.com\/pl\/wp-json\/wp\/v2\/media?parent=23491"}],"curies":[{"name":"wp","href":"https:\/\/api.w.org\/{rel}","templated":true}]}}