{"id":23429,"date":"2020-01-23T16:16:38","date_gmt":"2020-01-23T15:16:38","guid":{"rendered":"https:\/\/www.weyer-gruppe.com\/symulacja-sieci-rurociagow-2\/"},"modified":"2026-03-23T08:19:59","modified_gmt":"2026-03-23T07:19:59","slug":"symulacja-sieci-rurociagow-2","status":"publish","type":"page","link":"https:\/\/www.weyer-gruppe.com\/pl\/projektanci-i-producenci-instalacji\/symulacja-sieci-rurociagow-2\/","title":{"rendered":"Symulacja sieci ruroci\u0105g\u00f3w"},"content":{"rendered":"<div class=\"wpb-content-wrapper\">[vc_row][vc_column][vc_column_text]Sieci ruroci\u0105g\u00f3w znajduj\u0105 si\u0119 tam, gdzie kilku cz\u0119\u015bciom instalacji produkcyjnych udost\u0119pniane maj\u0105 by\u0107 zasoby eksploatacyjne, takie jak para grzewcza, woda ch\u0142odz\u0105ca, solanka ch\u0142odz\u0105ca lub woda zimna itp. Odbiorcy materia\u0142\u00f3w eksploatacyjnych otrzymuj\u0105 nast\u0119pnie odpowiednie materia\u0142y eksploatacyjne ze wsp\u00f3lnej sieci.<\/p>\n<p>R\u00f3wnie\u017c strumienie spalin lub powietrza wylotowego s\u0105 cz\u0119sto zbierane z kilku cz\u0119\u015bci i obszar\u00f3w instalacji za pomoc\u0105 sieci ruroci\u0105g\u00f3w, a nast\u0119pnie wprowadzane do systemu oczyszczania.<\/p>\n<p>W poszczeg\u00f3lnych odga\u0142\u0119zieniach takich system\u00f3w ruroci\u0105gowych wyst\u0119puj\u0105 r\u00f3\u017cne przep\u0142ywy obj\u0119to\u015bciowe, kt\u00f3re generuj\u0105 pewn\u0105 strat\u0119 ci\u015bnienia w ca\u0142ym ruroci\u0105gu. Dop\u00f3ki przep\u0142ywy obj\u0119to\u015bciowe s\u0105 sta\u0142e, panuje r\u00f3wnowaga w ca\u0142ym systemie.<\/p>\n<p>Je\u015bli jednak w jednym punkcie nast\u0105pi zauwa\u017calna zmiana, np. nag\u0142e pobranie wi\u0119kszej ilo\u015bci wody ch\u0142odz\u0105cej z sieci wodoci\u0105gowej wody ch\u0142odz\u0105cej, to w tym punkcie nast\u0119puje odpowiednia zmiana ci\u015bnienia. Poniewa\u017c wszystkie ruroci\u0105gi s\u0105 ze sob\u0105 po\u0142\u0105czone, ta zmiana ci\u015bnienia ma r\u00f3wnie\u017c wp\u0142yw na ca\u0142\u0105 sie\u0107 ruroci\u0105g\u00f3w. Mo\u017ce si\u0119 zdarzy\u0107, \u017ce wymiennik ciep\u0142a znajduj\u0105cy si\u0119 na wysokim poziomie w instalacji nie jest ju\u017c wystarczaj\u0105co zaopatrywany w wod\u0119 ch\u0142odz\u0105c\u0105 ze wzgl\u0119du na spadek ci\u015bnienia.<\/p>\n<p>Z drugiej strony w istniej\u0105cych systemach powietrza wylotowego mog\u0105 wyst\u0105pi\u0107 niepo\u017c\u0105dane skutki, np. w przypadku pod\u0142\u0105czenia dodatkowych du\u017cych zbiornik\u00f3w magazynowych. Zw\u0142aszcza w szczycie sezonu letniego i przy obci\u0105\u017ceniu zbiornik\u00f3w surowcem za pomoc\u0105 cystern samochodowych wyparty ze zbiornika przep\u0142yw obj\u0119to\u015bciowy mo\u017ce by\u0107 tak du\u017cy, \u017ce istniej\u0105cy przew\u00f3d powietrza wylotowego generuje strat\u0119 ci\u015bnienia, kt\u00f3ra powoduje zadzia\u0142anie zabezpieczenia nadci\u015bnieniowego zbiornika. W zwi\u0105zku z tym, w zale\u017cno\u015bci od przechowywanego medium, do atmosfery mog\u0105 nast\u0119pnie wydosta\u0107 si\u0119 bardzo niepo\u017c\u0105dane substancje.<\/p>\n<p>Opisane przypadki pokazuj\u0105, \u017ce ka\u017cda rozbudowa i\/lub zwi\u0119kszenie wydajno\u015bci instalacji procesowej mo\u017ce prowadzi\u0107 do znacznych wp\u0142yw\u00f3w na instalacje pomocnicze, takie jak systemy powietrza wylotowego lub systemy materia\u0142\u00f3w eksploatacyjnych. Skutki te mog\u0105 mie\u0107 wp\u0142yw na s\u0105siednie obszary instalacji i prowadzi\u0107 do znacznych zak\u0142\u00f3ce\u0144 eksploatacyjnych w procesie.<\/p>\n<p>W celu uzyskania wcze\u015bniejszej wiedzy o tym, jak ingerencja wp\u0142ynie na istniej\u0105c\u0105 sie\u0107, przydatna jest symulacja. Nowoczesne systemy s\u0105 w stanie odwzorowa\u0107 sie\u0107 ruroci\u0105g\u00f3w. W tym celu poszczeg\u00f3lne ruroci\u0105gi sieci musz\u0105 by\u0107 nast\u0119pnie skonfigurowane w systemie i po\u0142\u0105czone ze sob\u0105. Podobnie mo\u017cna definiowa\u0107 i dodawa\u0107 armatur\u0119, tak\u0105 jak zawory, generatory ci\u015bnienia itp.<\/p>\n<p>Korzystaj\u0105c z wewn\u0119trznej bazy danych substancji, mo\u017cna nast\u0119pnie wst\u0119pnie wybra\u0107 komponenty, kt\u00f3re znajduj\u0105 si\u0119 w sieci ruroci\u0105g\u00f3w. Og\u00f3lnie okre\u015blane s\u0105 w\u00f3wczas parametry procesowe.<\/p>\n<p>Za pomoc\u0105 symulacji mo\u017cna zidentyfikowa\u0107 s\u0142abe punkty systemu i okre\u015bli\u0107 \u015brodki zaradcze.<\/p>\n<h2>Us\u0142ugi<\/h2>\n<ul class=\"arrow-gray\">\n<li class=\"first-child\">Rejestracja sieci ruroci\u0105g\u00f3w na podstawie istniej\u0105cych plan\u00f3w i izometrii z przeniesieniem do programu symulacyjnego<\/li>\n<li>Symulacja istniej\u0105cych i nowych sposob\u00f3w pracy<\/li>\n<li>Okre\u015blanie indywidualnych przep\u0142yw\u00f3w obj\u0119to\u015bciowych i strat ci\u015bnienia w systemie<\/li>\n<li>Identyfikacja s\u0142abych punkt\u00f3w<\/li>\n<li class=\"last-child\">Opracowanie mo\u017cliwych dostosowa\u0144 w sieci ruroci\u0105g\u00f3w<\/li>\n<\/ul>\n[\/vc_column_text][\/vc_column][\/vc_row][vc_row][vc_column]<h3 class=\"grve-element grve-align-left grve-title-no-line grve-h3\" style=\"\"><span>Nasz zesp\u00f3\u0142<\/span><\/h3>[\/vc_column][\/vc_row][vc_row][vc_column width=&#8221;1\/4&#8243; tablet_sm_width=&#8221;1-2&#8243;]\r\n\t\t<div class=\"grve-team grve-element\" style=\"\">\r\n\t\t\t<figure class=\"grve-image-hover grve-style-1 grve-zoom-in\">\r\n\t\t\t\t<div class=\"grve-team-person grve-media grve-dark-overlay grve-opacity-60\">\r\n\t\t\t\t\t<img decoding=\"async\" width=\"300\" height=\"300\" src=\"https:\/\/www.weyer-gruppe.com\/wp-content\/uploads\/2019\/07\/florian-merkel-horst-weyer-und-partner.jpg\" class=\"attachment-grve-image-small-square size-grve-image-small-square\" alt=\"Foto von Manfred Wientjes der Horst Weyer und Partner gmbh\" \/>\t\t\t\t<\/div>\r\n\t\t\t\t<figcaption>\r\n\t\t\t\t\t<div class=\"grve-team-description\">\r\n\t\t\t\t\t\t\t\t\t\t\t\t<h4 class=\"grve-team-name grve-dark grve-h4\">Dr. Florian Merkel<\/h4>\r\n\t\t\t\t\t\t\t\t\t\t\t\t<small class=\"grve-team-identity grve-dark\">horst weyer und partner<\/small>\r\n\t\t\t\t\t<\/div>\r\n\t\t\t\t\t\t\t\t\t<\/figcaption>\r\n\t\t\t<\/figure>\r\n\t\t<\/div>\r\n\r\n\t\t[\/vc_column][vc_column width=&#8221;1\/4&#8243; tablet_sm_width=&#8221;1-2&#8243;][\/vc_column][vc_column width=&#8221;1\/4&#8243; tablet_sm_width=&#8221;1-2&#8243;][\/vc_column][vc_column width=&#8221;1\/4&#8243; tablet_sm_width=&#8221;1-2&#8243;][\/vc_column][\/vc_row]\n<\/div>","protected":false},"excerpt":{"rendered":"<p>[vc_row][vc_column][vc_column_text]Sieci ruroci\u0105g\u00f3w znajduj\u0105 si\u0119 tam, gdzie kilku cz\u0119\u015bciom instalacji produkcyjnych udost\u0119pniane maj\u0105 by\u0107 zasoby eksploatacyjne, takie jak para grzewcza, woda ch\u0142odz\u0105ca, solanka ch\u0142odz\u0105ca lub woda zimna itp. Odbiorcy materia\u0142\u00f3w eksploatacyjnych otrzymuj\u0105 nast\u0119pnie odpowiednie materia\u0142y eksploatacyjne ze wsp\u00f3lnej sieci. R\u00f3wnie\u017c strumienie spalin lub powietrza wylotowego s\u0105 cz\u0119sto zbierane z kilku cz\u0119\u015bci i obszar\u00f3w instalacji za pomoc\u0105 [&hellip;]<\/p>\n","protected":false},"author":2,"featured_media":0,"parent":23877,"menu_order":0,"comment_status":"closed","ping_status":"closed","template":"","meta":{"footnotes":""},"class_list":["post-23429","page","type-page","status-publish","hentry"],"yoast_head":"<!-- This site is optimized with the Yoast SEO Premium plugin v27.4 (Yoast SEO v27.4) - https:\/\/yoast.com\/product\/yoast-seo-premium-wordpress\/ -->\n<title>Symulacja sieci ruroci\u0105g\u00f3w &#8211; weyer gruppe<\/title>\n<meta name=\"robots\" content=\"index, follow, max-snippet:-1, max-image-preview:large, max-video-preview:-1\" \/>\n<link rel=\"canonical\" href=\"https:\/\/www.weyer-gruppe.com\/pl\/projektanci-i-producenci-instalacji\/symulacja-sieci-rurociagow-2\/\" \/>\n<meta property=\"og:locale\" content=\"pl_PL\" \/>\n<meta property=\"og:type\" content=\"article\" \/>\n<meta property=\"og:title\" content=\"Symulacja sieci ruroci\u0105g\u00f3w\" \/>\n<meta property=\"og:description\" content=\"[vc_row][vc_column][vc_column_text]Sieci ruroci\u0105g\u00f3w znajduj\u0105 si\u0119 tam, gdzie kilku cz\u0119\u015bciom instalacji produkcyjnych udost\u0119pniane maj\u0105 by\u0107 zasoby eksploatacyjne, takie jak para grzewcza, woda ch\u0142odz\u0105ca, solanka ch\u0142odz\u0105ca lub woda zimna itp. Odbiorcy materia\u0142\u00f3w eksploatacyjnych otrzymuj\u0105 nast\u0119pnie odpowiednie materia\u0142y eksploatacyjne ze wsp\u00f3lnej sieci. R\u00f3wnie\u017c strumienie spalin lub powietrza wylotowego s\u0105 cz\u0119sto zbierane z kilku cz\u0119\u015bci i obszar\u00f3w instalacji za pomoc\u0105 [&hellip;]\" \/>\n<meta property=\"og:url\" content=\"https:\/\/www.weyer-gruppe.com\/pl\/projektanci-i-producenci-instalacji\/symulacja-sieci-rurociagow-2\/\" \/>\n<meta property=\"og:site_name\" content=\"weyer gruppe\" \/>\n<meta property=\"article:publisher\" content=\"https:\/\/www.facebook.com\/weyergruppe\" \/>\n<meta property=\"article:modified_time\" content=\"2026-03-23T07:19:59+00:00\" \/>\n<meta name=\"twitter:card\" content=\"summary_large_image\" \/>\n<meta name=\"twitter:label1\" content=\"Szacowany czas czytania\" \/>\n\t<meta name=\"twitter:data1\" content=\"3 minuty\" \/>\n<script type=\"application\/ld+json\" class=\"yoast-schema-graph\">{\"@context\":\"https:\\\/\\\/schema.org\",\"@graph\":[{\"@type\":\"WebPage\",\"@id\":\"https:\\\/\\\/www.weyer-gruppe.com\\\/pl\\\/projektanci-i-producenci-instalacji\\\/symulacja-sieci-rurociagow-2\\\/\",\"url\":\"https:\\\/\\\/www.weyer-gruppe.com\\\/pl\\\/projektanci-i-producenci-instalacji\\\/symulacja-sieci-rurociagow-2\\\/\",\"name\":\"Symulacja sieci ruroci\u0105g\u00f3w &#8211; weyer gruppe\",\"isPartOf\":{\"@id\":\"https:\\\/\\\/www.weyer-gruppe.com\\\/pl\\\/#website\"},\"datePublished\":\"2020-01-23T15:16:38+00:00\",\"dateModified\":\"2026-03-23T07:19:59+00:00\",\"breadcrumb\":{\"@id\":\"https:\\\/\\\/www.weyer-gruppe.com\\\/pl\\\/projektanci-i-producenci-instalacji\\\/symulacja-sieci-rurociagow-2\\\/#breadcrumb\"},\"inLanguage\":\"pl-PL\",\"potentialAction\":[{\"@type\":\"ReadAction\",\"target\":[\"https:\\\/\\\/www.weyer-gruppe.com\\\/pl\\\/projektanci-i-producenci-instalacji\\\/symulacja-sieci-rurociagow-2\\\/\"]}]},{\"@type\":\"BreadcrumbList\",\"@id\":\"https:\\\/\\\/www.weyer-gruppe.com\\\/pl\\\/projektanci-i-producenci-instalacji\\\/symulacja-sieci-rurociagow-2\\\/#breadcrumb\",\"itemListElement\":[{\"@type\":\"ListItem\",\"position\":1,\"name\":\"HOME\",\"item\":\"https:\\\/\\\/www.weyer-gruppe.com\\\/pl\\\/\"},{\"@type\":\"ListItem\",\"position\":2,\"name\":\"Projektanci i producenci instalacji\",\"item\":\"https:\\\/\\\/www.weyer-gruppe.com\\\/pl\\\/projektanci-i-producenci-instalacji\\\/\"},{\"@type\":\"ListItem\",\"position\":3,\"name\":\"Symulacja sieci ruroci\u0105g\u00f3w\"}]},{\"@type\":\"WebSite\",\"@id\":\"https:\\\/\\\/www.weyer-gruppe.com\\\/pl\\\/#website\",\"url\":\"https:\\\/\\\/www.weyer-gruppe.com\\\/pl\\\/\",\"name\":\"weyer gruppe\",\"description\":\"komplett. durchdacht.\",\"publisher\":{\"@id\":\"https:\\\/\\\/www.weyer-gruppe.com\\\/pl\\\/#organization\"},\"potentialAction\":[{\"@type\":\"SearchAction\",\"target\":{\"@type\":\"EntryPoint\",\"urlTemplate\":\"https:\\\/\\\/www.weyer-gruppe.com\\\/pl\\\/?s={search_term_string}\"},\"query-input\":{\"@type\":\"PropertyValueSpecification\",\"valueRequired\":true,\"valueName\":\"search_term_string\"}}],\"inLanguage\":\"pl-PL\"},{\"@type\":\"Organization\",\"@id\":\"https:\\\/\\\/www.weyer-gruppe.com\\\/pl\\\/#organization\",\"name\":\"weyer gruppe\",\"url\":\"https:\\\/\\\/www.weyer-gruppe.com\\\/pl\\\/\",\"logo\":{\"@type\":\"ImageObject\",\"inLanguage\":\"pl-PL\",\"@id\":\"https:\\\/\\\/www.weyer-gruppe.com\\\/pl\\\/#\\\/schema\\\/logo\\\/image\\\/\",\"url\":\"https:\\\/\\\/www.weyer-gruppe.com\\\/wp-content\\\/uploads\\\/2019\\\/07\\\/logo-weyer-gruppe-de.png\",\"contentUrl\":\"https:\\\/\\\/www.weyer-gruppe.com\\\/wp-content\\\/uploads\\\/2019\\\/07\\\/logo-weyer-gruppe-de.png\",\"width\":532,\"height\":513,\"caption\":\"weyer gruppe\"},\"image\":{\"@id\":\"https:\\\/\\\/www.weyer-gruppe.com\\\/pl\\\/#\\\/schema\\\/logo\\\/image\\\/\"},\"sameAs\":[\"https:\\\/\\\/www.facebook.com\\\/weyergruppe\",\"https:\\\/\\\/de.linkedin.com\\\/company\\\/weyer-gruppe\",\"https:\\\/\\\/www.youtube.com\\\/channel\\\/UCmZItECuW56Ih_p501_Bq8A\"],\"description\":\"Die weyer gruppe ist seit 1976 Ihr Partner f\u00fcr verfahrenstechnische Anlagenplanung und Anlagensicherheit. Mit einem erfahrenen Team von \u00fcber 190 Mitarbeitern in Deutschland, \u00d6sterreich, Polen und der Schweiz realisieren wir j\u00e4hrlich \u00fcber 1.000 Kundenprojekte. Unsere Expertise erstreckt sich \u00fcber verschiedene Branchen wie Chemie, Pharma, Mineral\u00f6l sowie Ver- und Entsorgung. Vertrauen Sie auf die weyer Gruppe f\u00fcr ma\u00dfgeschneiderte Engineering- und Consulting-L\u00f6sungen, die Ihre Anforderungen in puncto Sicherheit und Effizienz erf\u00fcllen.\",\"email\":\"info@weyer-gruppe.com\",\"telephone\":\"+49 (0) 24 21 \u2013 69 09 1 \u2013 0\",\"numberOfEmployees\":{\"@type\":\"QuantitativeValue\",\"minValue\":\"51\",\"maxValue\":\"200\"}}]}<\/script>\n<!-- \/ Yoast SEO Premium plugin. -->","yoast_head_json":{"title":"Symulacja sieci ruroci\u0105g\u00f3w &#8211; weyer gruppe","robots":{"index":"index","follow":"follow","max-snippet":"max-snippet:-1","max-image-preview":"max-image-preview:large","max-video-preview":"max-video-preview:-1"},"canonical":"https:\/\/www.weyer-gruppe.com\/pl\/projektanci-i-producenci-instalacji\/symulacja-sieci-rurociagow-2\/","og_locale":"pl_PL","og_type":"article","og_title":"Symulacja sieci ruroci\u0105g\u00f3w","og_description":"[vc_row][vc_column][vc_column_text]Sieci ruroci\u0105g\u00f3w znajduj\u0105 si\u0119 tam, gdzie kilku cz\u0119\u015bciom instalacji produkcyjnych udost\u0119pniane maj\u0105 by\u0107 zasoby eksploatacyjne, takie jak para grzewcza, woda ch\u0142odz\u0105ca, solanka ch\u0142odz\u0105ca lub woda zimna itp. Odbiorcy materia\u0142\u00f3w eksploatacyjnych otrzymuj\u0105 nast\u0119pnie odpowiednie materia\u0142y eksploatacyjne ze wsp\u00f3lnej sieci. R\u00f3wnie\u017c strumienie spalin lub powietrza wylotowego s\u0105 cz\u0119sto zbierane z kilku cz\u0119\u015bci i obszar\u00f3w instalacji za pomoc\u0105 [&hellip;]","og_url":"https:\/\/www.weyer-gruppe.com\/pl\/projektanci-i-producenci-instalacji\/symulacja-sieci-rurociagow-2\/","og_site_name":"weyer gruppe","article_publisher":"https:\/\/www.facebook.com\/weyergruppe","article_modified_time":"2026-03-23T07:19:59+00:00","twitter_card":"summary_large_image","twitter_misc":{"Szacowany czas czytania":"3 minuty"},"schema":{"@context":"https:\/\/schema.org","@graph":[{"@type":"WebPage","@id":"https:\/\/www.weyer-gruppe.com\/pl\/projektanci-i-producenci-instalacji\/symulacja-sieci-rurociagow-2\/","url":"https:\/\/www.weyer-gruppe.com\/pl\/projektanci-i-producenci-instalacji\/symulacja-sieci-rurociagow-2\/","name":"Symulacja sieci ruroci\u0105g\u00f3w &#8211; weyer gruppe","isPartOf":{"@id":"https:\/\/www.weyer-gruppe.com\/pl\/#website"},"datePublished":"2020-01-23T15:16:38+00:00","dateModified":"2026-03-23T07:19:59+00:00","breadcrumb":{"@id":"https:\/\/www.weyer-gruppe.com\/pl\/projektanci-i-producenci-instalacji\/symulacja-sieci-rurociagow-2\/#breadcrumb"},"inLanguage":"pl-PL","potentialAction":[{"@type":"ReadAction","target":["https:\/\/www.weyer-gruppe.com\/pl\/projektanci-i-producenci-instalacji\/symulacja-sieci-rurociagow-2\/"]}]},{"@type":"BreadcrumbList","@id":"https:\/\/www.weyer-gruppe.com\/pl\/projektanci-i-producenci-instalacji\/symulacja-sieci-rurociagow-2\/#breadcrumb","itemListElement":[{"@type":"ListItem","position":1,"name":"HOME","item":"https:\/\/www.weyer-gruppe.com\/pl\/"},{"@type":"ListItem","position":2,"name":"Projektanci i producenci instalacji","item":"https:\/\/www.weyer-gruppe.com\/pl\/projektanci-i-producenci-instalacji\/"},{"@type":"ListItem","position":3,"name":"Symulacja sieci ruroci\u0105g\u00f3w"}]},{"@type":"WebSite","@id":"https:\/\/www.weyer-gruppe.com\/pl\/#website","url":"https:\/\/www.weyer-gruppe.com\/pl\/","name":"weyer gruppe","description":"komplett. durchdacht.","publisher":{"@id":"https:\/\/www.weyer-gruppe.com\/pl\/#organization"},"potentialAction":[{"@type":"SearchAction","target":{"@type":"EntryPoint","urlTemplate":"https:\/\/www.weyer-gruppe.com\/pl\/?s={search_term_string}"},"query-input":{"@type":"PropertyValueSpecification","valueRequired":true,"valueName":"search_term_string"}}],"inLanguage":"pl-PL"},{"@type":"Organization","@id":"https:\/\/www.weyer-gruppe.com\/pl\/#organization","name":"weyer gruppe","url":"https:\/\/www.weyer-gruppe.com\/pl\/","logo":{"@type":"ImageObject","inLanguage":"pl-PL","@id":"https:\/\/www.weyer-gruppe.com\/pl\/#\/schema\/logo\/image\/","url":"https:\/\/www.weyer-gruppe.com\/wp-content\/uploads\/2019\/07\/logo-weyer-gruppe-de.png","contentUrl":"https:\/\/www.weyer-gruppe.com\/wp-content\/uploads\/2019\/07\/logo-weyer-gruppe-de.png","width":532,"height":513,"caption":"weyer gruppe"},"image":{"@id":"https:\/\/www.weyer-gruppe.com\/pl\/#\/schema\/logo\/image\/"},"sameAs":["https:\/\/www.facebook.com\/weyergruppe","https:\/\/de.linkedin.com\/company\/weyer-gruppe","https:\/\/www.youtube.com\/channel\/UCmZItECuW56Ih_p501_Bq8A"],"description":"Die weyer gruppe ist seit 1976 Ihr Partner f\u00fcr verfahrenstechnische Anlagenplanung und Anlagensicherheit. Mit einem erfahrenen Team von \u00fcber 190 Mitarbeitern in Deutschland, \u00d6sterreich, Polen und der Schweiz realisieren wir j\u00e4hrlich \u00fcber 1.000 Kundenprojekte. Unsere Expertise erstreckt sich \u00fcber verschiedene Branchen wie Chemie, Pharma, Mineral\u00f6l sowie Ver- und Entsorgung. Vertrauen Sie auf die weyer Gruppe f\u00fcr ma\u00dfgeschneiderte Engineering- und Consulting-L\u00f6sungen, die Ihre Anforderungen in puncto Sicherheit und Effizienz erf\u00fcllen.","email":"info@weyer-gruppe.com","telephone":"+49 (0) 24 21 \u2013 69 09 1 \u2013 0","numberOfEmployees":{"@type":"QuantitativeValue","minValue":"51","maxValue":"200"}}]}},"_links":{"self":[{"href":"https:\/\/www.weyer-gruppe.com\/pl\/wp-json\/wp\/v2\/pages\/23429","targetHints":{"allow":["GET"]}}],"collection":[{"href":"https:\/\/www.weyer-gruppe.com\/pl\/wp-json\/wp\/v2\/pages"}],"about":[{"href":"https:\/\/www.weyer-gruppe.com\/pl\/wp-json\/wp\/v2\/types\/page"}],"author":[{"embeddable":true,"href":"https:\/\/www.weyer-gruppe.com\/pl\/wp-json\/wp\/v2\/users\/2"}],"replies":[{"embeddable":true,"href":"https:\/\/www.weyer-gruppe.com\/pl\/wp-json\/wp\/v2\/comments?post=23429"}],"version-history":[{"count":1,"href":"https:\/\/www.weyer-gruppe.com\/pl\/wp-json\/wp\/v2\/pages\/23429\/revisions"}],"predecessor-version":[{"id":238093,"href":"https:\/\/www.weyer-gruppe.com\/pl\/wp-json\/wp\/v2\/pages\/23429\/revisions\/238093"}],"up":[{"embeddable":true,"href":"https:\/\/www.weyer-gruppe.com\/pl\/wp-json\/wp\/v2\/pages\/23877"}],"wp:attachment":[{"href":"https:\/\/www.weyer-gruppe.com\/pl\/wp-json\/wp\/v2\/media?parent=23429"}],"curies":[{"name":"wp","href":"https:\/\/api.w.org\/{rel}","templated":true}]}}