{"id":23312,"date":"2019-11-11T09:29:39","date_gmt":"2019-11-11T08:29:39","guid":{"rendered":"https:\/\/www.weyer-gruppe.com\/planowanie-instalacji-farmaceutycznych\/"},"modified":"2026-03-23T07:24:58","modified_gmt":"2026-03-23T06:24:58","slug":"planowanie-instalacji-farmaceutycznych","status":"publish","type":"page","link":"https:\/\/www.weyer-gruppe.com\/pl\/operatorzy-instalacji-i-inwestorzy\/planowanie-instalacji-farmaceutycznych\/","title":{"rendered":"Planowanie instalacji farmaceutycznych"},"content":{"rendered":"<div class=\"wpb-content-wrapper\">[vc_row][vc_column][vc_column_text]Wraz z naszymi ekspertami z dziedziny in\u017cynierii procesowej, technologii chemicznej i budowy maszyn oferujemy Pa\u0144stwu kompetentne us\u0142ugi w zakresie planowania budowy, rozbudowy lub modyfikacji Pa\u0144stwa instalacji produkcyjnych w \u015brodowisku farmaceutycznym. Wspieramy Pa\u0144stwa w przygotowaniu<span class=\"ILfuVd NA6bn\"><span class=\"e24Kjd\">Specyfikacji Wymaga\u0144 U\u017cytkownika<\/span><\/span> (URS), specyfikacji istotnych warunk\u00f3w zam\u00f3wienia, jak r\u00f3wnie\u017c w profesjonalnym opracowaniu specyfikacji dla niezb\u0119dnej aparatury i maszyn w ramach planowania instalacji farmaceutycznych.<\/p>\n<p>Schematy przebiegu proces\u00f3w, jak r\u00f3wnie\u017c schematy przebiegu ruroci\u0105g\u00f3w i oprzyrz\u0105dowania tworzymy za pomoc\u0105 program\u00f3w 2D, natomiast rozmieszczenie oraz kompleksowe planowanie ruroci\u0105g\u00f3w projektujemy przy u\u017cyciu nowoczesnych narz\u0119dzi CAD 3D. Dzi\u0119ki do\u015bwiadczeniu naszych pracownik\u00f3w w zakresie kwalifikacji i walidacji oraz rutynowej pracy przy budowie i planowaniu instalacji farmaceutycznych oferujemy Pa\u0144stwu jako producentowi produkt\u00f3w farmaceutycznych optymalne wsparcie przy realizacji Pa\u0144stwa projektu.<\/p>\n<p>Nasi specjali\u015bci i eksperci z dziedziny techniki bezpiecze\u0144stwa, ochrony przeciwwybuchowej, analizy ryzyka i ochrony przeciwpo\u017carowej s\u0105 zwie\u0144czeniem pomy\u015blnego planowania i realizacji Pa\u0144stwa projektu. Dlatego te\u017c oferujemy Pa\u0144stwu zar\u00f3wno us\u0142ugi in\u017cynieryjne, jak i doradztwo w zakresie projektowania instalacji farmaceutycznych \u2013 wszystko z jednej firmy.<\/p>\n<h2>Us\u0142ugi<\/h2>\n<ul class=\"arrow-gray\">\n<li>Przeprowadzanie studi\u00f3w wykonalno\u015bci i koncepcyjnych<\/li>\n<li>Wdra\u017canie Basic Engineeringu<\/li>\n<li>Wdra\u017canie Detail Engineeringu<\/li>\n<li>Wdra\u017canie pe\u0142nego zarz\u0105dzania ryzykiem<\/li>\n<li>Wsparcie lub pe\u0142na realizacja zam\u00f3wie\u0144<\/li>\n<li>Mo\u017cliwo\u015b\u0107 \u015bledzenia dokument\u00f3w dostawcy dotycz\u0105cych zgodno\u015bci ze <span class=\"ILfuVd NA6bn\"><span class=\"e24Kjd\">specyfikacj\u0105 wymaga\u0144 u\u017cytkownika<\/span><\/span>(URS)<\/li>\n<li>Planowanie i wykonanie testu odbioru fabrycznego (FAT)<\/li>\n<li>Planowanie i wykonanie testu odbioru ko\u0144cowego (SAT)<\/li>\n<li>Planowanie, nadz\u00f3r i koordynacja monta\u017cu<\/li>\n<li>Planowanie, nadz\u00f3r i koordynacja rozruchu<\/li>\n<li>Optymalizacja procesu i wsparcie w fazie rozruchu produkcji<\/li>\n<\/ul>\n[\/vc_column_text][\/vc_column][\/vc_row][vc_row bg_type=&#8221;color&#8221; bg_color=&#8221;#0b3c80&#8243; font_color=&#8221;#ffffff&#8221;][vc_column css=&#8221;.vc_custom_1563974199119{padding-top: 25px !important;padding-bottom: 25px !important;padding-left: 25px !important;}&#8221;]<div class=\"grve-element grve-hr grve-space-divider\" style=\"\"><\/div><div class=\"grve-element grve-image-text\" style=\"\">  <div class=\"grve-content grve-align-right\">    <h6>weyer specjalny: Pharma<\/h6>  <p>Weyer grouppe od wielu lat z powodzeniem \u015bwiadczy us\u0142ugi in\u017cynieryjne, kwalifikacyjne i doradcze dla klient\u00f3w z bran\u017cy farmaceutycznej w Szwajcarii, Niemczech i na \u015bwiecie. Dzi\u0119ki wysoko wykwalifikowanym in\u017cynierom i technikom z r\u00f3\u017cnych dyscyplin (in\u017cynieria procesowa, chemia lub in\u017cynieria mechaniczna) z wieloletnim do\u015bwiadczeniem projektowym w przemy\u015ble farmaceutycznym, weyer group mo\u017ce pokry\u0107 ca\u0142y zakres in\u017cynierii w \u015brodowisku GMP od planowania i realizacji do uruchomienia i kwalifikacji&#8230;<\/p>    <a href=\"https:\/\/www.weyer-gruppe.com\/wp-content\/uploads\/2019\/07\/weyer-spezial-pharma-0916.pdf\" target=\"_self\" class=\"grve-read-more \">Pobierz weyer spezial tutaj<\/a>  <\/div><div class=\"grve-image\"><img decoding=\"async\" width=\"250\" height=\"354\" src=\"https:\/\/www.weyer-gruppe.com\/wp-content\/uploads\/2019\/07\/weyer-spezial-pharma-0916.jpg\" class=\"attachment-full size-full\" alt=\"weyer spezial zum Thema Pharma\" srcset=\"https:\/\/www.weyer-gruppe.com\/wp-content\/uploads\/2019\/07\/weyer-spezial-pharma-0916.jpg 250w, https:\/\/www.weyer-gruppe.com\/wp-content\/uploads\/2019\/07\/weyer-spezial-pharma-0916-212x300.jpg 212w\" sizes=\"(max-width: 250px) 100vw, 250px\" \/><\/div><\/div><div class=\"grve-element grve-hr grve-space-divider\" style=\"\"><\/div>[\/vc_column][\/vc_row][vc_row][vc_column]<div class=\"grve-element grve-hr grve-space-divider\" style=\"\"><\/div><h3 class=\"grve-element grve-align-left grve-title-no-line grve-h3\" style=\"\"><span>Nasz zesp\u00f3\u0142<\/span><\/h3>[\/vc_column][\/vc_row][vc_row][vc_column width=&#8221;1\/4&#8243; tablet_sm_width=&#8221;1-2&#8243;]\r\n\t\t<div class=\"grve-team grve-element\" style=\"\">\r\n\t\t\t<figure class=\"grve-image-hover grve-style-1 grve-zoom-in\">\r\n\t\t\t\t<div class=\"grve-team-person grve-media grve-dark-overlay grve-opacity-60\">\r\n\t\t\t\t\t<img decoding=\"async\" width=\"300\" height=\"300\" src=\"https:\/\/www.weyer-gruppe.com\/wp-content\/uploads\/2019\/07\/wch-f.sutter.png\" class=\"attachment-grve-image-small-square size-grve-image-small-square\" alt=\"Zdj\u0119cie pracownika Frank Sutter z Weyer und Partner (Schweiz) AG\" srcset=\"https:\/\/www.weyer-gruppe.com\/wp-content\/uploads\/2019\/07\/wch-f.sutter.png 300w, https:\/\/www.weyer-gruppe.com\/wp-content\/uploads\/2019\/07\/wch-f.sutter-150x150.png 150w, https:\/\/www.weyer-gruppe.com\/wp-content\/uploads\/2019\/07\/wch-f.sutter-80x80.png 80w\" sizes=\"(max-width: 300px) 100vw, 300px\" \/>\t\t\t\t<\/div>\r\n\t\t\t\t<figcaption>\r\n\t\t\t\t\t<div class=\"grve-team-description\">\r\n\t\t\t\t\t\t\t\t\t\t\t\t<h4 class=\"grve-team-name grve-dark grve-h4\">Frank Sutter<\/h4>\r\n\t\t\t\t\t\t\t\t\t\t\t\t<small class=\"grve-team-identity grve-dark\">Weyer und Partner (Schweiz)<\/small>\r\n\t\t\t\t\t<\/div>\r\n\t\t\t\t\t\t\t\t\t<\/figcaption>\r\n\t\t\t<\/figure>\r\n\t\t<\/div>\r\n\r\n\t\t[\/vc_column][vc_column width=&#8221;1\/4&#8243; tablet_sm_width=&#8221;1-2&#8243;][\/vc_column][vc_column width=&#8221;1\/4&#8243; tablet_sm_width=&#8221;1-2&#8243;][\/vc_column][vc_column width=&#8221;1\/4&#8243; tablet_sm_width=&#8221;1-2&#8243;][\/vc_column][\/vc_row][vc_row][vc_column]<div class=\"grve-element grve-hr grve-space-divider\" style=\"\"><\/div>[\/vc_column][\/vc_row]\n<\/div>","protected":false},"excerpt":{"rendered":"<p>[vc_row][vc_column][vc_column_text]Wraz z naszymi ekspertami z dziedziny in\u017cynierii procesowej, technologii chemicznej i budowy maszyn oferujemy Pa\u0144stwu kompetentne us\u0142ugi w zakresie planowania budowy, rozbudowy lub modyfikacji Pa\u0144stwa instalacji produkcyjnych w \u015brodowisku farmaceutycznym. Wspieramy Pa\u0144stwa w przygotowaniuSpecyfikacji Wymaga\u0144 U\u017cytkownika (URS), specyfikacji istotnych warunk\u00f3w zam\u00f3wienia, jak r\u00f3wnie\u017c w profesjonalnym opracowaniu specyfikacji dla niezb\u0119dnej aparatury i maszyn w ramach planowania [&hellip;]<\/p>\n","protected":false},"author":5,"featured_media":0,"parent":23842,"menu_order":0,"comment_status":"closed","ping_status":"closed","template":"","meta":{"footnotes":""},"class_list":["post-23312","page","type-page","status-publish","hentry"],"yoast_head":"<!-- This site is optimized with the Yoast SEO Premium plugin v27.4 (Yoast SEO v27.4) - https:\/\/yoast.com\/product\/yoast-seo-premium-wordpress\/ -->\n<title>Planowanie instalacji farmaceutycznych &#8211; weyer gruppe - Engineering &amp; Consulting<\/title>\n<meta name=\"description\" content=\"Grupa weyer doradza przy planowaniu instalacji farmaceutycznych w zakresie in\u017cynierii procesowej, mechanicznej i innych us\u0142ug zwi\u0105zanych z budow\u0105 Pa\u0144stwa instalacji.\" \/>\n<meta name=\"robots\" content=\"noindex, follow\" \/>\n<meta property=\"og:locale\" content=\"pl_PL\" \/>\n<meta property=\"og:type\" content=\"article\" \/>\n<meta property=\"og:title\" content=\"Planowanie instalacji farmaceutycznych\" \/>\n<meta property=\"og:description\" content=\"Grupa weyer doradza przy planowaniu instalacji farmaceutycznych w zakresie in\u017cynierii procesowej, mechanicznej i innych us\u0142ug zwi\u0105zanych z budow\u0105 Pa\u0144stwa instalacji.\" \/>\n<meta property=\"og:url\" content=\"https:\/\/www.weyer-gruppe.com\/pl\/operatorzy-instalacji-i-inwestorzy\/planowanie-instalacji-farmaceutycznych\/\" \/>\n<meta property=\"og:site_name\" content=\"weyer gruppe\" \/>\n<meta property=\"article:publisher\" content=\"https:\/\/www.facebook.com\/weyergruppe\" \/>\n<meta property=\"article:modified_time\" content=\"2026-03-23T06:24:58+00:00\" \/>\n<meta name=\"twitter:card\" content=\"summary_large_image\" \/>\n<meta name=\"twitter:label1\" content=\"Szacowany czas czytania\" \/>\n\t<meta name=\"twitter:data1\" content=\"2 minuty\" \/>\n<script type=\"application\/ld+json\" class=\"yoast-schema-graph\">{\"@context\":\"https:\\\/\\\/schema.org\",\"@graph\":[{\"@type\":\"WebPage\",\"@id\":\"https:\\\/\\\/www.weyer-gruppe.com\\\/pl\\\/operatorzy-instalacji-i-inwestorzy\\\/planowanie-instalacji-farmaceutycznych\\\/\",\"url\":\"https:\\\/\\\/www.weyer-gruppe.com\\\/pl\\\/operatorzy-instalacji-i-inwestorzy\\\/planowanie-instalacji-farmaceutycznych\\\/\",\"name\":\"Planowanie instalacji farmaceutycznych &#8211; weyer gruppe - Engineering & Consulting\",\"isPartOf\":{\"@id\":\"https:\\\/\\\/www.weyer-gruppe.com\\\/pl\\\/#website\"},\"datePublished\":\"2019-11-11T08:29:39+00:00\",\"dateModified\":\"2026-03-23T06:24:58+00:00\",\"description\":\"Grupa weyer doradza przy planowaniu instalacji farmaceutycznych w zakresie in\u017cynierii procesowej, mechanicznej i innych us\u0142ug zwi\u0105zanych z budow\u0105 Pa\u0144stwa instalacji.\",\"breadcrumb\":{\"@id\":\"https:\\\/\\\/www.weyer-gruppe.com\\\/pl\\\/operatorzy-instalacji-i-inwestorzy\\\/planowanie-instalacji-farmaceutycznych\\\/#breadcrumb\"},\"inLanguage\":\"pl-PL\",\"potentialAction\":[{\"@type\":\"ReadAction\",\"target\":[\"https:\\\/\\\/www.weyer-gruppe.com\\\/pl\\\/operatorzy-instalacji-i-inwestorzy\\\/planowanie-instalacji-farmaceutycznych\\\/\"]}]},{\"@type\":\"BreadcrumbList\",\"@id\":\"https:\\\/\\\/www.weyer-gruppe.com\\\/pl\\\/operatorzy-instalacji-i-inwestorzy\\\/planowanie-instalacji-farmaceutycznych\\\/#breadcrumb\",\"itemListElement\":[{\"@type\":\"ListItem\",\"position\":1,\"name\":\"HOME\",\"item\":\"https:\\\/\\\/www.weyer-gruppe.com\\\/pl\\\/\"},{\"@type\":\"ListItem\",\"position\":2,\"name\":\"Operatorzy instalacji i inwestorzy\",\"item\":\"https:\\\/\\\/www.weyer-gruppe.com\\\/pl\\\/operatorzy-instalacji-i-inwestorzy\\\/\"},{\"@type\":\"ListItem\",\"position\":3,\"name\":\"Planowanie instalacji farmaceutycznych\"}]},{\"@type\":\"WebSite\",\"@id\":\"https:\\\/\\\/www.weyer-gruppe.com\\\/pl\\\/#website\",\"url\":\"https:\\\/\\\/www.weyer-gruppe.com\\\/pl\\\/\",\"name\":\"weyer gruppe\",\"description\":\"komplett. durchdacht.\",\"publisher\":{\"@id\":\"https:\\\/\\\/www.weyer-gruppe.com\\\/pl\\\/#organization\"},\"potentialAction\":[{\"@type\":\"SearchAction\",\"target\":{\"@type\":\"EntryPoint\",\"urlTemplate\":\"https:\\\/\\\/www.weyer-gruppe.com\\\/pl\\\/?s={search_term_string}\"},\"query-input\":{\"@type\":\"PropertyValueSpecification\",\"valueRequired\":true,\"valueName\":\"search_term_string\"}}],\"inLanguage\":\"pl-PL\"},{\"@type\":\"Organization\",\"@id\":\"https:\\\/\\\/www.weyer-gruppe.com\\\/pl\\\/#organization\",\"name\":\"weyer gruppe\",\"url\":\"https:\\\/\\\/www.weyer-gruppe.com\\\/pl\\\/\",\"logo\":{\"@type\":\"ImageObject\",\"inLanguage\":\"pl-PL\",\"@id\":\"https:\\\/\\\/www.weyer-gruppe.com\\\/pl\\\/#\\\/schema\\\/logo\\\/image\\\/\",\"url\":\"https:\\\/\\\/www.weyer-gruppe.com\\\/wp-content\\\/uploads\\\/2019\\\/07\\\/logo-weyer-gruppe-de.png\",\"contentUrl\":\"https:\\\/\\\/www.weyer-gruppe.com\\\/wp-content\\\/uploads\\\/2019\\\/07\\\/logo-weyer-gruppe-de.png\",\"width\":532,\"height\":513,\"caption\":\"weyer gruppe\"},\"image\":{\"@id\":\"https:\\\/\\\/www.weyer-gruppe.com\\\/pl\\\/#\\\/schema\\\/logo\\\/image\\\/\"},\"sameAs\":[\"https:\\\/\\\/www.facebook.com\\\/weyergruppe\",\"https:\\\/\\\/de.linkedin.com\\\/company\\\/weyer-gruppe\",\"https:\\\/\\\/www.youtube.com\\\/channel\\\/UCmZItECuW56Ih_p501_Bq8A\"],\"description\":\"Die weyer gruppe ist seit 1976 Ihr Partner f\u00fcr verfahrenstechnische Anlagenplanung und Anlagensicherheit. Mit einem erfahrenen Team von \u00fcber 190 Mitarbeitern in Deutschland, \u00d6sterreich, Polen und der Schweiz realisieren wir j\u00e4hrlich \u00fcber 1.000 Kundenprojekte. Unsere Expertise erstreckt sich \u00fcber verschiedene Branchen wie Chemie, Pharma, Mineral\u00f6l sowie Ver- und Entsorgung. Vertrauen Sie auf die weyer Gruppe f\u00fcr ma\u00dfgeschneiderte Engineering- und Consulting-L\u00f6sungen, die Ihre Anforderungen in puncto Sicherheit und Effizienz erf\u00fcllen.\",\"email\":\"info@weyer-gruppe.com\",\"telephone\":\"+49 (0) 24 21 \u2013 69 09 1 \u2013 0\",\"numberOfEmployees\":{\"@type\":\"QuantitativeValue\",\"minValue\":\"51\",\"maxValue\":\"200\"}}]}<\/script>\n<!-- \/ Yoast SEO Premium plugin. -->","yoast_head_json":{"title":"Planowanie instalacji farmaceutycznych &#8211; weyer gruppe - Engineering & Consulting","description":"Grupa weyer doradza przy planowaniu instalacji farmaceutycznych w zakresie in\u017cynierii procesowej, mechanicznej i innych us\u0142ug zwi\u0105zanych z budow\u0105 Pa\u0144stwa instalacji.","robots":{"index":"noindex","follow":"follow"},"og_locale":"pl_PL","og_type":"article","og_title":"Planowanie instalacji farmaceutycznych","og_description":"Grupa weyer doradza przy planowaniu instalacji farmaceutycznych w zakresie in\u017cynierii procesowej, mechanicznej i innych us\u0142ug zwi\u0105zanych z budow\u0105 Pa\u0144stwa instalacji.","og_url":"https:\/\/www.weyer-gruppe.com\/pl\/operatorzy-instalacji-i-inwestorzy\/planowanie-instalacji-farmaceutycznych\/","og_site_name":"weyer gruppe","article_publisher":"https:\/\/www.facebook.com\/weyergruppe","article_modified_time":"2026-03-23T06:24:58+00:00","twitter_card":"summary_large_image","twitter_misc":{"Szacowany czas czytania":"2 minuty"},"schema":{"@context":"https:\/\/schema.org","@graph":[{"@type":"WebPage","@id":"https:\/\/www.weyer-gruppe.com\/pl\/operatorzy-instalacji-i-inwestorzy\/planowanie-instalacji-farmaceutycznych\/","url":"https:\/\/www.weyer-gruppe.com\/pl\/operatorzy-instalacji-i-inwestorzy\/planowanie-instalacji-farmaceutycznych\/","name":"Planowanie instalacji farmaceutycznych &#8211; weyer gruppe - Engineering & Consulting","isPartOf":{"@id":"https:\/\/www.weyer-gruppe.com\/pl\/#website"},"datePublished":"2019-11-11T08:29:39+00:00","dateModified":"2026-03-23T06:24:58+00:00","description":"Grupa weyer doradza przy planowaniu instalacji farmaceutycznych w zakresie in\u017cynierii procesowej, mechanicznej i innych us\u0142ug zwi\u0105zanych z budow\u0105 Pa\u0144stwa instalacji.","breadcrumb":{"@id":"https:\/\/www.weyer-gruppe.com\/pl\/operatorzy-instalacji-i-inwestorzy\/planowanie-instalacji-farmaceutycznych\/#breadcrumb"},"inLanguage":"pl-PL","potentialAction":[{"@type":"ReadAction","target":["https:\/\/www.weyer-gruppe.com\/pl\/operatorzy-instalacji-i-inwestorzy\/planowanie-instalacji-farmaceutycznych\/"]}]},{"@type":"BreadcrumbList","@id":"https:\/\/www.weyer-gruppe.com\/pl\/operatorzy-instalacji-i-inwestorzy\/planowanie-instalacji-farmaceutycznych\/#breadcrumb","itemListElement":[{"@type":"ListItem","position":1,"name":"HOME","item":"https:\/\/www.weyer-gruppe.com\/pl\/"},{"@type":"ListItem","position":2,"name":"Operatorzy instalacji i inwestorzy","item":"https:\/\/www.weyer-gruppe.com\/pl\/operatorzy-instalacji-i-inwestorzy\/"},{"@type":"ListItem","position":3,"name":"Planowanie instalacji farmaceutycznych"}]},{"@type":"WebSite","@id":"https:\/\/www.weyer-gruppe.com\/pl\/#website","url":"https:\/\/www.weyer-gruppe.com\/pl\/","name":"weyer gruppe","description":"komplett. durchdacht.","publisher":{"@id":"https:\/\/www.weyer-gruppe.com\/pl\/#organization"},"potentialAction":[{"@type":"SearchAction","target":{"@type":"EntryPoint","urlTemplate":"https:\/\/www.weyer-gruppe.com\/pl\/?s={search_term_string}"},"query-input":{"@type":"PropertyValueSpecification","valueRequired":true,"valueName":"search_term_string"}}],"inLanguage":"pl-PL"},{"@type":"Organization","@id":"https:\/\/www.weyer-gruppe.com\/pl\/#organization","name":"weyer gruppe","url":"https:\/\/www.weyer-gruppe.com\/pl\/","logo":{"@type":"ImageObject","inLanguage":"pl-PL","@id":"https:\/\/www.weyer-gruppe.com\/pl\/#\/schema\/logo\/image\/","url":"https:\/\/www.weyer-gruppe.com\/wp-content\/uploads\/2019\/07\/logo-weyer-gruppe-de.png","contentUrl":"https:\/\/www.weyer-gruppe.com\/wp-content\/uploads\/2019\/07\/logo-weyer-gruppe-de.png","width":532,"height":513,"caption":"weyer gruppe"},"image":{"@id":"https:\/\/www.weyer-gruppe.com\/pl\/#\/schema\/logo\/image\/"},"sameAs":["https:\/\/www.facebook.com\/weyergruppe","https:\/\/de.linkedin.com\/company\/weyer-gruppe","https:\/\/www.youtube.com\/channel\/UCmZItECuW56Ih_p501_Bq8A"],"description":"Die weyer gruppe ist seit 1976 Ihr Partner f\u00fcr verfahrenstechnische Anlagenplanung und Anlagensicherheit. Mit einem erfahrenen Team von \u00fcber 190 Mitarbeitern in Deutschland, \u00d6sterreich, Polen und der Schweiz realisieren wir j\u00e4hrlich \u00fcber 1.000 Kundenprojekte. Unsere Expertise erstreckt sich \u00fcber verschiedene Branchen wie Chemie, Pharma, Mineral\u00f6l sowie Ver- und Entsorgung. Vertrauen Sie auf die weyer Gruppe f\u00fcr ma\u00dfgeschneiderte Engineering- und Consulting-L\u00f6sungen, die Ihre Anforderungen in puncto Sicherheit und Effizienz erf\u00fcllen.","email":"info@weyer-gruppe.com","telephone":"+49 (0) 24 21 \u2013 69 09 1 \u2013 0","numberOfEmployees":{"@type":"QuantitativeValue","minValue":"51","maxValue":"200"}}]}},"_links":{"self":[{"href":"https:\/\/www.weyer-gruppe.com\/pl\/wp-json\/wp\/v2\/pages\/23312","targetHints":{"allow":["GET"]}}],"collection":[{"href":"https:\/\/www.weyer-gruppe.com\/pl\/wp-json\/wp\/v2\/pages"}],"about":[{"href":"https:\/\/www.weyer-gruppe.com\/pl\/wp-json\/wp\/v2\/types\/page"}],"author":[{"embeddable":true,"href":"https:\/\/www.weyer-gruppe.com\/pl\/wp-json\/wp\/v2\/users\/5"}],"replies":[{"embeddable":true,"href":"https:\/\/www.weyer-gruppe.com\/pl\/wp-json\/wp\/v2\/comments?post=23312"}],"version-history":[{"count":1,"href":"https:\/\/www.weyer-gruppe.com\/pl\/wp-json\/wp\/v2\/pages\/23312\/revisions"}],"predecessor-version":[{"id":238042,"href":"https:\/\/www.weyer-gruppe.com\/pl\/wp-json\/wp\/v2\/pages\/23312\/revisions\/238042"}],"up":[{"embeddable":true,"href":"https:\/\/www.weyer-gruppe.com\/pl\/wp-json\/wp\/v2\/pages\/23842"}],"wp:attachment":[{"href":"https:\/\/www.weyer-gruppe.com\/pl\/wp-json\/wp\/v2\/media?parent=23312"}],"curies":[{"name":"wp","href":"https:\/\/api.w.org\/{rel}","templated":true}]}}