{"id":23292,"date":"2019-12-17T09:19:03","date_gmt":"2019-12-17T08:19:03","guid":{"rendered":"https:\/\/www.weyer-gruppe.com\/legal-compliance-dla-przedsiebiorstw-2\/"},"modified":"2026-03-23T08:14:15","modified_gmt":"2026-03-23T07:14:15","slug":"legal-compliance-dla-przedsiebiorstw-2","status":"publish","type":"page","link":"https:\/\/www.weyer-gruppe.com\/pl\/projektanci-i-producenci-instalacji\/legal-compliance-dla-przedsiebiorstw-2\/","title":{"rendered":"Legal Compliance dla przedsi\u0119biorstw"},"content":{"rendered":"<div class=\"wpb-content-wrapper\">[vc_row][vc_column][vc_column_text]Temat Legal Compliance ma dla firm ogromne znaczenie \u2013 dla ich wizerunku, warto\u015bci rynkowej, a tak\u017ce w kontaktach z organami nadzoru.<\/p>\n<p>W celu zilustrowania zgodno\u015bci z prawem tworzy si\u0119 za pomoc\u0105 analizy Gap indywidualny profil ryzyka firmy. Na tej podstawie opracowuje si\u0119 i definiuje \u015brodki maj\u0105ce na celu stworzenie i trwa\u0142e utrzymanie bezpiecze\u0144stwa prawnego firmy. Skupiamy si\u0119 tutaj na w\u0142\u0105czeniu do dzia\u0142alno\u015bci gospodarczej prawnie okre\u015blonych cel\u00f3w ochrony za pomoc\u0105 sprawdzonych w praktyce i przynosz\u0105cych jak najwi\u0119ksze korzy\u015bci podej\u015b\u0107. Ponadto specjalista grupy weyer mo\u017ce zosta\u0107 wyznaczony dla Pa\u0144stwa jako specjalista ds. Legal Compliance, kt\u00f3ry b\u0119dzie odpowiedzialny za istotne obszary prawne. W ramach niezb\u0119dnej dokumentacji opracowujemy r\u00f3wnie\u017c Pa\u0144stwa specyficzny podr\u0119cznik organizacyjny, w kt\u00f3rym opisane s\u0105 wszystkie istotne obowi\u0105zki i procesy zak\u0142adowe. Oczywiste jest tu po\u0142\u0105czenie z istniej\u0105cymi systemami zarz\u0105dzania (np. <a href=\"https:\/\/www.din.de\/de\/mitwirken\/normenausschuesse\/nqsz\/veroeffentlichungen\/wdc-beuth:din21:242367583\" target=\"_blank\" rel=\"noopener noreferrer\">ISO 9001<\/a>, <a href=\"https:\/\/www.din.de\/de\/mitwirken\/normenausschuesse\/nagus\/veroeffentlichungen\/wdc-beuth:din21:242198849\" target=\"_blank\" rel=\"noopener noreferrer\">ISO 14001<\/a>, OHSAS 18001). Przedsi\u0119biorstwa grupy weyer nie oferuj\u0105 Pa\u0144stwu doradztwa prawnego, ale ze wzgl\u0119du na wysoki poziom wiedzy in\u017cynierskiej oceniaj\u0105 wszystkie istotne aspekty techniczne.<\/p>\n<p>Zgodno\u015b\u0107 z prawem opiera si\u0119 zasadniczo na og\u00f3lnym zrozumieniu i uznaniu zasad obowi\u0105zuj\u0105cych w przedsi\u0119biorstwie. Aby zapewni\u0107 wsp\u00f3\u0142prac\u0119 wszystkich zaanga\u017cowanych stron, opracujemy razem z Pa\u0144stwem indywidualn\u0105 koncepcj\u0119 szkole\u0144 dla wszystkich uczestnik\u00f3w.<\/p>\n<h2>Us\u0142ugi<\/h2>\n<ul class=\"arrow-gray\">\n<li>Audyty zgodno\u015bci z prawem<\/li>\n<li>Koncepcje dla zgodnej z prawem organizacji w Pa\u0144stwa firmie<\/li>\n<li>Dokumentacja zak\u0142adowa<\/li>\n<li>Inspektor zgodno\u015bci z prawem<\/li>\n<li>Seminaria i szkolenia wewn\u0119trzne<\/li>\n<\/ul>\n[\/vc_column_text][\/vc_column][\/vc_row][vc_row bg_type=&#8221;color&#8221; bg_color=&#8221;#0b3c80&#8243; font_color=&#8221;#ffffff&#8221;][vc_column css=&#8221;.vc_custom_1563974199119{padding-top: 25px !important;padding-bottom: 25px !important;padding-left: 25px !important;}&#8221;]<div class=\"grve-element grve-hr grve-space-divider\" style=\"\"><\/div><div class=\"grve-element grve-image-text\" style=\"\">  <div class=\"grve-content grve-align-right\">    <h6>weyer spezial: Legal Compliance<\/h6>  <p>Zgodno\u015b\u0107 oznacza przestrzeganie praw i wytycznych w firmie. Zgodnie z \u00a7\u00a7 9, 30 i 130 niemieckiej ustawy o wykroczeniach administracyjnych (Ordnungswidrigkeitengesetz) kierownictwo ma obowi\u0105zek dopilnowa\u0107, aby dzia\u0142alno\u015b\u0107 gospodarcza nie skutkowa\u0142a naruszeniem prawa. W przypadku nieuwzgl\u0119dnienia obowi\u0105zk\u00f3w organizacyjnych, selekcyjnych, instrukta\u017cowych i kontrolnych, kierownictwo i wykonawcy s\u0105 zagro\u017ceni drastycznymi karami&#8230;<\/p>    <a href=\"https:\/\/www.weyer-gruppe.com\/wp-content\/uploads\/2019\/07\/weyer-spezial-legal-compliance-0515.pdf\" target=\"_blank\" class=\"grve-read-more \">Pobierz weyer spezial tutaj<\/a>  <\/div><div class=\"grve-image\"><img decoding=\"async\" width=\"250\" height=\"354\" src=\"https:\/\/www.weyer-gruppe.com\/wp-content\/uploads\/2019\/07\/weyer-spezial-weyer-gruppe-legal-compliance.jpg\" class=\"attachment-full size-full\" alt=\"weyer spezial zum Thema Legal Compliance\" srcset=\"\" \/><\/div><\/div><div class=\"grve-element grve-hr grve-space-divider\" style=\"\"><\/div>[\/vc_column][\/vc_row][vc_row][vc_column]<div class=\"grve-element grve-hr grve-space-divider\" style=\"\"><\/div><h3 class=\"grve-element grve-align-left grve-title-no-line grve-h3\" style=\"\"><span>Nasz zesp\u00f3\u0142<\/span><\/h3>[\/vc_column][\/vc_row][vc_row][vc_column width=&#8221;1\/4&#8243; tablet_sm_width=&#8221;1-2&#8243;]\r\n\t\t<div class=\"grve-team grve-element\" style=\"\">\r\n\t\t\t<figure class=\"grve-image-hover grve-style-1 grve-zoom-in\">\r\n\t\t\t\t<div class=\"grve-team-person grve-media grve-dark-overlay grve-opacity-60\">\r\n\t\t\t\t\t<img decoding=\"async\" width=\"300\" height=\"300\" src=\"https:\/\/www.weyer-gruppe.com\/wp-content\/uploads\/2019\/07\/wip-i.mueller.png\" class=\"attachment-grve-image-small-square size-grve-image-small-square\" alt=\"Zdj\u0119cie pracownika Ingo Mueller z weyer IngenieurPartner GmbH\" srcset=\"https:\/\/www.weyer-gruppe.com\/wp-content\/uploads\/2019\/07\/wip-i.mueller.png 300w, https:\/\/www.weyer-gruppe.com\/wp-content\/uploads\/2019\/07\/wip-i.mueller-150x150.png 150w, https:\/\/www.weyer-gruppe.com\/wp-content\/uploads\/2019\/07\/wip-i.mueller-80x80.png 80w\" sizes=\"(max-width: 300px) 100vw, 300px\" \/>\t\t\t\t<\/div>\r\n\t\t\t\t<figcaption>\r\n\t\t\t\t\t<div class=\"grve-team-description\">\r\n\t\t\t\t\t\t\t\t\t\t\t\t<h4 class=\"grve-team-name grve-dark grve-h4\">Dr. Ingo M\u00fcller<\/h4>\r\n\t\t\t\t\t\t\t\t\t\t\t\t<small class=\"grve-team-identity grve-dark\">weyer IngenieurPartner<\/small>\r\n\t\t\t\t\t<\/div>\r\n\t\t\t\t\t\t\t\t\t<\/figcaption>\r\n\t\t\t<\/figure>\r\n\t\t<\/div>\r\n\r\n\t\t[\/vc_column][vc_column width=&#8221;1\/4&#8243; tablet_sm_width=&#8221;1-2&#8243;]\r\n\t\t<div class=\"grve-team grve-element\" style=\"\">\r\n\t\t\t<figure class=\"grve-image-hover grve-style-1 grve-zoom-in\">\r\n\t\t\t\t<div class=\"grve-team-person grve-media grve-dark-overlay grve-opacity-60\">\r\n\t\t\t\t\t<img decoding=\"async\" width=\"300\" height=\"300\" src=\"https:\/\/www.weyer-gruppe.com\/wp-content\/uploads\/2019\/07\/klaus-woersdoerfer-horst-weyer-und-partner.jpg\" class=\"attachment-grve-image-small-square size-grve-image-small-square\" alt=\"Foto von Klaus Woersdoerfer der Horst Weyer und Partner gmbh\" srcset=\"https:\/\/www.weyer-gruppe.com\/wp-content\/uploads\/2019\/07\/klaus-woersdoerfer-horst-weyer-und-partner.jpg 300w, https:\/\/www.weyer-gruppe.com\/wp-content\/uploads\/2019\/07\/klaus-woersdoerfer-horst-weyer-und-partner-150x150.jpg 150w, https:\/\/www.weyer-gruppe.com\/wp-content\/uploads\/2019\/07\/klaus-woersdoerfer-horst-weyer-und-partner-80x80.jpg 80w\" sizes=\"(max-width: 300px) 100vw, 300px\" \/>\t\t\t\t<\/div>\r\n\t\t\t\t<figcaption>\r\n\t\t\t\t\t<div class=\"grve-team-description\">\r\n\t\t\t\t\t\t\t\t\t\t\t\t<h4 class=\"grve-team-name grve-dark grve-h4\">Dr. Klaus W\u00f6rsd\u00f6rfer<\/h4>\r\n\t\t\t\t\t\t\t\t\t\t\t\t<small class=\"grve-team-identity grve-dark\">horst weyer und partner<\/small>\r\n\t\t\t\t\t<\/div>\r\n\t\t\t\t\t\t\t\t\t<\/figcaption>\r\n\t\t\t<\/figure>\r\n\t\t<\/div>\r\n\r\n\t\t[\/vc_column][vc_column width=&#8221;1\/4&#8243; tablet_sm_width=&#8221;1-2&#8243;][\/vc_column][vc_column width=&#8221;1\/4&#8243; tablet_sm_width=&#8221;1-2&#8243;][\/vc_column][\/vc_row][vc_row][vc_column]<div class=\"grve-element grve-hr grve-space-divider\" style=\"\"><\/div>[\/vc_column][\/vc_row]\n<\/div>","protected":false},"excerpt":{"rendered":"<p>[vc_row][vc_column][vc_column_text]Temat Legal Compliance ma dla firm ogromne znaczenie \u2013 dla ich wizerunku, warto\u015bci rynkowej, a tak\u017ce w kontaktach z organami nadzoru. W celu zilustrowania zgodno\u015bci z prawem tworzy si\u0119 za pomoc\u0105 analizy Gap indywidualny profil ryzyka firmy. Na tej podstawie opracowuje si\u0119 i definiuje \u015brodki maj\u0105ce na celu stworzenie i trwa\u0142e utrzymanie bezpiecze\u0144stwa prawnego firmy. [&hellip;]<\/p>\n","protected":false},"author":5,"featured_media":0,"parent":23877,"menu_order":0,"comment_status":"closed","ping_status":"closed","template":"","meta":{"footnotes":""},"class_list":["post-23292","page","type-page","status-publish","hentry"],"yoast_head":"<!-- This site is optimized with the Yoast SEO Premium plugin v27.4 (Yoast SEO v27.4) - https:\/\/yoast.com\/product\/yoast-seo-premium-wordpress\/ -->\n<title>Legal Compliance dla przedsi\u0119biorstw &#8211; weyer gruppe<\/title>\n<meta name=\"description\" content=\"Legal Compliance grupy weyer obejmuje przygotowanie analizy GAP, opracowanie koncepcji bezpiecze\u0144stwa prawnego i wiele innych dla Pa\u0144stwa firmy.\" \/>\n<meta name=\"robots\" content=\"noindex, follow\" \/>\n<meta property=\"og:locale\" content=\"pl_PL\" \/>\n<meta property=\"og:type\" content=\"article\" \/>\n<meta property=\"og:title\" content=\"Legal Compliance dla przedsi\u0119biorstw\" \/>\n<meta property=\"og:description\" content=\"Legal Compliance grupy weyer obejmuje przygotowanie analizy GAP, opracowanie koncepcji bezpiecze\u0144stwa prawnego i wiele innych dla Pa\u0144stwa firmy.\" \/>\n<meta property=\"og:url\" content=\"https:\/\/www.weyer-gruppe.com\/pl\/projektanci-i-producenci-instalacji\/legal-compliance-dla-przedsiebiorstw-2\/\" \/>\n<meta property=\"og:site_name\" content=\"weyer gruppe\" \/>\n<meta property=\"article:publisher\" content=\"https:\/\/www.facebook.com\/weyergruppe\" \/>\n<meta property=\"article:modified_time\" content=\"2026-03-23T07:14:15+00:00\" \/>\n<meta name=\"twitter:card\" content=\"summary_large_image\" \/>\n<meta name=\"twitter:label1\" content=\"Szacowany czas czytania\" \/>\n\t<meta name=\"twitter:data1\" content=\"3 minuty\" \/>\n<script type=\"application\/ld+json\" class=\"yoast-schema-graph\">{\"@context\":\"https:\\\/\\\/schema.org\",\"@graph\":[{\"@type\":\"WebPage\",\"@id\":\"https:\\\/\\\/www.weyer-gruppe.com\\\/pl\\\/projektanci-i-producenci-instalacji\\\/legal-compliance-dla-przedsiebiorstw-2\\\/\",\"url\":\"https:\\\/\\\/www.weyer-gruppe.com\\\/pl\\\/projektanci-i-producenci-instalacji\\\/legal-compliance-dla-przedsiebiorstw-2\\\/\",\"name\":\"Legal Compliance dla przedsi\u0119biorstw &#8211; weyer gruppe\",\"isPartOf\":{\"@id\":\"https:\\\/\\\/www.weyer-gruppe.com\\\/pl\\\/#website\"},\"datePublished\":\"2019-12-17T08:19:03+00:00\",\"dateModified\":\"2026-03-23T07:14:15+00:00\",\"description\":\"Legal Compliance grupy weyer obejmuje przygotowanie analizy GAP, opracowanie koncepcji bezpiecze\u0144stwa prawnego i wiele innych dla Pa\u0144stwa firmy.\",\"breadcrumb\":{\"@id\":\"https:\\\/\\\/www.weyer-gruppe.com\\\/pl\\\/projektanci-i-producenci-instalacji\\\/legal-compliance-dla-przedsiebiorstw-2\\\/#breadcrumb\"},\"inLanguage\":\"pl-PL\",\"potentialAction\":[{\"@type\":\"ReadAction\",\"target\":[\"https:\\\/\\\/www.weyer-gruppe.com\\\/pl\\\/projektanci-i-producenci-instalacji\\\/legal-compliance-dla-przedsiebiorstw-2\\\/\"]}]},{\"@type\":\"BreadcrumbList\",\"@id\":\"https:\\\/\\\/www.weyer-gruppe.com\\\/pl\\\/projektanci-i-producenci-instalacji\\\/legal-compliance-dla-przedsiebiorstw-2\\\/#breadcrumb\",\"itemListElement\":[{\"@type\":\"ListItem\",\"position\":1,\"name\":\"HOME\",\"item\":\"https:\\\/\\\/www.weyer-gruppe.com\\\/pl\\\/\"},{\"@type\":\"ListItem\",\"position\":2,\"name\":\"Projektanci i producenci instalacji\",\"item\":\"https:\\\/\\\/www.weyer-gruppe.com\\\/pl\\\/projektanci-i-producenci-instalacji\\\/\"},{\"@type\":\"ListItem\",\"position\":3,\"name\":\"Legal Compliance dla przedsi\u0119biorstw\"}]},{\"@type\":\"WebSite\",\"@id\":\"https:\\\/\\\/www.weyer-gruppe.com\\\/pl\\\/#website\",\"url\":\"https:\\\/\\\/www.weyer-gruppe.com\\\/pl\\\/\",\"name\":\"weyer gruppe\",\"description\":\"komplett. durchdacht.\",\"publisher\":{\"@id\":\"https:\\\/\\\/www.weyer-gruppe.com\\\/pl\\\/#organization\"},\"potentialAction\":[{\"@type\":\"SearchAction\",\"target\":{\"@type\":\"EntryPoint\",\"urlTemplate\":\"https:\\\/\\\/www.weyer-gruppe.com\\\/pl\\\/?s={search_term_string}\"},\"query-input\":{\"@type\":\"PropertyValueSpecification\",\"valueRequired\":true,\"valueName\":\"search_term_string\"}}],\"inLanguage\":\"pl-PL\"},{\"@type\":\"Organization\",\"@id\":\"https:\\\/\\\/www.weyer-gruppe.com\\\/pl\\\/#organization\",\"name\":\"weyer gruppe\",\"url\":\"https:\\\/\\\/www.weyer-gruppe.com\\\/pl\\\/\",\"logo\":{\"@type\":\"ImageObject\",\"inLanguage\":\"pl-PL\",\"@id\":\"https:\\\/\\\/www.weyer-gruppe.com\\\/pl\\\/#\\\/schema\\\/logo\\\/image\\\/\",\"url\":\"https:\\\/\\\/www.weyer-gruppe.com\\\/wp-content\\\/uploads\\\/2019\\\/07\\\/logo-weyer-gruppe-de.png\",\"contentUrl\":\"https:\\\/\\\/www.weyer-gruppe.com\\\/wp-content\\\/uploads\\\/2019\\\/07\\\/logo-weyer-gruppe-de.png\",\"width\":532,\"height\":513,\"caption\":\"weyer gruppe\"},\"image\":{\"@id\":\"https:\\\/\\\/www.weyer-gruppe.com\\\/pl\\\/#\\\/schema\\\/logo\\\/image\\\/\"},\"sameAs\":[\"https:\\\/\\\/www.facebook.com\\\/weyergruppe\",\"https:\\\/\\\/de.linkedin.com\\\/company\\\/weyer-gruppe\",\"https:\\\/\\\/www.youtube.com\\\/channel\\\/UCmZItECuW56Ih_p501_Bq8A\"],\"description\":\"Die weyer gruppe ist seit 1976 Ihr Partner f\u00fcr verfahrenstechnische Anlagenplanung und Anlagensicherheit. Mit einem erfahrenen Team von \u00fcber 190 Mitarbeitern in Deutschland, \u00d6sterreich, Polen und der Schweiz realisieren wir j\u00e4hrlich \u00fcber 1.000 Kundenprojekte. Unsere Expertise erstreckt sich \u00fcber verschiedene Branchen wie Chemie, Pharma, Mineral\u00f6l sowie Ver- und Entsorgung. Vertrauen Sie auf die weyer Gruppe f\u00fcr ma\u00dfgeschneiderte Engineering- und Consulting-L\u00f6sungen, die Ihre Anforderungen in puncto Sicherheit und Effizienz erf\u00fcllen.\",\"email\":\"info@weyer-gruppe.com\",\"telephone\":\"+49 (0) 24 21 \u2013 69 09 1 \u2013 0\",\"numberOfEmployees\":{\"@type\":\"QuantitativeValue\",\"minValue\":\"51\",\"maxValue\":\"200\"}}]}<\/script>\n<!-- \/ Yoast SEO Premium plugin. -->","yoast_head_json":{"title":"Legal Compliance dla przedsi\u0119biorstw &#8211; weyer gruppe","description":"Legal Compliance grupy weyer obejmuje przygotowanie analizy GAP, opracowanie koncepcji bezpiecze\u0144stwa prawnego i wiele innych dla Pa\u0144stwa firmy.","robots":{"index":"noindex","follow":"follow"},"og_locale":"pl_PL","og_type":"article","og_title":"Legal Compliance dla przedsi\u0119biorstw","og_description":"Legal Compliance grupy weyer obejmuje przygotowanie analizy GAP, opracowanie koncepcji bezpiecze\u0144stwa prawnego i wiele innych dla Pa\u0144stwa firmy.","og_url":"https:\/\/www.weyer-gruppe.com\/pl\/projektanci-i-producenci-instalacji\/legal-compliance-dla-przedsiebiorstw-2\/","og_site_name":"weyer gruppe","article_publisher":"https:\/\/www.facebook.com\/weyergruppe","article_modified_time":"2026-03-23T07:14:15+00:00","twitter_card":"summary_large_image","twitter_misc":{"Szacowany czas czytania":"3 minuty"},"schema":{"@context":"https:\/\/schema.org","@graph":[{"@type":"WebPage","@id":"https:\/\/www.weyer-gruppe.com\/pl\/projektanci-i-producenci-instalacji\/legal-compliance-dla-przedsiebiorstw-2\/","url":"https:\/\/www.weyer-gruppe.com\/pl\/projektanci-i-producenci-instalacji\/legal-compliance-dla-przedsiebiorstw-2\/","name":"Legal Compliance dla przedsi\u0119biorstw &#8211; weyer gruppe","isPartOf":{"@id":"https:\/\/www.weyer-gruppe.com\/pl\/#website"},"datePublished":"2019-12-17T08:19:03+00:00","dateModified":"2026-03-23T07:14:15+00:00","description":"Legal Compliance grupy weyer obejmuje przygotowanie analizy GAP, opracowanie koncepcji bezpiecze\u0144stwa prawnego i wiele innych dla Pa\u0144stwa firmy.","breadcrumb":{"@id":"https:\/\/www.weyer-gruppe.com\/pl\/projektanci-i-producenci-instalacji\/legal-compliance-dla-przedsiebiorstw-2\/#breadcrumb"},"inLanguage":"pl-PL","potentialAction":[{"@type":"ReadAction","target":["https:\/\/www.weyer-gruppe.com\/pl\/projektanci-i-producenci-instalacji\/legal-compliance-dla-przedsiebiorstw-2\/"]}]},{"@type":"BreadcrumbList","@id":"https:\/\/www.weyer-gruppe.com\/pl\/projektanci-i-producenci-instalacji\/legal-compliance-dla-przedsiebiorstw-2\/#breadcrumb","itemListElement":[{"@type":"ListItem","position":1,"name":"HOME","item":"https:\/\/www.weyer-gruppe.com\/pl\/"},{"@type":"ListItem","position":2,"name":"Projektanci i producenci instalacji","item":"https:\/\/www.weyer-gruppe.com\/pl\/projektanci-i-producenci-instalacji\/"},{"@type":"ListItem","position":3,"name":"Legal Compliance dla przedsi\u0119biorstw"}]},{"@type":"WebSite","@id":"https:\/\/www.weyer-gruppe.com\/pl\/#website","url":"https:\/\/www.weyer-gruppe.com\/pl\/","name":"weyer gruppe","description":"komplett. durchdacht.","publisher":{"@id":"https:\/\/www.weyer-gruppe.com\/pl\/#organization"},"potentialAction":[{"@type":"SearchAction","target":{"@type":"EntryPoint","urlTemplate":"https:\/\/www.weyer-gruppe.com\/pl\/?s={search_term_string}"},"query-input":{"@type":"PropertyValueSpecification","valueRequired":true,"valueName":"search_term_string"}}],"inLanguage":"pl-PL"},{"@type":"Organization","@id":"https:\/\/www.weyer-gruppe.com\/pl\/#organization","name":"weyer gruppe","url":"https:\/\/www.weyer-gruppe.com\/pl\/","logo":{"@type":"ImageObject","inLanguage":"pl-PL","@id":"https:\/\/www.weyer-gruppe.com\/pl\/#\/schema\/logo\/image\/","url":"https:\/\/www.weyer-gruppe.com\/wp-content\/uploads\/2019\/07\/logo-weyer-gruppe-de.png","contentUrl":"https:\/\/www.weyer-gruppe.com\/wp-content\/uploads\/2019\/07\/logo-weyer-gruppe-de.png","width":532,"height":513,"caption":"weyer gruppe"},"image":{"@id":"https:\/\/www.weyer-gruppe.com\/pl\/#\/schema\/logo\/image\/"},"sameAs":["https:\/\/www.facebook.com\/weyergruppe","https:\/\/de.linkedin.com\/company\/weyer-gruppe","https:\/\/www.youtube.com\/channel\/UCmZItECuW56Ih_p501_Bq8A"],"description":"Die weyer gruppe ist seit 1976 Ihr Partner f\u00fcr verfahrenstechnische Anlagenplanung und Anlagensicherheit. Mit einem erfahrenen Team von \u00fcber 190 Mitarbeitern in Deutschland, \u00d6sterreich, Polen und der Schweiz realisieren wir j\u00e4hrlich \u00fcber 1.000 Kundenprojekte. Unsere Expertise erstreckt sich \u00fcber verschiedene Branchen wie Chemie, Pharma, Mineral\u00f6l sowie Ver- und Entsorgung. Vertrauen Sie auf die weyer Gruppe f\u00fcr ma\u00dfgeschneiderte Engineering- und Consulting-L\u00f6sungen, die Ihre Anforderungen in puncto Sicherheit und Effizienz erf\u00fcllen.","email":"info@weyer-gruppe.com","telephone":"+49 (0) 24 21 \u2013 69 09 1 \u2013 0","numberOfEmployees":{"@type":"QuantitativeValue","minValue":"51","maxValue":"200"}}]}},"_links":{"self":[{"href":"https:\/\/www.weyer-gruppe.com\/pl\/wp-json\/wp\/v2\/pages\/23292","targetHints":{"allow":["GET"]}}],"collection":[{"href":"https:\/\/www.weyer-gruppe.com\/pl\/wp-json\/wp\/v2\/pages"}],"about":[{"href":"https:\/\/www.weyer-gruppe.com\/pl\/wp-json\/wp\/v2\/types\/page"}],"author":[{"embeddable":true,"href":"https:\/\/www.weyer-gruppe.com\/pl\/wp-json\/wp\/v2\/users\/5"}],"replies":[{"embeddable":true,"href":"https:\/\/www.weyer-gruppe.com\/pl\/wp-json\/wp\/v2\/comments?post=23292"}],"version-history":[{"count":1,"href":"https:\/\/www.weyer-gruppe.com\/pl\/wp-json\/wp\/v2\/pages\/23292\/revisions"}],"predecessor-version":[{"id":238084,"href":"https:\/\/www.weyer-gruppe.com\/pl\/wp-json\/wp\/v2\/pages\/23292\/revisions\/238084"}],"up":[{"embeddable":true,"href":"https:\/\/www.weyer-gruppe.com\/pl\/wp-json\/wp\/v2\/pages\/23877"}],"wp:attachment":[{"href":"https:\/\/www.weyer-gruppe.com\/pl\/wp-json\/wp\/v2\/media?parent=23292"}],"curies":[{"name":"wp","href":"https:\/\/api.w.org\/{rel}","templated":true}]}}