{"id":23280,"date":"2019-12-16T16:59:55","date_gmt":"2019-12-16T15:59:55","guid":{"rendered":"https:\/\/www.weyer-gruppe.com\/ochrona-wod-dla-instalacji-zgodnie-z-awsv-2\/"},"modified":"2026-03-23T08:13:13","modified_gmt":"2026-03-23T07:13:13","slug":"ochrona-wod-dla-instalacji-zgodnie-z-awsv-2","status":"publish","type":"page","link":"https:\/\/www.weyer-gruppe.com\/pl\/projektanci-i-producenci-instalacji\/ochrona-wod-dla-instalacji-zgodnie-z-awsv-2\/","title":{"rendered":"Ochrona w\u00f3d dla instalacji zgodnie z AwSV"},"content":{"rendered":"<div class=\"wpb-content-wrapper\">[vc_row][vc_column][vc_column_text]Substancje niebezpieczne dla wody s\u0105 stosowane praktycznie we wszystkich instalacjach przemys\u0142owych i komercyjnych \u2013 ochrona w\u00f3d (wed\u0142ug <a href=\"https:\/\/www.gesetze-im-internet.de\/awsv\/\" target=\"_blank\" rel=\"noopener noreferrer\">AwSV<\/a>) jest zatem wa\u017cnym sk\u0142adnikiem pomy\u015blnej eksploatacji instalacji. W licznych przepisach prawnych i technicznych, takich jak w szczeg\u00f3lno\u015bci <a href=\"https:\/\/www.gesetze-im-internet.de\/whg_2009\/\" target=\"_blank\" rel=\"noopener noreferrer\">ustawa o gospodarce wodnej (WHG)<\/a>, rozporz\u0105dzenie w sprawie instalacji do obchodzenia si\u0119 z substancjami niebezpiecznymi dla wody (AwSV) oraz <a href=\"https:\/\/www.lanuv.nrw.de\/fileadmin\/lanuv\/wasser\/pdf\/ZuTRwS.pdf\" target=\"_blank\" rel=\"noopener noreferrer\">przepisy techniczne dotycz\u0105ce substancji niebezpiecznych dla wody (TRwS)<\/a>, okre\u015blono wymagania dotycz\u0105ce ich wykorzystania. Zastosowanie tych przepis\u00f3w i ich wdro\u017cenie do praktyki operacyjnej jest podstawow\u0105 kompetencj\u0105 grupy weyer.<\/p>\n<ul class=\"arrow-pink\">\n<li><strong>Dwie firmy horst weyer und partner oraz weyer IngenieurPartner to <a href=\"https:\/\/www.lanuv.nrw.de\/fileadmin\/lanuv\/wasser\/pdf\/ListeSVOenVAwS.pdf\" target=\"_blank\" rel=\"noopener noreferrer\">uznane organizacje eksperckie<\/a> zgodnie z \u00a7 52 rozporz\u0105dzenia w sprawie instalacji do obchodzenia si\u0119 z substancjami niebezpiecznymi dla wody (AwSV).<\/strong><\/li>\n<\/ul>\n<p>Na podstawie powy\u017cszych wymaga\u0144 nasi eksperci AwSV przeprowadzaj\u0105 wst\u0119pne i powtarzaj\u0105ce si\u0119 kontrole instalacji LAU i HBV, a tak\u017ce <a href=\"https:\/\/www.weyer-gruppe.com\/pl\/operatorzy-instalacji-i-inwestorzy\/bezpieczenstwo-instalacji-biogazowni\/\">biogazowni<\/a>. Opracowujemy koncepcje kontroli dla kompleksowych instalacji oraz przygotowujemy odpowiednie ekspertyzy i opinie eksperckie dotycz\u0105ce wszystkich kwestii ochrony w\u00f3d zwi\u0105zanych z instalacj\u0105, np. w ramach projekt\u00f3w planistycznych i procedur zatwierdzania.<\/p>\n<h2>Ochrona w\u00f3d dla instalacji w praktyce<\/h2>\n<p>Wsp\u00f3lnie z Pa\u0144stwem opracowujemy koncepcje ochrony w\u00f3d, kt\u00f3rych centralnym aspektem jest unikanie i wykrywanie wyciek\u00f3w lub przepe\u0142nienia oraz retencja substancji zanieczyszczaj\u0105cych wod\u0119, a w razie potrzeby \u2013 wody ga\u015bniczej. W przypadku starych instalacji wspieramy Pa\u0144stwa w efektywnej modernizacji lub uzupe\u0142nieniu wyposa\u017cenia instalacji. Ponadto przygotowujemy wszelkiego rodzaju wnioski o dopuszczenie i pozwolenie na podstawie prawa wodnego oraz dokumentacj\u0119 zak\u0142adow\u0105.<\/p>\n<h2>Us\u0142ugi<\/h2>\n<ul class=\"arrow-gray\">\n<li>Wst\u0119pne i powtarzaj\u0105ce si\u0119 kontrole AwSV<\/li>\n<li>Odpowiednie ekspertyzy i opinie ekspert\u00f3w<\/li>\n<li>Koncepcje ochrony w\u00f3d i specyfikacje planistyczne<\/li>\n<li>Tworzenie i optymalizacja koncepcji kontrolnych dla z\u0142o\u017conych instalacji<\/li>\n<li>Kontrola kompletno\u015bci i wiarygodno\u015bci dokumentacji dostawcy i firmy specjalistycznej<\/li>\n<li>Klasyfikacja i odgraniczenie instalacji AwSV<\/li>\n<li>Opracowanie koncepcji renowacji i modernizacji wraz z techniczno-ekonomicznym por\u00f3wnaniem rozwi\u0105za\u0144 alternatywnych<\/li>\n<li>Koncepcje renowacji i modernizacji starych instalacji<\/li>\n<li>Wnioski o wydanie zezwolenia i konsultacje z organami w\u0142adzy<\/li>\n<li>Instrukcje eksploatacji AwSV i rejestr instalacji<\/li>\n<li>Klasyfikacja substancji i mieszanin niebezpiecznych dla wody<\/li>\n<li><a href=\"https:\/\/www.weyer-gruppe.com\/pl\/operatorzy-instalacji-i-inwestorzy\/szkolenia-i-e-learning\/\" target=\"_blank\" rel=\"noopener noreferrer\">Seminaria i szkolenia wewn\u0119trzne<\/a><\/li>\n<\/ul>\n[\/vc_column_text][\/vc_column][\/vc_row][vc_row bg_type=&#8221;color&#8221; bg_color=&#8221;#0b3c80&#8243;][vc_column css=&#8221;.vc_custom_1563974199119{padding-top: 25px !important;padding-bottom: 25px !important;padding-left: 25px !important;}&#8221;]<div class=\"grve-element grve-hr grve-space-divider\" style=\"\"><\/div><div class=\"grve-element grve-image-text\" style=\"\">  <div class=\"grve-content grve-align-right\">    <h6>weyer spezial: Ochrona w\u00f3d<\/h6>  <p><span style=\"color: #ffffff;\">Woda jest niezb\u0119dna do ca\u0142ego \u017cycia. Utrzymanie czysto\u015bci wody jako wody pitnej lub procesowej oraz zachowanie ekosystem\u00f3w wodnych jest zatem g\u0142\u00f3wnym zadaniem ochrony \u015brodowiska. Ochrona w\u00f3d zwi\u0105zanych z ro\u015blinami, czyli bezpieczne obchodzenie si\u0119 z substancjami niebezpiecznymi dla wody w sektorze przemys\u0142owym i handlowym, jest g\u0142\u00f3wn\u0105 kompetencj\u0105 weyer grouppe&#8230; <\/span><\/p>    <a href=\"https:\/\/www.weyer-gruppe.com\/wp-content\/uploads\/2019\/07\/weyer-spezial-gewaesserschutz-0418.pdf\" target=\"_blank\" class=\"grve-read-more \">Pobierz weyer spezial tutaj<\/a>  <\/div><div class=\"grve-image\"><img decoding=\"async\" width=\"250\" height=\"354\" src=\"https:\/\/www.weyer-gruppe.com\/wp-content\/uploads\/2019\/07\/weyer-spezial-weyer-gruppe-gewaesserschutz.jpg\" class=\"attachment-full size-full\" alt=\"Blacha pokrywaj\u0105ca weyer specjalny water protection\" srcset=\"\" \/><\/div><\/div><div class=\"grve-element grve-hr grve-space-divider\" style=\"\"><\/div>[\/vc_column][\/vc_row][vc_row][vc_column]<div class=\"grve-element grve-hr grve-space-divider\" style=\"\"><\/div><h3 class=\"grve-element grve-align-left grve-title-no-line grve-h3\" style=\"\"><span>Nasz zesp\u00f3\u0142<\/span><\/h3>[\/vc_column][\/vc_row][vc_row][vc_column width=&#8221;1\/4&#8243; tablet_sm_width=&#8221;1-2&#8243;]\r\n\t\t<div class=\"grve-team grve-element\" style=\"\">\r\n\t\t\t<figure class=\"grve-image-hover grve-style-1 grve-zoom-in\">\r\n\t\t\t\t<div class=\"grve-team-person grve-media grve-dark-overlay grve-opacity-60\">\r\n\t\t\t\t\t<img decoding=\"async\" width=\"300\" height=\"300\" src=\"https:\/\/www.weyer-gruppe.com\/wp-content\/uploads\/2019\/07\/uwe-nachstedt-horst-weyer-und-partner.jpg\" class=\"attachment-grve-image-small-square size-grve-image-small-square\" alt=\"Foto von Uwe Nachstedt der Horst Weyer und Partner gmbh\" srcset=\"https:\/\/www.weyer-gruppe.com\/wp-content\/uploads\/2019\/07\/uwe-nachstedt-horst-weyer-und-partner.jpg 300w, https:\/\/www.weyer-gruppe.com\/wp-content\/uploads\/2019\/07\/uwe-nachstedt-horst-weyer-und-partner-150x150.jpg 150w, https:\/\/www.weyer-gruppe.com\/wp-content\/uploads\/2019\/07\/uwe-nachstedt-horst-weyer-und-partner-80x80.jpg 80w\" sizes=\"(max-width: 300px) 100vw, 300px\" \/>\t\t\t\t<\/div>\r\n\t\t\t\t<figcaption>\r\n\t\t\t\t\t<div class=\"grve-team-description\">\r\n\t\t\t\t\t\t\t\t\t\t\t\t<h4 class=\"grve-team-name grve-dark grve-h4\">Dr. Uwe Nachstedt<\/h4>\r\n\t\t\t\t\t\t\t\t\t\t\t\t<small class=\"grve-team-identity grve-dark\">horst weyer und partner<\/small>\r\n\t\t\t\t\t<\/div>\r\n\t\t\t\t\t\t\t\t\t<\/figcaption>\r\n\t\t\t<\/figure>\r\n\t\t<\/div>\r\n\r\n\t\t[\/vc_column][vc_column width=&#8221;1\/4&#8243; tablet_sm_width=&#8221;1-2&#8243;]\r\n\t\t<div class=\"grve-team grve-element\" style=\"\">\r\n\t\t\t<figure class=\"grve-image-hover grve-style-1 grve-zoom-in\">\r\n\t\t\t\t<div class=\"grve-team-person grve-media grve-dark-overlay grve-opacity-60\">\r\n\t\t\t\t\t<img decoding=\"async\" width=\"300\" height=\"300\" src=\"https:\/\/www.weyer-gruppe.com\/wp-content\/uploads\/2019\/07\/peter-noeldeke-horst-weyer-und-partner.png\" class=\"attachment-grve-image-small-square size-grve-image-small-square\" alt=\"Zdj\u0119cie Peter Noeldeke z horst weyer und partner gmbh\" srcset=\"https:\/\/www.weyer-gruppe.com\/wp-content\/uploads\/2019\/07\/peter-noeldeke-horst-weyer-und-partner.png 300w, https:\/\/www.weyer-gruppe.com\/wp-content\/uploads\/2019\/07\/peter-noeldeke-horst-weyer-und-partner-150x150.png 150w, https:\/\/www.weyer-gruppe.com\/wp-content\/uploads\/2019\/07\/peter-noeldeke-horst-weyer-und-partner-80x80.png 80w\" sizes=\"(max-width: 300px) 100vw, 300px\" \/>\t\t\t\t<\/div>\r\n\t\t\t\t<figcaption>\r\n\t\t\t\t\t<div class=\"grve-team-description\">\r\n\t\t\t\t\t\t\t\t\t\t\t\t<h4 class=\"grve-team-name grve-dark grve-h4\">Peter N\u00f6ldeke<\/h4>\r\n\t\t\t\t\t\t\t\t\t\t\t\t<small class=\"grve-team-identity grve-dark\">horst weyer und partner<\/small>\r\n\t\t\t\t\t<\/div>\r\n\t\t\t\t\t\t\t\t\t<\/figcaption>\r\n\t\t\t<\/figure>\r\n\t\t<\/div>\r\n\r\n\t\t[\/vc_column][vc_column width=&#8221;1\/4&#8243; tablet_sm_width=&#8221;1-2&#8243;]\r\n\t\t<div class=\"grve-team grve-element\" style=\"\">\r\n\t\t\t<figure class=\"grve-image-hover grve-style-1 grve-zoom-in\">\r\n\t\t\t\t<div class=\"grve-team-person grve-media grve-dark-overlay grve-opacity-60\">\r\n\t\t\t\t\t<img decoding=\"async\" width=\"300\" height=\"300\" src=\"https:\/\/www.weyer-gruppe.com\/wp-content\/uploads\/2019\/07\/ralf-schiffel-horst-weyer-und-partner.png\" class=\"attachment-grve-image-small-square size-grve-image-small-square\" alt=\"Zdj\u0119cie Ralfa Schiffla z horst weyer und partner gmbh\" srcset=\"https:\/\/www.weyer-gruppe.com\/wp-content\/uploads\/2019\/07\/ralf-schiffel-horst-weyer-und-partner.png 300w, https:\/\/www.weyer-gruppe.com\/wp-content\/uploads\/2019\/07\/ralf-schiffel-horst-weyer-und-partner-150x150.png 150w, https:\/\/www.weyer-gruppe.com\/wp-content\/uploads\/2019\/07\/ralf-schiffel-horst-weyer-und-partner-80x80.png 80w\" sizes=\"(max-width: 300px) 100vw, 300px\" \/>\t\t\t\t<\/div>\r\n\t\t\t\t<figcaption>\r\n\t\t\t\t\t<div class=\"grve-team-description\">\r\n\t\t\t\t\t\t\t\t\t\t\t\t<h4 class=\"grve-team-name grve-dark grve-h4\">Ralf Schiffel<\/h4>\r\n\t\t\t\t\t\t\t\t\t\t\t\t<small class=\"grve-team-identity grve-dark\">horst weyer und partner<\/small>\r\n\t\t\t\t\t<\/div>\r\n\t\t\t\t\t\t\t\t\t<\/figcaption>\r\n\t\t\t<\/figure>\r\n\t\t<\/div>\r\n\r\n\t\t[\/vc_column][vc_column width=&#8221;1\/4&#8243; tablet_sm_width=&#8221;1-2&#8243;][\/vc_column][\/vc_row][vc_row][vc_column]<div class=\"grve-element grve-hr grve-space-divider\" style=\"\"><\/div>[\/vc_column][\/vc_row]\n<\/div>","protected":false},"excerpt":{"rendered":"<p>[vc_row][vc_column][vc_column_text]Substancje niebezpieczne dla wody s\u0105 stosowane praktycznie we wszystkich instalacjach przemys\u0142owych i komercyjnych \u2013 ochrona w\u00f3d (wed\u0142ug AwSV) jest zatem wa\u017cnym sk\u0142adnikiem pomy\u015blnej eksploatacji instalacji. W licznych przepisach prawnych i technicznych, takich jak w szczeg\u00f3lno\u015bci ustawa o gospodarce wodnej (WHG), rozporz\u0105dzenie w sprawie instalacji do obchodzenia si\u0119 z substancjami niebezpiecznymi dla wody (AwSV) oraz przepisy [&hellip;]<\/p>\n","protected":false},"author":5,"featured_media":0,"parent":23877,"menu_order":0,"comment_status":"closed","ping_status":"closed","template":"","meta":{"footnotes":""},"class_list":["post-23280","page","type-page","status-publish","hentry"],"yoast_head":"<!-- This site is optimized with the Yoast SEO Premium plugin v27.4 (Yoast SEO v27.4) - https:\/\/yoast.com\/product\/yoast-seo-premium-wordpress\/ -->\n<title>Ochrona w\u00f3d dla instalacji zgodnie z AwSV &#8211; weyer gruppe<\/title>\n<meta name=\"description\" content=\"Grupa weyer wspiera Pa\u0144stwa w zakresie ochrony w\u00f3d dla instalacji zgodnie z AwSV: kontrole wst\u0119pne i okresowe, ekspertyzy, o\u015bwiadczenia i szkolenia\" \/>\n<meta name=\"robots\" content=\"index, follow, max-snippet:-1, max-image-preview:large, max-video-preview:-1\" \/>\n<link rel=\"canonical\" href=\"https:\/\/www.weyer-gruppe.com\/pl\/projektanci-i-producenci-instalacji\/ochrona-wod-dla-instalacji-zgodnie-z-awsv-2\/\" \/>\n<meta property=\"og:locale\" content=\"pl_PL\" \/>\n<meta property=\"og:type\" content=\"article\" \/>\n<meta property=\"og:title\" content=\"Ochrona w\u00f3d dla instalacji zgodnie z AwSV\" \/>\n<meta property=\"og:description\" content=\"Grupa weyer wspiera Pa\u0144stwa w zakresie ochrony w\u00f3d dla instalacji zgodnie z AwSV: kontrole wst\u0119pne i okresowe, ekspertyzy, o\u015bwiadczenia i szkolenia\" \/>\n<meta property=\"og:url\" content=\"https:\/\/www.weyer-gruppe.com\/pl\/projektanci-i-producenci-instalacji\/ochrona-wod-dla-instalacji-zgodnie-z-awsv-2\/\" \/>\n<meta property=\"og:site_name\" content=\"weyer gruppe\" \/>\n<meta property=\"article:publisher\" content=\"https:\/\/www.facebook.com\/weyergruppe\" \/>\n<meta property=\"article:modified_time\" content=\"2026-03-23T07:13:13+00:00\" \/>\n<meta name=\"twitter:card\" content=\"summary_large_image\" \/>\n<meta name=\"twitter:label1\" content=\"Szacowany czas czytania\" \/>\n\t<meta name=\"twitter:data1\" content=\"4 minuty\" \/>\n<script type=\"application\/ld+json\" class=\"yoast-schema-graph\">{\"@context\":\"https:\\\/\\\/schema.org\",\"@graph\":[{\"@type\":\"WebPage\",\"@id\":\"https:\\\/\\\/www.weyer-gruppe.com\\\/pl\\\/projektanci-i-producenci-instalacji\\\/ochrona-wod-dla-instalacji-zgodnie-z-awsv-2\\\/\",\"url\":\"https:\\\/\\\/www.weyer-gruppe.com\\\/pl\\\/projektanci-i-producenci-instalacji\\\/ochrona-wod-dla-instalacji-zgodnie-z-awsv-2\\\/\",\"name\":\"Ochrona w\u00f3d dla instalacji zgodnie z AwSV &#8211; weyer gruppe\",\"isPartOf\":{\"@id\":\"https:\\\/\\\/www.weyer-gruppe.com\\\/pl\\\/#website\"},\"datePublished\":\"2019-12-16T15:59:55+00:00\",\"dateModified\":\"2026-03-23T07:13:13+00:00\",\"description\":\"Grupa weyer wspiera Pa\u0144stwa w zakresie ochrony w\u00f3d dla instalacji zgodnie z AwSV: kontrole wst\u0119pne i okresowe, ekspertyzy, o\u015bwiadczenia i szkolenia\",\"breadcrumb\":{\"@id\":\"https:\\\/\\\/www.weyer-gruppe.com\\\/pl\\\/projektanci-i-producenci-instalacji\\\/ochrona-wod-dla-instalacji-zgodnie-z-awsv-2\\\/#breadcrumb\"},\"inLanguage\":\"pl-PL\",\"potentialAction\":[{\"@type\":\"ReadAction\",\"target\":[\"https:\\\/\\\/www.weyer-gruppe.com\\\/pl\\\/projektanci-i-producenci-instalacji\\\/ochrona-wod-dla-instalacji-zgodnie-z-awsv-2\\\/\"]}]},{\"@type\":\"BreadcrumbList\",\"@id\":\"https:\\\/\\\/www.weyer-gruppe.com\\\/pl\\\/projektanci-i-producenci-instalacji\\\/ochrona-wod-dla-instalacji-zgodnie-z-awsv-2\\\/#breadcrumb\",\"itemListElement\":[{\"@type\":\"ListItem\",\"position\":1,\"name\":\"HOME\",\"item\":\"https:\\\/\\\/www.weyer-gruppe.com\\\/pl\\\/\"},{\"@type\":\"ListItem\",\"position\":2,\"name\":\"Projektanci i producenci instalacji\",\"item\":\"https:\\\/\\\/www.weyer-gruppe.com\\\/pl\\\/projektanci-i-producenci-instalacji\\\/\"},{\"@type\":\"ListItem\",\"position\":3,\"name\":\"Ochrona w\u00f3d dla instalacji zgodnie z AwSV\"}]},{\"@type\":\"WebSite\",\"@id\":\"https:\\\/\\\/www.weyer-gruppe.com\\\/pl\\\/#website\",\"url\":\"https:\\\/\\\/www.weyer-gruppe.com\\\/pl\\\/\",\"name\":\"weyer gruppe\",\"description\":\"komplett. durchdacht.\",\"publisher\":{\"@id\":\"https:\\\/\\\/www.weyer-gruppe.com\\\/pl\\\/#organization\"},\"potentialAction\":[{\"@type\":\"SearchAction\",\"target\":{\"@type\":\"EntryPoint\",\"urlTemplate\":\"https:\\\/\\\/www.weyer-gruppe.com\\\/pl\\\/?s={search_term_string}\"},\"query-input\":{\"@type\":\"PropertyValueSpecification\",\"valueRequired\":true,\"valueName\":\"search_term_string\"}}],\"inLanguage\":\"pl-PL\"},{\"@type\":\"Organization\",\"@id\":\"https:\\\/\\\/www.weyer-gruppe.com\\\/pl\\\/#organization\",\"name\":\"weyer gruppe\",\"url\":\"https:\\\/\\\/www.weyer-gruppe.com\\\/pl\\\/\",\"logo\":{\"@type\":\"ImageObject\",\"inLanguage\":\"pl-PL\",\"@id\":\"https:\\\/\\\/www.weyer-gruppe.com\\\/pl\\\/#\\\/schema\\\/logo\\\/image\\\/\",\"url\":\"https:\\\/\\\/www.weyer-gruppe.com\\\/wp-content\\\/uploads\\\/2019\\\/07\\\/logo-weyer-gruppe-de.png\",\"contentUrl\":\"https:\\\/\\\/www.weyer-gruppe.com\\\/wp-content\\\/uploads\\\/2019\\\/07\\\/logo-weyer-gruppe-de.png\",\"width\":532,\"height\":513,\"caption\":\"weyer gruppe\"},\"image\":{\"@id\":\"https:\\\/\\\/www.weyer-gruppe.com\\\/pl\\\/#\\\/schema\\\/logo\\\/image\\\/\"},\"sameAs\":[\"https:\\\/\\\/www.facebook.com\\\/weyergruppe\",\"https:\\\/\\\/de.linkedin.com\\\/company\\\/weyer-gruppe\",\"https:\\\/\\\/www.youtube.com\\\/channel\\\/UCmZItECuW56Ih_p501_Bq8A\"],\"description\":\"Die weyer gruppe ist seit 1976 Ihr Partner f\u00fcr verfahrenstechnische Anlagenplanung und Anlagensicherheit. Mit einem erfahrenen Team von \u00fcber 190 Mitarbeitern in Deutschland, \u00d6sterreich, Polen und der Schweiz realisieren wir j\u00e4hrlich \u00fcber 1.000 Kundenprojekte. Unsere Expertise erstreckt sich \u00fcber verschiedene Branchen wie Chemie, Pharma, Mineral\u00f6l sowie Ver- und Entsorgung. Vertrauen Sie auf die weyer Gruppe f\u00fcr ma\u00dfgeschneiderte Engineering- und Consulting-L\u00f6sungen, die Ihre Anforderungen in puncto Sicherheit und Effizienz erf\u00fcllen.\",\"email\":\"info@weyer-gruppe.com\",\"telephone\":\"+49 (0) 24 21 \u2013 69 09 1 \u2013 0\",\"numberOfEmployees\":{\"@type\":\"QuantitativeValue\",\"minValue\":\"51\",\"maxValue\":\"200\"}}]}<\/script>\n<!-- \/ Yoast SEO Premium plugin. -->","yoast_head_json":{"title":"Ochrona w\u00f3d dla instalacji zgodnie z AwSV &#8211; weyer gruppe","description":"Grupa weyer wspiera Pa\u0144stwa w zakresie ochrony w\u00f3d dla instalacji zgodnie z AwSV: kontrole wst\u0119pne i okresowe, ekspertyzy, o\u015bwiadczenia i szkolenia","robots":{"index":"index","follow":"follow","max-snippet":"max-snippet:-1","max-image-preview":"max-image-preview:large","max-video-preview":"max-video-preview:-1"},"canonical":"https:\/\/www.weyer-gruppe.com\/pl\/projektanci-i-producenci-instalacji\/ochrona-wod-dla-instalacji-zgodnie-z-awsv-2\/","og_locale":"pl_PL","og_type":"article","og_title":"Ochrona w\u00f3d dla instalacji zgodnie z AwSV","og_description":"Grupa weyer wspiera Pa\u0144stwa w zakresie ochrony w\u00f3d dla instalacji zgodnie z AwSV: kontrole wst\u0119pne i okresowe, ekspertyzy, o\u015bwiadczenia i szkolenia","og_url":"https:\/\/www.weyer-gruppe.com\/pl\/projektanci-i-producenci-instalacji\/ochrona-wod-dla-instalacji-zgodnie-z-awsv-2\/","og_site_name":"weyer gruppe","article_publisher":"https:\/\/www.facebook.com\/weyergruppe","article_modified_time":"2026-03-23T07:13:13+00:00","twitter_card":"summary_large_image","twitter_misc":{"Szacowany czas czytania":"4 minuty"},"schema":{"@context":"https:\/\/schema.org","@graph":[{"@type":"WebPage","@id":"https:\/\/www.weyer-gruppe.com\/pl\/projektanci-i-producenci-instalacji\/ochrona-wod-dla-instalacji-zgodnie-z-awsv-2\/","url":"https:\/\/www.weyer-gruppe.com\/pl\/projektanci-i-producenci-instalacji\/ochrona-wod-dla-instalacji-zgodnie-z-awsv-2\/","name":"Ochrona w\u00f3d dla instalacji zgodnie z AwSV &#8211; weyer gruppe","isPartOf":{"@id":"https:\/\/www.weyer-gruppe.com\/pl\/#website"},"datePublished":"2019-12-16T15:59:55+00:00","dateModified":"2026-03-23T07:13:13+00:00","description":"Grupa weyer wspiera Pa\u0144stwa w zakresie ochrony w\u00f3d dla instalacji zgodnie z AwSV: kontrole wst\u0119pne i okresowe, ekspertyzy, o\u015bwiadczenia i szkolenia","breadcrumb":{"@id":"https:\/\/www.weyer-gruppe.com\/pl\/projektanci-i-producenci-instalacji\/ochrona-wod-dla-instalacji-zgodnie-z-awsv-2\/#breadcrumb"},"inLanguage":"pl-PL","potentialAction":[{"@type":"ReadAction","target":["https:\/\/www.weyer-gruppe.com\/pl\/projektanci-i-producenci-instalacji\/ochrona-wod-dla-instalacji-zgodnie-z-awsv-2\/"]}]},{"@type":"BreadcrumbList","@id":"https:\/\/www.weyer-gruppe.com\/pl\/projektanci-i-producenci-instalacji\/ochrona-wod-dla-instalacji-zgodnie-z-awsv-2\/#breadcrumb","itemListElement":[{"@type":"ListItem","position":1,"name":"HOME","item":"https:\/\/www.weyer-gruppe.com\/pl\/"},{"@type":"ListItem","position":2,"name":"Projektanci i producenci instalacji","item":"https:\/\/www.weyer-gruppe.com\/pl\/projektanci-i-producenci-instalacji\/"},{"@type":"ListItem","position":3,"name":"Ochrona w\u00f3d dla instalacji zgodnie z AwSV"}]},{"@type":"WebSite","@id":"https:\/\/www.weyer-gruppe.com\/pl\/#website","url":"https:\/\/www.weyer-gruppe.com\/pl\/","name":"weyer gruppe","description":"komplett. durchdacht.","publisher":{"@id":"https:\/\/www.weyer-gruppe.com\/pl\/#organization"},"potentialAction":[{"@type":"SearchAction","target":{"@type":"EntryPoint","urlTemplate":"https:\/\/www.weyer-gruppe.com\/pl\/?s={search_term_string}"},"query-input":{"@type":"PropertyValueSpecification","valueRequired":true,"valueName":"search_term_string"}}],"inLanguage":"pl-PL"},{"@type":"Organization","@id":"https:\/\/www.weyer-gruppe.com\/pl\/#organization","name":"weyer gruppe","url":"https:\/\/www.weyer-gruppe.com\/pl\/","logo":{"@type":"ImageObject","inLanguage":"pl-PL","@id":"https:\/\/www.weyer-gruppe.com\/pl\/#\/schema\/logo\/image\/","url":"https:\/\/www.weyer-gruppe.com\/wp-content\/uploads\/2019\/07\/logo-weyer-gruppe-de.png","contentUrl":"https:\/\/www.weyer-gruppe.com\/wp-content\/uploads\/2019\/07\/logo-weyer-gruppe-de.png","width":532,"height":513,"caption":"weyer gruppe"},"image":{"@id":"https:\/\/www.weyer-gruppe.com\/pl\/#\/schema\/logo\/image\/"},"sameAs":["https:\/\/www.facebook.com\/weyergruppe","https:\/\/de.linkedin.com\/company\/weyer-gruppe","https:\/\/www.youtube.com\/channel\/UCmZItECuW56Ih_p501_Bq8A"],"description":"Die weyer gruppe ist seit 1976 Ihr Partner f\u00fcr verfahrenstechnische Anlagenplanung und Anlagensicherheit. Mit einem erfahrenen Team von \u00fcber 190 Mitarbeitern in Deutschland, \u00d6sterreich, Polen und der Schweiz realisieren wir j\u00e4hrlich \u00fcber 1.000 Kundenprojekte. Unsere Expertise erstreckt sich \u00fcber verschiedene Branchen wie Chemie, Pharma, Mineral\u00f6l sowie Ver- und Entsorgung. Vertrauen Sie auf die weyer Gruppe f\u00fcr ma\u00dfgeschneiderte Engineering- und Consulting-L\u00f6sungen, die Ihre Anforderungen in puncto Sicherheit und Effizienz erf\u00fcllen.","email":"info@weyer-gruppe.com","telephone":"+49 (0) 24 21 \u2013 69 09 1 \u2013 0","numberOfEmployees":{"@type":"QuantitativeValue","minValue":"51","maxValue":"200"}}]}},"_links":{"self":[{"href":"https:\/\/www.weyer-gruppe.com\/pl\/wp-json\/wp\/v2\/pages\/23280","targetHints":{"allow":["GET"]}}],"collection":[{"href":"https:\/\/www.weyer-gruppe.com\/pl\/wp-json\/wp\/v2\/pages"}],"about":[{"href":"https:\/\/www.weyer-gruppe.com\/pl\/wp-json\/wp\/v2\/types\/page"}],"author":[{"embeddable":true,"href":"https:\/\/www.weyer-gruppe.com\/pl\/wp-json\/wp\/v2\/users\/5"}],"replies":[{"embeddable":true,"href":"https:\/\/www.weyer-gruppe.com\/pl\/wp-json\/wp\/v2\/comments?post=23280"}],"version-history":[{"count":3,"href":"https:\/\/www.weyer-gruppe.com\/pl\/wp-json\/wp\/v2\/pages\/23280\/revisions"}],"predecessor-version":[{"id":238083,"href":"https:\/\/www.weyer-gruppe.com\/pl\/wp-json\/wp\/v2\/pages\/23280\/revisions\/238083"}],"up":[{"embeddable":true,"href":"https:\/\/www.weyer-gruppe.com\/pl\/wp-json\/wp\/v2\/pages\/23877"}],"wp:attachment":[{"href":"https:\/\/www.weyer-gruppe.com\/pl\/wp-json\/wp\/v2\/media?parent=23280"}],"curies":[{"name":"wp","href":"https:\/\/api.w.org\/{rel}","templated":true}]}}