{"id":23170,"date":"2019-07-29T16:06:38","date_gmt":"2019-07-29T14:06:38","guid":{"rendered":"https:\/\/www.weyer-gruppe.com\/sil-poziom-integralnosci-bezpieczenstwa\/"},"modified":"2026-03-23T07:24:11","modified_gmt":"2026-03-23T06:24:11","slug":"sil-poziom-integralnosci-bezpieczenstwa","status":"publish","type":"page","link":"https:\/\/www.weyer-gruppe.com\/pl\/operatorzy-instalacji-i-inwestorzy\/sil-poziom-integralnosci-bezpieczenstwa\/","title":{"rendered":"SIL \u2013 Poziom integralno\u015bci bezpiecze\u0144stwa"},"content":{"rendered":"<div class=\"wpb-content-wrapper\">[vc_row][vc_column][vc_column_text]\n<h2>SIL \u2013 Nachweise f\u00fcr Sicherheitssysteme in der Prozessindustrie<\/h2>\n<p>F\u00fcr die fachgerechte Ausf\u00fchrung von Sicherheitssystemen (Safety instrumented Systems: SIS) in der Prozessindustrie ist ein Nachweis \u00fcber die Einhaltung des geforderten Sicherheitsintegrit\u00e4tslevels (SIL) im Rahmen des Sicherheitslebenszyklus f\u00fcr Sicherheitsfunktionen zu dokumentieren. Bei der Gefahrenanalyse und <a href=\"https:\/\/www.bmas.de\/SharedDocs\/Downloads\/DE\/Thema-Arbeitsschutz\/richtlinie-2006-42-eg.pdf?__blob=publicationFile&amp;v=1\" target=\"_blank\" rel=\"noopener noreferrer\">Risikobeurteilung<\/a> werden Sicherheitsfunktionen (Safety instru\u00admented Function: SIF) ermittelt und mit einem SIL eingestuft. F\u00fcr jede Sicherheitsfunktion kann der mit dem Sicherheitssystem ausgef\u00fchrte SIL bestimmt werden, der identisch oder besser als der eingestufte SIL sein muss. Die Ingenieure der weyer gruppe bestimmen aus dem Schaltungsaufbau und den von den Herstellern der sicherheitsgerichteten Bauteile bereitgestellten Zuverl\u00e4ssigkeitskenndaten den f\u00fcr eine Sicherheitsfunktion ausgef\u00fchrten SIL und pr\u00fcfen ob der eingestufte SIL eingehalten wird.[\/vc_column_text]<h2 class=\"grve-element grve-align-left grve-title-no-line grve-h2\" style=\"\"><span>Us\u0142ugi<\/span><\/h2>[vc_tta_accordion][vc_tta_section title=&#8221;Sprawdzanie struktury obwod\u00f3w w celu unikni\u0119cia systematycznych awarii&#8221; tab_id=&#8221;1581494165615-95a58cf4-1626&#8243;][vc_column_text]Grupa weyer sprawdza wykonany SIL w odniesieniu do tolerancji b\u0142\u0119du sprz\u0119towego (HFT) i proporcji nieszkodliwych awarii (SFF) system\u00f3w cz\u0119\u015bciowych. W ten spos\u00f3b badanie zapewnia jako\u015bciow\u0105 ocen\u0119 obwodu ochronnego funkcji bezpiecze\u0144stwa. W zale\u017cno\u015bci od konieczno\u015bci popraw\u0119 mo\u017cna osi\u0105gn\u0105\u0107 poprzez redundantne wykonanie lub odpowiedni dob\u00f3r sprz\u0119tu b\u0105d\u017a r\u00f3\u017cnorodno\u015b\u0107.[\/vc_column_text][\/vc_tta_section][vc_tta_section title=&#8221;Kontrola przypadkowych awarii&#8221; tab_id=&#8221;1581494165635-aca83c82-1081&#8243;][vc_column_text]Przypadkowe awarie sprz\u0119tu ocenia si\u0119 poprzez obliczenie \u015bredniego prawdopodobie\u0144stwa awarii na \u017c\u0105danie (PFDavg) lub \u015bredniego prawdopodobie\u0144stwa awarii na godzin\u0119 (PFH). W tym celu stosuje si\u0119 charakterystyk\u0119 niezawodno\u015bci producent\u00f3w w odniesieniu do wska\u017anika awaryjno\u015bci urz\u0105dze\u0144 z deklaracji zgodno\u015bci SIL.<\/p>\n<p>W celu udowodnienia SIL dla funkcji bezpiecze\u0144stwa rozwa\u017cane i podsumowywane s\u0105 cz\u0119\u015bciowe systemy czujnik\u00f3w, logiki i element\u00f3w wykonawczych \u0142a\u0144cucha efekt\u00f3w zwi\u0105zanych z bezpiecze\u0144stwem (p\u0119tla).<\/p>\n<p>Pozwala to na poprawienie wykonanego SIL oraz okre\u015blenie lub wyd\u0142u\u017cenie odst\u0119p\u00f3w pomi\u0119dzy kontrolami poprzez optymalizacj\u0119 projektu strukturalnego poprzez redundancj\u0119 i\/lub dob\u00f3r odpowiedniego urz\u0105dzenia.[\/vc_column_text][\/vc_tta_section][vc_tta_section title=&#8221;Ocena zgodnie z normami&#8221; tab_id=&#8221;1581494202196-72043403-f928&#8243;][vc_column_text]F\u00fcr die Beurteilung der steuerungstechnischen Sicherheitsfunktionen in einer Anlage bedienen sich die Ingenieure der weyer gruppe der Normenreihe <a href=\"https:\/\/www.din.de\/de\/meta\/suche\/62730!search?_csrf=e123763a-e835-4f2c-bb89-42addc5e766a&amp;query=DIN+EN+61508\" target=\"_blank\" rel=\"noopener noreferrer\">DIN EN 61508<\/a>, <a href=\"https:\/\/www.din.de\/de\/mitwirken\/normenausschuesse\/dke\/veroeffentlichungen\/wdc-beuth:din21:296008238\" target=\"_blank\" rel=\"noopener noreferrer\">DIN EN 61511<\/a> und <a href=\"https:\/\/www.vdi.de\/richtlinien\/details\/vdivde-2180-blatt-1-funktionale-sicherheit-in-der-prozessindustrie-einfuehrung-begriffe-konzeption\" target=\"_blank\" rel=\"noopener noreferrer\">VDI\/VDE 2180<\/a>, in denen die Anforderungen an sicherheitstechnische Funktionen in der Prozesstechnik, die mit Sicherheitssystemen umgesetzt werden, beschrieben sind. Somit kann der Anlagenbetreiber sicher sein, dass die aktuell g\u00fcltigen Sicherheitsstandards erf\u00fcllt werden.[\/vc_column_text][\/vc_tta_section][vc_tta_section title=&#8221;Realizacja projekt\u00f3w SIL&#8221; tab_id=&#8221;1581494215355-e127e158-5d78&#8243;][vc_column_text]Przed przyst\u0105pieniem do projektowania technologii sterowania w <a href=\"https:\/\/www.weyer-gruppe.com\/pl\/operatorzy-instalacji-i-inwestorzy\/analiza-ryzyka-zgodnie-z-procedurami-hazop-paag\/\">HAZOP<\/a>i ocenie ryzyka okre\u015blane s\u0105 funkcje bezpiecze\u0144stwa (SIF) i klasyfikowany jest wymagany SIL. Do systemu bezpiecze\u0144stwa (SIS) przypisywane s\u0105 systemy cz\u0119\u015bciowe: czujnik(i), system logiczny i element(y) uruchamiaj\u0105cy(-e) wraz z niezb\u0119dnym oprzyrz\u0105dowaniem dla ka\u017cdej funkcji bezpiecze\u0144stwa w postaci p\u0119tli. In\u017cynierowie grupy weyer okre\u015blaj\u0105 architektur\u0119 i tolerancj\u0119 uszkodze\u0144 systemu bezpiecze\u0144stwa. Nast\u0119pnie nale\u017cy okre\u015bli\u0107 odpowiednie urz\u0105dzenia (czujniki i urz\u0105dzenia wykonawcze) oraz warunki ich pracy, jak r\u00f3wnie\u017c sterowanie zabezpieczaj\u0105ce (system logiczny) (np. ochrona przeciwwybuchowa). Producenci urz\u0105dze\u0144 musz\u0105 dostarczy\u0107 charakterystyk\u0119 niezawodno\u015bci sprz\u0119tu (HFT, SFF i wska\u017aniki awaryjno\u015bci) oraz dokumentacj\u0119. Gdy tylko dane te b\u0119d\u0105 w pe\u0142ni dost\u0119pne, mo\u017cna okre\u015bli\u0107 odst\u0119p czasowy cyklicznej kontroli. W razie potrzeby nale\u017cy wybra\u0107 alternatywne urz\u0105dzenia lub redundantne struktury w celu poprawienia SIL lub wyd\u0142u\u017cenia odst\u0119p\u00f3w mi\u0119dzy kontrolami. W ten spos\u00f3b mo\u017cna zsynchronizowa\u0107 odst\u0119py czasowe mi\u0119dzy kontrolami system\u00f3w cz\u0119\u015bciowych i wykorzysta\u0107 je do ustalenia jednolitej daty konserwacji.[\/vc_column_text][\/vc_tta_section][\/vc_tta_accordion][\/vc_column][\/vc_row][vc_row bg_type=&#8221;color&#8221; bg_color=&#8221;#0b3c80&#8243; font_color=&#8221;#ffffff&#8221;][vc_column]<div class=\"grve-element grve-hr grve-space-divider\" style=\"\"><\/div>[vc_row_inner][vc_column_inner width=&#8221;1\/2&#8243;][vc_column_text css=&#8221;.vc_custom_1659361335317{border-right-width: px !important;padding-right: 60px !important;}&#8221;]\n<div class=\"grve-content grve-align-right\" style=\"text-align: right;\">\n<div class=\"grve-content grve-align-right\">\n<h6>weyer spezial: SIL &#8211; Bestimmungen f\u00fcr Sicherheitssysteme in der Prozessindustrie<\/h6>\n<p>F\u00fcr die fachgerechte Ausf\u00fchrung von Sicherheitssystemen (Safety instrumented System: SIS) in der Prozessindustrie ist ein Nachweis \u00fcber die Einhaltung des geforderten Sicherheitsintegrit\u00e4tslevels (SIL) im Rahmen des Sicherheitslebenszyklus zu dokumentieren. Bei der Gefahrenanalyse und Risikobeurteilung werden Sicherheitsfunktionen (Safety instrumented Function: SIF) ermittelt und mit einem geforderten SIL bewertet. F\u00fcr jede Sicherheitsfunktion, die mit einem Sicherheitssystem ausgef\u00fchrt wird, kann f\u00fcr systematische und zuf\u00e4llige Ausf\u00e4lle der erreichbare SIL bestimmt werden. \u2026<\/p>\n<p><a class=\"grve-read-more \" href=\"https:\/\/www.weyer-gruppe.com\/wp-content\/uploads\/2019\/07\/2022_weyer-spezial_SIL.pdf\" target=\"_blank\" rel=\"noopener\">Hier weyer spezial herunterladen<\/a><\/p>\n<\/div>\n<\/div>\n[\/vc_column_text][\/vc_column_inner][vc_column_inner width=&#8221;1\/3&#8243;]<div class=\"grve-element grve-image grve-align-left\" style=\"\"><a href=\"https:\/\/www.weyer-gruppe.com\/wp-content\/uploads\/2019\/07\/2022_weyer-spezial_SIL.pdf\" target=\"_self\"><img decoding=\"async\" width=\"250\" height=\"354\" src=\"https:\/\/www.weyer-gruppe.com\/wp-content\/uploads\/2019\/07\/weyer-spezial-weyer-gruppe-sil-safety-integrity-level.jpg\" class=\"attachment-full size-full\" alt=\"weyer nspezial zum Thema Bestimmungen f\u00fcr Sicherheitssysteme in der Prozessindustrie\" \/><\/a><\/div>[\/vc_column_inner][\/vc_row_inner][vc_empty_space height=&#8221;60px&#8221;][\/vc_column][\/vc_row][vc_row][vc_column]<div class=\"grve-element grve-hr grve-space-divider\" style=\"\"><\/div>[\/vc_column][\/vc_row][vc_row][vc_column]<h3 class=\"grve-element grve-align-left grve-title-no-line grve-h3\" style=\"\"><span>Nasz zesp\u00f3\u0142<\/span><\/h3>[\/vc_column][\/vc_row][vc_row][vc_column width=&#8221;1\/4&#8243; tablet_sm_width=&#8221;1-2&#8243;]\r\n\t\t<div class=\"grve-team grve-element\" style=\"\">\r\n\t\t\t<figure class=\"grve-image-hover grve-style-1 grve-zoom-in\">\r\n\t\t\t\t<div class=\"grve-team-person grve-media grve-dark-overlay grve-opacity-60\">\r\n\t\t\t\t\t<img decoding=\"async\" width=\"300\" height=\"300\" src=\"https:\/\/www.weyer-gruppe.com\/wp-content\/uploads\/2020\/02\/weyer-gruppe-platzhalter-mitarbeiterfotos.jpg\" class=\"attachment-grve-image-small-square size-grve-image-small-square\" alt=\"Platzhalte Mitarbeiterfotos\" srcset=\"https:\/\/www.weyer-gruppe.com\/wp-content\/uploads\/2020\/02\/weyer-gruppe-platzhalter-mitarbeiterfotos.jpg 300w, https:\/\/www.weyer-gruppe.com\/wp-content\/uploads\/2020\/02\/weyer-gruppe-platzhalter-mitarbeiterfotos-150x150.jpg 150w, https:\/\/www.weyer-gruppe.com\/wp-content\/uploads\/2020\/02\/weyer-gruppe-platzhalter-mitarbeiterfotos-80x80.jpg 80w\" sizes=\"(max-width: 300px) 100vw, 300px\" \/>\t\t\t\t<\/div>\r\n\t\t\t\t<figcaption>\r\n\t\t\t\t\t<div class=\"grve-team-description\">\r\n\t\t\t\t\t\t\t\t\t\t\t\t<h4 class=\"grve-team-name grve-dark grve-h4\">Frank Kalz<\/h4>\r\n\t\t\t\t\t\t\t\t\t\t\t\t<small class=\"grve-team-identity grve-dark\">horst weyer und partner<\/small>\r\n\t\t\t\t\t<\/div>\r\n\t\t\t\t\t\t\t\t\t<\/figcaption>\r\n\t\t\t<\/figure>\r\n\t\t<\/div>\r\n\r\n\t\t[\/vc_column][vc_column width=&#8221;1\/4&#8243;][\/vc_column][\/vc_row]\n<\/div>","protected":false},"excerpt":{"rendered":"<p>[vc_row][vc_column][vc_column_text] SIL \u2013 Nachweise f\u00fcr Sicherheitssysteme in der Prozessindustrie F\u00fcr die fachgerechte Ausf\u00fchrung von Sicherheitssystemen (Safety instrumented Systems: SIS) in der Prozessindustrie ist ein Nachweis \u00fcber die Einhaltung des geforderten Sicherheitsintegrit\u00e4tslevels (SIL) im Rahmen des Sicherheitslebenszyklus f\u00fcr Sicherheitsfunktionen zu dokumentieren. Bei der Gefahrenanalyse und Risikobeurteilung werden Sicherheitsfunktionen (Safety instru\u00admented Function: SIF) ermittelt und mit einem [&hellip;]<\/p>\n","protected":false},"author":5,"featured_media":0,"parent":23842,"menu_order":0,"comment_status":"closed","ping_status":"closed","template":"","meta":{"footnotes":""},"class_list":["post-23170","page","type-page","status-publish","hentry"],"yoast_head":"<!-- This site is optimized with the Yoast SEO Premium plugin v27.4 (Yoast SEO v27.4) - https:\/\/yoast.com\/product\/yoast-seo-premium-wordpress\/ -->\n<title>Okre\u015blanie SIL \u2013 poziom integralno\u015bci bezpiecze\u0144stwa &#8211; weyer gruppe<\/title>\n<meta name=\"description\" content=\"Grupa weyer okre\u015bla SIL na podstawie charakterystyki niezawodno\u015bci dostarczonej przez producenta komponent\u00f3w zwi\u0105zanych z bezpiecze\u0144stwem. Prze\u015blij zapytanie!\" \/>\n<meta name=\"robots\" content=\"index, follow, max-snippet:-1, max-image-preview:large, max-video-preview:-1\" \/>\n<link rel=\"canonical\" href=\"https:\/\/www.weyer-gruppe.com\/pl\/operatorzy-instalacji-i-inwestorzy\/sil-poziom-integralnosci-bezpieczenstwa\/\" \/>\n<meta property=\"og:locale\" content=\"pl_PL\" \/>\n<meta property=\"og:type\" content=\"article\" \/>\n<meta property=\"og:title\" content=\"SIL \u2013 Poziom integralno\u015bci bezpiecze\u0144stwa\" \/>\n<meta property=\"og:description\" content=\"Grupa weyer okre\u015bla SIL na podstawie charakterystyki niezawodno\u015bci dostarczonej przez producenta komponent\u00f3w zwi\u0105zanych z bezpiecze\u0144stwem. Prze\u015blij zapytanie!\" \/>\n<meta property=\"og:url\" content=\"https:\/\/www.weyer-gruppe.com\/pl\/operatorzy-instalacji-i-inwestorzy\/sil-poziom-integralnosci-bezpieczenstwa\/\" \/>\n<meta property=\"og:site_name\" content=\"weyer gruppe\" \/>\n<meta property=\"article:publisher\" content=\"https:\/\/www.facebook.com\/weyergruppe\" \/>\n<meta property=\"article:modified_time\" content=\"2026-03-23T06:24:11+00:00\" \/>\n<meta name=\"twitter:card\" content=\"summary_large_image\" \/>\n<meta name=\"twitter:label1\" content=\"Szacowany czas czytania\" \/>\n\t<meta name=\"twitter:data1\" content=\"4 minuty\" \/>\n<script type=\"application\/ld+json\" class=\"yoast-schema-graph\">{\"@context\":\"https:\\\/\\\/schema.org\",\"@graph\":[{\"@type\":\"WebPage\",\"@id\":\"https:\\\/\\\/www.weyer-gruppe.com\\\/pl\\\/operatorzy-instalacji-i-inwestorzy\\\/sil-poziom-integralnosci-bezpieczenstwa\\\/\",\"url\":\"https:\\\/\\\/www.weyer-gruppe.com\\\/pl\\\/operatorzy-instalacji-i-inwestorzy\\\/sil-poziom-integralnosci-bezpieczenstwa\\\/\",\"name\":\"Okre\u015blanie SIL \u2013 poziom integralno\u015bci bezpiecze\u0144stwa &#8211; weyer gruppe\",\"isPartOf\":{\"@id\":\"https:\\\/\\\/www.weyer-gruppe.com\\\/pl\\\/#website\"},\"datePublished\":\"2019-07-29T14:06:38+00:00\",\"dateModified\":\"2026-03-23T06:24:11+00:00\",\"description\":\"Grupa weyer okre\u015bla SIL na podstawie charakterystyki niezawodno\u015bci dostarczonej przez producenta komponent\u00f3w zwi\u0105zanych z bezpiecze\u0144stwem. Prze\u015blij zapytanie!\",\"breadcrumb\":{\"@id\":\"https:\\\/\\\/www.weyer-gruppe.com\\\/pl\\\/operatorzy-instalacji-i-inwestorzy\\\/sil-poziom-integralnosci-bezpieczenstwa\\\/#breadcrumb\"},\"inLanguage\":\"pl-PL\",\"potentialAction\":[{\"@type\":\"ReadAction\",\"target\":[\"https:\\\/\\\/www.weyer-gruppe.com\\\/pl\\\/operatorzy-instalacji-i-inwestorzy\\\/sil-poziom-integralnosci-bezpieczenstwa\\\/\"]}]},{\"@type\":\"BreadcrumbList\",\"@id\":\"https:\\\/\\\/www.weyer-gruppe.com\\\/pl\\\/operatorzy-instalacji-i-inwestorzy\\\/sil-poziom-integralnosci-bezpieczenstwa\\\/#breadcrumb\",\"itemListElement\":[{\"@type\":\"ListItem\",\"position\":1,\"name\":\"HOME\",\"item\":\"https:\\\/\\\/www.weyer-gruppe.com\\\/pl\\\/\"},{\"@type\":\"ListItem\",\"position\":2,\"name\":\"Operatorzy instalacji i inwestorzy\",\"item\":\"https:\\\/\\\/www.weyer-gruppe.com\\\/pl\\\/operatorzy-instalacji-i-inwestorzy\\\/\"},{\"@type\":\"ListItem\",\"position\":3,\"name\":\"SIL \u2013 Poziom integralno\u015bci bezpiecze\u0144stwa\"}]},{\"@type\":\"WebSite\",\"@id\":\"https:\\\/\\\/www.weyer-gruppe.com\\\/pl\\\/#website\",\"url\":\"https:\\\/\\\/www.weyer-gruppe.com\\\/pl\\\/\",\"name\":\"weyer gruppe\",\"description\":\"komplett. durchdacht.\",\"publisher\":{\"@id\":\"https:\\\/\\\/www.weyer-gruppe.com\\\/pl\\\/#organization\"},\"potentialAction\":[{\"@type\":\"SearchAction\",\"target\":{\"@type\":\"EntryPoint\",\"urlTemplate\":\"https:\\\/\\\/www.weyer-gruppe.com\\\/pl\\\/?s={search_term_string}\"},\"query-input\":{\"@type\":\"PropertyValueSpecification\",\"valueRequired\":true,\"valueName\":\"search_term_string\"}}],\"inLanguage\":\"pl-PL\"},{\"@type\":\"Organization\",\"@id\":\"https:\\\/\\\/www.weyer-gruppe.com\\\/pl\\\/#organization\",\"name\":\"weyer gruppe\",\"url\":\"https:\\\/\\\/www.weyer-gruppe.com\\\/pl\\\/\",\"logo\":{\"@type\":\"ImageObject\",\"inLanguage\":\"pl-PL\",\"@id\":\"https:\\\/\\\/www.weyer-gruppe.com\\\/pl\\\/#\\\/schema\\\/logo\\\/image\\\/\",\"url\":\"https:\\\/\\\/www.weyer-gruppe.com\\\/wp-content\\\/uploads\\\/2019\\\/07\\\/logo-weyer-gruppe-de.png\",\"contentUrl\":\"https:\\\/\\\/www.weyer-gruppe.com\\\/wp-content\\\/uploads\\\/2019\\\/07\\\/logo-weyer-gruppe-de.png\",\"width\":532,\"height\":513,\"caption\":\"weyer gruppe\"},\"image\":{\"@id\":\"https:\\\/\\\/www.weyer-gruppe.com\\\/pl\\\/#\\\/schema\\\/logo\\\/image\\\/\"},\"sameAs\":[\"https:\\\/\\\/www.facebook.com\\\/weyergruppe\",\"https:\\\/\\\/de.linkedin.com\\\/company\\\/weyer-gruppe\",\"https:\\\/\\\/www.youtube.com\\\/channel\\\/UCmZItECuW56Ih_p501_Bq8A\"],\"description\":\"Die weyer gruppe ist seit 1976 Ihr Partner f\u00fcr verfahrenstechnische Anlagenplanung und Anlagensicherheit. Mit einem erfahrenen Team von \u00fcber 190 Mitarbeitern in Deutschland, \u00d6sterreich, Polen und der Schweiz realisieren wir j\u00e4hrlich \u00fcber 1.000 Kundenprojekte. Unsere Expertise erstreckt sich \u00fcber verschiedene Branchen wie Chemie, Pharma, Mineral\u00f6l sowie Ver- und Entsorgung. Vertrauen Sie auf die weyer Gruppe f\u00fcr ma\u00dfgeschneiderte Engineering- und Consulting-L\u00f6sungen, die Ihre Anforderungen in puncto Sicherheit und Effizienz erf\u00fcllen.\",\"email\":\"info@weyer-gruppe.com\",\"telephone\":\"+49 (0) 24 21 \u2013 69 09 1 \u2013 0\",\"numberOfEmployees\":{\"@type\":\"QuantitativeValue\",\"minValue\":\"51\",\"maxValue\":\"200\"}}]}<\/script>\n<!-- \/ Yoast SEO Premium plugin. -->","yoast_head_json":{"title":"Okre\u015blanie SIL \u2013 poziom integralno\u015bci bezpiecze\u0144stwa &#8211; weyer gruppe","description":"Grupa weyer okre\u015bla SIL na podstawie charakterystyki niezawodno\u015bci dostarczonej przez producenta komponent\u00f3w zwi\u0105zanych z bezpiecze\u0144stwem. Prze\u015blij zapytanie!","robots":{"index":"index","follow":"follow","max-snippet":"max-snippet:-1","max-image-preview":"max-image-preview:large","max-video-preview":"max-video-preview:-1"},"canonical":"https:\/\/www.weyer-gruppe.com\/pl\/operatorzy-instalacji-i-inwestorzy\/sil-poziom-integralnosci-bezpieczenstwa\/","og_locale":"pl_PL","og_type":"article","og_title":"SIL \u2013 Poziom integralno\u015bci bezpiecze\u0144stwa","og_description":"Grupa weyer okre\u015bla SIL na podstawie charakterystyki niezawodno\u015bci dostarczonej przez producenta komponent\u00f3w zwi\u0105zanych z bezpiecze\u0144stwem. Prze\u015blij zapytanie!","og_url":"https:\/\/www.weyer-gruppe.com\/pl\/operatorzy-instalacji-i-inwestorzy\/sil-poziom-integralnosci-bezpieczenstwa\/","og_site_name":"weyer gruppe","article_publisher":"https:\/\/www.facebook.com\/weyergruppe","article_modified_time":"2026-03-23T06:24:11+00:00","twitter_card":"summary_large_image","twitter_misc":{"Szacowany czas czytania":"4 minuty"},"schema":{"@context":"https:\/\/schema.org","@graph":[{"@type":"WebPage","@id":"https:\/\/www.weyer-gruppe.com\/pl\/operatorzy-instalacji-i-inwestorzy\/sil-poziom-integralnosci-bezpieczenstwa\/","url":"https:\/\/www.weyer-gruppe.com\/pl\/operatorzy-instalacji-i-inwestorzy\/sil-poziom-integralnosci-bezpieczenstwa\/","name":"Okre\u015blanie SIL \u2013 poziom integralno\u015bci bezpiecze\u0144stwa &#8211; weyer gruppe","isPartOf":{"@id":"https:\/\/www.weyer-gruppe.com\/pl\/#website"},"datePublished":"2019-07-29T14:06:38+00:00","dateModified":"2026-03-23T06:24:11+00:00","description":"Grupa weyer okre\u015bla SIL na podstawie charakterystyki niezawodno\u015bci dostarczonej przez producenta komponent\u00f3w zwi\u0105zanych z bezpiecze\u0144stwem. Prze\u015blij zapytanie!","breadcrumb":{"@id":"https:\/\/www.weyer-gruppe.com\/pl\/operatorzy-instalacji-i-inwestorzy\/sil-poziom-integralnosci-bezpieczenstwa\/#breadcrumb"},"inLanguage":"pl-PL","potentialAction":[{"@type":"ReadAction","target":["https:\/\/www.weyer-gruppe.com\/pl\/operatorzy-instalacji-i-inwestorzy\/sil-poziom-integralnosci-bezpieczenstwa\/"]}]},{"@type":"BreadcrumbList","@id":"https:\/\/www.weyer-gruppe.com\/pl\/operatorzy-instalacji-i-inwestorzy\/sil-poziom-integralnosci-bezpieczenstwa\/#breadcrumb","itemListElement":[{"@type":"ListItem","position":1,"name":"HOME","item":"https:\/\/www.weyer-gruppe.com\/pl\/"},{"@type":"ListItem","position":2,"name":"Operatorzy instalacji i inwestorzy","item":"https:\/\/www.weyer-gruppe.com\/pl\/operatorzy-instalacji-i-inwestorzy\/"},{"@type":"ListItem","position":3,"name":"SIL \u2013 Poziom integralno\u015bci bezpiecze\u0144stwa"}]},{"@type":"WebSite","@id":"https:\/\/www.weyer-gruppe.com\/pl\/#website","url":"https:\/\/www.weyer-gruppe.com\/pl\/","name":"weyer gruppe","description":"komplett. durchdacht.","publisher":{"@id":"https:\/\/www.weyer-gruppe.com\/pl\/#organization"},"potentialAction":[{"@type":"SearchAction","target":{"@type":"EntryPoint","urlTemplate":"https:\/\/www.weyer-gruppe.com\/pl\/?s={search_term_string}"},"query-input":{"@type":"PropertyValueSpecification","valueRequired":true,"valueName":"search_term_string"}}],"inLanguage":"pl-PL"},{"@type":"Organization","@id":"https:\/\/www.weyer-gruppe.com\/pl\/#organization","name":"weyer gruppe","url":"https:\/\/www.weyer-gruppe.com\/pl\/","logo":{"@type":"ImageObject","inLanguage":"pl-PL","@id":"https:\/\/www.weyer-gruppe.com\/pl\/#\/schema\/logo\/image\/","url":"https:\/\/www.weyer-gruppe.com\/wp-content\/uploads\/2019\/07\/logo-weyer-gruppe-de.png","contentUrl":"https:\/\/www.weyer-gruppe.com\/wp-content\/uploads\/2019\/07\/logo-weyer-gruppe-de.png","width":532,"height":513,"caption":"weyer gruppe"},"image":{"@id":"https:\/\/www.weyer-gruppe.com\/pl\/#\/schema\/logo\/image\/"},"sameAs":["https:\/\/www.facebook.com\/weyergruppe","https:\/\/de.linkedin.com\/company\/weyer-gruppe","https:\/\/www.youtube.com\/channel\/UCmZItECuW56Ih_p501_Bq8A"],"description":"Die weyer gruppe ist seit 1976 Ihr Partner f\u00fcr verfahrenstechnische Anlagenplanung und Anlagensicherheit. Mit einem erfahrenen Team von \u00fcber 190 Mitarbeitern in Deutschland, \u00d6sterreich, Polen und der Schweiz realisieren wir j\u00e4hrlich \u00fcber 1.000 Kundenprojekte. Unsere Expertise erstreckt sich \u00fcber verschiedene Branchen wie Chemie, Pharma, Mineral\u00f6l sowie Ver- und Entsorgung. Vertrauen Sie auf die weyer Gruppe f\u00fcr ma\u00dfgeschneiderte Engineering- und Consulting-L\u00f6sungen, die Ihre Anforderungen in puncto Sicherheit und Effizienz erf\u00fcllen.","email":"info@weyer-gruppe.com","telephone":"+49 (0) 24 21 \u2013 69 09 1 \u2013 0","numberOfEmployees":{"@type":"QuantitativeValue","minValue":"51","maxValue":"200"}}]}},"_links":{"self":[{"href":"https:\/\/www.weyer-gruppe.com\/pl\/wp-json\/wp\/v2\/pages\/23170","targetHints":{"allow":["GET"]}}],"collection":[{"href":"https:\/\/www.weyer-gruppe.com\/pl\/wp-json\/wp\/v2\/pages"}],"about":[{"href":"https:\/\/www.weyer-gruppe.com\/pl\/wp-json\/wp\/v2\/types\/page"}],"author":[{"embeddable":true,"href":"https:\/\/www.weyer-gruppe.com\/pl\/wp-json\/wp\/v2\/users\/5"}],"replies":[{"embeddable":true,"href":"https:\/\/www.weyer-gruppe.com\/pl\/wp-json\/wp\/v2\/comments?post=23170"}],"version-history":[{"count":5,"href":"https:\/\/www.weyer-gruppe.com\/pl\/wp-json\/wp\/v2\/pages\/23170\/revisions"}],"predecessor-version":[{"id":238041,"href":"https:\/\/www.weyer-gruppe.com\/pl\/wp-json\/wp\/v2\/pages\/23170\/revisions\/238041"}],"up":[{"embeddable":true,"href":"https:\/\/www.weyer-gruppe.com\/pl\/wp-json\/wp\/v2\/pages\/23842"}],"wp:attachment":[{"href":"https:\/\/www.weyer-gruppe.com\/pl\/wp-json\/wp\/v2\/media?parent=23170"}],"curies":[{"name":"wp","href":"https:\/\/api.w.org\/{rel}","templated":true}]}}