{"id":23143,"date":"2019-07-29T16:05:19","date_gmt":"2019-07-29T14:05:19","guid":{"rendered":"https:\/\/www.weyer-gruppe.com\/obliczanie-skokow-cisnienia\/"},"modified":"2026-03-20T12:53:46","modified_gmt":"2026-03-20T11:53:46","slug":"obliczanie-skokow-cisnienia","status":"publish","type":"page","link":"https:\/\/www.weyer-gruppe.com\/pl\/operatorzy-instalacji-i-inwestorzy\/obliczanie-skokow-cisnienia\/","title":{"rendered":"Obliczanie skok\u00f3w ci\u015bnienia"},"content":{"rendered":"<div class=\"wpb-content-wrapper\">[vc_row][vc_column][vc_column_text]W instalacjach procesowych nieustannie pojawiaj\u0105 si\u0119 uszkodzenia mechaniczne, kt\u00f3re przy dok\u0142adniejszej kontroli mog\u0105 by\u0107 spowodowane skokami ci\u015bnienia. Nawet je\u015bli wybrana konstrukcja instalacji uwzgl\u0119dnia stacjonarne ci\u015bnienia robocze, skoki ci\u015bnienia mog\u0105 prowadzi\u0107 do awarii komponent\u00f3w. Zjawiska te dotycz\u0105 g\u0142\u00f3wnie d\u0142u\u017cszych ruroci\u0105g\u00f3w transportuj\u0105cych ciecze, ruroci\u0105g\u00f3w i sieci dostawczych.<\/p>\n<p><strong>Obci\u0105\u017cenia dynamiczne zwi\u0105zane z nieustalonymi procesami przep\u0142ywu<\/strong><\/p>\n<p>Skoki ci\u015bnienia mog\u0105 powstawa\u0107 w ka\u017cdym przypadku, gdy na procesy przep\u0142ywu wp\u0142ywa si\u0119 w spos\u00f3b zamierzony lub z powodu wadliwego dzia\u0142ania. Typowymi przyk\u0142adami s\u0105:<\/p>\n<ul class=\"arrow-gray\">\n<li>awaria pomp<\/li>\n<li>zamykanie armatury<\/li>\n<li>(op\u00f3\u017anione) zamykanie zawor\u00f3w zwrotnych<\/li>\n<li>p\u0119kni\u0119cie rur w wymiennikach ciep\u0142a<\/li>\n<li>otwieranie zawor\u00f3w bezpiecze\u0144stwa<\/li>\n<\/ul>\n<p>Wysoko\u015b\u0107 wyst\u0119puj\u0105cych szczyt\u00f3w ci\u015bnienia zale\u017cy na przyk\u0142ad od pr\u0119dko\u015bci zamykania armatury oraz od \u015bci\u015bliwo\u015bci uk\u0142adu. Im szybciej nast\u0119puje zmiana, tym wi\u0119ksze s\u0105 si\u0142y bezw\u0142adno\u015bci, a co za tym idzie, wyst\u0119puj\u0105ce szczyty ci\u015bnienia. Im szybciej nast\u0119puje zmiana, tym wi\u0119ksze s\u0105 si\u0142y bezw\u0142adno\u015bci, a co za tym idzie, wyst\u0119puj\u0105ce szczyty ci\u015bnienia.<\/p>\n<p><strong>Symulacja numeryczna zapobiegaj\u0105ca uszkodzeniom spowodowanym przez skoki ci\u015bnienia<br \/>\n<\/strong><\/p>\n<p>Wielko\u015b\u0107 wyst\u0119puj\u0105cych skok\u00f3w ci\u015bnienia mo\u017cna dok\u0142adnie przewidzie\u0107 tylko w pojedynczych przypadkach za pomoc\u0105 symulacji numerycznych. W tym celu na rynku dost\u0119pnych jest obecnie szereg narz\u0119dzi.<\/p>\n<p>Zastosowanie takiego narz\u0119dzia i przeprowadzenie szczeg\u00f3\u0142owej analizy daje tutaj istotne mo\u017cliwo\u015bci:<\/p>\n<ul class=\"arrow-gray\">\n<li>okre\u015blenie mo\u017cliwych skok\u00f3w ci\u015bnienia i por\u00f3wnanie z parametrami projektowymi<\/li>\n<li>analiza awarii i uszkodze\u0144 poprzez ponowne obliczenie<\/li>\n<li>obliczenia zmian r\u00f3wnie\u017c w odniesieniu do rachunku koszt\u00f3w i korzy\u015bci<\/li>\n<li>systematyczne wy\u0142\u0105czanie pomp i zamykanie armatury<\/li>\n<li>optymalizacja czasu zamykania armatury i zawor\u00f3w<\/li>\n<li>konstrukcja powietrznik\u00f3w jako element\u00f3w t\u0142umi\u0105cych<\/li>\n<\/ul>\n<p>Podstaw\u0119 dla wymaga\u0144 dotycz\u0105cych obliczania skok\u00f3w ci\u015bnienia stanowi <a href=\"https:\/\/eur-lex.europa.eu\/legal-content\/DE\/TXT\/?uri=celex:32014L0068\">dyrektywa 2014\/68\/UE<\/a> w sprawie &#8222;udost\u0119pniania urz\u0105dze\u0144 ci\u015bnieniowych\u201d z dnia 15 maja 2014 r., znana r\u00f3wnie\u017c jako \u201edyrektywa w sprawie urz\u0105dze\u0144 ci\u015bnieniowych\u201d. Tematyka jest tu uj\u0119ta w za\u0142\u0105czniku I, pkt 2.2. 2.2. \u201eProjektowanie maj\u0105ce na celu odpowiedni\u0105 wytrzyma\u0142o\u015b\u0107\u201d. Przy obliczaniu skok\u00f3w ci\u015bnienia grupa weyer bazuje r\u00f3wnie\u017c na nast\u0119puj\u0105cych normach i przepisach:<\/p>\n<ul class=\"arrow-gray\">\n<li><a href=\"https:\/\/www.beuth.de\/de\/norm\/din-en-13480-3\/280896325\" target=\"_blank\" rel=\"noopener noreferrer\">DIN EN 13480-3<\/a> Ruroci\u0105gi przemys\u0142owe metalowe \u2013 Cz\u0119\u015b\u0107 3: Projektowanie i obliczenia<\/li>\n<li><a href=\"https:\/\/www.beuth.de\/de\/technische-regel\/ad-2000-merkblatt-hp-100-r\/272725009\">AD 2000-Merkblatt HP 100 R<\/a> \u2013 Przepisy budowlane \u2013 ruroci\u0105gi wykonane z materia\u0142\u00f3w metalowych \u2013<\/li>\n<\/ul>\n<p>Grupa weyer posiada szeroki zakres specjalistycznej wiedzy w zakresie projektowania system\u00f3w ruroci\u0105gowych oraz oceny bezpiecze\u0144stwa zaistnia\u0142ych uszkodze\u0144. Pozwala to r\u00f3wnie\u017c na wykonanie wszystkich us\u0142ug, kt\u00f3re s\u0105 wymagane opr\u00f3cz typowych oblicze\u0144 skok\u00f3w ci\u015bnienia w trakcie projektowania instalacji, np. oblicze\u0144 statycznych rur (\u201e<a href=\"https:\/\/www.weyer-gruppe.com\/anlagenbetreiber-und-investoren\/stressberechnung\/https:\/\/www.weyer-gruppe.com\/anlagenbetreiber-und-investoren\/stressberechnung\/\" target=\"_blank\" rel=\"noopener noreferrer\">Obliczenia napr\u0119\u017ce\u0144<\/a>\u201d), jak r\u00f3wnie\u017c na szczeg\u00f3\u0142owe planowanie ruroci\u0105g\u00f3w, kt\u00f3re jest obs\u0142ugiwane przez grup\u0119 weyer.<\/p>\n<h2>Us\u0142ugi<\/h2>\n<ul class=\"arrow-gray\">\n<li>kontrola szczyt\u00f3w ci\u015bnienia i wyst\u0119puj\u0105cych si\u0142 hydraulicznych<\/li>\n<li>profilaktyczne bezpiecze\u0144stwo proces\u00f3w poprzez obliczanie skok\u00f3w ci\u015bnienia<\/li>\n<li>analiza awarii i wypadk\u00f3w poprzez ponowne obliczenie<\/li>\n<li>systematyczne wy\u0142\u0105czanie pomp i zamykanie armatury<\/li>\n<li>optymalizacja czasu zamykania armatury i zawor\u00f3w<\/li>\n<li>planowanie wdro\u017cenia wszystkich \u015brodk\u00f3w pochodnych do momentu uruchomienia<\/li>\n<\/ul>\n[\/vc_column_text][\/vc_column][\/vc_row][vc_row][vc_column]<div class=\"grve-element grve-hr grve-space-divider\" style=\"\"><\/div>[\/vc_column][\/vc_row][vc_row][vc_column]<h3 class=\"grve-element grve-align-left grve-title-no-line grve-h3\" style=\"\"><span>Nasz zesp\u00f3\u0142<\/span><\/h3>[\/vc_column][\/vc_row][vc_row][vc_column width=&#8221;1\/4&#8243; tablet_sm_width=&#8221;1-2&#8243;]\r\n\t\t<div class=\"grve-team grve-element\" style=\"\">\r\n\t\t\t<figure class=\"grve-image-hover grve-style-1 grve-zoom-in\">\r\n\t\t\t\t<div class=\"grve-team-person grve-media grve-dark-overlay grve-opacity-60\">\r\n\t\t\t\t\t<img decoding=\"async\" width=\"300\" height=\"300\" src=\"https:\/\/www.weyer-gruppe.com\/wp-content\/uploads\/2019\/07\/florian-merkel-horst-weyer-und-partner.jpg\" class=\"attachment-grve-image-small-square size-grve-image-small-square\" alt=\"Foto von Manfred Wientjes der Horst Weyer und Partner gmbh\" \/>\t\t\t\t<\/div>\r\n\t\t\t\t<figcaption>\r\n\t\t\t\t\t<div class=\"grve-team-description\">\r\n\t\t\t\t\t\t\t\t\t\t\t\t<h4 class=\"grve-team-name grve-dark grve-h4\">Dr. Florian Merkel<\/h4>\r\n\t\t\t\t\t\t\t\t\t\t\t\t<small class=\"grve-team-identity grve-dark\">horst weyer und partner<\/small>\r\n\t\t\t\t\t<\/div>\r\n\t\t\t\t\t\t\t\t\t<\/figcaption>\r\n\t\t\t<\/figure>\r\n\t\t<\/div>\r\n\r\n\t\t[\/vc_column][vc_column width=&#8221;1\/4&#8243; tablet_sm_width=&#8221;1-2&#8243;][\/vc_column][\/vc_row]\n<\/div>","protected":false},"excerpt":{"rendered":"<p>[vc_row][vc_column][vc_column_text]W instalacjach procesowych nieustannie pojawiaj\u0105 si\u0119 uszkodzenia mechaniczne, kt\u00f3re przy dok\u0142adniejszej kontroli mog\u0105 by\u0107 spowodowane skokami ci\u015bnienia. Nawet je\u015bli wybrana konstrukcja instalacji uwzgl\u0119dnia stacjonarne ci\u015bnienia robocze, skoki ci\u015bnienia mog\u0105 prowadzi\u0107 do awarii komponent\u00f3w. Zjawiska te dotycz\u0105 g\u0142\u00f3wnie d\u0142u\u017cszych ruroci\u0105g\u00f3w transportuj\u0105cych ciecze, ruroci\u0105g\u00f3w i sieci dostawczych. Obci\u0105\u017cenia dynamiczne zwi\u0105zane z nieustalonymi procesami przep\u0142ywu Skoki ci\u015bnienia mog\u0105 [&hellip;]<\/p>\n","protected":false},"author":5,"featured_media":0,"parent":23842,"menu_order":0,"comment_status":"closed","ping_status":"closed","template":"","meta":{"footnotes":""},"class_list":["post-23143","page","type-page","status-publish","hentry"],"yoast_head":"<!-- This site is optimized with the Yoast SEO Premium plugin v26.9 (Yoast SEO v26.9) - https:\/\/yoast.com\/product\/yoast-seo-premium-wordpress\/ -->\n<title>Symulacja numeryczna i obliczanie skok\u00f3w ci\u015bnienia weyer gruppe<\/title>\n<meta name=\"description\" content=\"Grupa weyer oblicza i sprawdza mo\u017cliwe poziomy ci\u015bnienia wyst\u0119puj\u0105ce w Pa\u0144stwa instalacji. Zapytaj o obliczenia skoku ci\u015bnienia.\" \/>\n<meta name=\"robots\" content=\"index, follow, max-snippet:-1, max-image-preview:large, max-video-preview:-1\" \/>\n<link rel=\"canonical\" href=\"https:\/\/www.weyer-gruppe.com\/pl\/operatorzy-instalacji-i-inwestorzy\/obliczanie-skokow-cisnienia\/\" \/>\n<meta property=\"og:locale\" content=\"pl_PL\" \/>\n<meta property=\"og:type\" content=\"article\" \/>\n<meta property=\"og:title\" content=\"Obliczanie skok\u00f3w ci\u015bnienia\" \/>\n<meta property=\"og:description\" content=\"Grupa weyer oblicza i sprawdza mo\u017cliwe poziomy ci\u015bnienia wyst\u0119puj\u0105ce w Pa\u0144stwa instalacji. Zapytaj o obliczenia skoku ci\u015bnienia.\" \/>\n<meta property=\"og:url\" content=\"https:\/\/www.weyer-gruppe.com\/pl\/operatorzy-instalacji-i-inwestorzy\/obliczanie-skokow-cisnienia\/\" \/>\n<meta property=\"og:site_name\" content=\"weyer gruppe\" \/>\n<meta property=\"article:publisher\" content=\"https:\/\/www.facebook.com\/weyergruppe\" \/>\n<meta property=\"article:modified_time\" content=\"2026-03-20T11:53:46+00:00\" \/>\n<meta name=\"twitter:card\" content=\"summary_large_image\" \/>\n<meta name=\"twitter:label1\" content=\"Szacowany czas czytania\" \/>\n\t<meta name=\"twitter:data1\" content=\"3 minuty\" \/>\n<script type=\"application\/ld+json\" class=\"yoast-schema-graph\">{\"@context\":\"https:\/\/schema.org\",\"@graph\":[{\"@type\":\"WebPage\",\"@id\":\"https:\/\/www.weyer-gruppe.com\/pl\/operatorzy-instalacji-i-inwestorzy\/obliczanie-skokow-cisnienia\/\",\"url\":\"https:\/\/www.weyer-gruppe.com\/pl\/operatorzy-instalacji-i-inwestorzy\/obliczanie-skokow-cisnienia\/\",\"name\":\"Symulacja numeryczna i obliczanie skok\u00f3w ci\u015bnienia weyer gruppe\",\"isPartOf\":{\"@id\":\"https:\/\/www.weyer-gruppe.com\/pl\/#website\"},\"datePublished\":\"2019-07-29T14:05:19+00:00\",\"dateModified\":\"2026-03-20T11:53:46+00:00\",\"description\":\"Grupa weyer oblicza i sprawdza mo\u017cliwe poziomy ci\u015bnienia wyst\u0119puj\u0105ce w Pa\u0144stwa instalacji. Zapytaj o obliczenia skoku ci\u015bnienia.\",\"breadcrumb\":{\"@id\":\"https:\/\/www.weyer-gruppe.com\/pl\/operatorzy-instalacji-i-inwestorzy\/obliczanie-skokow-cisnienia\/#breadcrumb\"},\"inLanguage\":\"pl-PL\",\"potentialAction\":[{\"@type\":\"ReadAction\",\"target\":[\"https:\/\/www.weyer-gruppe.com\/pl\/operatorzy-instalacji-i-inwestorzy\/obliczanie-skokow-cisnienia\/\"]}]},{\"@type\":\"BreadcrumbList\",\"@id\":\"https:\/\/www.weyer-gruppe.com\/pl\/operatorzy-instalacji-i-inwestorzy\/obliczanie-skokow-cisnienia\/#breadcrumb\",\"itemListElement\":[{\"@type\":\"ListItem\",\"position\":1,\"name\":\"HOME\",\"item\":\"https:\/\/www.weyer-gruppe.com\/pl\/\"},{\"@type\":\"ListItem\",\"position\":2,\"name\":\"Operatorzy instalacji i inwestorzy\",\"item\":\"https:\/\/www.weyer-gruppe.com\/pl\/operatorzy-instalacji-i-inwestorzy\/\"},{\"@type\":\"ListItem\",\"position\":3,\"name\":\"Obliczanie skok\u00f3w ci\u015bnienia\"}]},{\"@type\":\"WebSite\",\"@id\":\"https:\/\/www.weyer-gruppe.com\/pl\/#website\",\"url\":\"https:\/\/www.weyer-gruppe.com\/pl\/\",\"name\":\"weyer gruppe\",\"description\":\"komplett. durchdacht.\",\"publisher\":{\"@id\":\"https:\/\/www.weyer-gruppe.com\/pl\/#organization\"},\"potentialAction\":[{\"@type\":\"SearchAction\",\"target\":{\"@type\":\"EntryPoint\",\"urlTemplate\":\"https:\/\/www.weyer-gruppe.com\/pl\/?s={search_term_string}\"},\"query-input\":{\"@type\":\"PropertyValueSpecification\",\"valueRequired\":true,\"valueName\":\"search_term_string\"}}],\"inLanguage\":\"pl-PL\"},{\"@type\":\"Organization\",\"@id\":\"https:\/\/www.weyer-gruppe.com\/pl\/#organization\",\"name\":\"weyer gruppe\",\"url\":\"https:\/\/www.weyer-gruppe.com\/pl\/\",\"logo\":{\"@type\":\"ImageObject\",\"inLanguage\":\"pl-PL\",\"@id\":\"https:\/\/www.weyer-gruppe.com\/pl\/#\/schema\/logo\/image\/\",\"url\":\"https:\/\/www.weyer-gruppe.com\/wp-content\/uploads\/2019\/07\/logo-weyer-gruppe-de.png\",\"contentUrl\":\"https:\/\/www.weyer-gruppe.com\/wp-content\/uploads\/2019\/07\/logo-weyer-gruppe-de.png\",\"width\":532,\"height\":513,\"caption\":\"weyer gruppe\"},\"image\":{\"@id\":\"https:\/\/www.weyer-gruppe.com\/pl\/#\/schema\/logo\/image\/\"},\"sameAs\":[\"https:\/\/www.facebook.com\/weyergruppe\",\"https:\/\/de.linkedin.com\/company\/weyer-gruppe\",\"https:\/\/www.youtube.com\/channel\/UCmZItECuW56Ih_p501_Bq8A\"],\"description\":\"Die weyer gruppe ist seit 1976 Ihr Partner f\u00fcr verfahrenstechnische Anlagenplanung und Anlagensicherheit. Mit einem erfahrenen Team von \u00fcber 190 Mitarbeitern in Deutschland, \u00d6sterreich, Polen und der Schweiz realisieren wir j\u00e4hrlich \u00fcber 1.000 Kundenprojekte. Unsere Expertise erstreckt sich \u00fcber verschiedene Branchen wie Chemie, Pharma, Mineral\u00f6l sowie Ver- und Entsorgung. Vertrauen Sie auf die weyer Gruppe f\u00fcr ma\u00dfgeschneiderte Engineering- und Consulting-L\u00f6sungen, die Ihre Anforderungen in puncto Sicherheit und Effizienz erf\u00fcllen.\",\"email\":\"info@weyer-gruppe.com\",\"telephone\":\"+49 (0) 24 21 \u2013 69 09 1 \u2013 0\",\"numberOfEmployees\":{\"@type\":\"QuantitativeValue\",\"minValue\":\"51\",\"maxValue\":\"200\"}}]}<\/script>\n<!-- \/ Yoast SEO Premium plugin. -->","yoast_head_json":{"title":"Symulacja numeryczna i obliczanie skok\u00f3w ci\u015bnienia weyer gruppe","description":"Grupa weyer oblicza i sprawdza mo\u017cliwe poziomy ci\u015bnienia wyst\u0119puj\u0105ce w Pa\u0144stwa instalacji. Zapytaj o obliczenia skoku ci\u015bnienia.","robots":{"index":"index","follow":"follow","max-snippet":"max-snippet:-1","max-image-preview":"max-image-preview:large","max-video-preview":"max-video-preview:-1"},"canonical":"https:\/\/www.weyer-gruppe.com\/pl\/operatorzy-instalacji-i-inwestorzy\/obliczanie-skokow-cisnienia\/","og_locale":"pl_PL","og_type":"article","og_title":"Obliczanie skok\u00f3w ci\u015bnienia","og_description":"Grupa weyer oblicza i sprawdza mo\u017cliwe poziomy ci\u015bnienia wyst\u0119puj\u0105ce w Pa\u0144stwa instalacji. Zapytaj o obliczenia skoku ci\u015bnienia.","og_url":"https:\/\/www.weyer-gruppe.com\/pl\/operatorzy-instalacji-i-inwestorzy\/obliczanie-skokow-cisnienia\/","og_site_name":"weyer gruppe","article_publisher":"https:\/\/www.facebook.com\/weyergruppe","article_modified_time":"2026-03-20T11:53:46+00:00","twitter_card":"summary_large_image","twitter_misc":{"Szacowany czas czytania":"3 minuty"},"schema":{"@context":"https:\/\/schema.org","@graph":[{"@type":"WebPage","@id":"https:\/\/www.weyer-gruppe.com\/pl\/operatorzy-instalacji-i-inwestorzy\/obliczanie-skokow-cisnienia\/","url":"https:\/\/www.weyer-gruppe.com\/pl\/operatorzy-instalacji-i-inwestorzy\/obliczanie-skokow-cisnienia\/","name":"Symulacja numeryczna i obliczanie skok\u00f3w ci\u015bnienia weyer gruppe","isPartOf":{"@id":"https:\/\/www.weyer-gruppe.com\/pl\/#website"},"datePublished":"2019-07-29T14:05:19+00:00","dateModified":"2026-03-20T11:53:46+00:00","description":"Grupa weyer oblicza i sprawdza mo\u017cliwe poziomy ci\u015bnienia wyst\u0119puj\u0105ce w Pa\u0144stwa instalacji. Zapytaj o obliczenia skoku ci\u015bnienia.","breadcrumb":{"@id":"https:\/\/www.weyer-gruppe.com\/pl\/operatorzy-instalacji-i-inwestorzy\/obliczanie-skokow-cisnienia\/#breadcrumb"},"inLanguage":"pl-PL","potentialAction":[{"@type":"ReadAction","target":["https:\/\/www.weyer-gruppe.com\/pl\/operatorzy-instalacji-i-inwestorzy\/obliczanie-skokow-cisnienia\/"]}]},{"@type":"BreadcrumbList","@id":"https:\/\/www.weyer-gruppe.com\/pl\/operatorzy-instalacji-i-inwestorzy\/obliczanie-skokow-cisnienia\/#breadcrumb","itemListElement":[{"@type":"ListItem","position":1,"name":"HOME","item":"https:\/\/www.weyer-gruppe.com\/pl\/"},{"@type":"ListItem","position":2,"name":"Operatorzy instalacji i inwestorzy","item":"https:\/\/www.weyer-gruppe.com\/pl\/operatorzy-instalacji-i-inwestorzy\/"},{"@type":"ListItem","position":3,"name":"Obliczanie skok\u00f3w ci\u015bnienia"}]},{"@type":"WebSite","@id":"https:\/\/www.weyer-gruppe.com\/pl\/#website","url":"https:\/\/www.weyer-gruppe.com\/pl\/","name":"weyer gruppe","description":"komplett. durchdacht.","publisher":{"@id":"https:\/\/www.weyer-gruppe.com\/pl\/#organization"},"potentialAction":[{"@type":"SearchAction","target":{"@type":"EntryPoint","urlTemplate":"https:\/\/www.weyer-gruppe.com\/pl\/?s={search_term_string}"},"query-input":{"@type":"PropertyValueSpecification","valueRequired":true,"valueName":"search_term_string"}}],"inLanguage":"pl-PL"},{"@type":"Organization","@id":"https:\/\/www.weyer-gruppe.com\/pl\/#organization","name":"weyer gruppe","url":"https:\/\/www.weyer-gruppe.com\/pl\/","logo":{"@type":"ImageObject","inLanguage":"pl-PL","@id":"https:\/\/www.weyer-gruppe.com\/pl\/#\/schema\/logo\/image\/","url":"https:\/\/www.weyer-gruppe.com\/wp-content\/uploads\/2019\/07\/logo-weyer-gruppe-de.png","contentUrl":"https:\/\/www.weyer-gruppe.com\/wp-content\/uploads\/2019\/07\/logo-weyer-gruppe-de.png","width":532,"height":513,"caption":"weyer gruppe"},"image":{"@id":"https:\/\/www.weyer-gruppe.com\/pl\/#\/schema\/logo\/image\/"},"sameAs":["https:\/\/www.facebook.com\/weyergruppe","https:\/\/de.linkedin.com\/company\/weyer-gruppe","https:\/\/www.youtube.com\/channel\/UCmZItECuW56Ih_p501_Bq8A"],"description":"Die weyer gruppe ist seit 1976 Ihr Partner f\u00fcr verfahrenstechnische Anlagenplanung und Anlagensicherheit. Mit einem erfahrenen Team von \u00fcber 190 Mitarbeitern in Deutschland, \u00d6sterreich, Polen und der Schweiz realisieren wir j\u00e4hrlich \u00fcber 1.000 Kundenprojekte. Unsere Expertise erstreckt sich \u00fcber verschiedene Branchen wie Chemie, Pharma, Mineral\u00f6l sowie Ver- und Entsorgung. Vertrauen Sie auf die weyer Gruppe f\u00fcr ma\u00dfgeschneiderte Engineering- und Consulting-L\u00f6sungen, die Ihre Anforderungen in puncto Sicherheit und Effizienz erf\u00fcllen.","email":"info@weyer-gruppe.com","telephone":"+49 (0) 24 21 \u2013 69 09 1 \u2013 0","numberOfEmployees":{"@type":"QuantitativeValue","minValue":"51","maxValue":"200"}}]}},"_links":{"self":[{"href":"https:\/\/www.weyer-gruppe.com\/pl\/wp-json\/wp\/v2\/pages\/23143","targetHints":{"allow":["GET"]}}],"collection":[{"href":"https:\/\/www.weyer-gruppe.com\/pl\/wp-json\/wp\/v2\/pages"}],"about":[{"href":"https:\/\/www.weyer-gruppe.com\/pl\/wp-json\/wp\/v2\/types\/page"}],"author":[{"embeddable":true,"href":"https:\/\/www.weyer-gruppe.com\/pl\/wp-json\/wp\/v2\/users\/5"}],"replies":[{"embeddable":true,"href":"https:\/\/www.weyer-gruppe.com\/pl\/wp-json\/wp\/v2\/comments?post=23143"}],"version-history":[{"count":1,"href":"https:\/\/www.weyer-gruppe.com\/pl\/wp-json\/wp\/v2\/pages\/23143\/revisions"}],"predecessor-version":[{"id":238015,"href":"https:\/\/www.weyer-gruppe.com\/pl\/wp-json\/wp\/v2\/pages\/23143\/revisions\/238015"}],"up":[{"embeddable":true,"href":"https:\/\/www.weyer-gruppe.com\/pl\/wp-json\/wp\/v2\/pages\/23842"}],"wp:attachment":[{"href":"https:\/\/www.weyer-gruppe.com\/pl\/wp-json\/wp\/v2\/media?parent=23143"}],"curies":[{"name":"wp","href":"https:\/\/api.w.org\/{rel}","templated":true}]}}