{"id":23129,"date":"2019-07-29T16:04:24","date_gmt":"2019-07-29T14:04:24","guid":{"rendered":"https:\/\/www.weyer-gruppe.com\/oczyszczanie-powietrza-wylotowego\/"},"modified":"2026-03-20T12:59:55","modified_gmt":"2026-03-20T11:59:55","slug":"oczyszczanie-powietrza-wylotowego","status":"publish","type":"page","link":"https:\/\/www.weyer-gruppe.com\/pl\/operatorzy-instalacji-i-inwestorzy\/oczyszczanie-powietrza-wylotowego\/","title":{"rendered":"Oczyszczanie powietrza wylotowego"},"content":{"rendered":"<div class=\"wpb-content-wrapper\">[vc_row][vc_column][vc_column_text]Rozw\u00f3j koncepcji oczyszczania powietrza wylotowego, szczeg\u00f3lnie w przypadku centralnego oczyszczania kilku strumieni powietrza wylotowego, rodzi wiele pyta\u0144, zale\u017cno\u015bci i konflikt\u00f3w cel\u00f3w \u2013 wszystko to ma zwi\u0105zek z oczyszczaniem powietrza wylotowego. Opr\u00f3cz zgodnego z przepisami oczyszczania powietrza wylotowego do obowi\u0105zuj\u0105cych warto\u015bci granicznych w centrum uwagi znajduj\u0105 si\u0119 kwestie zwi\u0105zane z dost\u0119pno\u015bci\u0105 operacyjn\u0105 systemu oczyszczania powietrza wylotowego, jego wp\u0142ywem na koncepcj\u0119 bezpiecze\u0144stwa po\u0142\u0105czonych instalacji, a tak\u017ce efektywno\u015b\u0107 energetyczna i ekonomiczno\u015b\u0107. Wszystkie te kwestie musz\u0105 zosta\u0107 wyja\u015bnione jak najwcze\u015bniej i jak najbardziej jednoznacznie w ramach opracowania koncepcji. Pod koniec procesu opracowywania koncepcji znajduje si\u0119 wyb\u00f3r optymalnego procesu oczyszczania powietrza wylotowego, wraz z towarzysz\u0105c\u0105 mu koncepcj\u0105 bezpiecze\u0144stwa, na podstawie sumy wszystkich kryteri\u00f3w, kt\u00f3re nale\u017cy zastosowa\u0107.<\/p>\n<p>Decyduj\u0105cymi czynnikami, kt\u00f3re wp\u0142ywaj\u0105 na ocen\u0119, s\u0105 nie tylko koszty inwestycyjne i operacyjne, ale tak\u017ce niezawodna technicznie realizacja. System zbierania powietrza wylotowego lub system zbierania spalin, do kt\u00f3rego pod\u0142\u0105czone s\u0105 instalacje do proces\u00f3w wsadowych, zachowuje si\u0119 inaczej ni\u017c system, do kt\u00f3rego wprowadzane s\u0105 spaliny z proces\u00f3w pracuj\u0105cych w spos\u00f3b ci\u0105g\u0142y. Je\u017celi powstaj\u0105ce w ten spos\u00f3b strumienie gaz\u00f3w odlotowych maj\u0105 by\u0107 doprowadzane do spalarni, dost\u0119pne s\u0105 r\u00f3\u017cne procesy, takie jak dopalanie termiczne, dopalanie katalityczne i dopalanie regeneracyjne.<\/p>\n<p>Ka\u017cda z tych metod ma swoje zalety w por\u00f3wnaniu z innymi. W tym przypadku konieczne jest odnotowanie wszystkich aspekt\u00f3w, aby najpierw okre\u015bli\u0107 techniczn\u0105 wykonalno\u015b\u0107 i sens stosowanej technologii. Szczeg\u00f3lne znaczenie maj\u0105 tu nast\u0119puj\u0105ce kryteria:<\/p>\n<ul class=\"arrow-gray\">\n<li class=\"first-child\">Obci\u0105\u017cenie w\u0119glowodorami, kt\u00f3re przyczyniaj\u0105 si\u0119 do udzia\u0142u energii podczas spalania<\/li>\n<li>Dolne i g\u00f3rne granice wybuchowo\u015bci<\/li>\n<li>Trucizny katalizatora<\/li>\n<li>Zakresy waha\u0144 w przep\u0142ywie obj\u0119to\u015bciowym gazu<\/li>\n<li>Zakresy waha\u0144 obci\u0105\u017ce\u0144 organicznych<\/li>\n<li class=\"last-child\">Chronologiczna prezentacja powy\u017cszych waha\u0144<\/li>\n<\/ul>\n<p>W oparciu o niezb\u0119dn\u0105 analiz\u0119 uk\u0142adu spalinowego oceniane s\u0105 nast\u0119pnie poszczeg\u00f3lne procesy spalania.<\/p>\n<p>Oczywi\u015bcie opr\u00f3cz spalania dost\u0119pne s\u0105 r\u00f3wnie\u017c inne procesy. Przyk\u0142adami s\u0105 instalacje absorpcyjne, adsorpcyjne, kondensacyjne i membranowe. Tutaj obszary zastosowa\u0144 s\u0105 bardzo ograniczone. Mog\u0105 one wykaza\u0107 swoje zalety tam, gdzie na przyk\u0142ad w spalinach zawarty jest jeden lub tylko niekt\u00f3re elementy i mog\u0105 by\u0107 oddzielone rozs\u0105dnym wysi\u0142kiem przy u\u017cyciu proces\u00f3w. W szczeg\u00f3lno\u015bci je\u015bli substancje maj\u0105 by\u0107 odzyskiwane ze spalin, jak to cz\u0119sto ma miejsce w przypadku odzyskiwania rozpuszczalnik\u00f3w, procesy takie podlegaj\u0105 dok\u0142adniejszej analizie.<\/p>\n<p>Nie do przecenienia s\u0105 r\u00f3wnie\u017c nowo dodane strumienie spalin ze zmodyfikowanych lub nowych instalacji procesowych, kt\u00f3re s\u0105 pod\u0142\u0105czone do uk\u0142adu spalinowego. W tym celu konieczna jest ponowna ocena ca\u0142ego systemu. Znacz\u0105cy wp\u0142yw mo\u017ce pojawi\u0107 si\u0119 zw\u0142aszcza w dziedzinie techniki bezpiecze\u0144stwa, tutaj przede wszystkim ochrony przeciwwybuchowej.<\/p>\n<h2>Us\u0142ugi<\/h2>\n<ul class=\"arrow-gray\">\n<li class=\"first-child\">Okre\u015blenie danych dotycz\u0105cych przep\u0142ywu powietrza wylotowego i podstawy projektowej<\/li>\n<li>Wyb\u00f3r procesu oczyszczania powietrza wylotowego<\/li>\n<li>Klasyfikacja obszar\u00f3w zagro\u017cenia wybuchowego<\/li>\n<li>Przygotowanie koncepcji ochrony przeciwwybuchowej<\/li>\n<li>Przygotowanie specyfikacji zapytania i wsparcie w trakcie procedury udzielania zam\u00f3wienia<\/li>\n<li>Kosztorysowanie<\/li>\n<li class=\"last-child\">Wsparcie rozruchu i monta\u017cu<\/li>\n<\/ul>\n[\/vc_column_text][\/vc_column][\/vc_row][vc_row][vc_column]<div class=\"grve-element grve-hr grve-space-divider\" style=\"\"><\/div>[\/vc_column][\/vc_row][vc_row bg_type=&#8221;color&#8221; bg_color=&#8221;#0b3c80&#8243; font_color=&#8221;#ffffff&#8221;][vc_column]<div class=\"grve-element grve-hr grve-space-divider\" style=\"\"><\/div><div class=\"grve-element grve-image-text\" style=\"\">  <div class=\"grve-content grve-align-right\">    <h6>weyer spezial: Oczyszczanie powietrza wylotowego<\/h6>  <p>Przy opracowywaniu nowoczesnych koncepcji oczyszczania powietrza odlotowego nale\u017cy wzi\u0105\u0107 pod uwag\u0119 wiele kryteri\u00f3w. Z jednej strony, obowi\u0105zuj\u0105ce limity zosta\u0142y zaostrzone przez ustawodawc\u0119, z drugiej strony, produkcja nie mo\u017ce by\u0107 zak\u0142\u00f3cana przez instalacj\u0119 i dzia\u0142anie systemu oczyszczania powietrza odlotowego. Ostatecznie, dzi\u015b &#8211; bardziej ni\u017c kiedykolwiek &#8211; skupiamy si\u0119 na efektywno\u015bci ekonomicznej stosowanych proces\u00f3w&#8230;<\/p>    <a href=\"https:\/\/www.weyer-gruppe.com\/wp-content\/uploads\/2023\/04\/2022_weyer-spezial_Abluftreinigung_29.11.2023.pdf\" target=\"_blank\" class=\"grve-read-more \">Pobierz weyer spezial tutaj<\/a>  <\/div><div class=\"grve-image\"><img decoding=\"async\" width=\"250\" height=\"354\" src=\"https:\/\/www.weyer-gruppe.com\/wp-content\/uploads\/2019\/07\/weyer-spezial-weyer-gruppe-abluftreinigung.jpg\" class=\"attachment-full size-full\" alt=\"weyer spezial zum Thema Abluftreinigung\" srcset=\"\" \/><\/div><\/div><div class=\"grve-element grve-hr grve-space-divider\" style=\"\"><\/div>[\/vc_column][\/vc_row][vc_row][vc_column]<div class=\"grve-element grve-hr grve-space-divider\" style=\"\"><\/div><h3 class=\"grve-element grve-align-left grve-title-no-line grve-h3\" style=\"\"><span>Nasz zesp\u00f3\u0142<\/span><\/h3>[\/vc_column][\/vc_row][vc_row][vc_column width=&#8221;1\/4&#8243; tablet_sm_width=&#8221;1-2&#8243;]\r\n\t\t<div class=\"grve-team grve-element\" style=\"\">\r\n\t\t\t<figure class=\"grve-image-hover grve-style-1 grve-zoom-in\">\r\n\t\t\t\t<div class=\"grve-team-person grve-media grve-dark-overlay grve-opacity-60\">\r\n\t\t\t\t\t<img decoding=\"async\" width=\"300\" height=\"300\" src=\"https:\/\/www.weyer-gruppe.com\/wp-content\/uploads\/2019\/07\/ulrich-pynappel-horst-weyer-und-partner.jpg\" class=\"attachment-grve-image-small-square size-grve-image-small-square\" alt=\"Foto von Ulrich Pynappel der Horst Weyer und Partner gmbh\" srcset=\"https:\/\/www.weyer-gruppe.com\/wp-content\/uploads\/2019\/07\/ulrich-pynappel-horst-weyer-und-partner.jpg 300w, https:\/\/www.weyer-gruppe.com\/wp-content\/uploads\/2019\/07\/ulrich-pynappel-horst-weyer-und-partner-150x150.jpg 150w, https:\/\/www.weyer-gruppe.com\/wp-content\/uploads\/2019\/07\/ulrich-pynappel-horst-weyer-und-partner-80x80.jpg 80w\" sizes=\"(max-width: 300px) 100vw, 300px\" \/>\t\t\t\t<\/div>\r\n\t\t\t\t<figcaption>\r\n\t\t\t\t\t<div class=\"grve-team-description\">\r\n\t\t\t\t\t\t\t\t\t\t\t\t<h4 class=\"grve-team-name grve-dark grve-h4\">Ulrich Pynappel<\/h4>\r\n\t\t\t\t\t\t\t\t\t\t\t\t<small class=\"grve-team-identity grve-dark\">horst weyer und partner<\/small>\r\n\t\t\t\t\t<\/div>\r\n\t\t\t\t\t\t\t\t\t<\/figcaption>\r\n\t\t\t<\/figure>\r\n\t\t<\/div>\r\n\r\n\t\t[\/vc_column][vc_column width=&#8221;1\/4&#8243; tablet_sm_width=&#8221;1-2&#8243;]\r\n\t\t<div class=\"grve-team grve-element\" style=\"\">\r\n\t\t\t<figure class=\"grve-image-hover grve-style-1 grve-zoom-in\">\r\n\t\t\t\t<div class=\"grve-team-person grve-media grve-dark-overlay grve-opacity-60\">\r\n\t\t\t\t\t<img decoding=\"async\" width=\"300\" height=\"300\" src=\"https:\/\/www.weyer-gruppe.com\/wp-content\/uploads\/2019\/07\/wch-f.sutter.png\" class=\"attachment-grve-image-small-square size-grve-image-small-square\" alt=\"Zdj\u0119cie pracownika Frank Sutter z Weyer und Partner (Schweiz) AG\" srcset=\"https:\/\/www.weyer-gruppe.com\/wp-content\/uploads\/2019\/07\/wch-f.sutter.png 300w, https:\/\/www.weyer-gruppe.com\/wp-content\/uploads\/2019\/07\/wch-f.sutter-150x150.png 150w, https:\/\/www.weyer-gruppe.com\/wp-content\/uploads\/2019\/07\/wch-f.sutter-80x80.png 80w\" sizes=\"(max-width: 300px) 100vw, 300px\" \/>\t\t\t\t<\/div>\r\n\t\t\t\t<figcaption>\r\n\t\t\t\t\t<div class=\"grve-team-description\">\r\n\t\t\t\t\t\t\t\t\t\t\t\t<h4 class=\"grve-team-name grve-dark grve-h4\">Frank Sutter<\/h4>\r\n\t\t\t\t\t\t\t\t\t\t\t\t<small class=\"grve-team-identity grve-dark\">Weyer und Partner (Schweiz)<\/small>\r\n\t\t\t\t\t<\/div>\r\n\t\t\t\t\t\t\t\t\t<\/figcaption>\r\n\t\t\t<\/figure>\r\n\t\t<\/div>\r\n\r\n\t\t[\/vc_column][vc_column width=&#8221;1\/4&#8243; tablet_sm_width=&#8221;1-2&#8243;][\/vc_column][vc_column width=&#8221;1\/4&#8243; tablet_sm_width=&#8221;1-2&#8243;][\/vc_column][\/vc_row]\n<\/div>","protected":false},"excerpt":{"rendered":"<p>[vc_row][vc_column][vc_column_text]Rozw\u00f3j koncepcji oczyszczania powietrza wylotowego, szczeg\u00f3lnie w przypadku centralnego oczyszczania kilku strumieni powietrza wylotowego, rodzi wiele pyta\u0144, zale\u017cno\u015bci i konflikt\u00f3w cel\u00f3w \u2013 wszystko to ma zwi\u0105zek z oczyszczaniem powietrza wylotowego. Opr\u00f3cz zgodnego z przepisami oczyszczania powietrza wylotowego do obowi\u0105zuj\u0105cych warto\u015bci granicznych w centrum uwagi znajduj\u0105 si\u0119 kwestie zwi\u0105zane z dost\u0119pno\u015bci\u0105 operacyjn\u0105 systemu oczyszczania powietrza wylotowego, [&hellip;]<\/p>\n","protected":false},"author":5,"featured_media":0,"parent":23842,"menu_order":0,"comment_status":"closed","ping_status":"closed","template":"","meta":{"footnotes":""},"class_list":["post-23129","page","type-page","status-publish","hentry"],"yoast_head":"<!-- This site is optimized with the Yoast SEO Premium plugin v27.4 (Yoast SEO v27.4) - https:\/\/yoast.com\/product\/yoast-seo-premium-wordpress\/ -->\n<title>Oczyszczanie powietrza wylotowego &#8211; weyer gruppe<\/title>\n<meta name=\"robots\" content=\"noindex, follow\" \/>\n<meta property=\"og:locale\" content=\"pl_PL\" \/>\n<meta property=\"og:type\" content=\"article\" \/>\n<meta property=\"og:title\" content=\"Oczyszczanie powietrza wylotowego\" \/>\n<meta property=\"og:description\" content=\"[vc_row][vc_column][vc_column_text]Rozw\u00f3j koncepcji oczyszczania powietrza wylotowego, szczeg\u00f3lnie w przypadku centralnego oczyszczania kilku strumieni powietrza wylotowego, rodzi wiele pyta\u0144, zale\u017cno\u015bci i konflikt\u00f3w cel\u00f3w \u2013 wszystko to ma zwi\u0105zek z oczyszczaniem powietrza wylotowego. Opr\u00f3cz zgodnego z przepisami oczyszczania powietrza wylotowego do obowi\u0105zuj\u0105cych warto\u015bci granicznych w centrum uwagi znajduj\u0105 si\u0119 kwestie zwi\u0105zane z dost\u0119pno\u015bci\u0105 operacyjn\u0105 systemu oczyszczania powietrza wylotowego, [&hellip;]\" \/>\n<meta property=\"og:url\" content=\"https:\/\/www.weyer-gruppe.com\/pl\/operatorzy-instalacji-i-inwestorzy\/oczyszczanie-powietrza-wylotowego\/\" \/>\n<meta property=\"og:site_name\" content=\"weyer gruppe\" \/>\n<meta property=\"article:publisher\" content=\"https:\/\/www.facebook.com\/weyergruppe\" \/>\n<meta property=\"article:modified_time\" content=\"2026-03-20T11:59:55+00:00\" \/>\n<meta name=\"twitter:card\" content=\"summary_large_image\" \/>\n<meta name=\"twitter:label1\" content=\"Szacowany czas czytania\" \/>\n\t<meta name=\"twitter:data1\" content=\"4 minuty\" \/>\n<script type=\"application\/ld+json\" class=\"yoast-schema-graph\">{\"@context\":\"https:\\\/\\\/schema.org\",\"@graph\":[{\"@type\":\"WebPage\",\"@id\":\"https:\\\/\\\/www.weyer-gruppe.com\\\/pl\\\/operatorzy-instalacji-i-inwestorzy\\\/oczyszczanie-powietrza-wylotowego\\\/\",\"url\":\"https:\\\/\\\/www.weyer-gruppe.com\\\/pl\\\/operatorzy-instalacji-i-inwestorzy\\\/oczyszczanie-powietrza-wylotowego\\\/\",\"name\":\"Oczyszczanie powietrza wylotowego &#8211; weyer gruppe\",\"isPartOf\":{\"@id\":\"https:\\\/\\\/www.weyer-gruppe.com\\\/pl\\\/#website\"},\"datePublished\":\"2019-07-29T14:04:24+00:00\",\"dateModified\":\"2026-03-20T11:59:55+00:00\",\"breadcrumb\":{\"@id\":\"https:\\\/\\\/www.weyer-gruppe.com\\\/pl\\\/operatorzy-instalacji-i-inwestorzy\\\/oczyszczanie-powietrza-wylotowego\\\/#breadcrumb\"},\"inLanguage\":\"pl-PL\",\"potentialAction\":[{\"@type\":\"ReadAction\",\"target\":[\"https:\\\/\\\/www.weyer-gruppe.com\\\/pl\\\/operatorzy-instalacji-i-inwestorzy\\\/oczyszczanie-powietrza-wylotowego\\\/\"]}]},{\"@type\":\"BreadcrumbList\",\"@id\":\"https:\\\/\\\/www.weyer-gruppe.com\\\/pl\\\/operatorzy-instalacji-i-inwestorzy\\\/oczyszczanie-powietrza-wylotowego\\\/#breadcrumb\",\"itemListElement\":[{\"@type\":\"ListItem\",\"position\":1,\"name\":\"HOME\",\"item\":\"https:\\\/\\\/www.weyer-gruppe.com\\\/pl\\\/\"},{\"@type\":\"ListItem\",\"position\":2,\"name\":\"Operatorzy instalacji i inwestorzy\",\"item\":\"https:\\\/\\\/www.weyer-gruppe.com\\\/pl\\\/operatorzy-instalacji-i-inwestorzy\\\/\"},{\"@type\":\"ListItem\",\"position\":3,\"name\":\"Oczyszczanie powietrza wylotowego\"}]},{\"@type\":\"WebSite\",\"@id\":\"https:\\\/\\\/www.weyer-gruppe.com\\\/pl\\\/#website\",\"url\":\"https:\\\/\\\/www.weyer-gruppe.com\\\/pl\\\/\",\"name\":\"weyer gruppe\",\"description\":\"komplett. durchdacht.\",\"publisher\":{\"@id\":\"https:\\\/\\\/www.weyer-gruppe.com\\\/pl\\\/#organization\"},\"potentialAction\":[{\"@type\":\"SearchAction\",\"target\":{\"@type\":\"EntryPoint\",\"urlTemplate\":\"https:\\\/\\\/www.weyer-gruppe.com\\\/pl\\\/?s={search_term_string}\"},\"query-input\":{\"@type\":\"PropertyValueSpecification\",\"valueRequired\":true,\"valueName\":\"search_term_string\"}}],\"inLanguage\":\"pl-PL\"},{\"@type\":\"Organization\",\"@id\":\"https:\\\/\\\/www.weyer-gruppe.com\\\/pl\\\/#organization\",\"name\":\"weyer gruppe\",\"url\":\"https:\\\/\\\/www.weyer-gruppe.com\\\/pl\\\/\",\"logo\":{\"@type\":\"ImageObject\",\"inLanguage\":\"pl-PL\",\"@id\":\"https:\\\/\\\/www.weyer-gruppe.com\\\/pl\\\/#\\\/schema\\\/logo\\\/image\\\/\",\"url\":\"https:\\\/\\\/www.weyer-gruppe.com\\\/wp-content\\\/uploads\\\/2019\\\/07\\\/logo-weyer-gruppe-de.png\",\"contentUrl\":\"https:\\\/\\\/www.weyer-gruppe.com\\\/wp-content\\\/uploads\\\/2019\\\/07\\\/logo-weyer-gruppe-de.png\",\"width\":532,\"height\":513,\"caption\":\"weyer gruppe\"},\"image\":{\"@id\":\"https:\\\/\\\/www.weyer-gruppe.com\\\/pl\\\/#\\\/schema\\\/logo\\\/image\\\/\"},\"sameAs\":[\"https:\\\/\\\/www.facebook.com\\\/weyergruppe\",\"https:\\\/\\\/de.linkedin.com\\\/company\\\/weyer-gruppe\",\"https:\\\/\\\/www.youtube.com\\\/channel\\\/UCmZItECuW56Ih_p501_Bq8A\"],\"description\":\"Die weyer gruppe ist seit 1976 Ihr Partner f\u00fcr verfahrenstechnische Anlagenplanung und Anlagensicherheit. Mit einem erfahrenen Team von \u00fcber 190 Mitarbeitern in Deutschland, \u00d6sterreich, Polen und der Schweiz realisieren wir j\u00e4hrlich \u00fcber 1.000 Kundenprojekte. Unsere Expertise erstreckt sich \u00fcber verschiedene Branchen wie Chemie, Pharma, Mineral\u00f6l sowie Ver- und Entsorgung. Vertrauen Sie auf die weyer Gruppe f\u00fcr ma\u00dfgeschneiderte Engineering- und Consulting-L\u00f6sungen, die Ihre Anforderungen in puncto Sicherheit und Effizienz erf\u00fcllen.\",\"email\":\"info@weyer-gruppe.com\",\"telephone\":\"+49 (0) 24 21 \u2013 69 09 1 \u2013 0\",\"numberOfEmployees\":{\"@type\":\"QuantitativeValue\",\"minValue\":\"51\",\"maxValue\":\"200\"}}]}<\/script>\n<!-- \/ Yoast SEO Premium plugin. -->","yoast_head_json":{"title":"Oczyszczanie powietrza wylotowego &#8211; weyer gruppe","robots":{"index":"noindex","follow":"follow"},"og_locale":"pl_PL","og_type":"article","og_title":"Oczyszczanie powietrza wylotowego","og_description":"[vc_row][vc_column][vc_column_text]Rozw\u00f3j koncepcji oczyszczania powietrza wylotowego, szczeg\u00f3lnie w przypadku centralnego oczyszczania kilku strumieni powietrza wylotowego, rodzi wiele pyta\u0144, zale\u017cno\u015bci i konflikt\u00f3w cel\u00f3w \u2013 wszystko to ma zwi\u0105zek z oczyszczaniem powietrza wylotowego. Opr\u00f3cz zgodnego z przepisami oczyszczania powietrza wylotowego do obowi\u0105zuj\u0105cych warto\u015bci granicznych w centrum uwagi znajduj\u0105 si\u0119 kwestie zwi\u0105zane z dost\u0119pno\u015bci\u0105 operacyjn\u0105 systemu oczyszczania powietrza wylotowego, [&hellip;]","og_url":"https:\/\/www.weyer-gruppe.com\/pl\/operatorzy-instalacji-i-inwestorzy\/oczyszczanie-powietrza-wylotowego\/","og_site_name":"weyer gruppe","article_publisher":"https:\/\/www.facebook.com\/weyergruppe","article_modified_time":"2026-03-20T11:59:55+00:00","twitter_card":"summary_large_image","twitter_misc":{"Szacowany czas czytania":"4 minuty"},"schema":{"@context":"https:\/\/schema.org","@graph":[{"@type":"WebPage","@id":"https:\/\/www.weyer-gruppe.com\/pl\/operatorzy-instalacji-i-inwestorzy\/oczyszczanie-powietrza-wylotowego\/","url":"https:\/\/www.weyer-gruppe.com\/pl\/operatorzy-instalacji-i-inwestorzy\/oczyszczanie-powietrza-wylotowego\/","name":"Oczyszczanie powietrza wylotowego &#8211; weyer gruppe","isPartOf":{"@id":"https:\/\/www.weyer-gruppe.com\/pl\/#website"},"datePublished":"2019-07-29T14:04:24+00:00","dateModified":"2026-03-20T11:59:55+00:00","breadcrumb":{"@id":"https:\/\/www.weyer-gruppe.com\/pl\/operatorzy-instalacji-i-inwestorzy\/oczyszczanie-powietrza-wylotowego\/#breadcrumb"},"inLanguage":"pl-PL","potentialAction":[{"@type":"ReadAction","target":["https:\/\/www.weyer-gruppe.com\/pl\/operatorzy-instalacji-i-inwestorzy\/oczyszczanie-powietrza-wylotowego\/"]}]},{"@type":"BreadcrumbList","@id":"https:\/\/www.weyer-gruppe.com\/pl\/operatorzy-instalacji-i-inwestorzy\/oczyszczanie-powietrza-wylotowego\/#breadcrumb","itemListElement":[{"@type":"ListItem","position":1,"name":"HOME","item":"https:\/\/www.weyer-gruppe.com\/pl\/"},{"@type":"ListItem","position":2,"name":"Operatorzy instalacji i inwestorzy","item":"https:\/\/www.weyer-gruppe.com\/pl\/operatorzy-instalacji-i-inwestorzy\/"},{"@type":"ListItem","position":3,"name":"Oczyszczanie powietrza wylotowego"}]},{"@type":"WebSite","@id":"https:\/\/www.weyer-gruppe.com\/pl\/#website","url":"https:\/\/www.weyer-gruppe.com\/pl\/","name":"weyer gruppe","description":"komplett. durchdacht.","publisher":{"@id":"https:\/\/www.weyer-gruppe.com\/pl\/#organization"},"potentialAction":[{"@type":"SearchAction","target":{"@type":"EntryPoint","urlTemplate":"https:\/\/www.weyer-gruppe.com\/pl\/?s={search_term_string}"},"query-input":{"@type":"PropertyValueSpecification","valueRequired":true,"valueName":"search_term_string"}}],"inLanguage":"pl-PL"},{"@type":"Organization","@id":"https:\/\/www.weyer-gruppe.com\/pl\/#organization","name":"weyer gruppe","url":"https:\/\/www.weyer-gruppe.com\/pl\/","logo":{"@type":"ImageObject","inLanguage":"pl-PL","@id":"https:\/\/www.weyer-gruppe.com\/pl\/#\/schema\/logo\/image\/","url":"https:\/\/www.weyer-gruppe.com\/wp-content\/uploads\/2019\/07\/logo-weyer-gruppe-de.png","contentUrl":"https:\/\/www.weyer-gruppe.com\/wp-content\/uploads\/2019\/07\/logo-weyer-gruppe-de.png","width":532,"height":513,"caption":"weyer gruppe"},"image":{"@id":"https:\/\/www.weyer-gruppe.com\/pl\/#\/schema\/logo\/image\/"},"sameAs":["https:\/\/www.facebook.com\/weyergruppe","https:\/\/de.linkedin.com\/company\/weyer-gruppe","https:\/\/www.youtube.com\/channel\/UCmZItECuW56Ih_p501_Bq8A"],"description":"Die weyer gruppe ist seit 1976 Ihr Partner f\u00fcr verfahrenstechnische Anlagenplanung und Anlagensicherheit. Mit einem erfahrenen Team von \u00fcber 190 Mitarbeitern in Deutschland, \u00d6sterreich, Polen und der Schweiz realisieren wir j\u00e4hrlich \u00fcber 1.000 Kundenprojekte. Unsere Expertise erstreckt sich \u00fcber verschiedene Branchen wie Chemie, Pharma, Mineral\u00f6l sowie Ver- und Entsorgung. Vertrauen Sie auf die weyer Gruppe f\u00fcr ma\u00dfgeschneiderte Engineering- und Consulting-L\u00f6sungen, die Ihre Anforderungen in puncto Sicherheit und Effizienz erf\u00fcllen.","email":"info@weyer-gruppe.com","telephone":"+49 (0) 24 21 \u2013 69 09 1 \u2013 0","numberOfEmployees":{"@type":"QuantitativeValue","minValue":"51","maxValue":"200"}}]}},"_links":{"self":[{"href":"https:\/\/www.weyer-gruppe.com\/pl\/wp-json\/wp\/v2\/pages\/23129","targetHints":{"allow":["GET"]}}],"collection":[{"href":"https:\/\/www.weyer-gruppe.com\/pl\/wp-json\/wp\/v2\/pages"}],"about":[{"href":"https:\/\/www.weyer-gruppe.com\/pl\/wp-json\/wp\/v2\/types\/page"}],"author":[{"embeddable":true,"href":"https:\/\/www.weyer-gruppe.com\/pl\/wp-json\/wp\/v2\/users\/5"}],"replies":[{"embeddable":true,"href":"https:\/\/www.weyer-gruppe.com\/pl\/wp-json\/wp\/v2\/comments?post=23129"}],"version-history":[{"count":1,"href":"https:\/\/www.weyer-gruppe.com\/pl\/wp-json\/wp\/v2\/pages\/23129\/revisions"}],"predecessor-version":[{"id":238019,"href":"https:\/\/www.weyer-gruppe.com\/pl\/wp-json\/wp\/v2\/pages\/23129\/revisions\/238019"}],"up":[{"embeddable":true,"href":"https:\/\/www.weyer-gruppe.com\/pl\/wp-json\/wp\/v2\/pages\/23842"}],"wp:attachment":[{"href":"https:\/\/www.weyer-gruppe.com\/pl\/wp-json\/wp\/v2\/media?parent=23129"}],"curies":[{"name":"wp","href":"https:\/\/api.w.org\/{rel}","templated":true}]}}