{"id":29445,"date":"2020-12-11T09:52:12","date_gmt":"2020-12-11T08:52:12","guid":{"rendered":"https:\/\/www.weyer-gruppe.com\/plant-operators-and-investors\/services-provided-by-welding-engineers\/"},"modified":"2026-03-18T22:06:27","modified_gmt":"2026-03-18T21:06:27","slug":"services-provided-by-welding-engineers","status":"publish","type":"page","link":"https:\/\/www.weyer-gruppe.com\/en\/plant-operators-and-investors\/services-provided-by-welding-engineers\/","title":{"rendered":"Services provided by welding engineers"},"content":{"rendered":"<div class=\"wpb-content-wrapper\">[vc_row][vc_column][vc_column_text]Welding technology plays a very important role for users of welded components, as the end product must safely fulfil its assigned function. In order to be able to guarantee the safety of a welded joint, among other things, welding-related cracking and corrosion must be taken into account. A variety of aspects and interrelationships play an important role, such as base materials, filler materials, temperature, welding process, welding parameters, heat treatment and selection of suitable non-destructive testing methods.<\/p>\n<h2>Services provided by welding engineers<\/h2>\n<ul class=\"arrow-gray\">\n<li>Determination of the qualifications of the welding manufacturer required by the respective regulations (e.g. AD 2000, DIN EN 13445, DIN EN 1090, ASME).<\/li>\n<li>Checking the required welding documents for completeness and correctness before the start of production, such as welding procedure qualifications (WPQR), production weld tests, welding procedure specifications (WPS) and welder certificates (WPQ) with regard to materials, standards and regulations.<\/li>\n<li>Verification of welding plans and traceability of welders<\/li>\n<li>Determination\/review of the test scope and test procedures<\/li>\n<li>Determination\/evaluation of the weld seam design on the basis of production drawings<\/li>\n<li>Supervision of production or performance of interim acceptance tests and assessment of the work carried out on the basis of the welding and design documents provided (weld preparation and execution, heat treatment, compliance with dimensions and tolerances, surface treatment).<\/li>\n<li>Accompanying or carrying out final inspections and checking NDT certificates (e.g. dye penetrant inspection, X-ray inspection, ultrasound inspection) for correctness and completeness<\/li>\n<\/ul>\n<p>Our welding engineers can also advise and support you with repair work or modifications to existing welded joints.[\/vc_column_text][\/vc_column][\/vc_row][vc_row][vc_column]<div class=\"grve-element grve-hr grve-space-divider\" style=\"\"><\/div><h3 class=\"grve-element grve-align-left grve-title-no-line grve-h3\" style=\"\"><span>Our Team<\/span><\/h3>[\/vc_column][\/vc_row][vc_row][vc_column width=&#8221;1\/4&#8243;]\r\n\t\t<div class=\"grve-team grve-element\" style=\"\">\r\n\t\t\t<figure class=\"grve-image-hover grve-style-1 grve-zoom-in\">\r\n\t\t\t\t<div class=\"grve-team-person grve-media grve-dark-overlay grve-opacity-60\">\r\n\t\t\t\t\t<img decoding=\"async\" width=\"350\" height=\"350\" src=\"https:\/\/www.weyer-gruppe.com\/wp-content\/uploads\/2020\/12\/iyad-abou-alfadel.jpg\" class=\"attachment-grve-image-small-square size-grve-image-small-square\" alt=\"\" srcset=\"https:\/\/www.weyer-gruppe.com\/wp-content\/uploads\/2020\/12\/iyad-abou-alfadel.jpg 350w, https:\/\/www.weyer-gruppe.com\/wp-content\/uploads\/2020\/12\/iyad-abou-alfadel-300x300.jpg 300w, https:\/\/www.weyer-gruppe.com\/wp-content\/uploads\/2020\/12\/iyad-abou-alfadel-150x150.jpg 150w, https:\/\/www.weyer-gruppe.com\/wp-content\/uploads\/2020\/12\/iyad-abou-alfadel-80x80.jpg 80w\" sizes=\"(max-width: 350px) 100vw, 350px\" \/>\t\t\t\t<\/div>\r\n\t\t\t\t<figcaption>\r\n\t\t\t\t\t<div class=\"grve-team-description\">\r\n\t\t\t\t\t\t\t\t\t\t\t\t<h4 class=\"grve-team-name grve-dark grve-h4\">Iyad Abou Alfadel<\/h4>\r\n\t\t\t\t\t\t\t\t\t\t\t\t<small class=\"grve-team-identity grve-dark\">horst weyer und partner<\/small>\r\n\t\t\t\t\t<\/div>\r\n\t\t\t\t\t\t\t\t\t<\/figcaption>\r\n\t\t\t<\/figure>\r\n\t\t<\/div>\r\n\r\n\t\t[\/vc_column][\/vc_row][vc_row][vc_column]<div class=\"grve-element grve-hr grve-space-divider\" style=\"\"><\/div>[\/vc_column][\/vc_row]\n<\/div>","protected":false},"excerpt":{"rendered":"<p>[vc_row][vc_column][vc_column_text]Welding technology plays a very important role for users of welded components, as the end product must safely fulfil its assigned function. In order to be able to guarantee the safety of a welded joint, among other things, welding-related cracking and corrosion must be taken into account. A variety of aspects and interrelationships play an [&hellip;]<\/p>\n","protected":false},"author":5,"featured_media":0,"parent":23837,"menu_order":0,"comment_status":"closed","ping_status":"closed","template":"","meta":{"footnotes":""},"class_list":["post-29445","page","type-page","status-publish","hentry"],"yoast_head":"<!-- This site is optimized with the Yoast SEO Premium plugin v27.4 (Yoast SEO v27.4) - https:\/\/yoast.com\/product\/yoast-seo-premium-wordpress\/ -->\n<title>Services provided by welding engineers &#8211; weyer gruppe<\/title>\n<meta name=\"description\" content=\"The weyer group supports you with services for consulting and testing of welding executions by welding engineers.\" \/>\n<meta name=\"robots\" content=\"index, follow, max-snippet:-1, max-image-preview:large, max-video-preview:-1\" \/>\n<link rel=\"canonical\" href=\"https:\/\/www.weyer-gruppe.com\/en\/plant-operators-and-investors\/services-provided-by-welding-engineers\/\" \/>\n<meta property=\"og:locale\" content=\"en_US\" \/>\n<meta property=\"og:type\" content=\"article\" \/>\n<meta property=\"og:title\" content=\"Services provided by welding engineers\" \/>\n<meta property=\"og:description\" content=\"The weyer group supports you with services for consulting and testing of welding executions by welding engineers.\" \/>\n<meta property=\"og:url\" content=\"https:\/\/www.weyer-gruppe.com\/en\/plant-operators-and-investors\/services-provided-by-welding-engineers\/\" \/>\n<meta property=\"og:site_name\" content=\"weyer gruppe\" \/>\n<meta property=\"article:publisher\" content=\"https:\/\/www.facebook.com\/weyergruppe\" \/>\n<meta property=\"article:modified_time\" content=\"2026-03-18T21:06:27+00:00\" \/>\n<meta name=\"twitter:card\" content=\"summary_large_image\" \/>\n<meta name=\"twitter:label1\" content=\"Est. reading time\" \/>\n\t<meta name=\"twitter:data1\" content=\"2 minutes\" \/>\n<script type=\"application\/ld+json\" class=\"yoast-schema-graph\">{\"@context\":\"https:\\\/\\\/schema.org\",\"@graph\":[{\"@type\":\"WebPage\",\"@id\":\"https:\\\/\\\/www.weyer-gruppe.com\\\/en\\\/plant-operators-and-investors\\\/services-provided-by-welding-engineers\\\/\",\"url\":\"https:\\\/\\\/www.weyer-gruppe.com\\\/en\\\/plant-operators-and-investors\\\/services-provided-by-welding-engineers\\\/\",\"name\":\"Services provided by welding engineers &#8211; weyer gruppe\",\"isPartOf\":{\"@id\":\"https:\\\/\\\/www.weyer-gruppe.com\\\/en\\\/#website\"},\"datePublished\":\"2020-12-11T08:52:12+00:00\",\"dateModified\":\"2026-03-18T21:06:27+00:00\",\"description\":\"The weyer group supports you with services for consulting and testing of welding executions by welding engineers.\",\"breadcrumb\":{\"@id\":\"https:\\\/\\\/www.weyer-gruppe.com\\\/en\\\/plant-operators-and-investors\\\/services-provided-by-welding-engineers\\\/#breadcrumb\"},\"inLanguage\":\"en-US\",\"potentialAction\":[{\"@type\":\"ReadAction\",\"target\":[\"https:\\\/\\\/www.weyer-gruppe.com\\\/en\\\/plant-operators-and-investors\\\/services-provided-by-welding-engineers\\\/\"]}]},{\"@type\":\"BreadcrumbList\",\"@id\":\"https:\\\/\\\/www.weyer-gruppe.com\\\/en\\\/plant-operators-and-investors\\\/services-provided-by-welding-engineers\\\/#breadcrumb\",\"itemListElement\":[{\"@type\":\"ListItem\",\"position\":1,\"name\":\"HOME\",\"item\":\"https:\\\/\\\/www.weyer-gruppe.com\\\/en\\\/\"},{\"@type\":\"ListItem\",\"position\":2,\"name\":\"Plant operators and investors\",\"item\":\"https:\\\/\\\/www.weyer-gruppe.com\\\/en\\\/plant-operators-and-investors\\\/\"},{\"@type\":\"ListItem\",\"position\":3,\"name\":\"Services provided by welding engineers\"}]},{\"@type\":\"WebSite\",\"@id\":\"https:\\\/\\\/www.weyer-gruppe.com\\\/en\\\/#website\",\"url\":\"https:\\\/\\\/www.weyer-gruppe.com\\\/en\\\/\",\"name\":\"weyer gruppe\",\"description\":\"komplett. durchdacht.\",\"publisher\":{\"@id\":\"https:\\\/\\\/www.weyer-gruppe.com\\\/en\\\/#organization\"},\"potentialAction\":[{\"@type\":\"SearchAction\",\"target\":{\"@type\":\"EntryPoint\",\"urlTemplate\":\"https:\\\/\\\/www.weyer-gruppe.com\\\/en\\\/?s={search_term_string}\"},\"query-input\":{\"@type\":\"PropertyValueSpecification\",\"valueRequired\":true,\"valueName\":\"search_term_string\"}}],\"inLanguage\":\"en-US\"},{\"@type\":\"Organization\",\"@id\":\"https:\\\/\\\/www.weyer-gruppe.com\\\/en\\\/#organization\",\"name\":\"weyer gruppe\",\"url\":\"https:\\\/\\\/www.weyer-gruppe.com\\\/en\\\/\",\"logo\":{\"@type\":\"ImageObject\",\"inLanguage\":\"en-US\",\"@id\":\"https:\\\/\\\/www.weyer-gruppe.com\\\/en\\\/#\\\/schema\\\/logo\\\/image\\\/\",\"url\":\"https:\\\/\\\/www.weyer-gruppe.com\\\/wp-content\\\/uploads\\\/2019\\\/07\\\/logo-weyer-gruppe-de.png\",\"contentUrl\":\"https:\\\/\\\/www.weyer-gruppe.com\\\/wp-content\\\/uploads\\\/2019\\\/07\\\/logo-weyer-gruppe-de.png\",\"width\":532,\"height\":513,\"caption\":\"weyer gruppe\"},\"image\":{\"@id\":\"https:\\\/\\\/www.weyer-gruppe.com\\\/en\\\/#\\\/schema\\\/logo\\\/image\\\/\"},\"sameAs\":[\"https:\\\/\\\/www.facebook.com\\\/weyergruppe\",\"https:\\\/\\\/de.linkedin.com\\\/company\\\/weyer-gruppe\",\"https:\\\/\\\/www.youtube.com\\\/channel\\\/UCmZItECuW56Ih_p501_Bq8A\"],\"description\":\"Die weyer gruppe ist seit 1976 Ihr Partner f\u00fcr verfahrenstechnische Anlagenplanung und Anlagensicherheit. Mit einem erfahrenen Team von \u00fcber 190 Mitarbeitern in Deutschland, \u00d6sterreich, Polen und der Schweiz realisieren wir j\u00e4hrlich \u00fcber 1.000 Kundenprojekte. Unsere Expertise erstreckt sich \u00fcber verschiedene Branchen wie Chemie, Pharma, Mineral\u00f6l sowie Ver- und Entsorgung. Vertrauen Sie auf die weyer Gruppe f\u00fcr ma\u00dfgeschneiderte Engineering- und Consulting-L\u00f6sungen, die Ihre Anforderungen in puncto Sicherheit und Effizienz erf\u00fcllen.\",\"email\":\"info@weyer-gruppe.com\",\"telephone\":\"+49 (0) 24 21 \u2013 69 09 1 \u2013 0\",\"numberOfEmployees\":{\"@type\":\"QuantitativeValue\",\"minValue\":\"51\",\"maxValue\":\"200\"}}]}<\/script>\n<!-- \/ Yoast SEO Premium plugin. -->","yoast_head_json":{"title":"Services provided by welding engineers &#8211; weyer gruppe","description":"The weyer group supports you with services for consulting and testing of welding executions by welding engineers.","robots":{"index":"index","follow":"follow","max-snippet":"max-snippet:-1","max-image-preview":"max-image-preview:large","max-video-preview":"max-video-preview:-1"},"canonical":"https:\/\/www.weyer-gruppe.com\/en\/plant-operators-and-investors\/services-provided-by-welding-engineers\/","og_locale":"en_US","og_type":"article","og_title":"Services provided by welding engineers","og_description":"The weyer group supports you with services for consulting and testing of welding executions by welding engineers.","og_url":"https:\/\/www.weyer-gruppe.com\/en\/plant-operators-and-investors\/services-provided-by-welding-engineers\/","og_site_name":"weyer gruppe","article_publisher":"https:\/\/www.facebook.com\/weyergruppe","article_modified_time":"2026-03-18T21:06:27+00:00","twitter_card":"summary_large_image","twitter_misc":{"Est. reading time":"2 minutes"},"schema":{"@context":"https:\/\/schema.org","@graph":[{"@type":"WebPage","@id":"https:\/\/www.weyer-gruppe.com\/en\/plant-operators-and-investors\/services-provided-by-welding-engineers\/","url":"https:\/\/www.weyer-gruppe.com\/en\/plant-operators-and-investors\/services-provided-by-welding-engineers\/","name":"Services provided by welding engineers &#8211; weyer gruppe","isPartOf":{"@id":"https:\/\/www.weyer-gruppe.com\/en\/#website"},"datePublished":"2020-12-11T08:52:12+00:00","dateModified":"2026-03-18T21:06:27+00:00","description":"The weyer group supports you with services for consulting and testing of welding executions by welding engineers.","breadcrumb":{"@id":"https:\/\/www.weyer-gruppe.com\/en\/plant-operators-and-investors\/services-provided-by-welding-engineers\/#breadcrumb"},"inLanguage":"en-US","potentialAction":[{"@type":"ReadAction","target":["https:\/\/www.weyer-gruppe.com\/en\/plant-operators-and-investors\/services-provided-by-welding-engineers\/"]}]},{"@type":"BreadcrumbList","@id":"https:\/\/www.weyer-gruppe.com\/en\/plant-operators-and-investors\/services-provided-by-welding-engineers\/#breadcrumb","itemListElement":[{"@type":"ListItem","position":1,"name":"HOME","item":"https:\/\/www.weyer-gruppe.com\/en\/"},{"@type":"ListItem","position":2,"name":"Plant operators and investors","item":"https:\/\/www.weyer-gruppe.com\/en\/plant-operators-and-investors\/"},{"@type":"ListItem","position":3,"name":"Services provided by welding engineers"}]},{"@type":"WebSite","@id":"https:\/\/www.weyer-gruppe.com\/en\/#website","url":"https:\/\/www.weyer-gruppe.com\/en\/","name":"weyer gruppe","description":"komplett. durchdacht.","publisher":{"@id":"https:\/\/www.weyer-gruppe.com\/en\/#organization"},"potentialAction":[{"@type":"SearchAction","target":{"@type":"EntryPoint","urlTemplate":"https:\/\/www.weyer-gruppe.com\/en\/?s={search_term_string}"},"query-input":{"@type":"PropertyValueSpecification","valueRequired":true,"valueName":"search_term_string"}}],"inLanguage":"en-US"},{"@type":"Organization","@id":"https:\/\/www.weyer-gruppe.com\/en\/#organization","name":"weyer gruppe","url":"https:\/\/www.weyer-gruppe.com\/en\/","logo":{"@type":"ImageObject","inLanguage":"en-US","@id":"https:\/\/www.weyer-gruppe.com\/en\/#\/schema\/logo\/image\/","url":"https:\/\/www.weyer-gruppe.com\/wp-content\/uploads\/2019\/07\/logo-weyer-gruppe-de.png","contentUrl":"https:\/\/www.weyer-gruppe.com\/wp-content\/uploads\/2019\/07\/logo-weyer-gruppe-de.png","width":532,"height":513,"caption":"weyer gruppe"},"image":{"@id":"https:\/\/www.weyer-gruppe.com\/en\/#\/schema\/logo\/image\/"},"sameAs":["https:\/\/www.facebook.com\/weyergruppe","https:\/\/de.linkedin.com\/company\/weyer-gruppe","https:\/\/www.youtube.com\/channel\/UCmZItECuW56Ih_p501_Bq8A"],"description":"Die weyer gruppe ist seit 1976 Ihr Partner f\u00fcr verfahrenstechnische Anlagenplanung und Anlagensicherheit. Mit einem erfahrenen Team von \u00fcber 190 Mitarbeitern in Deutschland, \u00d6sterreich, Polen und der Schweiz realisieren wir j\u00e4hrlich \u00fcber 1.000 Kundenprojekte. Unsere Expertise erstreckt sich \u00fcber verschiedene Branchen wie Chemie, Pharma, Mineral\u00f6l sowie Ver- und Entsorgung. Vertrauen Sie auf die weyer Gruppe f\u00fcr ma\u00dfgeschneiderte Engineering- und Consulting-L\u00f6sungen, die Ihre Anforderungen in puncto Sicherheit und Effizienz erf\u00fcllen.","email":"info@weyer-gruppe.com","telephone":"+49 (0) 24 21 \u2013 69 09 1 \u2013 0","numberOfEmployees":{"@type":"QuantitativeValue","minValue":"51","maxValue":"200"}}]}},"_links":{"self":[{"href":"https:\/\/www.weyer-gruppe.com\/en\/wp-json\/wp\/v2\/pages\/29445","targetHints":{"allow":["GET"]}}],"collection":[{"href":"https:\/\/www.weyer-gruppe.com\/en\/wp-json\/wp\/v2\/pages"}],"about":[{"href":"https:\/\/www.weyer-gruppe.com\/en\/wp-json\/wp\/v2\/types\/page"}],"author":[{"embeddable":true,"href":"https:\/\/www.weyer-gruppe.com\/en\/wp-json\/wp\/v2\/users\/5"}],"replies":[{"embeddable":true,"href":"https:\/\/www.weyer-gruppe.com\/en\/wp-json\/wp\/v2\/comments?post=29445"}],"version-history":[{"count":1,"href":"https:\/\/www.weyer-gruppe.com\/en\/wp-json\/wp\/v2\/pages\/29445\/revisions"}],"predecessor-version":[{"id":237853,"href":"https:\/\/www.weyer-gruppe.com\/en\/wp-json\/wp\/v2\/pages\/29445\/revisions\/237853"}],"up":[{"embeddable":true,"href":"https:\/\/www.weyer-gruppe.com\/en\/wp-json\/wp\/v2\/pages\/23837"}],"wp:attachment":[{"href":"https:\/\/www.weyer-gruppe.com\/en\/wp-json\/wp\/v2\/media?parent=29445"}],"curies":[{"name":"wp","href":"https:\/\/api.w.org\/{rel}","templated":true}]}}