{"id":24665,"date":"2019-07-17T15:51:05","date_gmt":"2019-07-17T13:51:05","guid":{"rendered":"https:\/\/www.weyer-gruppe.com\/legal-notice\/"},"modified":"2020-11-11T08:24:50","modified_gmt":"2020-11-11T07:24:50","slug":"legal-notice","status":"publish","type":"page","link":"https:\/\/www.weyer-gruppe.com\/en\/legal-notice\/","title":{"rendered":"Legal notice"},"content":{"rendered":"\n<p><strong>Information in accordance with Section 5 of the German Teleservices Act (TMG):<br\/><\/strong>horst weyer und partner gmbh<br\/>Dipl.-Ing. Horst Weyer, Dipl.-Ing. Klaus Weyer<br\/>Schillingsstra\u00dfe 329<br\/>52355 D\u00fcren<\/p>\n\n<p><strong>Postal address:<\/strong><br\/>Schillingsstra\u00dfe 329<br\/>52355 D\u00fcren<\/p>\n\n<p><strong>Contact:<br\/><\/strong> Phone: +49 (0) 2421-69091-0<br\/>Fax: +49 (0) 2421-69091-201<br\/>E-mail: <a href=\"mailto:info@weyer-gruppe.com\">info@weyer-gruppe.com<\/a><\/p>\n\n<p><strong>Registry listing:<br\/><\/strong>Listing in the German Commercial Registry (Handelsregister)<br\/>Court of registration: D\u00fcren District Court<br\/>Registry number: HRB 1147<\/p>\n\n<p><strong>Value-added tax:<br\/><\/strong>Value-added tax identification number in accordance with Section 27 of the German Value-Added Tax Act (Umsatzsteuergesetz):<br\/>DE 122 291 978<\/p>\n\n<p><strong>Professional liability insurance details<br\/><\/strong>AXA Versicherung AG<br\/>Postfach 920147<br\/>51151 K\u00f6ln<\/p>\n\n<p><strong>Responsible for content according to MStV: <br\/><\/strong>Horst Weyer<br\/>Schillingsstra\u00dfe 329<br\/>52355 D\u00fcren<\/p>\n\n<p><strong>Dispute resolutionThe European Commission provides a platform for online dispute resolution (OS):<br\/><\/strong> https:\/\/ec.europa.eu\/consumers\/odr<br\/>https:\/\/ec.europa.eu\/consumers\/odr<br\/>Our e-mail address is provided at the top of the Legal Notice.<br\/>We are neither prepared nor obliged to take part in dispute resolution proceedings before a consumer arbitration board.<\/p>\n\n<p><strong>Liability for content<br\/><\/strong> As a service provider, we are responsible in accordance with Section 7 Para. 1 of the German Teleservices Act (TMG) for our own content on this website in accordance with the generally applicable laws. In accordance with Sections 8 to 10 of the TMG, we are however neither obligated to monitor any third-party information that is transferred or saved via our website nor to research any circumstances that indicate illegal activity. This does not affect our obligations to remove or block the usage of information in accordance with the generally applicable laws. However, we can only be liable in such circumstances starting from the time at which we become aware of a specific violation of a law. If we become aware of corresponding law violations, we shall remove the content concerned without delay.<\/p>\n\n<p><strong>Liability for links<br\/><\/strong>Our website contains links to the external websites of third parties. We have no control over the content of such websites. As such, we can accept no liability for such third-party content. The content of the linked websites is always the responsibility of the respective website owner or provider. The linked websites were checked for law violations at the time the links were set up. No illegal content was detected at the time the links were set up. However, it is not feasible for us to continuously monitor the linked websites without specific details of law violations. If we become aware of law violations, we shall remove the links concerned without delay.<\/p>\n\n<p><strong>Copyright<br\/><\/strong>The content and works created on this website by the website owner are subject to German copyright laws. It is forbidden to reproduce, edit, disseminate or exploit said content or works in any way outside of the limits established by said copyright law without consent in writing from the author in question. The downloading and copying of this website and any part thereof is only permitted for legal, non-commercial use. The copyright of third parties is observed for all content on this website that has not been created by the website owner. In particular, third-party content is marked as such. Should you become aware of a copyright violation despite these efforts, please notify us accordingly. If we become aware of law violations, we shall remove the content concerned without delay.<\/p>\n\n<p>Source: eRecht24<\/p>\n","protected":false},"excerpt":{"rendered":"<p>Information in accordance with Section 5 of the German Teleservices Act (TMG):horst weyer und partner gmbhDipl.-Ing. Horst Weyer, Dipl.-Ing. Klaus WeyerSchillingsstra\u00dfe 32952355 D\u00fcren Postal address:Schillingsstra\u00dfe 32952355 D\u00fcren Contact: Phone: +49 (0) 2421-69091-0Fax: +49 (0) 2421-69091-201E-mail: info@weyer-gruppe.com Registry listing:Listing in the German Commercial Registry (Handelsregister)Court of registration: D\u00fcren District CourtRegistry number: HRB 1147 Value-added tax:Value-added tax [&hellip;]<\/p>\n","protected":false},"author":2,"featured_media":0,"parent":0,"menu_order":0,"comment_status":"closed","ping_status":"closed","template":"","meta":{"footnotes":""},"class_list":["post-24665","page","type-page","status-publish","hentry"],"yoast_head":"<!-- This site is optimized with the Yoast SEO Premium plugin v27.4 (Yoast SEO v27.4) - https:\/\/yoast.com\/product\/yoast-seo-premium-wordpress\/ -->\n<title>Legal notice &#8211; weyer gruppe<\/title>\n<meta name=\"robots\" content=\"index, follow, max-snippet:-1, max-image-preview:large, max-video-preview:-1\" \/>\n<link rel=\"canonical\" href=\"https:\/\/www.weyer-gruppe.com\/en\/legal-notice\/\" \/>\n<meta property=\"og:locale\" content=\"en_US\" \/>\n<meta property=\"og:type\" content=\"article\" \/>\n<meta property=\"og:title\" content=\"Legal notice\" \/>\n<meta property=\"og:description\" content=\"Information in accordance with Section 5 of the German Teleservices Act (TMG):horst weyer und partner gmbhDipl.-Ing. Horst Weyer, Dipl.-Ing. Klaus WeyerSchillingsstra\u00dfe 32952355 D\u00fcren Postal address:Schillingsstra\u00dfe 32952355 D\u00fcren Contact: Phone: +49 (0) 2421-69091-0Fax: +49 (0) 2421-69091-201E-mail: info@weyer-gruppe.com Registry listing:Listing in the German Commercial Registry (Handelsregister)Court of registration: D\u00fcren District CourtRegistry number: HRB 1147 Value-added tax:Value-added tax [&hellip;]\" \/>\n<meta property=\"og:url\" content=\"https:\/\/www.weyer-gruppe.com\/en\/legal-notice\/\" \/>\n<meta property=\"og:site_name\" content=\"weyer gruppe\" \/>\n<meta property=\"article:publisher\" content=\"https:\/\/www.facebook.com\/weyergruppe\" \/>\n<meta property=\"article:modified_time\" content=\"2020-11-11T07:24:50+00:00\" \/>\n<meta name=\"twitter:card\" content=\"summary_large_image\" \/>\n<meta name=\"twitter:label1\" content=\"Est. reading time\" \/>\n\t<meta name=\"twitter:data1\" content=\"3 minutes\" \/>\n<script type=\"application\/ld+json\" class=\"yoast-schema-graph\">{\"@context\":\"https:\\\/\\\/schema.org\",\"@graph\":[{\"@type\":\"WebPage\",\"@id\":\"https:\\\/\\\/www.weyer-gruppe.com\\\/en\\\/legal-notice\\\/\",\"url\":\"https:\\\/\\\/www.weyer-gruppe.com\\\/en\\\/legal-notice\\\/\",\"name\":\"Legal notice &#8211; weyer gruppe\",\"isPartOf\":{\"@id\":\"https:\\\/\\\/www.weyer-gruppe.com\\\/en\\\/#website\"},\"datePublished\":\"2019-07-17T13:51:05+00:00\",\"dateModified\":\"2020-11-11T07:24:50+00:00\",\"breadcrumb\":{\"@id\":\"https:\\\/\\\/www.weyer-gruppe.com\\\/en\\\/legal-notice\\\/#breadcrumb\"},\"inLanguage\":\"en-US\",\"potentialAction\":[{\"@type\":\"ReadAction\",\"target\":[\"https:\\\/\\\/www.weyer-gruppe.com\\\/en\\\/legal-notice\\\/\"]}]},{\"@type\":\"BreadcrumbList\",\"@id\":\"https:\\\/\\\/www.weyer-gruppe.com\\\/en\\\/legal-notice\\\/#breadcrumb\",\"itemListElement\":[{\"@type\":\"ListItem\",\"position\":1,\"name\":\"HOME\",\"item\":\"https:\\\/\\\/www.weyer-gruppe.com\\\/en\\\/\"},{\"@type\":\"ListItem\",\"position\":2,\"name\":\"Legal notice\"}]},{\"@type\":\"WebSite\",\"@id\":\"https:\\\/\\\/www.weyer-gruppe.com\\\/en\\\/#website\",\"url\":\"https:\\\/\\\/www.weyer-gruppe.com\\\/en\\\/\",\"name\":\"weyer gruppe\",\"description\":\"komplett. durchdacht.\",\"publisher\":{\"@id\":\"https:\\\/\\\/www.weyer-gruppe.com\\\/en\\\/#organization\"},\"potentialAction\":[{\"@type\":\"SearchAction\",\"target\":{\"@type\":\"EntryPoint\",\"urlTemplate\":\"https:\\\/\\\/www.weyer-gruppe.com\\\/en\\\/?s={search_term_string}\"},\"query-input\":{\"@type\":\"PropertyValueSpecification\",\"valueRequired\":true,\"valueName\":\"search_term_string\"}}],\"inLanguage\":\"en-US\"},{\"@type\":\"Organization\",\"@id\":\"https:\\\/\\\/www.weyer-gruppe.com\\\/en\\\/#organization\",\"name\":\"weyer gruppe\",\"url\":\"https:\\\/\\\/www.weyer-gruppe.com\\\/en\\\/\",\"logo\":{\"@type\":\"ImageObject\",\"inLanguage\":\"en-US\",\"@id\":\"https:\\\/\\\/www.weyer-gruppe.com\\\/en\\\/#\\\/schema\\\/logo\\\/image\\\/\",\"url\":\"https:\\\/\\\/www.weyer-gruppe.com\\\/wp-content\\\/uploads\\\/2019\\\/07\\\/logo-weyer-gruppe-de.png\",\"contentUrl\":\"https:\\\/\\\/www.weyer-gruppe.com\\\/wp-content\\\/uploads\\\/2019\\\/07\\\/logo-weyer-gruppe-de.png\",\"width\":532,\"height\":513,\"caption\":\"weyer gruppe\"},\"image\":{\"@id\":\"https:\\\/\\\/www.weyer-gruppe.com\\\/en\\\/#\\\/schema\\\/logo\\\/image\\\/\"},\"sameAs\":[\"https:\\\/\\\/www.facebook.com\\\/weyergruppe\",\"https:\\\/\\\/de.linkedin.com\\\/company\\\/weyer-gruppe\",\"https:\\\/\\\/www.youtube.com\\\/channel\\\/UCmZItECuW56Ih_p501_Bq8A\"],\"description\":\"Die weyer gruppe ist seit 1976 Ihr Partner f\u00fcr verfahrenstechnische Anlagenplanung und Anlagensicherheit. Mit einem erfahrenen Team von \u00fcber 190 Mitarbeitern in Deutschland, \u00d6sterreich, Polen und der Schweiz realisieren wir j\u00e4hrlich \u00fcber 1.000 Kundenprojekte. Unsere Expertise erstreckt sich \u00fcber verschiedene Branchen wie Chemie, Pharma, Mineral\u00f6l sowie Ver- und Entsorgung. Vertrauen Sie auf die weyer Gruppe f\u00fcr ma\u00dfgeschneiderte Engineering- und Consulting-L\u00f6sungen, die Ihre Anforderungen in puncto Sicherheit und Effizienz erf\u00fcllen.\",\"email\":\"info@weyer-gruppe.com\",\"telephone\":\"+49 (0) 24 21 \u2013 69 09 1 \u2013 0\",\"numberOfEmployees\":{\"@type\":\"QuantitativeValue\",\"minValue\":\"51\",\"maxValue\":\"200\"}}]}<\/script>\n<!-- \/ Yoast SEO Premium plugin. -->","yoast_head_json":{"title":"Legal notice &#8211; weyer gruppe","robots":{"index":"index","follow":"follow","max-snippet":"max-snippet:-1","max-image-preview":"max-image-preview:large","max-video-preview":"max-video-preview:-1"},"canonical":"https:\/\/www.weyer-gruppe.com\/en\/legal-notice\/","og_locale":"en_US","og_type":"article","og_title":"Legal notice","og_description":"Information in accordance with Section 5 of the German Teleservices Act (TMG):horst weyer und partner gmbhDipl.-Ing. Horst Weyer, Dipl.-Ing. Klaus WeyerSchillingsstra\u00dfe 32952355 D\u00fcren Postal address:Schillingsstra\u00dfe 32952355 D\u00fcren Contact: Phone: +49 (0) 2421-69091-0Fax: +49 (0) 2421-69091-201E-mail: info@weyer-gruppe.com Registry listing:Listing in the German Commercial Registry (Handelsregister)Court of registration: D\u00fcren District CourtRegistry number: HRB 1147 Value-added tax:Value-added tax [&hellip;]","og_url":"https:\/\/www.weyer-gruppe.com\/en\/legal-notice\/","og_site_name":"weyer gruppe","article_publisher":"https:\/\/www.facebook.com\/weyergruppe","article_modified_time":"2020-11-11T07:24:50+00:00","twitter_card":"summary_large_image","twitter_misc":{"Est. reading time":"3 minutes"},"schema":{"@context":"https:\/\/schema.org","@graph":[{"@type":"WebPage","@id":"https:\/\/www.weyer-gruppe.com\/en\/legal-notice\/","url":"https:\/\/www.weyer-gruppe.com\/en\/legal-notice\/","name":"Legal notice &#8211; weyer gruppe","isPartOf":{"@id":"https:\/\/www.weyer-gruppe.com\/en\/#website"},"datePublished":"2019-07-17T13:51:05+00:00","dateModified":"2020-11-11T07:24:50+00:00","breadcrumb":{"@id":"https:\/\/www.weyer-gruppe.com\/en\/legal-notice\/#breadcrumb"},"inLanguage":"en-US","potentialAction":[{"@type":"ReadAction","target":["https:\/\/www.weyer-gruppe.com\/en\/legal-notice\/"]}]},{"@type":"BreadcrumbList","@id":"https:\/\/www.weyer-gruppe.com\/en\/legal-notice\/#breadcrumb","itemListElement":[{"@type":"ListItem","position":1,"name":"HOME","item":"https:\/\/www.weyer-gruppe.com\/en\/"},{"@type":"ListItem","position":2,"name":"Legal notice"}]},{"@type":"WebSite","@id":"https:\/\/www.weyer-gruppe.com\/en\/#website","url":"https:\/\/www.weyer-gruppe.com\/en\/","name":"weyer gruppe","description":"komplett. durchdacht.","publisher":{"@id":"https:\/\/www.weyer-gruppe.com\/en\/#organization"},"potentialAction":[{"@type":"SearchAction","target":{"@type":"EntryPoint","urlTemplate":"https:\/\/www.weyer-gruppe.com\/en\/?s={search_term_string}"},"query-input":{"@type":"PropertyValueSpecification","valueRequired":true,"valueName":"search_term_string"}}],"inLanguage":"en-US"},{"@type":"Organization","@id":"https:\/\/www.weyer-gruppe.com\/en\/#organization","name":"weyer gruppe","url":"https:\/\/www.weyer-gruppe.com\/en\/","logo":{"@type":"ImageObject","inLanguage":"en-US","@id":"https:\/\/www.weyer-gruppe.com\/en\/#\/schema\/logo\/image\/","url":"https:\/\/www.weyer-gruppe.com\/wp-content\/uploads\/2019\/07\/logo-weyer-gruppe-de.png","contentUrl":"https:\/\/www.weyer-gruppe.com\/wp-content\/uploads\/2019\/07\/logo-weyer-gruppe-de.png","width":532,"height":513,"caption":"weyer gruppe"},"image":{"@id":"https:\/\/www.weyer-gruppe.com\/en\/#\/schema\/logo\/image\/"},"sameAs":["https:\/\/www.facebook.com\/weyergruppe","https:\/\/de.linkedin.com\/company\/weyer-gruppe","https:\/\/www.youtube.com\/channel\/UCmZItECuW56Ih_p501_Bq8A"],"description":"Die weyer gruppe ist seit 1976 Ihr Partner f\u00fcr verfahrenstechnische Anlagenplanung und Anlagensicherheit. Mit einem erfahrenen Team von \u00fcber 190 Mitarbeitern in Deutschland, \u00d6sterreich, Polen und der Schweiz realisieren wir j\u00e4hrlich \u00fcber 1.000 Kundenprojekte. Unsere Expertise erstreckt sich \u00fcber verschiedene Branchen wie Chemie, Pharma, Mineral\u00f6l sowie Ver- und Entsorgung. Vertrauen Sie auf die weyer Gruppe f\u00fcr ma\u00dfgeschneiderte Engineering- und Consulting-L\u00f6sungen, die Ihre Anforderungen in puncto Sicherheit und Effizienz erf\u00fcllen.","email":"info@weyer-gruppe.com","telephone":"+49 (0) 24 21 \u2013 69 09 1 \u2013 0","numberOfEmployees":{"@type":"QuantitativeValue","minValue":"51","maxValue":"200"}}]}},"_links":{"self":[{"href":"https:\/\/www.weyer-gruppe.com\/en\/wp-json\/wp\/v2\/pages\/24665","targetHints":{"allow":["GET"]}}],"collection":[{"href":"https:\/\/www.weyer-gruppe.com\/en\/wp-json\/wp\/v2\/pages"}],"about":[{"href":"https:\/\/www.weyer-gruppe.com\/en\/wp-json\/wp\/v2\/types\/page"}],"author":[{"embeddable":true,"href":"https:\/\/www.weyer-gruppe.com\/en\/wp-json\/wp\/v2\/users\/2"}],"replies":[{"embeddable":true,"href":"https:\/\/www.weyer-gruppe.com\/en\/wp-json\/wp\/v2\/comments?post=24665"}],"version-history":[{"count":0,"href":"https:\/\/www.weyer-gruppe.com\/en\/wp-json\/wp\/v2\/pages\/24665\/revisions"}],"wp:attachment":[{"href":"https:\/\/www.weyer-gruppe.com\/en\/wp-json\/wp\/v2\/media?parent=24665"}],"curies":[{"name":"wp","href":"https:\/\/api.w.org\/{rel}","templated":true}]}}