{"id":24215,"date":"2019-07-17T15:52:53","date_gmt":"2019-07-17T13:52:53","guid":{"rendered":"https:\/\/www.weyer-gruppe.com\/contact\/"},"modified":"2025-08-15T12:39:08","modified_gmt":"2025-08-15T10:39:08","slug":"contact","status":"publish","type":"page","link":"https:\/\/www.weyer-gruppe.com\/en\/contact\/","title":{"rendered":"Contact"},"content":{"rendered":"<div class=\"wpb-content-wrapper\">[vc_row][vc_column width=&#8221;1\/2&#8243;]<div class=\"grve-element grve-box-icon grve-align-center\" style=\"\">  <div class=\"grve-icon grve-large grve-simple grve-no-shape grve-color-primary-1 fa fa-envelope-o\"><\/div>  <div class=\"grve-box-content\">  <\/div><\/div>[vc_empty_space][vc_column_text]\r\n<div class=\"grve-element grve-text\">\r\n<h5 style=\"text-align: center;\">Do you have any questions?<\/h5>\r\n<h5 style=\"text-align: center;\">Contact us!<\/h5>\r\n<h5 style=\"text-align: center;\">Our experts are happy to advise you!<\/h5>\r\n<\/div>\r\n[\/vc_column_text][\/vc_column][vc_column width=&#8221;1\/2&#8243;]\n<div class=\"wpcf7 no-js\" id=\"wpcf7-f24286-o1\" lang=\"en-US\" dir=\"ltr\" data-wpcf7-id=\"24286\">\n<div class=\"screen-reader-response\"><p role=\"status\" aria-live=\"polite\" aria-atomic=\"true\"><\/p> <ul><\/ul><\/div>\n<form action=\"\/en\/wp-json\/wp\/v2\/pages\/24215#wpcf7-f24286-o1\" method=\"post\" class=\"wpcf7-form init\" aria-label=\"Contact form\" novalidate=\"novalidate\" data-status=\"init\">\n<fieldset class=\"hidden-fields-container\"><input type=\"hidden\" name=\"_wpcf7\" value=\"24286\" \/><input type=\"hidden\" name=\"_wpcf7_version\" value=\"6.1.5\" \/><input type=\"hidden\" name=\"_wpcf7_locale\" value=\"en_US\" \/><input type=\"hidden\" name=\"_wpcf7_unit_tag\" value=\"wpcf7-f24286-o1\" \/><input type=\"hidden\" name=\"_wpcf7_container_post\" value=\"0\" \/><input type=\"hidden\" name=\"_wpcf7_posted_data_hash\" value=\"\" \/><input type=\"hidden\" name=\"_wpcf7_recaptcha_response\" value=\"\" \/>\n<\/fieldset>\n<p><label> Salutation (required) <span class=\"wpcf7-form-control-wrap\" data-name=\"menu-543\"><select class=\"wpcf7-form-control wpcf7-select wpcf7-validates-as-required\" aria-required=\"true\" aria-invalid=\"false\" name=\"menu-543\"><option value=\"\">&#8212;Please choose an option&#8212;<\/option><option value=\"Mr.\">Mr.<\/option><option value=\"Mrs.\">Mrs.<\/option><\/select><\/span> <\/label><label> First name (required) <span class=\"wpcf7-form-control-wrap\" data-name=\"your-prename\"><input size=\"40\" maxlength=\"400\" class=\"wpcf7-form-control wpcf7-text wpcf7-validates-as-required\" aria-required=\"true\" aria-invalid=\"false\" value=\"\" type=\"text\" name=\"your-prename\" \/><\/span> <\/label><label> Last name (required) <span class=\"wpcf7-form-control-wrap\" data-name=\"your-lastname\"><input size=\"40\" maxlength=\"400\" class=\"wpcf7-form-control wpcf7-text wpcf7-validates-as-required\" aria-required=\"true\" aria-invalid=\"false\" value=\"\" type=\"text\" name=\"your-lastname\" \/><\/span> <\/label><label> E-mail address (required) <span class=\"wpcf7-form-control-wrap\" data-name=\"your-email\"><input size=\"40\" maxlength=\"400\" class=\"wpcf7-form-control wpcf7-email wpcf7-validates-as-required wpcf7-text wpcf7-validates-as-email\" aria-required=\"true\" aria-invalid=\"false\" value=\"\" type=\"email\" name=\"your-email\" \/><\/span> <\/label><label> Subject <span class=\"wpcf7-form-control-wrap\" data-name=\"your-subject\"><input size=\"40\" maxlength=\"400\" class=\"wpcf7-form-control wpcf7-text\" aria-invalid=\"false\" value=\"\" type=\"text\" name=\"your-subject\" \/><\/span> <\/label><br \/>\n<label> your message <span class=\"wpcf7-form-control-wrap\" data-name=\"your-message\"><textarea cols=\"40\" rows=\"10\" maxlength=\"2000\" class=\"wpcf7-form-control wpcf7-textarea\" aria-invalid=\"false\" name=\"your-message\"><\/textarea><\/span> <\/label><br \/>\n<span class=\"wpcf7-form-control-wrap\" data-name=\"Datenschutzerklaerung\"><span class=\"wpcf7-form-control wpcf7-checkbox wpcf7-validates-as-required\"><span class=\"wpcf7-list-item first last\"><input type=\"checkbox\" name=\"Datenschutzerklaerung[]\" value=\"I have read the privacy policy and agree to it.\" \/><span class=\"wpcf7-list-item-label\">I have read the privacy policy and agree to it.<\/span><\/span><\/span><\/span><br \/>\n<br \/>\n<input class=\"wpcf7-form-control wpcf7-submit has-spinner\" type=\"submit\" value=\"Send\" \/>\n<\/p><div class=\"wpcf7-response-output\" aria-hidden=\"true\"><\/div>\n<\/form>\n<\/div>\n[\/vc_column][\/vc_row][vc_row][vc_column]<div class=\"grve-element grve-hr grve-space-divider\" style=\"\"><\/div>[vc_empty_space height=&#8221;50px&#8221;][\/vc_column][\/vc_row][vc_row][vc_column]<h3 class=\"grve-element grve-align-left grve-title-no-line grve-h3\" style=\"\"><span>Germany<\/span><\/h3>[\/vc_column][\/vc_row][vc_row][vc_column width=&#8221;1\/3&#8243;][vc_column_text]\r\n<p><strong>BDO Technik- und Umweltconsulting GmbH<\/strong><br \/>Georg-Glock-Stra\u00dfe 8, D-40474 D\u00fcsseldorf<br \/>Phone: +49 (0) 21 1 \u2013 13 71 \u2013 146<br \/>Fax: +49 (0) 21 1 \u2013 13 71 \u2013 150<br \/>E-mail: <a href=\"mailto:info@weyer-gruppe.com\">info@weyer-gruppe.com<\/a><\/p>\r\n[\/vc_column_text][\/vc_column][vc_column width=&#8221;1\/3&#8243;][vc_column_text css=&#8221;&#8221;]\r\n<p><strong>Bugenings &amp; Eisenbeis GmbH &amp; Co. KG<\/strong><br \/>Moosstrasse 13, D-72250 Freudenstadt<br \/>Phone: +49 (0) 7441 \u2013 520 41 22<br \/>Fax: +49 (0) 7441 \u2013 520 41 23<br \/>E-Mail: <a href=\"mailto:info.be@weyer-gruppe.com\">info.be@weyer-gruppe.com<\/a><\/p>\r\n[\/vc_column_text][\/vc_column][vc_column width=&#8221;1\/3&#8243;][vc_column_text]<strong>CTE Chemietechnik-Engineering GmbH<\/strong><br \/>Peter-Joseph-Lenne-Stra\u00dfe 12, D-51377 Leverkusen<br \/>Phone: +49 214 \u2013 311 62 60<br \/>Fax: +49 214 \u2013 311 62 61<br \/>E-Mail: <a href=\"https:\/\/www.weyer-gruppe.com\/standorte-der-weyer-gruppe\/info.cte@weyer-gruppe.com\" target=\"_blank\" rel=\"noreferrer noopener\">info.cte@weyer-gruppe.com<\/a>[\/vc_column_text][\/vc_column][\/vc_row][vc_row][vc_column]<div class=\"grve-element grve-hr grve-space-divider\" style=\"\"><\/div>[\/vc_column][\/vc_row][vc_row][vc_column width=&#8221;1\/3&#8243;][vc_column_text]\r\n<p><strong>horst weyer und partner gmbh<\/strong><br \/>Schillingsstra\u00dfe 329, D-52355 D\u00fcren<br \/>Phone: +49 (0) 24 21 \u2013 69 09 1 \u2013 0<br \/>Fax: +49 (0) 24 21 \u2013 69 09 1 \u2013 201<br \/>E-mail: <a href=\"mailto:info@weyer-gruppe.com\">info@weyer-gruppe.com<\/a><\/p>\r\n<p><span class=\"section-info-text\"><span class=\"widget-pane-link\"><strong>Office Hamburg\/Quickborn<br \/><\/strong>Theodor-Storm-Stra\u00dfe 33B, D-25451 Quickborn<\/span><\/span><\/p>\r\n<p><strong>Office Leer<\/strong><br \/><b><\/b>Hoher Weg 6, D-<span class=\"desktop-title-subcontent\">26789 Leer<\/span><\/p>\r\n<p><strong>Office N\u00fcrnberg<\/strong><br \/>Pirckheimerstra\u00dfe 68, D-<span class=\"desktop-title-subcontent\">90408 N\u00fcrnberg<\/span><\/p>\r\n<p><strong>Office Rhein-Main<br \/><\/strong>Senefelderstra\u00dfe 2a, D-63110 Rodgau<\/p>\r\n[\/vc_column_text][\/vc_column][vc_column width=&#8221;1\/3&#8243;][vc_column_text]\r\n<p><strong>L+T GASETECHNIK Kl\u00f6pper-Waldmann GmbH &amp; Co. KG<\/strong><br \/>Martener Stra\u00dfe 535, D-44379 Dortmund<br \/>Phone: +49 (0) 23 1 \u2013 96 10 70 \u2013 0<br \/>Fax: +49 (0) 2 31 \u2013 61 38 44<br \/>E-Mail: <a href=\"mailto:mail@lt-gasetechnik.com\">mail@lt-gasetechnik.com<\/a><\/p>\r\n[\/vc_column_text][\/vc_column][vc_column width=&#8221;1\/3&#8243;][vc_column_text]\r\n<p><strong>PROBIOTEC GmbH <\/strong><br \/>Schillingsstra\u00dfe 333, D-52355 D\u00fcren<br \/>Phone: +49 (0) 24 21 \u2013 69 09 3 \u2013 0<br \/>Fax: +49 (0) 24 21 \u2013 69 09 3 \u2013 401<br \/>E-Mail: <a href=\"mailto:probiotec@weyer-gruppe.com\">probiotec@weyer-gruppe.com<\/a><\/p>\r\n[\/vc_column_text][\/vc_column][\/vc_row][vc_row][vc_column]<div class=\"grve-element grve-hr grve-space-divider\" style=\"\"><\/div>[\/vc_column][\/vc_row][vc_row][vc_column width=&#8221;1\/3&#8243;][vc_column_text]<strong>weyer akademie gmbh<\/strong><br \/>Schillingsstra\u00dfe 329, D-52355 D\u00fcren<br \/>Phone: +49 (0) 24 21 \u2013 69 09 2 \u2013 0<br \/>Fax: +49 (0) 24 21 \u2013 69 09 1 \u2013 201<br \/>E-Mail: <a href=\"mailto:info@weyer-akademie.com\">info@weyer-akademie.com<\/a>[\/vc_column_text][\/vc_column][vc_column width=&#8221;1\/3&#8243;][vc_column_text css=&#8221;&#8221;]\r\n<p><strong>weyer data engineering gmbh<\/strong><br \/>Schillingsstra\u00dfe 329, D-52355 D\u00fcren<br \/>Phone: +49 (0) 2421 69091 0<br \/>E-Mail: <a href=\"mailto:info@weyer-data-engineering.com\">info@weyer-data-engineering.com<\/a><\/p>\r\n[\/vc_column_text][\/vc_column][vc_column width=&#8221;1\/3&#8243;][vc_column_text]<strong>weyer IngenieurPartner GmbH<\/strong><br \/>H\u00e4lterstra\u00dfe 2, D-06217 Merseburg<br \/>Phone: +49 (0) 34 61 \u2013 29 01 \u2013 0<br \/>Fax: +49 (0) 34 61 \u2013 29 01 \u2013 23<br \/>E-Mail: <a href=\"mailto:info.wip@weyer-gruppe.com\">info.wip@weyer-gruppe.com<\/a><\/p>\r\n<p><strong>Office Schwedt<\/strong><br \/>Passower Chaussee 111, D-16303 Schwedt \/ Oder[\/vc_column_text][\/vc_column][\/vc_row][vc_row][vc_column]<div class=\"grve-element grve-hr grve-space-divider\" style=\"\"><\/div>[\/vc_column][\/vc_row][vc_row][vc_column width=&#8221;1\/3&#8243;][vc_column_text]\r\n<h3>Poland<\/h3>\r\n<p><strong>Weyer Polska Sp. z o. o.<\/strong><br \/>Ul. Zielona 19, Pu\u0142awy 24-100<br \/>Phone: +48 (0) 784 58 05 56<br \/>E-mail: <a href=\"mailto:weyer-polska@weyer-group.com\">weyer-polska@weyer-group.com<\/a><\/p>\r\n[\/vc_column_text][\/vc_column][vc_column width=&#8221;1\/3&#8243;][vc_column_text]\r\n\r\n<h3 class=\"wp-block-heading\">Switzerland<\/h3>\r\n<p>&nbsp;<\/p>\r\n<p>\r\n\r\n<strong>Weyer und Partner (Schweiz) AG<\/strong><br \/>G\u00fcterstrasse 137, CH-4053 Basel<br \/>Tel.: +41 (0) 61 683 26 00<br \/>Fax: +41 (0) 61 683 26 11<br \/>E-Mail: <a href=\"mailto:schweiz@weyer-gruppe.com\">schweiz@weyer-gruppe.com<\/a><\/p>\r\n[\/vc_column_text][\/vc_column][vc_column width=&#8221;1\/3&#8243;][vc_column_text]\r\n<h3>\u00d6sterreich<\/h3>\r\n<p>&nbsp;<\/p>\r\n<p>\r\n\r\n<strong>As-U Gamerith-Weyer GmbH<\/strong><br \/>Industriestrasse 19, A-4840 V\u00f6cklabruck<br \/>Tel.: +43 (0) 76 72 \u2013 309 310 11<br \/>Fax: +43 (0) 76 72 \u2013 309 310 15<br \/>E-Mail: <a href=\"mailto:office.asu@weyer-gruppe.com\">office.asu@weyer-gruppe.com<\/a><\/p>\r\n[\/vc_column_text][\/vc_column][\/vc_row][vc_row][vc_column][vc_column_text]\r\n[\/vc_column_text][\/vc_column][\/vc_row][vc_row][vc_column]<h2 class=\"grve-element grve-align-left grve-title-no-line grve-h2\" style=\"\"><span>Do you have feedback or criticism? Your opinion is important to us!<\/span><\/h2>[vc_row_inner][vc_column_inner width=&#8221;2\/3&#8243;][vc_column_text css=&#8221;&#8221;]\r\n<p>We value your feedback and want to continuously improve our services.<br \/>Please contact us via the contact form of our feedback center or via <a href=\"mailto:feedback@weyer-gruppe.com\">feedback@weyer-gruppe.com<\/a>.<\/p>\r\n[\/vc_column_text][\/vc_column_inner][vc_column_inner width=&#8221;1\/3&#8243;]<div class=\"grve-element grve-align-left\"><a class=\"grve-btn grve-btn-medium grve-square grve-bg-primary-1\" href=\"https:\/\/www.weyer-gruppe.com\/en\/feedback\/\" target=\"_blank\" style=\"\"><span>To the feedback center<\/span><\/a><\/div>[\/vc_column_inner][\/vc_row_inner][\/vc_column][\/vc_row]<\/div>","protected":false},"excerpt":{"rendered":"<p>[vc_row][vc_column width=&#8221;1\/2&#8243;][vc_empty_space][vc_column_text] Do you have any questions? Contact us! Our experts are happy to advise you! [\/vc_column_text][\/vc_column][vc_column width=&#8221;1\/2&#8243;][\/vc_column][\/vc_row][vc_row][vc_column][vc_empty_space height=&#8221;50px&#8221;][\/vc_column][\/vc_row][vc_row][vc_column][\/vc_column][\/vc_row][vc_row][vc_column width=&#8221;1\/3&#8243;][vc_column_text] BDO Technik- und Umweltconsulting GmbHGeorg-Glock-Stra\u00dfe 8, D-40474 D\u00fcsseldorfPhone: +49 (0) 21 1 \u2013 13 71 \u2013 146Fax: +49 (0) 21 1 \u2013 13 71 \u2013 150E-mail: info@weyer-gruppe.com [\/vc_column_text][\/vc_column][vc_column width=&#8221;1\/3&#8243;][vc_column_text css=&#8221;&#8221;] Bugenings &amp; Eisenbeis GmbH &amp; [&hellip;]<\/p>\n","protected":false},"author":2,"featured_media":0,"parent":0,"menu_order":0,"comment_status":"closed","ping_status":"closed","template":"","meta":{"footnotes":""},"class_list":["post-24215","page","type-page","status-publish","hentry"],"yoast_head":"<!-- This site is optimized with the Yoast SEO Premium plugin v27.4 (Yoast SEO v27.4) - https:\/\/yoast.com\/product\/yoast-seo-premium-wordpress\/ -->\n<title>Contact details of the member companies of weyer gruppe<\/title>\n<meta name=\"description\" content=\"Contact to: As-U Gamerith, BDO TUC, CTE, horst weyer und partner, LT GASETECHNIK, PROBIOTEC, weyer IngenieurPartner, Weyer Polska, Weyer und Partner Schweiz\" \/>\n<meta name=\"robots\" content=\"index, follow, max-snippet:-1, max-image-preview:large, max-video-preview:-1\" \/>\n<link rel=\"canonical\" href=\"https:\/\/www.weyer-gruppe.com\/en\/contact\/\" \/>\n<meta property=\"og:locale\" content=\"en_US\" \/>\n<meta property=\"og:type\" content=\"article\" \/>\n<meta property=\"og:title\" content=\"Contact\" \/>\n<meta property=\"og:description\" content=\"Contact to: As-U Gamerith, BDO TUC, CTE, horst weyer und partner, LT GASETECHNIK, PROBIOTEC, weyer IngenieurPartner, Weyer Polska, Weyer und Partner Schweiz\" \/>\n<meta property=\"og:url\" content=\"https:\/\/www.weyer-gruppe.com\/en\/contact\/\" \/>\n<meta property=\"og:site_name\" content=\"weyer gruppe\" \/>\n<meta property=\"article:publisher\" content=\"https:\/\/www.facebook.com\/weyergruppe\" \/>\n<meta property=\"article:modified_time\" content=\"2025-08-15T10:39:08+00:00\" \/>\n<meta name=\"twitter:card\" content=\"summary_large_image\" \/>\n<meta name=\"twitter:label1\" content=\"Est. reading time\" \/>\n\t<meta name=\"twitter:data1\" content=\"3 minutes\" \/>\n<script type=\"application\/ld+json\" class=\"yoast-schema-graph\">{\"@context\":\"https:\\\/\\\/schema.org\",\"@graph\":[{\"@type\":\"WebPage\",\"@id\":\"https:\\\/\\\/www.weyer-gruppe.com\\\/en\\\/contact\\\/\",\"url\":\"https:\\\/\\\/www.weyer-gruppe.com\\\/en\\\/contact\\\/\",\"name\":\"Contact details of the member companies of weyer gruppe\",\"isPartOf\":{\"@id\":\"https:\\\/\\\/www.weyer-gruppe.com\\\/en\\\/#website\"},\"datePublished\":\"2019-07-17T13:52:53+00:00\",\"dateModified\":\"2025-08-15T10:39:08+00:00\",\"description\":\"Contact to: As-U Gamerith, BDO TUC, CTE, horst weyer und partner, LT GASETECHNIK, PROBIOTEC, weyer IngenieurPartner, Weyer Polska, Weyer und Partner Schweiz\",\"breadcrumb\":{\"@id\":\"https:\\\/\\\/www.weyer-gruppe.com\\\/en\\\/contact\\\/#breadcrumb\"},\"inLanguage\":\"en-US\",\"potentialAction\":[{\"@type\":\"ReadAction\",\"target\":[\"https:\\\/\\\/www.weyer-gruppe.com\\\/en\\\/contact\\\/\"]}]},{\"@type\":\"BreadcrumbList\",\"@id\":\"https:\\\/\\\/www.weyer-gruppe.com\\\/en\\\/contact\\\/#breadcrumb\",\"itemListElement\":[{\"@type\":\"ListItem\",\"position\":1,\"name\":\"HOME\",\"item\":\"https:\\\/\\\/www.weyer-gruppe.com\\\/en\\\/\"},{\"@type\":\"ListItem\",\"position\":2,\"name\":\"Contact\"}]},{\"@type\":\"WebSite\",\"@id\":\"https:\\\/\\\/www.weyer-gruppe.com\\\/en\\\/#website\",\"url\":\"https:\\\/\\\/www.weyer-gruppe.com\\\/en\\\/\",\"name\":\"weyer gruppe\",\"description\":\"komplett. durchdacht.\",\"publisher\":{\"@id\":\"https:\\\/\\\/www.weyer-gruppe.com\\\/en\\\/#organization\"},\"potentialAction\":[{\"@type\":\"SearchAction\",\"target\":{\"@type\":\"EntryPoint\",\"urlTemplate\":\"https:\\\/\\\/www.weyer-gruppe.com\\\/en\\\/?s={search_term_string}\"},\"query-input\":{\"@type\":\"PropertyValueSpecification\",\"valueRequired\":true,\"valueName\":\"search_term_string\"}}],\"inLanguage\":\"en-US\"},{\"@type\":\"Organization\",\"@id\":\"https:\\\/\\\/www.weyer-gruppe.com\\\/en\\\/#organization\",\"name\":\"weyer gruppe\",\"url\":\"https:\\\/\\\/www.weyer-gruppe.com\\\/en\\\/\",\"logo\":{\"@type\":\"ImageObject\",\"inLanguage\":\"en-US\",\"@id\":\"https:\\\/\\\/www.weyer-gruppe.com\\\/en\\\/#\\\/schema\\\/logo\\\/image\\\/\",\"url\":\"https:\\\/\\\/www.weyer-gruppe.com\\\/wp-content\\\/uploads\\\/2019\\\/07\\\/logo-weyer-gruppe-de.png\",\"contentUrl\":\"https:\\\/\\\/www.weyer-gruppe.com\\\/wp-content\\\/uploads\\\/2019\\\/07\\\/logo-weyer-gruppe-de.png\",\"width\":532,\"height\":513,\"caption\":\"weyer gruppe\"},\"image\":{\"@id\":\"https:\\\/\\\/www.weyer-gruppe.com\\\/en\\\/#\\\/schema\\\/logo\\\/image\\\/\"},\"sameAs\":[\"https:\\\/\\\/www.facebook.com\\\/weyergruppe\",\"https:\\\/\\\/de.linkedin.com\\\/company\\\/weyer-gruppe\",\"https:\\\/\\\/www.youtube.com\\\/channel\\\/UCmZItECuW56Ih_p501_Bq8A\"],\"description\":\"Die weyer gruppe ist seit 1976 Ihr Partner f\u00fcr verfahrenstechnische Anlagenplanung und Anlagensicherheit. Mit einem erfahrenen Team von \u00fcber 190 Mitarbeitern in Deutschland, \u00d6sterreich, Polen und der Schweiz realisieren wir j\u00e4hrlich \u00fcber 1.000 Kundenprojekte. Unsere Expertise erstreckt sich \u00fcber verschiedene Branchen wie Chemie, Pharma, Mineral\u00f6l sowie Ver- und Entsorgung. Vertrauen Sie auf die weyer Gruppe f\u00fcr ma\u00dfgeschneiderte Engineering- und Consulting-L\u00f6sungen, die Ihre Anforderungen in puncto Sicherheit und Effizienz erf\u00fcllen.\",\"email\":\"info@weyer-gruppe.com\",\"telephone\":\"+49 (0) 24 21 \u2013 69 09 1 \u2013 0\",\"numberOfEmployees\":{\"@type\":\"QuantitativeValue\",\"minValue\":\"51\",\"maxValue\":\"200\"}}]}<\/script>\n<!-- \/ Yoast SEO Premium plugin. -->","yoast_head_json":{"title":"Contact details of the member companies of weyer gruppe","description":"Contact to: As-U Gamerith, BDO TUC, CTE, horst weyer und partner, LT GASETECHNIK, PROBIOTEC, weyer IngenieurPartner, Weyer Polska, Weyer und Partner Schweiz","robots":{"index":"index","follow":"follow","max-snippet":"max-snippet:-1","max-image-preview":"max-image-preview:large","max-video-preview":"max-video-preview:-1"},"canonical":"https:\/\/www.weyer-gruppe.com\/en\/contact\/","og_locale":"en_US","og_type":"article","og_title":"Contact","og_description":"Contact to: As-U Gamerith, BDO TUC, CTE, horst weyer und partner, LT GASETECHNIK, PROBIOTEC, weyer IngenieurPartner, Weyer Polska, Weyer und Partner Schweiz","og_url":"https:\/\/www.weyer-gruppe.com\/en\/contact\/","og_site_name":"weyer gruppe","article_publisher":"https:\/\/www.facebook.com\/weyergruppe","article_modified_time":"2025-08-15T10:39:08+00:00","twitter_card":"summary_large_image","twitter_misc":{"Est. reading time":"3 minutes"},"schema":{"@context":"https:\/\/schema.org","@graph":[{"@type":"WebPage","@id":"https:\/\/www.weyer-gruppe.com\/en\/contact\/","url":"https:\/\/www.weyer-gruppe.com\/en\/contact\/","name":"Contact details of the member companies of weyer gruppe","isPartOf":{"@id":"https:\/\/www.weyer-gruppe.com\/en\/#website"},"datePublished":"2019-07-17T13:52:53+00:00","dateModified":"2025-08-15T10:39:08+00:00","description":"Contact to: As-U Gamerith, BDO TUC, CTE, horst weyer und partner, LT GASETECHNIK, PROBIOTEC, weyer IngenieurPartner, Weyer Polska, Weyer und Partner Schweiz","breadcrumb":{"@id":"https:\/\/www.weyer-gruppe.com\/en\/contact\/#breadcrumb"},"inLanguage":"en-US","potentialAction":[{"@type":"ReadAction","target":["https:\/\/www.weyer-gruppe.com\/en\/contact\/"]}]},{"@type":"BreadcrumbList","@id":"https:\/\/www.weyer-gruppe.com\/en\/contact\/#breadcrumb","itemListElement":[{"@type":"ListItem","position":1,"name":"HOME","item":"https:\/\/www.weyer-gruppe.com\/en\/"},{"@type":"ListItem","position":2,"name":"Contact"}]},{"@type":"WebSite","@id":"https:\/\/www.weyer-gruppe.com\/en\/#website","url":"https:\/\/www.weyer-gruppe.com\/en\/","name":"weyer gruppe","description":"komplett. durchdacht.","publisher":{"@id":"https:\/\/www.weyer-gruppe.com\/en\/#organization"},"potentialAction":[{"@type":"SearchAction","target":{"@type":"EntryPoint","urlTemplate":"https:\/\/www.weyer-gruppe.com\/en\/?s={search_term_string}"},"query-input":{"@type":"PropertyValueSpecification","valueRequired":true,"valueName":"search_term_string"}}],"inLanguage":"en-US"},{"@type":"Organization","@id":"https:\/\/www.weyer-gruppe.com\/en\/#organization","name":"weyer gruppe","url":"https:\/\/www.weyer-gruppe.com\/en\/","logo":{"@type":"ImageObject","inLanguage":"en-US","@id":"https:\/\/www.weyer-gruppe.com\/en\/#\/schema\/logo\/image\/","url":"https:\/\/www.weyer-gruppe.com\/wp-content\/uploads\/2019\/07\/logo-weyer-gruppe-de.png","contentUrl":"https:\/\/www.weyer-gruppe.com\/wp-content\/uploads\/2019\/07\/logo-weyer-gruppe-de.png","width":532,"height":513,"caption":"weyer gruppe"},"image":{"@id":"https:\/\/www.weyer-gruppe.com\/en\/#\/schema\/logo\/image\/"},"sameAs":["https:\/\/www.facebook.com\/weyergruppe","https:\/\/de.linkedin.com\/company\/weyer-gruppe","https:\/\/www.youtube.com\/channel\/UCmZItECuW56Ih_p501_Bq8A"],"description":"Die weyer gruppe ist seit 1976 Ihr Partner f\u00fcr verfahrenstechnische Anlagenplanung und Anlagensicherheit. Mit einem erfahrenen Team von \u00fcber 190 Mitarbeitern in Deutschland, \u00d6sterreich, Polen und der Schweiz realisieren wir j\u00e4hrlich \u00fcber 1.000 Kundenprojekte. Unsere Expertise erstreckt sich \u00fcber verschiedene Branchen wie Chemie, Pharma, Mineral\u00f6l sowie Ver- und Entsorgung. Vertrauen Sie auf die weyer Gruppe f\u00fcr ma\u00dfgeschneiderte Engineering- und Consulting-L\u00f6sungen, die Ihre Anforderungen in puncto Sicherheit und Effizienz erf\u00fcllen.","email":"info@weyer-gruppe.com","telephone":"+49 (0) 24 21 \u2013 69 09 1 \u2013 0","numberOfEmployees":{"@type":"QuantitativeValue","minValue":"51","maxValue":"200"}}]}},"_links":{"self":[{"href":"https:\/\/www.weyer-gruppe.com\/en\/wp-json\/wp\/v2\/pages\/24215","targetHints":{"allow":["GET"]}}],"collection":[{"href":"https:\/\/www.weyer-gruppe.com\/en\/wp-json\/wp\/v2\/pages"}],"about":[{"href":"https:\/\/www.weyer-gruppe.com\/en\/wp-json\/wp\/v2\/types\/page"}],"author":[{"embeddable":true,"href":"https:\/\/www.weyer-gruppe.com\/en\/wp-json\/wp\/v2\/users\/2"}],"replies":[{"embeddable":true,"href":"https:\/\/www.weyer-gruppe.com\/en\/wp-json\/wp\/v2\/comments?post=24215"}],"version-history":[{"count":4,"href":"https:\/\/www.weyer-gruppe.com\/en\/wp-json\/wp\/v2\/pages\/24215\/revisions"}],"predecessor-version":[{"id":236250,"href":"https:\/\/www.weyer-gruppe.com\/en\/wp-json\/wp\/v2\/pages\/24215\/revisions\/236250"}],"wp:attachment":[{"href":"https:\/\/www.weyer-gruppe.com\/en\/wp-json\/wp\/v2\/media?parent=24215"}],"curies":[{"name":"wp","href":"https:\/\/api.w.org\/{rel}","templated":true}]}}