{"id":23968,"date":"2019-09-04T11:18:57","date_gmt":"2019-09-04T09:18:57","guid":{"rendered":"https:\/\/www.weyer-gruppe.com\/public-sector\/"},"modified":"2022-08-26T10:29:49","modified_gmt":"2022-08-26T08:29:49","slug":"public-sector","status":"publish","type":"page","link":"https:\/\/www.weyer-gruppe.com\/en\/public-sector\/","title":{"rendered":"Public Sector"},"content":{"rendered":"<div class=\"wpb-content-wrapper\">[vc_row][vc_column][vc_column_text]Due to their sovereign mandate and the diverse municipal regulations, public clients have special requirements for external support. The experts from the weyer group have extensive experience in completing projects for contracting authorities. As consultants and experts, we support you in meeting and successfully implementing the technical requirements within your project.[\/vc_column_text]<h3 class=\"grve-element grve-align-left grve-title-no-line grve-h3\" style=\"\"><span>Overview of services for contracting authorities<\/span><\/h3>[vc_tta_accordion active_section=&#8221;0&#8243; collapsible_all=&#8221;true&#8221;][vc_tta_section title=&#8221;Urban development and urban planning&#8221; tab_id=&#8221;1566389060088-a9276ae5-a341&#8243;][vc_column_text]<strong>You have an idea. We implement it! <\/strong><\/p>\n<p>With its team of architects, urban planners, real estate managers, geodesists and geographers, the Urban Development + Urban Planning business unit, which operates nationwide, supports public and private clients in the structured implementation and management of development and planning processes. With conceptual expertise, effective steering activities, sensitive moderation and customised public relations work, the Urban Development + Urban Planning business unit reconciles the dynamically growing requirements and needs of municipalities, project developers, investors and citizens and develops the city of tomorrow together with them.<\/p>\n<ul>\n<li><a href=\"https:\/\/www.weyer-gruppe.com\/en\/public-sector\/resident-information-management-rim\/\">RIM: Resident Information Management<\/a><\/li>\n<li><a href=\"https:\/\/www.weyer-gruppe.com\/en\/public-sector\/funding-management-research-and-applications-for-third-party-funding-2\/\">Grants management: research and identification of third-party funds<\/a><\/li>\n<li><a href=\"https:\/\/www.weyer-gruppe.com\/en\/public-sector\/integrated-development-concepts\/\">Integrated urban development concepts<\/a><\/li>\n<li><a href=\"https:\/\/www.weyer-gruppe.com\/en\/public-sector\/communal-climate-protection\/\">Communal climate protection<\/a><\/li>\n<li><a href=\"https:\/\/www.weyer-gruppe.com\/en\/public-sector\/communication-culture-investment-concepts-and-moderation\/\">Culture of communication: participation and moderation<\/a><\/li>\n<li><a href=\"https:\/\/www.weyer-gruppe.com\/en\/public-sector\/planning-culture-competition-and-award-management-2\/\">Planning culture: Competition and award management<\/a><\/li>\n<li><a href=\"https:\/\/www.weyer-gruppe.com\/en\/public-sector\/project-management-for-land-development-2\/\">Project management for land development<\/a><\/li>\n<\/ul>\n[\/vc_column_text][\/vc_tta_section][vc_tta_section title=&#8221;Environmental protection&#8221; tab_id=&#8221;1566388979219-8db972d3-670c&#8221;][vc_column_text]\n<ul>\n<li><a href=\"https:\/\/www.weyer-gruppe.com\/en\/public-sector\/species-protection-and-habitats-compatibility-3\/\">Protection of species and FFH\u2010compatibility<\/a><\/li>\n<li><a href=\"https:\/\/www.weyer-gruppe.com\/en\/public-sector\/contaminated-sites-and-land-management-3\/\">Contaminated sites and land management<\/a><\/li>\n<li><a href=\"https:\/\/www.weyer-gruppe.com\/en\/public-sector\/approval-management-3\/\">Approval Management<\/a><\/li>\n<li><a href=\"https:\/\/www.weyer-gruppe.com\/en\/public-sector\/environmental-impact-assessment-3\/\">Environmental impact assessments<\/a><\/li>\n<\/ul>\n[\/vc_column_text][\/vc_tta_section][vc_tta_section title=&#8221;Economic and technical consulting&#8221; tab_id=&#8221;1566389046252-a6360b5a-5b62&#8243;][vc_column_text]\n<ul>\n<li><a href=\"https:\/\/www.weyer-gruppe.com\/en\/public-sector\/construction-revision-and-controlling-3\/\">Construction auditing\/construction controlling<\/a><\/li>\n<li><a href=\"https:\/\/www.weyer-gruppe.com\/en\/public-sector\/tender-management\/\">Tender management<\/a><\/li>\n<\/ul>\n[\/vc_column_text][\/vc_tta_section][vc_tta_section title=&#8221;Objection Management&#8221; tab_id=&#8221;1580460186690-f0cce6ff-b7bb&#8221;][vc_column_text]\n<ul>\n<li><a href=\"https:\/\/www.weyer-gruppe.com\/en\/public-sector\/objection-management\/\">Objection Management<\/a><\/li>\n<\/ul>\n[\/vc_column_text][\/vc_tta_section][\/vc_tta_accordion][\/vc_column][\/vc_row][vc_row][vc_column][vc_column_text el_id=&#8221;kontaktformular-anlagenbetreiber-investoren&#8221;][\/vc_column_text][\/vc_column][\/vc_row][vc_row][vc_column width=&#8221;1\/2&#8243;]<div class=\"grve-element grve-hr grve-space-divider\" style=\"\"><\/div><div class=\"grve-element grve-hr grve-space-divider\" style=\"\"><\/div><div class=\"grve-element grve-box-icon grve-align-center\" style=\"\">  <div class=\"grve-icon grve-large grve-simple grve-no-shape grve-color-primary-1 fa fa-envelope-o\"><\/div><\/div>[vc_column_text]\n<h5 style=\"text-align: center;\">Do you have any questions?<\/h5>\n<h5 style=\"text-align: center;\">Contact us!<\/h5>\n<h5 style=\"text-align: center;\">Our experts are happy to advise you!<\/h5>\n[\/vc_column_text][\/vc_column][vc_column width=&#8221;1\/2&#8243;]\n<div class=\"wpcf7 no-js\" id=\"wpcf7-f24286-o1\" lang=\"en-US\" dir=\"ltr\" data-wpcf7-id=\"24286\">\n<div class=\"screen-reader-response\"><p role=\"status\" aria-live=\"polite\" aria-atomic=\"true\"><\/p> <ul><\/ul><\/div>\n<form action=\"\/en\/wp-json\/wp\/v2\/pages\/23968#wpcf7-f24286-o1\" method=\"post\" class=\"wpcf7-form init\" aria-label=\"Contact form\" novalidate=\"novalidate\" data-status=\"init\">\n<fieldset class=\"hidden-fields-container\"><input type=\"hidden\" name=\"_wpcf7\" value=\"24286\" \/><input type=\"hidden\" name=\"_wpcf7_version\" value=\"6.1.5\" \/><input type=\"hidden\" name=\"_wpcf7_locale\" value=\"en_US\" \/><input type=\"hidden\" name=\"_wpcf7_unit_tag\" value=\"wpcf7-f24286-o1\" \/><input type=\"hidden\" name=\"_wpcf7_container_post\" value=\"0\" \/><input type=\"hidden\" name=\"_wpcf7_posted_data_hash\" value=\"\" \/><input type=\"hidden\" name=\"_wpcf7_recaptcha_response\" value=\"\" \/>\n<\/fieldset>\n<p><label> Salutation (required) <span class=\"wpcf7-form-control-wrap\" data-name=\"menu-543\"><select class=\"wpcf7-form-control wpcf7-select wpcf7-validates-as-required\" aria-required=\"true\" aria-invalid=\"false\" name=\"menu-543\"><option value=\"\">&#8212;Please choose an option&#8212;<\/option><option value=\"Mr.\">Mr.<\/option><option value=\"Mrs.\">Mrs.<\/option><\/select><\/span> <\/label><label> First name (required) <span class=\"wpcf7-form-control-wrap\" data-name=\"your-prename\"><input size=\"40\" maxlength=\"400\" class=\"wpcf7-form-control wpcf7-text wpcf7-validates-as-required\" aria-required=\"true\" aria-invalid=\"false\" value=\"\" type=\"text\" name=\"your-prename\" \/><\/span> <\/label><label> Last name (required) <span class=\"wpcf7-form-control-wrap\" data-name=\"your-lastname\"><input size=\"40\" maxlength=\"400\" class=\"wpcf7-form-control wpcf7-text wpcf7-validates-as-required\" aria-required=\"true\" aria-invalid=\"false\" value=\"\" type=\"text\" name=\"your-lastname\" \/><\/span> <\/label><label> E-mail address (required) <span class=\"wpcf7-form-control-wrap\" data-name=\"your-email\"><input size=\"40\" maxlength=\"400\" class=\"wpcf7-form-control wpcf7-email wpcf7-validates-as-required wpcf7-text wpcf7-validates-as-email\" aria-required=\"true\" aria-invalid=\"false\" value=\"\" type=\"email\" name=\"your-email\" \/><\/span> <\/label><label> Subject <span class=\"wpcf7-form-control-wrap\" data-name=\"your-subject\"><input size=\"40\" maxlength=\"400\" class=\"wpcf7-form-control wpcf7-text\" aria-invalid=\"false\" value=\"\" type=\"text\" name=\"your-subject\" \/><\/span> <\/label><br \/>\n<label> your message <span class=\"wpcf7-form-control-wrap\" data-name=\"your-message\"><textarea cols=\"40\" rows=\"10\" maxlength=\"2000\" class=\"wpcf7-form-control wpcf7-textarea\" aria-invalid=\"false\" name=\"your-message\"><\/textarea><\/span> <\/label><br \/>\n<span class=\"wpcf7-form-control-wrap\" data-name=\"Datenschutzerklaerung\"><span class=\"wpcf7-form-control wpcf7-checkbox wpcf7-validates-as-required\"><span class=\"wpcf7-list-item first last\"><input type=\"checkbox\" name=\"Datenschutzerklaerung[]\" value=\"I have read the privacy policy and agree to it.\" \/><span class=\"wpcf7-list-item-label\">I have read the privacy policy and agree to it.<\/span><\/span><\/span><\/span><br \/>\n<br \/>\n<input class=\"wpcf7-form-control wpcf7-submit has-spinner\" type=\"submit\" value=\"Send\" \/>\n<\/p><div class=\"wpcf7-response-output\" aria-hidden=\"true\"><\/div>\n<\/form>\n<\/div>\n[vc_column_text][borlabs-cookie id=&#8221;recaptcha&#8221; type=&#8221;content-blocker&#8221;]&#8230;block this&#8230;[\/borlabs-cookie][\/vc_column_text][\/vc_column][\/vc_row][vc_row][vc_column][vc_empty_space height=&#8221;50px&#8221;]<h2 class=\"grve-element grve-align-left grve-title-no-line grve-h2\" style=\"\"><span>Read suitable blog posts here<\/span><\/h2>[vc_empty_space height=&#8221;20px&#8221;][\/vc_column][\/vc_row]\n<\/div>","protected":false},"excerpt":{"rendered":"<p>[vc_row][vc_column][vc_column_text]Due to their sovereign mandate and the diverse municipal regulations, public clients have special requirements for external support. The experts from the weyer group have extensive experience in completing projects for contracting authorities. As consultants and experts, we support you in meeting and successfully implementing the technical requirements within your project.[\/vc_column_text][vc_tta_accordion active_section=&#8221;0&#8243; collapsible_all=&#8221;true&#8221;][vc_tta_section title=&#8221;Urban development [&hellip;]<\/p>\n","protected":false},"author":5,"featured_media":0,"parent":0,"menu_order":0,"comment_status":"closed","ping_status":"closed","template":"","meta":{"footnotes":""},"class_list":["post-23968","page","type-page","status-publish","hentry"],"yoast_head":"<!-- This site is optimized with the Yoast SEO Premium plugin v26.9 (Yoast SEO v26.9) - https:\/\/yoast.com\/product\/yoast-seo-premium-wordpress\/ -->\n<title>Consulting services for public sector clients - weyer group<\/title>\n<meta name=\"description\" content=\"The weyer group provides public sector clients with support in urban development, environmental protection, technical business advice and objection management.\" \/>\n<meta name=\"robots\" content=\"index, follow, max-snippet:-1, max-image-preview:large, max-video-preview:-1\" \/>\n<link rel=\"canonical\" href=\"https:\/\/www.weyer-gruppe.com\/en\/public-sector\/\" \/>\n<meta property=\"og:locale\" content=\"en_US\" \/>\n<meta property=\"og:type\" content=\"article\" \/>\n<meta property=\"og:title\" content=\"Public Sector\" \/>\n<meta property=\"og:description\" content=\"The weyer group provides public sector clients with support in urban development, environmental protection, technical business advice and objection management.\" \/>\n<meta property=\"og:url\" content=\"https:\/\/www.weyer-gruppe.com\/en\/public-sector\/\" \/>\n<meta property=\"og:site_name\" content=\"weyer gruppe\" \/>\n<meta property=\"article:publisher\" content=\"https:\/\/www.facebook.com\/weyergruppe\" \/>\n<meta property=\"article:modified_time\" content=\"2022-08-26T08:29:49+00:00\" \/>\n<meta name=\"twitter:card\" content=\"summary_large_image\" \/>\n<meta name=\"twitter:label1\" content=\"Est. reading time\" \/>\n\t<meta name=\"twitter:data1\" content=\"2 minutes\" \/>\n<script type=\"application\/ld+json\" class=\"yoast-schema-graph\">{\"@context\":\"https:\/\/schema.org\",\"@graph\":[{\"@type\":\"WebPage\",\"@id\":\"https:\/\/www.weyer-gruppe.com\/en\/public-sector\/\",\"url\":\"https:\/\/www.weyer-gruppe.com\/en\/public-sector\/\",\"name\":\"Consulting services for public sector clients - weyer group\",\"isPartOf\":{\"@id\":\"https:\/\/www.weyer-gruppe.com\/en\/#website\"},\"datePublished\":\"2019-09-04T09:18:57+00:00\",\"dateModified\":\"2022-08-26T08:29:49+00:00\",\"description\":\"The weyer group provides public sector clients with support in urban development, environmental protection, technical business advice and objection management.\",\"breadcrumb\":{\"@id\":\"https:\/\/www.weyer-gruppe.com\/en\/public-sector\/#breadcrumb\"},\"inLanguage\":\"en-US\",\"potentialAction\":[{\"@type\":\"ReadAction\",\"target\":[\"https:\/\/www.weyer-gruppe.com\/en\/public-sector\/\"]}]},{\"@type\":\"BreadcrumbList\",\"@id\":\"https:\/\/www.weyer-gruppe.com\/en\/public-sector\/#breadcrumb\",\"itemListElement\":[{\"@type\":\"ListItem\",\"position\":1,\"name\":\"HOME\",\"item\":\"https:\/\/www.weyer-gruppe.com\/en\/\"},{\"@type\":\"ListItem\",\"position\":2,\"name\":\"Public Sector\"}]},{\"@type\":\"WebSite\",\"@id\":\"https:\/\/www.weyer-gruppe.com\/en\/#website\",\"url\":\"https:\/\/www.weyer-gruppe.com\/en\/\",\"name\":\"weyer gruppe\",\"description\":\"komplett. durchdacht.\",\"publisher\":{\"@id\":\"https:\/\/www.weyer-gruppe.com\/en\/#organization\"},\"potentialAction\":[{\"@type\":\"SearchAction\",\"target\":{\"@type\":\"EntryPoint\",\"urlTemplate\":\"https:\/\/www.weyer-gruppe.com\/en\/?s={search_term_string}\"},\"query-input\":{\"@type\":\"PropertyValueSpecification\",\"valueRequired\":true,\"valueName\":\"search_term_string\"}}],\"inLanguage\":\"en-US\"},{\"@type\":\"Organization\",\"@id\":\"https:\/\/www.weyer-gruppe.com\/en\/#organization\",\"name\":\"weyer gruppe\",\"url\":\"https:\/\/www.weyer-gruppe.com\/en\/\",\"logo\":{\"@type\":\"ImageObject\",\"inLanguage\":\"en-US\",\"@id\":\"https:\/\/www.weyer-gruppe.com\/en\/#\/schema\/logo\/image\/\",\"url\":\"https:\/\/www.weyer-gruppe.com\/wp-content\/uploads\/2019\/07\/logo-weyer-gruppe-de.png\",\"contentUrl\":\"https:\/\/www.weyer-gruppe.com\/wp-content\/uploads\/2019\/07\/logo-weyer-gruppe-de.png\",\"width\":532,\"height\":513,\"caption\":\"weyer gruppe\"},\"image\":{\"@id\":\"https:\/\/www.weyer-gruppe.com\/en\/#\/schema\/logo\/image\/\"},\"sameAs\":[\"https:\/\/www.facebook.com\/weyergruppe\",\"https:\/\/de.linkedin.com\/company\/weyer-gruppe\",\"https:\/\/www.youtube.com\/channel\/UCmZItECuW56Ih_p501_Bq8A\"],\"description\":\"Die weyer gruppe ist seit 1976 Ihr Partner f\u00fcr verfahrenstechnische Anlagenplanung und Anlagensicherheit. Mit einem erfahrenen Team von \u00fcber 190 Mitarbeitern in Deutschland, \u00d6sterreich, Polen und der Schweiz realisieren wir j\u00e4hrlich \u00fcber 1.000 Kundenprojekte. Unsere Expertise erstreckt sich \u00fcber verschiedene Branchen wie Chemie, Pharma, Mineral\u00f6l sowie Ver- und Entsorgung. Vertrauen Sie auf die weyer Gruppe f\u00fcr ma\u00dfgeschneiderte Engineering- und Consulting-L\u00f6sungen, die Ihre Anforderungen in puncto Sicherheit und Effizienz erf\u00fcllen.\",\"email\":\"info@weyer-gruppe.com\",\"telephone\":\"+49 (0) 24 21 \u2013 69 09 1 \u2013 0\",\"numberOfEmployees\":{\"@type\":\"QuantitativeValue\",\"minValue\":\"51\",\"maxValue\":\"200\"}}]}<\/script>\n<!-- \/ Yoast SEO Premium plugin. -->","yoast_head_json":{"title":"Consulting services for public sector clients - weyer group","description":"The weyer group provides public sector clients with support in urban development, environmental protection, technical business advice and objection management.","robots":{"index":"index","follow":"follow","max-snippet":"max-snippet:-1","max-image-preview":"max-image-preview:large","max-video-preview":"max-video-preview:-1"},"canonical":"https:\/\/www.weyer-gruppe.com\/en\/public-sector\/","og_locale":"en_US","og_type":"article","og_title":"Public Sector","og_description":"The weyer group provides public sector clients with support in urban development, environmental protection, technical business advice and objection management.","og_url":"https:\/\/www.weyer-gruppe.com\/en\/public-sector\/","og_site_name":"weyer gruppe","article_publisher":"https:\/\/www.facebook.com\/weyergruppe","article_modified_time":"2022-08-26T08:29:49+00:00","twitter_card":"summary_large_image","twitter_misc":{"Est. reading time":"2 minutes"},"schema":{"@context":"https:\/\/schema.org","@graph":[{"@type":"WebPage","@id":"https:\/\/www.weyer-gruppe.com\/en\/public-sector\/","url":"https:\/\/www.weyer-gruppe.com\/en\/public-sector\/","name":"Consulting services for public sector clients - weyer group","isPartOf":{"@id":"https:\/\/www.weyer-gruppe.com\/en\/#website"},"datePublished":"2019-09-04T09:18:57+00:00","dateModified":"2022-08-26T08:29:49+00:00","description":"The weyer group provides public sector clients with support in urban development, environmental protection, technical business advice and objection management.","breadcrumb":{"@id":"https:\/\/www.weyer-gruppe.com\/en\/public-sector\/#breadcrumb"},"inLanguage":"en-US","potentialAction":[{"@type":"ReadAction","target":["https:\/\/www.weyer-gruppe.com\/en\/public-sector\/"]}]},{"@type":"BreadcrumbList","@id":"https:\/\/www.weyer-gruppe.com\/en\/public-sector\/#breadcrumb","itemListElement":[{"@type":"ListItem","position":1,"name":"HOME","item":"https:\/\/www.weyer-gruppe.com\/en\/"},{"@type":"ListItem","position":2,"name":"Public Sector"}]},{"@type":"WebSite","@id":"https:\/\/www.weyer-gruppe.com\/en\/#website","url":"https:\/\/www.weyer-gruppe.com\/en\/","name":"weyer gruppe","description":"komplett. durchdacht.","publisher":{"@id":"https:\/\/www.weyer-gruppe.com\/en\/#organization"},"potentialAction":[{"@type":"SearchAction","target":{"@type":"EntryPoint","urlTemplate":"https:\/\/www.weyer-gruppe.com\/en\/?s={search_term_string}"},"query-input":{"@type":"PropertyValueSpecification","valueRequired":true,"valueName":"search_term_string"}}],"inLanguage":"en-US"},{"@type":"Organization","@id":"https:\/\/www.weyer-gruppe.com\/en\/#organization","name":"weyer gruppe","url":"https:\/\/www.weyer-gruppe.com\/en\/","logo":{"@type":"ImageObject","inLanguage":"en-US","@id":"https:\/\/www.weyer-gruppe.com\/en\/#\/schema\/logo\/image\/","url":"https:\/\/www.weyer-gruppe.com\/wp-content\/uploads\/2019\/07\/logo-weyer-gruppe-de.png","contentUrl":"https:\/\/www.weyer-gruppe.com\/wp-content\/uploads\/2019\/07\/logo-weyer-gruppe-de.png","width":532,"height":513,"caption":"weyer gruppe"},"image":{"@id":"https:\/\/www.weyer-gruppe.com\/en\/#\/schema\/logo\/image\/"},"sameAs":["https:\/\/www.facebook.com\/weyergruppe","https:\/\/de.linkedin.com\/company\/weyer-gruppe","https:\/\/www.youtube.com\/channel\/UCmZItECuW56Ih_p501_Bq8A"],"description":"Die weyer gruppe ist seit 1976 Ihr Partner f\u00fcr verfahrenstechnische Anlagenplanung und Anlagensicherheit. Mit einem erfahrenen Team von \u00fcber 190 Mitarbeitern in Deutschland, \u00d6sterreich, Polen und der Schweiz realisieren wir j\u00e4hrlich \u00fcber 1.000 Kundenprojekte. Unsere Expertise erstreckt sich \u00fcber verschiedene Branchen wie Chemie, Pharma, Mineral\u00f6l sowie Ver- und Entsorgung. Vertrauen Sie auf die weyer Gruppe f\u00fcr ma\u00dfgeschneiderte Engineering- und Consulting-L\u00f6sungen, die Ihre Anforderungen in puncto Sicherheit und Effizienz erf\u00fcllen.","email":"info@weyer-gruppe.com","telephone":"+49 (0) 24 21 \u2013 69 09 1 \u2013 0","numberOfEmployees":{"@type":"QuantitativeValue","minValue":"51","maxValue":"200"}}]}},"_links":{"self":[{"href":"https:\/\/www.weyer-gruppe.com\/en\/wp-json\/wp\/v2\/pages\/23968","targetHints":{"allow":["GET"]}}],"collection":[{"href":"https:\/\/www.weyer-gruppe.com\/en\/wp-json\/wp\/v2\/pages"}],"about":[{"href":"https:\/\/www.weyer-gruppe.com\/en\/wp-json\/wp\/v2\/types\/page"}],"author":[{"embeddable":true,"href":"https:\/\/www.weyer-gruppe.com\/en\/wp-json\/wp\/v2\/users\/5"}],"replies":[{"embeddable":true,"href":"https:\/\/www.weyer-gruppe.com\/en\/wp-json\/wp\/v2\/comments?post=23968"}],"version-history":[{"count":0,"href":"https:\/\/www.weyer-gruppe.com\/en\/wp-json\/wp\/v2\/pages\/23968\/revisions"}],"wp:attachment":[{"href":"https:\/\/www.weyer-gruppe.com\/en\/wp-json\/wp\/v2\/media?parent=23968"}],"curies":[{"name":"wp","href":"https:\/\/api.w.org\/{rel}","templated":true}]}}