{"id":23923,"date":"2020-01-23T16:18:06","date_gmt":"2020-01-23T15:18:06","guid":{"rendered":"https:\/\/www.weyer-gruppe.com\/plant-planners-and-manufacturers\/pipeline-stress-calculations\/"},"modified":"2026-03-19T15:52:26","modified_gmt":"2026-03-19T14:52:26","slug":"pipeline-stress-calculations","status":"publish","type":"page","link":"https:\/\/www.weyer-gruppe.com\/en\/plant-planners-and-manufacturers\/pipeline-stress-calculations\/","title":{"rendered":"Pipeline stress calculations"},"content":{"rendered":"<div class=\"wpb-content-wrapper\">[vc_row][vc_column][vc_column_text]A system analysis is indispensable in process plant engineering for the professional construction of piping systems, and in many cases is even prescribed by law. The weyer group has many years of experience in the area of stress calculations for piping systems. Documented and legally compliant engineering ensures that organisational negligence concerning plant safety and environmental protection is ruled out in the planning phase. Modern software tools, such as the special pipe stress calculation program <a href=\"https:\/\/hexagonppm.com\/offerings\/products\/caesar-ii\" target=\"_blank\" rel=\"noopener noreferrer\">CAESAR II<\/a> and various 3D design programs are available for this purpose. The advantages of a system analysis include lower investment and maintenance costs, safe operation of your system and the optimised design of the subsequent piping.<\/p>\n<p>The basis for the requirements of stress calculation is provided by <a href=\"https:\/\/eur-lex.europa.eu\/legal-content\/DE\/TXT\/?uri=celex:32014L0068\">Directive 2014\/68\/EU<\/a> on the &#8220;Provision of Pressure Equipment&#8221; from May 15, 2014, also known as the &#8220;Pressure Equipment Directive&#8221;. Annex I, Item 2.2. 2.2. &#8220;Design for adequate strength&#8221; deals with the topic here. The weyer group also uses the following standards and regulations when calculating stress for pipelines:<\/p>\n<ul class=\"arrow-gray\">\n<li><a href=\"https:\/\/www.beuth.de\/de\/norm\/din-en-13480-3\/280896325\" target=\"_blank\" rel=\"noopener noreferrer\">DIN EN 13480-3<\/a> Metallic industrial piping \u2013 Part 3: Construction and calculation<\/li>\n<li><a href=\"https:\/\/www.beuth.de\/de\/technische-regel\/ad-2000-merkblatt-hp-100-r\/272725009\">AD 2000-Merkblatt HP 100 R<\/a> &#8211; Design regulations for pipelines made of metallic materials-<\/li>\n<\/ul>\n<p>Objectives of the static analysis:<\/p>\n<ul class=\"arrow-gray\">\n<li>Pipeline stress analysis<\/li>\n<li>Proof of compliance with permissible forces and moments on apparatus, equipment and connecting pipelines<\/li>\n<li>Determination of the loads to be dissipated by the structure<\/li>\n<li>Calculation of pipeline shifts<\/li>\n<li>Development of storage concepts<\/li>\n<li>Placement of the store<\/li>\n<li>Selection of storage types<\/li>\n<li>Design of spring holders<\/li>\n<\/ul>\n<p>The impact of earthquakes is calculated using a static substitute analysis, as is the impact of climate (wind, snow, ice).<\/p>\n<h2>Services<\/h2>\n<ul class=\"arrow-gray\">\n<li>Static system analysis: Steel and plastic pipes, buried pipelines, the effects of earthquakes, influence from blow-off safety valves, double-jacketed pipelines<\/li>\n<li>Pipe planning<\/li>\n<li>Complete project handling<\/li>\n<\/ul>\n[\/vc_column_text][\/vc_column][\/vc_row][vc_row][vc_column]<div class=\"grve-element grve-hr grve-space-divider\" style=\"\"><\/div>[\/vc_column][\/vc_row][vc_row bg_type=&#8221;color&#8221; bg_color=&#8221;#0b3c80&#8243; font_color=&#8221;#ffffff&#8221;][vc_column]<div class=\"grve-element grve-hr grve-space-divider\" style=\"\"><\/div><div class=\"grve-element grve-image-text\" style=\"\">  <div class=\"grve-content grve-align-right\">    <h6>weyer special: Pipeline stress calculations<\/h6>  <p>A system analysis is indispensable in process plant engineering for the professional construction of piping systems, and in many cases is even prescribed by law. The weyer group has many years of experience in the area of stress calculations for piping systems. By means of a documented and legally compliant engineering, an organizational fault with regard to plant safety and environmental protection can already be excluded in the planning phase&#8230;<\/p>    <a href=\"https:\/\/www.weyer-gruppe.com\/wp-content\/uploads\/2019\/07\/weyer-spezial-stressberechnung-0512.pdf\" target=\"_blank\" class=\"grve-read-more \">Download weyer special here<\/a>  <\/div><div class=\"grve-image\"><img decoding=\"async\" width=\"250\" height=\"354\" src=\"https:\/\/www.weyer-gruppe.com\/wp-content\/uploads\/2019\/07\/weyer-spezial-weyer-gruppe-stressberechnung.jpg\" class=\"attachment-full size-full\" alt=\"Deckblatt weyer spezial Stressberechnung\" srcset=\"\" \/><\/div><\/div><div class=\"grve-element grve-hr grve-space-divider\" style=\"\"><\/div>[\/vc_column][\/vc_row][vc_row][vc_column]<div class=\"grve-element grve-hr grve-space-divider\" style=\"\"><\/div><h3 class=\"grve-element grve-align-left grve-title-no-line grve-h3\" style=\"\"><span>Our Team<\/span><\/h3>[\/vc_column][\/vc_row][vc_row][vc_column width=&#8221;1\/4&#8243; tablet_sm_width=&#8221;1-2&#8243;]\r\n\t\t<div class=\"grve-team grve-element\" style=\"\">\r\n\t\t\t<figure class=\"grve-image-hover grve-style-1 grve-zoom-in\">\r\n\t\t\t\t<div class=\"grve-team-person grve-media grve-dark-overlay grve-opacity-60\">\r\n\t\t\t\t\t<img decoding=\"async\" width=\"300\" height=\"300\" src=\"https:\/\/www.weyer-gruppe.com\/wp-content\/uploads\/2019\/07\/ulrich-pynappel-horst-weyer-und-partner.jpg\" class=\"attachment-grve-image-small-square size-grve-image-small-square\" alt=\"Foto von Ulrich Pynappel der Horst Weyer und Partner gmbh\" srcset=\"https:\/\/www.weyer-gruppe.com\/wp-content\/uploads\/2019\/07\/ulrich-pynappel-horst-weyer-und-partner.jpg 300w, https:\/\/www.weyer-gruppe.com\/wp-content\/uploads\/2019\/07\/ulrich-pynappel-horst-weyer-und-partner-150x150.jpg 150w, https:\/\/www.weyer-gruppe.com\/wp-content\/uploads\/2019\/07\/ulrich-pynappel-horst-weyer-und-partner-80x80.jpg 80w\" sizes=\"(max-width: 300px) 100vw, 300px\" \/>\t\t\t\t<\/div>\r\n\t\t\t\t<figcaption>\r\n\t\t\t\t\t<div class=\"grve-team-description\">\r\n\t\t\t\t\t\t\t\t\t\t\t\t<h4 class=\"grve-team-name grve-dark grve-h4\">Ulrich Pynappel<\/h4>\r\n\t\t\t\t\t\t\t\t\t\t\t\t<small class=\"grve-team-identity grve-dark\">horst weyer und partner<\/small>\r\n\t\t\t\t\t<\/div>\r\n\t\t\t\t\t\t\t\t\t<\/figcaption>\r\n\t\t\t<\/figure>\r\n\t\t<\/div>\r\n\r\n\t\t[\/vc_column][\/vc_row][vc_row][vc_column]<div class=\"grve-element grve-hr grve-space-divider\" style=\"\"><\/div>[\/vc_column][\/vc_row]\n<\/div>","protected":false},"excerpt":{"rendered":"<p>[vc_row][vc_column][vc_column_text]A system analysis is indispensable in process plant engineering for the professional construction of piping systems, and in many cases is even prescribed by law. The weyer group has many years of experience in the area of stress calculations for piping systems. Documented and legally compliant engineering ensures that organisational negligence concerning plant safety and [&hellip;]<\/p>\n","protected":false},"author":2,"featured_media":0,"parent":23872,"menu_order":0,"comment_status":"closed","ping_status":"closed","template":"","meta":{"footnotes":""},"class_list":["post-23923","page","type-page","status-publish","hentry"],"yoast_head":"<!-- This site is optimized with the Yoast SEO Premium plugin v27.4 (Yoast SEO v27.4) - https:\/\/yoast.com\/product\/yoast-seo-premium-wordpress\/ -->\n<title>Pipeline stress calculations &#8211; weyer gruppe<\/title>\n<meta name=\"robots\" content=\"index, follow, max-snippet:-1, max-image-preview:large, max-video-preview:-1\" \/>\n<link rel=\"canonical\" href=\"https:\/\/www.weyer-gruppe.com\/en\/plant-planners-and-manufacturers\/pipeline-stress-calculations\/\" \/>\n<meta property=\"og:locale\" content=\"en_US\" \/>\n<meta property=\"og:type\" content=\"article\" \/>\n<meta property=\"og:title\" content=\"Pipeline stress calculations\" \/>\n<meta property=\"og:description\" content=\"[vc_row][vc_column][vc_column_text]A system analysis is indispensable in process plant engineering for the professional construction of piping systems, and in many cases is even prescribed by law. The weyer group has many years of experience in the area of stress calculations for piping systems. Documented and legally compliant engineering ensures that organisational negligence concerning plant safety and [&hellip;]\" \/>\n<meta property=\"og:url\" content=\"https:\/\/www.weyer-gruppe.com\/en\/plant-planners-and-manufacturers\/pipeline-stress-calculations\/\" \/>\n<meta property=\"og:site_name\" content=\"weyer gruppe\" \/>\n<meta property=\"article:publisher\" content=\"https:\/\/www.facebook.com\/weyergruppe\" \/>\n<meta property=\"article:modified_time\" content=\"2026-03-19T14:52:26+00:00\" \/>\n<meta name=\"twitter:card\" content=\"summary_large_image\" \/>\n<meta name=\"twitter:label1\" content=\"Est. reading time\" \/>\n\t<meta name=\"twitter:data1\" content=\"3 minutes\" \/>\n<script type=\"application\/ld+json\" class=\"yoast-schema-graph\">{\"@context\":\"https:\\\/\\\/schema.org\",\"@graph\":[{\"@type\":\"WebPage\",\"@id\":\"https:\\\/\\\/www.weyer-gruppe.com\\\/en\\\/plant-planners-and-manufacturers\\\/pipeline-stress-calculations\\\/\",\"url\":\"https:\\\/\\\/www.weyer-gruppe.com\\\/en\\\/plant-planners-and-manufacturers\\\/pipeline-stress-calculations\\\/\",\"name\":\"Pipeline stress calculations &#8211; weyer gruppe\",\"isPartOf\":{\"@id\":\"https:\\\/\\\/www.weyer-gruppe.com\\\/en\\\/#website\"},\"datePublished\":\"2020-01-23T15:18:06+00:00\",\"dateModified\":\"2026-03-19T14:52:26+00:00\",\"breadcrumb\":{\"@id\":\"https:\\\/\\\/www.weyer-gruppe.com\\\/en\\\/plant-planners-and-manufacturers\\\/pipeline-stress-calculations\\\/#breadcrumb\"},\"inLanguage\":\"en-US\",\"potentialAction\":[{\"@type\":\"ReadAction\",\"target\":[\"https:\\\/\\\/www.weyer-gruppe.com\\\/en\\\/plant-planners-and-manufacturers\\\/pipeline-stress-calculations\\\/\"]}]},{\"@type\":\"BreadcrumbList\",\"@id\":\"https:\\\/\\\/www.weyer-gruppe.com\\\/en\\\/plant-planners-and-manufacturers\\\/pipeline-stress-calculations\\\/#breadcrumb\",\"itemListElement\":[{\"@type\":\"ListItem\",\"position\":1,\"name\":\"HOME\",\"item\":\"https:\\\/\\\/www.weyer-gruppe.com\\\/en\\\/\"},{\"@type\":\"ListItem\",\"position\":2,\"name\":\"Plant planners and manufacturers\",\"item\":\"https:\\\/\\\/www.weyer-gruppe.com\\\/en\\\/plant-planners-and-manufacturers\\\/\"},{\"@type\":\"ListItem\",\"position\":3,\"name\":\"Pipeline stress calculations\"}]},{\"@type\":\"WebSite\",\"@id\":\"https:\\\/\\\/www.weyer-gruppe.com\\\/en\\\/#website\",\"url\":\"https:\\\/\\\/www.weyer-gruppe.com\\\/en\\\/\",\"name\":\"weyer gruppe\",\"description\":\"komplett. durchdacht.\",\"publisher\":{\"@id\":\"https:\\\/\\\/www.weyer-gruppe.com\\\/en\\\/#organization\"},\"potentialAction\":[{\"@type\":\"SearchAction\",\"target\":{\"@type\":\"EntryPoint\",\"urlTemplate\":\"https:\\\/\\\/www.weyer-gruppe.com\\\/en\\\/?s={search_term_string}\"},\"query-input\":{\"@type\":\"PropertyValueSpecification\",\"valueRequired\":true,\"valueName\":\"search_term_string\"}}],\"inLanguage\":\"en-US\"},{\"@type\":\"Organization\",\"@id\":\"https:\\\/\\\/www.weyer-gruppe.com\\\/en\\\/#organization\",\"name\":\"weyer gruppe\",\"url\":\"https:\\\/\\\/www.weyer-gruppe.com\\\/en\\\/\",\"logo\":{\"@type\":\"ImageObject\",\"inLanguage\":\"en-US\",\"@id\":\"https:\\\/\\\/www.weyer-gruppe.com\\\/en\\\/#\\\/schema\\\/logo\\\/image\\\/\",\"url\":\"https:\\\/\\\/www.weyer-gruppe.com\\\/wp-content\\\/uploads\\\/2019\\\/07\\\/logo-weyer-gruppe-de.png\",\"contentUrl\":\"https:\\\/\\\/www.weyer-gruppe.com\\\/wp-content\\\/uploads\\\/2019\\\/07\\\/logo-weyer-gruppe-de.png\",\"width\":532,\"height\":513,\"caption\":\"weyer gruppe\"},\"image\":{\"@id\":\"https:\\\/\\\/www.weyer-gruppe.com\\\/en\\\/#\\\/schema\\\/logo\\\/image\\\/\"},\"sameAs\":[\"https:\\\/\\\/www.facebook.com\\\/weyergruppe\",\"https:\\\/\\\/de.linkedin.com\\\/company\\\/weyer-gruppe\",\"https:\\\/\\\/www.youtube.com\\\/channel\\\/UCmZItECuW56Ih_p501_Bq8A\"],\"description\":\"Die weyer gruppe ist seit 1976 Ihr Partner f\u00fcr verfahrenstechnische Anlagenplanung und Anlagensicherheit. Mit einem erfahrenen Team von \u00fcber 190 Mitarbeitern in Deutschland, \u00d6sterreich, Polen und der Schweiz realisieren wir j\u00e4hrlich \u00fcber 1.000 Kundenprojekte. Unsere Expertise erstreckt sich \u00fcber verschiedene Branchen wie Chemie, Pharma, Mineral\u00f6l sowie Ver- und Entsorgung. Vertrauen Sie auf die weyer Gruppe f\u00fcr ma\u00dfgeschneiderte Engineering- und Consulting-L\u00f6sungen, die Ihre Anforderungen in puncto Sicherheit und Effizienz erf\u00fcllen.\",\"email\":\"info@weyer-gruppe.com\",\"telephone\":\"+49 (0) 24 21 \u2013 69 09 1 \u2013 0\",\"numberOfEmployees\":{\"@type\":\"QuantitativeValue\",\"minValue\":\"51\",\"maxValue\":\"200\"}}]}<\/script>\n<!-- \/ Yoast SEO Premium plugin. -->","yoast_head_json":{"title":"Pipeline stress calculations &#8211; weyer gruppe","robots":{"index":"index","follow":"follow","max-snippet":"max-snippet:-1","max-image-preview":"max-image-preview:large","max-video-preview":"max-video-preview:-1"},"canonical":"https:\/\/www.weyer-gruppe.com\/en\/plant-planners-and-manufacturers\/pipeline-stress-calculations\/","og_locale":"en_US","og_type":"article","og_title":"Pipeline stress calculations","og_description":"[vc_row][vc_column][vc_column_text]A system analysis is indispensable in process plant engineering for the professional construction of piping systems, and in many cases is even prescribed by law. The weyer group has many years of experience in the area of stress calculations for piping systems. Documented and legally compliant engineering ensures that organisational negligence concerning plant safety and [&hellip;]","og_url":"https:\/\/www.weyer-gruppe.com\/en\/plant-planners-and-manufacturers\/pipeline-stress-calculations\/","og_site_name":"weyer gruppe","article_publisher":"https:\/\/www.facebook.com\/weyergruppe","article_modified_time":"2026-03-19T14:52:26+00:00","twitter_card":"summary_large_image","twitter_misc":{"Est. reading time":"3 minutes"},"schema":{"@context":"https:\/\/schema.org","@graph":[{"@type":"WebPage","@id":"https:\/\/www.weyer-gruppe.com\/en\/plant-planners-and-manufacturers\/pipeline-stress-calculations\/","url":"https:\/\/www.weyer-gruppe.com\/en\/plant-planners-and-manufacturers\/pipeline-stress-calculations\/","name":"Pipeline stress calculations &#8211; weyer gruppe","isPartOf":{"@id":"https:\/\/www.weyer-gruppe.com\/en\/#website"},"datePublished":"2020-01-23T15:18:06+00:00","dateModified":"2026-03-19T14:52:26+00:00","breadcrumb":{"@id":"https:\/\/www.weyer-gruppe.com\/en\/plant-planners-and-manufacturers\/pipeline-stress-calculations\/#breadcrumb"},"inLanguage":"en-US","potentialAction":[{"@type":"ReadAction","target":["https:\/\/www.weyer-gruppe.com\/en\/plant-planners-and-manufacturers\/pipeline-stress-calculations\/"]}]},{"@type":"BreadcrumbList","@id":"https:\/\/www.weyer-gruppe.com\/en\/plant-planners-and-manufacturers\/pipeline-stress-calculations\/#breadcrumb","itemListElement":[{"@type":"ListItem","position":1,"name":"HOME","item":"https:\/\/www.weyer-gruppe.com\/en\/"},{"@type":"ListItem","position":2,"name":"Plant planners and manufacturers","item":"https:\/\/www.weyer-gruppe.com\/en\/plant-planners-and-manufacturers\/"},{"@type":"ListItem","position":3,"name":"Pipeline stress calculations"}]},{"@type":"WebSite","@id":"https:\/\/www.weyer-gruppe.com\/en\/#website","url":"https:\/\/www.weyer-gruppe.com\/en\/","name":"weyer gruppe","description":"komplett. durchdacht.","publisher":{"@id":"https:\/\/www.weyer-gruppe.com\/en\/#organization"},"potentialAction":[{"@type":"SearchAction","target":{"@type":"EntryPoint","urlTemplate":"https:\/\/www.weyer-gruppe.com\/en\/?s={search_term_string}"},"query-input":{"@type":"PropertyValueSpecification","valueRequired":true,"valueName":"search_term_string"}}],"inLanguage":"en-US"},{"@type":"Organization","@id":"https:\/\/www.weyer-gruppe.com\/en\/#organization","name":"weyer gruppe","url":"https:\/\/www.weyer-gruppe.com\/en\/","logo":{"@type":"ImageObject","inLanguage":"en-US","@id":"https:\/\/www.weyer-gruppe.com\/en\/#\/schema\/logo\/image\/","url":"https:\/\/www.weyer-gruppe.com\/wp-content\/uploads\/2019\/07\/logo-weyer-gruppe-de.png","contentUrl":"https:\/\/www.weyer-gruppe.com\/wp-content\/uploads\/2019\/07\/logo-weyer-gruppe-de.png","width":532,"height":513,"caption":"weyer gruppe"},"image":{"@id":"https:\/\/www.weyer-gruppe.com\/en\/#\/schema\/logo\/image\/"},"sameAs":["https:\/\/www.facebook.com\/weyergruppe","https:\/\/de.linkedin.com\/company\/weyer-gruppe","https:\/\/www.youtube.com\/channel\/UCmZItECuW56Ih_p501_Bq8A"],"description":"Die weyer gruppe ist seit 1976 Ihr Partner f\u00fcr verfahrenstechnische Anlagenplanung und Anlagensicherheit. Mit einem erfahrenen Team von \u00fcber 190 Mitarbeitern in Deutschland, \u00d6sterreich, Polen und der Schweiz realisieren wir j\u00e4hrlich \u00fcber 1.000 Kundenprojekte. Unsere Expertise erstreckt sich \u00fcber verschiedene Branchen wie Chemie, Pharma, Mineral\u00f6l sowie Ver- und Entsorgung. Vertrauen Sie auf die weyer Gruppe f\u00fcr ma\u00dfgeschneiderte Engineering- und Consulting-L\u00f6sungen, die Ihre Anforderungen in puncto Sicherheit und Effizienz erf\u00fcllen.","email":"info@weyer-gruppe.com","telephone":"+49 (0) 24 21 \u2013 69 09 1 \u2013 0","numberOfEmployees":{"@type":"QuantitativeValue","minValue":"51","maxValue":"200"}}]}},"_links":{"self":[{"href":"https:\/\/www.weyer-gruppe.com\/en\/wp-json\/wp\/v2\/pages\/23923","targetHints":{"allow":["GET"]}}],"collection":[{"href":"https:\/\/www.weyer-gruppe.com\/en\/wp-json\/wp\/v2\/pages"}],"about":[{"href":"https:\/\/www.weyer-gruppe.com\/en\/wp-json\/wp\/v2\/types\/page"}],"author":[{"embeddable":true,"href":"https:\/\/www.weyer-gruppe.com\/en\/wp-json\/wp\/v2\/users\/2"}],"replies":[{"embeddable":true,"href":"https:\/\/www.weyer-gruppe.com\/en\/wp-json\/wp\/v2\/comments?post=23923"}],"version-history":[{"count":1,"href":"https:\/\/www.weyer-gruppe.com\/en\/wp-json\/wp\/v2\/pages\/23923\/revisions"}],"predecessor-version":[{"id":237944,"href":"https:\/\/www.weyer-gruppe.com\/en\/wp-json\/wp\/v2\/pages\/23923\/revisions\/237944"}],"up":[{"embeddable":true,"href":"https:\/\/www.weyer-gruppe.com\/en\/wp-json\/wp\/v2\/pages\/23872"}],"wp:attachment":[{"href":"https:\/\/www.weyer-gruppe.com\/en\/wp-json\/wp\/v2\/media?parent=23923"}],"curies":[{"name":"wp","href":"https:\/\/api.w.org\/{rel}","templated":true}]}}