{"id":23788,"date":"2019-08-05T09:38:48","date_gmt":"2019-08-05T07:38:48","guid":{"rendered":"https:\/\/www.weyer-gruppe.com\/project-management-for-land-development\/"},"modified":"2026-03-19T15:33:32","modified_gmt":"2026-03-19T14:33:32","slug":"project-management-for-land-development","status":"publish","type":"page","link":"https:\/\/www.weyer-gruppe.com\/en\/plant-operators-and-investors\/project-management-for-land-development\/","title":{"rendered":"Project management for land development"},"content":{"rendered":"<div class=\"wpb-content-wrapper\">[vc_row][vc_column][vc_column_text]\n<p class=\"entry-title\">Successful project management in land development means taking into a multitude of factors into account equally and in parallel: On the one hand, meeting cost budgets and deadlines; on the other, safeguarding the conceptual and structural quality.<\/p>\n<div class=\"entry-content\">\n<p>In view of this balancing act, project management in the area of land area development requires solid strategic planning from the start. By this we mean the comprehensive analysis of the current situation and identification of potential conflicts of interest within the project. The course of the overall process is predetermined and structured precisely in terms of quality, costs and deadlines. The development and establishment of customised communication structures, such as the creation of &#8220;workflows&#8221; also contributes to the successful management of a land development project.<\/p>\n<p>Our interdisciplinary team supports you professionally, mediates between contracting authority and private-sector requirements and brings about binding and reliable results. We serve a wide range of functions in urban planning, planning law, development, contract law, controlling and communication with our project management for land development. By doing so, we ensure that the overall coordination of your project remains in one hand at all times.<\/p><\/div>\n[\/vc_column_text][\/vc_column][\/vc_row][vc_row][vc_column][vc_column_text]\n<h2>Services<\/h2>\n<ul class=\"arrow-gray\">\n<li class=\"first-child\">Strategy Planning<\/li>\n<li>Representation of the owner&#8217;s interests towards all project participants<\/li>\n<li>Project control and management<\/li>\n<li>Contract management<\/li>\n<li>Responsibility for complying with cost budgets and meeting deadlines and quality<\/li>\n<li>Risk management<\/li>\n<li class=\"last-child\">Communication and information management<\/li>\n<\/ul>\n<h2 data-canvas-width=\"117.31533333333333\" data-angle=\"0\" data-font-name=\"g_font_1\">The benefit to you<\/h2>\n<div data-canvas-width=\"11.83676\" data-angle=\"0\" data-font-name=\"g_font_5\">\n<ul class=\"arrow-gray\">\n<li class=\"first-child\">You receive comprehensive advice, ranging from advice on conceptual design and financing to the implementation and management of urban development processes and land development projects.<\/li>\n<li>You are furnished with bespoke communication strategies and sensitive moderation services that contribute to the acceptance and implementation of your plans.<\/li>\n<li>You benefit from our long-term experience in urban development, urban planning and climate and environmental protection.<\/li>\n<li class=\"last-child\">If required within the scope of the project, you can also benefit from our legal cooperation network and other specialist planning capabilities, such as traffic planning and landscape planning etc.<\/li>\n<\/ul>\n<\/div>\n[\/vc_column_text]<div class=\"grve-element grve-hr grve-space-divider\" style=\"\"><\/div>[\/vc_column][\/vc_row][vc_row bg_type=&#8221;color&#8221; bg_color=&#8221;#0b3c80&#8243;][vc_column css=&#8221;.vc_custom_1564045753899{background-color: #0b3c80 !important;}&#8221;]<div class=\"grve-element grve-hr grve-space-divider\" style=\"\"><\/div><div class=\"grve-element grve-image-text\" style=\"\">  <div class=\"grve-content grve-align-right\">    <h6>weyer spezial: Urban development and urban planning<\/h6>  <p> <span style=\"color: #ffffff;\">The basic conditions and prerequisites are always different in every municipality and in every neighbourhood and must therefore always be considered individually and in their interactions. And that&#8217;s what we are all about! Successful consulting in urban development means to show reliable and resilient solutions to the manifold questions and thus to work methodically and practically from one source. According to this philosophy, we offer with our interdisciplinary team of urban planners, architects&#8230;<\/span><\/p>    <a href=\"https:\/\/www.weyer-gruppe.com\/wp-content\/uploads\/2019\/07\/weyer-spezial-stadtentwicklung-stadtplanung-0416.pdf\" target=\"_blank\" class=\"grve-read-more \">Download weyer special here<\/a>  <\/div><div class=\"grve-image\"><img decoding=\"async\" width=\"250\" height=\"354\" src=\"https:\/\/www.weyer-gruppe.com\/wp-content\/uploads\/2019\/07\/weyer-spezial-weyer-gruppe-stadtentwicklung-stadtplanung.jpg\" class=\"attachment-full size-full\" alt=\"weyer spezial zum Thema Stadtentwicklung und Stadtplanung\" srcset=\"\" \/><\/div><\/div><div class=\"grve-element grve-hr grve-space-divider\" style=\"\"><\/div>[\/vc_column][\/vc_row][vc_row][vc_column]<div class=\"grve-element grve-hr grve-space-divider\" style=\"\"><\/div>[vc_column_text]\n<h3>Our Team<\/h3>\n[\/vc_column_text][\/vc_column][\/vc_row][vc_row][vc_column width=&#8221;1\/4&#8243; tablet_sm_width=&#8221;1-2&#8243;]\r\n\t\t<div class=\"grve-team grve-element\" style=\"\">\r\n\t\t\t<figure class=\"grve-image-hover grve-style-1 grve-zoom-in\">\r\n\t\t\t\t<div class=\"grve-team-person grve-media grve-dark-overlay grve-opacity-60\">\r\n\t\t\t\t\t<img decoding=\"async\" width=\"270\" height=\"270\" src=\"https:\/\/www.weyer-gruppe.com\/wp-content\/uploads\/2019\/07\/martina-kloehn-pr-2022-1.jpg\" class=\"attachment-large size-large\" alt=\"Mitarbeiterfoto\" \/>\t\t\t\t<\/div>\r\n\t\t\t\t<figcaption>\r\n\t\t\t\t\t<div class=\"grve-team-description\">\r\n\t\t\t\t\t\t\t\t\t\t\t\t<h4 class=\"grve-team-name grve-dark grve-h4\">Martina Kl\u00f6hn<\/h4>\r\n\t\t\t\t\t\t\t\t\t\t\t\t<small class=\"grve-team-identity grve-dark\">Probiotec<\/small>\r\n\t\t\t\t\t<\/div>\r\n\t\t\t\t\t\t\t\t\t<\/figcaption>\r\n\t\t\t<\/figure>\r\n\t\t<\/div>\r\n\r\n\t\t[\/vc_column][vc_column width=&#8221;1\/4&#8243; tablet_sm_width=&#8221;1-2&#8243;]\r\n\t\t<div class=\"grve-team grve-element\" style=\"\">\r\n\t\t\t<figure class=\"grve-image-hover grve-style-1 grve-zoom-in\">\r\n\t\t\t\t<div class=\"grve-team-person grve-media grve-dark-overlay grve-opacity-60\">\r\n\t\t\t\t\t<img decoding=\"async\" width=\"300\" height=\"300\" src=\"https:\/\/www.weyer-gruppe.com\/wp-content\/uploads\/2019\/07\/volker-bode-probiotec.jpg\" class=\"attachment-grve-image-small-square size-grve-image-small-square\" alt=\"Foto von Volker Bode der Probiotec\" srcset=\"https:\/\/www.weyer-gruppe.com\/wp-content\/uploads\/2019\/07\/volker-bode-probiotec.jpg 300w, https:\/\/www.weyer-gruppe.com\/wp-content\/uploads\/2019\/07\/volker-bode-probiotec-150x150.jpg 150w, https:\/\/www.weyer-gruppe.com\/wp-content\/uploads\/2019\/07\/volker-bode-probiotec-80x80.jpg 80w\" sizes=\"(max-width: 300px) 100vw, 300px\" \/>\t\t\t\t<\/div>\r\n\t\t\t\t<figcaption>\r\n\t\t\t\t\t<div class=\"grve-team-description\">\r\n\t\t\t\t\t\t\t\t\t\t\t\t<h4 class=\"grve-team-name grve-dark grve-h4\">Volker Bode<\/h4>\r\n\t\t\t\t\t\t\t\t\t\t\t\t<small class=\"grve-team-identity grve-dark\">Probiotec<\/small>\r\n\t\t\t\t\t<\/div>\r\n\t\t\t\t\t\t\t\t\t<\/figcaption>\r\n\t\t\t<\/figure>\r\n\t\t<\/div>\r\n\r\n\t\t[\/vc_column][\/vc_row][vc_row][vc_column]<div class=\"grve-element grve-hr grve-space-divider\" style=\"\"><\/div>[\/vc_column][\/vc_row]\n<\/div>","protected":false},"excerpt":{"rendered":"<p>[vc_row][vc_column][vc_column_text] Successful project management in land development means taking into a multitude of factors into account equally and in parallel: On the one hand, meeting cost budgets and deadlines; on the other, safeguarding the conceptual and structural quality. In view of this balancing act, project management in the area of land area development requires solid [&hellip;]<\/p>\n","protected":false},"author":5,"featured_media":0,"parent":23837,"menu_order":0,"comment_status":"closed","ping_status":"closed","template":"","meta":{"footnotes":""},"class_list":["post-23788","page","type-page","status-publish","hentry"],"yoast_head":"<!-- This site is optimized with the Yoast SEO Premium plugin v27.4 (Yoast SEO v27.4) - https:\/\/yoast.com\/product\/yoast-seo-premium-wordpress\/ -->\n<title>Project management for land development &#8211; weyer gruppe<\/title>\n<meta name=\"description\" content=\"The weyer group provides you with support in urban planning, planning law, development, contract law and controlling within the scope of the project management for land development.\" \/>\n<meta name=\"robots\" content=\"noindex, follow\" \/>\n<meta property=\"og:locale\" content=\"en_US\" \/>\n<meta property=\"og:type\" content=\"article\" \/>\n<meta property=\"og:title\" content=\"Project management for land development\" \/>\n<meta property=\"og:description\" content=\"The weyer group provides you with support in urban planning, planning law, development, contract law and controlling within the scope of the project management for land development.\" \/>\n<meta property=\"og:url\" content=\"https:\/\/www.weyer-gruppe.com\/en\/plant-operators-and-investors\/project-management-for-land-development\/\" \/>\n<meta property=\"og:site_name\" content=\"weyer gruppe\" \/>\n<meta property=\"article:publisher\" content=\"https:\/\/www.facebook.com\/weyergruppe\" \/>\n<meta property=\"article:modified_time\" content=\"2026-03-19T14:33:32+00:00\" \/>\n<meta name=\"twitter:card\" content=\"summary_large_image\" \/>\n<meta name=\"twitter:label1\" content=\"Est. reading time\" \/>\n\t<meta name=\"twitter:data1\" content=\"3 minutes\" \/>\n<script type=\"application\/ld+json\" class=\"yoast-schema-graph\">{\"@context\":\"https:\\\/\\\/schema.org\",\"@graph\":[{\"@type\":\"WebPage\",\"@id\":\"https:\\\/\\\/www.weyer-gruppe.com\\\/en\\\/plant-operators-and-investors\\\/project-management-for-land-development\\\/\",\"url\":\"https:\\\/\\\/www.weyer-gruppe.com\\\/en\\\/plant-operators-and-investors\\\/project-management-for-land-development\\\/\",\"name\":\"Project management for land development &#8211; weyer gruppe\",\"isPartOf\":{\"@id\":\"https:\\\/\\\/www.weyer-gruppe.com\\\/en\\\/#website\"},\"datePublished\":\"2019-08-05T07:38:48+00:00\",\"dateModified\":\"2026-03-19T14:33:32+00:00\",\"description\":\"The weyer group provides you with support in urban planning, planning law, development, contract law and controlling within the scope of the project management for land development.\",\"breadcrumb\":{\"@id\":\"https:\\\/\\\/www.weyer-gruppe.com\\\/en\\\/plant-operators-and-investors\\\/project-management-for-land-development\\\/#breadcrumb\"},\"inLanguage\":\"en-US\",\"potentialAction\":[{\"@type\":\"ReadAction\",\"target\":[\"https:\\\/\\\/www.weyer-gruppe.com\\\/en\\\/plant-operators-and-investors\\\/project-management-for-land-development\\\/\"]}]},{\"@type\":\"BreadcrumbList\",\"@id\":\"https:\\\/\\\/www.weyer-gruppe.com\\\/en\\\/plant-operators-and-investors\\\/project-management-for-land-development\\\/#breadcrumb\",\"itemListElement\":[{\"@type\":\"ListItem\",\"position\":1,\"name\":\"HOME\",\"item\":\"https:\\\/\\\/www.weyer-gruppe.com\\\/en\\\/\"},{\"@type\":\"ListItem\",\"position\":2,\"name\":\"Plant operators and investors\",\"item\":\"https:\\\/\\\/www.weyer-gruppe.com\\\/en\\\/plant-operators-and-investors\\\/\"},{\"@type\":\"ListItem\",\"position\":3,\"name\":\"Project management for land development\"}]},{\"@type\":\"WebSite\",\"@id\":\"https:\\\/\\\/www.weyer-gruppe.com\\\/en\\\/#website\",\"url\":\"https:\\\/\\\/www.weyer-gruppe.com\\\/en\\\/\",\"name\":\"weyer gruppe\",\"description\":\"komplett. durchdacht.\",\"publisher\":{\"@id\":\"https:\\\/\\\/www.weyer-gruppe.com\\\/en\\\/#organization\"},\"potentialAction\":[{\"@type\":\"SearchAction\",\"target\":{\"@type\":\"EntryPoint\",\"urlTemplate\":\"https:\\\/\\\/www.weyer-gruppe.com\\\/en\\\/?s={search_term_string}\"},\"query-input\":{\"@type\":\"PropertyValueSpecification\",\"valueRequired\":true,\"valueName\":\"search_term_string\"}}],\"inLanguage\":\"en-US\"},{\"@type\":\"Organization\",\"@id\":\"https:\\\/\\\/www.weyer-gruppe.com\\\/en\\\/#organization\",\"name\":\"weyer gruppe\",\"url\":\"https:\\\/\\\/www.weyer-gruppe.com\\\/en\\\/\",\"logo\":{\"@type\":\"ImageObject\",\"inLanguage\":\"en-US\",\"@id\":\"https:\\\/\\\/www.weyer-gruppe.com\\\/en\\\/#\\\/schema\\\/logo\\\/image\\\/\",\"url\":\"https:\\\/\\\/www.weyer-gruppe.com\\\/wp-content\\\/uploads\\\/2019\\\/07\\\/logo-weyer-gruppe-de.png\",\"contentUrl\":\"https:\\\/\\\/www.weyer-gruppe.com\\\/wp-content\\\/uploads\\\/2019\\\/07\\\/logo-weyer-gruppe-de.png\",\"width\":532,\"height\":513,\"caption\":\"weyer gruppe\"},\"image\":{\"@id\":\"https:\\\/\\\/www.weyer-gruppe.com\\\/en\\\/#\\\/schema\\\/logo\\\/image\\\/\"},\"sameAs\":[\"https:\\\/\\\/www.facebook.com\\\/weyergruppe\",\"https:\\\/\\\/de.linkedin.com\\\/company\\\/weyer-gruppe\",\"https:\\\/\\\/www.youtube.com\\\/channel\\\/UCmZItECuW56Ih_p501_Bq8A\"],\"description\":\"Die weyer gruppe ist seit 1976 Ihr Partner f\u00fcr verfahrenstechnische Anlagenplanung und Anlagensicherheit. Mit einem erfahrenen Team von \u00fcber 190 Mitarbeitern in Deutschland, \u00d6sterreich, Polen und der Schweiz realisieren wir j\u00e4hrlich \u00fcber 1.000 Kundenprojekte. Unsere Expertise erstreckt sich \u00fcber verschiedene Branchen wie Chemie, Pharma, Mineral\u00f6l sowie Ver- und Entsorgung. Vertrauen Sie auf die weyer Gruppe f\u00fcr ma\u00dfgeschneiderte Engineering- und Consulting-L\u00f6sungen, die Ihre Anforderungen in puncto Sicherheit und Effizienz erf\u00fcllen.\",\"email\":\"info@weyer-gruppe.com\",\"telephone\":\"+49 (0) 24 21 \u2013 69 09 1 \u2013 0\",\"numberOfEmployees\":{\"@type\":\"QuantitativeValue\",\"minValue\":\"51\",\"maxValue\":\"200\"}}]}<\/script>\n<!-- \/ Yoast SEO Premium plugin. -->","yoast_head_json":{"title":"Project management for land development &#8211; weyer gruppe","description":"The weyer group provides you with support in urban planning, planning law, development, contract law and controlling within the scope of the project management for land development.","robots":{"index":"noindex","follow":"follow"},"og_locale":"en_US","og_type":"article","og_title":"Project management for land development","og_description":"The weyer group provides you with support in urban planning, planning law, development, contract law and controlling within the scope of the project management for land development.","og_url":"https:\/\/www.weyer-gruppe.com\/en\/plant-operators-and-investors\/project-management-for-land-development\/","og_site_name":"weyer gruppe","article_publisher":"https:\/\/www.facebook.com\/weyergruppe","article_modified_time":"2026-03-19T14:33:32+00:00","twitter_card":"summary_large_image","twitter_misc":{"Est. reading time":"3 minutes"},"schema":{"@context":"https:\/\/schema.org","@graph":[{"@type":"WebPage","@id":"https:\/\/www.weyer-gruppe.com\/en\/plant-operators-and-investors\/project-management-for-land-development\/","url":"https:\/\/www.weyer-gruppe.com\/en\/plant-operators-and-investors\/project-management-for-land-development\/","name":"Project management for land development &#8211; weyer gruppe","isPartOf":{"@id":"https:\/\/www.weyer-gruppe.com\/en\/#website"},"datePublished":"2019-08-05T07:38:48+00:00","dateModified":"2026-03-19T14:33:32+00:00","description":"The weyer group provides you with support in urban planning, planning law, development, contract law and controlling within the scope of the project management for land development.","breadcrumb":{"@id":"https:\/\/www.weyer-gruppe.com\/en\/plant-operators-and-investors\/project-management-for-land-development\/#breadcrumb"},"inLanguage":"en-US","potentialAction":[{"@type":"ReadAction","target":["https:\/\/www.weyer-gruppe.com\/en\/plant-operators-and-investors\/project-management-for-land-development\/"]}]},{"@type":"BreadcrumbList","@id":"https:\/\/www.weyer-gruppe.com\/en\/plant-operators-and-investors\/project-management-for-land-development\/#breadcrumb","itemListElement":[{"@type":"ListItem","position":1,"name":"HOME","item":"https:\/\/www.weyer-gruppe.com\/en\/"},{"@type":"ListItem","position":2,"name":"Plant operators and investors","item":"https:\/\/www.weyer-gruppe.com\/en\/plant-operators-and-investors\/"},{"@type":"ListItem","position":3,"name":"Project management for land development"}]},{"@type":"WebSite","@id":"https:\/\/www.weyer-gruppe.com\/en\/#website","url":"https:\/\/www.weyer-gruppe.com\/en\/","name":"weyer gruppe","description":"komplett. durchdacht.","publisher":{"@id":"https:\/\/www.weyer-gruppe.com\/en\/#organization"},"potentialAction":[{"@type":"SearchAction","target":{"@type":"EntryPoint","urlTemplate":"https:\/\/www.weyer-gruppe.com\/en\/?s={search_term_string}"},"query-input":{"@type":"PropertyValueSpecification","valueRequired":true,"valueName":"search_term_string"}}],"inLanguage":"en-US"},{"@type":"Organization","@id":"https:\/\/www.weyer-gruppe.com\/en\/#organization","name":"weyer gruppe","url":"https:\/\/www.weyer-gruppe.com\/en\/","logo":{"@type":"ImageObject","inLanguage":"en-US","@id":"https:\/\/www.weyer-gruppe.com\/en\/#\/schema\/logo\/image\/","url":"https:\/\/www.weyer-gruppe.com\/wp-content\/uploads\/2019\/07\/logo-weyer-gruppe-de.png","contentUrl":"https:\/\/www.weyer-gruppe.com\/wp-content\/uploads\/2019\/07\/logo-weyer-gruppe-de.png","width":532,"height":513,"caption":"weyer gruppe"},"image":{"@id":"https:\/\/www.weyer-gruppe.com\/en\/#\/schema\/logo\/image\/"},"sameAs":["https:\/\/www.facebook.com\/weyergruppe","https:\/\/de.linkedin.com\/company\/weyer-gruppe","https:\/\/www.youtube.com\/channel\/UCmZItECuW56Ih_p501_Bq8A"],"description":"Die weyer gruppe ist seit 1976 Ihr Partner f\u00fcr verfahrenstechnische Anlagenplanung und Anlagensicherheit. Mit einem erfahrenen Team von \u00fcber 190 Mitarbeitern in Deutschland, \u00d6sterreich, Polen und der Schweiz realisieren wir j\u00e4hrlich \u00fcber 1.000 Kundenprojekte. Unsere Expertise erstreckt sich \u00fcber verschiedene Branchen wie Chemie, Pharma, Mineral\u00f6l sowie Ver- und Entsorgung. Vertrauen Sie auf die weyer Gruppe f\u00fcr ma\u00dfgeschneiderte Engineering- und Consulting-L\u00f6sungen, die Ihre Anforderungen in puncto Sicherheit und Effizienz erf\u00fcllen.","email":"info@weyer-gruppe.com","telephone":"+49 (0) 24 21 \u2013 69 09 1 \u2013 0","numberOfEmployees":{"@type":"QuantitativeValue","minValue":"51","maxValue":"200"}}]}},"_links":{"self":[{"href":"https:\/\/www.weyer-gruppe.com\/en\/wp-json\/wp\/v2\/pages\/23788","targetHints":{"allow":["GET"]}}],"collection":[{"href":"https:\/\/www.weyer-gruppe.com\/en\/wp-json\/wp\/v2\/pages"}],"about":[{"href":"https:\/\/www.weyer-gruppe.com\/en\/wp-json\/wp\/v2\/types\/page"}],"author":[{"embeddable":true,"href":"https:\/\/www.weyer-gruppe.com\/en\/wp-json\/wp\/v2\/users\/5"}],"replies":[{"embeddable":true,"href":"https:\/\/www.weyer-gruppe.com\/en\/wp-json\/wp\/v2\/comments?post=23788"}],"version-history":[{"count":2,"href":"https:\/\/www.weyer-gruppe.com\/en\/wp-json\/wp\/v2\/pages\/23788\/revisions"}],"predecessor-version":[{"id":237924,"href":"https:\/\/www.weyer-gruppe.com\/en\/wp-json\/wp\/v2\/pages\/23788\/revisions\/237924"}],"up":[{"embeddable":true,"href":"https:\/\/www.weyer-gruppe.com\/en\/wp-json\/wp\/v2\/pages\/23837"}],"wp:attachment":[{"href":"https:\/\/www.weyer-gruppe.com\/en\/wp-json\/wp\/v2\/media?parent=23788"}],"curies":[{"name":"wp","href":"https:\/\/api.w.org\/{rel}","templated":true}]}}