{"id":23578,"date":"2019-07-29T16:09:13","date_gmt":"2019-07-29T14:09:13","guid":{"rendered":"https:\/\/www.weyer-gruppe.com\/emissions-trading-preparation-of-applications-for-permits-and-allocations\/"},"modified":"2021-07-16T10:11:31","modified_gmt":"2021-07-16T08:11:31","slug":"emissions-trading-preparation-of-applications-for-permits-and-allocations","status":"publish","type":"page","link":"https:\/\/www.weyer-gruppe.com\/en\/plant-operators-and-investors\/emissions-trading-preparation-of-applications-for-permits-and-allocations\/","title":{"rendered":"Emissions trading &#8211; preparation of applications for permits and allocations"},"content":{"rendered":"<div class=\"wpb-content-wrapper\">[vc_row][vc_column][vc_column_text]The European emissions trading system has been recording emissions from plants in the energy and energy-intensive industries and from aviation operators since the beginning of 2005 and mid-2009 respectively. The goal is to achieve a cost-effective reduction of greenhouse gas emissions according to the cap principle (upper limit) &amp; trade. The elementary legal bases for the current 3rd trading period from 2013-2020 include the <a href=\"https:\/\/www.gesetze-im-internet.de\/tehg_2011\/\" target=\"_blank\" rel=\"noopener noreferrer\">Greenhouse Gas Emissions Trading Act (TEHG)<\/a> and the <a href=\"https:\/\/www.gesetze-im-internet.de\/zuv_2020\/BJNR192100011.html\" target=\"_blank\" rel=\"noopener noreferrer\">Allocation Ordinance 2020 (ZuV 2020)<\/a>. The fourth trading period will begin in 2021 and last until the end of 2030. The weyer group advises you on emissions trading and the preparation of approval and allocation applications for the various trading periods.<\/p>\n<p>We have summarised the most important changes for you here:[\/vc_column_text][\/vc_column][\/vc_row][vc_row][vc_column]<h2 class=\"grve-element grve-align-left grve-title-no-line grve-h2\" style=\"\"><span>Change from the 3rd to the 4th trading period<\/span><\/h2>[\/vc_column][\/vc_row][vc_row][vc_column][vc_column_text]<div class=\"su-table su-table-responsive su-table-alternate\">\n<table>\n<thead>\n<tr>\n<th class=\"left\"><strong>3rd trading period<\/strong><\/th>\n<th class=\"left\"><strong>4th trading period<\/strong><\/th>\n<\/tr>\n<\/thead>\n<tbody>\n<tr class=\"odd\">\n<td class=\"left\" style=\"text-align: left\">8-year trading period<\/td>\n<td class=\"left\" style=\"text-align: left\">10-year trading period<\/td>\n<\/tr>\n<tr class=\"even\">\n<td class=\"left\" style=\"text-align: left\">Linear reduction factor: 1.74% per annum<\/td>\n<td class=\"left\" style=\"text-align: left\">Linear reduction factor: 2.2% per annum<\/td>\n<\/tr>\n<tr class=\"odd\">\n<td class=\"left\" style=\"text-align: left\">Allocation is determined at the beginning of the trading period<\/td>\n<td class=\"left\" style=\"text-align: left\">Allocation takes place in two five-year allocation periods (2021 to 2025 <abbr class=\"has-tip tip-bottom\" title=\"respectively\" data-tooltip=\"\"><abbr class=\"has-tip tip-bottom\" title=\"respectively\" data-tooltip=\"\"><abbr class=\"has-tip tip-bottom\" title=\"respectively\" data-tooltip=\"\">and<\/abbr><\/abbr><\/abbr> 2026 to 2030), with the allocation being determined at the beginning of each allocation period<\/td>\n<\/tr>\n<tr class=\"even\">\n<td class=\"left\" style=\"text-align: left\">Uniform emission values apply for the entire trading period<\/td>\n<td class=\"left\" style=\"text-align: left\">Emission values are updated for each allocation period<\/td>\n<\/tr>\n<tr class=\"odd\">\n<td>\n<p class=\"left\" style=\"text-align: left\">Free allocation decreases from 80% of the allocation calculated in 2013 to 30% in 2020. Exception:<\/p>\n<ul>\n<li style=\"text-align: left\">No reduction takes place for <abbr class=\"has-tip tip-bottom\" title=\"Carbon Leakage\" data-tooltip=\"\"><abbr class=\"has-tip tip-bottom\" title=\"Carbon Leakage\" data-tooltip=\"\"><abbr class=\"has-tip tip-bottom\" title=\"Carbon Leakage\" data-tooltip=\"\">CL<\/abbr><\/abbr><\/abbr>-sensitive sectors (100% of the allocation calculated is free of charge)<\/li>\n<\/ul>\n<\/td>\n<td>\n<p class=\"left\" style=\"text-align: left\">Free allocation decreases from 30% of the calculated allocation in 2021 to 2026 to 0% in 2030. Exceptions:<\/p>\n<ul>\n<li style=\"text-align: left\">No reduction takes place for <abbr class=\"has-tip tip-bottom\" title=\"Carbon Leakage\" data-tooltip=\"\"><abbr class=\"has-tip tip-bottom\" title=\"Carbon Leakage\" data-tooltip=\"\"><abbr class=\"has-tip tip-bottom\" title=\"Carbon Leakage\" data-tooltip=\"\">CL<\/abbr><\/abbr><\/abbr>-sensitive sectors (100% of the allocation calculated is free of charge)<\/li>\n<li style=\"text-align: left\">A constant 30% free allocation will take place for district heating until 2030<\/li>\n<\/ul>\n<\/td>\n<\/tr>\n<tr class=\"even\">\n<td>\n<p class=\"left\" style=\"text-align: left\">The allocation changes during the trading period:<\/p>\n<ul>\n<li style=\"text-align: left\">Following a physical change owing to a \u201csignificant change in capacity\u201d, threshold: 10%, increase or decrease<\/li>\n<li style=\"text-align: left\">Regardless of a physical change, reduction owing to a \u201cpartial shutdown\u201d, threshold: 50%<\/li>\n<\/ul>\n<\/td>\n<td>\n<p class=\"left\" style=\"text-align: left\">The allocation changes within the allocation period:<\/p>\n<ul style=\"text-align: left\">\n<li>Regardless of a physical change solely due to &#8220;production changes&#8221;, threshold: 15% reduction or increase<\/li>\n<\/ul>\n<p class=\"left\" style=\"text-align: left\">(The <abbr class=\"has-tip tip-bottom\" title=\"European Union\" data-tooltip=\"\">EU<\/abbr> still has to determine the details of the adjustment in allocation.)<\/p>\n<\/td>\n<\/tr>\n<tr class=\"odd\">\n<td class=\"left\" style=\"text-align: left\">The quantity of emission allowances allocated free of charge to industrial plant (non-electricity producers) is limited to the share of historical emissions of industrial plants (industry <span lang=\"en-GB\">cap<\/span>). A uniform cross-sector correction factor is being applied to ensure compliance with the industrial <span lang=\"en-GB\">caps<\/span>.<\/td>\n<td class=\"left\" style=\"text-align: left\">The amount of emission allowances auctioned is set at 57% of the total, but 3% of the total can be used as a buffer for free allocation to avoid applying a cross-sectoral correction factor.<\/td>\n<\/tr>\n<tr class=\"even\">\n<td class=\"left\" style=\"text-align: left\">The <span lang=\"en-GB\">carbon leakage<\/span> status is determined by criteria for carbon costs and\/or trading intensity. Changes in the status are possible during the trading period.<\/td>\n<td class=\"left\" style=\"text-align: left\">The <span lang=\"en-GB\">carbon leakage<\/span> status is determined by the trading intensity multiplied by the emission intensity divided by the gross value added. No changes to the status take place within the trading period.<\/td>\n<\/tr>\n<\/tbody>\n<\/table>\n<\/div>[\/vc_column_text][vc_column_text][\/vc_column_text][vc_column_text]We have been providing support to and advising plant operators on their operating and reporting obligations vis-\u00e0-vis the authorities and the optimisation of plant operations from an economic viewpoint since the emissions trading obligation began.[\/vc_column_text][\/vc_column][\/vc_row][vc_row][vc_column][vc_column_text]\n<h2>Services<\/h2>\n<ul class=\"arrow-gray\">\n<li class=\"first-child\">Capture, evaluation and definition of monitoring methods<\/li>\n<li>Preparation of approval applications in accordance with <a href=\"https:\/\/www.gesetze-im-internet.de\/tehg_2011\/__4.html\" target=\"_blank\" rel=\"noopener noreferrer\">Sec. 4 Greenhouse Gas Emissions Trading Act (TEHG)<\/a><\/li>\n<li>Creation of allocation applications according to <a href=\"https:\/\/www.gesetze-im-internet.de\/tehg_2011\/__9.html\" target=\"_blank\" rel=\"noopener noreferrer\">Sec. 9 TEHG<\/a> and <a href=\"https:\/\/www.gesetze-im-internet.de\/zuv_2020\/BJNR192100011.html\" target=\"_blank\" rel=\"noopener noreferrer\">Sec. 16 Allocation Ordinance 2020 (ZuV 2020<\/a>)<\/li>\n<li>Preparation of emission reports in accordance with <a href=\"https:\/\/www.gesetze-im-internet.de\/tehg_2011\/__5.html\" target=\"_blank\" rel=\"noopener noreferrer\">Sec. 5 TEHG<\/a><\/li>\n<li>Preparation of monitoring plans in accordance with <a href=\"https:\/\/www.gesetze-im-internet.de\/tehg_2011\/__6.html\" target=\"_blank\" rel=\"noopener noreferrer\">Sec. 6 TEHG<\/a><\/li>\n<li class=\"last-child\">Development of CO<sub>2<\/sub>reduction concepts<\/li>\n<\/ul>\n[\/vc_column_text][\/vc_column][\/vc_row][vc_row][vc_column]<div class=\"grve-element grve-hr grve-space-divider\" style=\"\"><\/div><h3 class=\"grve-element grve-align-left grve-title-no-line grve-h3\" style=\"\"><span>Our Team<\/span><\/h3>[\/vc_column][\/vc_row][vc_row][vc_column width=&#8221;1\/4&#8243; tablet_sm_width=&#8221;1-2&#8243;]\r\n\t\t<div class=\"grve-team grve-element\" style=\"\">\r\n\t\t\t<figure class=\"grve-image-hover grve-style-1 grve-zoom-in\">\r\n\t\t\t\t<div class=\"grve-team-person grve-media grve-dark-overlay grve-opacity-60\">\r\n\t\t\t\t\t<img decoding=\"async\" width=\"300\" height=\"300\" src=\"https:\/\/www.weyer-gruppe.com\/wp-content\/uploads\/2019\/07\/pr-patrick-bahlert.jpg\" class=\"attachment-grve-image-small-square size-grve-image-small-square\" alt=\"Employee photo of Patrick Bahlert of PROBIOTEC GmbH\" \/>\t\t\t\t<\/div>\r\n\t\t\t\t<figcaption>\r\n\t\t\t\t\t<div class=\"grve-team-description\">\r\n\t\t\t\t\t\t\t\t\t\t\t\t<h4 class=\"grve-team-name grve-dark grve-h4\">Patrick Bahlert<\/h4>\r\n\t\t\t\t\t\t\t\t\t\t\t\t<small class=\"grve-team-identity grve-dark\">PROBIOTEC<\/small>\r\n\t\t\t\t\t<\/div>\r\n\t\t\t\t\t\t\t\t\t\t<div class=\"grve-team-social grve-team-social-text grve-dark\">\r\n\t\t\t\t\t\t<ul>\r\n\t\t\t\t\t\t\t<li><a href=\"mailto:p.b&#97;h&#108;e&#114;t&#64;&#119;&#101;y&#101;&#114;&#45;&#103;&#114;uppe.&#99;&#111;m\">E-mail<\/a><\/li>\t\t\t\t\t\t<\/ul>\r\n\t\t\t\t\t<\/div>\r\n\t\t\t\t\t\t\t\t\t<\/figcaption>\r\n\t\t\t<\/figure>\r\n\t\t<\/div>\r\n\r\n\t\t[\/vc_column][vc_column width=&#8221;1\/4&#8243; tablet_sm_width=&#8221;1-2&#8243;]\r\n\t\t<div class=\"grve-team grve-element\" style=\"\">\r\n\t\t\t<figure class=\"grve-image-hover grve-style-1 grve-zoom-in\">\r\n\t\t\t\t<div class=\"grve-team-person grve-media grve-dark-overlay grve-opacity-60\">\r\n\t\t\t\t\t<img decoding=\"async\" width=\"300\" height=\"300\" src=\"https:\/\/www.weyer-gruppe.com\/wp-content\/uploads\/2019\/07\/wip-f.schoenborn.png\" class=\"attachment-grve-image-small-square size-grve-image-small-square\" alt=\"Employee photo of Frank Schoenborn of weyer IngenieurPartner GmbH\" srcset=\"https:\/\/www.weyer-gruppe.com\/wp-content\/uploads\/2019\/07\/wip-f.schoenborn.png 300w, https:\/\/www.weyer-gruppe.com\/wp-content\/uploads\/2019\/07\/wip-f.schoenborn-150x150.png 150w, https:\/\/www.weyer-gruppe.com\/wp-content\/uploads\/2019\/07\/wip-f.schoenborn-80x80.png 80w\" sizes=\"(max-width: 300px) 100vw, 300px\" \/>\t\t\t\t<\/div>\r\n\t\t\t\t<figcaption>\r\n\t\t\t\t\t<div class=\"grve-team-description\">\r\n\t\t\t\t\t\t\t\t\t\t\t\t<h4 class=\"grve-team-name grve-dark grve-h4\">Frank Sch\u00f6nborn<\/h4>\r\n\t\t\t\t\t\t\t\t\t\t\t\t<small class=\"grve-team-identity grve-dark\">weyer IngenieurPartner<\/small>\r\n\t\t\t\t\t<\/div>\r\n\t\t\t\t\t\t\t\t\t\t<div class=\"grve-team-social grve-team-social-text grve-dark\">\r\n\t\t\t\t\t\t<ul>\r\n\t\t\t\t\t\t\t<li><a href=\"mailto:f.sc&#104;&#111;e&#110;b&#111;r&#110;&#64;w&#101;&#121;&#101;&#114;-g&#114;&#117;p&#112;e&#46;c&#111;m\">E-mail<\/a><\/li>\t\t\t\t\t\t<\/ul>\r\n\t\t\t\t\t<\/div>\r\n\t\t\t\t\t\t\t\t\t<\/figcaption>\r\n\t\t\t<\/figure>\r\n\t\t<\/div>\r\n\r\n\t\t[\/vc_column][vc_column width=&#8221;1\/4&#8243; tablet_sm_width=&#8221;1-2&#8243;][\/vc_column][vc_column width=&#8221;1\/4&#8243; tablet_sm_width=&#8221;1-2&#8243;][\/vc_column][\/vc_row][vc_row][vc_column]<div class=\"grve-element grve-hr grve-space-divider\" style=\"\"><\/div>[\/vc_column][\/vc_row]\n<\/div>","protected":false},"excerpt":{"rendered":"<p>[vc_row][vc_column][vc_column_text]The European emissions trading system has been recording emissions from plants in the energy and energy-intensive industries and from aviation operators since the beginning of 2005 and mid-2009 respectively. The goal is to achieve a cost-effective reduction of greenhouse gas emissions according to the cap principle (upper limit) &amp; trade. The elementary legal bases for [&hellip;]<\/p>\n","protected":false},"author":5,"featured_media":0,"parent":23837,"menu_order":0,"comment_status":"closed","ping_status":"closed","template":"","meta":{"footnotes":""},"class_list":["post-23578","page","type-page","status-publish","hentry"],"yoast_head":"<!-- This site is optimized with the Yoast SEO Premium plugin v27.4 (Yoast SEO v27.4) - https:\/\/yoast.com\/product\/yoast-seo-premium-wordpress\/ -->\n<title>Emissions trading - preparation of applications for permits and allocations<\/title>\n<meta name=\"description\" content=\"Emissions trading - the weyer group provides you with you in preparing permit and allocation applications and switching to the 4th trading period.\" \/>\n<meta name=\"robots\" content=\"index, nofollow, max-snippet:-1, max-image-preview:large, max-video-preview:-1\" \/>\n<link rel=\"canonical\" href=\"https:\/\/www.weyer-gruppe.com\/en\/plant-operators-and-investors\/emissions-trading-preparation-of-applications-for-permits-and-allocations\/\" \/>\n<meta property=\"og:locale\" content=\"en_US\" \/>\n<meta property=\"og:type\" content=\"article\" \/>\n<meta property=\"og:title\" content=\"Emissions trading - preparation of applications for permits and allocations\" \/>\n<meta property=\"og:description\" content=\"Emissions trading - the weyer group provides you with you in preparing permit and allocation applications and switching to the 4th trading period.\" \/>\n<meta property=\"og:url\" content=\"https:\/\/www.weyer-gruppe.com\/en\/plant-operators-and-investors\/emissions-trading-preparation-of-applications-for-permits-and-allocations\/\" \/>\n<meta property=\"og:site_name\" content=\"weyer gruppe\" \/>\n<meta property=\"article:publisher\" content=\"https:\/\/www.facebook.com\/weyergruppe\" \/>\n<meta property=\"article:modified_time\" content=\"2021-07-16T08:11:31+00:00\" \/>\n<meta name=\"twitter:card\" content=\"summary_large_image\" \/>\n<meta name=\"twitter:label1\" content=\"Est. reading time\" \/>\n\t<meta name=\"twitter:data1\" content=\"3 minutes\" \/>\n<script type=\"application\/ld+json\" class=\"yoast-schema-graph\">{\"@context\":\"https:\\\/\\\/schema.org\",\"@graph\":[{\"@type\":\"WebPage\",\"@id\":\"https:\\\/\\\/www.weyer-gruppe.com\\\/en\\\/plant-operators-and-investors\\\/emissions-trading-preparation-of-applications-for-permits-and-allocations\\\/\",\"url\":\"https:\\\/\\\/www.weyer-gruppe.com\\\/en\\\/plant-operators-and-investors\\\/emissions-trading-preparation-of-applications-for-permits-and-allocations\\\/\",\"name\":\"Emissions trading - preparation of applications for permits and allocations\",\"isPartOf\":{\"@id\":\"https:\\\/\\\/www.weyer-gruppe.com\\\/en\\\/#website\"},\"datePublished\":\"2019-07-29T14:09:13+00:00\",\"dateModified\":\"2021-07-16T08:11:31+00:00\",\"description\":\"Emissions trading - the weyer group provides you with you in preparing permit and allocation applications and switching to the 4th trading period.\",\"breadcrumb\":{\"@id\":\"https:\\\/\\\/www.weyer-gruppe.com\\\/en\\\/plant-operators-and-investors\\\/emissions-trading-preparation-of-applications-for-permits-and-allocations\\\/#breadcrumb\"},\"inLanguage\":\"en-US\",\"potentialAction\":[{\"@type\":\"ReadAction\",\"target\":[\"https:\\\/\\\/www.weyer-gruppe.com\\\/en\\\/plant-operators-and-investors\\\/emissions-trading-preparation-of-applications-for-permits-and-allocations\\\/\"]}]},{\"@type\":\"BreadcrumbList\",\"@id\":\"https:\\\/\\\/www.weyer-gruppe.com\\\/en\\\/plant-operators-and-investors\\\/emissions-trading-preparation-of-applications-for-permits-and-allocations\\\/#breadcrumb\",\"itemListElement\":[{\"@type\":\"ListItem\",\"position\":1,\"name\":\"HOME\",\"item\":\"https:\\\/\\\/www.weyer-gruppe.com\\\/en\\\/\"},{\"@type\":\"ListItem\",\"position\":2,\"name\":\"Plant operators and investors\",\"item\":\"https:\\\/\\\/www.weyer-gruppe.com\\\/en\\\/plant-operators-and-investors\\\/\"},{\"@type\":\"ListItem\",\"position\":3,\"name\":\"Emissions trading &#8211; preparation of applications for permits and allocations\"}]},{\"@type\":\"WebSite\",\"@id\":\"https:\\\/\\\/www.weyer-gruppe.com\\\/en\\\/#website\",\"url\":\"https:\\\/\\\/www.weyer-gruppe.com\\\/en\\\/\",\"name\":\"weyer gruppe\",\"description\":\"komplett. durchdacht.\",\"publisher\":{\"@id\":\"https:\\\/\\\/www.weyer-gruppe.com\\\/en\\\/#organization\"},\"potentialAction\":[{\"@type\":\"SearchAction\",\"target\":{\"@type\":\"EntryPoint\",\"urlTemplate\":\"https:\\\/\\\/www.weyer-gruppe.com\\\/en\\\/?s={search_term_string}\"},\"query-input\":{\"@type\":\"PropertyValueSpecification\",\"valueRequired\":true,\"valueName\":\"search_term_string\"}}],\"inLanguage\":\"en-US\"},{\"@type\":\"Organization\",\"@id\":\"https:\\\/\\\/www.weyer-gruppe.com\\\/en\\\/#organization\",\"name\":\"weyer gruppe\",\"url\":\"https:\\\/\\\/www.weyer-gruppe.com\\\/en\\\/\",\"logo\":{\"@type\":\"ImageObject\",\"inLanguage\":\"en-US\",\"@id\":\"https:\\\/\\\/www.weyer-gruppe.com\\\/en\\\/#\\\/schema\\\/logo\\\/image\\\/\",\"url\":\"https:\\\/\\\/www.weyer-gruppe.com\\\/wp-content\\\/uploads\\\/2019\\\/07\\\/logo-weyer-gruppe-de.png\",\"contentUrl\":\"https:\\\/\\\/www.weyer-gruppe.com\\\/wp-content\\\/uploads\\\/2019\\\/07\\\/logo-weyer-gruppe-de.png\",\"width\":532,\"height\":513,\"caption\":\"weyer gruppe\"},\"image\":{\"@id\":\"https:\\\/\\\/www.weyer-gruppe.com\\\/en\\\/#\\\/schema\\\/logo\\\/image\\\/\"},\"sameAs\":[\"https:\\\/\\\/www.facebook.com\\\/weyergruppe\",\"https:\\\/\\\/de.linkedin.com\\\/company\\\/weyer-gruppe\",\"https:\\\/\\\/www.youtube.com\\\/channel\\\/UCmZItECuW56Ih_p501_Bq8A\"],\"description\":\"Die weyer gruppe ist seit 1976 Ihr Partner f\u00fcr verfahrenstechnische Anlagenplanung und Anlagensicherheit. Mit einem erfahrenen Team von \u00fcber 190 Mitarbeitern in Deutschland, \u00d6sterreich, Polen und der Schweiz realisieren wir j\u00e4hrlich \u00fcber 1.000 Kundenprojekte. Unsere Expertise erstreckt sich \u00fcber verschiedene Branchen wie Chemie, Pharma, Mineral\u00f6l sowie Ver- und Entsorgung. Vertrauen Sie auf die weyer Gruppe f\u00fcr ma\u00dfgeschneiderte Engineering- und Consulting-L\u00f6sungen, die Ihre Anforderungen in puncto Sicherheit und Effizienz erf\u00fcllen.\",\"email\":\"info@weyer-gruppe.com\",\"telephone\":\"+49 (0) 24 21 \u2013 69 09 1 \u2013 0\",\"numberOfEmployees\":{\"@type\":\"QuantitativeValue\",\"minValue\":\"51\",\"maxValue\":\"200\"}}]}<\/script>\n<!-- \/ Yoast SEO Premium plugin. -->","yoast_head_json":{"title":"Emissions trading - preparation of applications for permits and allocations","description":"Emissions trading - the weyer group provides you with you in preparing permit and allocation applications and switching to the 4th trading period.","robots":{"index":"index","follow":"nofollow","max-snippet":"max-snippet:-1","max-image-preview":"max-image-preview:large","max-video-preview":"max-video-preview:-1"},"canonical":"https:\/\/www.weyer-gruppe.com\/en\/plant-operators-and-investors\/emissions-trading-preparation-of-applications-for-permits-and-allocations\/","og_locale":"en_US","og_type":"article","og_title":"Emissions trading - preparation of applications for permits and allocations","og_description":"Emissions trading - the weyer group provides you with you in preparing permit and allocation applications and switching to the 4th trading period.","og_url":"https:\/\/www.weyer-gruppe.com\/en\/plant-operators-and-investors\/emissions-trading-preparation-of-applications-for-permits-and-allocations\/","og_site_name":"weyer gruppe","article_publisher":"https:\/\/www.facebook.com\/weyergruppe","article_modified_time":"2021-07-16T08:11:31+00:00","twitter_card":"summary_large_image","twitter_misc":{"Est. reading time":"3 minutes"},"schema":{"@context":"https:\/\/schema.org","@graph":[{"@type":"WebPage","@id":"https:\/\/www.weyer-gruppe.com\/en\/plant-operators-and-investors\/emissions-trading-preparation-of-applications-for-permits-and-allocations\/","url":"https:\/\/www.weyer-gruppe.com\/en\/plant-operators-and-investors\/emissions-trading-preparation-of-applications-for-permits-and-allocations\/","name":"Emissions trading - preparation of applications for permits and allocations","isPartOf":{"@id":"https:\/\/www.weyer-gruppe.com\/en\/#website"},"datePublished":"2019-07-29T14:09:13+00:00","dateModified":"2021-07-16T08:11:31+00:00","description":"Emissions trading - the weyer group provides you with you in preparing permit and allocation applications and switching to the 4th trading period.","breadcrumb":{"@id":"https:\/\/www.weyer-gruppe.com\/en\/plant-operators-and-investors\/emissions-trading-preparation-of-applications-for-permits-and-allocations\/#breadcrumb"},"inLanguage":"en-US","potentialAction":[{"@type":"ReadAction","target":["https:\/\/www.weyer-gruppe.com\/en\/plant-operators-and-investors\/emissions-trading-preparation-of-applications-for-permits-and-allocations\/"]}]},{"@type":"BreadcrumbList","@id":"https:\/\/www.weyer-gruppe.com\/en\/plant-operators-and-investors\/emissions-trading-preparation-of-applications-for-permits-and-allocations\/#breadcrumb","itemListElement":[{"@type":"ListItem","position":1,"name":"HOME","item":"https:\/\/www.weyer-gruppe.com\/en\/"},{"@type":"ListItem","position":2,"name":"Plant operators and investors","item":"https:\/\/www.weyer-gruppe.com\/en\/plant-operators-and-investors\/"},{"@type":"ListItem","position":3,"name":"Emissions trading &#8211; preparation of applications for permits and allocations"}]},{"@type":"WebSite","@id":"https:\/\/www.weyer-gruppe.com\/en\/#website","url":"https:\/\/www.weyer-gruppe.com\/en\/","name":"weyer gruppe","description":"komplett. durchdacht.","publisher":{"@id":"https:\/\/www.weyer-gruppe.com\/en\/#organization"},"potentialAction":[{"@type":"SearchAction","target":{"@type":"EntryPoint","urlTemplate":"https:\/\/www.weyer-gruppe.com\/en\/?s={search_term_string}"},"query-input":{"@type":"PropertyValueSpecification","valueRequired":true,"valueName":"search_term_string"}}],"inLanguage":"en-US"},{"@type":"Organization","@id":"https:\/\/www.weyer-gruppe.com\/en\/#organization","name":"weyer gruppe","url":"https:\/\/www.weyer-gruppe.com\/en\/","logo":{"@type":"ImageObject","inLanguage":"en-US","@id":"https:\/\/www.weyer-gruppe.com\/en\/#\/schema\/logo\/image\/","url":"https:\/\/www.weyer-gruppe.com\/wp-content\/uploads\/2019\/07\/logo-weyer-gruppe-de.png","contentUrl":"https:\/\/www.weyer-gruppe.com\/wp-content\/uploads\/2019\/07\/logo-weyer-gruppe-de.png","width":532,"height":513,"caption":"weyer gruppe"},"image":{"@id":"https:\/\/www.weyer-gruppe.com\/en\/#\/schema\/logo\/image\/"},"sameAs":["https:\/\/www.facebook.com\/weyergruppe","https:\/\/de.linkedin.com\/company\/weyer-gruppe","https:\/\/www.youtube.com\/channel\/UCmZItECuW56Ih_p501_Bq8A"],"description":"Die weyer gruppe ist seit 1976 Ihr Partner f\u00fcr verfahrenstechnische Anlagenplanung und Anlagensicherheit. Mit einem erfahrenen Team von \u00fcber 190 Mitarbeitern in Deutschland, \u00d6sterreich, Polen und der Schweiz realisieren wir j\u00e4hrlich \u00fcber 1.000 Kundenprojekte. Unsere Expertise erstreckt sich \u00fcber verschiedene Branchen wie Chemie, Pharma, Mineral\u00f6l sowie Ver- und Entsorgung. Vertrauen Sie auf die weyer Gruppe f\u00fcr ma\u00dfgeschneiderte Engineering- und Consulting-L\u00f6sungen, die Ihre Anforderungen in puncto Sicherheit und Effizienz erf\u00fcllen.","email":"info@weyer-gruppe.com","telephone":"+49 (0) 24 21 \u2013 69 09 1 \u2013 0","numberOfEmployees":{"@type":"QuantitativeValue","minValue":"51","maxValue":"200"}}]}},"_links":{"self":[{"href":"https:\/\/www.weyer-gruppe.com\/en\/wp-json\/wp\/v2\/pages\/23578","targetHints":{"allow":["GET"]}}],"collection":[{"href":"https:\/\/www.weyer-gruppe.com\/en\/wp-json\/wp\/v2\/pages"}],"about":[{"href":"https:\/\/www.weyer-gruppe.com\/en\/wp-json\/wp\/v2\/types\/page"}],"author":[{"embeddable":true,"href":"https:\/\/www.weyer-gruppe.com\/en\/wp-json\/wp\/v2\/users\/5"}],"replies":[{"embeddable":true,"href":"https:\/\/www.weyer-gruppe.com\/en\/wp-json\/wp\/v2\/comments?post=23578"}],"version-history":[{"count":0,"href":"https:\/\/www.weyer-gruppe.com\/en\/wp-json\/wp\/v2\/pages\/23578\/revisions"}],"up":[{"embeddable":true,"href":"https:\/\/www.weyer-gruppe.com\/en\/wp-json\/wp\/v2\/pages\/23837"}],"wp:attachment":[{"href":"https:\/\/www.weyer-gruppe.com\/en\/wp-json\/wp\/v2\/media?parent=23578"}],"curies":[{"name":"wp","href":"https:\/\/api.w.org\/{rel}","templated":true}]}}