{"id":235287,"date":"2025-03-14T16:35:31","date_gmt":"2025-03-14T15:35:31","guid":{"rendered":"https:\/\/www.weyer-gruppe.com\/plant-operators-and-investors\/ram-analyse\/"},"modified":"2025-06-05T08:09:19","modified_gmt":"2025-06-05T06:09:19","slug":"ram-analysis","status":"publish","type":"page","link":"https:\/\/www.weyer-gruppe.com\/en\/plant-operators-and-investors\/ram-analysis\/","title":{"rendered":"RAM-Analysis"},"content":{"rendered":"<div class=\"wpb-content-wrapper\">[vc_row][vc_column][vc_column_text css=&#8221;&#8221;]RAM analyses are based on a structured, goal- and solution-oriented approach that can be used to process and evaluate the following topics.[\/vc_column_text][vc_tta_accordion][vc_tta_section title=&#8221;Reliability&#8221; tab_id=&#8221;1742208538653-3a7c515f-9906&#8243;][vc_column_text css=&#8221;&#8221;]This refers to the ability of a system or product to function without failure over a certain period of time. Reliability is often measured in the form of MTTF (Mean Time To Failure) or MTBF (Mean Time Between Failures).[\/vc_column_text][\/vc_tta_section][vc_tta_section title=&#8221;Availability&#8221; tab_id=&#8221;1742208538672-684bc962-6b32&#8243;][vc_column_text css=&#8221;&#8221;]Availability is the measure of how often a system or product is in a functional condition. This depends on reliability and maintainability and is expressed as a percentage.[\/vc_column_text][\/vc_tta_section][vc_tta_section title=&#8221;Maintainability&#8221; tab_id=&#8221;1742208538689-3def1902-e7fb&#8221;][vc_column_text css=&#8221;&#8221;]This refers to the ease and speed with which a system or product can be maintained and repaired. The MTTR (Mean Time To Repair) is often used here.[\/vc_column_text][\/vc_tta_section][\/vc_tta_accordion][vc_column_text css=&#8221;&#8221;]As a consulting engineering company, we are used to completing our tasks in an organised and structured manner. Tasks such as <a href=\"https:\/\/www.weyer-gruppe.com\/en\/plant-planners-and-manufacturers\/risk-analysis-according-to-the-hazop-paag-method-2\/\" target=\"_blank\" rel=\"noopener\">HAZOP studies<\/a> or other considerations in plant safety are the inspiration for a practised and consistent approach to the development of RAM analyses. Firstly, the plant is assessed and divided into structured areas. In the next step, the system is converted into a mathematical model.<\/p>\n<p>The mathematical assessment of the system is mainly based on statistical approaches and calculations, such as those used in <strong>SIL analyses<\/strong>. The necessary individual statistical data can be estimated from our own <strong>databases<\/strong>, from available <strong>manufacturer information<\/strong> and &#8211; if no specific, validated data can be found &#8211; <strong>based on experience<\/strong>.<\/p>\n<p>As consulting engineers with a wealth of practical experience, we are used to working between the poles of established facts, practical assumptions and a certain unpredictability of the project. We are skilled at thinking in the necessary level of detail, abstracting where necessary and skilfully drawing the right conclusions.<\/p>\n<p>With the help of a RAM analysis, important and cost-relevant issues are analysed and evaluated &#8211; with regard to a subsystem or an entire system. As a result, we receive an overall evaluation and assessment of the system under consideration. Critical individual components are identified and potential for optimisation becomes apparent.[\/vc_column_text]<div class=\"grve-element grve-hr grve-space-divider\" style=\"\"><\/div>[\/vc_column][\/vc_row][vc_row][vc_column]<div class=\"grve-element grve-hr grve-space-divider\" style=\"\"><\/div><h2 class=\"grve-element grve-align-left grve-title-no-line grve-h2\" style=\"\"><span>In-line RAM analysis<\/span><\/h2>[vc_column_text css=&#8221;&#8221;]The early and active integration of RAM analysis in the initial planning phase of a project opens up new design possibilities. This procedure can also be called in-line RAM analysis. By specifically analysing and evaluating the planning documents, we create a sound basis for decision-making at the earliest possible stage. In addition, this process enables early cost optimisation while constantly taking investment and operating costs into account.[\/vc_column_text]<div class=\"grve-element grve-hr grve-space-divider\" style=\"\"><\/div>[\/vc_column][\/vc_row][vc_row][vc_column]<h3 class=\"grve-element grve-align-left grve-title-no-line grve-h3\" style=\"\"><span>Your contacts<\/span><\/h3><div class=\"grve-element grve-hr grve-space-divider\" style=\"\"><\/div>[\/vc_column][vc_column width=&#8221;1\/4&#8243;]\r\n\t\t<div class=\"grve-team grve-element\" style=\"\">\r\n\t\t\t<figure class=\"grve-image-hover grve-style-1 grve-zoom-in\">\r\n\t\t\t\t<div class=\"grve-team-person grve-media grve-dark-overlay grve-opacity-60\">\r\n\t\t\t\t\t<img decoding=\"async\" width=\"300\" height=\"300\" src=\"https:\/\/www.weyer-gruppe.com\/wp-content\/uploads\/2024\/03\/u.wollseifen.png\" class=\"attachment-grve-image-small-square size-grve-image-small-square\" alt=\"u.wollseifen\" srcset=\"https:\/\/www.weyer-gruppe.com\/wp-content\/uploads\/2024\/03\/u.wollseifen.png 300w, https:\/\/www.weyer-gruppe.com\/wp-content\/uploads\/2024\/03\/u.wollseifen-150x150.png 150w, https:\/\/www.weyer-gruppe.com\/wp-content\/uploads\/2024\/03\/u.wollseifen-80x80.png 80w\" sizes=\"(max-width: 300px) 100vw, 300px\" \/>\t\t\t\t<\/div>\r\n\t\t\t\t<figcaption>\r\n\t\t\t\t\t<div class=\"grve-team-description\">\r\n\t\t\t\t\t\t\t\t\t\t\t\t<h6 class=\"grve-team-name grve-dark grve-h6\">Udo Wollseifen<\/h6>\r\n\t\t\t\t\t\t\t\t\t\t\t\t<small class=\"grve-team-identity grve-dark\">horst weyer und partner<\/small>\r\n\t\t\t\t\t<\/div>\r\n\t\t\t\t\t\t\t\t\t<\/figcaption>\r\n\t\t\t<\/figure>\r\n\t\t<\/div>\r\n\r\n\t\t[\/vc_column][\/vc_row][vc_row][vc_column]<div class=\"grve-element grve-hr grve-space-divider\" style=\"\"><\/div>[\/vc_column][vc_column width=&#8221;1\/2&#8243;]<div class=\"grve-element grve-hr grve-space-divider\" style=\"\"><\/div><div class=\"grve-element grve-box-icon grve-align-center\" style=\"\">  <div class=\"grve-icon grve-medium grve-simple grve-no-shape grve-color-primary-1 far fa-envelope\"><\/div><\/div>[vc_column_text css=&#8221;&#8221;]\n<h3 style=\"text-align: center;\">Do you have further questions?<\/h3>\n<p style=\"text-align: center;\">Our experts are happy to advice you!<\/p>\n[\/vc_column_text][\/vc_column][vc_column width=&#8221;1\/2&#8243;]\n<div class=\"wpcf7 no-js\" id=\"wpcf7-f78773-o1\" lang=\"de-DE\" dir=\"ltr\" data-wpcf7-id=\"78773\">\n<div class=\"screen-reader-response\"><p role=\"status\" aria-live=\"polite\" aria-atomic=\"true\"><\/p> <ul><\/ul><\/div>\n<form action=\"\/en\/wp-json\/wp\/v2\/pages\/235287#wpcf7-f78773-o1\" method=\"post\" class=\"wpcf7-form init\" aria-label=\"Kontaktformular\" novalidate=\"novalidate\" data-status=\"init\">\n<fieldset class=\"hidden-fields-container\"><input type=\"hidden\" name=\"_wpcf7\" value=\"78773\" \/><input type=\"hidden\" name=\"_wpcf7_version\" value=\"6.1.5\" \/><input type=\"hidden\" name=\"_wpcf7_locale\" value=\"de_DE\" \/><input type=\"hidden\" name=\"_wpcf7_unit_tag\" value=\"wpcf7-f78773-o1\" \/><input type=\"hidden\" name=\"_wpcf7_container_post\" value=\"0\" \/><input type=\"hidden\" name=\"_wpcf7_posted_data_hash\" value=\"\" \/><input type=\"hidden\" name=\"_wpcf7_recaptcha_response\" value=\"\" \/>\n<\/fieldset>\n<p><label> Anrede (Pflichtfeld) <span class=\"wpcf7-form-control-wrap\" data-name=\"menu-543\"><select class=\"wpcf7-form-control wpcf7-select wpcf7-validates-as-required\" aria-required=\"true\" aria-invalid=\"false\" name=\"menu-543\"><option value=\"\">&#8211; Bitte ausw\u00e4hlen &#8211;<\/option><option value=\"Herr\">Herr<\/option><option value=\"Frau\">Frau<\/option><\/select><\/span> <\/label><label> Vorname (Pflichtfeld) <span class=\"wpcf7-form-control-wrap\" data-name=\"your-prename\"><input size=\"40\" maxlength=\"400\" class=\"wpcf7-form-control wpcf7-text wpcf7-validates-as-required\" aria-required=\"true\" aria-invalid=\"false\" value=\"\" type=\"text\" name=\"your-prename\" \/><\/span> <\/label><label> Name (Pflichtfeld) <span class=\"wpcf7-form-control-wrap\" data-name=\"your-lastname\"><input size=\"40\" maxlength=\"400\" class=\"wpcf7-form-control wpcf7-text wpcf7-validates-as-required\" aria-required=\"true\" aria-invalid=\"false\" value=\"\" type=\"text\" name=\"your-lastname\" \/><\/span> <\/label><label> E-Mail-Adresse (Pflichtfeld) <span class=\"wpcf7-form-control-wrap\" data-name=\"your-email\"><input size=\"40\" maxlength=\"400\" class=\"wpcf7-form-control wpcf7-email wpcf7-validates-as-required wpcf7-text wpcf7-validates-as-email\" aria-required=\"true\" aria-invalid=\"false\" value=\"\" type=\"email\" name=\"your-email\" \/><\/span> <\/label><label> Ihr Thema (Pflichtfeld) <span class=\"wpcf7-form-control-wrap\" data-name=\"your-subject\"><input size=\"40\" maxlength=\"400\" class=\"wpcf7-form-control wpcf7-text wpcf7-validates-as-required\" aria-required=\"true\" aria-invalid=\"false\" value=\"\" type=\"text\" name=\"your-subject\" \/><\/span> <\/label><br \/>\n<label> Ihre Nachricht (Pflichtfeld) <span class=\"wpcf7-form-control-wrap\" data-name=\"your-message\"><textarea cols=\"40\" rows=\"10\" maxlength=\"2000\" class=\"wpcf7-form-control wpcf7-textarea wpcf7-validates-as-required\" aria-required=\"true\" aria-invalid=\"false\" name=\"your-message\"><\/textarea><\/span> <\/label><br \/>\n<span class=\"wpcf7-form-control-wrap\" data-name=\"Datenschutzerklaerung\"><span class=\"wpcf7-form-control wpcf7-checkbox wpcf7-validates-as-required\"><span class=\"wpcf7-list-item first last\"><input type=\"checkbox\" name=\"Datenschutzerklaerung[]\" value=\"Ich habe die Datenschutzerkl\u00e4rung gelesen und erkl\u00e4re mich damit einverstanden.\" \/><span class=\"wpcf7-list-item-label\">Ich habe die Datenschutzerkl\u00e4rung gelesen und erkl\u00e4re mich damit einverstanden.<\/span><\/span><\/span><\/span>\n<\/p>\n<p><span class=\"wpcf7-form-control-wrap\" data-name=\"Newsletter\"><span class=\"wpcf7-form-control wpcf7-checkbox\"><span class=\"wpcf7-list-item first last\"><input type=\"checkbox\" name=\"Newsletter[]\" value=\"Ich m\u00f6chte Informationen zu kommenden Veranstaltungen und Neuigkeiten in der Branche erhalten\" \/><span class=\"wpcf7-list-item-label\">Ich m\u00f6chte Informationen zu kommenden Veranstaltungen und Neuigkeiten in der Branche erhalten<\/span><\/span><\/span><\/span><br \/>\n<br \/>\n<input class=\"wpcf7-form-control wpcf7-submit has-spinner\" type=\"submit\" value=\"Senden\" \/>\n<\/p><div class=\"wpcf7-response-output\" aria-hidden=\"true\"><\/div>\n<\/form>\n<\/div>\n[\/vc_column][\/vc_row]\n<\/div>","protected":false},"excerpt":{"rendered":"<p>[vc_row][vc_column][vc_column_text css=&#8221;&#8221;]RAM analyses are based on a structured, goal- and solution-oriented approach that can be used to process and evaluate the following topics.[\/vc_column_text][vc_tta_accordion][vc_tta_section title=&#8221;Reliability&#8221; tab_id=&#8221;1742208538653-3a7c515f-9906&#8243;][vc_column_text css=&#8221;&#8221;]This refers to the ability of a system or product to function without failure over a certain period of time. Reliability is often measured in the form of MTTF (Mean [&hellip;]<\/p>\n","protected":false},"author":22,"featured_media":0,"parent":23837,"menu_order":0,"comment_status":"closed","ping_status":"closed","template":"","meta":{"footnotes":""},"class_list":["post-235287","page","type-page","status-publish","hentry"],"yoast_head":"<!-- This site is optimized with the Yoast SEO Premium plugin v27.4 (Yoast SEO v27.4) - https:\/\/yoast.com\/product\/yoast-seo-premium-wordpress\/ -->\n<title>RAM-Analysis &#8211; weyer group<\/title>\n<meta name=\"description\" content=\"RAM analysis: Processing and evaluation of the reliability, availability and maintainability of projects or plans.\" \/>\n<meta name=\"robots\" content=\"index, follow, max-snippet:-1, max-image-preview:large, max-video-preview:-1\" \/>\n<link rel=\"canonical\" href=\"https:\/\/www.weyer-gruppe.com\/en\/plant-operators-and-investors\/ram-analysis\/\" \/>\n<meta property=\"og:locale\" content=\"en_US\" \/>\n<meta property=\"og:type\" content=\"article\" \/>\n<meta property=\"og:title\" content=\"RAM-Analysis\" \/>\n<meta property=\"og:description\" content=\"RAM analysis: Processing and evaluation of the reliability, availability and maintainability of projects or plans.\" \/>\n<meta property=\"og:url\" content=\"https:\/\/www.weyer-gruppe.com\/en\/plant-operators-and-investors\/ram-analysis\/\" \/>\n<meta property=\"og:site_name\" content=\"weyer gruppe\" \/>\n<meta property=\"article:publisher\" content=\"https:\/\/www.facebook.com\/weyergruppe\" \/>\n<meta property=\"article:modified_time\" content=\"2025-06-05T06:09:19+00:00\" \/>\n<meta name=\"twitter:card\" content=\"summary_large_image\" \/>\n<meta name=\"twitter:label1\" content=\"Est. reading time\" \/>\n\t<meta name=\"twitter:data1\" content=\"3 minutes\" \/>\n<script type=\"application\/ld+json\" class=\"yoast-schema-graph\">{\"@context\":\"https:\\\/\\\/schema.org\",\"@graph\":[{\"@type\":\"WebPage\",\"@id\":\"https:\\\/\\\/www.weyer-gruppe.com\\\/en\\\/plant-operators-and-investors\\\/ram-analysis\\\/\",\"url\":\"https:\\\/\\\/www.weyer-gruppe.com\\\/en\\\/plant-operators-and-investors\\\/ram-analysis\\\/\",\"name\":\"RAM-Analysis &#8211; weyer group\",\"isPartOf\":{\"@id\":\"https:\\\/\\\/www.weyer-gruppe.com\\\/en\\\/#website\"},\"datePublished\":\"2025-03-14T15:35:31+00:00\",\"dateModified\":\"2025-06-05T06:09:19+00:00\",\"description\":\"RAM analysis: Processing and evaluation of the reliability, availability and maintainability of projects or plans.\",\"breadcrumb\":{\"@id\":\"https:\\\/\\\/www.weyer-gruppe.com\\\/en\\\/plant-operators-and-investors\\\/ram-analysis\\\/#breadcrumb\"},\"inLanguage\":\"en-US\",\"potentialAction\":[{\"@type\":\"ReadAction\",\"target\":[\"https:\\\/\\\/www.weyer-gruppe.com\\\/en\\\/plant-operators-and-investors\\\/ram-analysis\\\/\"]}]},{\"@type\":\"BreadcrumbList\",\"@id\":\"https:\\\/\\\/www.weyer-gruppe.com\\\/en\\\/plant-operators-and-investors\\\/ram-analysis\\\/#breadcrumb\",\"itemListElement\":[{\"@type\":\"ListItem\",\"position\":1,\"name\":\"HOME\",\"item\":\"https:\\\/\\\/www.weyer-gruppe.com\\\/en\\\/\"},{\"@type\":\"ListItem\",\"position\":2,\"name\":\"Plant operators and investors\",\"item\":\"https:\\\/\\\/www.weyer-gruppe.com\\\/en\\\/plant-operators-and-investors\\\/\"},{\"@type\":\"ListItem\",\"position\":3,\"name\":\"RAM-Analysis\"}]},{\"@type\":\"WebSite\",\"@id\":\"https:\\\/\\\/www.weyer-gruppe.com\\\/en\\\/#website\",\"url\":\"https:\\\/\\\/www.weyer-gruppe.com\\\/en\\\/\",\"name\":\"weyer gruppe\",\"description\":\"komplett. durchdacht.\",\"publisher\":{\"@id\":\"https:\\\/\\\/www.weyer-gruppe.com\\\/en\\\/#organization\"},\"potentialAction\":[{\"@type\":\"SearchAction\",\"target\":{\"@type\":\"EntryPoint\",\"urlTemplate\":\"https:\\\/\\\/www.weyer-gruppe.com\\\/en\\\/?s={search_term_string}\"},\"query-input\":{\"@type\":\"PropertyValueSpecification\",\"valueRequired\":true,\"valueName\":\"search_term_string\"}}],\"inLanguage\":\"en-US\"},{\"@type\":\"Organization\",\"@id\":\"https:\\\/\\\/www.weyer-gruppe.com\\\/en\\\/#organization\",\"name\":\"weyer gruppe\",\"url\":\"https:\\\/\\\/www.weyer-gruppe.com\\\/en\\\/\",\"logo\":{\"@type\":\"ImageObject\",\"inLanguage\":\"en-US\",\"@id\":\"https:\\\/\\\/www.weyer-gruppe.com\\\/en\\\/#\\\/schema\\\/logo\\\/image\\\/\",\"url\":\"https:\\\/\\\/www.weyer-gruppe.com\\\/wp-content\\\/uploads\\\/2019\\\/07\\\/logo-weyer-gruppe-de.png\",\"contentUrl\":\"https:\\\/\\\/www.weyer-gruppe.com\\\/wp-content\\\/uploads\\\/2019\\\/07\\\/logo-weyer-gruppe-de.png\",\"width\":532,\"height\":513,\"caption\":\"weyer gruppe\"},\"image\":{\"@id\":\"https:\\\/\\\/www.weyer-gruppe.com\\\/en\\\/#\\\/schema\\\/logo\\\/image\\\/\"},\"sameAs\":[\"https:\\\/\\\/www.facebook.com\\\/weyergruppe\",\"https:\\\/\\\/de.linkedin.com\\\/company\\\/weyer-gruppe\",\"https:\\\/\\\/www.youtube.com\\\/channel\\\/UCmZItECuW56Ih_p501_Bq8A\"],\"description\":\"Die weyer gruppe ist seit 1976 Ihr Partner f\u00fcr verfahrenstechnische Anlagenplanung und Anlagensicherheit. Mit einem erfahrenen Team von \u00fcber 190 Mitarbeitern in Deutschland, \u00d6sterreich, Polen und der Schweiz realisieren wir j\u00e4hrlich \u00fcber 1.000 Kundenprojekte. Unsere Expertise erstreckt sich \u00fcber verschiedene Branchen wie Chemie, Pharma, Mineral\u00f6l sowie Ver- und Entsorgung. Vertrauen Sie auf die weyer Gruppe f\u00fcr ma\u00dfgeschneiderte Engineering- und Consulting-L\u00f6sungen, die Ihre Anforderungen in puncto Sicherheit und Effizienz erf\u00fcllen.\",\"email\":\"info@weyer-gruppe.com\",\"telephone\":\"+49 (0) 24 21 \u2013 69 09 1 \u2013 0\",\"numberOfEmployees\":{\"@type\":\"QuantitativeValue\",\"minValue\":\"51\",\"maxValue\":\"200\"}}]}<\/script>\n<!-- \/ Yoast SEO Premium plugin. -->","yoast_head_json":{"title":"RAM-Analysis &#8211; weyer group","description":"RAM analysis: Processing and evaluation of the reliability, availability and maintainability of projects or plans.","robots":{"index":"index","follow":"follow","max-snippet":"max-snippet:-1","max-image-preview":"max-image-preview:large","max-video-preview":"max-video-preview:-1"},"canonical":"https:\/\/www.weyer-gruppe.com\/en\/plant-operators-and-investors\/ram-analysis\/","og_locale":"en_US","og_type":"article","og_title":"RAM-Analysis","og_description":"RAM analysis: Processing and evaluation of the reliability, availability and maintainability of projects or plans.","og_url":"https:\/\/www.weyer-gruppe.com\/en\/plant-operators-and-investors\/ram-analysis\/","og_site_name":"weyer gruppe","article_publisher":"https:\/\/www.facebook.com\/weyergruppe","article_modified_time":"2025-06-05T06:09:19+00:00","twitter_card":"summary_large_image","twitter_misc":{"Est. reading time":"3 minutes"},"schema":{"@context":"https:\/\/schema.org","@graph":[{"@type":"WebPage","@id":"https:\/\/www.weyer-gruppe.com\/en\/plant-operators-and-investors\/ram-analysis\/","url":"https:\/\/www.weyer-gruppe.com\/en\/plant-operators-and-investors\/ram-analysis\/","name":"RAM-Analysis &#8211; weyer group","isPartOf":{"@id":"https:\/\/www.weyer-gruppe.com\/en\/#website"},"datePublished":"2025-03-14T15:35:31+00:00","dateModified":"2025-06-05T06:09:19+00:00","description":"RAM analysis: Processing and evaluation of the reliability, availability and maintainability of projects or plans.","breadcrumb":{"@id":"https:\/\/www.weyer-gruppe.com\/en\/plant-operators-and-investors\/ram-analysis\/#breadcrumb"},"inLanguage":"en-US","potentialAction":[{"@type":"ReadAction","target":["https:\/\/www.weyer-gruppe.com\/en\/plant-operators-and-investors\/ram-analysis\/"]}]},{"@type":"BreadcrumbList","@id":"https:\/\/www.weyer-gruppe.com\/en\/plant-operators-and-investors\/ram-analysis\/#breadcrumb","itemListElement":[{"@type":"ListItem","position":1,"name":"HOME","item":"https:\/\/www.weyer-gruppe.com\/en\/"},{"@type":"ListItem","position":2,"name":"Plant operators and investors","item":"https:\/\/www.weyer-gruppe.com\/en\/plant-operators-and-investors\/"},{"@type":"ListItem","position":3,"name":"RAM-Analysis"}]},{"@type":"WebSite","@id":"https:\/\/www.weyer-gruppe.com\/en\/#website","url":"https:\/\/www.weyer-gruppe.com\/en\/","name":"weyer gruppe","description":"komplett. durchdacht.","publisher":{"@id":"https:\/\/www.weyer-gruppe.com\/en\/#organization"},"potentialAction":[{"@type":"SearchAction","target":{"@type":"EntryPoint","urlTemplate":"https:\/\/www.weyer-gruppe.com\/en\/?s={search_term_string}"},"query-input":{"@type":"PropertyValueSpecification","valueRequired":true,"valueName":"search_term_string"}}],"inLanguage":"en-US"},{"@type":"Organization","@id":"https:\/\/www.weyer-gruppe.com\/en\/#organization","name":"weyer gruppe","url":"https:\/\/www.weyer-gruppe.com\/en\/","logo":{"@type":"ImageObject","inLanguage":"en-US","@id":"https:\/\/www.weyer-gruppe.com\/en\/#\/schema\/logo\/image\/","url":"https:\/\/www.weyer-gruppe.com\/wp-content\/uploads\/2019\/07\/logo-weyer-gruppe-de.png","contentUrl":"https:\/\/www.weyer-gruppe.com\/wp-content\/uploads\/2019\/07\/logo-weyer-gruppe-de.png","width":532,"height":513,"caption":"weyer gruppe"},"image":{"@id":"https:\/\/www.weyer-gruppe.com\/en\/#\/schema\/logo\/image\/"},"sameAs":["https:\/\/www.facebook.com\/weyergruppe","https:\/\/de.linkedin.com\/company\/weyer-gruppe","https:\/\/www.youtube.com\/channel\/UCmZItECuW56Ih_p501_Bq8A"],"description":"Die weyer gruppe ist seit 1976 Ihr Partner f\u00fcr verfahrenstechnische Anlagenplanung und Anlagensicherheit. Mit einem erfahrenen Team von \u00fcber 190 Mitarbeitern in Deutschland, \u00d6sterreich, Polen und der Schweiz realisieren wir j\u00e4hrlich \u00fcber 1.000 Kundenprojekte. Unsere Expertise erstreckt sich \u00fcber verschiedene Branchen wie Chemie, Pharma, Mineral\u00f6l sowie Ver- und Entsorgung. Vertrauen Sie auf die weyer Gruppe f\u00fcr ma\u00dfgeschneiderte Engineering- und Consulting-L\u00f6sungen, die Ihre Anforderungen in puncto Sicherheit und Effizienz erf\u00fcllen.","email":"info@weyer-gruppe.com","telephone":"+49 (0) 24 21 \u2013 69 09 1 \u2013 0","numberOfEmployees":{"@type":"QuantitativeValue","minValue":"51","maxValue":"200"}}]}},"_links":{"self":[{"href":"https:\/\/www.weyer-gruppe.com\/en\/wp-json\/wp\/v2\/pages\/235287","targetHints":{"allow":["GET"]}}],"collection":[{"href":"https:\/\/www.weyer-gruppe.com\/en\/wp-json\/wp\/v2\/pages"}],"about":[{"href":"https:\/\/www.weyer-gruppe.com\/en\/wp-json\/wp\/v2\/types\/page"}],"author":[{"embeddable":true,"href":"https:\/\/www.weyer-gruppe.com\/en\/wp-json\/wp\/v2\/users\/22"}],"replies":[{"embeddable":true,"href":"https:\/\/www.weyer-gruppe.com\/en\/wp-json\/wp\/v2\/comments?post=235287"}],"version-history":[{"count":5,"href":"https:\/\/www.weyer-gruppe.com\/en\/wp-json\/wp\/v2\/pages\/235287\/revisions"}],"predecessor-version":[{"id":235294,"href":"https:\/\/www.weyer-gruppe.com\/en\/wp-json\/wp\/v2\/pages\/235287\/revisions\/235294"}],"up":[{"embeddable":true,"href":"https:\/\/www.weyer-gruppe.com\/en\/wp-json\/wp\/v2\/pages\/23837"}],"wp:attachment":[{"href":"https:\/\/www.weyer-gruppe.com\/en\/wp-json\/wp\/v2\/media?parent=235287"}],"curies":[{"name":"wp","href":"https:\/\/api.w.org\/{rel}","templated":true}]}}