{"id":23493,"date":"2019-07-29T16:11:15","date_gmt":"2019-07-29T14:11:15","guid":{"rendered":"https:\/\/www.weyer-gruppe.com\/species-protection-and-habitats-compatibility\/"},"modified":"2026-03-19T14:59:10","modified_gmt":"2026-03-19T13:59:10","slug":"species-protection-and-habitats-compatibility","status":"publish","type":"page","link":"https:\/\/www.weyer-gruppe.com\/en\/plant-operators-and-investors\/species-protection-and-habitats-compatibility\/","title":{"rendered":"Species protection and habitats compatibility"},"content":{"rendered":"<div class=\"wpb-content-wrapper\">[vc_row][vc_column][vc_column_text]The EU-wide &#8220;<a href=\"https:\/\/www.bmuv.de\/themen\/naturschutz-artenvielfalt\/naturschutz-biologische-vielfalt\/gebietsschutz-und-vernetzung\/natura-2000\" target=\"_blank\" rel=\"noopener noreferrer\">Natura 2000<\/a>&#8221; network for Fauna Flora Habitat (FFH) and bird sanctuaries serves to protect and conserve endangered or typical habitats and species. This makes a separate FFH compatibility test necessary for plans and projects that may have an impact on such protected areas. Species protection (specially and strictly protected species) is also an important aspect of planning approval and approval procedures. This needs be taken into account in the planning as early as possible, because legal studies in the area of species protection are very time-consuming and can influence the project schedule as a result.<\/p>\n<p>The weyer group provides you with support in the form of environmental expert reports during the approval and planning approval procedures and takes over all communication with the authorities in relation to species protection and FFH compatibility.<\/p>\n<h2>Services in the area of species protection and FFH compatibility<\/h2>\n<ul class=\"arrow-gray\">\n<li class=\"first-child\">Case-by-case analysis of the specific project<\/li>\n<li>Skilled advice on the requirements of the studies on FFH compatibility<\/li>\n<li>Expert reports on compatibility with <a href=\"http:\/\/www.ffh-gebiete.de\/\" target=\"_blank\" rel=\"noopener noreferrer\">Natura 2000 zones<\/a> (FFH zones and EU bird sanctuaries): Impact assessments and preliminary checks\/impact assessments<\/li>\n<li>Species protection potential analyses<\/li>\n<li>Expert opinions on the special protection of species<\/li>\n<li class=\"last-child\">Coordination of all required expert reports and coordination with the approval authority<\/li>\n<\/ul>\n[\/vc_column_text][\/vc_column][\/vc_row][vc_row bg_type=&#8221;color&#8221; bg_color=&#8221;#0b3c80&#8243; font_color=&#8221;#ffffff&#8221;][vc_column css=&#8221;.vc_custom_1563974199119{padding-top: 25px !important;padding-bottom: 25px !important;padding-left: 25px !important;}&#8221;]<div class=\"grve-element grve-hr grve-space-divider\" style=\"\"><\/div><div class=\"grve-element grve-image-text\" style=\"\">  <div class=\"grve-content grve-align-right\">    <h6>weyer special: Species protection and habitats compatibility<\/h6>  <p>Whenever a project or procedure may have an impact on a Natura 2000 area (FFH or bird sanctuary) or significant habitats with protected species, nature conservation expert opinions are required. As an integral part of the application documents, they provide information on the concrete effects the planned project will have on the existing ecosystem. This can be a direct loss of land due to overbuilding or the changes in the site situation due to substance inputs and noise&#8230;<\/p>    <a href=\"https:\/\/www.weyer-gruppe.com\/wp-content\/uploads\/2019\/07\/weyer-spezial-artenschutz-0515.pdf\" target=\"_self\" class=\"grve-read-more \">Download weyer special here<\/a>  <\/div><div class=\"grve-image\"><img decoding=\"async\" width=\"250\" height=\"354\" src=\"https:\/\/www.weyer-gruppe.com\/wp-content\/uploads\/2019\/07\/weyer-spezial-weyer-gruppe-artenschutz-ffh-vertraeglichkeit.jpg\" class=\"attachment-full size-full\" alt=\"weyer spezial\" srcset=\"\" \/><\/div><\/div><div class=\"grve-element grve-hr grve-space-divider\" style=\"\"><\/div>[\/vc_column][\/vc_row][vc_row][vc_column]<div class=\"grve-element grve-hr grve-space-divider\" style=\"\"><\/div><h3 class=\"grve-element grve-align-left grve-title-no-line grve-h3\" style=\"\"><span>Our Team<\/span><\/h3>[\/vc_column][\/vc_row][vc_row][vc_column width=&#8221;1\/4&#8243; tablet_sm_width=&#8221;1-2&#8243;]\r\n\t\t<div class=\"grve-team grve-element\" style=\"\">\r\n\t\t\t<figure class=\"grve-image-hover grve-style-1 grve-zoom-in\">\r\n\t\t\t\t<div class=\"grve-team-person grve-media grve-dark-overlay grve-opacity-60\">\r\n\t\t\t\t\t<img decoding=\"async\" width=\"300\" height=\"300\" src=\"https:\/\/www.weyer-gruppe.com\/wp-content\/uploads\/2019\/07\/guido-mueller-pr-2022.jpg\" class=\"attachment-grve-image-small-square size-grve-image-small-square\" alt=\"Foto von Guido M\u00fcller der Probiotec\" \/>\t\t\t\t<\/div>\r\n\t\t\t\t<figcaption>\r\n\t\t\t\t\t<div class=\"grve-team-description\">\r\n\t\t\t\t\t\t\t\t\t\t\t\t<h4 class=\"grve-team-name grve-dark grve-h4\">Guido M\u00fcller<\/h4>\r\n\t\t\t\t\t\t\t\t\t\t\t\t<small class=\"grve-team-identity grve-dark\">PROBIOTEC<\/small>\r\n\t\t\t\t\t<\/div>\r\n\t\t\t\t\t\t\t\t\t<\/figcaption>\r\n\t\t\t<\/figure>\r\n\t\t<\/div>\r\n\r\n\t\t[\/vc_column][\/vc_row][vc_row][vc_column]<div class=\"grve-element grve-hr grve-space-divider\" style=\"\"><\/div>[\/vc_column][\/vc_row]\n<\/div>","protected":false},"excerpt":{"rendered":"<p>[vc_row][vc_column][vc_column_text]The EU-wide &#8220;Natura 2000&#8221; network for Fauna Flora Habitat (FFH) and bird sanctuaries serves to protect and conserve endangered or typical habitats and species. This makes a separate FFH compatibility test necessary for plans and projects that may have an impact on such protected areas. Species protection (specially and strictly protected species) is also an [&hellip;]<\/p>\n","protected":false},"author":5,"featured_media":0,"parent":23837,"menu_order":0,"comment_status":"closed","ping_status":"closed","template":"","meta":{"footnotes":""},"class_list":["post-23493","page","type-page","status-publish","hentry"],"yoast_head":"<!-- This site is optimized with the Yoast SEO Premium plugin v27.4 (Yoast SEO v27.4) - https:\/\/yoast.com\/product\/yoast-seo-premium-wordpress\/ -->\n<title>Species protection and habitats compatibility &#8211; weyer gruppe<\/title>\n<meta name=\"description\" content=\"The impact on the protection of species and FFH compatibility needs to be checked when planning various projects. We provide you with support in this.\" \/>\n<meta name=\"robots\" content=\"noindex, nofollow\" \/>\n<meta property=\"og:locale\" content=\"en_US\" \/>\n<meta property=\"og:type\" content=\"article\" \/>\n<meta property=\"og:title\" content=\"Species protection and habitats compatibility\" \/>\n<meta property=\"og:description\" content=\"The impact on the protection of species and FFH compatibility needs to be checked when planning various projects. We provide you with support in this.\" \/>\n<meta property=\"og:url\" content=\"https:\/\/www.weyer-gruppe.com\/en\/plant-operators-and-investors\/species-protection-and-habitats-compatibility\/\" \/>\n<meta property=\"og:site_name\" content=\"weyer gruppe\" \/>\n<meta property=\"article:publisher\" content=\"https:\/\/www.facebook.com\/weyergruppe\" \/>\n<meta property=\"article:modified_time\" content=\"2026-03-19T13:59:10+00:00\" \/>\n<meta name=\"twitter:card\" content=\"summary_large_image\" \/>\n<meta name=\"twitter:label1\" content=\"Est. reading time\" \/>\n\t<meta name=\"twitter:data1\" content=\"2 minutes\" \/>\n<script type=\"application\/ld+json\" class=\"yoast-schema-graph\">{\"@context\":\"https:\\\/\\\/schema.org\",\"@graph\":[{\"@type\":\"WebPage\",\"@id\":\"https:\\\/\\\/www.weyer-gruppe.com\\\/en\\\/plant-operators-and-investors\\\/species-protection-and-habitats-compatibility\\\/\",\"url\":\"https:\\\/\\\/www.weyer-gruppe.com\\\/en\\\/plant-operators-and-investors\\\/species-protection-and-habitats-compatibility\\\/\",\"name\":\"Species protection and habitats compatibility &#8211; weyer gruppe\",\"isPartOf\":{\"@id\":\"https:\\\/\\\/www.weyer-gruppe.com\\\/en\\\/#website\"},\"datePublished\":\"2019-07-29T14:11:15+00:00\",\"dateModified\":\"2026-03-19T13:59:10+00:00\",\"description\":\"The impact on the protection of species and FFH compatibility needs to be checked when planning various projects. We provide you with support in this.\",\"breadcrumb\":{\"@id\":\"https:\\\/\\\/www.weyer-gruppe.com\\\/en\\\/plant-operators-and-investors\\\/species-protection-and-habitats-compatibility\\\/#breadcrumb\"},\"inLanguage\":\"en-US\",\"potentialAction\":[{\"@type\":\"ReadAction\",\"target\":[\"https:\\\/\\\/www.weyer-gruppe.com\\\/en\\\/plant-operators-and-investors\\\/species-protection-and-habitats-compatibility\\\/\"]}]},{\"@type\":\"BreadcrumbList\",\"@id\":\"https:\\\/\\\/www.weyer-gruppe.com\\\/en\\\/plant-operators-and-investors\\\/species-protection-and-habitats-compatibility\\\/#breadcrumb\",\"itemListElement\":[{\"@type\":\"ListItem\",\"position\":1,\"name\":\"HOME\",\"item\":\"https:\\\/\\\/www.weyer-gruppe.com\\\/en\\\/\"},{\"@type\":\"ListItem\",\"position\":2,\"name\":\"Plant operators and investors\",\"item\":\"https:\\\/\\\/www.weyer-gruppe.com\\\/en\\\/plant-operators-and-investors\\\/\"},{\"@type\":\"ListItem\",\"position\":3,\"name\":\"Species protection and habitats compatibility\"}]},{\"@type\":\"WebSite\",\"@id\":\"https:\\\/\\\/www.weyer-gruppe.com\\\/en\\\/#website\",\"url\":\"https:\\\/\\\/www.weyer-gruppe.com\\\/en\\\/\",\"name\":\"weyer gruppe\",\"description\":\"komplett. durchdacht.\",\"publisher\":{\"@id\":\"https:\\\/\\\/www.weyer-gruppe.com\\\/en\\\/#organization\"},\"potentialAction\":[{\"@type\":\"SearchAction\",\"target\":{\"@type\":\"EntryPoint\",\"urlTemplate\":\"https:\\\/\\\/www.weyer-gruppe.com\\\/en\\\/?s={search_term_string}\"},\"query-input\":{\"@type\":\"PropertyValueSpecification\",\"valueRequired\":true,\"valueName\":\"search_term_string\"}}],\"inLanguage\":\"en-US\"},{\"@type\":\"Organization\",\"@id\":\"https:\\\/\\\/www.weyer-gruppe.com\\\/en\\\/#organization\",\"name\":\"weyer gruppe\",\"url\":\"https:\\\/\\\/www.weyer-gruppe.com\\\/en\\\/\",\"logo\":{\"@type\":\"ImageObject\",\"inLanguage\":\"en-US\",\"@id\":\"https:\\\/\\\/www.weyer-gruppe.com\\\/en\\\/#\\\/schema\\\/logo\\\/image\\\/\",\"url\":\"https:\\\/\\\/www.weyer-gruppe.com\\\/wp-content\\\/uploads\\\/2019\\\/07\\\/logo-weyer-gruppe-de.png\",\"contentUrl\":\"https:\\\/\\\/www.weyer-gruppe.com\\\/wp-content\\\/uploads\\\/2019\\\/07\\\/logo-weyer-gruppe-de.png\",\"width\":532,\"height\":513,\"caption\":\"weyer gruppe\"},\"image\":{\"@id\":\"https:\\\/\\\/www.weyer-gruppe.com\\\/en\\\/#\\\/schema\\\/logo\\\/image\\\/\"},\"sameAs\":[\"https:\\\/\\\/www.facebook.com\\\/weyergruppe\",\"https:\\\/\\\/de.linkedin.com\\\/company\\\/weyer-gruppe\",\"https:\\\/\\\/www.youtube.com\\\/channel\\\/UCmZItECuW56Ih_p501_Bq8A\"],\"description\":\"Die weyer gruppe ist seit 1976 Ihr Partner f\u00fcr verfahrenstechnische Anlagenplanung und Anlagensicherheit. Mit einem erfahrenen Team von \u00fcber 190 Mitarbeitern in Deutschland, \u00d6sterreich, Polen und der Schweiz realisieren wir j\u00e4hrlich \u00fcber 1.000 Kundenprojekte. Unsere Expertise erstreckt sich \u00fcber verschiedene Branchen wie Chemie, Pharma, Mineral\u00f6l sowie Ver- und Entsorgung. Vertrauen Sie auf die weyer Gruppe f\u00fcr ma\u00dfgeschneiderte Engineering- und Consulting-L\u00f6sungen, die Ihre Anforderungen in puncto Sicherheit und Effizienz erf\u00fcllen.\",\"email\":\"info@weyer-gruppe.com\",\"telephone\":\"+49 (0) 24 21 \u2013 69 09 1 \u2013 0\",\"numberOfEmployees\":{\"@type\":\"QuantitativeValue\",\"minValue\":\"51\",\"maxValue\":\"200\"}}]}<\/script>\n<!-- \/ Yoast SEO Premium plugin. -->","yoast_head_json":{"title":"Species protection and habitats compatibility &#8211; weyer gruppe","description":"The impact on the protection of species and FFH compatibility needs to be checked when planning various projects. We provide you with support in this.","robots":{"index":"noindex","follow":"nofollow"},"og_locale":"en_US","og_type":"article","og_title":"Species protection and habitats compatibility","og_description":"The impact on the protection of species and FFH compatibility needs to be checked when planning various projects. We provide you with support in this.","og_url":"https:\/\/www.weyer-gruppe.com\/en\/plant-operators-and-investors\/species-protection-and-habitats-compatibility\/","og_site_name":"weyer gruppe","article_publisher":"https:\/\/www.facebook.com\/weyergruppe","article_modified_time":"2026-03-19T13:59:10+00:00","twitter_card":"summary_large_image","twitter_misc":{"Est. reading time":"2 minutes"},"schema":{"@context":"https:\/\/schema.org","@graph":[{"@type":"WebPage","@id":"https:\/\/www.weyer-gruppe.com\/en\/plant-operators-and-investors\/species-protection-and-habitats-compatibility\/","url":"https:\/\/www.weyer-gruppe.com\/en\/plant-operators-and-investors\/species-protection-and-habitats-compatibility\/","name":"Species protection and habitats compatibility &#8211; weyer gruppe","isPartOf":{"@id":"https:\/\/www.weyer-gruppe.com\/en\/#website"},"datePublished":"2019-07-29T14:11:15+00:00","dateModified":"2026-03-19T13:59:10+00:00","description":"The impact on the protection of species and FFH compatibility needs to be checked when planning various projects. We provide you with support in this.","breadcrumb":{"@id":"https:\/\/www.weyer-gruppe.com\/en\/plant-operators-and-investors\/species-protection-and-habitats-compatibility\/#breadcrumb"},"inLanguage":"en-US","potentialAction":[{"@type":"ReadAction","target":["https:\/\/www.weyer-gruppe.com\/en\/plant-operators-and-investors\/species-protection-and-habitats-compatibility\/"]}]},{"@type":"BreadcrumbList","@id":"https:\/\/www.weyer-gruppe.com\/en\/plant-operators-and-investors\/species-protection-and-habitats-compatibility\/#breadcrumb","itemListElement":[{"@type":"ListItem","position":1,"name":"HOME","item":"https:\/\/www.weyer-gruppe.com\/en\/"},{"@type":"ListItem","position":2,"name":"Plant operators and investors","item":"https:\/\/www.weyer-gruppe.com\/en\/plant-operators-and-investors\/"},{"@type":"ListItem","position":3,"name":"Species protection and habitats compatibility"}]},{"@type":"WebSite","@id":"https:\/\/www.weyer-gruppe.com\/en\/#website","url":"https:\/\/www.weyer-gruppe.com\/en\/","name":"weyer gruppe","description":"komplett. durchdacht.","publisher":{"@id":"https:\/\/www.weyer-gruppe.com\/en\/#organization"},"potentialAction":[{"@type":"SearchAction","target":{"@type":"EntryPoint","urlTemplate":"https:\/\/www.weyer-gruppe.com\/en\/?s={search_term_string}"},"query-input":{"@type":"PropertyValueSpecification","valueRequired":true,"valueName":"search_term_string"}}],"inLanguage":"en-US"},{"@type":"Organization","@id":"https:\/\/www.weyer-gruppe.com\/en\/#organization","name":"weyer gruppe","url":"https:\/\/www.weyer-gruppe.com\/en\/","logo":{"@type":"ImageObject","inLanguage":"en-US","@id":"https:\/\/www.weyer-gruppe.com\/en\/#\/schema\/logo\/image\/","url":"https:\/\/www.weyer-gruppe.com\/wp-content\/uploads\/2019\/07\/logo-weyer-gruppe-de.png","contentUrl":"https:\/\/www.weyer-gruppe.com\/wp-content\/uploads\/2019\/07\/logo-weyer-gruppe-de.png","width":532,"height":513,"caption":"weyer gruppe"},"image":{"@id":"https:\/\/www.weyer-gruppe.com\/en\/#\/schema\/logo\/image\/"},"sameAs":["https:\/\/www.facebook.com\/weyergruppe","https:\/\/de.linkedin.com\/company\/weyer-gruppe","https:\/\/www.youtube.com\/channel\/UCmZItECuW56Ih_p501_Bq8A"],"description":"Die weyer gruppe ist seit 1976 Ihr Partner f\u00fcr verfahrenstechnische Anlagenplanung und Anlagensicherheit. Mit einem erfahrenen Team von \u00fcber 190 Mitarbeitern in Deutschland, \u00d6sterreich, Polen und der Schweiz realisieren wir j\u00e4hrlich \u00fcber 1.000 Kundenprojekte. Unsere Expertise erstreckt sich \u00fcber verschiedene Branchen wie Chemie, Pharma, Mineral\u00f6l sowie Ver- und Entsorgung. Vertrauen Sie auf die weyer Gruppe f\u00fcr ma\u00dfgeschneiderte Engineering- und Consulting-L\u00f6sungen, die Ihre Anforderungen in puncto Sicherheit und Effizienz erf\u00fcllen.","email":"info@weyer-gruppe.com","telephone":"+49 (0) 24 21 \u2013 69 09 1 \u2013 0","numberOfEmployees":{"@type":"QuantitativeValue","minValue":"51","maxValue":"200"}}]}},"_links":{"self":[{"href":"https:\/\/www.weyer-gruppe.com\/en\/wp-json\/wp\/v2\/pages\/23493","targetHints":{"allow":["GET"]}}],"collection":[{"href":"https:\/\/www.weyer-gruppe.com\/en\/wp-json\/wp\/v2\/pages"}],"about":[{"href":"https:\/\/www.weyer-gruppe.com\/en\/wp-json\/wp\/v2\/types\/page"}],"author":[{"embeddable":true,"href":"https:\/\/www.weyer-gruppe.com\/en\/wp-json\/wp\/v2\/users\/5"}],"replies":[{"embeddable":true,"href":"https:\/\/www.weyer-gruppe.com\/en\/wp-json\/wp\/v2\/comments?post=23493"}],"version-history":[{"count":1,"href":"https:\/\/www.weyer-gruppe.com\/en\/wp-json\/wp\/v2\/pages\/23493\/revisions"}],"predecessor-version":[{"id":237897,"href":"https:\/\/www.weyer-gruppe.com\/en\/wp-json\/wp\/v2\/pages\/23493\/revisions\/237897"}],"up":[{"embeddable":true,"href":"https:\/\/www.weyer-gruppe.com\/en\/wp-json\/wp\/v2\/pages\/23837"}],"wp:attachment":[{"href":"https:\/\/www.weyer-gruppe.com\/en\/wp-json\/wp\/v2\/media?parent=23493"}],"curies":[{"name":"wp","href":"https:\/\/api.w.org\/{rel}","templated":true}]}}