{"id":23484,"date":"2020-01-23T13:59:28","date_gmt":"2020-01-23T12:59:28","guid":{"rendered":"https:\/\/www.weyer-gruppe.com\/construction-revision-and-controlling-2\/"},"modified":"2023-03-14T09:16:59","modified_gmt":"2023-03-14T08:16:59","slug":"construction-revision-and-controlling-2","status":"publish","type":"page","link":"https:\/\/www.weyer-gruppe.com\/en\/plant-planners-and-manufacturers\/construction-revision-and-controlling-2\/","title":{"rendered":"Construction revision and controlling"},"content":{"rendered":"<div class=\"wpb-content-wrapper\">[vc_row][vc_column][vc_column_text]We provide private and public authority owners and construction companies with support in the area of construction inspections and controlling to ensure the timely tracking of cost, financing, quality and deadline developments, and in the detection of undesirable developments and the initiation of countermeasures.<\/p>\n<p>We take the project-specific task into account by assembling a bespoke team of experts. In the case of special questions (e.g. legal aspects), we deliver our services in cooperation with <a href=\"https:\/\/www.bdo.de\/de-de\/microsites\/bdo-technik-und-umweltconsulting-gmbh\/services\/technische-wirtschaftsprufung\/bau-revision-und-bau-controlling\" target=\"_blank\" rel=\"noopener noreferrer\">BDO AG Wirtschaftspr\u00fcfungsgesellschaft<\/a>, and other specialists.<\/p>\n<h2>Services<\/h2>\n<ul class=\"arrow-gray\">\n<li>Verification of procurement practices on behalf of state institutions (audit offices, ministries, etc.)<\/li>\n<li>Management of tenders from contracting authorities and private clients<\/li>\n<li>Supervision of construction work and performance of the construction controlling<\/li>\n<li>Advisory and support in setting up in-house construction controlling<\/li>\n<li>Implementation of construction revisions to uncover &#8220;system errors&#8221;<\/li>\n<li>Advice and support in setting up an in-house construction revision<\/li>\n<\/ul>\n<h2>The benefit to you<\/h2>\n<ul class=\"arrow-gray\">\n<li>Cost, quality and deadline assurance for current and future projects<\/li>\n<li>Early detection of undesirable developments<\/li>\n<li>Increased project transparency<\/li>\n<li>Preparation of effective process flows for the safe control of construction measures<\/li>\n<li>Effective risk prevention<\/li>\n<li>Corruption prevention<\/li>\n<\/ul>\n[\/vc_column_text][\/vc_column][\/vc_row][vc_row bg_type=&#8221;color&#8221; bg_color=&#8221;#0b3c80&#8243; font_color=&#8221;#ffffff&#8221;][vc_column width=&#8221;1\/4&#8243;]<div class=\"grve-element grve-hr grve-space-divider\" style=\"\"><\/div><div class=\"grve-element grve-image grve-align-center\" style=\"\"><a href=\"https:\/\/www.weyer-gruppe.com\/wp-content\/uploads\/2021\/07\/Flyer-Baurevision-E.pdf\" target=\"_blank\"><img decoding=\"async\" width=\"312\" height=\"595\" src=\"https:\/\/www.weyer-gruppe.com\/wp-content\/uploads\/2021\/07\/weyer-flyer-weyer-gruppe-baurevision-1.jpg\" class=\"attachment-full size-full\" alt=\"\" \/><\/a><\/div><div class=\"grve-element grve-hr grve-space-divider\" style=\"\"><\/div><div class=\"grve-element grve-align-center\"><a class=\"grve-btn grve-btn-small grve-square grve-bg-primary-1\" href=\"https:\/\/www.weyer-gruppe.com\/wp-content\/uploads\/2021\/07\/Flyer-Baurevision-E.pdf\" target=\"_blank\" style=\"\"><span>download<\/span><\/a><\/div><div class=\"grve-element grve-hr grve-space-divider\" style=\"\"><\/div>[\/vc_column][vc_column width=&#8221;1\/4&#8243;]<div class=\"grve-element grve-hr grve-space-divider\" style=\"\"><\/div><div class=\"grve-element grve-image grve-align-center\" style=\"\"><a href=\"https:\/\/www.weyer-gruppe.com\/wp-content\/uploads\/2021\/07\/Flyer-Bestandserfassung-E.pdf\" target=\"_blank\"><img decoding=\"async\" width=\"312\" height=\"595\" src=\"https:\/\/www.weyer-gruppe.com\/wp-content\/uploads\/2021\/07\/Bestandserfassung-von-Immobilien-Deckblatt.jpg\" class=\"attachment-full size-full\" alt=\"\" srcset=\"https:\/\/www.weyer-gruppe.com\/wp-content\/uploads\/2021\/07\/Bestandserfassung-von-Immobilien-Deckblatt.jpg 312w, https:\/\/www.weyer-gruppe.com\/wp-content\/uploads\/2021\/07\/Bestandserfassung-von-Immobilien-Deckblatt-157x300.jpg 157w\" sizes=\"(max-width: 312px) 100vw, 312px\" \/><\/a><\/div><div class=\"grve-element grve-hr grve-space-divider\" style=\"\"><\/div><div class=\"grve-element grve-align-center\"><a class=\"grve-btn grve-btn-small grve-square grve-bg-primary-1\" href=\"https:\/\/www.weyer-gruppe.com\/wp-content\/uploads\/2021\/07\/Flyer-Bestandserfassung-E.pdf\" target=\"_blank\" style=\"\"><span>download<\/span><\/a><\/div><div class=\"grve-element grve-hr grve-space-divider\" style=\"\"><\/div>[\/vc_column][vc_column width=&#8221;1\/4&#8243;]<div class=\"grve-element grve-hr grve-space-divider\" style=\"\"><\/div><div class=\"grve-element grve-image grve-align-center\" style=\"\"><a href=\"https:\/\/www.weyer-gruppe.com\/wp-content\/uploads\/2021\/07\/Flyer-Organisationsberatung-E.pdf\" target=\"_blank\"><img decoding=\"async\" width=\"312\" height=\"595\" src=\"https:\/\/www.weyer-gruppe.com\/wp-content\/uploads\/2021\/07\/organisation-prozessberatung-deckblatt.jpg\" class=\"attachment-full size-full\" alt=\"\" srcset=\"https:\/\/www.weyer-gruppe.com\/wp-content\/uploads\/2021\/07\/organisation-prozessberatung-deckblatt.jpg 312w, https:\/\/www.weyer-gruppe.com\/wp-content\/uploads\/2021\/07\/organisation-prozessberatung-deckblatt-157x300.jpg 157w\" sizes=\"(max-width: 312px) 100vw, 312px\" \/><\/a><\/div><div class=\"grve-element grve-hr grve-space-divider\" style=\"\"><\/div><div class=\"grve-element grve-align-center\"><a class=\"grve-btn grve-btn-small grve-square grve-bg-primary-1\" href=\"https:\/\/www.weyer-gruppe.com\/wp-content\/uploads\/2021\/07\/Flyer-Organisationsberatung-E.pdf\" target=\"_blank\" style=\"\"><span>download<\/span><\/a><\/div><div class=\"grve-element grve-hr grve-space-divider\" style=\"\"><\/div>[\/vc_column][vc_column width=&#8221;1\/4&#8243;]<div class=\"grve-element grve-hr grve-space-divider\" style=\"\"><\/div><div class=\"grve-element grve-image grve-align-center\" style=\"\"><a href=\"https:\/\/www.weyer-gruppe.com\/wp-content\/uploads\/2021\/07\/Flyer-Projektmanagement-E.pdf\" target=\"_blank\"><img decoding=\"async\" width=\"312\" height=\"595\" src=\"https:\/\/www.weyer-gruppe.com\/wp-content\/uploads\/2021\/07\/Projektmanagement-deckblatt.jpg\" class=\"attachment-full size-full\" alt=\"\" srcset=\"https:\/\/www.weyer-gruppe.com\/wp-content\/uploads\/2021\/07\/Projektmanagement-deckblatt.jpg 312w, https:\/\/www.weyer-gruppe.com\/wp-content\/uploads\/2021\/07\/Projektmanagement-deckblatt-157x300.jpg 157w\" sizes=\"(max-width: 312px) 100vw, 312px\" \/><\/a><\/div><div class=\"grve-element grve-hr grve-space-divider\" style=\"\"><\/div><div class=\"grve-element grve-align-center\"><a class=\"grve-btn grve-btn-small grve-square grve-bg-primary-1\" href=\"https:\/\/www.weyer-gruppe.com\/wp-content\/uploads\/2021\/07\/Flyer-Projektmanagement-E.pdf\" target=\"_blank\" style=\"\"><span>download<\/span><\/a><\/div><div class=\"grve-element grve-hr grve-space-divider\" style=\"\"><\/div>[\/vc_column][\/vc_row][vc_row][vc_column]<div class=\"grve-element grve-hr grve-space-divider\" style=\"\"><\/div><h3 class=\"grve-element grve-align-left grve-title-no-line grve-h3\" style=\"\"><span>Our Team<\/span><\/h3>[\/vc_column][\/vc_row][vc_row][vc_column width=&#8221;1\/4&#8243; tablet_sm_width=&#8221;1-2&#8243;]\r\n\t\t<div class=\"grve-team grve-element\" style=\"\">\r\n\t\t\t<figure class=\"grve-image-hover grve-style-1 grve-zoom-in\">\r\n\t\t\t\t<div class=\"grve-team-person grve-media grve-dark-overlay grve-opacity-60\">\r\n\t\t\t\t\t<img decoding=\"async\" width=\"300\" height=\"300\" src=\"https:\/\/www.weyer-gruppe.com\/wp-content\/uploads\/2021\/07\/katrin-hoffmann-probiotec.jpg\" class=\"attachment-grve-image-small-square size-grve-image-small-square\" alt=\"\" srcset=\"https:\/\/www.weyer-gruppe.com\/wp-content\/uploads\/2021\/07\/katrin-hoffmann-probiotec.jpg 300w, https:\/\/www.weyer-gruppe.com\/wp-content\/uploads\/2021\/07\/katrin-hoffmann-probiotec-150x150.jpg 150w, https:\/\/www.weyer-gruppe.com\/wp-content\/uploads\/2021\/07\/katrin-hoffmann-probiotec-80x80.jpg 80w\" sizes=\"(max-width: 300px) 100vw, 300px\" \/>\t\t\t\t<\/div>\r\n\t\t\t\t<figcaption>\r\n\t\t\t\t\t<div class=\"grve-team-description\">\r\n\t\t\t\t\t\t\t\t\t\t\t\t<h4 class=\"grve-team-name grve-dark grve-h4\">Katrin Hoffmann<\/h4>\r\n\t\t\t\t\t\t\t\t\t\t\t\t<small class=\"grve-team-identity grve-dark\">PROBIOTEC<\/small>\r\n\t\t\t\t\t<\/div>\r\n\t\t\t\t\t\t\t\t\t\t<div class=\"grve-team-social grve-team-social-text grve-dark\">\r\n\t\t\t\t\t\t<ul>\r\n\t\t\t\t\t\t\t<li><a href=\"mailto:&#107;.h&#111;&#102;fm&#97;&#110;n&#64;&#119;e&#121;e&#114;-&#103;&#114;&#117;&#112;&#112;e&#46;com\">E-mail<\/a><\/li>\t\t\t\t\t\t<\/ul>\r\n\t\t\t\t\t<\/div>\r\n\t\t\t\t\t\t\t\t\t<\/figcaption>\r\n\t\t\t<\/figure>\r\n\t\t<\/div>\r\n\r\n\t\t[\/vc_column][vc_column width=&#8221;1\/4&#8243; tablet_sm_width=&#8221;1-2&#8243;]\r\n\t\t<div class=\"grve-team grve-element\" style=\"\">\r\n\t\t\t<figure class=\"grve-image-hover grve-style-1 grve-zoom-in\">\r\n\t\t\t\t<div class=\"grve-team-person grve-media grve-dark-overlay grve-opacity-60\">\r\n\t\t\t\t\t<img decoding=\"async\" width=\"300\" height=\"299\" src=\"https:\/\/www.weyer-gruppe.com\/wp-content\/uploads\/2023\/03\/Plenz_2021.jpg\" class=\"attachment-grve-image-small-square size-grve-image-small-square\" alt=\"Michael_Plenz\" srcset=\"https:\/\/www.weyer-gruppe.com\/wp-content\/uploads\/2023\/03\/Plenz_2021.jpg 300w, https:\/\/www.weyer-gruppe.com\/wp-content\/uploads\/2023\/03\/Plenz_2021-150x150.jpg 150w, https:\/\/www.weyer-gruppe.com\/wp-content\/uploads\/2023\/03\/Plenz_2021-80x80.jpg 80w\" sizes=\"(max-width: 300px) 100vw, 300px\" \/>\t\t\t\t<\/div>\r\n\t\t\t\t<figcaption>\r\n\t\t\t\t\t<div class=\"grve-team-description\">\r\n\t\t\t\t\t\t\t\t\t\t\t\t<h4 class=\"grve-team-name grve-dark grve-h4\">Michael Plenz<\/h4>\r\n\t\t\t\t\t\t\t\t\t\t\t\t<small class=\"grve-team-identity grve-dark\">PROBIOTEC<\/small>\r\n\t\t\t\t\t<\/div>\r\n\t\t\t\t\t\t\t\t\t\t<div class=\"grve-team-social grve-team-social-text grve-dark\">\r\n\t\t\t\t\t\t<ul>\r\n\t\t\t\t\t\t\t<li><a href=\"mailto:&#109;&#46;p&#108;&#101;&#110;z&#64;w&#101;ye&#114;-&#103;r&#117;p&#112;&#101;.c&#111;&#109;\">E-mail<\/a><\/li>\t\t\t\t\t\t<\/ul>\r\n\t\t\t\t\t<\/div>\r\n\t\t\t\t\t\t\t\t\t<\/figcaption>\r\n\t\t\t<\/figure>\r\n\t\t<\/div>\r\n\r\n\t\t[\/vc_column][vc_column width=&#8221;1\/4&#8243; tablet_sm_width=&#8221;1-2&#8243;]\r\n\t\t<div class=\"grve-team grve-element\" style=\"\">\r\n\t\t\t<figure class=\"grve-image-hover grve-style-1 grve-zoom-in\">\r\n\t\t\t\t<div class=\"grve-team-person grve-media grve-dark-overlay grve-opacity-60\">\r\n\t\t\t\t\t<img decoding=\"async\" width=\"300\" height=\"300\" src=\"https:\/\/www.weyer-gruppe.com\/wp-content\/uploads\/2019\/07\/pr-kai-steffens.jpg\" class=\"attachment-grve-image-small-square size-grve-image-small-square\" alt=\"Employee photo of Dr. Kai Steffens of BDO TUC GmbH und PROBIOTEC GmbH\" \/>\t\t\t\t<\/div>\r\n\t\t\t\t<figcaption>\r\n\t\t\t\t\t<div class=\"grve-team-description\">\r\n\t\t\t\t\t\t\t\t\t\t\t\t<h4 class=\"grve-team-name grve-dark grve-h4\">Dr.-Ing. Kai Steffens<\/h4>\r\n\t\t\t\t\t\t\t\t\t\t\t\t<small class=\"grve-team-identity grve-dark\">BDO Technik und Umweltconsulting<\/small>\r\n\t\t\t\t\t<\/div>\r\n\t\t\t\t\t\t\t\t\t\t<div class=\"grve-team-social grve-team-social-text grve-dark\">\r\n\t\t\t\t\t\t<ul>\r\n\t\t\t\t\t\t\t<li><a href=\"mailto:k&#46;s&#116;&#101;ff&#101;n&#115;&#64;&#119;eyer&#45;&#103;ru&#112;&#112;e&#46;com\">E-mail<\/a><\/li>\t\t\t\t\t\t<\/ul>\r\n\t\t\t\t\t<\/div>\r\n\t\t\t\t\t\t\t\t\t<\/figcaption>\r\n\t\t\t<\/figure>\r\n\t\t<\/div>\r\n\r\n\t\t[\/vc_column][vc_column width=&#8221;1\/4&#8243; tablet_sm_width=&#8221;1-2&#8243;][\/vc_column][\/vc_row][vc_row][vc_column]<div class=\"grve-element grve-hr grve-space-divider\" style=\"\"><\/div>[\/vc_column][\/vc_row]\n<\/div>","protected":false},"excerpt":{"rendered":"<p>[vc_row][vc_column][vc_column_text]We provide private and public authority owners and construction companies with support in the area of construction inspections and controlling to ensure the timely tracking of cost, financing, quality and deadline developments, and in the detection of undesirable developments and the initiation of countermeasures. We take the project-specific task into account by assembling a bespoke [&hellip;]<\/p>\n","protected":false},"author":2,"featured_media":0,"parent":23872,"menu_order":0,"comment_status":"closed","ping_status":"closed","template":"","meta":{"footnotes":""},"class_list":["post-23484","page","type-page","status-publish","hentry"],"yoast_head":"<!-- This site is optimized with the Yoast SEO Premium plugin v27.4 (Yoast SEO v27.4) - https:\/\/yoast.com\/product\/yoast-seo-premium-wordpress\/ -->\n<title>Construction revision and controlling for major projects &#8211; weyer gruppe<\/title>\n<meta name=\"description\" content=\"Hello we are great!\" \/>\n<meta name=\"robots\" content=\"index, follow, max-snippet:-1, max-image-preview:large, max-video-preview:-1\" \/>\n<link rel=\"canonical\" href=\"https:\/\/www.weyer-gruppe.com\/en\/plant-planners-and-manufacturers\/construction-revision-and-controlling-2\/\" \/>\n<meta property=\"og:locale\" content=\"en_US\" \/>\n<meta property=\"og:type\" content=\"article\" \/>\n<meta property=\"og:title\" content=\"Construction revision and controlling\" \/>\n<meta property=\"og:description\" content=\"Hello we are great!\" \/>\n<meta property=\"og:url\" content=\"https:\/\/www.weyer-gruppe.com\/en\/plant-planners-and-manufacturers\/construction-revision-and-controlling-2\/\" \/>\n<meta property=\"og:site_name\" content=\"weyer gruppe\" \/>\n<meta property=\"article:publisher\" content=\"https:\/\/www.facebook.com\/weyergruppe\" \/>\n<meta property=\"article:modified_time\" content=\"2023-03-14T08:16:59+00:00\" \/>\n<meta name=\"twitter:card\" content=\"summary_large_image\" \/>\n<meta name=\"twitter:label1\" content=\"Est. reading time\" \/>\n\t<meta name=\"twitter:data1\" content=\"2 minutes\" \/>\n<script type=\"application\/ld+json\" class=\"yoast-schema-graph\">{\"@context\":\"https:\\\/\\\/schema.org\",\"@graph\":[{\"@type\":\"WebPage\",\"@id\":\"https:\\\/\\\/www.weyer-gruppe.com\\\/en\\\/plant-planners-and-manufacturers\\\/construction-revision-and-controlling-2\\\/\",\"url\":\"https:\\\/\\\/www.weyer-gruppe.com\\\/en\\\/plant-planners-and-manufacturers\\\/construction-revision-and-controlling-2\\\/\",\"name\":\"Construction revision and controlling for major projects &#8211; weyer gruppe\",\"isPartOf\":{\"@id\":\"https:\\\/\\\/www.weyer-gruppe.com\\\/en\\\/#website\"},\"datePublished\":\"2020-01-23T12:59:28+00:00\",\"dateModified\":\"2023-03-14T08:16:59+00:00\",\"description\":\"Hello we are great!\",\"breadcrumb\":{\"@id\":\"https:\\\/\\\/www.weyer-gruppe.com\\\/en\\\/plant-planners-and-manufacturers\\\/construction-revision-and-controlling-2\\\/#breadcrumb\"},\"inLanguage\":\"en-US\",\"potentialAction\":[{\"@type\":\"ReadAction\",\"target\":[\"https:\\\/\\\/www.weyer-gruppe.com\\\/en\\\/plant-planners-and-manufacturers\\\/construction-revision-and-controlling-2\\\/\"]}]},{\"@type\":\"BreadcrumbList\",\"@id\":\"https:\\\/\\\/www.weyer-gruppe.com\\\/en\\\/plant-planners-and-manufacturers\\\/construction-revision-and-controlling-2\\\/#breadcrumb\",\"itemListElement\":[{\"@type\":\"ListItem\",\"position\":1,\"name\":\"HOME\",\"item\":\"https:\\\/\\\/www.weyer-gruppe.com\\\/en\\\/\"},{\"@type\":\"ListItem\",\"position\":2,\"name\":\"Plant planners and manufacturers\",\"item\":\"https:\\\/\\\/www.weyer-gruppe.com\\\/en\\\/plant-planners-and-manufacturers\\\/\"},{\"@type\":\"ListItem\",\"position\":3,\"name\":\"Construction revision and controlling\"}]},{\"@type\":\"WebSite\",\"@id\":\"https:\\\/\\\/www.weyer-gruppe.com\\\/en\\\/#website\",\"url\":\"https:\\\/\\\/www.weyer-gruppe.com\\\/en\\\/\",\"name\":\"weyer gruppe\",\"description\":\"komplett. durchdacht.\",\"publisher\":{\"@id\":\"https:\\\/\\\/www.weyer-gruppe.com\\\/en\\\/#organization\"},\"potentialAction\":[{\"@type\":\"SearchAction\",\"target\":{\"@type\":\"EntryPoint\",\"urlTemplate\":\"https:\\\/\\\/www.weyer-gruppe.com\\\/en\\\/?s={search_term_string}\"},\"query-input\":{\"@type\":\"PropertyValueSpecification\",\"valueRequired\":true,\"valueName\":\"search_term_string\"}}],\"inLanguage\":\"en-US\"},{\"@type\":\"Organization\",\"@id\":\"https:\\\/\\\/www.weyer-gruppe.com\\\/en\\\/#organization\",\"name\":\"weyer gruppe\",\"url\":\"https:\\\/\\\/www.weyer-gruppe.com\\\/en\\\/\",\"logo\":{\"@type\":\"ImageObject\",\"inLanguage\":\"en-US\",\"@id\":\"https:\\\/\\\/www.weyer-gruppe.com\\\/en\\\/#\\\/schema\\\/logo\\\/image\\\/\",\"url\":\"https:\\\/\\\/www.weyer-gruppe.com\\\/wp-content\\\/uploads\\\/2019\\\/07\\\/logo-weyer-gruppe-de.png\",\"contentUrl\":\"https:\\\/\\\/www.weyer-gruppe.com\\\/wp-content\\\/uploads\\\/2019\\\/07\\\/logo-weyer-gruppe-de.png\",\"width\":532,\"height\":513,\"caption\":\"weyer gruppe\"},\"image\":{\"@id\":\"https:\\\/\\\/www.weyer-gruppe.com\\\/en\\\/#\\\/schema\\\/logo\\\/image\\\/\"},\"sameAs\":[\"https:\\\/\\\/www.facebook.com\\\/weyergruppe\",\"https:\\\/\\\/de.linkedin.com\\\/company\\\/weyer-gruppe\",\"https:\\\/\\\/www.youtube.com\\\/channel\\\/UCmZItECuW56Ih_p501_Bq8A\"],\"description\":\"Die weyer gruppe ist seit 1976 Ihr Partner f\u00fcr verfahrenstechnische Anlagenplanung und Anlagensicherheit. Mit einem erfahrenen Team von \u00fcber 190 Mitarbeitern in Deutschland, \u00d6sterreich, Polen und der Schweiz realisieren wir j\u00e4hrlich \u00fcber 1.000 Kundenprojekte. Unsere Expertise erstreckt sich \u00fcber verschiedene Branchen wie Chemie, Pharma, Mineral\u00f6l sowie Ver- und Entsorgung. Vertrauen Sie auf die weyer Gruppe f\u00fcr ma\u00dfgeschneiderte Engineering- und Consulting-L\u00f6sungen, die Ihre Anforderungen in puncto Sicherheit und Effizienz erf\u00fcllen.\",\"email\":\"info@weyer-gruppe.com\",\"telephone\":\"+49 (0) 24 21 \u2013 69 09 1 \u2013 0\",\"numberOfEmployees\":{\"@type\":\"QuantitativeValue\",\"minValue\":\"51\",\"maxValue\":\"200\"}}]}<\/script>\n<!-- \/ Yoast SEO Premium plugin. -->","yoast_head_json":{"title":"Construction revision and controlling for major projects &#8211; weyer gruppe","description":"Hello we are great!","robots":{"index":"index","follow":"follow","max-snippet":"max-snippet:-1","max-image-preview":"max-image-preview:large","max-video-preview":"max-video-preview:-1"},"canonical":"https:\/\/www.weyer-gruppe.com\/en\/plant-planners-and-manufacturers\/construction-revision-and-controlling-2\/","og_locale":"en_US","og_type":"article","og_title":"Construction revision and controlling","og_description":"Hello we are great!","og_url":"https:\/\/www.weyer-gruppe.com\/en\/plant-planners-and-manufacturers\/construction-revision-and-controlling-2\/","og_site_name":"weyer gruppe","article_publisher":"https:\/\/www.facebook.com\/weyergruppe","article_modified_time":"2023-03-14T08:16:59+00:00","twitter_card":"summary_large_image","twitter_misc":{"Est. reading time":"2 minutes"},"schema":{"@context":"https:\/\/schema.org","@graph":[{"@type":"WebPage","@id":"https:\/\/www.weyer-gruppe.com\/en\/plant-planners-and-manufacturers\/construction-revision-and-controlling-2\/","url":"https:\/\/www.weyer-gruppe.com\/en\/plant-planners-and-manufacturers\/construction-revision-and-controlling-2\/","name":"Construction revision and controlling for major projects &#8211; weyer gruppe","isPartOf":{"@id":"https:\/\/www.weyer-gruppe.com\/en\/#website"},"datePublished":"2020-01-23T12:59:28+00:00","dateModified":"2023-03-14T08:16:59+00:00","description":"Hello we are great!","breadcrumb":{"@id":"https:\/\/www.weyer-gruppe.com\/en\/plant-planners-and-manufacturers\/construction-revision-and-controlling-2\/#breadcrumb"},"inLanguage":"en-US","potentialAction":[{"@type":"ReadAction","target":["https:\/\/www.weyer-gruppe.com\/en\/plant-planners-and-manufacturers\/construction-revision-and-controlling-2\/"]}]},{"@type":"BreadcrumbList","@id":"https:\/\/www.weyer-gruppe.com\/en\/plant-planners-and-manufacturers\/construction-revision-and-controlling-2\/#breadcrumb","itemListElement":[{"@type":"ListItem","position":1,"name":"HOME","item":"https:\/\/www.weyer-gruppe.com\/en\/"},{"@type":"ListItem","position":2,"name":"Plant planners and manufacturers","item":"https:\/\/www.weyer-gruppe.com\/en\/plant-planners-and-manufacturers\/"},{"@type":"ListItem","position":3,"name":"Construction revision and controlling"}]},{"@type":"WebSite","@id":"https:\/\/www.weyer-gruppe.com\/en\/#website","url":"https:\/\/www.weyer-gruppe.com\/en\/","name":"weyer gruppe","description":"komplett. durchdacht.","publisher":{"@id":"https:\/\/www.weyer-gruppe.com\/en\/#organization"},"potentialAction":[{"@type":"SearchAction","target":{"@type":"EntryPoint","urlTemplate":"https:\/\/www.weyer-gruppe.com\/en\/?s={search_term_string}"},"query-input":{"@type":"PropertyValueSpecification","valueRequired":true,"valueName":"search_term_string"}}],"inLanguage":"en-US"},{"@type":"Organization","@id":"https:\/\/www.weyer-gruppe.com\/en\/#organization","name":"weyer gruppe","url":"https:\/\/www.weyer-gruppe.com\/en\/","logo":{"@type":"ImageObject","inLanguage":"en-US","@id":"https:\/\/www.weyer-gruppe.com\/en\/#\/schema\/logo\/image\/","url":"https:\/\/www.weyer-gruppe.com\/wp-content\/uploads\/2019\/07\/logo-weyer-gruppe-de.png","contentUrl":"https:\/\/www.weyer-gruppe.com\/wp-content\/uploads\/2019\/07\/logo-weyer-gruppe-de.png","width":532,"height":513,"caption":"weyer gruppe"},"image":{"@id":"https:\/\/www.weyer-gruppe.com\/en\/#\/schema\/logo\/image\/"},"sameAs":["https:\/\/www.facebook.com\/weyergruppe","https:\/\/de.linkedin.com\/company\/weyer-gruppe","https:\/\/www.youtube.com\/channel\/UCmZItECuW56Ih_p501_Bq8A"],"description":"Die weyer gruppe ist seit 1976 Ihr Partner f\u00fcr verfahrenstechnische Anlagenplanung und Anlagensicherheit. Mit einem erfahrenen Team von \u00fcber 190 Mitarbeitern in Deutschland, \u00d6sterreich, Polen und der Schweiz realisieren wir j\u00e4hrlich \u00fcber 1.000 Kundenprojekte. Unsere Expertise erstreckt sich \u00fcber verschiedene Branchen wie Chemie, Pharma, Mineral\u00f6l sowie Ver- und Entsorgung. Vertrauen Sie auf die weyer Gruppe f\u00fcr ma\u00dfgeschneiderte Engineering- und Consulting-L\u00f6sungen, die Ihre Anforderungen in puncto Sicherheit und Effizienz erf\u00fcllen.","email":"info@weyer-gruppe.com","telephone":"+49 (0) 24 21 \u2013 69 09 1 \u2013 0","numberOfEmployees":{"@type":"QuantitativeValue","minValue":"51","maxValue":"200"}}]}},"_links":{"self":[{"href":"https:\/\/www.weyer-gruppe.com\/en\/wp-json\/wp\/v2\/pages\/23484","targetHints":{"allow":["GET"]}}],"collection":[{"href":"https:\/\/www.weyer-gruppe.com\/en\/wp-json\/wp\/v2\/pages"}],"about":[{"href":"https:\/\/www.weyer-gruppe.com\/en\/wp-json\/wp\/v2\/types\/page"}],"author":[{"embeddable":true,"href":"https:\/\/www.weyer-gruppe.com\/en\/wp-json\/wp\/v2\/users\/2"}],"replies":[{"embeddable":true,"href":"https:\/\/www.weyer-gruppe.com\/en\/wp-json\/wp\/v2\/comments?post=23484"}],"version-history":[{"count":0,"href":"https:\/\/www.weyer-gruppe.com\/en\/wp-json\/wp\/v2\/pages\/23484\/revisions"}],"up":[{"embeddable":true,"href":"https:\/\/www.weyer-gruppe.com\/en\/wp-json\/wp\/v2\/pages\/23872"}],"wp:attachment":[{"href":"https:\/\/www.weyer-gruppe.com\/en\/wp-json\/wp\/v2\/media?parent=23484"}],"curies":[{"name":"wp","href":"https:\/\/api.w.org\/{rel}","templated":true}]}}