{"id":234326,"date":"2025-03-18T12:38:15","date_gmt":"2025-03-18T11:38:15","guid":{"rendered":"https:\/\/www.weyer-gruppe.com\/about-us\/weyer-data-engineering\/"},"modified":"2025-04-15T09:30:39","modified_gmt":"2025-04-15T07:30:39","slug":"weyer-data-engineering","status":"publish","type":"page","link":"https:\/\/www.weyer-gruppe.com\/en\/about-us\/weyer-data-engineering\/","title":{"rendered":"weyer data engineering gmbh"},"content":{"rendered":"<div class=\"wpb-content-wrapper\">[vc_row][vc_column][vc_column_text css=&#8221;&#8221;]In October 2024, the <a href=\"https:\/\/www.weyer-gruppe.com\/en\/about-us\/\" target=\"_blank\" rel=\"noopener\">weyer group<\/a> expanded its range of services by founding <a href=\"https:\/\/weyer-data-engineering.com\/en\" target=\"_blank\" rel=\"noopener\">weyer data engineering gmbh<\/a>, based in D\u00fcren. The purpose of the new company is to develop and operate an innovative AI Business Solution that provides the weyer group and external licencees with the rapidly growing possibilities of using artificial intelligence in everyday professional work. The AI Business Solution AITEZA was designed in a development phase and has been used and further developed in the companies of the weyer group and by external customers since the beginning of 2025.<\/p>\n<p>AITEZA is a secure AI tool that complies with non-disclosure agreements, protects sensitive documents and provides validated, traceable knowledge. AITEZA overcomes the weaknesses of other AI tools by providing knowledge bases in structured, user-specific data spaces. It is possible to switch between different AI models at any time in order to achieve optimal results.<\/p>\n<p>The main shareholder and managing director of weyer data engineering gmbh is Philip Weyer, who studied computer science engineering and has several years of experience in software development.[\/vc_column_text]<div class=\"grve-element grve-hr grve-space-divider\" style=\"\"><\/div>[\/vc_column][\/vc_row][vc_row bg_type=&#8221;color&#8221; bg_color=&#8221;#E6E6E6&#8243;][vc_column]<div class=\"grve-element grve-hr grve-space-divider\" style=\"\"><\/div>[\/vc_column][vc_column width=&#8221;1\/2&#8243;][vc_column_text css=&#8221;&#8221;]\n<h4><\/h4>\n<h4 style=\"text-align: left;\">You can find more information about the AI-Business-Solution AITEZA <a href=\"https:\/\/www.weyer-gruppe.com\/en\/plant-operators-and-investors\/aiteza-ki-business-loesung\/\" target=\"_blank\" rel=\"noopener\">here<\/a><\/h4>\n[\/vc_column_text][\/vc_column][vc_column width=&#8221;5\/12&#8243;]<div class=\"grve-element grve-image grve-align-center\" style=\"\"><a href=\"https:\/\/www.weyer-gruppe.com\/aiteza\/\" target=\"_blank\"><img decoding=\"async\" width=\"1846\" height=\"305\" src=\"https:\/\/www.weyer-gruppe.com\/wp-content\/uploads\/2025\/03\/AITEZA_logo_2c@300x-1.png\" class=\"attachment-full size-full\" alt=\"\" srcset=\"https:\/\/www.weyer-gruppe.com\/wp-content\/uploads\/2025\/03\/AITEZA_logo_2c@300x-1.png 1846w, https:\/\/www.weyer-gruppe.com\/wp-content\/uploads\/2025\/03\/AITEZA_logo_2c@300x-1-300x50.png 300w, https:\/\/www.weyer-gruppe.com\/wp-content\/uploads\/2025\/03\/AITEZA_logo_2c@300x-1-1024x169.png 1024w, https:\/\/www.weyer-gruppe.com\/wp-content\/uploads\/2025\/03\/AITEZA_logo_2c@300x-1-768x127.png 768w, https:\/\/www.weyer-gruppe.com\/wp-content\/uploads\/2025\/03\/AITEZA_logo_2c@300x-1-1536x254.png 1536w\" sizes=\"(max-width: 1846px) 100vw, 1846px\" \/><\/a><\/div>[\/vc_column][vc_column]<div class=\"grve-element grve-hr grve-space-divider\" style=\"\"><\/div>[\/vc_column][\/vc_row][vc_row][vc_column]<div class=\"grve-element grve-hr grve-space-divider\" style=\"\"><\/div>[vc_column_text css=&#8221;&#8221;]If you would like to try out and utilise the potential of AITEZA for yourself, or if you have any further questions about AI, please contact Philip Weyer at <a href=\"mailto:info@weyer-data-engineering.com\">info@weyer-data-engineering.com<\/a>[\/vc_column_text]<h3 class=\"grve-element grve-align-left grve-title-no-line grve-h3\" style=\"\"><span>Your contact<\/span><\/h3>[\/vc_column][\/vc_row][vc_row][vc_column width=&#8221;1\/4&#8243;]\r\n\t\t<div class=\"grve-team grve-element\" style=\"\">\r\n\t\t\t<figure class=\"grve-image-hover grve-style-1 grve-zoom-in\">\r\n\t\t\t\t<div class=\"grve-team-person grve-media grve-dark-overlay grve-opacity-60\">\r\n\t\t\t\t\t<img decoding=\"async\" width=\"533\" height=\"534\" src=\"https:\/\/www.weyer-gruppe.com\/wp-content\/uploads\/2025\/03\/portrait-philip.jpg\" class=\"attachment-grve-image-small-square size-grve-image-small-square\" alt=\"Mitarbeiterfoto Philip weyer von weyer data engineering gmbh\" srcset=\"https:\/\/www.weyer-gruppe.com\/wp-content\/uploads\/2025\/03\/portrait-philip.jpg 533w, https:\/\/www.weyer-gruppe.com\/wp-content\/uploads\/2025\/03\/portrait-philip-300x300.jpg 300w, https:\/\/www.weyer-gruppe.com\/wp-content\/uploads\/2025\/03\/portrait-philip-150x150.jpg 150w, https:\/\/www.weyer-gruppe.com\/wp-content\/uploads\/2025\/03\/portrait-philip-80x80.jpg 80w\" sizes=\"(max-width: 533px) 100vw, 533px\" \/>\t\t\t\t<\/div>\r\n\t\t\t\t<figcaption>\r\n\t\t\t\t\t<div class=\"grve-team-description\">\r\n\t\t\t\t\t\t\t\t\t\t\t\t<h6 class=\"grve-team-name grve-dark grve-h6\">Philip Weyer<\/h6>\r\n\t\t\t\t\t\t\t\t\t\t\t\t<small class=\"grve-team-identity grve-dark\">weyer data engineering gmbh<\/small>\r\n\t\t\t\t\t<\/div>\r\n\t\t\t\t\t\t\t\t\t<\/figcaption>\r\n\t\t\t<\/figure>\r\n\t\t<\/div>\r\n\r\n\t\t[\/vc_column][\/vc_row]\n<\/div>","protected":false},"excerpt":{"rendered":"<p>[vc_row][vc_column][vc_column_text css=&#8221;&#8221;]In October 2024, the weyer group expanded its range of services by founding weyer data engineering gmbh, based in D\u00fcren. The purpose of the new company is to develop and operate an innovative AI Business Solution that provides the weyer group and external licencees with the rapidly growing possibilities of using artificial intelligence in [&hellip;]<\/p>\n","protected":false},"author":22,"featured_media":0,"parent":23751,"menu_order":0,"comment_status":"closed","ping_status":"closed","template":"","meta":{"footnotes":""},"class_list":["post-234326","page","type-page","status-publish","hentry"],"yoast_head":"<!-- This site is optimized with the Yoast SEO Premium plugin v27.4 (Yoast SEO v27.4) - https:\/\/yoast.com\/product\/yoast-seo-premium-wordpress\/ -->\n<title>weyer data engineering gmbh &#8211; weyer gruppe<\/title>\n<meta name=\"description\" content=\"weyer data engineering gmbh - Innovative KI-L\u00f6sungen f\u00fcr Unternehmen: AITEZA, ein sicheres KI-Tool f\u00fcr strukturiertes und validiertes Wissen\" \/>\n<meta name=\"robots\" content=\"index, follow, max-snippet:-1, max-image-preview:large, max-video-preview:-1\" \/>\n<link rel=\"canonical\" href=\"https:\/\/www.weyer-gruppe.com\/en\/about-us\/weyer-data-engineering\/\" \/>\n<meta property=\"og:locale\" content=\"en_US\" \/>\n<meta property=\"og:type\" content=\"article\" \/>\n<meta property=\"og:title\" content=\"weyer data engineering gmbh\" \/>\n<meta property=\"og:description\" content=\"weyer data engineering gmbh - Innovative KI-L\u00f6sungen f\u00fcr Unternehmen: AITEZA, ein sicheres KI-Tool f\u00fcr strukturiertes und validiertes Wissen\" \/>\n<meta property=\"og:url\" content=\"https:\/\/www.weyer-gruppe.com\/en\/about-us\/weyer-data-engineering\/\" \/>\n<meta property=\"og:site_name\" content=\"weyer gruppe\" \/>\n<meta property=\"article:publisher\" content=\"https:\/\/www.facebook.com\/weyergruppe\" \/>\n<meta property=\"article:modified_time\" content=\"2025-04-15T07:30:39+00:00\" \/>\n<meta name=\"twitter:card\" content=\"summary_large_image\" \/>\n<meta name=\"twitter:label1\" content=\"Est. reading time\" \/>\n\t<meta name=\"twitter:data1\" content=\"2 minutes\" \/>\n<script type=\"application\/ld+json\" class=\"yoast-schema-graph\">{\"@context\":\"https:\\\/\\\/schema.org\",\"@graph\":[{\"@type\":\"WebPage\",\"@id\":\"https:\\\/\\\/www.weyer-gruppe.com\\\/en\\\/about-us\\\/weyer-data-engineering\\\/\",\"url\":\"https:\\\/\\\/www.weyer-gruppe.com\\\/en\\\/about-us\\\/weyer-data-engineering\\\/\",\"name\":\"weyer data engineering gmbh &#8211; weyer gruppe\",\"isPartOf\":{\"@id\":\"https:\\\/\\\/www.weyer-gruppe.com\\\/en\\\/#website\"},\"datePublished\":\"2025-03-18T11:38:15+00:00\",\"dateModified\":\"2025-04-15T07:30:39+00:00\",\"description\":\"weyer data engineering gmbh - Innovative KI-L\u00f6sungen f\u00fcr Unternehmen: AITEZA, ein sicheres KI-Tool f\u00fcr strukturiertes und validiertes Wissen\",\"breadcrumb\":{\"@id\":\"https:\\\/\\\/www.weyer-gruppe.com\\\/en\\\/about-us\\\/weyer-data-engineering\\\/#breadcrumb\"},\"inLanguage\":\"en-US\",\"potentialAction\":[{\"@type\":\"ReadAction\",\"target\":[\"https:\\\/\\\/www.weyer-gruppe.com\\\/en\\\/about-us\\\/weyer-data-engineering\\\/\"]}]},{\"@type\":\"BreadcrumbList\",\"@id\":\"https:\\\/\\\/www.weyer-gruppe.com\\\/en\\\/about-us\\\/weyer-data-engineering\\\/#breadcrumb\",\"itemListElement\":[{\"@type\":\"ListItem\",\"position\":1,\"name\":\"HOME\",\"item\":\"https:\\\/\\\/www.weyer-gruppe.com\\\/en\\\/\"},{\"@type\":\"ListItem\",\"position\":2,\"name\":\"About us\",\"item\":\"https:\\\/\\\/www.weyer-gruppe.com\\\/en\\\/about-us\\\/\"},{\"@type\":\"ListItem\",\"position\":3,\"name\":\"weyer data engineering gmbh\"}]},{\"@type\":\"WebSite\",\"@id\":\"https:\\\/\\\/www.weyer-gruppe.com\\\/en\\\/#website\",\"url\":\"https:\\\/\\\/www.weyer-gruppe.com\\\/en\\\/\",\"name\":\"weyer gruppe\",\"description\":\"komplett. durchdacht.\",\"publisher\":{\"@id\":\"https:\\\/\\\/www.weyer-gruppe.com\\\/en\\\/#organization\"},\"potentialAction\":[{\"@type\":\"SearchAction\",\"target\":{\"@type\":\"EntryPoint\",\"urlTemplate\":\"https:\\\/\\\/www.weyer-gruppe.com\\\/en\\\/?s={search_term_string}\"},\"query-input\":{\"@type\":\"PropertyValueSpecification\",\"valueRequired\":true,\"valueName\":\"search_term_string\"}}],\"inLanguage\":\"en-US\"},{\"@type\":\"Organization\",\"@id\":\"https:\\\/\\\/www.weyer-gruppe.com\\\/en\\\/#organization\",\"name\":\"weyer gruppe\",\"url\":\"https:\\\/\\\/www.weyer-gruppe.com\\\/en\\\/\",\"logo\":{\"@type\":\"ImageObject\",\"inLanguage\":\"en-US\",\"@id\":\"https:\\\/\\\/www.weyer-gruppe.com\\\/en\\\/#\\\/schema\\\/logo\\\/image\\\/\",\"url\":\"https:\\\/\\\/www.weyer-gruppe.com\\\/wp-content\\\/uploads\\\/2019\\\/07\\\/logo-weyer-gruppe-de.png\",\"contentUrl\":\"https:\\\/\\\/www.weyer-gruppe.com\\\/wp-content\\\/uploads\\\/2019\\\/07\\\/logo-weyer-gruppe-de.png\",\"width\":532,\"height\":513,\"caption\":\"weyer gruppe\"},\"image\":{\"@id\":\"https:\\\/\\\/www.weyer-gruppe.com\\\/en\\\/#\\\/schema\\\/logo\\\/image\\\/\"},\"sameAs\":[\"https:\\\/\\\/www.facebook.com\\\/weyergruppe\",\"https:\\\/\\\/de.linkedin.com\\\/company\\\/weyer-gruppe\",\"https:\\\/\\\/www.youtube.com\\\/channel\\\/UCmZItECuW56Ih_p501_Bq8A\"],\"description\":\"Die weyer gruppe ist seit 1976 Ihr Partner f\u00fcr verfahrenstechnische Anlagenplanung und Anlagensicherheit. Mit einem erfahrenen Team von \u00fcber 190 Mitarbeitern in Deutschland, \u00d6sterreich, Polen und der Schweiz realisieren wir j\u00e4hrlich \u00fcber 1.000 Kundenprojekte. Unsere Expertise erstreckt sich \u00fcber verschiedene Branchen wie Chemie, Pharma, Mineral\u00f6l sowie Ver- und Entsorgung. Vertrauen Sie auf die weyer Gruppe f\u00fcr ma\u00dfgeschneiderte Engineering- und Consulting-L\u00f6sungen, die Ihre Anforderungen in puncto Sicherheit und Effizienz erf\u00fcllen.\",\"email\":\"info@weyer-gruppe.com\",\"telephone\":\"+49 (0) 24 21 \u2013 69 09 1 \u2013 0\",\"numberOfEmployees\":{\"@type\":\"QuantitativeValue\",\"minValue\":\"51\",\"maxValue\":\"200\"}}]}<\/script>\n<!-- \/ Yoast SEO Premium plugin. -->","yoast_head_json":{"title":"weyer data engineering gmbh &#8211; weyer gruppe","description":"weyer data engineering gmbh - Innovative KI-L\u00f6sungen f\u00fcr Unternehmen: AITEZA, ein sicheres KI-Tool f\u00fcr strukturiertes und validiertes Wissen","robots":{"index":"index","follow":"follow","max-snippet":"max-snippet:-1","max-image-preview":"max-image-preview:large","max-video-preview":"max-video-preview:-1"},"canonical":"https:\/\/www.weyer-gruppe.com\/en\/about-us\/weyer-data-engineering\/","og_locale":"en_US","og_type":"article","og_title":"weyer data engineering gmbh","og_description":"weyer data engineering gmbh - Innovative KI-L\u00f6sungen f\u00fcr Unternehmen: AITEZA, ein sicheres KI-Tool f\u00fcr strukturiertes und validiertes Wissen","og_url":"https:\/\/www.weyer-gruppe.com\/en\/about-us\/weyer-data-engineering\/","og_site_name":"weyer gruppe","article_publisher":"https:\/\/www.facebook.com\/weyergruppe","article_modified_time":"2025-04-15T07:30:39+00:00","twitter_card":"summary_large_image","twitter_misc":{"Est. reading time":"2 minutes"},"schema":{"@context":"https:\/\/schema.org","@graph":[{"@type":"WebPage","@id":"https:\/\/www.weyer-gruppe.com\/en\/about-us\/weyer-data-engineering\/","url":"https:\/\/www.weyer-gruppe.com\/en\/about-us\/weyer-data-engineering\/","name":"weyer data engineering gmbh &#8211; weyer gruppe","isPartOf":{"@id":"https:\/\/www.weyer-gruppe.com\/en\/#website"},"datePublished":"2025-03-18T11:38:15+00:00","dateModified":"2025-04-15T07:30:39+00:00","description":"weyer data engineering gmbh - Innovative KI-L\u00f6sungen f\u00fcr Unternehmen: AITEZA, ein sicheres KI-Tool f\u00fcr strukturiertes und validiertes Wissen","breadcrumb":{"@id":"https:\/\/www.weyer-gruppe.com\/en\/about-us\/weyer-data-engineering\/#breadcrumb"},"inLanguage":"en-US","potentialAction":[{"@type":"ReadAction","target":["https:\/\/www.weyer-gruppe.com\/en\/about-us\/weyer-data-engineering\/"]}]},{"@type":"BreadcrumbList","@id":"https:\/\/www.weyer-gruppe.com\/en\/about-us\/weyer-data-engineering\/#breadcrumb","itemListElement":[{"@type":"ListItem","position":1,"name":"HOME","item":"https:\/\/www.weyer-gruppe.com\/en\/"},{"@type":"ListItem","position":2,"name":"About us","item":"https:\/\/www.weyer-gruppe.com\/en\/about-us\/"},{"@type":"ListItem","position":3,"name":"weyer data engineering gmbh"}]},{"@type":"WebSite","@id":"https:\/\/www.weyer-gruppe.com\/en\/#website","url":"https:\/\/www.weyer-gruppe.com\/en\/","name":"weyer gruppe","description":"komplett. durchdacht.","publisher":{"@id":"https:\/\/www.weyer-gruppe.com\/en\/#organization"},"potentialAction":[{"@type":"SearchAction","target":{"@type":"EntryPoint","urlTemplate":"https:\/\/www.weyer-gruppe.com\/en\/?s={search_term_string}"},"query-input":{"@type":"PropertyValueSpecification","valueRequired":true,"valueName":"search_term_string"}}],"inLanguage":"en-US"},{"@type":"Organization","@id":"https:\/\/www.weyer-gruppe.com\/en\/#organization","name":"weyer gruppe","url":"https:\/\/www.weyer-gruppe.com\/en\/","logo":{"@type":"ImageObject","inLanguage":"en-US","@id":"https:\/\/www.weyer-gruppe.com\/en\/#\/schema\/logo\/image\/","url":"https:\/\/www.weyer-gruppe.com\/wp-content\/uploads\/2019\/07\/logo-weyer-gruppe-de.png","contentUrl":"https:\/\/www.weyer-gruppe.com\/wp-content\/uploads\/2019\/07\/logo-weyer-gruppe-de.png","width":532,"height":513,"caption":"weyer gruppe"},"image":{"@id":"https:\/\/www.weyer-gruppe.com\/en\/#\/schema\/logo\/image\/"},"sameAs":["https:\/\/www.facebook.com\/weyergruppe","https:\/\/de.linkedin.com\/company\/weyer-gruppe","https:\/\/www.youtube.com\/channel\/UCmZItECuW56Ih_p501_Bq8A"],"description":"Die weyer gruppe ist seit 1976 Ihr Partner f\u00fcr verfahrenstechnische Anlagenplanung und Anlagensicherheit. Mit einem erfahrenen Team von \u00fcber 190 Mitarbeitern in Deutschland, \u00d6sterreich, Polen und der Schweiz realisieren wir j\u00e4hrlich \u00fcber 1.000 Kundenprojekte. Unsere Expertise erstreckt sich \u00fcber verschiedene Branchen wie Chemie, Pharma, Mineral\u00f6l sowie Ver- und Entsorgung. Vertrauen Sie auf die weyer Gruppe f\u00fcr ma\u00dfgeschneiderte Engineering- und Consulting-L\u00f6sungen, die Ihre Anforderungen in puncto Sicherheit und Effizienz erf\u00fcllen.","email":"info@weyer-gruppe.com","telephone":"+49 (0) 24 21 \u2013 69 09 1 \u2013 0","numberOfEmployees":{"@type":"QuantitativeValue","minValue":"51","maxValue":"200"}}]}},"_links":{"self":[{"href":"https:\/\/www.weyer-gruppe.com\/en\/wp-json\/wp\/v2\/pages\/234326","targetHints":{"allow":["GET"]}}],"collection":[{"href":"https:\/\/www.weyer-gruppe.com\/en\/wp-json\/wp\/v2\/pages"}],"about":[{"href":"https:\/\/www.weyer-gruppe.com\/en\/wp-json\/wp\/v2\/types\/page"}],"author":[{"embeddable":true,"href":"https:\/\/www.weyer-gruppe.com\/en\/wp-json\/wp\/v2\/users\/22"}],"replies":[{"embeddable":true,"href":"https:\/\/www.weyer-gruppe.com\/en\/wp-json\/wp\/v2\/comments?post=234326"}],"version-history":[{"count":6,"href":"https:\/\/www.weyer-gruppe.com\/en\/wp-json\/wp\/v2\/pages\/234326\/revisions"}],"predecessor-version":[{"id":234543,"href":"https:\/\/www.weyer-gruppe.com\/en\/wp-json\/wp\/v2\/pages\/234326\/revisions\/234543"}],"up":[{"embeddable":true,"href":"https:\/\/www.weyer-gruppe.com\/en\/wp-json\/wp\/v2\/pages\/23751"}],"wp:attachment":[{"href":"https:\/\/www.weyer-gruppe.com\/en\/wp-json\/wp\/v2\/media?parent=234326"}],"curies":[{"name":"wp","href":"https:\/\/api.w.org\/{rel}","templated":true}]}}