{"id":23408,"date":"2019-11-19T13:31:04","date_gmt":"2019-11-19T12:31:04","guid":{"rendered":"https:\/\/www.weyer-gruppe.com\/pako-software-solution-for-capturing-project-processes-and-account-assignments\/"},"modified":"2026-03-19T15:49:55","modified_gmt":"2026-03-19T14:49:55","slug":"pako-software-solution-for-capturing-project-processes-and-account-assignments","status":"publish","type":"page","link":"https:\/\/www.weyer-gruppe.com\/en\/plant-planners-and-manufacturers\/pako-software-solution-for-capturing-project-processes-and-account-assignments\/","title":{"rendered":"PAKO \u2013 Software solution for capturing project processes and account assignments"},"content":{"rendered":"<div class=\"wpb-content-wrapper\">[vc_row][vc_column][vc_column_text]PAKO is used to manage proposal and project data and for time recording and accounting. PAKO a software solution for capturing project workflows and account assignments and is an ideal program for service providers to monitor project workflows and control costs.<\/p>\n<p>Project management forms the basis of the web-based program. Unique project numbers, budget data, a detailed calculation and other essential information about the project can be entered and tracked here. To this end, all employees record the hours they have worked in PAKO and assign them to the corresponding projects. The remaining project budget minus the stated travel expenses is then calculated directly using the hourly rates stored in the application.<\/p>\n<p>This exact recording of hours and account assignment allows the utilisation of these employees on the project and their working hours to be viewed subsequently over the personnel administration module. Capacity planning provides an extension to this function. Employees can organise their working hours here in advance to identify and prevent bottlenecks or gaps in capacity utilisation at an early stage. As a software solution for capturing project processes and making account assignments, PAKO offers a wide range of options.<\/p>\n<p>A flexitime account can also be controlled over the time recording module. Many companies offer their employees flexitime to compensate for bridge days or fluctuations in orders. Lime managers can view the current flexitime balance for their employees and manage various working hours models.<\/p>\n<p>The program also comes equipped with an extensive customer management module. In addition to the names of customers and their addresses, contact persons can be captured along with their contact details and assigned to individual employees so that contact can be maintained. This module also has search functions and a note function for marketing campaigns (e.g. newsletters, Christmas cards etc.).<\/p>\n<p>All PAKO modules are managed by assigning rights. This means that employees only see the functions they need to perform their work.[\/vc_column_text][\/vc_column][\/vc_row][vc_row][vc_column width=&#8221;1\/2&#8243;]<h2 class=\"grve-element grve-align-left grve-title-no-line grve-h2\" style=\"\"><span>Overview of functions<\/span><\/h2>[vc_column_text]\n<ul class=\"arrow-gray\">\n<li>Proposal and project management<\/li>\n<li>Time recording<\/li>\n<li>Travel and ancillary expenses management<\/li>\n<li>Invoice management<\/li>\n<li>Customer management<\/li>\n<li>HR data management<\/li>\n<li>Rights management<\/li>\n<li>Building of reference lists<\/li>\n<li>Basic data capture (e.g. standard hourly rates, public holidays)<\/li>\n<li>Reports<\/li>\n<\/ul>\n[\/vc_column_text][\/vc_column][vc_column width=&#8221;1\/2&#8243;]<h2 class=\"grve-element grve-align-left grve-title-no-line grve-h2\" style=\"\"><span>Benefits<\/span><\/h2>[vc_column_text]\n<ul class=\"arrow-gray\">\n<li>Transparent budget tracking and project planning<\/li>\n<li>Increase the transparency of your operational processes<\/li>\n<li>Reduced administrative work<\/li>\n<li>Improvement in claims management<\/li>\n<li>Optimisation of accounting<\/li>\n<li>Quick overview of customer contacts<\/li>\n<li>Improvement in the external presentation to banks<\/li>\n<li>Web-based access (device and operating system independent)<\/li>\n<\/ul>\n[\/vc_column_text][\/vc_column][\/vc_row][vc_row bg_type=&#8221;color&#8221; bg_color=&#8221;#0b3c80&#8243; font_color=&#8221;#ffffff&#8221;][vc_column css=&#8221;.vc_custom_1563974199119{padding-top: 25px !important;padding-bottom: 25px !important;padding-left: 25px !important;}&#8221;]<div class=\"grve-element grve-hr grve-space-divider\" style=\"\"><\/div><div class=\"grve-element grve-image-text\" style=\"\">  <div class=\"grve-content grve-align-right\">    <h6>weyer special: PAKO \u2013 Project processes and account assignments<\/h6>  <p>For consulting and engineering companies, the recording of employees&#8217; working hours and their assignment to the commissioned projects is an essential part of internal organisation. How many hours and additional costs can be charged to which customer? How high is the workload of individual employees? Which project and which employee contributes in which way to the economic success of the company? These are just a few of the many questions that the management of a consulting company must constantly ask itself&#8230;<\/p>    <a href=\"https:\/\/www.weyer-gruppe.com\/wp-content\/uploads\/2019\/07\/weyer-spezial-pako-0612.pdf\" target=\"_blank\" class=\"grve-read-more \">Download weyer special here<\/a>  <\/div><div class=\"grve-image\"><img decoding=\"async\" width=\"250\" height=\"354\" src=\"https:\/\/www.weyer-gruppe.com\/wp-content\/uploads\/2019\/07\/weyer-spezial-weyer-gruppe-pako-projektabwicklung-kontierung-1.jpg\" class=\"attachment-full size-full\" alt=\"Cover sheet weyer special PAKO\" srcset=\"\" \/><\/div><\/div><div class=\"grve-element grve-hr grve-space-divider\" style=\"\"><\/div>[\/vc_column][\/vc_row][vc_row][vc_column]<div class=\"grve-element grve-hr grve-space-divider\" style=\"\"><\/div><h3 class=\"grve-element grve-align-left grve-title-no-line grve-h3\" style=\"\"><span>Our Team<\/span><\/h3>[\/vc_column][\/vc_row][vc_row][vc_column width=&#8221;1\/4&#8243; tablet_sm_width=&#8221;1-2&#8243;]\r\n\t\t<div class=\"grve-team grve-element\" style=\"\">\r\n\t\t\t<figure class=\"grve-image-hover grve-style-1 grve-zoom-in\">\r\n\t\t\t\t<div class=\"grve-team-person grve-media grve-dark-overlay grve-opacity-60\">\r\n\t\t\t\t\t<img decoding=\"async\" width=\"300\" height=\"299\" src=\"https:\/\/www.weyer-gruppe.com\/wp-content\/uploads\/2023\/03\/Plenz_2021.jpg\" class=\"attachment-grve-image-small-square size-grve-image-small-square\" alt=\"Michael_Plenz\" srcset=\"https:\/\/www.weyer-gruppe.com\/wp-content\/uploads\/2023\/03\/Plenz_2021.jpg 300w, https:\/\/www.weyer-gruppe.com\/wp-content\/uploads\/2023\/03\/Plenz_2021-150x150.jpg 150w, https:\/\/www.weyer-gruppe.com\/wp-content\/uploads\/2023\/03\/Plenz_2021-80x80.jpg 80w\" sizes=\"(max-width: 300px) 100vw, 300px\" \/>\t\t\t\t<\/div>\r\n\t\t\t\t<figcaption>\r\n\t\t\t\t\t<div class=\"grve-team-description\">\r\n\t\t\t\t\t\t\t\t\t\t\t\t<h4 class=\"grve-team-name grve-dark grve-h4\">Michael Plenz<\/h4>\r\n\t\t\t\t\t\t\t\t\t\t\t\t<small class=\"grve-team-identity grve-dark\">PROBIOTEC<\/small>\r\n\t\t\t\t\t<\/div>\r\n\t\t\t\t\t\t\t\t\t<\/figcaption>\r\n\t\t\t<\/figure>\r\n\t\t<\/div>\r\n\r\n\t\t[\/vc_column][\/vc_row][vc_row][vc_column]<div class=\"grve-element grve-hr grve-space-divider\" style=\"\"><\/div>[\/vc_column][\/vc_row]\n<\/div>","protected":false},"excerpt":{"rendered":"<p>[vc_row][vc_column][vc_column_text]PAKO is used to manage proposal and project data and for time recording and accounting. PAKO a software solution for capturing project workflows and account assignments and is an ideal program for service providers to monitor project workflows and control costs. Project management forms the basis of the web-based program. Unique project numbers, budget data, [&hellip;]<\/p>\n","protected":false},"author":5,"featured_media":0,"parent":23872,"menu_order":0,"comment_status":"closed","ping_status":"closed","template":"","meta":{"footnotes":""},"class_list":["post-23408","page","type-page","status-publish","hentry"],"yoast_head":"<!-- This site is optimized with the Yoast SEO Premium plugin v27.4 (Yoast SEO v27.4) - https:\/\/yoast.com\/product\/yoast-seo-premium-wordpress\/ -->\n<title>Software solution for capturing project processes and account assignments<\/title>\n<meta name=\"description\" content=\"PAKO is a software solution for service providers for capturing and monitoring project processes and making account assignments. Find out more today.\" \/>\n<meta name=\"robots\" content=\"index, follow, max-snippet:-1, max-image-preview:large, max-video-preview:-1\" \/>\n<link rel=\"canonical\" href=\"https:\/\/www.weyer-gruppe.com\/en\/plant-planners-and-manufacturers\/pako-software-solution-for-capturing-project-processes-and-account-assignments\/\" \/>\n<meta property=\"og:locale\" content=\"en_US\" \/>\n<meta property=\"og:type\" content=\"article\" \/>\n<meta property=\"og:title\" content=\"PAKO \u2013 Software solution for capturing project processes and account assignments\" \/>\n<meta property=\"og:description\" content=\"PAKO is a software solution for service providers for capturing and monitoring project processes and making account assignments. Find out more today.\" \/>\n<meta property=\"og:url\" content=\"https:\/\/www.weyer-gruppe.com\/en\/plant-planners-and-manufacturers\/pako-software-solution-for-capturing-project-processes-and-account-assignments\/\" \/>\n<meta property=\"og:site_name\" content=\"weyer gruppe\" \/>\n<meta property=\"article:publisher\" content=\"https:\/\/www.facebook.com\/weyergruppe\" \/>\n<meta property=\"article:modified_time\" content=\"2026-03-19T14:49:55+00:00\" \/>\n<meta name=\"twitter:card\" content=\"summary_large_image\" \/>\n<meta name=\"twitter:label1\" content=\"Est. reading time\" \/>\n\t<meta name=\"twitter:data1\" content=\"3 minutes\" \/>\n<script type=\"application\/ld+json\" class=\"yoast-schema-graph\">{\"@context\":\"https:\\\/\\\/schema.org\",\"@graph\":[{\"@type\":\"WebPage\",\"@id\":\"https:\\\/\\\/www.weyer-gruppe.com\\\/en\\\/plant-planners-and-manufacturers\\\/pako-software-solution-for-capturing-project-processes-and-account-assignments\\\/\",\"url\":\"https:\\\/\\\/www.weyer-gruppe.com\\\/en\\\/plant-planners-and-manufacturers\\\/pako-software-solution-for-capturing-project-processes-and-account-assignments\\\/\",\"name\":\"Software solution for capturing project processes and account assignments\",\"isPartOf\":{\"@id\":\"https:\\\/\\\/www.weyer-gruppe.com\\\/en\\\/#website\"},\"datePublished\":\"2019-11-19T12:31:04+00:00\",\"dateModified\":\"2026-03-19T14:49:55+00:00\",\"description\":\"PAKO is a software solution for service providers for capturing and monitoring project processes and making account assignments. Find out more today.\",\"breadcrumb\":{\"@id\":\"https:\\\/\\\/www.weyer-gruppe.com\\\/en\\\/plant-planners-and-manufacturers\\\/pako-software-solution-for-capturing-project-processes-and-account-assignments\\\/#breadcrumb\"},\"inLanguage\":\"en-US\",\"potentialAction\":[{\"@type\":\"ReadAction\",\"target\":[\"https:\\\/\\\/www.weyer-gruppe.com\\\/en\\\/plant-planners-and-manufacturers\\\/pako-software-solution-for-capturing-project-processes-and-account-assignments\\\/\"]}]},{\"@type\":\"BreadcrumbList\",\"@id\":\"https:\\\/\\\/www.weyer-gruppe.com\\\/en\\\/plant-planners-and-manufacturers\\\/pako-software-solution-for-capturing-project-processes-and-account-assignments\\\/#breadcrumb\",\"itemListElement\":[{\"@type\":\"ListItem\",\"position\":1,\"name\":\"HOME\",\"item\":\"https:\\\/\\\/www.weyer-gruppe.com\\\/en\\\/\"},{\"@type\":\"ListItem\",\"position\":2,\"name\":\"Plant planners and manufacturers\",\"item\":\"https:\\\/\\\/www.weyer-gruppe.com\\\/en\\\/plant-planners-and-manufacturers\\\/\"},{\"@type\":\"ListItem\",\"position\":3,\"name\":\"PAKO \u2013 Software solution for capturing project processes and account assignments\"}]},{\"@type\":\"WebSite\",\"@id\":\"https:\\\/\\\/www.weyer-gruppe.com\\\/en\\\/#website\",\"url\":\"https:\\\/\\\/www.weyer-gruppe.com\\\/en\\\/\",\"name\":\"weyer gruppe\",\"description\":\"komplett. durchdacht.\",\"publisher\":{\"@id\":\"https:\\\/\\\/www.weyer-gruppe.com\\\/en\\\/#organization\"},\"potentialAction\":[{\"@type\":\"SearchAction\",\"target\":{\"@type\":\"EntryPoint\",\"urlTemplate\":\"https:\\\/\\\/www.weyer-gruppe.com\\\/en\\\/?s={search_term_string}\"},\"query-input\":{\"@type\":\"PropertyValueSpecification\",\"valueRequired\":true,\"valueName\":\"search_term_string\"}}],\"inLanguage\":\"en-US\"},{\"@type\":\"Organization\",\"@id\":\"https:\\\/\\\/www.weyer-gruppe.com\\\/en\\\/#organization\",\"name\":\"weyer gruppe\",\"url\":\"https:\\\/\\\/www.weyer-gruppe.com\\\/en\\\/\",\"logo\":{\"@type\":\"ImageObject\",\"inLanguage\":\"en-US\",\"@id\":\"https:\\\/\\\/www.weyer-gruppe.com\\\/en\\\/#\\\/schema\\\/logo\\\/image\\\/\",\"url\":\"https:\\\/\\\/www.weyer-gruppe.com\\\/wp-content\\\/uploads\\\/2019\\\/07\\\/logo-weyer-gruppe-de.png\",\"contentUrl\":\"https:\\\/\\\/www.weyer-gruppe.com\\\/wp-content\\\/uploads\\\/2019\\\/07\\\/logo-weyer-gruppe-de.png\",\"width\":532,\"height\":513,\"caption\":\"weyer gruppe\"},\"image\":{\"@id\":\"https:\\\/\\\/www.weyer-gruppe.com\\\/en\\\/#\\\/schema\\\/logo\\\/image\\\/\"},\"sameAs\":[\"https:\\\/\\\/www.facebook.com\\\/weyergruppe\",\"https:\\\/\\\/de.linkedin.com\\\/company\\\/weyer-gruppe\",\"https:\\\/\\\/www.youtube.com\\\/channel\\\/UCmZItECuW56Ih_p501_Bq8A\"],\"description\":\"Die weyer gruppe ist seit 1976 Ihr Partner f\u00fcr verfahrenstechnische Anlagenplanung und Anlagensicherheit. Mit einem erfahrenen Team von \u00fcber 190 Mitarbeitern in Deutschland, \u00d6sterreich, Polen und der Schweiz realisieren wir j\u00e4hrlich \u00fcber 1.000 Kundenprojekte. Unsere Expertise erstreckt sich \u00fcber verschiedene Branchen wie Chemie, Pharma, Mineral\u00f6l sowie Ver- und Entsorgung. Vertrauen Sie auf die weyer Gruppe f\u00fcr ma\u00dfgeschneiderte Engineering- und Consulting-L\u00f6sungen, die Ihre Anforderungen in puncto Sicherheit und Effizienz erf\u00fcllen.\",\"email\":\"info@weyer-gruppe.com\",\"telephone\":\"+49 (0) 24 21 \u2013 69 09 1 \u2013 0\",\"numberOfEmployees\":{\"@type\":\"QuantitativeValue\",\"minValue\":\"51\",\"maxValue\":\"200\"}}]}<\/script>\n<!-- \/ Yoast SEO Premium plugin. -->","yoast_head_json":{"title":"Software solution for capturing project processes and account assignments","description":"PAKO is a software solution for service providers for capturing and monitoring project processes and making account assignments. Find out more today.","robots":{"index":"index","follow":"follow","max-snippet":"max-snippet:-1","max-image-preview":"max-image-preview:large","max-video-preview":"max-video-preview:-1"},"canonical":"https:\/\/www.weyer-gruppe.com\/en\/plant-planners-and-manufacturers\/pako-software-solution-for-capturing-project-processes-and-account-assignments\/","og_locale":"en_US","og_type":"article","og_title":"PAKO \u2013 Software solution for capturing project processes and account assignments","og_description":"PAKO is a software solution for service providers for capturing and monitoring project processes and making account assignments. Find out more today.","og_url":"https:\/\/www.weyer-gruppe.com\/en\/plant-planners-and-manufacturers\/pako-software-solution-for-capturing-project-processes-and-account-assignments\/","og_site_name":"weyer gruppe","article_publisher":"https:\/\/www.facebook.com\/weyergruppe","article_modified_time":"2026-03-19T14:49:55+00:00","twitter_card":"summary_large_image","twitter_misc":{"Est. reading time":"3 minutes"},"schema":{"@context":"https:\/\/schema.org","@graph":[{"@type":"WebPage","@id":"https:\/\/www.weyer-gruppe.com\/en\/plant-planners-and-manufacturers\/pako-software-solution-for-capturing-project-processes-and-account-assignments\/","url":"https:\/\/www.weyer-gruppe.com\/en\/plant-planners-and-manufacturers\/pako-software-solution-for-capturing-project-processes-and-account-assignments\/","name":"Software solution for capturing project processes and account assignments","isPartOf":{"@id":"https:\/\/www.weyer-gruppe.com\/en\/#website"},"datePublished":"2019-11-19T12:31:04+00:00","dateModified":"2026-03-19T14:49:55+00:00","description":"PAKO is a software solution for service providers for capturing and monitoring project processes and making account assignments. Find out more today.","breadcrumb":{"@id":"https:\/\/www.weyer-gruppe.com\/en\/plant-planners-and-manufacturers\/pako-software-solution-for-capturing-project-processes-and-account-assignments\/#breadcrumb"},"inLanguage":"en-US","potentialAction":[{"@type":"ReadAction","target":["https:\/\/www.weyer-gruppe.com\/en\/plant-planners-and-manufacturers\/pako-software-solution-for-capturing-project-processes-and-account-assignments\/"]}]},{"@type":"BreadcrumbList","@id":"https:\/\/www.weyer-gruppe.com\/en\/plant-planners-and-manufacturers\/pako-software-solution-for-capturing-project-processes-and-account-assignments\/#breadcrumb","itemListElement":[{"@type":"ListItem","position":1,"name":"HOME","item":"https:\/\/www.weyer-gruppe.com\/en\/"},{"@type":"ListItem","position":2,"name":"Plant planners and manufacturers","item":"https:\/\/www.weyer-gruppe.com\/en\/plant-planners-and-manufacturers\/"},{"@type":"ListItem","position":3,"name":"PAKO \u2013 Software solution for capturing project processes and account assignments"}]},{"@type":"WebSite","@id":"https:\/\/www.weyer-gruppe.com\/en\/#website","url":"https:\/\/www.weyer-gruppe.com\/en\/","name":"weyer gruppe","description":"komplett. durchdacht.","publisher":{"@id":"https:\/\/www.weyer-gruppe.com\/en\/#organization"},"potentialAction":[{"@type":"SearchAction","target":{"@type":"EntryPoint","urlTemplate":"https:\/\/www.weyer-gruppe.com\/en\/?s={search_term_string}"},"query-input":{"@type":"PropertyValueSpecification","valueRequired":true,"valueName":"search_term_string"}}],"inLanguage":"en-US"},{"@type":"Organization","@id":"https:\/\/www.weyer-gruppe.com\/en\/#organization","name":"weyer gruppe","url":"https:\/\/www.weyer-gruppe.com\/en\/","logo":{"@type":"ImageObject","inLanguage":"en-US","@id":"https:\/\/www.weyer-gruppe.com\/en\/#\/schema\/logo\/image\/","url":"https:\/\/www.weyer-gruppe.com\/wp-content\/uploads\/2019\/07\/logo-weyer-gruppe-de.png","contentUrl":"https:\/\/www.weyer-gruppe.com\/wp-content\/uploads\/2019\/07\/logo-weyer-gruppe-de.png","width":532,"height":513,"caption":"weyer gruppe"},"image":{"@id":"https:\/\/www.weyer-gruppe.com\/en\/#\/schema\/logo\/image\/"},"sameAs":["https:\/\/www.facebook.com\/weyergruppe","https:\/\/de.linkedin.com\/company\/weyer-gruppe","https:\/\/www.youtube.com\/channel\/UCmZItECuW56Ih_p501_Bq8A"],"description":"Die weyer gruppe ist seit 1976 Ihr Partner f\u00fcr verfahrenstechnische Anlagenplanung und Anlagensicherheit. Mit einem erfahrenen Team von \u00fcber 190 Mitarbeitern in Deutschland, \u00d6sterreich, Polen und der Schweiz realisieren wir j\u00e4hrlich \u00fcber 1.000 Kundenprojekte. Unsere Expertise erstreckt sich \u00fcber verschiedene Branchen wie Chemie, Pharma, Mineral\u00f6l sowie Ver- und Entsorgung. Vertrauen Sie auf die weyer Gruppe f\u00fcr ma\u00dfgeschneiderte Engineering- und Consulting-L\u00f6sungen, die Ihre Anforderungen in puncto Sicherheit und Effizienz erf\u00fcllen.","email":"info@weyer-gruppe.com","telephone":"+49 (0) 24 21 \u2013 69 09 1 \u2013 0","numberOfEmployees":{"@type":"QuantitativeValue","minValue":"51","maxValue":"200"}}]}},"_links":{"self":[{"href":"https:\/\/www.weyer-gruppe.com\/en\/wp-json\/wp\/v2\/pages\/23408","targetHints":{"allow":["GET"]}}],"collection":[{"href":"https:\/\/www.weyer-gruppe.com\/en\/wp-json\/wp\/v2\/pages"}],"about":[{"href":"https:\/\/www.weyer-gruppe.com\/en\/wp-json\/wp\/v2\/types\/page"}],"author":[{"embeddable":true,"href":"https:\/\/www.weyer-gruppe.com\/en\/wp-json\/wp\/v2\/users\/5"}],"replies":[{"embeddable":true,"href":"https:\/\/www.weyer-gruppe.com\/en\/wp-json\/wp\/v2\/comments?post=23408"}],"version-history":[{"count":1,"href":"https:\/\/www.weyer-gruppe.com\/en\/wp-json\/wp\/v2\/pages\/23408\/revisions"}],"predecessor-version":[{"id":237938,"href":"https:\/\/www.weyer-gruppe.com\/en\/wp-json\/wp\/v2\/pages\/23408\/revisions\/237938"}],"up":[{"embeddable":true,"href":"https:\/\/www.weyer-gruppe.com\/en\/wp-json\/wp\/v2\/pages\/23872"}],"wp:attachment":[{"href":"https:\/\/www.weyer-gruppe.com\/en\/wp-json\/wp\/v2\/media?parent=23408"}],"curies":[{"name":"wp","href":"https:\/\/api.w.org\/{rel}","templated":true}]}}