{"id":23339,"date":"2019-07-29T15:56:28","date_gmt":"2019-07-29T13:56:28","guid":{"rendered":"https:\/\/www.weyer-gruppe.com\/management-system-for-industrial-plants-mfi\/"},"modified":"2026-03-19T14:57:38","modified_gmt":"2026-03-19T13:57:38","slug":"management-system-for-industrial-plants-mfi","status":"publish","type":"page","link":"https:\/\/www.weyer-gruppe.com\/en\/plant-operators-and-investors\/management-system-for-industrial-plants-mfi\/","title":{"rendered":"Management system for industrial plants (VFI)"},"content":{"rendered":"<div class=\"wpb-content-wrapper\">[vc_row][vc_column][vc_column_text]The &#8220;Management system for industrial plants (VFI)&#8221; is a database application that ensures the transparent capture, management and documentation of all approvals, permits, licenses, ancillary provisions and deadlines for your plants.<\/p>\n<p>The web-based software solution can be used for all plants requiring approval. Operations manager, HSE managers or those responsible for approvals and plant safety work with the VFI. The VFI application is extremely useful if your company has grown historically or has multiple locations and large data volumes exist as a result.<\/p>\n<h2>The advantages for you<\/h2>\n<ul class=\"arrow-gray\">\n<li>Quick capture of all relevant data<\/li>\n<li>All documents in one place<\/li>\n<li>Transparent overview of the approval situation<\/li>\n<li>All verification dates at a glance<\/li>\n<li>Responsibilities are recorded<\/li>\n<li>Plant-related knowledge is documented<\/li>\n<li>Searched for data is found quickly<\/li>\n<li>Documentation and tracking of identified defects<\/li>\n<li>Dispatch of email reminders to individual contacts<\/li>\n<li>Compliance support<\/li>\n<li>Web-based solution that can be accessed from anywhere over a browser<\/li>\n<li>Fixed monthly flat fee guarantees transparent costs<\/li>\n<\/ul>\n<h2>Services<\/h2>\n<ul class=\"arrow-gray\">\n<li>Provision of the software incl. backups<\/li>\n<li>Support and enhancement of the software incl. updates<\/li>\n<li>Digitisation and setup of your documents in the system<\/li>\n<li>Maximum data security at a regional data centre equipped with redundant systems and compliance with the latest<\/li>\n<li>data protection standards<\/li>\n<li>Comprehensive support<\/li>\n<\/ul>\n[\/vc_column_text]<h2 class=\"grve-element grve-align-left grve-title-no-line grve-h2\" style=\"\"><span>The cooperation process<\/span><\/h2><div class=\"grve-element grve-box-icon grve-align-left\" style=\"\">  <div class=\"grve-icon grve-medium grve-simple grve-no-shape grve-color-primary-1 fa fa-gears\"><\/div>  <div class=\"grve-box-content\"><h5 class=\"grve-box-title\"><span>Set up of the system<\/span><\/h5>    <p class=\"\">The customer hands over all the approval notices or we collect them for him on site. We then capture all the approval, permits, licenses and ancillary provisions in the database. We also enter all subsequent approvals and ancillary provisions etc \u2013 cost-neutral covered by the current monthly flat fee.<\/p>  <\/div><\/div><div class=\"grve-element grve-box-icon grve-align-left\" style=\"\">  <div class=\"grve-icon grve-medium grve-simple grve-no-shape grve-color-primary-1 fa fa-user-circle-o\"><\/div>  <div class=\"grve-box-content\"><h5 class=\"grve-box-title\"><span>Receipt of the access credentials and employee training<\/span><\/h5>    <p class=\"\">We then provide the client with their access credentials and training. The user is in the position to operate the database independently at the end of the training. Should any questions turn up later, the client can contact our friendly support team at any time.<\/p>  <\/div><\/div><div class=\"grve-element grve-box-icon grve-align-left\" style=\"\">  <div class=\"grve-icon grve-medium grve-simple grve-no-shape grve-color-primary-1 fa fa-sliders\"><\/div>  <div class=\"grve-box-content\"><h5 class=\"grve-box-title\"><span>Settings by the client<\/span><\/h5>    <p class=\"\">The client then enters the dates against the approvals that have relevant deadlines and the ancillary provisions and specifies who is responsible for the timely and proper compliance with the verification dates (with their name and email address). After that, the system is ready to go and users automatically receive emails when something needs to be done.<\/p>  <\/div><\/div><div class=\"grve-element grve-hr grve-space-divider\" style=\"\"><\/div>[vc_column_text]\n<h2>References<\/h2>\n[\/vc_column_text]<div class=\"grve-element grve-carousel-wrapper\" style=\"\"><div class=\"grve-carousel-navigation grve-light\" data-navigation-type=\"1\"><div class=\"grve-carousel-buttons\"><div class=\"grve-carousel-prev grve-icon-nav-left\"><\/div><div class=\"grve-carousel-next grve-icon-nav-right\"><\/div><\/div><\/div><div class=\"grve-carousel grve-gallery-popup grve-carousel-element \" data-items=\"3\" data-slider-autoplay=\"yes\" data-slider-speed=\"3000\" data-slider-pause=\"yes\">\r\n\r\n\t\t\t<div class=\"grve-carousel-item\">  <a href=\"https:\/\/www.weyer-gruppe.com\/wp-content\/uploads\/2020\/02\/referenzen-vdi-weyer-gruppe5-1.jpg\"><figure class=\"grve-image-hover\"><div class=\"grve-media\"><img decoding=\"async\" width=\"400\" height=\"400\" src=\"https:\/\/www.weyer-gruppe.com\/wp-content\/uploads\/2020\/02\/referenzen-vdi-weyer-gruppe5-1.jpg\" class=\"attachment-grve-image-small-square size-grve-image-small-square\" alt=\"Logo Vattenfall\" srcset=\"https:\/\/www.weyer-gruppe.com\/wp-content\/uploads\/2020\/02\/referenzen-vdi-weyer-gruppe5-1.jpg 400w, https:\/\/www.weyer-gruppe.com\/wp-content\/uploads\/2020\/02\/referenzen-vdi-weyer-gruppe5-1-150x150.jpg 150w, https:\/\/www.weyer-gruppe.com\/wp-content\/uploads\/2020\/02\/referenzen-vdi-weyer-gruppe5-1-300x300.jpg 300w, https:\/\/www.weyer-gruppe.com\/wp-content\/uploads\/2020\/02\/referenzen-vdi-weyer-gruppe5-1-80x80.jpg 80w\" sizes=\"(max-width: 400px) 100vw, 400px\" \/><\/div><\/figure>  <\/a><\/div><div class=\"grve-carousel-item\">  <a href=\"https:\/\/www.weyer-gruppe.com\/wp-content\/uploads\/2020\/02\/referenzen-vdi-weyer-gruppe-1.jpg\"><figure class=\"grve-image-hover\"><div class=\"grve-media\"><img decoding=\"async\" width=\"400\" height=\"400\" src=\"https:\/\/www.weyer-gruppe.com\/wp-content\/uploads\/2020\/02\/referenzen-vdi-weyer-gruppe-1.jpg\" class=\"attachment-grve-image-small-square size-grve-image-small-square\" alt=\"Logo DEW 21\" srcset=\"https:\/\/www.weyer-gruppe.com\/wp-content\/uploads\/2020\/02\/referenzen-vdi-weyer-gruppe-1.jpg 400w, https:\/\/www.weyer-gruppe.com\/wp-content\/uploads\/2020\/02\/referenzen-vdi-weyer-gruppe-1-150x150.jpg 150w, https:\/\/www.weyer-gruppe.com\/wp-content\/uploads\/2020\/02\/referenzen-vdi-weyer-gruppe-1-300x300.jpg 300w, https:\/\/www.weyer-gruppe.com\/wp-content\/uploads\/2020\/02\/referenzen-vdi-weyer-gruppe-1-80x80.jpg 80w\" sizes=\"(max-width: 400px) 100vw, 400px\" \/><\/div><\/figure>  <\/a><\/div><div class=\"grve-carousel-item\">  <a href=\"https:\/\/www.weyer-gruppe.com\/wp-content\/uploads\/2020\/02\/referenzen-vdi-weyer-gruppe2-1.jpg\"><figure class=\"grve-image-hover\"><div class=\"grve-media\"><img decoding=\"async\" width=\"400\" height=\"400\" src=\"https:\/\/www.weyer-gruppe.com\/wp-content\/uploads\/2020\/02\/referenzen-vdi-weyer-gruppe2-1.jpg\" class=\"attachment-grve-image-small-square size-grve-image-small-square\" alt=\"Logo Huber Martingswerk\" srcset=\"https:\/\/www.weyer-gruppe.com\/wp-content\/uploads\/2020\/02\/referenzen-vdi-weyer-gruppe2-1.jpg 400w, https:\/\/www.weyer-gruppe.com\/wp-content\/uploads\/2020\/02\/referenzen-vdi-weyer-gruppe2-1-150x150.jpg 150w, https:\/\/www.weyer-gruppe.com\/wp-content\/uploads\/2020\/02\/referenzen-vdi-weyer-gruppe2-1-300x300.jpg 300w, https:\/\/www.weyer-gruppe.com\/wp-content\/uploads\/2020\/02\/referenzen-vdi-weyer-gruppe2-1-80x80.jpg 80w\" sizes=\"(max-width: 400px) 100vw, 400px\" \/><\/div><\/figure>  <\/a><\/div><div class=\"grve-carousel-item\">  <a href=\"https:\/\/www.weyer-gruppe.com\/wp-content\/uploads\/2020\/02\/referenzen-vdi-weyer-gruppe3-1.jpg\"><figure class=\"grve-image-hover\"><div class=\"grve-media\"><img decoding=\"async\" width=\"400\" height=\"400\" src=\"https:\/\/www.weyer-gruppe.com\/wp-content\/uploads\/2020\/02\/referenzen-vdi-weyer-gruppe3-1.jpg\" class=\"attachment-grve-image-small-square size-grve-image-small-square\" alt=\"Logo Hydro\" srcset=\"https:\/\/www.weyer-gruppe.com\/wp-content\/uploads\/2020\/02\/referenzen-vdi-weyer-gruppe3-1.jpg 400w, https:\/\/www.weyer-gruppe.com\/wp-content\/uploads\/2020\/02\/referenzen-vdi-weyer-gruppe3-1-150x150.jpg 150w, https:\/\/www.weyer-gruppe.com\/wp-content\/uploads\/2020\/02\/referenzen-vdi-weyer-gruppe3-1-300x300.jpg 300w, https:\/\/www.weyer-gruppe.com\/wp-content\/uploads\/2020\/02\/referenzen-vdi-weyer-gruppe3-1-80x80.jpg 80w\" sizes=\"(max-width: 400px) 100vw, 400px\" \/><\/div><\/figure>  <\/a><\/div><div class=\"grve-carousel-item\">  <a href=\"https:\/\/www.weyer-gruppe.com\/wp-content\/uploads\/2020\/02\/referenzen-vdi-weyer-gruppe4-1.jpg\"><figure class=\"grve-image-hover\"><div class=\"grve-media\"><img decoding=\"async\" width=\"400\" height=\"400\" src=\"https:\/\/www.weyer-gruppe.com\/wp-content\/uploads\/2020\/02\/referenzen-vdi-weyer-gruppe4-1.jpg\" class=\"attachment-grve-image-small-square size-grve-image-small-square\" alt=\"LEAG Logo\" srcset=\"https:\/\/www.weyer-gruppe.com\/wp-content\/uploads\/2020\/02\/referenzen-vdi-weyer-gruppe4-1.jpg 400w, https:\/\/www.weyer-gruppe.com\/wp-content\/uploads\/2020\/02\/referenzen-vdi-weyer-gruppe4-1-150x150.jpg 150w, https:\/\/www.weyer-gruppe.com\/wp-content\/uploads\/2020\/02\/referenzen-vdi-weyer-gruppe4-1-300x300.jpg 300w, https:\/\/www.weyer-gruppe.com\/wp-content\/uploads\/2020\/02\/referenzen-vdi-weyer-gruppe4-1-80x80.jpg 80w\" sizes=\"(max-width: 400px) 100vw, 400px\" \/><\/div><\/figure>  <\/a><\/div><\/div><\/div>[\/vc_column][\/vc_row][vc_row bg_type=&#8221;color&#8221; bg_color=&#8221;#0b3c80&#8243; font_color=&#8221;#ffffff&#8221;][vc_column css=&#8221;.vc_custom_1563974199119{padding-top: 25px !important;padding-bottom: 25px !important;padding-left: 25px !important;}&#8221;]<div class=\"grve-element grve-hr grve-space-divider\" style=\"\"><\/div><div class=\"grve-element grve-image-text\" style=\"\">  <div class=\"grve-content grve-align-right\">    <h6>weyer special: Management system for industrial plants (VFI)<\/h6>  <p>Plant operators are obliged to implement all permit conditions and to have all permit documents available at all times, e.g. within the framework of environmental inspections. However, especially in the case of larger and older plants, the necessary documents such as permit notices and the associated permit applications are often stored decentrally and inconsistently. There is no reliable overview of which ancillary provisions have been implemented and which check has to be carried out for which part of the plant, when and by whom&#8230;<\/p>    <a href=\"https:\/\/www.weyer-gruppe.com\/wp-content\/uploads\/2019\/07\/weyer-spezial-vfi-0718.pdf\" target=\"_self\" class=\"grve-read-more \">Download weyer special here<\/a>  <\/div><div class=\"grve-image\"><img decoding=\"async\" width=\"250\" height=\"354\" src=\"https:\/\/www.weyer-gruppe.com\/wp-content\/uploads\/2019\/07\/weyer-spezial-weyer-gruppe-vfi-verwaltungssystem-industrieanlagen.jpg\" class=\"attachment-full size-full\" alt=\"weyer spezial zum Thema VFI\" srcset=\"\" \/><\/div><\/div><div class=\"grve-element grve-hr grve-space-divider\" style=\"\"><\/div>[\/vc_column][\/vc_row][vc_row][vc_column]<div class=\"grve-element grve-hr grve-space-divider\" style=\"\"><\/div><h3 class=\"grve-element grve-align-left grve-title-no-line grve-h3\" style=\"\"><span>Our Team<\/span><\/h3>[\/vc_column][\/vc_row][vc_row][vc_column width=&#8221;1\/4&#8243; tablet_sm_width=&#8221;1-2&#8243;]\r\n\t\t<div class=\"grve-team grve-element\" style=\"\">\r\n\t\t\t<figure class=\"grve-image-hover grve-style-1 grve-zoom-in\">\r\n\t\t\t\t<div class=\"grve-team-person grve-media grve-dark-overlay grve-opacity-60\">\r\n\t\t\t\t\t<img decoding=\"async\" width=\"300\" height=\"299\" src=\"https:\/\/www.weyer-gruppe.com\/wp-content\/uploads\/2023\/03\/Plenz_2021.jpg\" class=\"attachment-grve-image-small-square size-grve-image-small-square\" alt=\"Michael_Plenz\" srcset=\"https:\/\/www.weyer-gruppe.com\/wp-content\/uploads\/2023\/03\/Plenz_2021.jpg 300w, https:\/\/www.weyer-gruppe.com\/wp-content\/uploads\/2023\/03\/Plenz_2021-150x150.jpg 150w, https:\/\/www.weyer-gruppe.com\/wp-content\/uploads\/2023\/03\/Plenz_2021-80x80.jpg 80w\" sizes=\"(max-width: 300px) 100vw, 300px\" \/>\t\t\t\t<\/div>\r\n\t\t\t\t<figcaption>\r\n\t\t\t\t\t<div class=\"grve-team-description\">\r\n\t\t\t\t\t\t\t\t\t\t\t\t<h4 class=\"grve-team-name grve-dark grve-h4\">Michael Plenz<\/h4>\r\n\t\t\t\t\t\t\t\t\t\t\t\t<small class=\"grve-team-identity grve-dark\">PROBIOTEC<\/small>\r\n\t\t\t\t\t<\/div>\r\n\t\t\t\t\t\t\t\t\t<\/figcaption>\r\n\t\t\t<\/figure>\r\n\t\t<\/div>\r\n\r\n\t\t[\/vc_column][\/vc_row][vc_row][vc_column]<div class=\"grve-element grve-hr grve-space-divider\" style=\"\"><\/div>[\/vc_column][\/vc_row]\n<\/div>","protected":false},"excerpt":{"rendered":"<p>[vc_row][vc_column][vc_column_text]The &#8220;Management system for industrial plants (VFI)&#8221; is a database application that ensures the transparent capture, management and documentation of all approvals, permits, licenses, ancillary provisions and deadlines for your plants. The web-based software solution can be used for all plants requiring approval. Operations manager, HSE managers or those responsible for approvals and plant safety [&hellip;]<\/p>\n","protected":false},"author":5,"featured_media":0,"parent":23837,"menu_order":0,"comment_status":"closed","ping_status":"closed","template":"","meta":{"footnotes":""},"class_list":["post-23339","page","type-page","status-publish","hentry"],"yoast_head":"<!-- This site is optimized with the Yoast SEO Premium plugin v27.4 (Yoast SEO v27.4) - https:\/\/yoast.com\/product\/yoast-seo-premium-wordpress\/ -->\n<title>Management system for industrial plants (VFI) &#8211; weyer gruppe<\/title>\n<meta name=\"description\" content=\"MFI represents a management system for industrial plants. Receive reminders of inspections in good time and enter the employees responsible.\" \/>\n<meta name=\"robots\" content=\"index, follow, max-snippet:-1, max-image-preview:large, max-video-preview:-1\" \/>\n<link rel=\"canonical\" href=\"https:\/\/www.weyer-gruppe.com\/en\/plant-operators-and-investors\/management-system-for-industrial-plants-mfi\/\" \/>\n<meta property=\"og:locale\" content=\"en_US\" \/>\n<meta property=\"og:type\" content=\"article\" \/>\n<meta property=\"og:title\" content=\"Management system for industrial plants (VFI)\" \/>\n<meta property=\"og:description\" content=\"MFI represents a management system for industrial plants. Receive reminders of inspections in good time and enter the employees responsible.\" \/>\n<meta property=\"og:url\" content=\"https:\/\/www.weyer-gruppe.com\/en\/plant-operators-and-investors\/management-system-for-industrial-plants-mfi\/\" \/>\n<meta property=\"og:site_name\" content=\"weyer gruppe\" \/>\n<meta property=\"article:publisher\" content=\"https:\/\/www.facebook.com\/weyergruppe\" \/>\n<meta property=\"article:modified_time\" content=\"2026-03-19T13:57:38+00:00\" \/>\n<meta name=\"twitter:card\" content=\"summary_large_image\" \/>\n<meta name=\"twitter:label1\" content=\"Est. reading time\" \/>\n\t<meta name=\"twitter:data1\" content=\"3 minutes\" \/>\n<script type=\"application\/ld+json\" class=\"yoast-schema-graph\">{\"@context\":\"https:\\\/\\\/schema.org\",\"@graph\":[{\"@type\":\"WebPage\",\"@id\":\"https:\\\/\\\/www.weyer-gruppe.com\\\/en\\\/plant-operators-and-investors\\\/management-system-for-industrial-plants-mfi\\\/\",\"url\":\"https:\\\/\\\/www.weyer-gruppe.com\\\/en\\\/plant-operators-and-investors\\\/management-system-for-industrial-plants-mfi\\\/\",\"name\":\"Management system for industrial plants (VFI) &#8211; weyer gruppe\",\"isPartOf\":{\"@id\":\"https:\\\/\\\/www.weyer-gruppe.com\\\/en\\\/#website\"},\"datePublished\":\"2019-07-29T13:56:28+00:00\",\"dateModified\":\"2026-03-19T13:57:38+00:00\",\"description\":\"MFI represents a management system for industrial plants. Receive reminders of inspections in good time and enter the employees responsible.\",\"breadcrumb\":{\"@id\":\"https:\\\/\\\/www.weyer-gruppe.com\\\/en\\\/plant-operators-and-investors\\\/management-system-for-industrial-plants-mfi\\\/#breadcrumb\"},\"inLanguage\":\"en-US\",\"potentialAction\":[{\"@type\":\"ReadAction\",\"target\":[\"https:\\\/\\\/www.weyer-gruppe.com\\\/en\\\/plant-operators-and-investors\\\/management-system-for-industrial-plants-mfi\\\/\"]}]},{\"@type\":\"BreadcrumbList\",\"@id\":\"https:\\\/\\\/www.weyer-gruppe.com\\\/en\\\/plant-operators-and-investors\\\/management-system-for-industrial-plants-mfi\\\/#breadcrumb\",\"itemListElement\":[{\"@type\":\"ListItem\",\"position\":1,\"name\":\"HOME\",\"item\":\"https:\\\/\\\/www.weyer-gruppe.com\\\/en\\\/\"},{\"@type\":\"ListItem\",\"position\":2,\"name\":\"Plant operators and investors\",\"item\":\"https:\\\/\\\/www.weyer-gruppe.com\\\/en\\\/plant-operators-and-investors\\\/\"},{\"@type\":\"ListItem\",\"position\":3,\"name\":\"Management system for industrial plants (VFI)\"}]},{\"@type\":\"WebSite\",\"@id\":\"https:\\\/\\\/www.weyer-gruppe.com\\\/en\\\/#website\",\"url\":\"https:\\\/\\\/www.weyer-gruppe.com\\\/en\\\/\",\"name\":\"weyer gruppe\",\"description\":\"komplett. durchdacht.\",\"publisher\":{\"@id\":\"https:\\\/\\\/www.weyer-gruppe.com\\\/en\\\/#organization\"},\"potentialAction\":[{\"@type\":\"SearchAction\",\"target\":{\"@type\":\"EntryPoint\",\"urlTemplate\":\"https:\\\/\\\/www.weyer-gruppe.com\\\/en\\\/?s={search_term_string}\"},\"query-input\":{\"@type\":\"PropertyValueSpecification\",\"valueRequired\":true,\"valueName\":\"search_term_string\"}}],\"inLanguage\":\"en-US\"},{\"@type\":\"Organization\",\"@id\":\"https:\\\/\\\/www.weyer-gruppe.com\\\/en\\\/#organization\",\"name\":\"weyer gruppe\",\"url\":\"https:\\\/\\\/www.weyer-gruppe.com\\\/en\\\/\",\"logo\":{\"@type\":\"ImageObject\",\"inLanguage\":\"en-US\",\"@id\":\"https:\\\/\\\/www.weyer-gruppe.com\\\/en\\\/#\\\/schema\\\/logo\\\/image\\\/\",\"url\":\"https:\\\/\\\/www.weyer-gruppe.com\\\/wp-content\\\/uploads\\\/2019\\\/07\\\/logo-weyer-gruppe-de.png\",\"contentUrl\":\"https:\\\/\\\/www.weyer-gruppe.com\\\/wp-content\\\/uploads\\\/2019\\\/07\\\/logo-weyer-gruppe-de.png\",\"width\":532,\"height\":513,\"caption\":\"weyer gruppe\"},\"image\":{\"@id\":\"https:\\\/\\\/www.weyer-gruppe.com\\\/en\\\/#\\\/schema\\\/logo\\\/image\\\/\"},\"sameAs\":[\"https:\\\/\\\/www.facebook.com\\\/weyergruppe\",\"https:\\\/\\\/de.linkedin.com\\\/company\\\/weyer-gruppe\",\"https:\\\/\\\/www.youtube.com\\\/channel\\\/UCmZItECuW56Ih_p501_Bq8A\"],\"description\":\"Die weyer gruppe ist seit 1976 Ihr Partner f\u00fcr verfahrenstechnische Anlagenplanung und Anlagensicherheit. Mit einem erfahrenen Team von \u00fcber 190 Mitarbeitern in Deutschland, \u00d6sterreich, Polen und der Schweiz realisieren wir j\u00e4hrlich \u00fcber 1.000 Kundenprojekte. Unsere Expertise erstreckt sich \u00fcber verschiedene Branchen wie Chemie, Pharma, Mineral\u00f6l sowie Ver- und Entsorgung. Vertrauen Sie auf die weyer Gruppe f\u00fcr ma\u00dfgeschneiderte Engineering- und Consulting-L\u00f6sungen, die Ihre Anforderungen in puncto Sicherheit und Effizienz erf\u00fcllen.\",\"email\":\"info@weyer-gruppe.com\",\"telephone\":\"+49 (0) 24 21 \u2013 69 09 1 \u2013 0\",\"numberOfEmployees\":{\"@type\":\"QuantitativeValue\",\"minValue\":\"51\",\"maxValue\":\"200\"}}]}<\/script>\n<!-- \/ Yoast SEO Premium plugin. -->","yoast_head_json":{"title":"Management system for industrial plants (VFI) &#8211; weyer gruppe","description":"MFI represents a management system for industrial plants. Receive reminders of inspections in good time and enter the employees responsible.","robots":{"index":"index","follow":"follow","max-snippet":"max-snippet:-1","max-image-preview":"max-image-preview:large","max-video-preview":"max-video-preview:-1"},"canonical":"https:\/\/www.weyer-gruppe.com\/en\/plant-operators-and-investors\/management-system-for-industrial-plants-mfi\/","og_locale":"en_US","og_type":"article","og_title":"Management system for industrial plants (VFI)","og_description":"MFI represents a management system for industrial plants. Receive reminders of inspections in good time and enter the employees responsible.","og_url":"https:\/\/www.weyer-gruppe.com\/en\/plant-operators-and-investors\/management-system-for-industrial-plants-mfi\/","og_site_name":"weyer gruppe","article_publisher":"https:\/\/www.facebook.com\/weyergruppe","article_modified_time":"2026-03-19T13:57:38+00:00","twitter_card":"summary_large_image","twitter_misc":{"Est. reading time":"3 minutes"},"schema":{"@context":"https:\/\/schema.org","@graph":[{"@type":"WebPage","@id":"https:\/\/www.weyer-gruppe.com\/en\/plant-operators-and-investors\/management-system-for-industrial-plants-mfi\/","url":"https:\/\/www.weyer-gruppe.com\/en\/plant-operators-and-investors\/management-system-for-industrial-plants-mfi\/","name":"Management system for industrial plants (VFI) &#8211; weyer gruppe","isPartOf":{"@id":"https:\/\/www.weyer-gruppe.com\/en\/#website"},"datePublished":"2019-07-29T13:56:28+00:00","dateModified":"2026-03-19T13:57:38+00:00","description":"MFI represents a management system for industrial plants. Receive reminders of inspections in good time and enter the employees responsible.","breadcrumb":{"@id":"https:\/\/www.weyer-gruppe.com\/en\/plant-operators-and-investors\/management-system-for-industrial-plants-mfi\/#breadcrumb"},"inLanguage":"en-US","potentialAction":[{"@type":"ReadAction","target":["https:\/\/www.weyer-gruppe.com\/en\/plant-operators-and-investors\/management-system-for-industrial-plants-mfi\/"]}]},{"@type":"BreadcrumbList","@id":"https:\/\/www.weyer-gruppe.com\/en\/plant-operators-and-investors\/management-system-for-industrial-plants-mfi\/#breadcrumb","itemListElement":[{"@type":"ListItem","position":1,"name":"HOME","item":"https:\/\/www.weyer-gruppe.com\/en\/"},{"@type":"ListItem","position":2,"name":"Plant operators and investors","item":"https:\/\/www.weyer-gruppe.com\/en\/plant-operators-and-investors\/"},{"@type":"ListItem","position":3,"name":"Management system for industrial plants (VFI)"}]},{"@type":"WebSite","@id":"https:\/\/www.weyer-gruppe.com\/en\/#website","url":"https:\/\/www.weyer-gruppe.com\/en\/","name":"weyer gruppe","description":"komplett. durchdacht.","publisher":{"@id":"https:\/\/www.weyer-gruppe.com\/en\/#organization"},"potentialAction":[{"@type":"SearchAction","target":{"@type":"EntryPoint","urlTemplate":"https:\/\/www.weyer-gruppe.com\/en\/?s={search_term_string}"},"query-input":{"@type":"PropertyValueSpecification","valueRequired":true,"valueName":"search_term_string"}}],"inLanguage":"en-US"},{"@type":"Organization","@id":"https:\/\/www.weyer-gruppe.com\/en\/#organization","name":"weyer gruppe","url":"https:\/\/www.weyer-gruppe.com\/en\/","logo":{"@type":"ImageObject","inLanguage":"en-US","@id":"https:\/\/www.weyer-gruppe.com\/en\/#\/schema\/logo\/image\/","url":"https:\/\/www.weyer-gruppe.com\/wp-content\/uploads\/2019\/07\/logo-weyer-gruppe-de.png","contentUrl":"https:\/\/www.weyer-gruppe.com\/wp-content\/uploads\/2019\/07\/logo-weyer-gruppe-de.png","width":532,"height":513,"caption":"weyer gruppe"},"image":{"@id":"https:\/\/www.weyer-gruppe.com\/en\/#\/schema\/logo\/image\/"},"sameAs":["https:\/\/www.facebook.com\/weyergruppe","https:\/\/de.linkedin.com\/company\/weyer-gruppe","https:\/\/www.youtube.com\/channel\/UCmZItECuW56Ih_p501_Bq8A"],"description":"Die weyer gruppe ist seit 1976 Ihr Partner f\u00fcr verfahrenstechnische Anlagenplanung und Anlagensicherheit. Mit einem erfahrenen Team von \u00fcber 190 Mitarbeitern in Deutschland, \u00d6sterreich, Polen und der Schweiz realisieren wir j\u00e4hrlich \u00fcber 1.000 Kundenprojekte. Unsere Expertise erstreckt sich \u00fcber verschiedene Branchen wie Chemie, Pharma, Mineral\u00f6l sowie Ver- und Entsorgung. Vertrauen Sie auf die weyer Gruppe f\u00fcr ma\u00dfgeschneiderte Engineering- und Consulting-L\u00f6sungen, die Ihre Anforderungen in puncto Sicherheit und Effizienz erf\u00fcllen.","email":"info@weyer-gruppe.com","telephone":"+49 (0) 24 21 \u2013 69 09 1 \u2013 0","numberOfEmployees":{"@type":"QuantitativeValue","minValue":"51","maxValue":"200"}}]}},"_links":{"self":[{"href":"https:\/\/www.weyer-gruppe.com\/en\/wp-json\/wp\/v2\/pages\/23339","targetHints":{"allow":["GET"]}}],"collection":[{"href":"https:\/\/www.weyer-gruppe.com\/en\/wp-json\/wp\/v2\/pages"}],"about":[{"href":"https:\/\/www.weyer-gruppe.com\/en\/wp-json\/wp\/v2\/types\/page"}],"author":[{"embeddable":true,"href":"https:\/\/www.weyer-gruppe.com\/en\/wp-json\/wp\/v2\/users\/5"}],"replies":[{"embeddable":true,"href":"https:\/\/www.weyer-gruppe.com\/en\/wp-json\/wp\/v2\/comments?post=23339"}],"version-history":[{"count":2,"href":"https:\/\/www.weyer-gruppe.com\/en\/wp-json\/wp\/v2\/pages\/23339\/revisions"}],"predecessor-version":[{"id":237892,"href":"https:\/\/www.weyer-gruppe.com\/en\/wp-json\/wp\/v2\/pages\/23339\/revisions\/237892"}],"up":[{"embeddable":true,"href":"https:\/\/www.weyer-gruppe.com\/en\/wp-json\/wp\/v2\/pages\/23837"}],"wp:attachment":[{"href":"https:\/\/www.weyer-gruppe.com\/en\/wp-json\/wp\/v2\/media?parent=23339"}],"curies":[{"name":"wp","href":"https:\/\/api.w.org\/{rel}","templated":true}]}}