{"id":23220,"date":"2019-12-16T16:59:14","date_gmt":"2019-12-16T15:59:14","guid":{"rendered":"https:\/\/www.weyer-gruppe.com\/biogas-plant-safety-2\/"},"modified":"2026-03-19T15:36:26","modified_gmt":"2026-03-19T14:36:26","slug":"biogas-plant-safety-2","status":"publish","type":"page","link":"https:\/\/www.weyer-gruppe.com\/en\/plant-planners-and-manufacturers\/biogas-plant-safety-2\/","title":{"rendered":"Biogas plant safety"},"content":{"rendered":"<div class=\"wpb-content-wrapper\">[vc_row][vc_column][vc_column_text]Biogas plants represent an important part of the energy transition. In order to ensure the high availability of plants and their technically and legally safe operation in the future, we provide you with expert and practical support in all areas relating to the plant safety of your biogas plant.<\/p>\n<p>This includes, for example. inspections by experts (<a href=\"https:\/\/www.gesetze-im-internet.de\/bimschg\/__29a.html\" target=\"_blank\" rel=\"noopener noreferrer\">Sec. 29a BImSchG<\/a>, <a href=\"https:\/\/www.gesetze-im-internet.de\/betrsichv_2015\/\" target=\"_blank\" rel=\"noopener noreferrer\">BetrSichV<\/a> or <a href=\"https:\/\/www.gesetze-im-internet.de\/awsv\/\" target=\"_blank\" rel=\"noopener noreferrer\">AwSV<\/a>), preparation of explosion protection documents, incident concepts, risk assessments and risk analyses, and training courses and technical dialogue.[\/vc_column_text][\/vc_column][\/vc_row][vc_row][vc_column]<h2 class=\"grve-element grve-align-left grve-title-no-line grve-h2\" style=\"\"><span>Services<\/span><\/h2>[\/vc_column][\/vc_row][vc_row][vc_column][vc_tta_accordion c_icon=&#8221;chevron&#8221; active_section=&#8221;0&#8243; collapsible_all=&#8221;true&#8221;][vc_tta_section title=&#8221;Inspections by experts&#8221; tab_id=&#8221;1573039662934-d7985dc6-02bb&#8221;][vc_column_text]We inspect your plant in accordance with the relevant legal aspects for explosion protection, <a href=\"https:\/\/www.gesetze-im-internet.de\/bimschg\/__29a.html\" target=\"_blank\" rel=\"noopener noreferrer\">Sec. 29a BImSchG<\/a> and <a href=\"https:\/\/www.gesetze-im-internet.de\/awsv\/\" target=\"_blank\" rel=\"noopener noreferrer\">AwSV.<\/a><\/p>\n<p>All from one source. All three legal areas can be covered with just one on-site meeting.<\/p>\n<ul>\n<li>Plant safety in accordance with <a href=\"https:\/\/www.gesetze-im-internet.de\/bimschg\/__29a.html\" target=\"_blank\" rel=\"noopener noreferrer\">Sec. 29a BImSchG<\/a><\/li>\n<li>Water protection in accordance with <a href=\"https:\/\/www.gesetze-im-internet.de\/awsv\/\" target=\"_blank\" rel=\"noopener noreferrer\">AwSV<\/a><\/li>\n<li>Systems in potentially explosive areas <a href=\"https:\/\/www.gesetze-im-internet.de\/betrsichv_2015\/\" target=\"_blank\" rel=\"noopener noreferrer\">Sec. 15 and 16 BetrSich<\/a><\/li>\n<\/ul>\n[\/vc_column_text][\/vc_tta_section][vc_tta_section title=&#8221;Explosion Protection&#8221; tab_id=&#8221;1573039662959-46dd4193-146d&#8221;][vc_column_text]\n<div class=\"su-spoiler-content su-u-clearfix su-u-trim\">\n<ul>\n<li>Explosion protection concepts<\/li>\n<li>Explosion protection documents<\/li>\n<li>Zone Plans<\/li>\n<li>Ignition source evaluations<\/li>\n<\/ul>\n<p>You can find more information here about <a href=\"https:\/\/www.weyer-gruppe.com\/en\/plant-planners-and-manufacturers\/explosion-protection-in-accordance-with-the-atex-directive-2\/\" target=\"_blank\" rel=\"noopener noreferrer\">explosion protection<\/a>.<\/div>\n[\/vc_column_text][\/vc_tta_section][vc_tta_section title=&#8221;Major Accidents Ordinance&#8221; tab_id=&#8221;1573039807451-aadfc7d5-08b7&#8243;][vc_column_text]\n<div class=\"su-spoiler-content su-u-clearfix su-u-trim\">\n<ul>\n<li>Concepts for preventing accidents<\/li>\n<li>Safety reports<\/li>\n<li>Distance Reports<\/li>\n<li>Dispersion Calculations<\/li>\n<\/ul>\n<p>You can find more information here about the <a href=\"https:\/\/www.weyer-gruppe.com\/en\/plant-planners-and-manufacturers\/major-accidents-ordinance-seveso-iii-directive-2\/\" target=\"_blank\" rel=\"noopener noreferrer\">Major Accidents Ordinance<\/a>.<\/div>\n[\/vc_column_text][\/vc_tta_section][vc_tta_section title=&#8221;Hazard and risk analyses&#8221; tab_id=&#8221;1573039948314-2064db7c-abb3&#8243;][vc_column_text]\n<div class=\"su-spoiler-content su-u-clearfix su-u-trim\">\n<ul>\n<li>Hazard analysis in accordance with the <a href=\"https:\/\/www.gesetze-im-internet.de\/bimschv_12_2000\/12._BImSchV.pdf\" target=\"_blank\" rel=\"noopener noreferrer\">Major Accidents Ordinance (St\u00f6rfallV)<\/a>(HAZOP\/PAAG)<\/li>\n<li>Risk assessments in accordance with the <a href=\"https:\/\/www.gesetze-im-internet.de\/betrsichv_2015\/\" target=\"_blank\" rel=\"noopener noreferrer\">BetrSichV<\/a> \/ <a href=\"https:\/\/www.gesetze-im-internet.de\/gefstoffv_2010\/\" target=\"_blank\" rel=\"noopener noreferrer\">GefStoffV<\/a><\/li>\n<li>Risk assessment according to the Machinery directive<\/li>\n<\/ul>\n<p>You can find more information here about <a href=\"https:\/\/www.weyer-gruppe.com\/en\/plant-operators-and-investors\/risk-analysis-according-to-the-hazop-paag-method\/\" target=\"_blank\" rel=\"noopener noreferrer\">hazard analyses<\/a>.<\/div>\n[\/vc_column_text][\/vc_tta_section][vc_tta_section title=&#8221;Fire Protection&#8221; tab_id=&#8221;1573043655230-92b8f366-0100&#8243;][vc_column_text]\n<div class=\"su-spoiler-content su-u-clearfix su-u-trim\">\n<ul>\n<li>Fire protection concepts<\/li>\n<li>Fire protection plans<\/li>\n<li>Fire protection officer<\/li>\n<\/ul>\n<p>You can find more information here about <a href=\"https:\/\/www.weyer-gruppe.com\/en\/plant-operators-and-investors\/fire-protection\/\" target=\"_blank\" rel=\"noopener noreferrer\">fire protection<\/a>.<\/div>\n[\/vc_column_text][\/vc_tta_section][vc_tta_section title=&#8221;Training and technical discussions&#8221; tab_id=&#8221;1573043699771-26fb84c3-e211&#8243;][vc_column_text]\n<div class=\"su-spoiler-content su-u-clearfix su-u-trim\">\n<ul>\n<li>Safety requirements for biogas plants <a href=\"https:\/\/www.umweltbundesamt.de\/themen\/biogasanlagen-neue-technische-regel-soll-sicherheit\" target=\"_blank\" rel=\"noopener noreferrer\">TRAS 120<\/a><\/li>\n<li>Activities in the production of biogas <a href=\"https:\/\/www.baua.de\/DE\/Angebote\/Rechtstexte-und-Technische-Regeln\/Regelwerk\/TRGS\/pdf\/TRGS-529.pdf?__blob=publicationFile&amp;v=5\" target=\"_blank\" rel=\"noopener noreferrer\">TRGS 529<\/a><\/li>\n<\/ul>\n<p>We are a member of the training association of the <a href=\"https:\/\/www.biogas.org\/\" target=\"_blank\" rel=\"noopener noreferrer\">Fachverband Biogas e.V.<\/a><br \/>\nWe would be more than happy to answer all your questions about plant safety in biogas plants in an in-house training session on your premises.<\/div>\n[\/vc_column_text][\/vc_tta_section][\/vc_tta_accordion][\/vc_column][\/vc_row][vc_row bg_type=&#8221;color&#8221; bg_color=&#8221;#0b3c80&#8243;][vc_column css=&#8221;.vc_custom_1563972595197{padding-top: 25px !important;padding-bottom: 25px !important;padding-left: 25px !important;background-color: #0b3c80 !important;}&#8221;]<div class=\"grve-element grve-hr grve-space-divider\" style=\"\"><\/div><div class=\"grve-element grve-image-text\" style=\"\">  <div class=\"grve-content grve-align-right\">    <h6>weyer special: Biogas plant safety<\/h6>  <p><span style=\"color: #ffffff;\">Plant failures of biogas plants cost money, missing tests and documentation cost nerves in discussions with the authorities. We are therefore happy to support you in all aspects of plant safety for your biogas plant in order to achieve technically and legally safe operation together with you. Please contact us&#8230; <\/span><\/p>    <a href=\"https:\/\/www.weyer-gruppe.com\/wp-content\/uploads\/2019\/07\/weyer-spezial-anlagensicherheit-biogasanlagen-0318-4.pdf\" target=\"_blank\" class=\"grve-read-more \">Download weyer special here<\/a>  <\/div><div class=\"grve-image\"><img decoding=\"async\" width=\"250\" height=\"354\" src=\"https:\/\/www.weyer-gruppe.com\/wp-content\/uploads\/2019\/07\/weyer-spezial-weyer-gruppe-biogas.jpg\" class=\"attachment-full size-full\" alt=\"weyer spezial zum Thema Anlagensicherheit von Biogasanlagen\" srcset=\"\" \/><\/div><\/div><div class=\"grve-element grve-hr grve-space-divider\" style=\"\"><\/div>[\/vc_column][\/vc_row][vc_row][vc_column]<div class=\"grve-element grve-hr grve-space-divider\" style=\"\"><\/div><h3 class=\"grve-element grve-align-left grve-title-no-line grve-h3\" style=\"\"><span>Our Team<\/span><\/h3>[\/vc_column][\/vc_row][vc_row][vc_column width=&#8221;1\/4&#8243; tablet_width=&#8221;1-2&#8243;]\r\n\t\t<div class=\"grve-team grve-element\" style=\"\">\r\n\t\t\t<figure class=\"grve-image-hover grve-style-1 grve-zoom-in\">\r\n\t\t\t\t<div class=\"grve-team-person grve-media grve-dark-overlay grve-opacity-60\">\r\n\t\t\t\t\t<img decoding=\"async\" width=\"300\" height=\"300\" src=\"https:\/\/www.weyer-gruppe.com\/wp-content\/uploads\/2019\/07\/peter-noeldeke-horst-weyer-und-partner.png\" class=\"attachment-large size-large\" alt=\"Photo of Peter Noeldeke of horst weyer und partner gmbh\" srcset=\"https:\/\/www.weyer-gruppe.com\/wp-content\/uploads\/2019\/07\/peter-noeldeke-horst-weyer-und-partner.png 300w, https:\/\/www.weyer-gruppe.com\/wp-content\/uploads\/2019\/07\/peter-noeldeke-horst-weyer-und-partner-150x150.png 150w, https:\/\/www.weyer-gruppe.com\/wp-content\/uploads\/2019\/07\/peter-noeldeke-horst-weyer-und-partner-80x80.png 80w\" sizes=\"(max-width: 300px) 100vw, 300px\" \/>\t\t\t\t<\/div>\r\n\t\t\t\t<figcaption>\r\n\t\t\t\t\t<div class=\"grve-team-description\">\r\n\t\t\t\t\t\t\t\t\t\t\t\t<h4 class=\"grve-team-name grve-dark grve-h4\">Peter N\u00f6ldeke<\/h4>\r\n\t\t\t\t\t\t\t\t\t\t\t\t<small class=\"grve-team-identity grve-dark\">horst weyer und partner<\/small>\r\n\t\t\t\t\t<\/div>\r\n\t\t\t\t\t\t\t\t\t<\/figcaption>\r\n\t\t\t<\/figure>\r\n\t\t<\/div>\r\n\r\n\t\t[\/vc_column][vc_column width=&#8221;1\/4&#8243; tablet_width=&#8221;1-2&#8243;]\r\n\t\t<div class=\"grve-team grve-element\" style=\"\">\r\n\t\t\t<figure class=\"grve-image-hover grve-style-1 grve-zoom-in\">\r\n\t\t\t\t<div class=\"grve-team-person grve-media grve-dark-overlay grve-opacity-60\">\r\n\t\t\t\t\t<img decoding=\"async\" width=\"300\" height=\"300\" src=\"https:\/\/www.weyer-gruppe.com\/wp-content\/uploads\/2019\/07\/johannes-gemmeke-horst-weyer-und-partner.png\" class=\"attachment-grve-image-small-square size-grve-image-small-square\" alt=\"Photo by Johannes Gemmeke of horst weyer und partner gmbh\" srcset=\"https:\/\/www.weyer-gruppe.com\/wp-content\/uploads\/2019\/07\/johannes-gemmeke-horst-weyer-und-partner.png 300w, https:\/\/www.weyer-gruppe.com\/wp-content\/uploads\/2019\/07\/johannes-gemmeke-horst-weyer-und-partner-150x150.png 150w, https:\/\/www.weyer-gruppe.com\/wp-content\/uploads\/2019\/07\/johannes-gemmeke-horst-weyer-und-partner-80x80.png 80w\" sizes=\"(max-width: 300px) 100vw, 300px\" \/>\t\t\t\t<\/div>\r\n\t\t\t\t<figcaption>\r\n\t\t\t\t\t<div class=\"grve-team-description\">\r\n\t\t\t\t\t\t\t\t\t\t\t\t<h4 class=\"grve-team-name grve-dark grve-h4\">Johannes Gemmeke<\/h4>\r\n\t\t\t\t\t\t\t\t\t\t\t\t<small class=\"grve-team-identity grve-dark\">horst weyer und partner<\/small>\r\n\t\t\t\t\t<\/div>\r\n\t\t\t\t\t\t\t\t\t<\/figcaption>\r\n\t\t\t<\/figure>\r\n\t\t<\/div>\r\n\r\n\t\t[\/vc_column][vc_column width=&#8221;1\/4&#8243; tablet_width=&#8221;1-2&#8243;]\r\n\t\t<div class=\"grve-team grve-element\" style=\"\">\r\n\t\t\t<figure class=\"grve-image-hover grve-style-1 grve-zoom-in\">\r\n\t\t\t\t<div class=\"grve-team-person grve-media grve-dark-overlay grve-opacity-60\">\r\n\t\t\t\t\t<img decoding=\"async\" width=\"300\" height=\"300\" src=\"https:\/\/www.weyer-gruppe.com\/wp-content\/uploads\/2019\/07\/felix-kalienke-horst-weyer-und-partner.png\" class=\"attachment-grve-image-small-square size-grve-image-small-square\" alt=\"Photo of Felix Kalienke of horst weyer und partner gmbh\" srcset=\"https:\/\/www.weyer-gruppe.com\/wp-content\/uploads\/2019\/07\/felix-kalienke-horst-weyer-und-partner.png 300w, https:\/\/www.weyer-gruppe.com\/wp-content\/uploads\/2019\/07\/felix-kalienke-horst-weyer-und-partner-150x150.png 150w, https:\/\/www.weyer-gruppe.com\/wp-content\/uploads\/2019\/07\/felix-kalienke-horst-weyer-und-partner-80x80.png 80w\" sizes=\"(max-width: 300px) 100vw, 300px\" \/>\t\t\t\t<\/div>\r\n\t\t\t\t<figcaption>\r\n\t\t\t\t\t<div class=\"grve-team-description\">\r\n\t\t\t\t\t\t\t\t\t\t\t\t<h4 class=\"grve-team-name grve-dark grve-h4\">Felix Kalienke<\/h4>\r\n\t\t\t\t\t\t\t\t\t\t\t\t<small class=\"grve-team-identity grve-dark\">horst weyer und partner<\/small>\r\n\t\t\t\t\t<\/div>\r\n\t\t\t\t\t\t\t\t\t<\/figcaption>\r\n\t\t\t<\/figure>\r\n\t\t<\/div>\r\n\r\n\t\t[\/vc_column][vc_column width=&#8221;1\/4&#8243; tablet_width=&#8221;1-2&#8243;]\r\n\t\t<div class=\"grve-team grve-element\" style=\"\">\r\n\t\t\t<figure class=\"grve-image-hover grve-style-1 grve-zoom-in\">\r\n\t\t\t\t<div class=\"grve-team-person grve-media grve-dark-overlay grve-opacity-60\">\r\n\t\t\t\t\t<img decoding=\"async\" width=\"300\" height=\"300\" src=\"https:\/\/www.weyer-gruppe.com\/wp-content\/uploads\/2019\/07\/ralf-schiffel-horst-weyer-und-partner.png\" class=\"attachment-grve-image-small-square size-grve-image-small-square\" alt=\"Photo of Ralf Schiffel of horst weyer und partner gmbh\" srcset=\"https:\/\/www.weyer-gruppe.com\/wp-content\/uploads\/2019\/07\/ralf-schiffel-horst-weyer-und-partner.png 300w, https:\/\/www.weyer-gruppe.com\/wp-content\/uploads\/2019\/07\/ralf-schiffel-horst-weyer-und-partner-150x150.png 150w, https:\/\/www.weyer-gruppe.com\/wp-content\/uploads\/2019\/07\/ralf-schiffel-horst-weyer-und-partner-80x80.png 80w\" sizes=\"(max-width: 300px) 100vw, 300px\" \/>\t\t\t\t<\/div>\r\n\t\t\t\t<figcaption>\r\n\t\t\t\t\t<div class=\"grve-team-description\">\r\n\t\t\t\t\t\t\t\t\t\t\t\t<h4 class=\"grve-team-name grve-dark grve-h4\">Ralf Schiffel<\/h4>\r\n\t\t\t\t\t\t\t\t\t\t\t\t<small class=\"grve-team-identity grve-dark\">horst weyer und partner<\/small>\r\n\t\t\t\t\t<\/div>\r\n\t\t\t\t\t\t\t\t\t<\/figcaption>\r\n\t\t\t<\/figure>\r\n\t\t<\/div>\r\n\r\n\t\t[\/vc_column][\/vc_row]\n<\/div>","protected":false},"excerpt":{"rendered":"<p>[vc_row][vc_column][vc_column_text]Biogas plants represent an important part of the energy transition. In order to ensure the high availability of plants and their technically and legally safe operation in the future, we provide you with expert and practical support in all areas relating to the plant safety of your biogas plant. This includes, for example. inspections by [&hellip;]<\/p>\n","protected":false},"author":5,"featured_media":0,"parent":23872,"menu_order":0,"comment_status":"closed","ping_status":"closed","template":"","meta":{"footnotes":""},"class_list":["post-23220","page","type-page","status-publish","hentry"],"yoast_head":"<!-- This site is optimized with the Yoast SEO Premium plugin v27.4 (Yoast SEO v27.4) - https:\/\/yoast.com\/product\/yoast-seo-premium-wordpress\/ -->\n<title>Biogas plant safety &#8211; weyer gruppe<\/title>\n<meta name=\"description\" content=\"Biogas plant operators have to ensure the safety of their plants. We provide you with the support you need backed up by test, investigations, examinations and inspections by experts and continuing commitment afterwards.\" \/>\n<meta name=\"robots\" content=\"index, follow, max-snippet:-1, max-image-preview:large, max-video-preview:-1\" \/>\n<link rel=\"canonical\" href=\"https:\/\/www.weyer-gruppe.com\/en\/plant-planners-and-manufacturers\/biogas-plant-safety-2\/\" \/>\n<meta property=\"og:locale\" content=\"en_US\" \/>\n<meta property=\"og:type\" content=\"article\" \/>\n<meta property=\"og:title\" content=\"Biogas plant safety\" \/>\n<meta property=\"og:description\" content=\"Biogas plant operators have to ensure the safety of their plants. We provide you with the support you need backed up by test, investigations, examinations and inspections by experts and continuing commitment afterwards.\" \/>\n<meta property=\"og:url\" content=\"https:\/\/www.weyer-gruppe.com\/en\/plant-planners-and-manufacturers\/biogas-plant-safety-2\/\" \/>\n<meta property=\"og:site_name\" content=\"weyer gruppe\" \/>\n<meta property=\"article:publisher\" content=\"https:\/\/www.facebook.com\/weyergruppe\" \/>\n<meta property=\"article:modified_time\" content=\"2026-03-19T14:36:26+00:00\" \/>\n<meta property=\"og:image\" content=\"https:\/\/www.weyer-gruppe.com\/wp-content\/uploads\/2019\/07\/seite-anlagensicherheit-biogasanlagen-1.jpg\" \/>\n\t<meta property=\"og:image:width\" content=\"1903\" \/>\n\t<meta property=\"og:image:height\" content=\"400\" \/>\n\t<meta property=\"og:image:type\" content=\"image\/jpeg\" \/>\n<meta name=\"twitter:card\" content=\"summary_large_image\" \/>\n<meta name=\"twitter:label1\" content=\"Est. reading time\" \/>\n\t<meta name=\"twitter:data1\" content=\"3 minutes\" \/>\n<script type=\"application\/ld+json\" class=\"yoast-schema-graph\">{\"@context\":\"https:\\\/\\\/schema.org\",\"@graph\":[{\"@type\":\"WebPage\",\"@id\":\"https:\\\/\\\/www.weyer-gruppe.com\\\/en\\\/plant-planners-and-manufacturers\\\/biogas-plant-safety-2\\\/\",\"url\":\"https:\\\/\\\/www.weyer-gruppe.com\\\/en\\\/plant-planners-and-manufacturers\\\/biogas-plant-safety-2\\\/\",\"name\":\"Biogas plant safety &#8211; weyer gruppe\",\"isPartOf\":{\"@id\":\"https:\\\/\\\/www.weyer-gruppe.com\\\/en\\\/#website\"},\"datePublished\":\"2019-12-16T15:59:14+00:00\",\"dateModified\":\"2026-03-19T14:36:26+00:00\",\"description\":\"Biogas plant operators have to ensure the safety of their plants. We provide you with the support you need backed up by test, investigations, examinations and inspections by experts and continuing commitment afterwards.\",\"breadcrumb\":{\"@id\":\"https:\\\/\\\/www.weyer-gruppe.com\\\/en\\\/plant-planners-and-manufacturers\\\/biogas-plant-safety-2\\\/#breadcrumb\"},\"inLanguage\":\"en-US\",\"potentialAction\":[{\"@type\":\"ReadAction\",\"target\":[\"https:\\\/\\\/www.weyer-gruppe.com\\\/en\\\/plant-planners-and-manufacturers\\\/biogas-plant-safety-2\\\/\"]}]},{\"@type\":\"BreadcrumbList\",\"@id\":\"https:\\\/\\\/www.weyer-gruppe.com\\\/en\\\/plant-planners-and-manufacturers\\\/biogas-plant-safety-2\\\/#breadcrumb\",\"itemListElement\":[{\"@type\":\"ListItem\",\"position\":1,\"name\":\"HOME\",\"item\":\"https:\\\/\\\/www.weyer-gruppe.com\\\/en\\\/\"},{\"@type\":\"ListItem\",\"position\":2,\"name\":\"Plant planners and manufacturers\",\"item\":\"https:\\\/\\\/www.weyer-gruppe.com\\\/en\\\/plant-planners-and-manufacturers\\\/\"},{\"@type\":\"ListItem\",\"position\":3,\"name\":\"Biogas plant safety\"}]},{\"@type\":\"WebSite\",\"@id\":\"https:\\\/\\\/www.weyer-gruppe.com\\\/en\\\/#website\",\"url\":\"https:\\\/\\\/www.weyer-gruppe.com\\\/en\\\/\",\"name\":\"weyer gruppe\",\"description\":\"komplett. durchdacht.\",\"publisher\":{\"@id\":\"https:\\\/\\\/www.weyer-gruppe.com\\\/en\\\/#organization\"},\"potentialAction\":[{\"@type\":\"SearchAction\",\"target\":{\"@type\":\"EntryPoint\",\"urlTemplate\":\"https:\\\/\\\/www.weyer-gruppe.com\\\/en\\\/?s={search_term_string}\"},\"query-input\":{\"@type\":\"PropertyValueSpecification\",\"valueRequired\":true,\"valueName\":\"search_term_string\"}}],\"inLanguage\":\"en-US\"},{\"@type\":\"Organization\",\"@id\":\"https:\\\/\\\/www.weyer-gruppe.com\\\/en\\\/#organization\",\"name\":\"weyer gruppe\",\"url\":\"https:\\\/\\\/www.weyer-gruppe.com\\\/en\\\/\",\"logo\":{\"@type\":\"ImageObject\",\"inLanguage\":\"en-US\",\"@id\":\"https:\\\/\\\/www.weyer-gruppe.com\\\/en\\\/#\\\/schema\\\/logo\\\/image\\\/\",\"url\":\"https:\\\/\\\/www.weyer-gruppe.com\\\/wp-content\\\/uploads\\\/2019\\\/07\\\/logo-weyer-gruppe-de.png\",\"contentUrl\":\"https:\\\/\\\/www.weyer-gruppe.com\\\/wp-content\\\/uploads\\\/2019\\\/07\\\/logo-weyer-gruppe-de.png\",\"width\":532,\"height\":513,\"caption\":\"weyer gruppe\"},\"image\":{\"@id\":\"https:\\\/\\\/www.weyer-gruppe.com\\\/en\\\/#\\\/schema\\\/logo\\\/image\\\/\"},\"sameAs\":[\"https:\\\/\\\/www.facebook.com\\\/weyergruppe\",\"https:\\\/\\\/de.linkedin.com\\\/company\\\/weyer-gruppe\",\"https:\\\/\\\/www.youtube.com\\\/channel\\\/UCmZItECuW56Ih_p501_Bq8A\"],\"description\":\"Die weyer gruppe ist seit 1976 Ihr Partner f\u00fcr verfahrenstechnische Anlagenplanung und Anlagensicherheit. Mit einem erfahrenen Team von \u00fcber 190 Mitarbeitern in Deutschland, \u00d6sterreich, Polen und der Schweiz realisieren wir j\u00e4hrlich \u00fcber 1.000 Kundenprojekte. Unsere Expertise erstreckt sich \u00fcber verschiedene Branchen wie Chemie, Pharma, Mineral\u00f6l sowie Ver- und Entsorgung. Vertrauen Sie auf die weyer Gruppe f\u00fcr ma\u00dfgeschneiderte Engineering- und Consulting-L\u00f6sungen, die Ihre Anforderungen in puncto Sicherheit und Effizienz erf\u00fcllen.\",\"email\":\"info@weyer-gruppe.com\",\"telephone\":\"+49 (0) 24 21 \u2013 69 09 1 \u2013 0\",\"numberOfEmployees\":{\"@type\":\"QuantitativeValue\",\"minValue\":\"51\",\"maxValue\":\"200\"}}]}<\/script>\n<!-- \/ Yoast SEO Premium plugin. -->","yoast_head_json":{"title":"Biogas plant safety &#8211; weyer gruppe","description":"Biogas plant operators have to ensure the safety of their plants. We provide you with the support you need backed up by test, investigations, examinations and inspections by experts and continuing commitment afterwards.","robots":{"index":"index","follow":"follow","max-snippet":"max-snippet:-1","max-image-preview":"max-image-preview:large","max-video-preview":"max-video-preview:-1"},"canonical":"https:\/\/www.weyer-gruppe.com\/en\/plant-planners-and-manufacturers\/biogas-plant-safety-2\/","og_locale":"en_US","og_type":"article","og_title":"Biogas plant safety","og_description":"Biogas plant operators have to ensure the safety of their plants. We provide you with the support you need backed up by test, investigations, examinations and inspections by experts and continuing commitment afterwards.","og_url":"https:\/\/www.weyer-gruppe.com\/en\/plant-planners-and-manufacturers\/biogas-plant-safety-2\/","og_site_name":"weyer gruppe","article_publisher":"https:\/\/www.facebook.com\/weyergruppe","article_modified_time":"2026-03-19T14:36:26+00:00","og_image":[{"width":1903,"height":400,"url":"https:\/\/www.weyer-gruppe.com\/wp-content\/uploads\/2019\/07\/seite-anlagensicherheit-biogasanlagen-1.jpg","type":"image\/jpeg"}],"twitter_card":"summary_large_image","twitter_misc":{"Est. reading time":"3 minutes"},"schema":{"@context":"https:\/\/schema.org","@graph":[{"@type":"WebPage","@id":"https:\/\/www.weyer-gruppe.com\/en\/plant-planners-and-manufacturers\/biogas-plant-safety-2\/","url":"https:\/\/www.weyer-gruppe.com\/en\/plant-planners-and-manufacturers\/biogas-plant-safety-2\/","name":"Biogas plant safety &#8211; weyer gruppe","isPartOf":{"@id":"https:\/\/www.weyer-gruppe.com\/en\/#website"},"datePublished":"2019-12-16T15:59:14+00:00","dateModified":"2026-03-19T14:36:26+00:00","description":"Biogas plant operators have to ensure the safety of their plants. We provide you with the support you need backed up by test, investigations, examinations and inspections by experts and continuing commitment afterwards.","breadcrumb":{"@id":"https:\/\/www.weyer-gruppe.com\/en\/plant-planners-and-manufacturers\/biogas-plant-safety-2\/#breadcrumb"},"inLanguage":"en-US","potentialAction":[{"@type":"ReadAction","target":["https:\/\/www.weyer-gruppe.com\/en\/plant-planners-and-manufacturers\/biogas-plant-safety-2\/"]}]},{"@type":"BreadcrumbList","@id":"https:\/\/www.weyer-gruppe.com\/en\/plant-planners-and-manufacturers\/biogas-plant-safety-2\/#breadcrumb","itemListElement":[{"@type":"ListItem","position":1,"name":"HOME","item":"https:\/\/www.weyer-gruppe.com\/en\/"},{"@type":"ListItem","position":2,"name":"Plant planners and manufacturers","item":"https:\/\/www.weyer-gruppe.com\/en\/plant-planners-and-manufacturers\/"},{"@type":"ListItem","position":3,"name":"Biogas plant safety"}]},{"@type":"WebSite","@id":"https:\/\/www.weyer-gruppe.com\/en\/#website","url":"https:\/\/www.weyer-gruppe.com\/en\/","name":"weyer gruppe","description":"komplett. durchdacht.","publisher":{"@id":"https:\/\/www.weyer-gruppe.com\/en\/#organization"},"potentialAction":[{"@type":"SearchAction","target":{"@type":"EntryPoint","urlTemplate":"https:\/\/www.weyer-gruppe.com\/en\/?s={search_term_string}"},"query-input":{"@type":"PropertyValueSpecification","valueRequired":true,"valueName":"search_term_string"}}],"inLanguage":"en-US"},{"@type":"Organization","@id":"https:\/\/www.weyer-gruppe.com\/en\/#organization","name":"weyer gruppe","url":"https:\/\/www.weyer-gruppe.com\/en\/","logo":{"@type":"ImageObject","inLanguage":"en-US","@id":"https:\/\/www.weyer-gruppe.com\/en\/#\/schema\/logo\/image\/","url":"https:\/\/www.weyer-gruppe.com\/wp-content\/uploads\/2019\/07\/logo-weyer-gruppe-de.png","contentUrl":"https:\/\/www.weyer-gruppe.com\/wp-content\/uploads\/2019\/07\/logo-weyer-gruppe-de.png","width":532,"height":513,"caption":"weyer gruppe"},"image":{"@id":"https:\/\/www.weyer-gruppe.com\/en\/#\/schema\/logo\/image\/"},"sameAs":["https:\/\/www.facebook.com\/weyergruppe","https:\/\/de.linkedin.com\/company\/weyer-gruppe","https:\/\/www.youtube.com\/channel\/UCmZItECuW56Ih_p501_Bq8A"],"description":"Die weyer gruppe ist seit 1976 Ihr Partner f\u00fcr verfahrenstechnische Anlagenplanung und Anlagensicherheit. Mit einem erfahrenen Team von \u00fcber 190 Mitarbeitern in Deutschland, \u00d6sterreich, Polen und der Schweiz realisieren wir j\u00e4hrlich \u00fcber 1.000 Kundenprojekte. Unsere Expertise erstreckt sich \u00fcber verschiedene Branchen wie Chemie, Pharma, Mineral\u00f6l sowie Ver- und Entsorgung. Vertrauen Sie auf die weyer Gruppe f\u00fcr ma\u00dfgeschneiderte Engineering- und Consulting-L\u00f6sungen, die Ihre Anforderungen in puncto Sicherheit und Effizienz erf\u00fcllen.","email":"info@weyer-gruppe.com","telephone":"+49 (0) 24 21 \u2013 69 09 1 \u2013 0","numberOfEmployees":{"@type":"QuantitativeValue","minValue":"51","maxValue":"200"}}]}},"_links":{"self":[{"href":"https:\/\/www.weyer-gruppe.com\/en\/wp-json\/wp\/v2\/pages\/23220","targetHints":{"allow":["GET"]}}],"collection":[{"href":"https:\/\/www.weyer-gruppe.com\/en\/wp-json\/wp\/v2\/pages"}],"about":[{"href":"https:\/\/www.weyer-gruppe.com\/en\/wp-json\/wp\/v2\/types\/page"}],"author":[{"embeddable":true,"href":"https:\/\/www.weyer-gruppe.com\/en\/wp-json\/wp\/v2\/users\/5"}],"replies":[{"embeddable":true,"href":"https:\/\/www.weyer-gruppe.com\/en\/wp-json\/wp\/v2\/comments?post=23220"}],"version-history":[{"count":3,"href":"https:\/\/www.weyer-gruppe.com\/en\/wp-json\/wp\/v2\/pages\/23220\/revisions"}],"predecessor-version":[{"id":237926,"href":"https:\/\/www.weyer-gruppe.com\/en\/wp-json\/wp\/v2\/pages\/23220\/revisions\/237926"}],"up":[{"embeddable":true,"href":"https:\/\/www.weyer-gruppe.com\/en\/wp-json\/wp\/v2\/pages\/23872"}],"wp:attachment":[{"href":"https:\/\/www.weyer-gruppe.com\/en\/wp-json\/wp\/v2\/media?parent=23220"}],"curies":[{"name":"wp","href":"https:\/\/api.w.org\/{rel}","templated":true}]}}