{"id":23159,"date":"2019-08-05T08:32:18","date_gmt":"2019-08-05T06:32:18","guid":{"rendered":"https:\/\/www.weyer-gruppe.com\/safety-valves\/"},"modified":"2026-03-19T14:55:55","modified_gmt":"2026-03-19T13:55:55","slug":"safety-valves","status":"publish","type":"page","link":"https:\/\/www.weyer-gruppe.com\/en\/plant-operators-and-investors\/safety-valves\/","title":{"rendered":"Safety Valves"},"content":{"rendered":"<div class=\"wpb-content-wrapper\">[vc_row][vc_column][vc_column_text]Die Verhinderung unzul\u00e4ssig hoher Dr\u00fccke in Prozessanlagen bei Betriebsst\u00f6rungen ist ein wichtiger sicherheitstechnischer Aspekt und wesentlicher Bestandteil der Auslegung. Hierbei werden h\u00e4ufig als letzte Sicherheitsma\u00dfnahem rein mechanisch arbeitende \u00dcberdrucksicherungen, speziell Sicherheitsventile und \/ oder Berstscheiben, eingesetzt.<\/p>\n<p>F\u00fcr die Auslegung dieser \u00dcberdrucksicherungen ist sowohl die genaue Kenntnis der abgesicherten Prozesse, der unterstellten St\u00f6rungen und Abblasef\u00e4lle sowie der zu beachtenden Regelwerke und Berechnungsvorschriften erforderlich.<\/p>\n<p>Das Leistungsspektrum der weyer gruppe im Rahmen der Auslegung von \u00dcberdrucksicherungen beinhaltet hierbei den gesamten Weg ausgehend von der Ermittlung der Abblasef\u00e4lle und -massenstr\u00f6me bis hin zur Auswahl geeigneter \u00dcberdrucksicherungen. Die F\u00e4lle, die zu einem \u00dcberschreiten eines maximal zul\u00e4ssigen \u00dcberdrucks in Teilen von verfahrenstechnischen Produktionsanlagen f\u00fchren, k\u00f6nnen sehr vielf\u00e4ltig sein. Dies k\u00f6nnen \u00fcberschie\u00dfende exotherme Reaktionen sein, aber auch unbeabsichtigtes Absperren von Anlagenteilen oder ein klassischer Brandfall, um nur einige zu nennen. Alle infrage kommenden Betriebsst\u00f6rungen und, nicht zu vergessen, auch St\u00f6rungen w\u00e4hrend einer Inbetriebnahme oder des An- und Abfahrens der Anlage m\u00fcssen erfasst werden. Dazu steht eine strukturierte Vorgehensweise zur Verf\u00fcgung.<\/p>\n<p>Nach der Analyse m\u00f6glicher St\u00f6rungen oder au\u00dferordentlicher Betriebszust\u00e4nde werden dann die F\u00e4lle n\u00e4her untersucht, die den h\u00f6chsten Energieeintrag ins System bewirken. Hier wird ermittelt, welche Mengenstr\u00f6me bei Erreichen des maximal zul\u00e4ssigen \u00dcberdrucks \u00fcber die Sicherheitsarmatur abzuf\u00fchren sind.<\/p>\n<p>Es ist m\u00f6glich, dass mehrere unterschiedlich dimensionierte Sicherheitsarmaturen f\u00fcr unterschiedliche Ansprechdr\u00fccke installiert werden m\u00fcssen, um unterschiedliche St\u00f6rungen abfangen zu k\u00f6nnen. Ist eine Sicherheitsarmatur f\u00fcr St\u00f6rungen, bei denen ein geringerer Mengenstrom abgef\u00fchrt werden muss, \u00fcberdimensioniert, kann es zu unerw\u00fcnschten Effekten wie Ventilflattern kommen.<\/p>\n<p>Nach Identifizierung und Berechnung der jeweilig erforderlichen Mengenstr\u00f6me erfolgt dann die eigentliche Auslegung und Wahl der Sicherheitsarmatur(en). Hierbei stehen dann auch unterschiedliche Bauarten zur Verf\u00fcgung. Aber nicht nur die einzelne Sicherheitsarmatur ist zu betrachten, sondern auch die zu- und abf\u00fchrende Rohrleitung. Hier spielt dann der Druckverlust, der sich beim Abblasen \u00fcber ein Sicherheitsventil ergibt, eine wesentliche Rolle.<\/p>\n<p>Weiterhin muss auch gepr\u00fcft werden, ob die Ableitung des freigesetzten Stoffes in die Atmosph\u00e4re \u00fcberhaupt zul\u00e4ssig ist. Ist dies nicht der Fall, m\u00fcssen zus\u00e4tzliche Sicherheitsma\u00dfnahmen wie Abscheider oder Auffangeinrichtungen installiert werden. Die Notwendigkeit kann zum Beispiel durch eine Ausbreitungsrechnung gepr\u00fcft werden, mit der abgesch\u00e4tzt werden kann, ob im Abblasefall in schutzbed\u00fcrftigen Gebieten St\u00f6rfallgrenzwerte \u00fcberschritten werden.<\/p>\n<p>Zusammenfassend ist zu sagen, dass die alleinige Berechnung eines Sicherheitsventils nur einen kleinen Anteil bei der Verhinderung unzul\u00e4ssiger \u00dcberdr\u00fccke in Anlagen einnimmt. Vielmehr liegt die eigentliche T\u00e4tigkeit darin, alle Betriebsst\u00f6rungen einer Anlage zu erfassen, die zu einem \u00dcberdruck eines Anlagenteils f\u00fchren und qualitativ wie auch quantitativ zu bewerten.<\/p>\n<p>Je nach Anwendungsfall kommen entsprechende Berechnungsvorschriften, welche in Normen festgelegt sind zur Anwendung. Weiterhin k\u00f6nnen thermodynamische Anlagenzust\u00e4nde erst mit Zuhilfenahme der Prozesssimulation quantitativ mit ausreichender Genauigkeit dargestellt werden.<\/p>\n<p>Wird bei Ausl\u00f6sen der \u00dcberdrucksicherung ein entz\u00fcndbares Gas bzw. Dampf freigesetzt, k\u00f6nnen sich um die \u00dcberdrucksicherung auch explosionsf\u00e4hige Gemische bilden, so dass in diesen F\u00e4llen ein explosionsgef\u00e4hrdeter Bereich festgelegt werden muss. Das einschl\u00e4gige Regelwerk zur Festlegung explosionsgef\u00e4hrdeter Bereiche sieht f\u00fcr die Festlegung der Abmessungen solcher Bereiche eine Einzelfallbetrachtung vor. Nach Bewertung des vorliegenden Einzelfalls kann die weyer gruppe durch eine Ausbreitungsrechnung unterst\u00fctzen und die Ausdehnung des explosionsgef\u00e4hrdeten Bereiches ermitteln.<\/p>\n<p>Die Betrachtung und Absch\u00e4tzung von explosionsgef\u00e4hrdeten Bereichen ist immer eine Einzelfallbetrachtung und wird ausschlie\u00dflich bei einphasigen Abblasef\u00e4llen angeboten.[\/vc_column_text][vc_column_text]\n<h2>Leistungen:<\/h2>\n<ul class=\"arrow-gray\">\n<li class=\"last-child\">Ermittlung der relevanten Abblasef\u00e4lle<\/li>\n<li class=\"last-child\">Ermittlung aller relevanten Stoffdaten<\/li>\n<li class=\"last-child\">Auswahl, Auslegung und Nachrechnung der \u00dcberdrucksicherungen<\/li>\n<li class=\"last-child\">Auslegung \/ Nachrechnung der nachgeschalteten Systeme<\/li>\n<li class=\"last-child\">Bewertung, ob und unter welchen Umst\u00e4nden eine freie Ableitung in die Atmosph\u00e4re zul\u00e4ssig ist<\/li>\n<li class=\"last-child\">Ggf. Ermittlung der Ausbreitung von entz\u00fcndbaren D\u00e4mpfen und Festlegung eines explosionsgef\u00e4hrdeten Bereiches um die Freisetzungsstelle der \u00dcberdrucksicherung in die Atmosph\u00e4re<\/li>\n<li class=\"last-child\">Herstellerunabh\u00e4ngige Dokumentation<\/li>\n<\/ul>\n[\/vc_column_text][\/vc_column][\/vc_row][vc_row bg_type=&#8221;color&#8221; font_color=&#8221;#ffffff&#8221; bg_color=&#8221;#0b3c80&#8243;][vc_column]<div class=\"grve-element grve-hr grve-space-divider\" style=\"\"><\/div><div class=\"grve-element grve-image-text\" style=\"\">  <div class=\"grve-content grve-align-right\">    <h6>weyer special: Safety Valves<\/h6>  <p>A central safety aspect in the planning of process engineering plants is the effective prevention of impermissibly high overpressures in the process plants in case of operational disturbances. In many cases this can only be guaranteed by the installation of safety valves &#8211; or more generally &#8211; mechanical overpressure protection&#8230;<\/p>    <a href=\"https:\/\/www.weyer-gruppe.com\/wp-content\/uploads\/2019\/07\/weyer-spezial-sicherheitsventile-0515.pdf\" target=\"_blank\" class=\"grve-read-more \">Download weyer special here<\/a>  <\/div><div class=\"grve-image\"><img decoding=\"async\" width=\"250\" height=\"354\" src=\"https:\/\/www.weyer-gruppe.com\/wp-content\/uploads\/2019\/07\/weyer-spezial-weyer-gruppe-sicherheitsventile.jpg\" class=\"attachment-full size-full\" alt=\"weyer spezial zum Thema Sicherheitsventile\" srcset=\"\" \/><\/div><\/div><div class=\"grve-element grve-hr grve-space-divider\" style=\"\"><\/div>[\/vc_column][\/vc_row][vc_row][vc_column]<div class=\"grve-element grve-hr grve-space-divider\" style=\"\"><\/div><h3 class=\"grve-element grve-align-left grve-title-no-line grve-h3\" style=\"\"><span>Our Team<\/span><\/h3>[\/vc_column][\/vc_row][vc_row][vc_column width=&#8221;1\/4&#8243; tablet_sm_width=&#8221;1-2&#8243;]\r\n\t\t<div class=\"grve-team grve-element\" style=\"\">\r\n\t\t\t<figure class=\"grve-image-hover grve-style-1 grve-zoom-in\">\r\n\t\t\t\t<div class=\"grve-team-person grve-media grve-dark-overlay grve-opacity-60\">\r\n\t\t\t\t\t<img decoding=\"async\" width=\"300\" height=\"300\" src=\"https:\/\/www.weyer-gruppe.com\/wp-content\/uploads\/2021\/06\/florian-merkel-horst-weyer-und-partner.jpg\" class=\"attachment-grve-image-small-square size-grve-image-small-square\" alt=\"\" srcset=\"https:\/\/www.weyer-gruppe.com\/wp-content\/uploads\/2021\/06\/florian-merkel-horst-weyer-und-partner.jpg 300w, https:\/\/www.weyer-gruppe.com\/wp-content\/uploads\/2021\/06\/florian-merkel-horst-weyer-und-partner-150x150.jpg 150w, https:\/\/www.weyer-gruppe.com\/wp-content\/uploads\/2021\/06\/florian-merkel-horst-weyer-und-partner-80x80.jpg 80w\" sizes=\"(max-width: 300px) 100vw, 300px\" \/>\t\t\t\t<\/div>\r\n\t\t\t\t<figcaption>\r\n\t\t\t\t\t<div class=\"grve-team-description\">\r\n\t\t\t\t\t\t\t\t\t\t\t\t<h4 class=\"grve-team-name grve-dark grve-h4\">Dr. Florian Merkel<\/h4>\r\n\t\t\t\t\t\t\t\t\t\t\t\t<small class=\"grve-team-identity grve-dark\">horst weyer und partner<\/small>\r\n\t\t\t\t\t<\/div>\r\n\t\t\t\t\t\t\t\t\t<\/figcaption>\r\n\t\t\t<\/figure>\r\n\t\t<\/div>\r\n\r\n\t\t[\/vc_column][vc_column width=&#8221;1\/4&#8243; tablet_sm_width=&#8221;1-2&#8243;]\r\n\t\t<div class=\"grve-team grve-element\" style=\"\">\r\n\t\t\t<figure class=\"grve-image-hover grve-style-1 grve-zoom-in\">\r\n\t\t\t\t<div class=\"grve-team-person grve-media grve-dark-overlay grve-opacity-60\">\r\n\t\t\t\t\t<img decoding=\"async\" width=\"300\" height=\"300\" src=\"https:\/\/www.weyer-gruppe.com\/wp-content\/uploads\/2019\/07\/weyer-polska-andrzej-kedziora-1.jpg\" class=\"attachment-grve-image-small-square size-grve-image-small-square\" alt=\"Employee photo of Andrzej Kedziora of Weyer Polska Sp. z.o.o.\" srcset=\"https:\/\/www.weyer-gruppe.com\/wp-content\/uploads\/2019\/07\/weyer-polska-andrzej-kedziora-1.jpg 300w, https:\/\/www.weyer-gruppe.com\/wp-content\/uploads\/2019\/07\/weyer-polska-andrzej-kedziora-1-150x150.jpg 150w, https:\/\/www.weyer-gruppe.com\/wp-content\/uploads\/2019\/07\/weyer-polska-andrzej-kedziora-1-80x80.jpg 80w\" sizes=\"(max-width: 300px) 100vw, 300px\" \/>\t\t\t\t<\/div>\r\n\t\t\t\t<figcaption>\r\n\t\t\t\t\t<div class=\"grve-team-description\">\r\n\t\t\t\t\t\t\t\t\t\t\t\t<h4 class=\"grve-team-name grve-dark grve-h4\">Andrzej K\u0119dziora<\/h4>\r\n\t\t\t\t\t\t\t\t\t\t\t\t<small class=\"grve-team-identity grve-dark\">Weyer Polska Sp. z o. o.<\/small>\r\n\t\t\t\t\t<\/div>\r\n\t\t\t\t\t\t\t\t\t<\/figcaption>\r\n\t\t\t<\/figure>\r\n\t\t<\/div>\r\n\r\n\t\t[\/vc_column][\/vc_row]\n<\/div>","protected":false},"excerpt":{"rendered":"<p>[vc_row][vc_column][vc_column_text]Die Verhinderung unzul\u00e4ssig hoher Dr\u00fccke in Prozessanlagen bei Betriebsst\u00f6rungen ist ein wichtiger sicherheitstechnischer Aspekt und wesentlicher Bestandteil der Auslegung. Hierbei werden h\u00e4ufig als letzte Sicherheitsma\u00dfnahem rein mechanisch arbeitende \u00dcberdrucksicherungen, speziell Sicherheitsventile und \/ oder Berstscheiben, eingesetzt. F\u00fcr die Auslegung dieser \u00dcberdrucksicherungen ist sowohl die genaue Kenntnis der abgesicherten Prozesse, der unterstellten St\u00f6rungen und Abblasef\u00e4lle sowie [&hellip;]<\/p>\n","protected":false},"author":5,"featured_media":0,"parent":23837,"menu_order":0,"comment_status":"closed","ping_status":"closed","template":"","meta":{"footnotes":""},"class_list":["post-23159","page","type-page","status-publish","hentry"],"yoast_head":"<!-- This site is optimized with the Yoast SEO Premium plugin v27.4 (Yoast SEO v27.4) - https:\/\/yoast.com\/product\/yoast-seo-premium-wordpress\/ -->\n<title>Safety Valves, investigation of blow-off cases and mass flows &#8211; weyer gruppe<\/title>\n<meta name=\"description\" content=\"The weyer group provides you with the support you need in the area of safety valves, from investigating blow-off cases and mass flows to selecting overpressure protection devices.\" \/>\n<meta name=\"robots\" content=\"index, follow, max-snippet:-1, max-image-preview:large, max-video-preview:-1\" \/>\n<link rel=\"canonical\" href=\"https:\/\/www.weyer-gruppe.com\/en\/plant-operators-and-investors\/safety-valves\/\" \/>\n<meta property=\"og:locale\" content=\"en_US\" \/>\n<meta property=\"og:type\" content=\"article\" \/>\n<meta property=\"og:title\" content=\"Safety Valves\" \/>\n<meta property=\"og:description\" content=\"The weyer group provides you with the support you need in the area of safety valves, from investigating blow-off cases and mass flows to selecting overpressure protection devices.\" \/>\n<meta property=\"og:url\" content=\"https:\/\/www.weyer-gruppe.com\/en\/plant-operators-and-investors\/safety-valves\/\" \/>\n<meta property=\"og:site_name\" content=\"weyer gruppe\" \/>\n<meta property=\"article:publisher\" content=\"https:\/\/www.facebook.com\/weyergruppe\" \/>\n<meta property=\"article:modified_time\" content=\"2026-03-19T13:55:55+00:00\" \/>\n<meta name=\"twitter:card\" content=\"summary_large_image\" \/>\n<meta name=\"twitter:label1\" content=\"Est. reading time\" \/>\n\t<meta name=\"twitter:data1\" content=\"4 minutes\" \/>\n<script type=\"application\/ld+json\" class=\"yoast-schema-graph\">{\"@context\":\"https:\\\/\\\/schema.org\",\"@graph\":[{\"@type\":\"WebPage\",\"@id\":\"https:\\\/\\\/www.weyer-gruppe.com\\\/en\\\/plant-operators-and-investors\\\/safety-valves\\\/\",\"url\":\"https:\\\/\\\/www.weyer-gruppe.com\\\/en\\\/plant-operators-and-investors\\\/safety-valves\\\/\",\"name\":\"Safety Valves, investigation of blow-off cases and mass flows &#8211; weyer gruppe\",\"isPartOf\":{\"@id\":\"https:\\\/\\\/www.weyer-gruppe.com\\\/en\\\/#website\"},\"datePublished\":\"2019-08-05T06:32:18+00:00\",\"dateModified\":\"2026-03-19T13:55:55+00:00\",\"description\":\"The weyer group provides you with the support you need in the area of safety valves, from investigating blow-off cases and mass flows to selecting overpressure protection devices.\",\"breadcrumb\":{\"@id\":\"https:\\\/\\\/www.weyer-gruppe.com\\\/en\\\/plant-operators-and-investors\\\/safety-valves\\\/#breadcrumb\"},\"inLanguage\":\"en-US\",\"potentialAction\":[{\"@type\":\"ReadAction\",\"target\":[\"https:\\\/\\\/www.weyer-gruppe.com\\\/en\\\/plant-operators-and-investors\\\/safety-valves\\\/\"]}]},{\"@type\":\"BreadcrumbList\",\"@id\":\"https:\\\/\\\/www.weyer-gruppe.com\\\/en\\\/plant-operators-and-investors\\\/safety-valves\\\/#breadcrumb\",\"itemListElement\":[{\"@type\":\"ListItem\",\"position\":1,\"name\":\"HOME\",\"item\":\"https:\\\/\\\/www.weyer-gruppe.com\\\/en\\\/\"},{\"@type\":\"ListItem\",\"position\":2,\"name\":\"Plant operators and investors\",\"item\":\"https:\\\/\\\/www.weyer-gruppe.com\\\/en\\\/plant-operators-and-investors\\\/\"},{\"@type\":\"ListItem\",\"position\":3,\"name\":\"Safety Valves\"}]},{\"@type\":\"WebSite\",\"@id\":\"https:\\\/\\\/www.weyer-gruppe.com\\\/en\\\/#website\",\"url\":\"https:\\\/\\\/www.weyer-gruppe.com\\\/en\\\/\",\"name\":\"weyer gruppe\",\"description\":\"komplett. durchdacht.\",\"publisher\":{\"@id\":\"https:\\\/\\\/www.weyer-gruppe.com\\\/en\\\/#organization\"},\"potentialAction\":[{\"@type\":\"SearchAction\",\"target\":{\"@type\":\"EntryPoint\",\"urlTemplate\":\"https:\\\/\\\/www.weyer-gruppe.com\\\/en\\\/?s={search_term_string}\"},\"query-input\":{\"@type\":\"PropertyValueSpecification\",\"valueRequired\":true,\"valueName\":\"search_term_string\"}}],\"inLanguage\":\"en-US\"},{\"@type\":\"Organization\",\"@id\":\"https:\\\/\\\/www.weyer-gruppe.com\\\/en\\\/#organization\",\"name\":\"weyer gruppe\",\"url\":\"https:\\\/\\\/www.weyer-gruppe.com\\\/en\\\/\",\"logo\":{\"@type\":\"ImageObject\",\"inLanguage\":\"en-US\",\"@id\":\"https:\\\/\\\/www.weyer-gruppe.com\\\/en\\\/#\\\/schema\\\/logo\\\/image\\\/\",\"url\":\"https:\\\/\\\/www.weyer-gruppe.com\\\/wp-content\\\/uploads\\\/2019\\\/07\\\/logo-weyer-gruppe-de.png\",\"contentUrl\":\"https:\\\/\\\/www.weyer-gruppe.com\\\/wp-content\\\/uploads\\\/2019\\\/07\\\/logo-weyer-gruppe-de.png\",\"width\":532,\"height\":513,\"caption\":\"weyer gruppe\"},\"image\":{\"@id\":\"https:\\\/\\\/www.weyer-gruppe.com\\\/en\\\/#\\\/schema\\\/logo\\\/image\\\/\"},\"sameAs\":[\"https:\\\/\\\/www.facebook.com\\\/weyergruppe\",\"https:\\\/\\\/de.linkedin.com\\\/company\\\/weyer-gruppe\",\"https:\\\/\\\/www.youtube.com\\\/channel\\\/UCmZItECuW56Ih_p501_Bq8A\"],\"description\":\"Die weyer gruppe ist seit 1976 Ihr Partner f\u00fcr verfahrenstechnische Anlagenplanung und Anlagensicherheit. Mit einem erfahrenen Team von \u00fcber 190 Mitarbeitern in Deutschland, \u00d6sterreich, Polen und der Schweiz realisieren wir j\u00e4hrlich \u00fcber 1.000 Kundenprojekte. Unsere Expertise erstreckt sich \u00fcber verschiedene Branchen wie Chemie, Pharma, Mineral\u00f6l sowie Ver- und Entsorgung. Vertrauen Sie auf die weyer Gruppe f\u00fcr ma\u00dfgeschneiderte Engineering- und Consulting-L\u00f6sungen, die Ihre Anforderungen in puncto Sicherheit und Effizienz erf\u00fcllen.\",\"email\":\"info@weyer-gruppe.com\",\"telephone\":\"+49 (0) 24 21 \u2013 69 09 1 \u2013 0\",\"numberOfEmployees\":{\"@type\":\"QuantitativeValue\",\"minValue\":\"51\",\"maxValue\":\"200\"}}]}<\/script>\n<!-- \/ Yoast SEO Premium plugin. -->","yoast_head_json":{"title":"Safety Valves, investigation of blow-off cases and mass flows &#8211; weyer gruppe","description":"The weyer group provides you with the support you need in the area of safety valves, from investigating blow-off cases and mass flows to selecting overpressure protection devices.","robots":{"index":"index","follow":"follow","max-snippet":"max-snippet:-1","max-image-preview":"max-image-preview:large","max-video-preview":"max-video-preview:-1"},"canonical":"https:\/\/www.weyer-gruppe.com\/en\/plant-operators-and-investors\/safety-valves\/","og_locale":"en_US","og_type":"article","og_title":"Safety Valves","og_description":"The weyer group provides you with the support you need in the area of safety valves, from investigating blow-off cases and mass flows to selecting overpressure protection devices.","og_url":"https:\/\/www.weyer-gruppe.com\/en\/plant-operators-and-investors\/safety-valves\/","og_site_name":"weyer gruppe","article_publisher":"https:\/\/www.facebook.com\/weyergruppe","article_modified_time":"2026-03-19T13:55:55+00:00","twitter_card":"summary_large_image","twitter_misc":{"Est. reading time":"4 minutes"},"schema":{"@context":"https:\/\/schema.org","@graph":[{"@type":"WebPage","@id":"https:\/\/www.weyer-gruppe.com\/en\/plant-operators-and-investors\/safety-valves\/","url":"https:\/\/www.weyer-gruppe.com\/en\/plant-operators-and-investors\/safety-valves\/","name":"Safety Valves, investigation of blow-off cases and mass flows &#8211; weyer gruppe","isPartOf":{"@id":"https:\/\/www.weyer-gruppe.com\/en\/#website"},"datePublished":"2019-08-05T06:32:18+00:00","dateModified":"2026-03-19T13:55:55+00:00","description":"The weyer group provides you with the support you need in the area of safety valves, from investigating blow-off cases and mass flows to selecting overpressure protection devices.","breadcrumb":{"@id":"https:\/\/www.weyer-gruppe.com\/en\/plant-operators-and-investors\/safety-valves\/#breadcrumb"},"inLanguage":"en-US","potentialAction":[{"@type":"ReadAction","target":["https:\/\/www.weyer-gruppe.com\/en\/plant-operators-and-investors\/safety-valves\/"]}]},{"@type":"BreadcrumbList","@id":"https:\/\/www.weyer-gruppe.com\/en\/plant-operators-and-investors\/safety-valves\/#breadcrumb","itemListElement":[{"@type":"ListItem","position":1,"name":"HOME","item":"https:\/\/www.weyer-gruppe.com\/en\/"},{"@type":"ListItem","position":2,"name":"Plant operators and investors","item":"https:\/\/www.weyer-gruppe.com\/en\/plant-operators-and-investors\/"},{"@type":"ListItem","position":3,"name":"Safety Valves"}]},{"@type":"WebSite","@id":"https:\/\/www.weyer-gruppe.com\/en\/#website","url":"https:\/\/www.weyer-gruppe.com\/en\/","name":"weyer gruppe","description":"komplett. durchdacht.","publisher":{"@id":"https:\/\/www.weyer-gruppe.com\/en\/#organization"},"potentialAction":[{"@type":"SearchAction","target":{"@type":"EntryPoint","urlTemplate":"https:\/\/www.weyer-gruppe.com\/en\/?s={search_term_string}"},"query-input":{"@type":"PropertyValueSpecification","valueRequired":true,"valueName":"search_term_string"}}],"inLanguage":"en-US"},{"@type":"Organization","@id":"https:\/\/www.weyer-gruppe.com\/en\/#organization","name":"weyer gruppe","url":"https:\/\/www.weyer-gruppe.com\/en\/","logo":{"@type":"ImageObject","inLanguage":"en-US","@id":"https:\/\/www.weyer-gruppe.com\/en\/#\/schema\/logo\/image\/","url":"https:\/\/www.weyer-gruppe.com\/wp-content\/uploads\/2019\/07\/logo-weyer-gruppe-de.png","contentUrl":"https:\/\/www.weyer-gruppe.com\/wp-content\/uploads\/2019\/07\/logo-weyer-gruppe-de.png","width":532,"height":513,"caption":"weyer gruppe"},"image":{"@id":"https:\/\/www.weyer-gruppe.com\/en\/#\/schema\/logo\/image\/"},"sameAs":["https:\/\/www.facebook.com\/weyergruppe","https:\/\/de.linkedin.com\/company\/weyer-gruppe","https:\/\/www.youtube.com\/channel\/UCmZItECuW56Ih_p501_Bq8A"],"description":"Die weyer gruppe ist seit 1976 Ihr Partner f\u00fcr verfahrenstechnische Anlagenplanung und Anlagensicherheit. Mit einem erfahrenen Team von \u00fcber 190 Mitarbeitern in Deutschland, \u00d6sterreich, Polen und der Schweiz realisieren wir j\u00e4hrlich \u00fcber 1.000 Kundenprojekte. Unsere Expertise erstreckt sich \u00fcber verschiedene Branchen wie Chemie, Pharma, Mineral\u00f6l sowie Ver- und Entsorgung. Vertrauen Sie auf die weyer Gruppe f\u00fcr ma\u00dfgeschneiderte Engineering- und Consulting-L\u00f6sungen, die Ihre Anforderungen in puncto Sicherheit und Effizienz erf\u00fcllen.","email":"info@weyer-gruppe.com","telephone":"+49 (0) 24 21 \u2013 69 09 1 \u2013 0","numberOfEmployees":{"@type":"QuantitativeValue","minValue":"51","maxValue":"200"}}]}},"_links":{"self":[{"href":"https:\/\/www.weyer-gruppe.com\/en\/wp-json\/wp\/v2\/pages\/23159","targetHints":{"allow":["GET"]}}],"collection":[{"href":"https:\/\/www.weyer-gruppe.com\/en\/wp-json\/wp\/v2\/pages"}],"about":[{"href":"https:\/\/www.weyer-gruppe.com\/en\/wp-json\/wp\/v2\/types\/page"}],"author":[{"embeddable":true,"href":"https:\/\/www.weyer-gruppe.com\/en\/wp-json\/wp\/v2\/users\/5"}],"replies":[{"embeddable":true,"href":"https:\/\/www.weyer-gruppe.com\/en\/wp-json\/wp\/v2\/comments?post=23159"}],"version-history":[{"count":1,"href":"https:\/\/www.weyer-gruppe.com\/en\/wp-json\/wp\/v2\/pages\/23159\/revisions"}],"predecessor-version":[{"id":237887,"href":"https:\/\/www.weyer-gruppe.com\/en\/wp-json\/wp\/v2\/pages\/23159\/revisions\/237887"}],"up":[{"embeddable":true,"href":"https:\/\/www.weyer-gruppe.com\/en\/wp-json\/wp\/v2\/pages\/23837"}],"wp:attachment":[{"href":"https:\/\/www.weyer-gruppe.com\/en\/wp-json\/wp\/v2\/media?parent=23159"}],"curies":[{"name":"wp","href":"https:\/\/api.w.org\/{rel}","templated":true}]}}